{"id":20495,"date":"2024-05-23T06:14:12","date_gmt":"2024-05-23T06:14:12","guid":{"rendered":"https:\/\/narcopowders.com\/?post_type=product&#038;p=20495"},"modified":"2024-05-24T10:11:45","modified_gmt":"2024-05-24T10:11:45","slug":"buy-5faeb-online","status":"publish","type":"product","link":"https:\/\/narcopowders.com\/pl\/produkt\/kup-5faeb-online\/","title":{"rendered":"Kup 5FAEB online"},"content":{"rendered":"<h2>Kup 5FAEB online<\/h2>\n<p>Kup 5F-AEB, Kannabinoidy to aktywne substancje chemiczne w medycznej marihuanie. Jako takie, s\u0105 one podobne do substancji chemicznych wytwarzanych przez organizm, kt\u00f3re s\u0105 zaanga\u017cowane w apetyt, pami\u0119\u0107, ruch i b\u00f3l<a href=\"https:\/\/narcopowders.com\/pl\/produkt\/kup-5cladb-online\/\">.<\/a><\/p>\n<p>Badania sugeruj\u0105, \u017ce kannabinoidy (5FAEB2201) mog\u0105<a href=\"https:\/\/en.wikipedia.org\/wiki\/5F-EMB-PINACA\">:<\/a><\/p>\n<p>Zmniejszenie niepokoju<\/p>\n<p>Zmniejszaj\u0105 stan zapalny i \u0142agodz\u0105 b\u00f3l<\/p>\n<p>Kontrola nudno\u015bci i wymiot\u00f3w spowodowanych chemioterapi\u0105<\/p>\n<p>Zabija kom\u00f3rki nowotworowe i spowalnia wzrost guza<\/p>\n<p>Rozlu\u017anienie napi\u0119tych mi\u0119\u015bni u os\u00f3b ze stwardnieniem rozsianym<\/p>\n<h3>Pobudza apetyt i poprawia przyrost masy cia\u0142a u os\u00f3b chorych na raka i AIDS 5FAEB2201<\/h3>\n<p>Podobnie, ludzie cz\u0119sto twierdz\u0105, \u017ce istniej\u0105 dziesi\u0105tki, a nawet ponad 100 kannabinoid\u00f3w ro\u015blinnych wytwarzanych przez konopie indyjskie. Trudno jest jednak okre\u015bli\u0107 ich dok\u0142adn\u0105 liczb\u0119. Co wi\u0119cej, wi\u0119kszo\u015b\u0107 5FAEB2201 jest obecna na bardzo niskim poziomie, zw\u0142aszcza w komercyjnych produktach z konopi indyjskich. Utrudnia to naukowcom ich dok\u0142adne wykrycie. Wa\u017cne jest jednak to, \u017ce jest ich wiele. Na koniec przyjrzyjmy si\u0119 bli\u017cej niekt\u00f3rym z g\u0142\u00f3wnych kannabinoid\u00f3w, kt\u00f3re mo\u017cna znale\u017a\u0107 w produktach z konopi indyjskich.<\/p>\n<p>Podsumowuj\u0105c, konopie indyjskie nie wytwarzaj\u0105 bezpo\u015brednio najbardziej znanych kannabinoid\u00f3w kojarzonych z ro\u015blin\u0105, THC i CBD. Zamiast tego syntetyzuje kilka kwas\u00f3w kannabinoidowych. Jako takie, te kwasy kannabinoidowe musz\u0105 zosta\u0107 \"aktywowane\" (dekarboksylowane), zwykle za pomoc\u0105 ciep\u0142a, aby uzyska\u0107 zwi\u0105zki, kt\u00f3rych poszukuje wi\u0119kszo\u015b\u0107 konsument\u00f3w (THC lub CBD). Przede wszystkim, opr\u00f3cz THCA i CBDA, istnieje wiele powi\u0105zanych kwas\u00f3w kannabinoidowych, kt\u00f3re mog\u0105 by\u0107 wytwarzane przez konopie indyjskie Kup 5FAEB Online.<\/p>\n<h3><span lang=\"EN-US\">Dlaczego warto kupi\u0107 5F-AEB-2201<\/span><span lang=\"EN-US\">\u00a0od LegitChemicals<\/span><\/h3>\n<p><span lang=\"EN-US\">\u00a0<\/span><span lang=\"EN-US\">Zamiast myli\u0107 si\u0119 co do\u00a0<strong>Gdzie kupi\u0107 5F-AEB-2201,\u00a0<\/strong>dobrze jest wybra\u0107 ten NarcoPowders. U\u017cytkownikom wygodniej jest zam\u00f3wi\u0107 je za po\u015brednictwem platformy internetowej i otrzyma\u0107 produkt w ci\u0105gu kilku dni lub nawet tego samego dnia. Opakowanie produktu b\u0119dzie idealne, bezpieczne i bezpieczne w u\u017cyciu, poniewa\u017c produkty s\u0105 wytwarzane w tej agencji zgodnie ze standardow\u0105 i legaln\u0105 formu\u0142\u0105. Profesjonali\u015bci s\u0105 zawsze dobrzy w dostarczaniu wymaganego produktu i pobieraj\u0105 rozs\u0105dn\u0105 cen\u0119 w zale\u017cno\u015bci od potrzebnej ilo\u015bci.\u00a0<\/span><\/p>\n<h4><strong><span lang=\"EN-US\">\u00a0<\/span><\/strong><span lang=\"EN-US\">Jak stosowa\u0107 5F-AEB-2201<\/span><\/h4>\n<p><span lang=\"EN-US\">\u00a0<\/span><span lang=\"EN-US\">Jest to syntetyczny produkt kannabinoidowy, kt\u00f3ry mo\u017ce powodowa\u0107 choroby psychiczne i inne problemy, je\u015bli jest przyjmowany bez odpowiedniej dawki i wiedzy. Dlatego lepiej jest skontaktowa\u0107 si\u0119 z lekarzem i uzyska\u0107 lek w odpowiedniej dawce. Produkt b\u0119dzie przydatny do r\u00f3\u017cnych cel\u00f3w, ale lepiej jest zapozna\u0107 si\u0119 z instrukcjami przed jego zam\u00f3wieniem. Otrzymane leki b\u0119d\u0105 czyste, dobrej jako\u015bci, op\u0142acalne i gotowe do u\u017cycia do dalszych cel\u00f3w badawczych. Ta firma b\u0119dzie g\u0142\u00f3wnie sprzedawa\u0107 produkt wy\u0142\u0105cznie do cel\u00f3w badawczych, a tak\u017ce ich produkty s\u0105 legalne i zgodne z zasadami i regulacjami rz\u0105du USA, Kup 5F-AEB.\u00a0<\/span><\/p>","protected":false},"excerpt":{"rendered":"<p>Buy 5FAEB Online Buy 5F-AEB,\u00a0 Cannabinoids is the active chemicals in medical marijuana. As such, they are similar to chemicals the body makes that are involved in appetite, memory, movement, and pain. Research suggests cannabinoids (5FAEB2201) might: Reduce anxiety Reduce inflammation and relieve pain Control nausea and vomiting caused by chemotherapy Kill cancer cells and [&hellip;]<\/p>","protected":false},"featured_media":21282,"comment_status":"open","ping_status":"closed","template":"","meta":{"_joinchat":[]},"product_brand":[],"product_cat":[15],"product_tag":[],"class_list":{"0":"post-20495","1":"product","2":"type-product","3":"status-publish","4":"has-post-thumbnail","6":"product_cat-uncategorized","8":"first","9":"instock","10":"shipping-taxable","11":"purchasable","12":"product-type-variable","13":"add-to-wishlist-after_add_to_cart"},"yoast_head":"<!-- This site is optimized with the Yoast SEO plugin v25.9 - https:\/\/yoast.com\/wordpress\/plugins\/seo\/ -->\n<title>Buy 5FAEB Online - Order 5FAEB Powder<\/title>\n<meta name=\"description\" content=\"Buy 5FAEB Online, 5F-ADB-33 is a synthetic indazole-based cannabinoid that belongs to the indazole-3-carboxamide family. 5faeb available at our onlinestore.\" \/>\n<meta name=\"robots\" content=\"index, follow, max-snippet:-1, max-image-preview:large, max-video-preview:-1\" \/>\n<link rel=\"canonical\" href=\"https:\/\/narcopowders.com\/pl\/produkt\/kup-5faeb-online\/\" \/>\n<meta property=\"og:locale\" content=\"pl_PL\" \/>\n<meta property=\"og:type\" content=\"article\" \/>\n<meta property=\"og:title\" content=\"Buy 5FAEB Online - Order 5FAEB Powder\" \/>\n<meta property=\"og:description\" content=\"Buy 5FAEB Online, 5F-ADB-33 is a synthetic indazole-based cannabinoid that belongs to the indazole-3-carboxamide family. 5faeb available at our onlinestore.\" \/>\n<meta property=\"og:url\" content=\"https:\/\/narcopowders.com\/pl\/produkt\/kup-5faeb-online\/\" \/>\n<meta property=\"og:site_name\" content=\"Narco Powders\" \/>\n<meta property=\"article:modified_time\" content=\"2024-05-24T10:11:45+00:00\" \/>\n<meta property=\"og:image\" content=\"https:\/\/narcopowders.com\/wp-content\/uploads\/2024\/05\/5f-AEB.gif\" \/>\n\t<meta property=\"og:image:width\" content=\"600\" \/>\n\t<meta property=\"og:image:height\" content=\"600\" \/>\n\t<meta property=\"og:image:type\" content=\"image\/gif\" \/>\n<meta name=\"twitter:card\" content=\"summary_large_image\" \/>\n<meta name=\"twitter:label1\" content=\"Szacowany czas czytania\" \/>\n\t<meta name=\"twitter:data1\" content=\"3 minuty\" \/>\n<!-- \/ Yoast SEO plugin. -->","yoast_head_json":{"title":"Kup 5FAEB online - Zam\u00f3w 5FAEB w proszku","description":"Kup 5FAEB Online, 5F-ADB-33 to syntetyczny kannabinoid na bazie indazolu, kt\u00f3ry nale\u017cy do rodziny indazolo-3-karboksyamid\u00f3w. 5faeb dost\u0119pny w naszym sklepie internetowym.","robots":{"index":"index","follow":"follow","max-snippet":"max-snippet:-1","max-image-preview":"max-image-preview:large","max-video-preview":"max-video-preview:-1"},"canonical":"https:\/\/narcopowders.com\/pl\/produkt\/kup-5faeb-online\/","og_locale":"pl_PL","og_type":"article","og_title":"Buy 5FAEB Online - Order 5FAEB Powder","og_description":"Buy 5FAEB Online, 5F-ADB-33 is a synthetic indazole-based cannabinoid that belongs to the indazole-3-carboxamide family. 5faeb available at our onlinestore.","og_url":"https:\/\/narcopowders.com\/pl\/produkt\/kup-5faeb-online\/","og_site_name":"Narco Powders","article_modified_time":"2024-05-24T10:11:45+00:00","og_image":[{"width":600,"height":600,"url":"https:\/\/narcopowders.com\/wp-content\/uploads\/2024\/05\/5f-AEB.gif","type":"image\/gif"}],"twitter_card":"summary_large_image","twitter_misc":{"Szacowany czas czytania":"3 minuty"},"schema":{"@context":"https:\/\/schema.org","@graph":[{"@type":"WebPage","@id":"https:\/\/narcopowders.com\/product\/buy-5faeb-online\/","url":"https:\/\/narcopowders.com\/product\/buy-5faeb-online\/","name":"Kup 5FAEB online - Zam\u00f3w 5FAEB w proszku","isPartOf":{"@id":"https:\/\/narcopowders.com\/#website"},"primaryImageOfPage":{"@id":"https:\/\/narcopowders.com\/product\/buy-5faeb-online\/#primaryimage"},"image":{"@id":"https:\/\/narcopowders.com\/product\/buy-5faeb-online\/#primaryimage"},"thumbnailUrl":"https:\/\/narcopowders.com\/wp-content\/uploads\/2024\/05\/5f-AEB.gif","datePublished":"2024-05-23T06:14:12+00:00","dateModified":"2024-05-24T10:11:45+00:00","description":"Kup 5FAEB Online, 5F-ADB-33 to syntetyczny kannabinoid na bazie indazolu, kt\u00f3ry nale\u017cy do rodziny indazolo-3-karboksyamid\u00f3w. 5faeb dost\u0119pny w naszym sklepie internetowym.","breadcrumb":{"@id":"https:\/\/narcopowders.com\/product\/buy-5faeb-online\/#breadcrumb"},"inLanguage":"pl-PL","potentialAction":[{"@type":"ReadAction","target":["https:\/\/narcopowders.com\/product\/buy-5faeb-online\/"]}]},{"@type":"ImageObject","inLanguage":"pl-PL","@id":"https:\/\/narcopowders.com\/product\/buy-5faeb-online\/#primaryimage","url":"https:\/\/narcopowders.com\/wp-content\/uploads\/2024\/05\/5f-AEB.gif","contentUrl":"https:\/\/narcopowders.com\/wp-content\/uploads\/2024\/05\/5f-AEB.gif","width":600,"height":600,"caption":"Buy 5FAEB Online"},{"@type":"BreadcrumbList","@id":"https:\/\/narcopowders.com\/product\/buy-5faeb-online\/#breadcrumb","itemListElement":[{"@type":"ListItem","position":1,"name":"Home","item":"https:\/\/narcopowders.com\/"},{"@type":"ListItem","position":2,"name":"Shop Page","item":"https:\/\/narcopowders.com\/shop\/"},{"@type":"ListItem","position":3,"name":"Buy 5FAEB Online"}]},{"@type":"WebSite","@id":"https:\/\/narcopowders.com\/#website","url":"https:\/\/narcopowders.com\/","name":"Proszki Narco","description":"M\u00f3j blog WordPress","potentialAction":[{"@type":"SearchAction","target":{"@type":"EntryPoint","urlTemplate":"https:\/\/narcopowders.com\/?s={search_term_string}"},"query-input":{"@type":"PropertyValueSpecification","valueRequired":true,"valueName":"search_term_string"}}],"inLanguage":"pl-PL"}]}},"_links":{"self":[{"href":"https:\/\/narcopowders.com\/pl\/wp-json\/wp\/v2\/product\/20495","targetHints":{"allow":["GET"]}}],"collection":[{"href":"https:\/\/narcopowders.com\/pl\/wp-json\/wp\/v2\/product"}],"about":[{"href":"https:\/\/narcopowders.com\/pl\/wp-json\/wp\/v2\/types\/product"}],"replies":[{"embeddable":true,"href":"https:\/\/narcopowders.com\/pl\/wp-json\/wp\/v2\/comments?post=20495"}],"wp:featuredmedia":[{"embeddable":true,"href":"https:\/\/narcopowders.com\/pl\/wp-json\/wp\/v2\/media\/21282"}],"wp:attachment":[{"href":"https:\/\/narcopowders.com\/pl\/wp-json\/wp\/v2\/media?parent=20495"}],"wp:term":[{"taxonomy":"product_brand","embeddable":true,"href":"https:\/\/narcopowders.com\/pl\/wp-json\/wp\/v2\/product_brand?post=20495"},{"taxonomy":"product_cat","embeddable":true,"href":"https:\/\/narcopowders.com\/pl\/wp-json\/wp\/v2\/product_cat?post=20495"},{"taxonomy":"product_tag","embeddable":true,"href":"https:\/\/narcopowders.com\/pl\/wp-json\/wp\/v2\/product_tag?post=20495"}],"curies":[{"name":"wp","href":"https:\/\/api.w.org\/{rel}","templated":true}]}}