{"id":20502,"date":"2024-05-23T06:14:12","date_gmt":"2024-05-23T06:14:12","guid":{"rendered":"https:\/\/narcopowders.com\/?post_type=product&#038;p=20502"},"modified":"2024-05-24T07:20:11","modified_gmt":"2024-05-24T07:20:11","slug":"buy-4f%e2%80%90mdmb%e2%80%90binaca-online","status":"publish","type":"product","link":"https:\/\/narcopowders.com\/pl\/produkt\/buy-4f\u2010mdmb\u2010binaca-online\/","title":{"rendered":"Kup online 4F-MDMB-BINACA"},"content":{"rendered":"<h2>Kup 4f-mdmb-b online<\/h2>\n<p>Kup 4F-MDMB-B, mo\u017cesz kupi\u0107 4f-mdmb-b online w NarcoPowders za przyst\u0119pn\u0105 cen\u0119, kt\u00f3ra nie rozbije banku. Od wielu lat zajmujemy si\u0119 wy\u0142\u0105cznie 4f-mdmb-b, kt\u00f3ry jest na sprzeda\u017c. Monitorujemy ka\u017cdy produkt, aby zapewni\u0107, \u017ce nasi konsumenci otrzymuj\u0105 tylko to, co najlepsze na skal\u0119 \u015bwiatow\u0105. Nasi kompetentni pracownicy pracuj\u0105 niestrudzenie, aby zrealizowa\u0107 zam\u00f3wienia dotycz\u0105ce 4f-mdmb-b online. Nasi sprzedawcy i dostawcy online ko\u0144cz\u0105 dostarczanie 4f-mdmb-b w odpowiednim czasie<a href=\"https:\/\/narcopowders.com\/pl\/product\/buy-5f-akb48-online\/\">.<\/a><\/p>\n<p>Je\u015bli zamawiasz u nas 4f-mdmb-b, nie martw si\u0119 o nic. Personel pakuj\u0105cy bezpiecznie zapakuje Twoje zam\u00f3wienie. Skontaktuj si\u0119 z nami ju\u017c teraz, aby om\u00f3wi\u0107 swoje potrzeby i otrzyma\u0107 ten produkt tak szybko, jak to mo\u017cliwe.<\/p>\n<p>Pobierz 4f-mdmb-b online ju\u017c teraz<a href=\"https:\/\/en.wikipedia.org\/wiki\/MDMB-FUBINACA\">!<\/a><\/p>\n<h3>4f-mdmb-b: co to jest?<\/h3>\n<p>Syntetyk na bazie indazolu z rodziny indazolo-3-karboksyamid\u00f3w nosi nazw\u0119 4f-mdmb-b. Nie wiadomo, czy jest on selektywny dla tego celu, jednak zosta\u0142 zastosowany jako sk\u0142adnik aktywny w produktach i sprzedawany jako nofollow external noopener noreferrer.<\/p>\n<h3>Jakie dzia\u0142ania niepo\u017c\u0105dane ma 4f-mdmb-b?<\/h3>\n<p>Poni\u017cej wymieniono dzia\u0142ania niepo\u017c\u0105dane 4f-mdmb-b:<\/p>\n<ul>\n<li>Urojenia<\/li>\n<li>Miotanie si\u0119 zdezorientowane<\/li>\n<li>B\u00f3l w klatce piersiowej<\/li>\n<\/ul>\n<h3>Jak mog\u0119 znale\u017a\u0107 4f-mdmb-b na sprzeda\u017c?<\/h3>\n<p>Nie musisz ju\u017c szuka\u0107 gdzie kupi\u0107 4f-mdmb-b. Ten produkt zosta\u0142 opracowany przez NarcoPowders w rozs\u0105dnej cenie. Zobowi\u0105zujemy si\u0119 dostarczy\u0107 to samo w kr\u00f3tkim czasie. Nie b\u0119dziesz musia\u0142 d\u0142ugo czeka\u0107. Zaufaj nam, a my szybko dostarczymy Twoje zam\u00f3wienie!<\/p>\n<p>Jeste\u015bmy zespo\u0142em zaanga\u017cowanych i pracowitych specjalist\u00f3w, kt\u00f3rzy dok\u0142adaj\u0105 wszelkich stara\u0144, aby ka\u017cdy m\u00f3g\u0142 korzysta\u0107 z naszych us\u0142ug i towar\u00f3w. Zdajemy sobie spraw\u0119 z Twoich potrzeb i jeste\u015bmy tutaj, aby Ci pom\u00f3c, zapewniaj\u0105c kompleksow\u0105 obs\u0142ug\u0119 w zakresie niedrogich, najwy\u017cszej jako\u015bci towar\u00f3w, Kup 4F-MDMB-B.<\/p>\n<h2>Substancje czynne w MDMB-CHMINACA<\/h2>\n<p>Zawiera\u00a0<strong>jeden gram min 98%+ czystego MDMB-CHMINACA<\/strong>\u00a0za jednostk\u0119 zam\u00f3wienia.<\/p>\n<h2>Dawkowanie MDMB-CHMINACA<\/h2>\n<p>Nie ma zalecanej dawki, poniewa\u017c\u00a0<strong>MDMB-CHMINACA<\/strong>\u00a0nie jest przeznaczony do spo\u017cycia przez ludzi, ale jest sprzedawany wy\u0142\u0105cznie jako substancja chemiczna do cel\u00f3w badawczych.<\/p>\n<h2>Dzia\u0142anie MDMB-CHMINACA :<\/h2>\n<p>Efekty kliniczne wi\u0119kszo\u015bci nowych\u00a0<strong>dopalacze<\/strong>\u00a0jak\u00a0<strong>MDMB-CHMINACA<\/strong>\u00a0mo\u017cna opisa\u0107 jako halucynogenne, pobudzaj\u0105ce lub podobne do opioid\u00f3w. Mog\u0105 r\u00f3wnie\u017c mie\u0107 kombinacj\u0119 tych efekt\u00f3w ze wzgl\u0119du na designerskie podstawienia \u0142a\u0144cuch\u00f3w bocznych.<\/p>\n<h2>Skutki uboczne MDMB-CHMINACA<\/h2>\n<p>Podobnie jak w przypadku innych dopalaczy, stosowanie\u00a0<strong>MDMB-CHMINACA<\/strong>\u00a0mo\u017ce powodowa\u0107 silne skutki uboczne; substancja nie jest testowana klinicznie ani w \u017caden spos\u00f3b licencjonowana jako produkt do spo\u017cycia! Dlatego MDMB-CHMINACA NIE JEST PRZEZNACZONA DO SPO\u017bYCIA PRZEZ LUDZI, a WY\u0141\u0104CZNIE DO BADA\u0143 NAUKOWYCH!<\/p>\n<h2>Jak przechowywa\u0107 MDMB-CHMINACA<\/h2>\n<p>MDMB-CHMINACA nale\u017cy przechowywa\u0107 w temperaturze poni\u017cej 30 stopni Celsjusza. MDMB-CHMINACA nale\u017cy przechowywa\u0107 w oryginalnym opakowaniu, chroni\u0107 przed bezpo\u015brednim dzia\u0142aniem promieni s\u0142onecznych i wilgoci.<\/p>","protected":false},"excerpt":{"rendered":"<p>4F-MDMB-BINACA, cz\u0119sto okre\u015blana jako MDMB-4F-BINACA, 4F-MDMB-BUTINACA lub 4F-ADB, to syntetyczny kannabinoid pochodz\u0105cy z indazoli i cz\u0142onek rodziny indazolo-3-karboksyamid\u00f3w. Jest on sprzedawany jako lek designerski od ko\u0144ca 2018 roku i stosowany jako aktywny sk\u0142adnik syntetycznych produkt\u00f3w z konopi indyjskich.<\/p>\n<div class=\"l_ecrd_vqfcts_row\">\n<div class=\"lc_expfact\">\n<div class=\"lc_expfact_default\">Status prawny Klasa F2 (Zabronione \u015brodki psychotropowe) - : Wykaz II - : Anlage II (Tylko dozwolony obr\u00f3t, bez recepty) - Klasa B - \u015arodki psychotropowe Wykaz II<\/div>\n<div class=\"lc_expfact_plus\" tabindex=\"0\"><\/div>\n<\/div>\n<\/div>\n<div class=\"l_ecrd_vqfcts_row l_ecrd_vqfcts_row_space\">\n<div class=\"lc_expfact\">\n<div class=\"lc_expfact_default\">Numer CAS: 2390036-46-9<\/div>\n<\/div>\n<\/div>\n<div class=\"l_ecrd_vqfcts_row l_ecrd_vqfcts_row_space\">\n<div class=\"lc_expfact\">\n<div class=\"lc_expfact_default\">PubChem CID:145707216<\/div>\n<\/div>\n<\/div>\n<div class=\"l_ecrd_vqfcts_row l_ecrd_vqfcts_row_space\">\n<div class=\"lc_expfact\">\n<div class=\"lc_expfact_default\">ChemSpider:71117201<\/div>\n<\/div>\n<\/div>\n<div id=\"wire0\" class=\"b_expandable_inline_container\" data-rinterval=\"-1\" data-errormessage=\"We can't find any more info about this page right now\">\n<div class=\"l_ecrd_vqfcts_row l_ecrd_vqfcts_row_space\">\n<div class=\"lc_expfact\">\n<div class=\"lc_expfact_default\">UNII:ZH38UTM145<\/div>\n<\/div>\n<\/div>\n<div class=\"l_ecrd_vqfcts_row l_ecrd_vqfcts_row_space\">\n<div class=\"lc_expfact\">\n<div class=\"lc_expfact_default\">KEGG:C22799<\/div>\n<\/div>\n<\/div>\n<div class=\"l_ecrd_vqfcts_row l_ecrd_vqfcts_row_space\">\n<div class=\"lc_expfact\">\n<div class=\"lc_expfact_default\">CompTox Dashboard (EPA) DTXSID001017266<\/div>\n<div class=\"lc_expfact_plus\" tabindex=\"0\"><\/div>\n<\/div>\n<\/div>\n<div class=\"l_ecrd_vqfcts_row l_ecrd_vqfcts_row_space\">\n<div class=\"lc_expfact\">\n<div class=\"lc_expfact_default\">Wz\u00f3r: C\u2081\u2089H\u2082\u2086FN\u2083O\u2083<\/div>\n<\/div>\n<\/div>\n<\/div>","protected":false},"featured_media":21261,"comment_status":"open","ping_status":"closed","template":"","meta":{"_joinchat":[]},"product_brand":[],"product_cat":[1538],"product_tag":[],"class_list":{"0":"post-20502","1":"product","2":"type-product","3":"status-publish","4":"has-post-thumbnail","6":"product_cat-cannabinoids","8":"first","9":"instock","10":"shipping-taxable","11":"purchasable","12":"product-type-variable","13":"add-to-wishlist-after_add_to_cart"},"yoast_head":"<!-- This site is optimized with the Yoast SEO plugin v25.9 - https:\/\/yoast.com\/wordpress\/plugins\/seo\/ -->\n<title>Buy 4F-MDMB-B<\/title>\n<meta name=\"description\" content=\"Buy 4F-MDMB-B, 4F-MDMB-Binaca can be purchased at NarcoPowders. We sell the highest quality 4F-MDMB-Binaca available. Order Now.\" \/>\n<meta name=\"robots\" content=\"index, follow, max-snippet:-1, max-image-preview:large, max-video-preview:-1\" \/>\n<link rel=\"canonical\" href=\"https:\/\/narcopowders.com\/pl\/produkt\/buy-4f\u2010mdmb\u2010binaca-online\/\" \/>\n<meta property=\"og:locale\" content=\"pl_PL\" \/>\n<meta property=\"og:type\" content=\"article\" \/>\n<meta property=\"og:title\" content=\"Buy 4F-MDMB-B\" \/>\n<meta property=\"og:description\" content=\"Buy 4F-MDMB-B, 4F-MDMB-Binaca can be purchased at NarcoPowders. We sell the highest quality 4F-MDMB-Binaca available. Order Now.\" \/>\n<meta property=\"og:url\" content=\"https:\/\/narcopowders.com\/pl\/produkt\/buy-4f\u2010mdmb\u2010binaca-online\/\" \/>\n<meta property=\"og:site_name\" content=\"Narco Powders\" \/>\n<meta property=\"article:modified_time\" content=\"2024-05-24T07:20:11+00:00\" \/>\n<meta property=\"og:image\" content=\"https:\/\/narcopowders.com\/wp-content\/uploads\/2024\/05\/4f-mdmb2201.gif\" \/>\n\t<meta property=\"og:image:width\" content=\"600\" \/>\n\t<meta property=\"og:image:height\" content=\"600\" \/>\n\t<meta property=\"og:image:type\" content=\"image\/gif\" \/>\n<meta name=\"twitter:card\" content=\"summary_large_image\" \/>\n<meta name=\"twitter:label1\" content=\"Szacowany czas czytania\" \/>\n\t<meta name=\"twitter:data1\" content=\"3 minuty\" \/>\n<!-- \/ Yoast SEO plugin. -->","yoast_head_json":{"title":"Kup 4F-MDMB-B","description":"Kup 4F-MDMB-B, 4F-MDMB-Binaca mo\u017cna kupi\u0107 w NarcoPowders. Sprzedajemy najwy\u017cszej jako\u015bci 4F-MDMB-Binaca. Zam\u00f3w teraz.","robots":{"index":"index","follow":"follow","max-snippet":"max-snippet:-1","max-image-preview":"max-image-preview:large","max-video-preview":"max-video-preview:-1"},"canonical":"https:\/\/narcopowders.com\/pl\/produkt\/buy-4f\u2010mdmb\u2010binaca-online\/","og_locale":"pl_PL","og_type":"article","og_title":"Buy 4F-MDMB-B","og_description":"Buy 4F-MDMB-B, 4F-MDMB-Binaca can be purchased at NarcoPowders. We sell the highest quality 4F-MDMB-Binaca available. Order Now.","og_url":"https:\/\/narcopowders.com\/pl\/produkt\/buy-4f\u2010mdmb\u2010binaca-online\/","og_site_name":"Narco Powders","article_modified_time":"2024-05-24T07:20:11+00:00","og_image":[{"width":600,"height":600,"url":"https:\/\/narcopowders.com\/wp-content\/uploads\/2024\/05\/4f-mdmb2201.gif","type":"image\/gif"}],"twitter_card":"summary_large_image","twitter_misc":{"Szacowany czas czytania":"3 minuty"},"schema":{"@context":"https:\/\/schema.org","@graph":[{"@type":"WebPage","@id":"https:\/\/narcopowders.com\/product\/buy-4f%e2%80%90mdmb%e2%80%90binaca-online\/","url":"https:\/\/narcopowders.com\/product\/buy-4f%e2%80%90mdmb%e2%80%90binaca-online\/","name":"Kup 4F-MDMB-B","isPartOf":{"@id":"https:\/\/narcopowders.com\/#website"},"primaryImageOfPage":{"@id":"https:\/\/narcopowders.com\/product\/buy-4f%e2%80%90mdmb%e2%80%90binaca-online\/#primaryimage"},"image":{"@id":"https:\/\/narcopowders.com\/product\/buy-4f%e2%80%90mdmb%e2%80%90binaca-online\/#primaryimage"},"thumbnailUrl":"https:\/\/narcopowders.com\/wp-content\/uploads\/2024\/05\/4f-mdmb2201.gif","datePublished":"2024-05-23T06:14:12+00:00","dateModified":"2024-05-24T07:20:11+00:00","description":"Kup 4F-MDMB-B, 4F-MDMB-Binaca mo\u017cna kupi\u0107 w NarcoPowders. Sprzedajemy najwy\u017cszej jako\u015bci 4F-MDMB-Binaca. Zam\u00f3w teraz.","breadcrumb":{"@id":"https:\/\/narcopowders.com\/product\/buy-4f%e2%80%90mdmb%e2%80%90binaca-online\/#breadcrumb"},"inLanguage":"pl-PL","potentialAction":[{"@type":"ReadAction","target":["https:\/\/narcopowders.com\/product\/buy-4f%e2%80%90mdmb%e2%80%90binaca-online\/"]}]},{"@type":"ImageObject","inLanguage":"pl-PL","@id":"https:\/\/narcopowders.com\/product\/buy-4f%e2%80%90mdmb%e2%80%90binaca-online\/#primaryimage","url":"https:\/\/narcopowders.com\/wp-content\/uploads\/2024\/05\/4f-mdmb2201.gif","contentUrl":"https:\/\/narcopowders.com\/wp-content\/uploads\/2024\/05\/4f-mdmb2201.gif","width":600,"height":600,"caption":"Buy 4F-MDMB-B online"},{"@type":"BreadcrumbList","@id":"https:\/\/narcopowders.com\/product\/buy-4f%e2%80%90mdmb%e2%80%90binaca-online\/#breadcrumb","itemListElement":[{"@type":"ListItem","position":1,"name":"Home","item":"https:\/\/narcopowders.com\/"},{"@type":"ListItem","position":2,"name":"Shop Page","item":"https:\/\/narcopowders.com\/shop\/"},{"@type":"ListItem","position":3,"name":"Buy 4F\u2010MDMB\u2010BINACA Online"}]},{"@type":"WebSite","@id":"https:\/\/narcopowders.com\/#website","url":"https:\/\/narcopowders.com\/","name":"Proszki Narco","description":"M\u00f3j blog WordPress","potentialAction":[{"@type":"SearchAction","target":{"@type":"EntryPoint","urlTemplate":"https:\/\/narcopowders.com\/?s={search_term_string}"},"query-input":{"@type":"PropertyValueSpecification","valueRequired":true,"valueName":"search_term_string"}}],"inLanguage":"pl-PL"}]}},"_links":{"self":[{"href":"https:\/\/narcopowders.com\/pl\/wp-json\/wp\/v2\/product\/20502","targetHints":{"allow":["GET"]}}],"collection":[{"href":"https:\/\/narcopowders.com\/pl\/wp-json\/wp\/v2\/product"}],"about":[{"href":"https:\/\/narcopowders.com\/pl\/wp-json\/wp\/v2\/types\/product"}],"replies":[{"embeddable":true,"href":"https:\/\/narcopowders.com\/pl\/wp-json\/wp\/v2\/comments?post=20502"}],"wp:featuredmedia":[{"embeddable":true,"href":"https:\/\/narcopowders.com\/pl\/wp-json\/wp\/v2\/media\/21261"}],"wp:attachment":[{"href":"https:\/\/narcopowders.com\/pl\/wp-json\/wp\/v2\/media?parent=20502"}],"wp:term":[{"taxonomy":"product_brand","embeddable":true,"href":"https:\/\/narcopowders.com\/pl\/wp-json\/wp\/v2\/product_brand?post=20502"},{"taxonomy":"product_cat","embeddable":true,"href":"https:\/\/narcopowders.com\/pl\/wp-json\/wp\/v2\/product_cat?post=20502"},{"taxonomy":"product_tag","embeddable":true,"href":"https:\/\/narcopowders.com\/pl\/wp-json\/wp\/v2\/product_tag?post=20502"}],"curies":[{"name":"wp","href":"https:\/\/api.w.org\/{rel}","templated":true}]}}