{"id":20523,"date":"2024-05-23T06:14:19","date_gmt":"2024-05-23T06:14:19","guid":{"rendered":"https:\/\/narcopowders.com\/?post_type=product&#038;p=20523"},"modified":"2025-03-26T12:20:50","modified_gmt":"2025-03-26T12:20:50","slug":"buy-adb-butinaca-online","status":"publish","type":"product","link":"https:\/\/narcopowders.com\/pl\/produkt\/buy-adb-butinaca-online\/","title":{"rendered":"Kup online ADB-Butinaca"},"content":{"rendered":"<h2><strong>Kup proszek ADBB online<\/strong><\/h2>\n<p><a href=\"https:\/\/narcopowders.com\/pl\/produkt\/buy-adb-butinaca-online\/\">Buy ADBB Online<\/a>, Some synthetic <a href=\"https:\/\/en.wikipedia.org\/wiki\/ADB-BUTINACA\">cannabis products<\/a> contain components of a recently created synthetic drug called <a href=\"https:\/\/www.bing.com\/search?q=Buy%20ADB-Butinaca%20Online&amp;qs=n&amp;form=QBRE&amp;sp=-1&amp;lq=0&amp;pq=buy%20adb-butinaca%20online&amp;sc=2-23&amp;sk=&amp;cvid=763F2B36D18543F698FC47811A3FD525&amp;ghsh=0&amp;ghacc=0&amp;ghpl=\">ADBB<\/a>. With EC50 values \u200b\u200bof 0.52 nM and 0.88 nM respectively, they are the strong agonist. <a href=\"https:\/\/narcopowders.com\/pl\/\">Narco Powders.<\/a><\/p>\n<p>receptor\u00f3w CB1 i CB2. Fizjologiczne i toksykologiczne w\u0142a\u015bciwo\u015bci tego zwi\u0105zku s\u0105 jednak wci\u0105\u017c nieznane<a href=\"http:\/\/: https:\/\/narcopowders.com\/product\/buy-a-pvp-online\/\">.<\/a><\/p>\n<h3><strong>Jak u\u017cywane jest ADBB?<\/strong><\/h3>\n<p>Lek ADBB nie nadaje si\u0119 do spo\u017cycia przez ludzi. Lek ten jest stosowany jako substancja chemiczna do bada\u0144 przez naukowc\u00f3w w laboratoriach kryminalistycznych.<\/p>\n<h3><strong>Jakie s\u0105 skutki uboczne stosowania ADBB?<\/strong><\/h3>\n<p>D\u0142ugotrwa\u0142e stosowanie proszku ADBB mo\u017ce powodowa\u0107 nast\u0119puj\u0105ce dzia\u0142ania niepo\u017c\u0105dane:<\/p>\n<p>o Delirium<\/p>\n<p>o Kardiotoksyczno\u015b\u0107<\/p>\n<p>o Napady<\/p>\n<p>o Hipotermia<\/p>\n<h3><strong>Sk\u0105d wiesz o ADB Butinaca?<\/strong><\/h3>\n<p>It is difficult to identify <a href=\"https:\/\/www.google.de\/search?q=Buy+ADB-Butinaca+Online&amp;sca_esv=1a2a07081c7891bb&amp;rlz=1C1RXQR_enIN1098IN1098&amp;ei=2bbOZ_CHF_S2vr0PgN6FqAs&amp;ved=0ahUKEwiw2Lmsn_-LAxV0m68BHQBvAbUQ4dUDCBA&amp;uact=5&amp;oq=Buy+ADB-Butinaca+Online&amp;gs_lp=Egxnd3Mtd2l6LXNlcnAiF0J1eSBBREItQnV0aW5hY2EgT25saW5lSLEHUMEDWMEDcAJ4AJABAJgB1AGgAdQBqgEDMi0xuAEDyAEA-AEC-AEBmAIAoAIAmAMAiAYBkgcAoAdL&amp;sclient=gws-wiz-serp\">ADB Butinaca<\/a> Trudno jest zidentyfikowa\u0107 ADB Butinaca bez logicznych test\u00f3w. Naturalnie wyst\u0119puje w postaci jasnobr\u0105zowych lub \u017c\u00f3\u0142tawych cz\u0105stek i \u0142atwo miesza si\u0119 z innymi odmianami ADB Butinaca dost\u0119pnymi w sprzeda\u017cy. Niewielka ilo\u015b\u0107 ADB Butinaca w degustatorze utrudnia identyfikacj\u0119, poniewa\u017c inne urz\u0105dzenia mog\u0105 wykorzystywa\u0107 fasadowe identyfikatory, takie jak barwa, aromat i smak. Mog\u0105 by\u0107 one r\u00f3wnie\u017c wampirzone lub inspirowane doustnie. W przypadku ADB Butinaca zamkni\u0119te pr\u00f3bki s\u0105 sprzedawane jako narkotyki uliczne; ludzie je wk\u0142adaj\u0105. Klienci poinformowali o firmie ADB Butinaca dopiero po jej u\u017cyciu. Poniewa\u017c tak niewiele wiadomo o jego w\u0142a\u015bciwo\u015bciach chemicznych, naukowcy i entuzja\u015bci chemii maj\u0105 \u015bwietn\u0105 okazj\u0119 do przeprowadzenia ekscytuj\u0105cych eksperyment\u00f3w i wytyczenia drogi w okre\u015blaniu podstawowych w\u0142a\u015bciwo\u015bci chemicznych i fizycznych tego zwi\u0105zku.<\/p>\n<h3><strong>Dlaczego ludzie kupuj\u0105 ADB Butinaca?<\/strong><\/h3>\n<p>Jest to sk\u0142adnik niekt\u00f3rych syntetycznych produkt\u00f3w z konopi indyjskich. Ten designerski lek zosta\u0142 opracowany przez znan\u0105 ameryka\u0144sk\u0105 firm\u0119 farmaceutyczn\u0105 Pfizer jako potencjalny \u015brodek przeciwb\u00f3lowy. Powiniene\u015b by\u0107 \u015bwiadomy potencjalnego ryzyka i skutk\u00f3w ubocznych, je\u015bli jeste\u015b badaczem i chcesz go wykorzysta\u0107 do cel\u00f3w badawczych. Podobnie jak inne syntetyczne kannabinoidy, ma w\u0142a\u015bciwo\u015bci psychoaktywne. Ponadto wykazano r\u00f3\u017cne skutki uboczne zwi\u0105zane z t\u0105 substancj\u0105. Orange Hems, renomowana platforma, jest miejscem, w kt\u00f3rym mo\u017cna uzyska\u0107 ten lek, aby <a href=\"https:\/\/duckduckgo.com\/?q=Buy+ADB-Butinaca+Online&amp;t=h_&amp;ia=web\">kup ADB Butinaca online<\/a>.<\/p>\n<h3><strong>Jakie s\u0105 skutki stosowania ADB Butinaca?<\/strong><\/h3>\n<p>ADB-BUTINACA jest rodzajem nowej, przyt\u0142aczaj\u0105cej substancji powszechnie stosowanej w badaniach.<\/p>\n<p>Te nowe syntetyczne kannabinoidy s\u0105 substancjami wytworzonymi przez cz\u0142owieka, kt\u00f3re wi\u0105\u017c\u0105 si\u0119 z receptorami CB1 i CB2 w organizmie.<\/p>\n<p>Receptory kannabinoidowe CB1 i CB2 s\u0105 zaanga\u017cowane w liczne procesy fizjologiczne.<\/p>\n<p>Nasz centralny uk\u0142ad nerwowy, kt\u00f3ry pomaga po\u015bredniczy\u0107 w psychoaktywnym dzia\u0142aniu marihuany, zawiera CB1 w m\u00f3zgu i rdzeniu kr\u0119gowym.<\/p>\n<p>Bia\u0142e krwinki zawieraj\u0105 receptory CB2, kt\u00f3re reguluj\u0105 funkcje kom\u00f3rek odporno\u015bciowych.<\/p>\n<p>Ponadto jest on wymawiany na ni\u017cszych poziomach w m\u00f3zgu. Dzia\u0142anie ADB-BIANCA nie jest dobrze udokumentowane, a zakup ADB Butinaca nie jest legalny. S\u0105 syntetyczne dopaminergiczne, wi\u0119c dzia\u0142aj\u0105 na ten sam akceptor rozliczeniowy w m\u00f3zgu, co TCH, kt\u00f3ry jest elementem zmieniaj\u0105cym umys\u0142 w konopiach indyjskich i zam\u00f3w ADB Butinaca. Nie ponosimy odpowiedzialno\u015bci za jakiekolwiek dzia\u0142ania lub koszty wynikaj\u0105ce z umieszczenia zam\u00f3wienia ADB Butinaca w Internecie, czy adb butinaca jest kontrolowany? adb butinaca cayman buy, adb butinaca dea buy, adb butinaca cayman, adb butinaca na sprzeda\u017c.<\/p>\n<p>Jak kupi\u0107 adb butinaca, jako\u015b\u0107 adb butinaca na sprzeda\u017c, adb butinaca sklep, gdzie kupi\u0107 adb butinaca, 5f-adb kupi\u0107<\/p>\n<p>7-adb, trrcshop, 5f-adb-33n, adb-butinaca psychonauta, adb-butinaca zastosowania, adb-butinaca skutki uboczne, kup adb butinaca legalnie.<\/p>","protected":false},"excerpt":{"rendered":"<p>ADB-BUTINACA to syntetyczna cz\u0105steczka konopi indyjskich, kt\u00f3ra zosta\u0142a wprowadzona na rynek jako narkotyk designerski. Zgodnie z wytycznymi EMCDDA dotycz\u0105cymi nazewnictwa, jest ona r\u00f3wnie\u017c znana jako ADMB-BINACA. Z EC50 wynosz\u0105cym 6,36 nM dla CB1, jest silnym agonist\u0105 CB1, z powinowactwem wi\u0105zania 0,29 nM dla CB1 i 0,91 nM dla CB2.<\/p>","protected":false},"featured_media":21268,"comment_status":"open","ping_status":"closed","template":"","meta":{"_joinchat":[]},"product_brand":[],"product_cat":[1724,1538],"product_tag":[],"class_list":{"0":"post-20523","1":"product","2":"type-product","3":"status-publish","4":"has-post-thumbnail","6":"product_cat-research-chemicals","7":"product_cat-cannabinoids","9":"first","10":"instock","11":"shipping-taxable","12":"purchasable","13":"product-type-variable","14":"add-to-wishlist-after_add_to_cart"},"yoast_head":"<!-- This site is optimized with the Yoast SEO plugin v25.9 - https:\/\/yoast.com\/wordpress\/plugins\/seo\/ -->\n<title>Buy ADB-Butinaca - ADB-Butinaca for Sale | NarcoPowders<\/title>\n<meta name=\"description\" content=\"Buy ADB-Butinaca - ADB-BUTINACA (also known as ADMB-BINACA under the EMCDDA naming standards) is a synthetic cannabinoid compound. Order Now!\" \/>\n<meta name=\"robots\" content=\"index, follow, max-snippet:-1, max-image-preview:large, max-video-preview:-1\" \/>\n<link rel=\"canonical\" href=\"https:\/\/narcopowders.com\/pl\/produkt\/buy-adb-butinaca-online\/\" \/>\n<meta property=\"og:locale\" content=\"pl_PL\" \/>\n<meta property=\"og:type\" content=\"article\" \/>\n<meta property=\"og:title\" content=\"Buy ADB-Butinaca - ADB-Butinaca for Sale | NarcoPowders\" \/>\n<meta property=\"og:description\" content=\"Buy ADB-Butinaca - ADB-BUTINACA (also known as ADMB-BINACA under the EMCDDA naming standards) is a synthetic cannabinoid compound. Order Now!\" \/>\n<meta property=\"og:url\" content=\"https:\/\/narcopowders.com\/pl\/produkt\/buy-adb-butinaca-online\/\" \/>\n<meta property=\"og:site_name\" content=\"Narco Powders\" \/>\n<meta property=\"article:modified_time\" content=\"2025-03-26T12:20:50+00:00\" \/>\n<meta property=\"og:image\" content=\"https:\/\/narcopowders.com\/wp-content\/uploads\/2024\/05\/Add-b.gif\" \/>\n\t<meta property=\"og:image:width\" content=\"600\" \/>\n\t<meta property=\"og:image:height\" content=\"600\" \/>\n\t<meta property=\"og:image:type\" content=\"image\/gif\" \/>\n<meta name=\"twitter:card\" content=\"summary_large_image\" \/>\n<meta name=\"twitter:label1\" content=\"Szacowany czas czytania\" \/>\n\t<meta name=\"twitter:data1\" content=\"3 minuty\" \/>\n<!-- \/ Yoast SEO plugin. -->","yoast_head_json":{"title":"Kup ADB-Butinaca - ADB-Butinaca na sprzeda\u017c | NarcoPowders","description":"Kup ADB-Butinaca - ADB-BUTINACA (znana r\u00f3wnie\u017c jako ADMB-BINACA zgodnie ze standardami nazewnictwa EMCDDA) to syntetyczny zwi\u0105zek kannabinoidowy. Zam\u00f3w teraz!","robots":{"index":"index","follow":"follow","max-snippet":"max-snippet:-1","max-image-preview":"max-image-preview:large","max-video-preview":"max-video-preview:-1"},"canonical":"https:\/\/narcopowders.com\/pl\/produkt\/buy-adb-butinaca-online\/","og_locale":"pl_PL","og_type":"article","og_title":"Buy ADB-Butinaca - ADB-Butinaca for Sale | NarcoPowders","og_description":"Buy ADB-Butinaca - ADB-BUTINACA (also known as ADMB-BINACA under the EMCDDA naming standards) is a synthetic cannabinoid compound. Order Now!","og_url":"https:\/\/narcopowders.com\/pl\/produkt\/buy-adb-butinaca-online\/","og_site_name":"Narco Powders","article_modified_time":"2025-03-26T12:20:50+00:00","og_image":[{"width":600,"height":600,"url":"https:\/\/narcopowders.com\/wp-content\/uploads\/2024\/05\/Add-b.gif","type":"image\/gif"}],"twitter_card":"summary_large_image","twitter_misc":{"Szacowany czas czytania":"3 minuty"},"schema":{"@context":"https:\/\/schema.org","@graph":[{"@type":"WebPage","@id":"https:\/\/narcopowders.com\/product\/buy-adb-butinaca-online\/","url":"https:\/\/narcopowders.com\/product\/buy-adb-butinaca-online\/","name":"Kup ADB-Butinaca - ADB-Butinaca na sprzeda\u017c | NarcoPowders","isPartOf":{"@id":"https:\/\/narcopowders.com\/#website"},"primaryImageOfPage":{"@id":"https:\/\/narcopowders.com\/product\/buy-adb-butinaca-online\/#primaryimage"},"image":{"@id":"https:\/\/narcopowders.com\/product\/buy-adb-butinaca-online\/#primaryimage"},"thumbnailUrl":"https:\/\/narcopowders.com\/wp-content\/uploads\/2024\/05\/Add-b.gif","datePublished":"2024-05-23T06:14:19+00:00","dateModified":"2025-03-26T12:20:50+00:00","description":"Kup ADB-Butinaca - ADB-BUTINACA (znana r\u00f3wnie\u017c jako ADMB-BINACA zgodnie ze standardami nazewnictwa EMCDDA) to syntetyczny zwi\u0105zek kannabinoidowy. Zam\u00f3w teraz!","breadcrumb":{"@id":"https:\/\/narcopowders.com\/product\/buy-adb-butinaca-online\/#breadcrumb"},"inLanguage":"pl-PL","potentialAction":[{"@type":"ReadAction","target":["https:\/\/narcopowders.com\/product\/buy-adb-butinaca-online\/"]}]},{"@type":"ImageObject","inLanguage":"pl-PL","@id":"https:\/\/narcopowders.com\/product\/buy-adb-butinaca-online\/#primaryimage","url":"https:\/\/narcopowders.com\/wp-content\/uploads\/2024\/05\/Add-b.gif","contentUrl":"https:\/\/narcopowders.com\/wp-content\/uploads\/2024\/05\/Add-b.gif","width":600,"height":600,"caption":"Buy ADB-Butinaca Online"},{"@type":"BreadcrumbList","@id":"https:\/\/narcopowders.com\/product\/buy-adb-butinaca-online\/#breadcrumb","itemListElement":[{"@type":"ListItem","position":1,"name":"Home","item":"https:\/\/narcopowders.com\/"},{"@type":"ListItem","position":2,"name":"Shop Page","item":"https:\/\/narcopowders.com\/shop\/"},{"@type":"ListItem","position":3,"name":"Buy ADB-Butinaca Online"}]},{"@type":"WebSite","@id":"https:\/\/narcopowders.com\/#website","url":"https:\/\/narcopowders.com\/","name":"Proszki Narco","description":"M\u00f3j blog WordPress","potentialAction":[{"@type":"SearchAction","target":{"@type":"EntryPoint","urlTemplate":"https:\/\/narcopowders.com\/?s={search_term_string}"},"query-input":{"@type":"PropertyValueSpecification","valueRequired":true,"valueName":"search_term_string"}}],"inLanguage":"pl-PL"}]}},"_links":{"self":[{"href":"https:\/\/narcopowders.com\/pl\/wp-json\/wp\/v2\/product\/20523","targetHints":{"allow":["GET"]}}],"collection":[{"href":"https:\/\/narcopowders.com\/pl\/wp-json\/wp\/v2\/product"}],"about":[{"href":"https:\/\/narcopowders.com\/pl\/wp-json\/wp\/v2\/types\/product"}],"replies":[{"embeddable":true,"href":"https:\/\/narcopowders.com\/pl\/wp-json\/wp\/v2\/comments?post=20523"}],"wp:featuredmedia":[{"embeddable":true,"href":"https:\/\/narcopowders.com\/pl\/wp-json\/wp\/v2\/media\/21268"}],"wp:attachment":[{"href":"https:\/\/narcopowders.com\/pl\/wp-json\/wp\/v2\/media?parent=20523"}],"wp:term":[{"taxonomy":"product_brand","embeddable":true,"href":"https:\/\/narcopowders.com\/pl\/wp-json\/wp\/v2\/product_brand?post=20523"},{"taxonomy":"product_cat","embeddable":true,"href":"https:\/\/narcopowders.com\/pl\/wp-json\/wp\/v2\/product_cat?post=20523"},{"taxonomy":"product_tag","embeddable":true,"href":"https:\/\/narcopowders.com\/pl\/wp-json\/wp\/v2\/product_tag?post=20523"}],"curies":[{"name":"wp","href":"https:\/\/api.w.org\/{rel}","templated":true}]}}