{"id":20525,"date":"2024-05-23T06:14:19","date_gmt":"2024-05-23T06:14:19","guid":{"rendered":"https:\/\/narcopowders.com\/?post_type=product&#038;p=20525"},"modified":"2025-03-26T12:53:04","modified_gmt":"2025-03-26T12:53:04","slug":"buy-sgt-151-online","status":"publish","type":"product","link":"https:\/\/narcopowders.com\/pl\/produkt\/kupic-sgt-151-online\/","title":{"rendered":"Kup Sgt-151 online"},"content":{"rendered":"<h2>Kup Sgt-151 online<\/h2>\n<p><a href=\"https:\/\/narcopowders.com\/pl\/produkt\/kupic-sgt-151-online\/\">SGT-151<\/a> Kup nowe zwi\u0105zki psychoaktywne zwane syntetycznymi kannabinoidami (SC), kt\u00f3re na\u015bladuj\u0105 dzia\u0142anie konopi. Produkty te, w tym mieszanki zio\u0142owe spryskiwane SC, by\u0142y dost\u0119pne w sprzeda\u017cy internetowej. Ze wzgl\u0119du na ich syntez\u0119 w tajnych laboratoriach, cz\u0119sto w oparciu o badania farmaceutyczne i patenty, na ca\u0142ym \u015bwiecie pojawi\u0142a si\u0119 fala odmian chemicznych SC, co utrudnia organom regulacyjnym regulowanie tych zwi\u0105zk\u00f3w. W ostatnich latach wiele silnie dzia\u0142aj\u0105cych zwi\u0105zk\u00f3w zosta\u0142o zsyntetyzowanych zgodnie z wnioskiem patentowym Bowdena i Williamsona (\u201e<a href=\"https:\/\/www.bing.com\/search?q=Buy%20Sgt-151%20Online&amp;qs=n&amp;form=QBRE&amp;sp=-1&amp;lq=0&amp;pq=buy%20sgt-151%20online&amp;sc=9-18&amp;sk=&amp;cvid=83347B03C78740C6B9C2D92CDCFAEF51&amp;ghsh=0&amp;ghacc=0&amp;ghpl=\">Zwi\u0105zki SGT<\/a>\u201e) sta\u0142y si\u0119 dost\u0119pne w sprzeda\u017cy. Podstawnik kumylowy przy\u0142\u0105czony do struktury indolu, indazolu lub azaindolu charakteryzuje te leki. W 2016 roku odkryto, \u017ce CUMYL-PEGACLONE, jeden z pierwszych zwi\u0105zk\u00f3w kumylowych, jest sprzedawany pod t\u0105 mark\u0105. ]. Niniejsze badanie ma na celu zrozumienie, co znajduje si\u0119 w opakowaniu <a href=\"https:\/\/narcopowders.com\/pl\/\">SGT-151 sold<\/a> w Internecie jako \u201esubstancja badawcza\u201d.<\/p>\n<p>Korzystaj\u0105c z bazy danych Cayman, kannabinoid zosta\u0142 zidentyfikowany na podstawie jego widm masowych (Chemical C. Cayman Spectral Library, Vol. v08302018). Substancj\u0119 analizowano metod\u0105 GC\/MS przy u\u017cyciu kolumny kapilarnej MEGA-5 MS (0,25 \u00b5m, 0,32 mm, 30 m). Do analizy chromatograficznej zastosowano nast\u0119puj\u0105ce parametry: wtrysk bez podzia\u0142u w temperaturze 280 \u00b0C i obj\u0119to\u015b\u0107 wtrysku 1 \u00b5L. Po utrzymywaniu temperatury 100 \u00b0C przez trzy minuty, temperatura pieca zosta\u0142a zwi\u0119kszona do 310 \u00b0C w tempie 30 \u00b0C na minut\u0119 i utrzymywana w tej temperaturze przez dziesi\u0119\u0107 minut. Zastosowano nast\u0119puj\u0105ce warunki MS: Energia jonizacji zosta\u0142a ustawiona na 70 eV, a zakres trybu skanowania u\u017cyty do akwizycji wynosi\u0142 od 30 do 450. Gazem no\u015bnym w tym przypadku by\u0142 hel. Do oczyszczania Clarity wykorzysta\u0142a HPLC\/DAD. Program w po\u0142\u0105czeniu z kolumn\u0105 z odwr\u00f3ceniem fazy. Uk\u0142ad gradientu rozpuszczalnika zawieraj\u0105cy (A) 5% 10 mM mr\u00f3wczan amoniaku i (B) 95% acetonitryl, zoptymalizowany pod k\u0105tem optymalnej rozdzielczo\u015bci, tworzy\u0142 faz\u0119 ruchom\u0105.<\/p>\n<h3>Co to jest SGT-151?<\/h3>\n<p><a href=\"https:\/\/www.google.com\/search?q=Buy+Sgt-151+Online&amp;num=10&amp;sca_esv=1a2a07081c7891bb&amp;rlz=1C1RXQR_enIN1098IN1098&amp;sxsrf=AHTn8zrgQHto-gSTqmRR2eUHZDnduxPV6g%3A1741762457061&amp;ei=mS_RZ--9A4LN1e8P99LpiQc&amp;ved=0ahUKEwiv7qTk-oOMAxWCZvUHHXdpOnEQ4dUDCBA&amp;uact=5&amp;oq=Buy+Sgt-151+Online&amp;gs_lp=Egxnd3Mtd2l6LXNlcnAiEkJ1eSBTZ3QtMTUxIE9ubGluZTIFECEYoAEyBRAhGKABMgUQIRigAUj9FFDSBVjlEHADeACQAQCYAb8CoAHuBqoBBzAuMi4xLjG4AQPIAQD4AQL4AQGYAgGgAuQBmAMAiAYBkgcDMi0xoAeCCw&amp;sclient=gws-wiz-serp\">SGT-151<\/a> to nowa substancja chemiczna, kt\u00f3ra szybko staje si\u0119 znana w \u015bwiecie bada\u0144. SGT-151 ma nazw\u0119 chemiczn\u0105 5-pentylo-2-(1-metylo-1-fenyloetylo)-2,5-dihydro-pirydo[4,3-b]indol-1-on. SGT-151 nale\u017cy do klasy syntetycznych kannabinoid\u00f3w. SGT-151 jest agonist\u0105 receptor\u00f3w CND.<\/p>\n<p>Daje eksperymentalne wyniki podobne do wielu innych syntetycznych kannabinoid\u00f3w, takich jak relaksacja, haj ca\u0142ego cia\u0142a, euforia i wzmocnienie kolor\u00f3w. Badacze chemiczni donosz\u0105, \u017ce ma silne podobie\u0144stwo do STS-135. SGT-151 jest dobrym dodatkiem do ka\u017cdego laboratorium badawczego.<\/p>\n<h3>Gdzie kupi\u0107 SGT-151?<\/h3>\n<p>We at Buy Nembutal sell high quality <a href=\"https:\/\/duckduckgo.com\/?q=Buy+Sgt-151+Online&amp;t=h_&amp;ia=web\">SGT-151<\/a>. Nasz SGT-151 jest zwykle dostarczany w postaci proszku. Mo\u017cesz jednak skontaktowa\u0107 si\u0119 z nami, je\u015bli chcesz uzyska\u0107 inny format. Cz\u0119sto mamy r\u00f3\u017cne rodzaje SGT-151 na sprzeda\u017c.<\/p>\n<p>Musisz mie\u0107 uko\u0144czone 18 lat, aby zakupi\u0107 SGT-151 od nas. Co wi\u0119cej, powiniene\u015b prowadzi\u0107 swoje badania chemiczne ca\u0142kowicie zgodnie z prawem obowi\u0105zuj\u0105cym w Twoim kraju. Nasz SGT-151 nie jest przeznaczony do stosowania na ludziach lub zwierz\u0119tach. Jest przeznaczony wy\u0142\u0105cznie do cel\u00f3w badawczych.<\/p>\n<h3>SGT-151 Legalno\u015b\u0107<\/h3>\n<p><a href=\"https:\/\/en.wikipedia.org\/wiki\/CUMYL-PEGACLONE\">SGT-151<\/a> nie jest planowany do u\u017cytku w wi\u0119kszo\u015bci kraj\u00f3w, g\u0142\u00f3wnie dlatego, \u017ce jest tak nowy. Mo\u017ce jednak zosta\u0107 uznany za nielegalny w krajach o silnych przepisach dotycz\u0105cych analog\u00f3w, takich jak Stany Zjednoczone.<\/p>","protected":false},"excerpt":{"rendered":"<p>Buy Sgt-151 Online SGT-151 Buy Novel psychoactive compounds called synthetic cannabinoids (SCs) mimic the effects of cannabis. These goods, which included herbal mixtures sprayed with SCs, were available for sale through online retailers. Due to their synthesis in covert laboratories, often based on pharmaceutical research and patents, a spate of chemical variations of SCs has [&hellip;]<\/p>","protected":false},"featured_media":21251,"comment_status":"open","ping_status":"closed","template":"","meta":{"_joinchat":[]},"product_brand":[],"product_cat":[1724,1538],"product_tag":[],"class_list":{"0":"post-20525","1":"product","2":"type-product","3":"status-publish","4":"has-post-thumbnail","6":"product_cat-research-chemicals","7":"product_cat-cannabinoids","9":"first","10":"instock","11":"shipping-taxable","12":"purchasable","13":"product-type-variable","14":"add-to-wishlist-after_add_to_cart"},"yoast_head":"<!-- This site is optimized with the Yoast SEO plugin v25.9 - https:\/\/yoast.com\/wordpress\/plugins\/seo\/ -->\n<title>Buy Sgt-151 Online - Sgt-151 Powder for Sale | NarcoPowders<\/title>\n<meta name=\"description\" content=\"NarcoPowders is the best trusted chemical powder store which provides high-quality Sgt-151 powder for sale at best price. Order Sgt-151, Buy Sgt-151 Online!\" \/>\n<meta name=\"robots\" content=\"index, follow, max-snippet:-1, max-image-preview:large, max-video-preview:-1\" \/>\n<link rel=\"canonical\" href=\"https:\/\/narcopowders.com\/pl\/produkt\/kupic-sgt-151-online\/\" \/>\n<meta property=\"og:locale\" content=\"pl_PL\" \/>\n<meta property=\"og:type\" content=\"article\" \/>\n<meta property=\"og:title\" content=\"Buy Sgt-151 Online - Sgt-151 Powder for Sale | NarcoPowders\" \/>\n<meta property=\"og:description\" content=\"NarcoPowders is the best trusted chemical powder store which provides high-quality Sgt-151 powder for sale at best price. Order Sgt-151, Buy Sgt-151 Online!\" \/>\n<meta property=\"og:url\" content=\"https:\/\/narcopowders.com\/pl\/produkt\/kupic-sgt-151-online\/\" \/>\n<meta property=\"og:site_name\" content=\"Narco Powders\" \/>\n<meta property=\"article:modified_time\" content=\"2025-03-26T12:53:04+00:00\" \/>\n<meta property=\"og:image\" content=\"https:\/\/narcopowders.com\/wp-content\/uploads\/2024\/05\/Sgt-151.gif\" \/>\n\t<meta property=\"og:image:width\" content=\"600\" \/>\n\t<meta property=\"og:image:height\" content=\"600\" \/>\n\t<meta property=\"og:image:type\" content=\"image\/gif\" \/>\n<meta name=\"twitter:card\" content=\"summary_large_image\" \/>\n<meta name=\"twitter:label1\" content=\"Szacowany czas czytania\" \/>\n\t<meta name=\"twitter:data1\" content=\"3 minuty\" \/>\n<!-- \/ Yoast SEO plugin. -->","yoast_head_json":{"title":"Kup Sgt-151 Online - Proszek Sgt-151 na sprzeda\u017c | NarcoPowders","description":"NarcoPowders to najlepszy zaufany sklep z proszkami chemicznymi, kt\u00f3ry zapewnia wysokiej jako\u015bci proszek Sgt-151 na sprzeda\u017c w najlepszej cenie. Zam\u00f3w Sgt-151, Kup Sgt-151 online!","robots":{"index":"index","follow":"follow","max-snippet":"max-snippet:-1","max-image-preview":"max-image-preview:large","max-video-preview":"max-video-preview:-1"},"canonical":"https:\/\/narcopowders.com\/pl\/produkt\/kupic-sgt-151-online\/","og_locale":"pl_PL","og_type":"article","og_title":"Buy Sgt-151 Online - Sgt-151 Powder for Sale | NarcoPowders","og_description":"NarcoPowders is the best trusted chemical powder store which provides high-quality Sgt-151 powder for sale at best price. Order Sgt-151, Buy Sgt-151 Online!","og_url":"https:\/\/narcopowders.com\/pl\/produkt\/kupic-sgt-151-online\/","og_site_name":"Narco Powders","article_modified_time":"2025-03-26T12:53:04+00:00","og_image":[{"width":600,"height":600,"url":"https:\/\/narcopowders.com\/wp-content\/uploads\/2024\/05\/Sgt-151.gif","type":"image\/gif"}],"twitter_card":"summary_large_image","twitter_misc":{"Szacowany czas czytania":"3 minuty"},"schema":{"@context":"https:\/\/schema.org","@graph":[{"@type":"WebPage","@id":"https:\/\/narcopowders.com\/product\/buy-sgt-151-online\/","url":"https:\/\/narcopowders.com\/product\/buy-sgt-151-online\/","name":"Kup Sgt-151 Online - Proszek Sgt-151 na sprzeda\u017c | NarcoPowders","isPartOf":{"@id":"https:\/\/narcopowders.com\/#website"},"primaryImageOfPage":{"@id":"https:\/\/narcopowders.com\/product\/buy-sgt-151-online\/#primaryimage"},"image":{"@id":"https:\/\/narcopowders.com\/product\/buy-sgt-151-online\/#primaryimage"},"thumbnailUrl":"https:\/\/narcopowders.com\/wp-content\/uploads\/2024\/05\/Sgt-151.gif","datePublished":"2024-05-23T06:14:19+00:00","dateModified":"2025-03-26T12:53:04+00:00","description":"NarcoPowders to najlepszy zaufany sklep z proszkami chemicznymi, kt\u00f3ry zapewnia wysokiej jako\u015bci proszek Sgt-151 na sprzeda\u017c w najlepszej cenie. Zam\u00f3w Sgt-151, Kup Sgt-151 online!","breadcrumb":{"@id":"https:\/\/narcopowders.com\/product\/buy-sgt-151-online\/#breadcrumb"},"inLanguage":"pl-PL","potentialAction":[{"@type":"ReadAction","target":["https:\/\/narcopowders.com\/product\/buy-sgt-151-online\/"]}]},{"@type":"ImageObject","inLanguage":"pl-PL","@id":"https:\/\/narcopowders.com\/product\/buy-sgt-151-online\/#primaryimage","url":"https:\/\/narcopowders.com\/wp-content\/uploads\/2024\/05\/Sgt-151.gif","contentUrl":"https:\/\/narcopowders.com\/wp-content\/uploads\/2024\/05\/Sgt-151.gif","width":600,"height":600,"caption":"Buy Sgt-151 Online"},{"@type":"BreadcrumbList","@id":"https:\/\/narcopowders.com\/product\/buy-sgt-151-online\/#breadcrumb","itemListElement":[{"@type":"ListItem","position":1,"name":"Home","item":"https:\/\/narcopowders.com\/"},{"@type":"ListItem","position":2,"name":"Shop Page","item":"https:\/\/narcopowders.com\/shop\/"},{"@type":"ListItem","position":3,"name":"Buy Sgt-151 Online"}]},{"@type":"WebSite","@id":"https:\/\/narcopowders.com\/#website","url":"https:\/\/narcopowders.com\/","name":"Proszki Narco","description":"M\u00f3j blog WordPress","potentialAction":[{"@type":"SearchAction","target":{"@type":"EntryPoint","urlTemplate":"https:\/\/narcopowders.com\/?s={search_term_string}"},"query-input":{"@type":"PropertyValueSpecification","valueRequired":true,"valueName":"search_term_string"}}],"inLanguage":"pl-PL"}]}},"_links":{"self":[{"href":"https:\/\/narcopowders.com\/pl\/wp-json\/wp\/v2\/product\/20525","targetHints":{"allow":["GET"]}}],"collection":[{"href":"https:\/\/narcopowders.com\/pl\/wp-json\/wp\/v2\/product"}],"about":[{"href":"https:\/\/narcopowders.com\/pl\/wp-json\/wp\/v2\/types\/product"}],"replies":[{"embeddable":true,"href":"https:\/\/narcopowders.com\/pl\/wp-json\/wp\/v2\/comments?post=20525"}],"wp:featuredmedia":[{"embeddable":true,"href":"https:\/\/narcopowders.com\/pl\/wp-json\/wp\/v2\/media\/21251"}],"wp:attachment":[{"href":"https:\/\/narcopowders.com\/pl\/wp-json\/wp\/v2\/media?parent=20525"}],"wp:term":[{"taxonomy":"product_brand","embeddable":true,"href":"https:\/\/narcopowders.com\/pl\/wp-json\/wp\/v2\/product_brand?post=20525"},{"taxonomy":"product_cat","embeddable":true,"href":"https:\/\/narcopowders.com\/pl\/wp-json\/wp\/v2\/product_cat?post=20525"},{"taxonomy":"product_tag","embeddable":true,"href":"https:\/\/narcopowders.com\/pl\/wp-json\/wp\/v2\/product_tag?post=20525"}],"curies":[{"name":"wp","href":"https:\/\/api.w.org\/{rel}","templated":true}]}}