{"id":20526,"date":"2024-05-23T06:14:19","date_gmt":"2024-05-23T06:14:19","guid":{"rendered":"https:\/\/narcopowders.com\/?post_type=product&#038;p=20526"},"modified":"2025-03-26T12:51:13","modified_gmt":"2025-03-26T12:51:13","slug":"buy-sgt-263-online","status":"publish","type":"product","link":"https:\/\/narcopowders.com\/pl\/produkt\/buy-sgt-263-online\/","title":{"rendered":"Kup Sgt -263 online"},"content":{"rendered":"<h2>Kup SGT-263 online<\/h2>\n<p><a href=\"https:\/\/narcopowders.com\/pl\/\">Kup SGT-263<\/a>, The use of the cannabinoid <a href=\"https:\/\/en.wikipedia.org\/wiki\/Sgt._Frog\">SGT-263<\/a> jest legalne w naszym kraju pochodzenia. Obowi\u0105zkiem u\u017cytkownika jest znajomo\u015b\u0107 i przestrzeganie lokalnych, stanowych, federalnych, prowincjonalnych i lokalnych przepis\u00f3w. Je\u015bli zdecydujesz si\u0119 z\u0142o\u017cy\u0107 zam\u00f3wienie, nie b\u0119dziemy ponosi\u0107 odpowiedzialno\u015bci za jakiekolwiek dzia\u0142ania lub wyniki.<\/p>\n<h3>Dlaczego warto kupi\u0107 u nas kannabinoid SGT-263?<\/h3>\n<p>We have been supplying <a href=\"https:\/\/narcopowders.com\/pl\/produkt\/buy-sgt-263-online\/\">research chemicals<\/a> for a long time and are a reliable source.<\/p>\n<p>Czat na \u017cywo jest dost\u0119pny 24\/7. Je\u015bli masz jakie\u015b pytania, nie wahaj si\u0119 zapyta\u0107.<\/p>\n<p>R\u00f3\u017cne metody p\u0142atno\u015bci dostosowane do Twoich potrzeb<\/p>\n<p>Wysy\u0142k\u0119 realizujemy tego samego dnia, o ile zam\u00f3wienie wp\u0142ynie do godziny 16:00 czasu \u015brodkowoeuropejskiego.<\/p>\n<p>Uczciwe opinie naszych klient\u00f3w daj\u0105 ci mo\u017cliwo\u015b\u0107 robienia zakup\u00f3w bez obaw.<\/p>\n<p><a href=\"https:\/\/duckduckgo.com\/?q=Buy+Sgt+-263+Online&amp;t=h_&amp;ia=web\">NarcoPowders.com<\/a> jest \u015bwiatowym liderem w dystrybucji chemikali\u00f3w badawczych i globalnym producentem chemikali\u00f3w badawczych, za\u0142o\u017conym w 2008 roku. Dzia\u0142amy. Wszystkie produkty s\u0105 wysy\u0142ane z naszych magazyn\u00f3w w Hongkongu, Chinach, UE i na Ukrainie. Jeste\u015bmy szybcy i niezawodni, a nasza rozleg\u0142a sie\u0107 dystrybucji gwarantuje, \u017ce ka\u017cdy zam\u00f3wiony produkt dotrze na czas, zostanie dostarczony do wybranych lokalizacji odbioru i dotrze do miejsca przeznaczenia na czas.<\/p>\n<p>Naszym g\u0142\u00f3wnym celem jest zadowolenie klienta, dlatego te\u017c staramy si\u0119 zapewni\u0107 doskona\u0142\u0105 obs\u0142ug\u0119 klienta. Sk\u0142adaj\u0105c zam\u00f3wienie w Top Cannabinoids Shop, mo\u017cesz mie\u0107 pewno\u015b\u0107, \u017ce zostanie ono szybko dostarczone pod wskazany adres. Ponadto oferujemy szereg opcji wysy\u0142ki, kt\u00f3re pozwalaj\u0105 nam dostarcza\u0107 towary naszym klientom na wielu rynkach i w wielu lokalizacjach na ca\u0142ym \u015bwiecie. Ka\u017cdy produkt na tej stronie<\/p>\n<p>s\u0105 oferowane do sprzeda\u017cy wy\u0142\u0105cznie w celu wspierania bada\u0144 i edukacji. Nie sprzedajemy \u017cadnych naszych produkt\u00f3w do nielegalnego u\u017cytku lub konsumpcji przez ludzi lub zwierz\u0119ta.<\/p>\n<p>1-(5-fluoropentyl) lub SGT-263 (2-fenylopropano-2-ylo)-N-podobny do MMB-CHMINACA, -7-azaindolo-3-karboksyamid jest bardzo silnym zwi\u0105zkiem. Sprzedawany jako narkotyk designerski, SGT-263 jest syntetycznym kannabinoidem opartym na pirolopirydyno-3-karboksyamidzie.<\/p>\n<h3>SGT-263 jest opatentowany przez wiod\u0105c\u0105 na \u015bwiecie firm\u0119.<\/h3>\n<p>SGT-263, unikalny kannabinoid, kt\u00f3ry niedawno pojawi\u0142 si\u0119 na rynku, zosta\u0142 zatwierdzony praktycznie w ka\u017cdym kraju, w tym w Niemczech.<\/p>\n<p>Ponadto SGT-263 jest dost\u0119pny pod nazw\u0105 ipac 1-(5-fluoropentylo).(2-fenylopropano-2-ylo)-N-3-karboksyamid z -1H-pirolo[2,3-b]pirydyny <a href=\"https:\/\/www.bing.com\/search?q=Buy%20Sgt%20-263%20Online&amp;qs=n&amp;form=QBRE&amp;sp=-1&amp;lq=0&amp;pq=buy%20sgt%20-263%20online&amp;sc=12-19&amp;sk=&amp;cvid=F24FE2F21C0348B9B9F359F348D4BA91&amp;ghsh=0&amp;ghacc=0&amp;ghpl=\">SGT- 263<\/a> .<\/p>\n<p>SGT-25 jest blisko spokrewniony z 1-(5-fluoropentylo)-N-(2-fenylopropano-2-ylo)-7-azaindolo-3-karboksyamidem, kannabinoidem. Ponadto, proszek RC jest obecnie legalny w ka\u017cdym kraju europejskim. SGT-263 to skr\u00f3t od Street Names: SGT-25 to substancja u\u017cywana okazjonalnie w celach rekreacyjnych i zawarta w \"C-Liquid\", dodatku do p\u0142yn\u00f3w do e-papieros\u00f3w.<\/p>\n<p>Farmakologia: 1. (Fluoropentyl-5-)(2-fenylopropan-2-ylo)-N-D Pomimo skomplikowanego dzia\u0142ania farmakologicznego, -7-azaindolo-3-karboksyamid jest syntetycznym kannabinoidem nale\u017c\u0105cym do rodziny indazolo-3-karboksyamid\u00f3w. Oczekuje si\u0119, \u017ce selektywno\u015b\u0107 dla receptora CB1 b\u0119dzie oko\u0142o cztery razy wy\u017csza ni\u017c w przypadku 5F-CUMYL-PINACA.<\/p>\n<p>Por\u00f3wnywalne pozycje: MMB-CHMINACA; CUMYL PICA; 5F-SDB-006<\/p>\n<ul>\n<li>SDB-006; CUMYL PINACA; CUMYL-THPINACA<\/li>\n<\/ul>\n<p>Przed z\u0142o\u017ceniem zam\u00f3wienia nale\u017cy upewni\u0107 si\u0119, \u017ce miejsce pracy jest dobrze wentylowane i \u017ce jest si\u0119 odpowiednio przygotowanym do pracy z chemikaliami badawczymi.<\/p>\n<h3>Co to jest SGT-263?<\/h3>\n<p>SGT-263 to nowy syntetyczny kannabinoid, kt\u00f3ry istnieje dopiero od 2016 roku. Ta badana substancja chemiczna jest silnym agonist\u0105 receptor\u00f3w CB1 i CB2. SGT-263 zosta\u0142 opisany przez badaczy chemii jako daj\u0105cy podobne wyniki do ADB-FUBINACA, innego popularnego syntetycznego kannabinoidu. Wyniki eksperyment\u00f3w z SGT-263 generalnie wykazuj\u0105 podobne rezultaty do wielu innych syntetycznych kannabinoid\u00f3w. Je\u015bli wi\u0119c lubisz eksperymentowa\u0107 z innymi syntetycznymi kannabinoidami, to prawdopodobnie b\u0119dziesz zadowolony z posiadania SGT-263 w swoim laboratorium.<\/p>\n<h3>Gdzie mog\u0119 kupi\u0107 SGT-263?<\/h3>\n<p>SGT-263 mo\u017cna kupi\u0107 na stronie internetowej Buy NarcoPowders. Nasz SGT-263 jest zwykle dost\u0119pny w postaci proszku. Je\u015bli jednak wolisz inne formy tej substancji chemicznej, skontaktuj si\u0119 z nami, aby sprawdzi\u0107, czy mamy inn\u0105 dost\u0119pn\u0105 form\u0119. Cz\u0119sto dost\u0119pne s\u0105 r\u00f3\u017cne kszta\u0142ty. Musisz mie\u0107 co najmniej 18 lat, aby zakupi\u0107 od nas <a href=\"https:\/\/www.google.com\/search?q=Buy+Sgt+-263+Online&amp;sca_esv=16def464f60f9903&amp;sxsrf=AHTn8zoPPZu82pwiT2LkmFR2ChE5PQ1veQ%3A1742993009664&amp;ei=cfbjZ_OhKNmS0PEP6OHzoQk&amp;ved=0ahUKEwiznr_54qeMAxVZCTQIHejwPJQQ4dUDCBA&amp;uact=5&amp;oq=Buy+Sgt+-263+Online&amp;gs_lp=Egxnd3Mtd2l6LXNlcnAiE0J1eSBTZ3QgLTI2MyBPbmxpbmVIjghQoARYoARwAXgAkAEAmAHNAqABzQKqAQMzLTG4AQPIAQD4AQL4AQGYAgCgAgCYAwCIBgGSBwCgB0SyBwC4BwA&amp;sclient=gws-wiz-serp\">purchase SGT-263<\/a> od nas i zgodnie z przepisami dotycz\u0105cymi substancji chemicznych w Twoim kraju. Nasz SGT-263 nie jest przeznaczony do stosowania na ludziach ani zwierz\u0119tach, lecz wy\u0142\u0105cznie do cel\u00f3w badawczych.<\/p>\n<h3>SGT-263 Legalno\u015b\u0107<\/h3>\n<p>Poniewa\u017c SGT-263 jest tak nowy, nie jest obecnie zatwierdzony w wi\u0119kszo\u015bci kraj\u00f3w, co czyni go legalnym. Jednak niekt\u00f3re kraje, takie jak Stany Zjednoczone, maj\u0105 surowe przepisy dotycz\u0105ce analog\u00f3w, kt\u00f3re mog\u0105 potencjalnie uczyni\u0107 t\u0119 substancj\u0119 chemiczn\u0105 nielegaln\u0105.<\/p>","protected":false},"excerpt":{"rendered":"<p>Buy SGT-263 online Buy SGT-263, The use of the cannabinoid SGT-263 is legal in our country of origin. It is your responsibility to know and comply with local, state, federal, provincial and local laws. Should you decide to place an order, we will not be liable for any actions or results . Why should you [&hellip;]<\/p>","protected":false},"featured_media":21249,"comment_status":"open","ping_status":"closed","template":"","meta":{"_joinchat":[]},"product_brand":[],"product_cat":[1724,1538],"product_tag":[],"class_list":{"0":"post-20526","1":"product","2":"type-product","3":"status-publish","4":"has-post-thumbnail","6":"product_cat-research-chemicals","7":"product_cat-cannabinoids","9":"first","10":"instock","11":"shipping-taxable","12":"purchasable","13":"product-type-variable","14":"add-to-wishlist-after_add_to_cart"},"yoast_head":"<!-- This site is optimized with the Yoast SEO plugin v25.9 - https:\/\/yoast.com\/wordpress\/plugins\/seo\/ -->\n<title>Buy SGT-263 Online - SGT-263 for sale | NarcoPowders<\/title>\n<meta name=\"description\" content=\"NarcoPowders is one of the leading chemical stores where you can get high-quality Sgt-263 powder for sale. Order Sgt-263, buy Sgt-263 online!\" \/>\n<meta name=\"robots\" content=\"index, follow, max-snippet:-1, max-image-preview:large, max-video-preview:-1\" \/>\n<link rel=\"canonical\" href=\"https:\/\/narcopowders.com\/pl\/produkt\/buy-sgt-263-online\/\" \/>\n<meta property=\"og:locale\" content=\"pl_PL\" \/>\n<meta property=\"og:type\" content=\"article\" \/>\n<meta property=\"og:title\" content=\"Buy SGT-263 Online - SGT-263 for sale | NarcoPowders\" \/>\n<meta property=\"og:description\" content=\"NarcoPowders is one of the leading chemical stores where you can get high-quality Sgt-263 powder for sale. Order Sgt-263, buy Sgt-263 online!\" \/>\n<meta property=\"og:url\" content=\"https:\/\/narcopowders.com\/pl\/produkt\/buy-sgt-263-online\/\" \/>\n<meta property=\"og:site_name\" content=\"Narco Powders\" \/>\n<meta property=\"article:modified_time\" content=\"2025-03-26T12:51:13+00:00\" \/>\n<meta property=\"og:image\" content=\"https:\/\/narcopowders.com\/wp-content\/uploads\/2024\/05\/Sgt-263.gif\" \/>\n\t<meta property=\"og:image:width\" content=\"600\" \/>\n\t<meta property=\"og:image:height\" content=\"600\" \/>\n\t<meta property=\"og:image:type\" content=\"image\/gif\" \/>\n<meta name=\"twitter:card\" content=\"summary_large_image\" \/>\n<meta name=\"twitter:label1\" content=\"Szacowany czas czytania\" \/>\n\t<meta name=\"twitter:data1\" content=\"4 minuty\" \/>\n<!-- \/ Yoast SEO plugin. -->","yoast_head_json":{"title":"Kup SGT-263 Online - SGT-263 na sprzeda\u017c | NarcoPowders","description":"NarcoPowders to jeden z wiod\u0105cych sklep\u00f3w chemicznych, w kt\u00f3rym mo\u017cna kupi\u0107 wysokiej jako\u015bci proszek Sgt-263 na sprzeda\u017c. Zam\u00f3w Sgt-263, kup Sgt-263 online!","robots":{"index":"index","follow":"follow","max-snippet":"max-snippet:-1","max-image-preview":"max-image-preview:large","max-video-preview":"max-video-preview:-1"},"canonical":"https:\/\/narcopowders.com\/pl\/produkt\/buy-sgt-263-online\/","og_locale":"pl_PL","og_type":"article","og_title":"Buy SGT-263 Online - SGT-263 for sale | NarcoPowders","og_description":"NarcoPowders is one of the leading chemical stores where you can get high-quality Sgt-263 powder for sale. Order Sgt-263, buy Sgt-263 online!","og_url":"https:\/\/narcopowders.com\/pl\/produkt\/buy-sgt-263-online\/","og_site_name":"Narco Powders","article_modified_time":"2025-03-26T12:51:13+00:00","og_image":[{"width":600,"height":600,"url":"https:\/\/narcopowders.com\/wp-content\/uploads\/2024\/05\/Sgt-263.gif","type":"image\/gif"}],"twitter_card":"summary_large_image","twitter_misc":{"Szacowany czas czytania":"4 minuty"},"schema":{"@context":"https:\/\/schema.org","@graph":[{"@type":"WebPage","@id":"https:\/\/narcopowders.com\/product\/buy-sgt-263-online\/","url":"https:\/\/narcopowders.com\/product\/buy-sgt-263-online\/","name":"Kup SGT-263 Online - SGT-263 na sprzeda\u017c | NarcoPowders","isPartOf":{"@id":"https:\/\/narcopowders.com\/#website"},"primaryImageOfPage":{"@id":"https:\/\/narcopowders.com\/product\/buy-sgt-263-online\/#primaryimage"},"image":{"@id":"https:\/\/narcopowders.com\/product\/buy-sgt-263-online\/#primaryimage"},"thumbnailUrl":"https:\/\/narcopowders.com\/wp-content\/uploads\/2024\/05\/Sgt-263.gif","datePublished":"2024-05-23T06:14:19+00:00","dateModified":"2025-03-26T12:51:13+00:00","description":"NarcoPowders to jeden z wiod\u0105cych sklep\u00f3w chemicznych, w kt\u00f3rym mo\u017cna kupi\u0107 wysokiej jako\u015bci proszek Sgt-263 na sprzeda\u017c. Zam\u00f3w Sgt-263, kup Sgt-263 online!","breadcrumb":{"@id":"https:\/\/narcopowders.com\/product\/buy-sgt-263-online\/#breadcrumb"},"inLanguage":"pl-PL","potentialAction":[{"@type":"ReadAction","target":["https:\/\/narcopowders.com\/product\/buy-sgt-263-online\/"]}]},{"@type":"ImageObject","inLanguage":"pl-PL","@id":"https:\/\/narcopowders.com\/product\/buy-sgt-263-online\/#primaryimage","url":"https:\/\/narcopowders.com\/wp-content\/uploads\/2024\/05\/Sgt-263.gif","contentUrl":"https:\/\/narcopowders.com\/wp-content\/uploads\/2024\/05\/Sgt-263.gif","width":600,"height":600,"caption":"Buy Sgt -263 Online"},{"@type":"BreadcrumbList","@id":"https:\/\/narcopowders.com\/product\/buy-sgt-263-online\/#breadcrumb","itemListElement":[{"@type":"ListItem","position":1,"name":"Home","item":"https:\/\/narcopowders.com\/"},{"@type":"ListItem","position":2,"name":"Shop Page","item":"https:\/\/narcopowders.com\/shop\/"},{"@type":"ListItem","position":3,"name":"Buy Sgt -263 Online"}]},{"@type":"WebSite","@id":"https:\/\/narcopowders.com\/#website","url":"https:\/\/narcopowders.com\/","name":"Proszki Narco","description":"M\u00f3j blog WordPress","potentialAction":[{"@type":"SearchAction","target":{"@type":"EntryPoint","urlTemplate":"https:\/\/narcopowders.com\/?s={search_term_string}"},"query-input":{"@type":"PropertyValueSpecification","valueRequired":true,"valueName":"search_term_string"}}],"inLanguage":"pl-PL"}]}},"_links":{"self":[{"href":"https:\/\/narcopowders.com\/pl\/wp-json\/wp\/v2\/product\/20526","targetHints":{"allow":["GET"]}}],"collection":[{"href":"https:\/\/narcopowders.com\/pl\/wp-json\/wp\/v2\/product"}],"about":[{"href":"https:\/\/narcopowders.com\/pl\/wp-json\/wp\/v2\/types\/product"}],"replies":[{"embeddable":true,"href":"https:\/\/narcopowders.com\/pl\/wp-json\/wp\/v2\/comments?post=20526"}],"wp:featuredmedia":[{"embeddable":true,"href":"https:\/\/narcopowders.com\/pl\/wp-json\/wp\/v2\/media\/21249"}],"wp:attachment":[{"href":"https:\/\/narcopowders.com\/pl\/wp-json\/wp\/v2\/media?parent=20526"}],"wp:term":[{"taxonomy":"product_brand","embeddable":true,"href":"https:\/\/narcopowders.com\/pl\/wp-json\/wp\/v2\/product_brand?post=20526"},{"taxonomy":"product_cat","embeddable":true,"href":"https:\/\/narcopowders.com\/pl\/wp-json\/wp\/v2\/product_cat?post=20526"},{"taxonomy":"product_tag","embeddable":true,"href":"https:\/\/narcopowders.com\/pl\/wp-json\/wp\/v2\/product_tag?post=20526"}],"curies":[{"name":"wp","href":"https:\/\/api.w.org\/{rel}","templated":true}]}}