{"id":20558,"date":"2024-05-23T06:14:29","date_gmt":"2024-05-23T06:14:29","guid":{"rendered":"https:\/\/narcopowders.com\/?post_type=product&#038;p=20558"},"modified":"2025-03-10T09:59:29","modified_gmt":"2025-03-10T09:59:29","slug":"buy-jwh-018-online","status":"publish","type":"product","link":"https:\/\/narcopowders.com\/pl\/produkt\/buy-jwh-018-online\/","title":{"rendered":"Kup JWH-018 online"},"content":{"rendered":"<h2>Czym jest JWH-018?<\/h2>\n<p><a href=\"https:\/\/narcopowders.com\/pl\/produkt\/buy-jwh-018-online\/\">JWH-018<\/a> (1-pentyl-3-(1-naphthoyl)indole, NA-PIMO[3] or AM-678) is a naphthoylindole-based analgesic that functions as a full agonist at both the CB1 and CB2 cannabinoid receptors, with modest selectivity for CB2. It has effects in animals that are comparable to those of tetrahydrocannabinol (THC), a cannabinoid found naturally in cannabis, which has led to its use in synthetic cannabis products sold legally in some countries as &#8220;incense blends&#8221;.<\/p>\n<h3>Kup JWH-018 online<\/h3>\n<p><a href=\"https:\/\/www.bing.com\/search?q=Buy%20JWH-018%20online&amp;qs=n&amp;form=QBRE&amp;sp=-1&amp;lq=0&amp;pq=buy%20jwh-018%20online&amp;sc=1-18&amp;sk=&amp;cvid=7D99A2FC010545D7BA30995B6B57C7A2&amp;ghsh=0&amp;ghacc=0&amp;ghpl=\">Buy JWH-018, Our online store<\/a> in USA sells JWH 018 powder. We offer several versions of the herbal mixture \u201cSpice\u201d. Due to the intoxicating properties of this synthetic cannabinoid, which are similar to those of 9-THC in cannabis, it is mostly consumed illegally. While <a href=\"https:\/\/www.google.de\/search?q=Buy+JWH-018+online&amp;sca_esv=1a2a07081c7891bb&amp;rlz=1C1RXQR_enIN1098IN1098&amp;ei=nrfOZ4uoJ5Whvr0P6Ob5eA&amp;ved=0ahUKEwiL78GKoP-LAxWVkK8BHWhzHg8Q4dUDCBA&amp;uact=5&amp;oq=Buy+JWH-018+online&amp;gs_lp=Egxnd3Mtd2l6LXNlcnAiEkJ1eSBKV0gtMDE4IG9ubGluZUj0B1C1A1i1A3ACeACQAQCYAccBoAHHAaoBAzAuMbgBA8gBAPgBAvgBAZgCAKACAJgDAIgGAZIHAKAHRg&amp;sclient=gws-wiz-serp\">jwh 018<\/a> is significantly more effective than similar cannabis dosages, it also presents significant challenges in identification using traditional 9-THC testing methods. In July 2009, <a href=\"https:\/\/www.bing.com\/search?q=Buy%20JWH-018%20online&amp;qs=n&amp;form=QBRE&amp;sp=-1&amp;lq=0&amp;pq=buy%20jwh-018%20online&amp;sc=1-18&amp;sk=&amp;cvid=7D99A2FC010545D7BA30995B6B57C7A2&amp;ghsh=0&amp;ghacc=0&amp;ghpl=\">JWH-018<\/a> was added to the U.S. Drug Enforcement Administration&#8217;s (DEA) list of drugs and chemicals of concern . In addition to reports of Spice seizures in Ohio and Florida, other states, including Alabama, Arkansas and Florida, have passed laws restricting the sale or possession of<a href=\"https:\/\/www.google.de\/search?q=Buy+JWH-018+online&amp;sca_esv=1a2a07081c7891bb&amp;rlz=1C1RXQR_enIN1098IN1098&amp;ei=nrfOZ4uoJ5Whvr0P6Ob5eA&amp;ved=0ahUKEwiL78GKoP-LAxWVkK8BHWhzHg8Q4dUDCBA&amp;uact=5&amp;oq=Buy+JWH-018+online&amp;gs_lp=Egxnd3Mtd2l6LXNlcnAiEkJ1eSBKV0gtMDE4IG9ubGluZUj0B1C1A1i1A3ACeACQAQCYAccBoAHHAaoBAzAuMbgBA8gBAPgBAvgBAZgCAKACAJgDAIgGAZIHAKAHRg&amp;sclient=gws-wiz-serp\"> JWH-018 powder<\/a><a href=\"https:\/\/narcopowders.com\/nl\/productcategorie\/cannabinoids\/\"> .<\/a><\/p>\n<h3>JWH-018 na sprzeda\u017c | Zam\u00f3w JWH-018 online<\/h3>\n<p>JWH 018, umiarkowanie selektywny agonista obwodowego receptora kannabinoidowego (CB2), jest przygotowywany z aminoalkilindolu WIN 55,212-2. Warto\u015bci Ki dla wi\u0105zania z receptorami CB1 i CB2 wynosz\u0105 odpowiednio 9,0 i 2,94 nM, przy stosunku CB1:CB2 wynosz\u0105cym 3,061. Przeprowadzono testy na szczurach, a wyniki by\u0142y por\u00f3wnywalne z wynikami WIN 55,212-2 pod wzgl\u0119dem temperatury w odbycie, maksymalnego efektu antynocyceptywnego w te\u015bcie ogona i hamowania spontanicznej aktywno\u015bci. Sprzeda\u017c proszku JWH 018 online w USA. <a href=\"https:\/\/narcopowders.com\/pl\/\">Narco Powders.<\/a><\/p>\n<h3>JWH-018 dost\u0119pny w Europie<\/h3>\n<p>According to animal pharmacological studies, the pill JWH-018 has a similar effect to 9-THC. In mice it causes analgesia, a drop in body temperature, catalepsy and a general decrease in activity. By combining these four effects, scientists can predict psychoactivity in humans comparable to that of 9-THC. <a href=\"https:\/\/duckduckgo.com\/?q=Buy+JWH-018+online&amp;t=h_&amp;ia=web\">JWH-018&#8217;s<\/a> performance in all four tests suggests that it is likely to produce psychoactive effects in humans comparable to those of THC. In drug discrimination studies in rats, JWH-018 generalized to 9-THC and elicited subjective responses similar to those of 9-THC. JWH-018 binds to the cannabinoid receptor CB1 in the brain with greater affinity than 9-THC and exhibits agonistic properties in functional assays, suggesting that it may act similarly to 9-THC in vivo .<\/p>\n<h3>Kup syntetyczne kannabinoidy<\/h3>\n<p>W przeciwie\u0144stwie do THC, kt\u00f3ry jest niekompletnym agonist\u0105 receptor\u00f3w CB1, zakup JWH-018 online i liczne zmodyfikowane kannabinoidy s\u0105 pe\u0142nymi agonistami. Wykazano, \u017ce THC hamuje neuroprzeka\u017anictwo receptora GABA w m\u00f3zgu za po\u015brednictwem kilku szlak\u00f3w. JWH-018 mo\u017ce powodowa\u0107 skrajne z\u0142e samopoczucie, dreszcze, a w rzadkich przypadkach (g\u0142\u00f3wnie u niestandardowych klient\u00f3w JWH) drgawki, poniewa\u017c hamuje neuroprzeka\u017anictwo GABA bardziej adekwatnie ni\u017c THC. Pe\u0142ni agoni\u015bci receptora kannabinoidowego mog\u0105 stanowi\u0107 realne zagro\u017cenie dla klienta, je\u015bli s\u0105 stosowane w nadmiarze.<\/p>\n<p>Various physical and mental unfriendly effects have been noted while using JWH-018 purchased online. In one study, insane relapses and malaise were described as side effects in thoroughly treated patients with mental illnesses after inhaling <a href=\"https:\/\/duckduckgo.com\/?q=Buy+JWH-018+online&amp;t=h_&amp;ia=web\">JWH-018<\/a>.[21] Due to concerns about the ability of JWH-018 and other manufactured cannabinoids to cause psychosis in vulnerable people, it has been suggested that individuals with risk factors for insanity (such as a past or family history of psychosis) should not use these substances.<\/p>","protected":false},"excerpt":{"rendered":"<p>What is JWH-018? JWH-018 (1-pentyl-3-(1-naphthoyl)indole, NA-PIMO[3] or AM-678) is a naphthoylindole-based analgesic that functions as a full agonist at both the CB1 and CB2 cannabinoid receptors, with modest selectivity for CB2. It has effects in animals that are comparable to those of tetrahydrocannabinol (THC), a cannabinoid found naturally in cannabis, which has led to its [&hellip;]<\/p>","protected":false},"featured_media":21244,"comment_status":"open","ping_status":"closed","template":"","meta":{"_joinchat":[]},"product_brand":[],"product_cat":[1538],"product_tag":[],"class_list":{"0":"post-20558","1":"product","2":"type-product","3":"status-publish","4":"has-post-thumbnail","6":"product_cat-cannabinoids","8":"first","9":"instock","10":"shipping-taxable","11":"purchasable","12":"product-type-variable","13":"add-to-wishlist-after_add_to_cart"},"yoast_head":"<!-- This site is optimized with the Yoast SEO plugin v25.9 - https:\/\/yoast.com\/wordpress\/plugins\/seo\/ -->\n<title>Buy JWH-018 - JWH-018 FOR SALE<\/title>\n<meta name=\"description\" content=\"Buy JWH-018, Order pure JWH-018 Powder, JWH-018 Blotters online directly with secured and discreet delivery from within EU and USA.\" \/>\n<meta name=\"robots\" content=\"index, follow, max-snippet:-1, max-image-preview:large, max-video-preview:-1\" \/>\n<link rel=\"canonical\" href=\"https:\/\/narcopowders.com\/pl\/produkt\/buy-jwh-018-online\/\" \/>\n<meta property=\"og:locale\" content=\"pl_PL\" \/>\n<meta property=\"og:type\" content=\"article\" \/>\n<meta property=\"og:title\" content=\"Buy JWH-018 - JWH-018 FOR SALE\" \/>\n<meta property=\"og:description\" content=\"Buy JWH-018, Order pure JWH-018 Powder, JWH-018 Blotters online directly with secured and discreet delivery from within EU and USA.\" \/>\n<meta property=\"og:url\" content=\"https:\/\/narcopowders.com\/pl\/produkt\/buy-jwh-018-online\/\" \/>\n<meta property=\"og:site_name\" content=\"Narco Powders\" \/>\n<meta property=\"article:modified_time\" content=\"2025-03-10T09:59:29+00:00\" \/>\n<meta property=\"og:image\" content=\"https:\/\/narcopowders.com\/wp-content\/uploads\/2024\/05\/JwH018.gif\" \/>\n\t<meta property=\"og:image:width\" content=\"600\" \/>\n\t<meta property=\"og:image:height\" content=\"600\" \/>\n\t<meta property=\"og:image:type\" content=\"image\/gif\" \/>\n<meta name=\"twitter:card\" content=\"summary_large_image\" \/>\n<meta name=\"twitter:label1\" content=\"Szacowany czas czytania\" \/>\n\t<meta name=\"twitter:data1\" content=\"3 minuty\" \/>\n<!-- \/ Yoast SEO plugin. -->","yoast_head_json":{"title":"Kup JWH-018 - JWH-018 na sprzeda\u017c","description":"Kup JWH-018, zam\u00f3w czysty proszek JWH-018, blottery JWH-018 bezpo\u015brednio online z bezpieczn\u0105 i dyskretn\u0105 dostaw\u0105 z UE i USA.","robots":{"index":"index","follow":"follow","max-snippet":"max-snippet:-1","max-image-preview":"max-image-preview:large","max-video-preview":"max-video-preview:-1"},"canonical":"https:\/\/narcopowders.com\/pl\/produkt\/buy-jwh-018-online\/","og_locale":"pl_PL","og_type":"article","og_title":"Buy JWH-018 - JWH-018 FOR SALE","og_description":"Buy JWH-018, Order pure JWH-018 Powder, JWH-018 Blotters online directly with secured and discreet delivery from within EU and USA.","og_url":"https:\/\/narcopowders.com\/pl\/produkt\/buy-jwh-018-online\/","og_site_name":"Narco Powders","article_modified_time":"2025-03-10T09:59:29+00:00","og_image":[{"width":600,"height":600,"url":"https:\/\/narcopowders.com\/wp-content\/uploads\/2024\/05\/JwH018.gif","type":"image\/gif"}],"twitter_card":"summary_large_image","twitter_misc":{"Szacowany czas czytania":"3 minuty"},"schema":{"@context":"https:\/\/schema.org","@graph":[{"@type":"WebPage","@id":"https:\/\/narcopowders.com\/product\/buy-jwh-018-online\/","url":"https:\/\/narcopowders.com\/product\/buy-jwh-018-online\/","name":"Kup JWH-018 - JWH-018 na sprzeda\u017c","isPartOf":{"@id":"https:\/\/narcopowders.com\/#website"},"primaryImageOfPage":{"@id":"https:\/\/narcopowders.com\/product\/buy-jwh-018-online\/#primaryimage"},"image":{"@id":"https:\/\/narcopowders.com\/product\/buy-jwh-018-online\/#primaryimage"},"thumbnailUrl":"https:\/\/narcopowders.com\/wp-content\/uploads\/2024\/05\/JwH018.gif","datePublished":"2024-05-23T06:14:29+00:00","dateModified":"2025-03-10T09:59:29+00:00","description":"Kup JWH-018, zam\u00f3w czysty proszek JWH-018, blottery JWH-018 bezpo\u015brednio online z bezpieczn\u0105 i dyskretn\u0105 dostaw\u0105 z UE i USA.","breadcrumb":{"@id":"https:\/\/narcopowders.com\/product\/buy-jwh-018-online\/#breadcrumb"},"inLanguage":"pl-PL","potentialAction":[{"@type":"ReadAction","target":["https:\/\/narcopowders.com\/product\/buy-jwh-018-online\/"]}]},{"@type":"ImageObject","inLanguage":"pl-PL","@id":"https:\/\/narcopowders.com\/product\/buy-jwh-018-online\/#primaryimage","url":"https:\/\/narcopowders.com\/wp-content\/uploads\/2024\/05\/JwH018.gif","contentUrl":"https:\/\/narcopowders.com\/wp-content\/uploads\/2024\/05\/JwH018.gif","width":600,"height":600,"caption":"Buy JwH018 Online"},{"@type":"BreadcrumbList","@id":"https:\/\/narcopowders.com\/product\/buy-jwh-018-online\/#breadcrumb","itemListElement":[{"@type":"ListItem","position":1,"name":"Home","item":"https:\/\/narcopowders.com\/"},{"@type":"ListItem","position":2,"name":"Shop Page","item":"https:\/\/narcopowders.com\/shop\/"},{"@type":"ListItem","position":3,"name":"Buy JWH-018 online"}]},{"@type":"WebSite","@id":"https:\/\/narcopowders.com\/#website","url":"https:\/\/narcopowders.com\/","name":"Proszki Narco","description":"M\u00f3j blog WordPress","potentialAction":[{"@type":"SearchAction","target":{"@type":"EntryPoint","urlTemplate":"https:\/\/narcopowders.com\/?s={search_term_string}"},"query-input":{"@type":"PropertyValueSpecification","valueRequired":true,"valueName":"search_term_string"}}],"inLanguage":"pl-PL"}]}},"_links":{"self":[{"href":"https:\/\/narcopowders.com\/pl\/wp-json\/wp\/v2\/product\/20558","targetHints":{"allow":["GET"]}}],"collection":[{"href":"https:\/\/narcopowders.com\/pl\/wp-json\/wp\/v2\/product"}],"about":[{"href":"https:\/\/narcopowders.com\/pl\/wp-json\/wp\/v2\/types\/product"}],"replies":[{"embeddable":true,"href":"https:\/\/narcopowders.com\/pl\/wp-json\/wp\/v2\/comments?post=20558"}],"wp:featuredmedia":[{"embeddable":true,"href":"https:\/\/narcopowders.com\/pl\/wp-json\/wp\/v2\/media\/21244"}],"wp:attachment":[{"href":"https:\/\/narcopowders.com\/pl\/wp-json\/wp\/v2\/media?parent=20558"}],"wp:term":[{"taxonomy":"product_brand","embeddable":true,"href":"https:\/\/narcopowders.com\/pl\/wp-json\/wp\/v2\/product_brand?post=20558"},{"taxonomy":"product_cat","embeddable":true,"href":"https:\/\/narcopowders.com\/pl\/wp-json\/wp\/v2\/product_cat?post=20558"},{"taxonomy":"product_tag","embeddable":true,"href":"https:\/\/narcopowders.com\/pl\/wp-json\/wp\/v2\/product_tag?post=20558"}],"curies":[{"name":"wp","href":"https:\/\/api.w.org\/{rel}","templated":true}]}}