{"id":20560,"date":"2024-05-23T06:14:29","date_gmt":"2024-05-23T06:14:29","guid":{"rendered":"https:\/\/narcopowders.com\/?post_type=product&#038;p=20560"},"modified":"2025-05-06T07:06:10","modified_gmt":"2025-05-06T07:06:10","slug":"buy-mcpep-online","status":"publish","type":"product","link":"https:\/\/narcopowders.com\/pl\/produkt\/kupic-mcpep-online\/","title":{"rendered":"Kup MCPEP online"},"content":{"rendered":"<h2>Kup MCPEP ONLINE<\/h2>\n<p><a href=\"https:\/\/narcopowders.com\/pl\/produkt\/kupic-mcpep-online\/\">Kup MCPEP online<\/a>, MCPEP does not carry <a href=\"https:\/\/en.wikipedia.org\/wiki\/Meta-Chlorophenylpiperazine\">NarcoPowders<\/a> kt\u00f3re jest jedynym miejscem, w kt\u00f3rym mo\u017cna uzyska\u0107 r\u00f3\u017cnorodne tworzywa sztuczne pod jednym dachem. MCPEP przez Internet. Flakka, zwana tak\u017ce Rock, to lek pobudzaj\u0105cy z klasy katynon\u00f3w, opracowany w latach 60. ubieg\u0142ego wieku.<\/p>\n<p>MCPEP to syntetyczny energizator z grupy pirowaleronu i katynonu, kt\u00f3ry mo\u017cna kupi\u0107 online. Jest syntetycznie podobny do innych mieszanek pirowaleronu, na przyk\u0142ad <a href=\"https:\/\/narcopowders.com\/pl\/\">MDPV<\/a> i mieszanki katynonu. Zwykle jest dost\u0119pny w postaci du\u017cych, pi\u0119knych fragment\u00f3w kamieni lub szklistego proszku, kt\u00f3ry u\u017cytkownicy mog\u0105 po\u0142kn\u0105\u0107, aby uzyska\u0107 efekty podobne do amfetaminy.<\/p>\n<p><a href=\"https:\/\/duckduckgo.com\/?q=Buy+MCPEP+Online&amp;t=h_&amp;ia=web\">Kup MCPEP online<\/a> to prosty keton prolintanu, kt\u00f3ry jest sztucznie identyfikowany z pirovaleronem i jest cz\u0119sto u\u017cywany jako narkotyk rekreacyjny.<\/p>\n<p>Pirovaleron zapobiega odbieraniu okre\u015blonych synaps monoaminowych, takich jak te dla dopaminy i noradrenaliny, poprzez hamowanie ich no\u015bnik\u00f3w. Jedyn\u0105 r\u00f3\u017cnic\u0105 mi\u0119dzy 1,2-\u03b1-pirolidynopentiofenonem (chlorowodorkiem) a pirovaleronem jest brak grupy metylowej na reszcie fenylowej pirovaleronu. Uwa\u017ca si\u0119, \u017ce substancja ta jest psychotropowym \u015brodkiem energetyzuj\u0105cym podobnym do pirovaleronu. Ten artyku\u0142 jest u\u017cywany w kontek\u015bcie prawnym.<\/p>\n<h3>DLACZEGO NARCOPOWDERS JEST NAJLEPSZ\u0104 STRON\u0104 DO ZAKUP\u00d3W ONLINE MCPEP?<\/h3>\n<p>Jako autoryzowany dostawca, NarcoPowders zajmuje si\u0119 sprzeda\u017c\u0105 hurtow\u0105 i detaliczn\u0105 autentycznych proszk\u00f3w, takich jak Mcpep. Nasza firma gwarantuje nie tylko najlepsz\u0105 jako\u015b\u0107 MCPEP, ale tak\u017ce unikalne opakowanie i bezpieczny transport na ca\u0142ym \u015bwiecie.<\/p>\n<p>Krytyczna passa, kt\u00f3ra pojawia si\u0119 po za\u017cyciu MCPEP. Niekt\u00f3rzy klienci twierdzili, \u017ce stosowanie <a href=\"https:\/\/www.bing.com\/search?q=Buy%20MCPEP%20Online&amp;qs=n&amp;form=QBRE&amp;sp=-1&amp;lq=0&amp;pq=buy%20mcpep%20online&amp;sc=0-16&amp;sk=&amp;cvid=B141403045F84ECD9428F67F84CA2247&amp;ghsh=0&amp;ghacc=0&amp;ghpl=\">MCPEP<\/a> by\u0142o o wiele lepsze od palenia papieros\u00f3w, poniewa\u017c nie powodowa\u0142o rozpadu nosa.<\/p>\n<p>Dostarczamy wy\u0142\u0105cznie wysokiej jako\u015bci produkty do cel\u00f3w badawczych. W naszym sklepie internetowym mo\u017cna znale\u017a\u0107 najczystsze i najbardziej charakterystyczne MCPEP. Wsp\u00f3\u0142pracujemy z naszymi klientami i staramy si\u0119 zapewni\u0107 im wysokiej jako\u015bci us\u0142ugi.<\/p>\n<p><a href=\"https:\/\/www.google.com\/search?q=Buy+MCPEP+Online&amp;sca_esv=16def464f60f9903&amp;sxsrf=AHTn8zrl9GcjlIKOa8J63qa_B-tqGoFA5w%3A1742992516792&amp;ei=hPTjZ76JMK2Nm9cPiIPx0Ac&amp;ved=0ahUKEwi-27yO4aeMAxWtxuYEHYhBHHoQ4dUDCBA&amp;uact=5&amp;oq=Buy+MCPEP+Online&amp;gs_lp=Egxnd3Mtd2l6LXNlcnAiEEJ1eSBNQ1BFUCBPbmxpbmVI8gdQ9wNY9wNwAXgAkAEAmAEAoAEAqgEAuAEDyAEA-AEC-AEBmAIAoAIAmAMAiAYBkgcAoAcAsgcAuAcA&amp;sclient=gws-wiz-serp\">Kup MCPEP online<\/a> jest sztucznie identyfikowany z pirovaleronem i jest prostym ketonem prolintanu i jest regularnie u\u017cywany jako narkotyk rekreacyjny.<\/p>\n<h3>Zam\u00f3w proszek MCPEP<\/h3>\n<p>Ten pirovaleron jest inhibitorem przeka\u017anik\u00f3w dla niekt\u00f3rych synaps monoaminowych, w tym dopaminy i noradrenaliny, poprzez zapobieganie ich wychwytowi.1,2 \u03b1-Pyrrolidinopentiophenone (chlorowodorek) jest prostym pirovaleronem, w kt\u00f3rym brakuje tylko wi\u0105zki metylowej znajduj\u0105cej si\u0119 na cz\u0105steczce fenylowej pirovaleronu. Podobnie jak pirovaleron, zwi\u0105zek ten jest r\u00f3wnie\u017c uwa\u017cany za psychoaktywny \u015brodek energetyzuj\u0105cy. Ten element jest u\u017cywany w legalnych zastosowaniach.<\/p>\n<h3>DLACZEGO NarcoPowders jest najlepszym miejscem do zakupu MCPEP online?<\/h3>\n<p>NarcoPowders jest oficjalnym dealerem i negocjujemy zni\u017cki i wymian\u0119 detaliczn\u0105 takich legalnych proszk\u00f3w jak Mcpep. Nasza organizacja nie tylko zapewnia najwy\u017cszy kaliber MCPEP wraz z unikalnym pakietem i bezpiecznym transportem na ca\u0142ym \u015bwiecie MCPEP Kup online.<\/p>\n<p>&nbsp;<\/p>","protected":false},"excerpt":{"rendered":"<p>Buy MCPEP ONLINE MCPEP Buy Online, MCPEP does not carry NarcoPowders which is the only place to get a variety of plastics under one roof. MCPEP via the Internet. Flakka, also called Rock, is a cathinone-class stimulant drug developed in the 1960s. MCPEP is a synthetic energizer of the pyrovalerone and cathinone classes that can [&hellip;]<\/p>","protected":false},"featured_media":21258,"comment_status":"open","ping_status":"closed","template":"","meta":{"_joinchat":[]},"product_brand":[],"product_cat":[1539,1724],"product_tag":[],"class_list":{"0":"post-20560","1":"product","2":"type-product","3":"status-publish","4":"has-post-thumbnail","6":"product_cat-cathinone","7":"product_cat-research-chemicals","9":"first","10":"instock","11":"shipping-taxable","12":"purchasable","13":"product-type-variable","14":"add-to-wishlist-after_add_to_cart"},"yoast_head":"<!-- This site is optimized with the Yoast SEO plugin v25.9 - https:\/\/yoast.com\/wordpress\/plugins\/seo\/ -->\n<title>Buy MCPEP Online - MCPEP Powder for Sale - NarcoPowders<\/title>\n<meta name=\"description\" content=\"Are you looking to buy MCPEP online without prescription? NarcoPowders is the best place to buy MCPEP online legally, MCPEP powder for sale. Order Now!\" \/>\n<meta name=\"robots\" content=\"index, follow, max-snippet:-1, max-image-preview:large, max-video-preview:-1\" \/>\n<link rel=\"canonical\" href=\"https:\/\/narcopowders.com\/pl\/produkt\/kupic-mcpep-online\/\" \/>\n<meta property=\"og:locale\" content=\"pl_PL\" \/>\n<meta property=\"og:type\" content=\"article\" \/>\n<meta property=\"og:title\" content=\"Buy MCPEP Online - MCPEP Powder for Sale - NarcoPowders\" \/>\n<meta property=\"og:description\" content=\"Are you looking to buy MCPEP online without prescription? NarcoPowders is the best place to buy MCPEP online legally, MCPEP powder for sale. Order Now!\" \/>\n<meta property=\"og:url\" content=\"https:\/\/narcopowders.com\/pl\/produkt\/kupic-mcpep-online\/\" \/>\n<meta property=\"og:site_name\" content=\"Narco Powders\" \/>\n<meta property=\"article:modified_time\" content=\"2025-05-06T07:06:10+00:00\" \/>\n<meta property=\"og:image\" content=\"https:\/\/narcopowders.com\/wp-content\/uploads\/2024\/05\/Mcpep.gif\" \/>\n\t<meta property=\"og:image:width\" content=\"600\" \/>\n\t<meta property=\"og:image:height\" content=\"600\" \/>\n\t<meta property=\"og:image:type\" content=\"image\/gif\" \/>\n<meta name=\"twitter:card\" content=\"summary_large_image\" \/>\n<meta name=\"twitter:label1\" content=\"Szacowany czas czytania\" \/>\n\t<meta name=\"twitter:data1\" content=\"3 minuty\" \/>\n<!-- \/ Yoast SEO plugin. -->","yoast_head_json":{"title":"Kup MCPEP Online - Proszek MCPEP na sprzeda\u017c - NarcoPowders","description":"Chcesz kupi\u0107 MCPEP online bez recepty? NarcoPowders to najlepsze miejsce, aby legalnie kupi\u0107 MCPEP online, proszek MCPEP na sprzeda\u017c. Zam\u00f3w teraz!","robots":{"index":"index","follow":"follow","max-snippet":"max-snippet:-1","max-image-preview":"max-image-preview:large","max-video-preview":"max-video-preview:-1"},"canonical":"https:\/\/narcopowders.com\/pl\/produkt\/kupic-mcpep-online\/","og_locale":"pl_PL","og_type":"article","og_title":"Buy MCPEP Online - MCPEP Powder for Sale - NarcoPowders","og_description":"Are you looking to buy MCPEP online without prescription? NarcoPowders is the best place to buy MCPEP online legally, MCPEP powder for sale. Order Now!","og_url":"https:\/\/narcopowders.com\/pl\/produkt\/kupic-mcpep-online\/","og_site_name":"Narco Powders","article_modified_time":"2025-05-06T07:06:10+00:00","og_image":[{"width":600,"height":600,"url":"https:\/\/narcopowders.com\/wp-content\/uploads\/2024\/05\/Mcpep.gif","type":"image\/gif"}],"twitter_card":"summary_large_image","twitter_misc":{"Szacowany czas czytania":"3 minuty"},"schema":{"@context":"https:\/\/schema.org","@graph":[{"@type":"WebPage","@id":"https:\/\/narcopowders.com\/product\/buy-mcpep-online\/","url":"https:\/\/narcopowders.com\/product\/buy-mcpep-online\/","name":"Kup MCPEP Online - Proszek MCPEP na sprzeda\u017c - NarcoPowders","isPartOf":{"@id":"https:\/\/narcopowders.com\/#website"},"primaryImageOfPage":{"@id":"https:\/\/narcopowders.com\/product\/buy-mcpep-online\/#primaryimage"},"image":{"@id":"https:\/\/narcopowders.com\/product\/buy-mcpep-online\/#primaryimage"},"thumbnailUrl":"https:\/\/narcopowders.com\/wp-content\/uploads\/2024\/05\/Mcpep.gif","datePublished":"2024-05-23T06:14:29+00:00","dateModified":"2025-05-06T07:06:10+00:00","description":"Chcesz kupi\u0107 MCPEP online bez recepty? NarcoPowders to najlepsze miejsce, aby legalnie kupi\u0107 MCPEP online, proszek MCPEP na sprzeda\u017c. Zam\u00f3w teraz!","breadcrumb":{"@id":"https:\/\/narcopowders.com\/product\/buy-mcpep-online\/#breadcrumb"},"inLanguage":"pl-PL","potentialAction":[{"@type":"ReadAction","target":["https:\/\/narcopowders.com\/product\/buy-mcpep-online\/"]}]},{"@type":"ImageObject","inLanguage":"pl-PL","@id":"https:\/\/narcopowders.com\/product\/buy-mcpep-online\/#primaryimage","url":"https:\/\/narcopowders.com\/wp-content\/uploads\/2024\/05\/Mcpep.gif","contentUrl":"https:\/\/narcopowders.com\/wp-content\/uploads\/2024\/05\/Mcpep.gif","width":600,"height":600,"caption":"Buy MCPEP Online"},{"@type":"BreadcrumbList","@id":"https:\/\/narcopowders.com\/product\/buy-mcpep-online\/#breadcrumb","itemListElement":[{"@type":"ListItem","position":1,"name":"Home","item":"https:\/\/narcopowders.com\/"},{"@type":"ListItem","position":2,"name":"Shop Page","item":"https:\/\/narcopowders.com\/shop\/"},{"@type":"ListItem","position":3,"name":"Buy MCPEP Online"}]},{"@type":"WebSite","@id":"https:\/\/narcopowders.com\/#website","url":"https:\/\/narcopowders.com\/","name":"Proszki Narco","description":"M\u00f3j blog WordPress","potentialAction":[{"@type":"SearchAction","target":{"@type":"EntryPoint","urlTemplate":"https:\/\/narcopowders.com\/?s={search_term_string}"},"query-input":{"@type":"PropertyValueSpecification","valueRequired":true,"valueName":"search_term_string"}}],"inLanguage":"pl-PL"}]}},"_links":{"self":[{"href":"https:\/\/narcopowders.com\/pl\/wp-json\/wp\/v2\/product\/20560","targetHints":{"allow":["GET"]}}],"collection":[{"href":"https:\/\/narcopowders.com\/pl\/wp-json\/wp\/v2\/product"}],"about":[{"href":"https:\/\/narcopowders.com\/pl\/wp-json\/wp\/v2\/types\/product"}],"replies":[{"embeddable":true,"href":"https:\/\/narcopowders.com\/pl\/wp-json\/wp\/v2\/comments?post=20560"}],"wp:featuredmedia":[{"embeddable":true,"href":"https:\/\/narcopowders.com\/pl\/wp-json\/wp\/v2\/media\/21258"}],"wp:attachment":[{"href":"https:\/\/narcopowders.com\/pl\/wp-json\/wp\/v2\/media?parent=20560"}],"wp:term":[{"taxonomy":"product_brand","embeddable":true,"href":"https:\/\/narcopowders.com\/pl\/wp-json\/wp\/v2\/product_brand?post=20560"},{"taxonomy":"product_cat","embeddable":true,"href":"https:\/\/narcopowders.com\/pl\/wp-json\/wp\/v2\/product_cat?post=20560"},{"taxonomy":"product_tag","embeddable":true,"href":"https:\/\/narcopowders.com\/pl\/wp-json\/wp\/v2\/product_tag?post=20560"}],"curies":[{"name":"wp","href":"https:\/\/api.w.org\/{rel}","templated":true}]}}