{"id":20596,"date":"2024-05-23T06:14:38","date_gmt":"2024-05-23T06:14:38","guid":{"rendered":"https:\/\/narcopowders.com\/?post_type=product&#038;p=20596"},"modified":"2025-05-06T07:02:40","modified_gmt":"2025-05-06T07:02:40","slug":"buy-a-pvp-online","status":"publish","type":"product","link":"https:\/\/narcopowders.com\/pl\/produkt\/buy-a-pvp-online\/","title":{"rendered":"Kup A-PVP online"},"content":{"rendered":"<h2><strong>Zakup A-PVP | Zakup PURE A-PVP dyskretnie online od Narcopowders<\/strong><\/h2>\n<p><a href=\"https:\/\/www.bing.com\/search?q=Buy%20A-PVP%20Online&amp;qs=n&amp;form=QBRE&amp;sp=-1&amp;lq=0&amp;pq=buy%20a-pvp%20online&amp;sc=11-16&amp;sk=&amp;cvid=4E28154F139746CCBA2FB97A8E4FDC63&amp;ghsh=0&amp;ghacc=0&amp;ghpl=\">Kup A-PVP online<\/a> is a relatively new service and is being closely examined <a tabindex=\"-1\" href=\"https:\/\/en.wikipedia.org\/wiki\/Alpha-Pyrrolidinopentiophenone\" target=\"_blank\" rel=\"noopener\">en.wikipedia.org\/\u2026\/Alpha-Pyrrolidinopentiophenone<\/a>by the media, much like MDPV and \u201cbath salts\u201d were in the beginning of 2011.<\/p>\n<p><a href=\"https:\/\/www.bing.com\/search?q=Buy%20A-PVP%20Online&amp;qs=n&amp;form=QBRE&amp;sp=-1&amp;lq=0&amp;pq=buy%20a-pvp%20online&amp;sc=11-16&amp;sk=&amp;cvid=4E28154F139746CCBA2FB97A8E4FDC63&amp;ghsh=0&amp;ghacc=0&amp;ghpl=\">A-PVP<\/a>, Alpha-PVP, \u03b1-Pyrrolidinopentiophenone, or flakka is another name for <a href=\"https:\/\/www.google.de\/search?q=Buy+A-PVP+Online&amp;sca_esv=1a2a07081c7891bb&amp;rlz=1C1RXQR_enIN1098IN1098&amp;ei=WbfOZ77MHtbe1e8PosiFkQo&amp;ved=0ahUKEwj-3MXpn_-LAxVWb_UHHSJkIaIQ4dUDCBA&amp;uact=5&amp;oq=Buy+A-PVP+Online&amp;gs_lp=Egxnd3Mtd2l6LXNlcnAiEEJ1eSBBLVBWUCBPbmxpbmVIoQdQnANYnANwA3gAkAEAmAHaAaAB2gGqAQMyLTG4AQPIAQD4AQL4AQGYAgCgAgCYAwCIBgGSBwCgB0Q&amp;sclient=gws-wiz-serp\">Buy a-PVP Crystal Powder Online<\/a>Nale\u017cy do grupy syntetycznych stymulant\u00f3w, pochodnych katynonu i pirowaleronu. Pod wzgl\u0119dem chemicznym wykazuje podobie\u0144stwo do innych zwi\u0105zk\u00f3w pirowaleronu, takich jak MDPV i zwi\u0105zki katynonu, obecnych we wschodnioafryka\u0144skiej ro\u015blinie khat. Zazwyczaj wyst\u0119puje w postaci ogromnych kryszta\u0142owych od\u0142amk\u00f3w lub krystalicznego proszku, kt\u00f3ry u\u017cytkownicy mog\u0105 spo\u017cywa\u0107, aby uzyska\u0107 efekty podobne do kokainy i amfetaminy.<\/p>\n<p>Buy crystals for <a href=\"https:\/\/www.google.de\/search?q=Buy+A-PVP+Online&amp;sca_esv=1a2a07081c7891bb&amp;rlz=1C1RXQR_enIN1098IN1098&amp;ei=WbfOZ77MHtbe1e8PosiFkQo&amp;ved=0ahUKEwj-3MXpn_-LAxVWb_UHHSJkIaIQ4dUDCBA&amp;uact=5&amp;oq=Buy+A-PVP+Online&amp;gs_lp=Egxnd3Mtd2l6LXNlcnAiEEJ1eSBBLVBWUCBPbmxpbmVIoQdQnANYnANwA3gAkAEAmAHaAaAB2gGqAQMyLTG4AQPIAQD4AQL4AQGYAgCgAgCYAwCIBgGSBwCgB0Q&amp;sclient=gws-wiz-serp\">A-PVP online<\/a>. Proszek jest stosunkowo nowym produktem i jest uwa\u017cnie badany przez media, podobnie jak MDPV i \"sole do k\u0105pieli\" na pocz\u0105tku 2011 roku. Jest on cz\u0119sto produkowany masowo w Chinach i oferowany do sprzeda\u017cy online przez sprzedawc\u00f3w jako substancja chemiczna do bada\u0144.<\/p>\n<h3><strong>fizyczny wp\u0142yw kryszta\u0142\u00f3w alfa-PVP<\/strong><\/h3>\n<p>Nieoczekiwane doznania dotykowe Ca\u0142e cia\u0142o jest pokryte umiarkowanym do intensywnego euforycznym uczuciem mrowienia, kt\u00f3re jest okre\u015blane jako \"haj cia\u0142a\" z \u03b1-PVP. Przy wi\u0119kszych dawkach mo\u017ce sta\u0107 si\u0119 przyt\u0142aczaj\u0105ce. Uczucie to jest sta\u0142e przez ca\u0142y czas, pocz\u0105tkowo stopniowo narastaj\u0105c i osi\u0105gaj\u0105c maksimum tylko po to, by ust\u0105pi\u0107. <a href=\"https:\/\/narcopowders.com\/pl\/\">Narco Powders.<\/a><\/p>\n<p>Excitation Regarding its impact on the physical energy levels of the user, <a href=\"https:\/\/duckduckgo.com\/?q=Buy+A-PVP+Online&amp;t=h_&amp;ia=web\">\u03b1-PVP<\/a> is thought to be incredibly energizing and stimulating. This promotes physical activity like dancing, climbing, and running.<\/p>\n<h3>Kup a-PVP na RC-CHEMS.ORG - poniewa\u017c jako\u015b\u0107 ma znaczenie!<\/h3>\n<p><strong><a href=\"https:\/\/duckduckgo.com\/?q=Buy+A-PVP+Online&amp;t=h_&amp;ia=web\">Buy a-PVP\u00a0online<\/a><\/strong> przez wiod\u0105ce europejskie firmy chemiczne o czysto\u015bci min. 98%+. Mo\u017cemy dostarczy\u0107 COA ka\u017cdej wyprodukowanej partii wszystkich naszych chemikali\u00f3w badawczych!<\/p>\n<h3>Substancje czynne w a-PVP<\/h3>\n<p>Zawiera\u00a0<strong>jeden gram min 98%+ czystego a-PVP<\/strong>\u00a0za jednostk\u0119 zam\u00f3wienia.<\/p>\n<h3>Dawkowanie a-PVP<\/h3>\n<p>Nie ma zalecanej dawki, poniewa\u017c\u00a0<strong>a-PVP<\/strong>\u00a0nie jest przeznaczony do spo\u017cycia przez ludzi, ale jest sprzedawany wy\u0142\u0105cznie jako substancja chemiczna do cel\u00f3w badawczych.<\/p>\n<h3>Wp\u0142yw a-PVP :<\/h3>\n<p>Efekty kliniczne wi\u0119kszo\u015bci nowych\u00a0<strong>dopalacze<\/strong>\u00a0jak\u00a0<strong>a-PVP<\/strong>\u00a0mo\u017cna opisa\u0107 jako halucynogenne, pobudzaj\u0105ce lub podobne do opioid\u00f3w. Mog\u0105 r\u00f3wnie\u017c mie\u0107 kombinacj\u0119 tych efekt\u00f3w ze wzgl\u0119du na designerskie podstawienia \u0142a\u0144cuch\u00f3w bocznych.<\/p>\n<h3>Skutki uboczne a-PVP<\/h3>\n<p>Podobnie jak w przypadku innych dopalaczy, stosowanie\u00a0<a href=\"https:\/\/narcopowders.com\/pl\/produkt\/buy-a-pvp-online\/\"><strong>a-PVP<\/strong><\/a>\u00a0mo\u017ce powodowa\u0107 silne skutki uboczne; substancja nie jest testowana klinicznie ani w \u017caden spos\u00f3b licencjonowana jako produkt do spo\u017cycia! Dlatego a-PVP NIE JEST PRZEZNACZONY DO SPO\u017bYCIA PRZEZ LUDZI, a WY\u0141\u0104CZNIE DO BADA\u0143 NAUKOWYCH!<\/p>\n<h3>Jak przechowywa\u0107 a-PVP<\/h3>\n<p>Przechowywa\u0107 a-PVP w temperaturze poni\u017cej 30 stopni Celsjusza. Przechowywa\u0107 a-PVP w oryginalnym opakowaniu, chroni\u0107 przed bezpo\u015brednim dzia\u0142aniem promieni s\u0142onecznych i wilgoci.<\/p>","protected":false},"excerpt":{"rendered":"<p>Syntetyczny stymulant z klasy katynon\u00f3w, \u03b1-pirolidynopentiofenon (okre\u015blany r\u00f3wnie\u017c jako \u03b1-pirolidynowalerofenon, \u03b1-PVP, O-2387, \u03b2-keto-prolintan, prolintanon lub desmetylopiroleron) zosta\u0142 stworzony w latach 60. i sprzedawany jako narkotyk designerski. Jest cz\u0119sto u\u017cywany rekreacyjnie.<\/p>","protected":false},"featured_media":21293,"comment_status":"open","ping_status":"closed","template":"","meta":{"_joinchat":[]},"product_brand":[],"product_cat":[1724,1538],"product_tag":[],"class_list":{"0":"post-20596","1":"product","2":"type-product","3":"status-publish","4":"has-post-thumbnail","6":"product_cat-research-chemicals","7":"product_cat-cannabinoids","9":"first","10":"instock","11":"shipping-taxable","12":"purchasable","13":"product-type-variable","14":"add-to-wishlist-after_add_to_cart"},"yoast_head":"<!-- This site is optimized with the Yoast SEO plugin v25.9 - https:\/\/yoast.com\/wordpress\/plugins\/seo\/ -->\n<title>Buy A-PVP Online - A-PVP Powder for Sale<\/title>\n<meta name=\"description\" content=\"You can buy a-pvp online at the best prices from our online store. We have cheap and high-quality a-pvp powder for sale and providing worldwide delivery. You can order from anytime, anywhere.\" \/>\n<meta name=\"robots\" content=\"index, follow, max-snippet:-1, max-image-preview:large, max-video-preview:-1\" \/>\n<link rel=\"canonical\" href=\"https:\/\/narcopowders.com\/pl\/produkt\/buy-a-pvp-online\/\" \/>\n<meta property=\"og:locale\" content=\"pl_PL\" \/>\n<meta property=\"og:type\" content=\"article\" \/>\n<meta property=\"og:title\" content=\"Buy A-PVP Online - A-PVP Powder for Sale\" \/>\n<meta property=\"og:description\" content=\"You can buy a-pvp online at the best prices from our online store. We have cheap and high-quality a-pvp powder for sale and providing worldwide delivery. You can order from anytime, anywhere.\" \/>\n<meta property=\"og:url\" content=\"https:\/\/narcopowders.com\/pl\/produkt\/buy-a-pvp-online\/\" \/>\n<meta property=\"og:site_name\" content=\"Narco Powders\" \/>\n<meta property=\"article:modified_time\" content=\"2025-05-06T07:02:40+00:00\" \/>\n<meta property=\"og:image\" content=\"https:\/\/narcopowders.com\/wp-content\/uploads\/2024\/05\/APVP.gif\" \/>\n\t<meta property=\"og:image:width\" content=\"600\" \/>\n\t<meta property=\"og:image:height\" content=\"600\" \/>\n\t<meta property=\"og:image:type\" content=\"image\/gif\" \/>\n<meta name=\"twitter:card\" content=\"summary_large_image\" \/>\n<meta name=\"twitter:label1\" content=\"Szacowany czas czytania\" \/>\n\t<meta name=\"twitter:data1\" content=\"3 minuty\" \/>\n<!-- \/ Yoast SEO plugin. -->","yoast_head_json":{"title":"Kup A-PVP online - A-PVP w proszku na sprzeda\u017c","description":"Mo\u017cesz kupi\u0107 a-pvp online w najlepszych cenach w naszym sklepie internetowym. Mamy tani i wysokiej jako\u015bci proszek a-pvp na sprzeda\u017c i zapewniamy dostaw\u0119 na ca\u0142y \u015bwiat. Mo\u017cesz z\u0142o\u017cy\u0107 zam\u00f3wienie w dowolnym miejscu i czasie.","robots":{"index":"index","follow":"follow","max-snippet":"max-snippet:-1","max-image-preview":"max-image-preview:large","max-video-preview":"max-video-preview:-1"},"canonical":"https:\/\/narcopowders.com\/pl\/produkt\/buy-a-pvp-online\/","og_locale":"pl_PL","og_type":"article","og_title":"Buy A-PVP Online - A-PVP Powder for Sale","og_description":"You can buy a-pvp online at the best prices from our online store. We have cheap and high-quality a-pvp powder for sale and providing worldwide delivery. You can order from anytime, anywhere.","og_url":"https:\/\/narcopowders.com\/pl\/produkt\/buy-a-pvp-online\/","og_site_name":"Narco Powders","article_modified_time":"2025-05-06T07:02:40+00:00","og_image":[{"width":600,"height":600,"url":"https:\/\/narcopowders.com\/wp-content\/uploads\/2024\/05\/APVP.gif","type":"image\/gif"}],"twitter_card":"summary_large_image","twitter_misc":{"Szacowany czas czytania":"3 minuty"},"schema":{"@context":"https:\/\/schema.org","@graph":[{"@type":"WebPage","@id":"https:\/\/narcopowders.com\/product\/buy-a-pvp-online\/","url":"https:\/\/narcopowders.com\/product\/buy-a-pvp-online\/","name":"Kup A-PVP online - A-PVP w proszku na sprzeda\u017c","isPartOf":{"@id":"https:\/\/narcopowders.com\/#website"},"primaryImageOfPage":{"@id":"https:\/\/narcopowders.com\/product\/buy-a-pvp-online\/#primaryimage"},"image":{"@id":"https:\/\/narcopowders.com\/product\/buy-a-pvp-online\/#primaryimage"},"thumbnailUrl":"https:\/\/narcopowders.com\/wp-content\/uploads\/2024\/05\/APVP.gif","datePublished":"2024-05-23T06:14:38+00:00","dateModified":"2025-05-06T07:02:40+00:00","description":"Mo\u017cesz kupi\u0107 a-pvp online w najlepszych cenach w naszym sklepie internetowym. Mamy tani i wysokiej jako\u015bci proszek a-pvp na sprzeda\u017c i zapewniamy dostaw\u0119 na ca\u0142y \u015bwiat. Mo\u017cesz z\u0142o\u017cy\u0107 zam\u00f3wienie w dowolnym miejscu i czasie.","breadcrumb":{"@id":"https:\/\/narcopowders.com\/product\/buy-a-pvp-online\/#breadcrumb"},"inLanguage":"pl-PL","potentialAction":[{"@type":"ReadAction","target":["https:\/\/narcopowders.com\/product\/buy-a-pvp-online\/"]}]},{"@type":"ImageObject","inLanguage":"pl-PL","@id":"https:\/\/narcopowders.com\/product\/buy-a-pvp-online\/#primaryimage","url":"https:\/\/narcopowders.com\/wp-content\/uploads\/2024\/05\/APVP.gif","contentUrl":"https:\/\/narcopowders.com\/wp-content\/uploads\/2024\/05\/APVP.gif","width":600,"height":600,"caption":"Buy A-PVP Online"},{"@type":"BreadcrumbList","@id":"https:\/\/narcopowders.com\/product\/buy-a-pvp-online\/#breadcrumb","itemListElement":[{"@type":"ListItem","position":1,"name":"Home","item":"https:\/\/narcopowders.com\/"},{"@type":"ListItem","position":2,"name":"Shop Page","item":"https:\/\/narcopowders.com\/shop\/"},{"@type":"ListItem","position":3,"name":"Buy A-PVP Online"}]},{"@type":"WebSite","@id":"https:\/\/narcopowders.com\/#website","url":"https:\/\/narcopowders.com\/","name":"Proszki Narco","description":"M\u00f3j blog WordPress","potentialAction":[{"@type":"SearchAction","target":{"@type":"EntryPoint","urlTemplate":"https:\/\/narcopowders.com\/?s={search_term_string}"},"query-input":{"@type":"PropertyValueSpecification","valueRequired":true,"valueName":"search_term_string"}}],"inLanguage":"pl-PL"}]}},"_links":{"self":[{"href":"https:\/\/narcopowders.com\/pl\/wp-json\/wp\/v2\/product\/20596","targetHints":{"allow":["GET"]}}],"collection":[{"href":"https:\/\/narcopowders.com\/pl\/wp-json\/wp\/v2\/product"}],"about":[{"href":"https:\/\/narcopowders.com\/pl\/wp-json\/wp\/v2\/types\/product"}],"replies":[{"embeddable":true,"href":"https:\/\/narcopowders.com\/pl\/wp-json\/wp\/v2\/comments?post=20596"}],"wp:featuredmedia":[{"embeddable":true,"href":"https:\/\/narcopowders.com\/pl\/wp-json\/wp\/v2\/media\/21293"}],"wp:attachment":[{"href":"https:\/\/narcopowders.com\/pl\/wp-json\/wp\/v2\/media?parent=20596"}],"wp:term":[{"taxonomy":"product_brand","embeddable":true,"href":"https:\/\/narcopowders.com\/pl\/wp-json\/wp\/v2\/product_brand?post=20596"},{"taxonomy":"product_cat","embeddable":true,"href":"https:\/\/narcopowders.com\/pl\/wp-json\/wp\/v2\/product_cat?post=20596"},{"taxonomy":"product_tag","embeddable":true,"href":"https:\/\/narcopowders.com\/pl\/wp-json\/wp\/v2\/product_tag?post=20596"}],"curies":[{"name":"wp","href":"https:\/\/api.w.org\/{rel}","templated":true}]}}