{"id":20812,"date":"2024-05-23T06:15:37","date_gmt":"2024-05-23T06:15:37","guid":{"rendered":"https:\/\/narcopowders.com\/?post_type=product&#038;p=20812"},"modified":"2025-03-26T12:41:03","modified_gmt":"2025-03-26T12:41:03","slug":"buy-mdma-online","status":"publish","type":"product","link":"https:\/\/narcopowders.com\/pl\/produkt\/buy-mdma-online\/","title":{"rendered":"Kup MDMA online"},"content":{"rendered":"<h2>Kup MDMA: Co to jest?<\/h2>\n<p>Chemically speaking, <a href=\"https:\/\/narcopowders.com\/pl\/produkt\/buy-mdma-online\/\">bk-MDMA<\/a> To syntetyczna substancja przypominaj\u0105ca MDMA. Jest powszechnie sprzedawana jako proszek do wstrzykiwa\u0144, inhalacji lub doustny o kolorze bia\u0142ym lub bia\u0142awym. Chocia\u017c cz\u0119sto jest promowana jako \u201e<a href=\"https:\/\/en.wikipedia.org\/wiki\/MDMA\">legal high<\/a>\u201d or an alternative to <a href=\"https:\/\/www.bing.com\/search?q=Buy%20MDMA%20Online&amp;qs=n&amp;form=QBRE&amp;sp=-1&amp;lq=0&amp;pq=buy%20mdma%20online&amp;sc=0-15&amp;sk=&amp;cvid=C093DEB07D394A5092E3D792F4460CE4&amp;ghsh=0&amp;ghacc=0&amp;ghpl=\">MDMA<\/a>Nale\u017cy pami\u0119ta\u0107, \u017ce w wielu krajach jest to nadal nielegalne.<\/p>\n<h3>Wp\u0142yw kryszta\u0142\u00f3w bk-MDMA<\/h3>\n<p><a href=\"https:\/\/www.google.com\/search?q=Buy+MDMA+Online&amp;num=10&amp;sca_esv=1a2a07081c7891bb&amp;rlz=1C1RXQR_enIN1098IN1098&amp;sxsrf=AHTn8zrzxshgJalzibnjHAANoPdPlPO_tg%3A1741686227372&amp;ei=0wXQZ-y2Fs6jvr0PkaTH0Ao&amp;ved=0ahUKEwis7JHn3oGMAxXOka8BHRHSEaoQ4dUDCBA&amp;uact=5&amp;oq=Buy+MDMA+Online&amp;gs_lp=Egxnd3Mtd2l6LXNlcnAiD0J1eSBNRE1BIE9ubGluZUirB1CwA1iwA3ACeACQAQCYAd8BoAHfAaoBAzItMbgBA8gBAPgBAvgBAZgCAKACAJgDAIgGAZIHAKAHQw&amp;sclient=gws-wiz-serp\">Bk-MDMA crystals<\/a> zapewniaj\u0105 takie same euforyczne i empatyczne efekty jak MDMA. Wy\u017csze samopoczucie, wi\u0119ksza towarzysko\u015b\u0107 i silniejsze poczucie wsp\u00f3lnoty to mo\u017cliwe skutki uboczne dla u\u017cytkownik\u00f3w. Dzieje si\u0119 tak, poniewa\u017c lek podnosi poziom noradrenaliny, dopaminy i serotoniny w m\u00f3zgu.<\/p>\n<p>Zwi\u0119kszona witalno\u015b\u0107 i czujno\u015b\u0107<\/p>\n<p>Poniewa\u017c kryszta\u0142y bk-MDMA s\u0105 stymulantami, mog\u0105 r\u00f3wnie\u017c zwi\u0119ksza\u0107 czujno\u015b\u0107 i poziom energii. Mo\u017ce to skutkowa\u0107 mniejsz\u0105 potrzeb\u0105 snu i wi\u0119ksz\u0105 aktywno\u015bci\u0105 fizyczn\u0105. U\u017cytkownicy mog\u0105 r\u00f3wnie\u017c straci\u0107 apetyt. <a href=\"https:\/\/narcopowders.com\/pl\/\">Purchase MDMA USA<\/a><\/p>\n<p>A common side effect of <a href=\"https:\/\/duckduckgo.com\/?q=Buy+MDMA+Online&amp;t=h_&amp;ia=web\">bk-MDMA crystals<\/a> to wypaczone poczucie rzeczywisto\u015bci, przestrzeni i czasu. U\u017cytkownicy mog\u0105 zauwa\u017cy\u0107 popraw\u0119 kolor\u00f3w i d\u017awi\u0119k\u00f3w, a tak\u017ce zmiany w postrzeganiu rzeczywisto\u015bci, utrudniaj\u0105ce im odr\u00f3\u017cnianie prawdy od fa\u0142szu.<\/p>\n<h3>Niekorzystne skutki<\/h3>\n<p>Chocia\u017c korzystanie z kryszta\u0142\u00f3w bk-MDMA mo\u017ce mie\u0107 zalety, u\u017cytkownicy powinni by\u0107 \u015bwiadomi, \u017ce mog\u0105 mie\u0107 r\u00f3wnie\u017c wady. Mog\u0105 one obejmowa\u0107:<\/p>\n<ul>\n<li>Zwi\u0119kszone t\u0119tno i ci\u015bnienie krwi<\/li>\n<li>Nudno\u015bci i wymioty<\/li>\n<li>Napi\u0119cie mi\u0119\u015bni i zaciskanie szcz\u0119ki<\/li>\n<li>L\u0119k i ataki paniki<\/li>\n<li>Bezsenno\u015b\u0107<\/li>\n<li>Odwodnienie<\/li>\n<li>B\u00f3le g\u0142owy<\/li>\n<li>Utrata apetytu<\/li>\n<li>Trudno\u015bci z koncentracj\u0105<\/li>\n<li>Problemy z pami\u0119ci\u0105<\/li>\n<\/ul>","protected":false},"excerpt":{"rendered":"<p>Buy MDMA: What is it? Chemically speaking, bk-MDMA is a synthetic substance that resembles MDMA. It is commonly marketed as an injectable, inhaled, or oral powder that is white or off-white in color. Although it is frequently promoted as a \u201clegal high\u201d or an alternative to MDMA, it is crucial to remember that it is [&hellip;]<\/p>","protected":false},"featured_media":21294,"comment_status":"open","ping_status":"closed","template":"","meta":{"_joinchat":[]},"product_brand":[],"product_cat":[1724],"product_tag":[],"class_list":{"0":"post-20812","1":"product","2":"type-product","3":"status-publish","4":"has-post-thumbnail","6":"product_cat-research-chemicals","8":"first","9":"instock","10":"shipping-taxable","11":"purchasable","12":"product-type-variable","13":"add-to-wishlist-after_add_to_cart"},"yoast_head":"<!-- This site is optimized with the Yoast SEO plugin v25.9 - https:\/\/yoast.com\/wordpress\/plugins\/seo\/ -->\n<title>Buy MDMA Online - MDMA for Sale Online | NarcoPowders<\/title>\n<meta name=\"description\" content=\"Do you want to buy MDMA online from a trustable chemical store? NarcoPowders is the best place to order MDMA online, MDMA for sale online legally.\" \/>\n<meta name=\"robots\" content=\"index, follow, max-snippet:-1, max-image-preview:large, max-video-preview:-1\" \/>\n<link rel=\"canonical\" href=\"https:\/\/narcopowders.com\/pl\/produkt\/buy-mdma-online\/\" \/>\n<meta property=\"og:locale\" content=\"pl_PL\" \/>\n<meta property=\"og:type\" content=\"article\" \/>\n<meta property=\"og:title\" content=\"Buy MDMA Online - MDMA for Sale Online | NarcoPowders\" \/>\n<meta property=\"og:description\" content=\"Do you want to buy MDMA online from a trustable chemical store? NarcoPowders is the best place to order MDMA online, MDMA for sale online legally.\" \/>\n<meta property=\"og:url\" content=\"https:\/\/narcopowders.com\/pl\/produkt\/buy-mdma-online\/\" \/>\n<meta property=\"og:site_name\" content=\"Narco Powders\" \/>\n<meta property=\"article:modified_time\" content=\"2025-03-26T12:41:03+00:00\" \/>\n<meta property=\"og:image\" content=\"https:\/\/narcopowders.com\/wp-content\/uploads\/2024\/05\/MDMA.gif\" \/>\n\t<meta property=\"og:image:width\" content=\"600\" \/>\n\t<meta property=\"og:image:height\" content=\"600\" \/>\n\t<meta property=\"og:image:type\" content=\"image\/gif\" \/>\n<meta name=\"twitter:card\" content=\"summary_large_image\" \/>\n<meta name=\"twitter:label1\" content=\"Szacowany czas czytania\" \/>\n\t<meta name=\"twitter:data1\" content=\"2 minuty\" \/>\n<!-- \/ Yoast SEO plugin. -->","yoast_head_json":{"title":"Kup MDMA online - MDMA na sprzeda\u017c online | NarcoPowders","description":"Chcesz kupi\u0107 MDMA online w zaufanym sklepie chemicznym? NarcoPowders to najlepsze miejsce, aby zam\u00f3wi\u0107 MDMA online, MDMA na sprzeda\u017c online legalnie.","robots":{"index":"index","follow":"follow","max-snippet":"max-snippet:-1","max-image-preview":"max-image-preview:large","max-video-preview":"max-video-preview:-1"},"canonical":"https:\/\/narcopowders.com\/pl\/produkt\/buy-mdma-online\/","og_locale":"pl_PL","og_type":"article","og_title":"Buy MDMA Online - MDMA for Sale Online | NarcoPowders","og_description":"Do you want to buy MDMA online from a trustable chemical store? NarcoPowders is the best place to order MDMA online, MDMA for sale online legally.","og_url":"https:\/\/narcopowders.com\/pl\/produkt\/buy-mdma-online\/","og_site_name":"Narco Powders","article_modified_time":"2025-03-26T12:41:03+00:00","og_image":[{"width":600,"height":600,"url":"https:\/\/narcopowders.com\/wp-content\/uploads\/2024\/05\/MDMA.gif","type":"image\/gif"}],"twitter_card":"summary_large_image","twitter_misc":{"Szacowany czas czytania":"2 minuty"},"schema":{"@context":"https:\/\/schema.org","@graph":[{"@type":"WebPage","@id":"https:\/\/narcopowders.com\/product\/buy-mdma-online\/","url":"https:\/\/narcopowders.com\/product\/buy-mdma-online\/","name":"Kup MDMA online - MDMA na sprzeda\u017c online | NarcoPowders","isPartOf":{"@id":"https:\/\/narcopowders.com\/#website"},"primaryImageOfPage":{"@id":"https:\/\/narcopowders.com\/product\/buy-mdma-online\/#primaryimage"},"image":{"@id":"https:\/\/narcopowders.com\/product\/buy-mdma-online\/#primaryimage"},"thumbnailUrl":"https:\/\/narcopowders.com\/wp-content\/uploads\/2024\/05\/MDMA.gif","datePublished":"2024-05-23T06:15:37+00:00","dateModified":"2025-03-26T12:41:03+00:00","description":"Chcesz kupi\u0107 MDMA online w zaufanym sklepie chemicznym? NarcoPowders to najlepsze miejsce, aby zam\u00f3wi\u0107 MDMA online, MDMA na sprzeda\u017c online legalnie.","breadcrumb":{"@id":"https:\/\/narcopowders.com\/product\/buy-mdma-online\/#breadcrumb"},"inLanguage":"pl-PL","potentialAction":[{"@type":"ReadAction","target":["https:\/\/narcopowders.com\/product\/buy-mdma-online\/"]}]},{"@type":"ImageObject","inLanguage":"pl-PL","@id":"https:\/\/narcopowders.com\/product\/buy-mdma-online\/#primaryimage","url":"https:\/\/narcopowders.com\/wp-content\/uploads\/2024\/05\/MDMA.gif","contentUrl":"https:\/\/narcopowders.com\/wp-content\/uploads\/2024\/05\/MDMA.gif","width":600,"height":600,"caption":"Buy MDMA Online"},{"@type":"BreadcrumbList","@id":"https:\/\/narcopowders.com\/product\/buy-mdma-online\/#breadcrumb","itemListElement":[{"@type":"ListItem","position":1,"name":"Home","item":"https:\/\/narcopowders.com\/"},{"@type":"ListItem","position":2,"name":"Shop Page","item":"https:\/\/narcopowders.com\/shop\/"},{"@type":"ListItem","position":3,"name":"Buy MDMA Online"}]},{"@type":"WebSite","@id":"https:\/\/narcopowders.com\/#website","url":"https:\/\/narcopowders.com\/","name":"Proszki Narco","description":"M\u00f3j blog WordPress","potentialAction":[{"@type":"SearchAction","target":{"@type":"EntryPoint","urlTemplate":"https:\/\/narcopowders.com\/?s={search_term_string}"},"query-input":{"@type":"PropertyValueSpecification","valueRequired":true,"valueName":"search_term_string"}}],"inLanguage":"pl-PL"}]}},"_links":{"self":[{"href":"https:\/\/narcopowders.com\/pl\/wp-json\/wp\/v2\/product\/20812","targetHints":{"allow":["GET"]}}],"collection":[{"href":"https:\/\/narcopowders.com\/pl\/wp-json\/wp\/v2\/product"}],"about":[{"href":"https:\/\/narcopowders.com\/pl\/wp-json\/wp\/v2\/types\/product"}],"replies":[{"embeddable":true,"href":"https:\/\/narcopowders.com\/pl\/wp-json\/wp\/v2\/comments?post=20812"}],"wp:featuredmedia":[{"embeddable":true,"href":"https:\/\/narcopowders.com\/pl\/wp-json\/wp\/v2\/media\/21294"}],"wp:attachment":[{"href":"https:\/\/narcopowders.com\/pl\/wp-json\/wp\/v2\/media?parent=20812"}],"wp:term":[{"taxonomy":"product_brand","embeddable":true,"href":"https:\/\/narcopowders.com\/pl\/wp-json\/wp\/v2\/product_brand?post=20812"},{"taxonomy":"product_cat","embeddable":true,"href":"https:\/\/narcopowders.com\/pl\/wp-json\/wp\/v2\/product_cat?post=20812"},{"taxonomy":"product_tag","embeddable":true,"href":"https:\/\/narcopowders.com\/pl\/wp-json\/wp\/v2\/product_tag?post=20812"}],"curies":[{"name":"wp","href":"https:\/\/api.w.org\/{rel}","templated":true}]}}