{"id":20923,"date":"2024-05-23T06:16:11","date_gmt":"2024-05-23T06:16:11","guid":{"rendered":"https:\/\/narcopowders.com\/?post_type=product&#038;p=20923"},"modified":"2024-05-24T05:50:28","modified_gmt":"2024-05-24T05:50:28","slug":"buy-2fdck-online","status":"publish","type":"product","link":"https:\/\/narcopowders.com\/pl\/produkt\/buy-2fdck-online\/","title":{"rendered":"Kup 2FDCK online"},"content":{"rendered":"<h2>Zakup 2-FDCK od NarcoPowders online<\/h2>\n<p>Kup 2-FDCK Online, Znieczulenie dysocjacyjne 2-Fl-2\u2032-Oxo-PCM jest r\u00f3wnie\u017c znane jako 2-FDCK, Fluoroketamina i 2-Fl-2\u2032-Oxo-PCM. Jest to odpowiednik ketaminy na bazie fluoru bez grupy chloru. Zakup 2-FDCK online<\/p>\n<p>Nowy lek dysocjacyjny klasy arylocykloheksyloaminy 2-Fl-2\u2032-Oxo-PCM jest r\u00f3wnie\u017c znany jako 2-Fluorodeschloroketamina, 2-FDCK i b\u0142\u0119dnie jako 2-Fluroketamina, Fluoroketamina i 2-FDCK.<a href=\"https:\/\/narcopowders.com\/pl\/product\/5f-mdp\/\">.<\/a><\/p>\n<p>Z chemicznego punktu widzenia ketamina i deschloroketamina s\u0105 ze sob\u0105 powi\u0105zane (DCK). Pomimo niewielkiej liczby bada\u0144 uwa\u017ca si\u0119, \u017ce dzia\u0142a ona jako antagonista receptora NMDA. Struktura arylocykloheksyloamin, takich jak 2-FDCK, opiera si\u0119 na wi\u0105zaniu grupy aminowej i pier\u015bcienia aromatycznego z pier\u015bcieniem cykloheksanowym.<\/p>\n<p>NarcoPowders to najlepsza opcja, je\u015bli chcesz kupi\u0107 2-FDCK online!<\/p>\n<h3>Jak dokona\u0107 zakupu 2fdck?<\/h3>\n<p>Nasz interfejs u\u017cytkownika jest niezwykle szybki, \u0142atwy w u\u017cyciu i skuteczny. Poniewa\u017c oferujemy dostaw\u0119 do wszystkich kraj\u00f3w, ka\u017cdy mo\u017ce kupi\u0107 produkt z dowolnego miejsca. Mamy wieloletnie do\u015bwiadczenie w sektorze chemicznym i jeste\u015bmy legalnym i niezawodnym dostawc\u0105 2FDCK. Wystarczy zalogowa\u0107 si\u0119 na naszej stronie internetowej, wyszuka\u0107 produkt, doda\u0107 go do koszyka i dokona\u0107 p\u0142atno\u015bci. Wszystko, co musisz zrobi\u0107, to poda\u0107 nam pewne informacje, takie jak adres lub miejsce, w kt\u00f3rym chcesz go dostarczy\u0107, a my bezpiecznie go tam przetransportujemy, jednocze\u015bnie finalizuj\u0105c wymagan\u0105 transakcj\u0119. Zakup 2fdck w USA.<\/p>\n<h3>Jaki wiek jest najlepszy dla zakup\u00f3w online 2fdck?<\/h3>\n<p>Aby kupi\u0107 2fdck online, musisz mie\u0107 uko\u0144czone 18 lat. Jeste\u015bmy dost\u0119pni dla obs\u0142ugi klienta. 24 godziny na dob\u0119, 7 dni w tygodniu i przez ca\u0142y rok, aby pom\u00f3c i odpowiedzie\u0107 na pytania. Kup 2fdck ze zni\u017ck\u0105.<\/p>\n<h3>Jakie korzy\u015bci oferuje 2fdck?<\/h3>\n<ul>\n<li>mo\u017ce by\u0107 przydatna w chwilowym zmniejszeniu niepokoju, napi\u0119cia i smutku.<\/li>\n<li>Pomaga zapobiega\u0107 samob\u00f3jstwom, poniewa\u017c dzia\u0142a natychmiastowo.<\/li>\n<li>korzystny dla zwi\u0119kszenia neuroplastyczno\u015bci<\/li>\n<\/ul>\n<h3>Jakie konsekwencje ma 2fdck?<\/h3>\n<ul>\n<li>mo\u017ce powodowa\u0107 neurotoksyczno\u015b\u0107 w przypadku cz\u0119stego stosowania.<\/li>\n<li>mog\u0105 uszkodzi\u0107 pami\u0119\u0107, je\u015bli s\u0105 u\u017cywane cz\u0119\u015bciej lub regularnie.<\/li>\n<li>mo\u017ce uszkodzi\u0107 nerki.<\/li>\n<\/ul>\n<p>Dbanie o 2-FDCK<\/p>\n<p>Zdecydowanie zalecamy zachowanie szczeg\u00f3lnej ostro\u017cno\u015bci podczas obchodzenia si\u0119 z chlorowodorkiem 2-FDCK, np. u\u017cywanie r\u0119kawiczek lub maski FFP-2.<\/p>\n<h3>Gdzie mo\u017cna legalnie kupi\u0107 2-FDCK online?<\/h3>\n<p>NarcoPowders to strona internetowa, na kt\u00f3rej sprzedajemy chemikalia badawcze, takie jak 2-FDCK. Ka\u017cda z naszych substancji badawczych jest badana i oceniana przed wprowadzeniem do sprzeda\u017cy. To jedyna metoda, aby zagwarantowa\u0107 najlepsz\u0105 mo\u017cliw\u0105 jako\u015b\u0107 naszego 2-FDCK.<\/p>\n<p>Nie wahaj si\u0119 skontaktowa\u0107 z nami, je\u015bli potrzebujesz wynik\u00f3w lub innej pomocy. 2. Jedyn\u0105 odmian\u0105 FDCK, kt\u00f3r\u0105 sprzedajemy, jest proszek, chocia\u017c posiadamy wersje blotter i pellet kilku innych zwi\u0105zk\u00f3w badawczych.<\/p>\n<p>Mamy szeroki wyb\u00f3r wysoce skutecznych produkt\u00f3w, kt\u00f3re zaspokoj\u0105 Twoje potrzeby w zakresie chemikali\u00f3w badawczych. Kiedy rozpocz\u0119li\u015bmy dzia\u0142alno\u015b\u0107, byli\u015bmy w stanie utrzyma\u0107 nasz\u0105 pozycj\u0119 na rynku jako doskona\u0142y dostawca. Zam\u00f3w 2-FDCK online i otrzymaj paczk\u0119 tak szybko, jak to mo\u017cliwe, Kup 2-FDCK online.<\/p>","protected":false},"excerpt":{"rendered":"<p>2-Fluorodeschloroketamina (znana r\u00f3wnie\u017c jako 2\u2032-Fl-2-Oxo-PCM, Fluoroketamina i 2-FDCK) jest dysocjacyjnym \u015brodkiem znieczulaj\u0105cym podobnym do ketaminy. Jej sprzeda\u017c i stosowanie jako dopalaczy zosta\u0142o udokumentowane w kilku krajach.<\/p>\n<p>Metabolizm 2-FDCK jest podobny do metabolizmu ketaminy: enzymy CYP2B6 i CYP3A4, ten ostatni w mniejszym stopniu, przekszta\u0142caj\u0105 2-FDCK w Nor-2FDCK poprzez N-demetylacj\u0119. Jest on nast\u0119pnie metabolizowany do dehydronor-2FDCK przez CYP2B6 lub hydroksynor-2FDCK przez CYP2A6 i CYP2B6.<\/p>","protected":false},"featured_media":21242,"comment_status":"open","ping_status":"closed","template":"","meta":{"_joinchat":[]},"product_brand":[],"product_cat":[1538],"product_tag":[],"class_list":{"0":"post-20923","1":"product","2":"type-product","3":"status-publish","4":"has-post-thumbnail","6":"product_cat-cannabinoids","8":"first","9":"instock","10":"shipping-taxable","11":"purchasable","12":"product-type-variable","13":"add-to-wishlist-after_add_to_cart"},"yoast_head":"<!-- This site is optimized with the Yoast SEO plugin v27.5 - https:\/\/yoast.com\/product\/yoast-seo-wordpress\/ -->\n<title>Buy 2-FDCK Online - Narco Powders<\/title>\n<meta name=\"description\" content=\"Buy 2-FDCK Online, Looking to Order 2fdck ? Look no further than narcopowders.! As a trusted supplier of research chemicals, we offer premium-grade 2fdck.\" \/>\n<meta name=\"robots\" content=\"index, follow, max-snippet:-1, max-image-preview:large, max-video-preview:-1\" \/>\n<link rel=\"canonical\" href=\"https:\/\/narcopowders.com\/pl\/produkt\/buy-2fdck-online\/\" \/>\n<meta property=\"og:locale\" content=\"pl_PL\" \/>\n<meta property=\"og:type\" content=\"article\" \/>\n<meta property=\"og:title\" content=\"Buy 2-FDCK Online - Narco Powders\" \/>\n<meta property=\"og:description\" content=\"Buy 2-FDCK Online, Looking to Order 2fdck ? Look no further than narcopowders.! As a trusted supplier of research chemicals, we offer premium-grade 2fdck.\" \/>\n<meta property=\"og:url\" content=\"https:\/\/narcopowders.com\/pl\/produkt\/buy-2fdck-online\/\" \/>\n<meta property=\"og:site_name\" content=\"Narco Powders\" \/>\n<meta property=\"article:modified_time\" content=\"2024-05-24T05:50:28+00:00\" \/>\n<meta property=\"og:image\" content=\"https:\/\/narcopowders.com\/wp-content\/uploads\/2024\/05\/2fdck.gif\" \/>\n\t<meta property=\"og:image:width\" content=\"600\" \/>\n\t<meta property=\"og:image:height\" content=\"600\" \/>\n\t<meta property=\"og:image:type\" content=\"image\/gif\" \/>\n<meta name=\"twitter:card\" content=\"summary_large_image\" \/>\n<meta name=\"twitter:label1\" content=\"Szacowany czas czytania\" \/>\n\t<meta name=\"twitter:data1\" content=\"3 minuty\" \/>\n<!-- \/ Yoast SEO plugin. -->","yoast_head_json":{"title":"Kup 2-FDCK online - Narco Powders","description":"Kup 2-FDCK Online, Chcesz zam\u00f3wi\u0107 2fdck? Nie szukaj dalej ni\u017c narcopowders! Jako zaufany dostawca chemikali\u00f3w badawczych oferujemy najwy\u017cszej jako\u015bci 2fdck.","robots":{"index":"index","follow":"follow","max-snippet":"max-snippet:-1","max-image-preview":"max-image-preview:large","max-video-preview":"max-video-preview:-1"},"canonical":"https:\/\/narcopowders.com\/pl\/produkt\/buy-2fdck-online\/","og_locale":"pl_PL","og_type":"article","og_title":"Buy 2-FDCK Online - Narco Powders","og_description":"Buy 2-FDCK Online, Looking to Order 2fdck ? Look no further than narcopowders.! As a trusted supplier of research chemicals, we offer premium-grade 2fdck.","og_url":"https:\/\/narcopowders.com\/pl\/produkt\/buy-2fdck-online\/","og_site_name":"Narco Powders","article_modified_time":"2024-05-24T05:50:28+00:00","og_image":[{"width":600,"height":600,"url":"https:\/\/narcopowders.com\/wp-content\/uploads\/2024\/05\/2fdck.gif","type":"image\/gif"}],"twitter_card":"summary_large_image","twitter_misc":{"Szacowany czas czytania":"3 minuty"},"schema":{"@context":"https:\/\/schema.org","@graph":[{"@type":"WebPage","@id":"https:\/\/narcopowders.com\/product\/buy-2fdck-online\/","url":"https:\/\/narcopowders.com\/product\/buy-2fdck-online\/","name":"Kup 2-FDCK online - Narco Powders","isPartOf":{"@id":"https:\/\/narcopowders.com\/#website"},"primaryImageOfPage":{"@id":"https:\/\/narcopowders.com\/product\/buy-2fdck-online\/#primaryimage"},"image":{"@id":"https:\/\/narcopowders.com\/product\/buy-2fdck-online\/#primaryimage"},"thumbnailUrl":"https:\/\/narcopowders.com\/wp-content\/uploads\/2024\/05\/2fdck.gif","datePublished":"2024-05-23T06:16:11+00:00","dateModified":"2024-05-24T05:50:28+00:00","description":"Kup 2-FDCK Online, Chcesz zam\u00f3wi\u0107 2fdck? Nie szukaj dalej ni\u017c narcopowders! Jako zaufany dostawca chemikali\u00f3w badawczych oferujemy najwy\u017cszej jako\u015bci 2fdck.","breadcrumb":{"@id":"https:\/\/narcopowders.com\/product\/buy-2fdck-online\/#breadcrumb"},"inLanguage":"pl-PL","potentialAction":[{"@type":"ReadAction","target":["https:\/\/narcopowders.com\/product\/buy-2fdck-online\/"]}]},{"@type":"ImageObject","inLanguage":"pl-PL","@id":"https:\/\/narcopowders.com\/product\/buy-2fdck-online\/#primaryimage","url":"https:\/\/narcopowders.com\/wp-content\/uploads\/2024\/05\/2fdck.gif","contentUrl":"https:\/\/narcopowders.com\/wp-content\/uploads\/2024\/05\/2fdck.gif","width":600,"height":600,"caption":"Buy 2fdck Online"},{"@type":"BreadcrumbList","@id":"https:\/\/narcopowders.com\/product\/buy-2fdck-online\/#breadcrumb","itemListElement":[{"@type":"ListItem","position":1,"name":"Home","item":"https:\/\/narcopowders.com\/"},{"@type":"ListItem","position":2,"name":"Shop Page","item":"https:\/\/narcopowders.com\/shop\/"},{"@type":"ListItem","position":3,"name":"Buy 2FDCK Online"}]},{"@type":"WebSite","@id":"https:\/\/narcopowders.com\/#website","url":"https:\/\/narcopowders.com\/","name":"Proszki Narco","description":"M\u00f3j blog WordPress","potentialAction":[{"@type":"SearchAction","target":{"@type":"EntryPoint","urlTemplate":"https:\/\/narcopowders.com\/?s={search_term_string}"},"query-input":{"@type":"PropertyValueSpecification","valueRequired":true,"valueName":"search_term_string"}}],"inLanguage":"pl-PL"}]}},"_links":{"self":[{"href":"https:\/\/narcopowders.com\/pl\/wp-json\/wp\/v2\/product\/20923","targetHints":{"allow":["GET"]}}],"collection":[{"href":"https:\/\/narcopowders.com\/pl\/wp-json\/wp\/v2\/product"}],"about":[{"href":"https:\/\/narcopowders.com\/pl\/wp-json\/wp\/v2\/types\/product"}],"replies":[{"embeddable":true,"href":"https:\/\/narcopowders.com\/pl\/wp-json\/wp\/v2\/comments?post=20923"}],"wp:featuredmedia":[{"embeddable":true,"href":"https:\/\/narcopowders.com\/pl\/wp-json\/wp\/v2\/media\/21242"}],"wp:attachment":[{"href":"https:\/\/narcopowders.com\/pl\/wp-json\/wp\/v2\/media?parent=20923"}],"wp:term":[{"taxonomy":"product_brand","embeddable":true,"href":"https:\/\/narcopowders.com\/pl\/wp-json\/wp\/v2\/product_brand?post=20923"},{"taxonomy":"product_cat","embeddable":true,"href":"https:\/\/narcopowders.com\/pl\/wp-json\/wp\/v2\/product_cat?post=20923"},{"taxonomy":"product_tag","embeddable":true,"href":"https:\/\/narcopowders.com\/pl\/wp-json\/wp\/v2\/product_tag?post=20923"}],"curies":[{"name":"wp","href":"https:\/\/api.w.org\/{rel}","templated":true}]}}