{"id":21168,"date":"2024-05-23T06:17:24","date_gmt":"2024-05-23T06:17:24","guid":{"rendered":"https:\/\/narcopowders.com\/?post_type=product&#038;p=21168"},"modified":"2025-03-25T11:53:53","modified_gmt":"2025-03-25T11:53:53","slug":"buy-cocaine-online","status":"publish","type":"product","link":"https:\/\/narcopowders.com\/pl\/product\/buy-cocaine-online\/","title":{"rendered":"Kup kokain\u0119 online"},"content":{"rendered":"<h2><strong>Kup kokain\u0119 w proszku online<\/strong><\/h2>\n<p><a href=\"https:\/\/narcopowders.com\/pl\/produkt\/kaufen-cocaine-online\/\">Kup KOKAIN\u0118 online<\/a>, Najpopularniejsza forma <a href=\"https:\/\/narcopowders.com\/pl\/\">Kup Nembutal, to proszek kokainowy<\/a>Z tego powodu nazywany jest r\u00f3wnie\u017c narkotykiem ulicznym. Do produkcji tego proszku wykorzystuje si\u0119 ro\u015bliny koki, wyst\u0119puj\u0105ce g\u0142\u00f3wnie w krajach po\u0142udniowych.<\/p>\n<p>Jest to silny stymulant, kt\u00f3ry dzia\u0142a bezpo\u015brednio na centralny m\u00f3zg, lecz\u0105c r\u00f3\u017cne choroby. Specyficzne substancje chemiczne w m\u00f3zgu s\u0105 wzmacniane przez ten stymulant, umo\u017cliwiaj\u0105c ludzkiemu uk\u0142adowi narz\u0105d\u00f3w reagowanie zgodnie z wymaganiami. Ze wzgl\u0119du na swoje liczne zalety, jest to najcz\u0119\u015bciej stosowany rodzaj kokainy na ca\u0142ym \u015bwiecie. <a href=\"https:\/\/en.wikipedia.org\/wiki\/Cocaine\">kokaina<\/a> worldwide .<\/p>\n<h3><strong>W por\u00f3wnaniu z innym rodzajem kokainy, kokain\u0105 w proszku. Jak u\u017cywa\u0107 kokainy w proszku<\/strong><\/h3>\n<p>Proszek kokainowy ma r\u00f3wnie\u017c korzy\u015bci poza ludzkim cia\u0142em. Jednak g\u0142\u00f3wnym powodem jego popularno\u015bci jest to, \u017ce jest r\u00f3wnie\u017c mniej niebezpieczny dla zdrowia. Do u\u017cytku cz\u0119sto \u0142\u0105czy si\u0119 go z innymi profesjonalnymi lekami, takimi jak talk, fentanyl itp. Jednak w po\u0142\u0105czeniu z fentanylem bez nadzoru mo\u017ce by\u0107 niebezpieczny dla zdrowia. <a href=\"https:\/\/www.google.com\/search?q=Buy+cocaine+powder+online&amp;sca_esv=7d1b82273738a5db&amp;sxsrf=AHTn8zrpCV8se75n1P5zO_BMxsJNg31gNg%3A1742902621086&amp;ei=XZXiZ7r8BIuQseMPh-T8gAk&amp;ved=0ahUKEwj6nu6ckqWMAxULSGwGHQcyH5AQ4dUDCA8&amp;uact=5&amp;oq=Buy+cocaine+powder+online&amp;gs_lp=Egxnd3Mtd2l6LXNlcnAiGUJ1eSBjb2NhaW5lIHBvd2RlciBvbmxpbmVI1QpQ2ANY2ANwAXgAkAEAmAG9AaABvQGqAQMwLjG4AQPIAQD4AQH4AQKYAgGgAjmoAhTCAgcQIxgnGOoCwgIQEAAYAxi0AhjqAhiPAdgBAZgDOfEFP9FMYW7Zscm6BgYIARABGAqSBwExoAdNsgcAuAcA&amp;sclient=gws-wiz-serp\">mo\u017ce by\u0107 niebezpieczne dla zdrowia<\/a>.<\/p>\n<p>Dlatego przed u\u017cyciem tak skutecznego pro-leku nale\u017cy go sprawdzi\u0107. Ludzie u\u017cywaj\u0105 tej przypominaj\u0105cej proszek substancji na r\u00f3\u017cne sposoby, takie jak wstrzykiwanie jej bezpo\u015brednio do \u017cy\u0142y lub palenie jej jak papierosa. Najlepsza technika zale\u017cy od indywidualnych uwarunkowa\u0144 fizycznych i psychicznych ka\u017cdej osoby.<\/p>\n<p>Chocia\u017c jest to niezwykle ryzykowne, niekt\u00f3rzy ludzie r\u00f3wnie\u017c u\u017cywali tego proszku, mieszaj\u0105c go z napojami bezalkoholowymi.<\/p>\n<h3><strong>Kokaina w proszku do cel\u00f3w medycznych<\/strong><\/h3>\n<p>By adding more chemicals to the brain, <a href=\"https:\/\/www.google.com\/search?q=Buy+cocaine+powder+online&amp;sca_esv=7d1b82273738a5db&amp;sxsrf=AHTn8zrpCV8se75n1P5zO_BMxsJNg31gNg%3A1742902621086&amp;ei=XZXiZ7r8BIuQseMPh-T8gAk&amp;ved=0ahUKEwj6nu6ckqWMAxULSGwGHQcyH5AQ4dUDCA8&amp;uact=5&amp;oq=Buy+cocaine+powder+online&amp;gs_lp=Egxnd3Mtd2l6LXNlcnAiGUJ1eSBjb2NhaW5lIHBvd2RlciBvbmxpbmVI1QpQ2ANY2ANwAXgAkAEAmAG9AaABvQGqAQMwLjG4AQPIAQD4AQH4AQKYAgGgAjmoAhTCAgcQIxgnGOoCwgIQEAAYAxi0AhjqAhiPAdgBAZgDOfEFP9FMYW7Zscm6BgYIARABGAqSBwExoAdNsgcAuAcA&amp;sclient=gws-wiz-serp\">cocaine powder also strengthens its response system<\/a>. Podczas leczenia pacjent\u00f3w cierpi\u0105cych na apati\u0119 w zachowaniu i ruchach, lekarze wypisuj\u0105 recepty na ten lek.<\/p>\n<h3><strong>Na sprzeda\u017c: Chlorowodorek kokainy<\/strong><\/h3>\n<p>Lekarze u\u017cywaj\u0105 go r\u00f3wnie\u017c do \u0142agodzenia dyskomfortu podczas wielu zabieg\u00f3w chirurgicznych. Poniewa\u017c daje uczucie rado\u015bci i witalno\u015bci dla umys\u0142u, jego kr\u00f3tki czas trwania jest niezwykle korzystny dla ludzi. Ze wzgl\u0119du na te w\u0142a\u015bciwo\u015bci jest popularny w\u015br\u00f3d wielu ludzi na ca\u0142ym \u015bwiecie.<\/p>\n<p>Ka\u017cdy ma \u0142atwy dost\u0119p do kokainy w proszku na rynku internetowym. Ponadto nasz sklep internetowy oferuje ten wyj\u0105tkowy proszek w niezwykle przyst\u0119pnych cenach. Dodatkowo oferujemy najszybsz\u0105 mo\u017cliw\u0105 dostaw\u0119 produktu prosto do Twoich drzwi.<\/p>\n<h3><strong>Kupowanie kokainy online: Jak dzia\u0142a proces dyskretnego zamawiania<\/strong><\/h3>\n<p>Z nami mo\u017cesz <a href=\"https:\/\/www.bing.com\/search?q=Buy%20cocaine%20powder%20online&amp;qs=n&amp;form=QBRE&amp;sp=-1&amp;lq=0&amp;pq=buy%20cocaine%20powder%20online&amp;sc=0-25&amp;sk=&amp;cvid=052784CD6D47407798C456B3F3F56911&amp;ghsh=0&amp;ghacc=0&amp;ghpl=\">order cocaine easily and conveniently online<\/a>Z nami mo\u017cesz zam\u00f3wi\u0107 kokain\u0119 \u0142atwo i wygodnie online. Nasz sklep jest bardzo przejrzy\u015bcie zaprojektowany, dzi\u0119ki czemu mo\u017cna szybko znale\u017a\u0107 odpowiedni produkt. Mo\u017cesz wybiera\u0107 spo\u015br\u00f3d r\u00f3\u017cnych ilo\u015bci i jako\u015bci i zawsze uzyska\u0107 najlepszy stosunek ceny do wydajno\u015bci. Regularnie oferujemy r\u00f3wnie\u017c specjalne oferty i rabaty, dzi\u0119ki czemu mo\u017cesz kupi\u0107 kokain\u0119 jeszcze taniej.<\/p>\n<h3><strong>Zam\u00f3w kokain\u0119 online: Skorzystaj z naszej szerokiej gamy produkt\u00f3w z kokain\u0105<\/strong><\/h3>\n<p><a href=\"https:\/\/www.bing.com\/search?q=Buy%20cocaine%20powder%20online&amp;qs=n&amp;form=QBRE&amp;sp=-1&amp;lq=0&amp;pq=buy%20cocaine%20powder%20online&amp;sc=0-25&amp;sk=&amp;cvid=052784CD6D47407798C456B3F3F56911&amp;ghsh=0&amp;ghacc=0&amp;ghpl=\">Nasze przetwarzanie p\u0142atno\u015bci jest bardzo bezpieczne i \u0142atwe<\/a>Nasze przetwarzanie p\u0142atno\u015bci jest bardzo bezpieczne i \u0142atwe. Akceptujemy tylko p\u0142atno\u015bci Bitcoin, aby zapewni\u0107 anonimowo\u015b\u0107 i bezpiecze\u0144stwo wszystkich transakcji. Je\u015bli zdecydujesz si\u0119 kupi\u0107 u nas kokain\u0119, nie musisz si\u0119 martwi\u0107, \u017ce zostaniesz przy\u0142apany, poniewa\u017c podejmujemy wszelkie niezb\u0119dne \u015brodki ostro\u017cno\u015bci w celu ochrony Twojej prywatno\u015bci.<\/p>\n<p>Naszym celem jest zapewnienie, \u017ce b\u0119dziesz m\u00f3g\u0142 kupi\u0107 <a href=\"https:\/\/duckduckgo.com\/?q=Buy+cocaine+powder+online&amp;t=h_&amp;ia=web\">best cocaine online<\/a>Naszym celem jest upewnienie si\u0119, \u017ce mo\u017cesz kupi\u0107 najlepsz\u0105 kokain\u0119 online. Wsp\u00f3\u0142pracujemy tylko z najlepszymi producentami i sprawdzamy ka\u017cdy produkt przed dodaniem go do naszego sklepu. Jeste\u015bmy pewni, \u017ce b\u0119dziesz zaskoczony jako\u015bci\u0105 naszej kokainy.<\/p>\n<h3><strong>Kokaina premium online: Nasz sklep z kokain\u0105 oferuje najlepsz\u0105 kokain\u0119 w uczciwej cenie<\/strong><\/h3>\n<p>Jeste\u015bmy zawsze gotowi do pomocy w przypadku jakichkolwiek pyta\u0144 lub problem\u00f3w. Je\u015bli potrzebujesz dodatkowych informacji, skontaktuj si\u0119 z nami. Ch\u0119tnie odpowiemy na ka\u017cde pytanie lub pro\u015bb\u0119.<\/p>\n<p>Og\u00f3lnie rzecz bior\u0105c, zakup kokainy u nas jest \u0142atwy i bezpieczny. Oferujemy szerok\u0105 gam\u0119 produkt\u00f3w, kt\u00f3re s\u0105 najwy\u017cszej jako\u015bci i dost\u0119pne w przyst\u0119pnej cenie. Je\u015bli chcesz kupi\u0107 najlepsz\u0105 kokain\u0119 online, to trafi\u0142e\u015b we w\u0142a\u015bciwe miejsce. Z niecierpliwo\u015bci\u0105 czekamy na pomoc w zakupie nast\u0119pnej kokainy. Zam\u00f3w ju\u017c dzi\u015b i prze\u017cyj najlepsze do\u015bwiadczenie z kokain\u0105, jakie kiedykolwiek mia\u0142e\u015b!<\/p>\n<h3><strong>Najlepsze miejsce do zakupu kokainy online: Zaufaj naszemu profesjonalnemu sklepowi z kokain\u0105<\/strong><\/h3>\n<p><a href=\"https:\/\/duckduckgo.com\/?q=Buy+cocaine+powder+online&amp;t=h_&amp;ia=web\">Kup KOKAIN\u0118 online<\/a>, Nie prowad\u017a pojazdu, je\u015bli za\u017cy\u0142e\u015b kokain\u0119 lub inne narkotyki. W naszym sklepie mo\u017cna zam\u00f3wi\u0107 nie tylko kokain\u0119. Mo\u017cesz r\u00f3wnie\u017c \u0142atwo kupi\u0107 inne narkotyki online. Tutaj mo\u017cesz np.<\/p>","protected":false},"excerpt":{"rendered":"<p>Buy cocaine powder online Buy COCAINE Online, The most popular form of Buy Nembutal is powder cocaine. For this reason it is also called a street drug. The coca plants, which are mainly found in southern countries, are used to make this powder . It is a powerful stimulant that acts directly on the central [&hellip;]<\/p>","protected":false},"featured_media":21238,"comment_status":"open","ping_status":"closed","template":"","meta":{"_joinchat":[]},"product_brand":[],"product_cat":[1179],"product_tag":[],"class_list":{"0":"post-21168","1":"product","2":"type-product","3":"status-publish","4":"has-post-thumbnail","6":"product_cat-buy-cocaine-online","8":"first","9":"instock","10":"shipping-taxable","11":"purchasable","12":"product-type-variable","13":"has-default-attributes","14":"add-to-wishlist-after_add_to_cart"},"yoast_head":"<!-- This site is optimized with the Yoast SEO plugin v27.5 - https:\/\/yoast.com\/product\/yoast-seo-wordpress\/ -->\n<title>Buy Cocaine Online - Narco Powders<\/title>\n<meta name=\"description\" content=\"Kaufen COCAINE Online, kaufen ( cocain kaufen ) \u2013 schnell, einfach und diskret mit Bank\u00fcberweisung und Bitcoin heute. cocain bestllen.\" \/>\n<meta name=\"robots\" content=\"index, follow, max-snippet:-1, max-image-preview:large, max-video-preview:-1\" \/>\n<link rel=\"canonical\" href=\"https:\/\/narcopowders.com\/pl\/produkt\/kokaina-kaufen-online-2\/\" \/>\n<meta property=\"og:locale\" content=\"pl_PL\" \/>\n<meta property=\"og:type\" content=\"article\" \/>\n<meta property=\"og:title\" content=\"Buy Cocaine Online - Narco Powders\" \/>\n<meta property=\"og:description\" content=\"Kaufen COCAINE Online, kaufen ( cocain kaufen ) \u2013 schnell, einfach und diskret mit Bank\u00fcberweisung und Bitcoin heute. cocain bestllen.\" \/>\n<meta property=\"og:url\" content=\"https:\/\/narcopowders.com\/pl\/produkt\/kokaina-kaufen-online-2\/\" \/>\n<meta property=\"og:site_name\" content=\"Narco Powders\" \/>\n<meta property=\"article:modified_time\" content=\"2025-03-25T11:53:53+00:00\" \/>\n<meta property=\"og:image\" content=\"https:\/\/narcopowders.com\/wp-content\/uploads\/2024\/05\/Cocaine.gif\" \/>\n\t<meta property=\"og:image:width\" content=\"600\" \/>\n\t<meta property=\"og:image:height\" content=\"600\" \/>\n\t<meta property=\"og:image:type\" content=\"image\/gif\" \/>\n<meta name=\"twitter:card\" content=\"summary_large_image\" \/>\n<meta name=\"twitter:label1\" content=\"Szacowany czas czytania\" \/>\n\t<meta name=\"twitter:data1\" content=\"4 minuty\" \/>\n<!-- \/ Yoast SEO plugin. -->","yoast_head_json":{"title":"Kup kokain\u0119 online - proszki narkotykowe","description":"Kaufen COCAINE Online, kaufen ( cocain kaufen ) - schnell, einfach und diskret mit Bank\u00fcberweisung und Bitcoin heute. cocain bestllen.","robots":{"index":"index","follow":"follow","max-snippet":"max-snippet:-1","max-image-preview":"max-image-preview:large","max-video-preview":"max-video-preview:-1"},"canonical":"https:\/\/narcopowders.com\/pl\/produkt\/kokaina-kaufen-online-2\/","og_locale":"pl_PL","og_type":"article","og_title":"Buy Cocaine Online - Narco Powders","og_description":"Kaufen COCAINE Online, kaufen ( cocain kaufen ) \u2013 schnell, einfach und diskret mit Bank\u00fcberweisung und Bitcoin heute. cocain bestllen.","og_url":"https:\/\/narcopowders.com\/pl\/produkt\/kokaina-kaufen-online-2\/","og_site_name":"Narco Powders","article_modified_time":"2025-03-25T11:53:53+00:00","og_image":[{"width":600,"height":600,"url":"https:\/\/narcopowders.com\/wp-content\/uploads\/2024\/05\/Cocaine.gif","type":"image\/gif"}],"twitter_card":"summary_large_image","twitter_misc":{"Szacowany czas czytania":"4 minuty"},"schema":{"@context":"https:\/\/schema.org","@graph":[{"@type":"WebPage","@id":"https:\/\/narcopowders.com\/product\/buy-cocaine-online\/","url":"https:\/\/narcopowders.com\/product\/buy-cocaine-online\/","name":"Kup kokain\u0119 online - proszki narkotykowe","isPartOf":{"@id":"https:\/\/narcopowders.com\/#website"},"primaryImageOfPage":{"@id":"https:\/\/narcopowders.com\/product\/buy-cocaine-online\/#primaryimage"},"image":{"@id":"https:\/\/narcopowders.com\/product\/buy-cocaine-online\/#primaryimage"},"thumbnailUrl":"https:\/\/narcopowders.com\/wp-content\/uploads\/2024\/05\/Cocaine.gif","datePublished":"2024-05-23T06:17:24+00:00","dateModified":"2025-03-25T11:53:53+00:00","description":"Kaufen COCAINE Online, kaufen ( cocain kaufen ) - schnell, einfach und diskret mit Bank\u00fcberweisung und Bitcoin heute. cocain bestllen.","breadcrumb":{"@id":"https:\/\/narcopowders.com\/product\/buy-cocaine-online\/#breadcrumb"},"inLanguage":"pl-PL","potentialAction":[{"@type":"ReadAction","target":["https:\/\/narcopowders.com\/product\/buy-cocaine-online\/"]}]},{"@type":"ImageObject","inLanguage":"pl-PL","@id":"https:\/\/narcopowders.com\/product\/buy-cocaine-online\/#primaryimage","url":"https:\/\/narcopowders.com\/wp-content\/uploads\/2024\/05\/Cocaine.gif","contentUrl":"https:\/\/narcopowders.com\/wp-content\/uploads\/2024\/05\/Cocaine.gif","width":600,"height":600,"caption":"Buy Cocaine online"},{"@type":"BreadcrumbList","@id":"https:\/\/narcopowders.com\/product\/buy-cocaine-online\/#breadcrumb","itemListElement":[{"@type":"ListItem","position":1,"name":"Home","item":"https:\/\/narcopowders.com\/"},{"@type":"ListItem","position":2,"name":"Shop Page","item":"https:\/\/narcopowders.com\/shop\/"},{"@type":"ListItem","position":3,"name":"Buy Cocaine Online"}]},{"@type":"WebSite","@id":"https:\/\/narcopowders.com\/#website","url":"https:\/\/narcopowders.com\/","name":"Proszki Narco","description":"M\u00f3j blog WordPress","potentialAction":[{"@type":"SearchAction","target":{"@type":"EntryPoint","urlTemplate":"https:\/\/narcopowders.com\/?s={search_term_string}"},"query-input":{"@type":"PropertyValueSpecification","valueRequired":true,"valueName":"search_term_string"}}],"inLanguage":"pl-PL"}]}},"_links":{"self":[{"href":"https:\/\/narcopowders.com\/pl\/wp-json\/wp\/v2\/product\/21168","targetHints":{"allow":["GET"]}}],"collection":[{"href":"https:\/\/narcopowders.com\/pl\/wp-json\/wp\/v2\/product"}],"about":[{"href":"https:\/\/narcopowders.com\/pl\/wp-json\/wp\/v2\/types\/product"}],"replies":[{"embeddable":true,"href":"https:\/\/narcopowders.com\/pl\/wp-json\/wp\/v2\/comments?post=21168"}],"wp:featuredmedia":[{"embeddable":true,"href":"https:\/\/narcopowders.com\/pl\/wp-json\/wp\/v2\/media\/21238"}],"wp:attachment":[{"href":"https:\/\/narcopowders.com\/pl\/wp-json\/wp\/v2\/media?parent=21168"}],"wp:term":[{"taxonomy":"product_brand","embeddable":true,"href":"https:\/\/narcopowders.com\/pl\/wp-json\/wp\/v2\/product_brand?post=21168"},{"taxonomy":"product_cat","embeddable":true,"href":"https:\/\/narcopowders.com\/pl\/wp-json\/wp\/v2\/product_cat?post=21168"},{"taxonomy":"product_tag","embeddable":true,"href":"https:\/\/narcopowders.com\/pl\/wp-json\/wp\/v2\/product_tag?post=21168"}],"curies":[{"name":"wp","href":"https:\/\/api.w.org\/{rel}","templated":true}]}}