{"id":21239,"date":"2024-05-23T06:34:00","date_gmt":"2024-05-23T06:34:00","guid":{"rendered":"https:\/\/narcopowders.com\/?post_type=product&#038;p=21239"},"modified":"2025-03-26T12:29:14","modified_gmt":"2025-03-26T12:29:14","slug":"buy-etizolam-powder-online","status":"publish","type":"product","link":"https:\/\/narcopowders.com\/pl\/produkt\/kupic-etizolam-proszek-online\/","title":{"rendered":"Kup Etizolam w proszku"},"content":{"rendered":"<h2>Pobierz Etizolam Powder online po najni\u017cszej cenie<\/h2>\n<p><a href=\"https:\/\/narcopowders.com\/pl\/produkt\/kupic-etizolam-proszek-online\/\">Kup Etizolam w proszku<\/a>Etizolam dzia\u0142a jak benzodiazepina, wi\u0105\u017c\u0105c si\u0119 z receptorem benzodiazepinowym, kt\u00f3ry jest pochodn\u0105 tienodiazepiny. Dostawcy etizolamu, kup proszek etizolamu, dostawcy proszku etizolamu, sprzeda\u017c etizolamu i hurtowa sprzeda\u017c proszku etizolamu z Chin.<\/p>\n<p>Sprzedawany jest przez <a href=\"https:\/\/narcopowders.com\/pl\/\">Narcopowders<\/a> do cel\u00f3w badawczych online. Etizolam nie zosta\u0142 zatwierdzony przez FDA do stosowania jako lek. Niemniej jednak mo\u017cna \u0142atwo uzyska\u0107 Etizolam online za pomoc\u0105 naszego sklepu internetowego. Co wi\u0119cej, tylko kilka kraj\u00f3w ma dost\u0119p do etizolamu jako leku.<\/p>\n<h3>Etizolam w proszku: co to jest?<\/h3>\n<p>Mo\u017cesz wyleczy\u0107 uog\u00f3lnione zaburzenie l\u0119kowe wraz z depresj\u0105, bezsenno\u015bci\u0105 i zaburzeniem paniki za pomoc\u0105 proszku etizolam, kt\u00f3ry sprzedajemy online. <a href=\"https:\/\/www.bing.com\/search?q=Buy+Etizolam+Powder+Online&amp;form=QBLH&amp;sp=-1&amp;lq=0&amp;pq=buy+etizolam+powder+online&amp;sc=1-26&amp;qs=n&amp;sk=&amp;cvid=78A682E5124B459C9E52C7988D6F2866&amp;ghsh=0&amp;ghacc=0&amp;ghpl=\">etizolam powder<\/a> that we sell online.<\/p>\n<h3>Gdzie mo\u017cna stosowa\u0107 Etizolam?<\/h3>\n<p><a href=\"https:\/\/en.wikipedia.org\/wiki\/Etizolam\">Etizolam functions<\/a> jako pe\u0142ny agonista receptor\u00f3w GABA-A, zwi\u0119kszaj\u0105c transmisj\u0119 GABAergiczn\u0105 i poprawiaj\u0105c indukowane przez GABA pr\u0105dy Cl. Miejsce wi\u0105zania benzodiazepiny, kt\u00f3re znajduje si\u0119 w poprzek receptora alfa<\/p>\n<p>Przyjmuje si\u0119, \u017ce miejscem wi\u0105zania jest interfejs podjednostki gamma. Doniesiono, \u017ce tylko receptory z podjednostkami gamma 2 i alfa 1\/2\/3\/5 mog\u0105 wi\u0105za\u0107 si\u0119 z benzodiazepinami.<\/p>\n<p>Receptory alfa-1 po\u015brednicz\u0105 w uspokajaj\u0105cym dzia\u0142aniu etizolamu, podczas gdy receptory zawieraj\u0105ce podjednostki alfa-2 i alfa-3 po\u015brednicz\u0105 w dzia\u0142aniu przeciwl\u0119kowym. Etizolam wykazuje wysokie powinowactwo i skuteczno\u015b\u0107 wobec receptora GABA-A w po\u0142\u0105czeniu z kombinacj\u0105 podjednostek alfa 1 beta 2 gamma 2S.<\/p>\n<p>Przy\u0142\u0105czaj\u0105c si\u0119 do obszaru regulacyjnego receptora, etizolam u\u0142atwia otwieranie kana\u0142\u00f3w chlorkowych indukowanych GABA, zwi\u0119kszaj\u0105c w ten spos\u00f3b transmisj\u0119 GABA. Jednym z antagonist\u00f3w PAFR jest etizolam. Dlaczego najlepszym miejscem do zakupu <a href=\"https:\/\/duckduckgo.com\/?t=h_&amp;q=Buy+Etizolam+Powder+Online&amp;ia=web\">Etizolam Powder<\/a> is Narcopowders?<\/p>\n<p>Etizolam jest lekiem uspokajaj\u0105co-nasennym, przeciwdrgawkowym, przeciwl\u0119kowym i zwiotczaj\u0105cym mi\u0119\u015bnie, kt\u00f3ry r\u00f3wnie\u017c hamuje o\u015brodkowy uk\u0142ad nerwowy. Wi\u0105\u017ce si\u0119 z regionem benzodiazepinowym receptora GABA-A, zwi\u0119kszaj\u0105c hamuj\u0105c\u0105 transmisj\u0119 GABAergiczn\u0105 w o\u015brodkowym uk\u0142adzie nerwowym jako agonista. Badania sugeruj\u0105, \u017ce etizolam jest od sze\u015bciu do dziesi\u0119ciu razy silniejszy ni\u017c diazepam pod wzgl\u0119dem dzia\u0142ania farmakologicznego.<\/p>\n<h3>Farmakodynamika<\/h3>\n<p>Dostawa Etizolam jest bezpieczna dla ka\u017cdego z Narcopowders. Nie przegap tej okazji, aby legalnie zam\u00f3wi\u0107 Etizolam online, je\u015bli jeste\u015b got\u00f3w zap\u0142aci\u0107 skromn\u0105 cen\u0119 za proszek. Z\u0142\u00f3\u017c zam\u00f3wienie na <a href=\"https:\/\/www.google.com\/search?q=Buy+Etizolam+Powder+Online&amp;sca_esv=16def464f60f9903&amp;sxsrf=AHTn8zo_Lfpu_UvBnQ8OihW9wiv71k0MNA%3A1742991797535&amp;ei=tfHjZ6q3IJLR0PEPssDFuQw&amp;ved=0ahUKEwjq5cC33qeMAxWSKDQIHTJgMccQ4dUDCBA&amp;uact=5&amp;oq=Buy+Etizolam+Powder+Online&amp;gs_lp=Egxnd3Mtd2l6LXNlcnAiGkJ1eSBFdGl6b2xhbSBQb3dkZXIgT25saW5lSKgEUABYAHAAeACQAQCYAYYDoAGGA6oBAzMtMbgBA8gBAPgBAvgBAZgCAKACAJgDAJIHAKAHTrIHALgHAA&amp;sclient=gws-wiz-serp\">Etizolam powder<\/a> order right away!<\/p>","protected":false},"excerpt":{"rendered":"<p>Get Etizolam Powder Online at the Lowest Cost Buy Etizolam Powder, Etizolam functions as a benzodiazepine by binding to the benzodiazepine receptor, which is a thienodiazepine derivative. Etizolam suppliers, buy etizolam powder, suppliers of etizolam powder, etizolam for sale, and wholesale etizolam powder from China. It is sold by Narcopowders for online research purposes. Etizolam [&hellip;]<\/p>","protected":false},"featured_media":21240,"comment_status":"open","ping_status":"closed","template":"","meta":{"_joinchat":[]},"product_brand":[],"product_cat":[1724],"product_tag":[],"class_list":{"0":"post-21239","1":"product","2":"type-product","3":"status-publish","4":"has-post-thumbnail","6":"product_cat-research-chemicals","8":"first","9":"instock","10":"shipping-taxable","11":"purchasable","12":"product-type-variable","13":"add-to-wishlist-after_add_to_cart"},"yoast_head":"<!-- This site is optimized with the Yoast SEO plugin v25.9 - https:\/\/yoast.com\/wordpress\/plugins\/seo\/ -->\n<title>Buy Etizolam Powder - Etizolam<\/title>\n<meta name=\"description\" content=\"Buy Etizolam Powder, We sells high-quality Etizolam powder that aids with sleep and insomnia. Click here to Order Etizolam powder at a discount\" \/>\n<meta name=\"robots\" content=\"index, follow, max-snippet:-1, max-image-preview:large, max-video-preview:-1\" \/>\n<link rel=\"canonical\" href=\"https:\/\/narcopowders.com\/pl\/produkt\/kupic-etizolam-proszek-online\/\" \/>\n<meta property=\"og:locale\" content=\"pl_PL\" \/>\n<meta property=\"og:type\" content=\"article\" \/>\n<meta property=\"og:title\" content=\"Buy Etizolam Powder - Etizolam\" \/>\n<meta property=\"og:description\" content=\"Buy Etizolam Powder, We sells high-quality Etizolam powder that aids with sleep and insomnia. Click here to Order Etizolam powder at a discount\" \/>\n<meta property=\"og:url\" content=\"https:\/\/narcopowders.com\/pl\/produkt\/kupic-etizolam-proszek-online\/\" \/>\n<meta property=\"og:site_name\" content=\"Narco Powders\" \/>\n<meta property=\"article:modified_time\" content=\"2025-03-26T12:29:14+00:00\" \/>\n<meta property=\"og:image\" content=\"https:\/\/narcopowders.com\/wp-content\/uploads\/2024\/05\/Etizolam.gif\" \/>\n\t<meta property=\"og:image:width\" content=\"600\" \/>\n\t<meta property=\"og:image:height\" content=\"600\" \/>\n\t<meta property=\"og:image:type\" content=\"image\/gif\" \/>\n<meta name=\"twitter:card\" content=\"summary_large_image\" \/>\n<meta name=\"twitter:label1\" content=\"Szacowany czas czytania\" \/>\n\t<meta name=\"twitter:data1\" content=\"2 minuty\" \/>\n<!-- \/ Yoast SEO plugin. -->","yoast_head_json":{"title":"Kup Etizolam w proszku - Etizolam","description":"Kup Etizolam w proszku, sprzedajemy wysokiej jako\u015bci proszek Etizolam, kt\u00f3ry pomaga w zasypianiu i bezsenno\u015bci. Kliknij tutaj, aby zam\u00f3wi\u0107 Etizolam w proszku ze zni\u017ck\u0105","robots":{"index":"index","follow":"follow","max-snippet":"max-snippet:-1","max-image-preview":"max-image-preview:large","max-video-preview":"max-video-preview:-1"},"canonical":"https:\/\/narcopowders.com\/pl\/produkt\/kupic-etizolam-proszek-online\/","og_locale":"pl_PL","og_type":"article","og_title":"Buy Etizolam Powder - Etizolam","og_description":"Buy Etizolam Powder, We sells high-quality Etizolam powder that aids with sleep and insomnia. Click here to Order Etizolam powder at a discount","og_url":"https:\/\/narcopowders.com\/pl\/produkt\/kupic-etizolam-proszek-online\/","og_site_name":"Narco Powders","article_modified_time":"2025-03-26T12:29:14+00:00","og_image":[{"width":600,"height":600,"url":"https:\/\/narcopowders.com\/wp-content\/uploads\/2024\/05\/Etizolam.gif","type":"image\/gif"}],"twitter_card":"summary_large_image","twitter_misc":{"Szacowany czas czytania":"2 minuty"},"schema":{"@context":"https:\/\/schema.org","@graph":[{"@type":"WebPage","@id":"https:\/\/narcopowders.com\/product\/buy-etizolam-powder-online\/","url":"https:\/\/narcopowders.com\/product\/buy-etizolam-powder-online\/","name":"Kup Etizolam w proszku - Etizolam","isPartOf":{"@id":"https:\/\/narcopowders.com\/#website"},"primaryImageOfPage":{"@id":"https:\/\/narcopowders.com\/product\/buy-etizolam-powder-online\/#primaryimage"},"image":{"@id":"https:\/\/narcopowders.com\/product\/buy-etizolam-powder-online\/#primaryimage"},"thumbnailUrl":"https:\/\/narcopowders.com\/wp-content\/uploads\/2024\/05\/Etizolam.gif","datePublished":"2024-05-23T06:34:00+00:00","dateModified":"2025-03-26T12:29:14+00:00","description":"Kup Etizolam w proszku, sprzedajemy wysokiej jako\u015bci proszek Etizolam, kt\u00f3ry pomaga w zasypianiu i bezsenno\u015bci. Kliknij tutaj, aby zam\u00f3wi\u0107 Etizolam w proszku ze zni\u017ck\u0105","breadcrumb":{"@id":"https:\/\/narcopowders.com\/product\/buy-etizolam-powder-online\/#breadcrumb"},"inLanguage":"pl-PL","potentialAction":[{"@type":"ReadAction","target":["https:\/\/narcopowders.com\/product\/buy-etizolam-powder-online\/"]}]},{"@type":"ImageObject","inLanguage":"pl-PL","@id":"https:\/\/narcopowders.com\/product\/buy-etizolam-powder-online\/#primaryimage","url":"https:\/\/narcopowders.com\/wp-content\/uploads\/2024\/05\/Etizolam.gif","contentUrl":"https:\/\/narcopowders.com\/wp-content\/uploads\/2024\/05\/Etizolam.gif","width":600,"height":600,"caption":"Buy Etizolam Online"},{"@type":"BreadcrumbList","@id":"https:\/\/narcopowders.com\/product\/buy-etizolam-powder-online\/#breadcrumb","itemListElement":[{"@type":"ListItem","position":1,"name":"Home","item":"https:\/\/narcopowders.com\/"},{"@type":"ListItem","position":2,"name":"Shop Page","item":"https:\/\/narcopowders.com\/shop\/"},{"@type":"ListItem","position":3,"name":"Buy Etizolam Powder"}]},{"@type":"WebSite","@id":"https:\/\/narcopowders.com\/#website","url":"https:\/\/narcopowders.com\/","name":"Proszki Narco","description":"M\u00f3j blog WordPress","potentialAction":[{"@type":"SearchAction","target":{"@type":"EntryPoint","urlTemplate":"https:\/\/narcopowders.com\/?s={search_term_string}"},"query-input":{"@type":"PropertyValueSpecification","valueRequired":true,"valueName":"search_term_string"}}],"inLanguage":"pl-PL"}]}},"_links":{"self":[{"href":"https:\/\/narcopowders.com\/pl\/wp-json\/wp\/v2\/product\/21239","targetHints":{"allow":["GET"]}}],"collection":[{"href":"https:\/\/narcopowders.com\/pl\/wp-json\/wp\/v2\/product"}],"about":[{"href":"https:\/\/narcopowders.com\/pl\/wp-json\/wp\/v2\/types\/product"}],"replies":[{"embeddable":true,"href":"https:\/\/narcopowders.com\/pl\/wp-json\/wp\/v2\/comments?post=21239"}],"wp:featuredmedia":[{"embeddable":true,"href":"https:\/\/narcopowders.com\/pl\/wp-json\/wp\/v2\/media\/21240"}],"wp:attachment":[{"href":"https:\/\/narcopowders.com\/pl\/wp-json\/wp\/v2\/media?parent=21239"}],"wp:term":[{"taxonomy":"product_brand","embeddable":true,"href":"https:\/\/narcopowders.com\/pl\/wp-json\/wp\/v2\/product_brand?post=21239"},{"taxonomy":"product_cat","embeddable":true,"href":"https:\/\/narcopowders.com\/pl\/wp-json\/wp\/v2\/product_cat?post=21239"},{"taxonomy":"product_tag","embeddable":true,"href":"https:\/\/narcopowders.com\/pl\/wp-json\/wp\/v2\/product_tag?post=21239"}],"curies":[{"name":"wp","href":"https:\/\/api.w.org\/{rel}","templated":true}]}}