{"id":21271,"date":"2024-05-23T07:46:43","date_gmt":"2024-05-23T07:46:43","guid":{"rendered":"https:\/\/narcopowders.com\/?post_type=product&#038;p=21271"},"modified":"2025-05-06T07:01:16","modified_gmt":"2025-05-06T07:01:16","slug":"buy-5cladb-online","status":"publish","type":"product","link":"https:\/\/narcopowders.com\/pl\/product\/buy-5cladb-online\/","title":{"rendered":"Kup 5cladb online"},"content":{"rendered":"<h2>POBIERZ 5CLADBA BEZPO\u015aREDNIO<\/h2>\n<p><a href=\"https:\/\/narcopowders.com\/pl\/produkt\/kup-5cladb-online\/\">Kup 5cladb online<\/a>,\u00a0 5CLADBA has been misused in a number of contexts and employed for non-clinical as well as occasionally therapeutic uses, including cancer research. <a href=\"https:\/\/narcopowders.com\/pl\/\">Purchase powder 5CL-ADB-A online<\/a>. MDMB-4en-PINACA, MDMB-ADB-A or 5CLADBA (alternately termed MDMB-PENINA, also known as MDMB-PINACA N1-pentyl-4-en isomer, is an indazole-base synthetic <a href=\"https:\/\/en.wikipedia.org\/wiki\/Cannabinoid\">kannabinoid<\/a> that is incredibly potent. Furthermore <a href=\"https:\/\/www.bing.com\/search?q=Buy%205cladb%20Online&amp;qs=n&amp;form=QBRE&amp;sp=-1&amp;lq=0&amp;pq=buy%205cladb%20online&amp;sc=10-17&amp;sk=&amp;cvid=2FABE2D4DDA94ACB80E26EDAEF597A7E&amp;ghsh=0&amp;ghacc=0&amp;ghpl=\">5-CL-ADB-A<\/a> jest zmodyfikowanym agonist\u0105 receptora kannabinoidowego, stosowanym jako funkcjonalny sk\u0142adnik produkt\u00f3w sprzedawanych jako zamienniki konopi. <a href=\"https:\/\/www.bing.com\/search?q=Buy%205cladb%20Online&amp;qs=n&amp;form=QBRE&amp;sp=-1&amp;lq=0&amp;pq=buy%205cladb%20online&amp;sc=10-17&amp;sk=&amp;cvid=2FABE2D4DDA94ACB80E26EDAEF597A7E&amp;ghsh=0&amp;ghacc=0&amp;ghpl=\">5-CL<\/a><a href=\"https:\/\/en.wikipedia.org\/wiki\/MDMB-4en-PINACA\">&#8211;<\/a><\/p>\n<p><strong>ADB-A nie ma udokumentowanego zastosowania terapeutycznego ani korzystnego. 6CLADBA<\/strong><\/p>\n<h3>Co to jest 5CL-ADB-A? | Sklep internetowy, aby kupi\u0107 proszek 5CL-ADB-A<\/h3>\n<p>The highly potent synthetic <a href=\"https:\/\/www.google.com\/search?q=Buy+5cladb+Online&amp;num=10&amp;sca_esv=1a2a07081c7891bb&amp;rlz=1C1RXQR_enIN1098IN1098&amp;sxsrf=AHTn8zrQR-eImhoOhY1vNdzImcvToKJO7g%3A1741686295979&amp;ei=FwbQZ6bCO_qA1e8Plb2vyAc&amp;ved=0ahUKEwjmqe2H34GMAxV6QPUHHZXeC3kQ4dUDCBA&amp;uact=5&amp;oq=Buy+5cladb+Online&amp;gs_lp=Egxnd3Mtd2l6LXNlcnAiEUJ1eSA1Y2xhZGIgT25saW5lMgcQIRigARgKSLAIUNUDWNUDcAJ4AJABAJgB_wGgAf8BqgEDMi0xuAEDyAEA-AEC-AEBmAIBoAKIApgDAIgGAZIHAzItMaAHigI&amp;sclient=gws-wiz-serp\">cannabinoid 5-Cl-Adb-A<\/a>, znany r\u00f3wnie\u017c jako 5CLADBA (znany r\u00f3wnie\u017c jako MDMB-4en-PINACA lub izomer N1-pentyl-4-en MDMB-PINACA), jest zasad\u0105 indazolow\u0105. 5-Cl-ADB-A b\u0119dzie in\u017cynierem receptora kannabinoidowego. Co zaskakuj\u0105ce, 5-Cl-ADB-A pochodzi od sprawdzonych dostawc\u00f3w i jest nieskazitelny. Naturalnie mo\u017ce to wynika\u0107 z faktu, \u017ce importowanie lub posiadanie 5CL-ADB-A jest ca\u0142kowicie nielegalne i jest wysoce nieprawdopodobne, aby ktokolwiek zna\u0142 prawid\u0142owe metody jego fa\u0142szowania. Agencja ds. Zwalczania Narkotyk\u00f3w (DEA) uznaje 5-Cl-ADB-A i MDMB-4en-PINACA za syntetyczne, chyba \u017ce organy regulacyjne uznaj\u0105, \u017ce niekt\u00f3re z prawdziwych sk\u0142adnik\u00f3w chemicznych pochodz\u0105 z ich niesyntetycznych odpowiednik\u00f3w. Poniewa\u017c 5-Cl-ADB-A jest tak silny, 3-CLADBA jest r\u00f3wnowa\u017cny <a href=\"https:\/\/www.google.com\/search?q=Buy+5cladb+Online&amp;num=10&amp;sca_esv=1a2a07081c7891bb&amp;rlz=1C1RXQR_enIN1098IN1098&amp;sxsrf=AHTn8zrQR-eImhoOhY1vNdzImcvToKJO7g%3A1741686295979&amp;ei=FwbQZ6bCO_qA1e8Plb2vyAc&amp;ved=0ahUKEwjmqe2H34GMAxV6QPUHHZXeC3kQ4dUDCBA&amp;uact=5&amp;oq=Buy+5cladb+Online&amp;gs_lp=Egxnd3Mtd2l6LXNlcnAiEUJ1eSA1Y2xhZGIgT25saW5lMgcQIRigARgKSLAIUNUDWNUDcAJ4AJABAJgB_wGgAf8BqgEDMi0xuAEDyAEA-AEC-AEBmAIBoAKIApgDAIgGAZIHAzItMaAHigI&amp;sclient=gws-wiz-serp\">5-CLADBA<\/a>Przyk\u0142adami syntetycznych kannabinoid\u00f3w s\u0105 produkty laboratoryjne, takie jak AMB-PINACA, APP-B, EG-018, JWH-018, JWH-201, 5F-UR144, 5FMDMB2201<a href=\"https:\/\/narcopowders.com\/pl\/produkt\/buy-4f%e2%80%90mdmb%e2%80%90binaca-online\/\">.<\/a><\/p>\n<h3><strong>Jak stosowa\u0107 5CL-ADB-A?<\/strong><\/h3>\n<p>Major research organizations have not sufficiently investigated the efficacy of <a href=\"https:\/\/duckduckgo.com\/?q=Buy+5cladb+Online&amp;t=h_&amp;ia=web\">5-CL-ADB-A<\/a>G\u0142\u00f3wne organizacje badawcze nie zbada\u0142y w wystarczaj\u0105cym stopniu skuteczno\u015bci 5-CL-ADB-A, kt\u00f3ry nadal jest uwa\u017cany za siln\u0105 niewiadom\u0105 i prawdopodobnie powinien zosta\u0107 sklasyfikowany jako narkotyk z wykazu I. Okre\u015blenie \"wysoki potencja\u0142 nadu\u017cywania, brak obecnie akceptowanego zastosowania medycznego w leczeniu w Stanach Zjednoczonych i brak akceptowalno\u015bci stosowania leku lub innej substancji pod nadzorem lekarza\" odnosi si\u0119 do narkotyk\u00f3w wymienionych w wykazie I. U\u017cytkownicy powinni zosta\u0107 poinformowani, \u017ce <a href=\"https:\/\/duckduckgo.com\/?q=Buy+5cladb+Online&amp;t=h_&amp;ia=web\">5CL-ADB-A (znany r\u00f3wnie\u017c jako MDMB-4en-PINACA)<\/a> may not be a cannabinoid receptor agonist, thus any effects they may experience\u2014either physical or psychological\u2014may be completely placebo-related.<\/p>\n<h3><strong>SZCZEG\u00d3\u0141Y PRODUKTU<\/strong><\/h3>\n<p>Numer produktu: 137350-66-4; Nazwa produktu: 5CL-ADB<\/p>\n<p>Wz\u00f3r chemiczny to C20H27FN2O3.<\/p>\n<p>Krystaliczny i pudrowy wygl\u0105d<\/p>\n<p>Zastosowanie: Do bada\u0144 naukowych<\/p>\n<h3><strong>Jaki sklep sprzedaje 5CL-ADB-A?<\/strong><\/h3>\n<p><a href=\"https:\/\/duckduckgo.com\/?q=Buy+5cladb+Online&amp;t=h_&amp;ia=web\">Zakup 5CL-ADB-A<\/a> bezpo\u015brednio od oddzielnego dostawcy, takiego jak research chemical supply, lub online. Ze wzgl\u0119du na nadu\u017cywanie \"1-cl\", 5cl-ADB-A jest obecnie produkowany i sprzedawany wy\u0142\u0105cznie w postaci czystego proszku na stronie https:\/\/buy-5cladba-5fmda-online.com. Istnieje wielu innych godnych zaufania dostawc\u00f3w tych produkt\u00f3w, z kt\u00f3rych wiele jest bardzo przydatnych do u\u017cycia podczas dawkowania lub do zbierania substytutu konopi, takiego jak \"zmelifikowane\" ekstrakty zawieraj\u0105ce 5cl-adb-a. Je\u015bli szukasz ca\u0142ych zi\u00f3\u0142 lub ekstrakt\u00f3w \"do zalewania\", kt\u00f3re zawieraj\u0105 5cl-ADB-A, patrzysz na niew\u0142a\u015bciw\u0105 stron\u0119 internetow\u0105. Ca\u0142kowicie zatwierdzonym i przetestowanym kontrolerem harmonogramu 1 jest 5CLADBA. materia\u0142 w USA. Kupuj online 5-CL-ADB-A i post\u0119puj w\u0142a\u015bciwie. 5-CL-ADB-A jest zarezerwowany dla os\u00f3b z do\u015bwiadczeniem.<\/p>\n<p>Techniczne kannabinoidy mog\u0105 by\u0107 wiarygodne i wskazywa\u0107, \u017ce oryginalna marihuana nale\u017cy do okre\u015blonej kategorii lub ma okre\u015blony sk\u0142ad chemiczny, taki jak wysoki lub niski poziom THC lub CBD. zakup 5CL ADB-A w Wielkiej Brytanii od producent\u00f3w w Chinach i Europie.<\/p>\n<p>nie zostali oszukani, ale podejmuj\u0105 nowe wysi\u0142ki, aby zagwarantowa\u0107, \u017ce ich klienci mog\u0105 nadal uzyskiwa\u0107 legalne do\u015bwiadczenie, kt\u00f3rego chc\u0105. Dzi\u0119ki chemikaliom, kt\u00f3re s\u0105 silne i stworzone dla czystego, bezpiecznego \u015brodowiska, pozostawia przyt\u0142aczaj\u0105ce poczucie jasno\u015bci Kup 5cladb Online.<\/p>","protected":false},"excerpt":{"rendered":"<p>MDMB-4en-PINACA, syntetyczny kannabinoid oparty na indazolach, kt\u00f3ry jest oferowany online jako narkotyk designerski, jest r\u00f3wnie\u017c b\u0142\u0119dnie okre\u015blany jako 5-CL-ADB-A. Pierwsze wykrycie MDMB-4en-PINACA mia\u0142o miejsce w Europie.<\/p>\n<table class=\"infobox\">\n<tbody>\n<tr>\n<td class=\"infobox-full-data\" colspan=\"2\">\n<div class=\"collapsible-list mw-collapsible mw-made-collapsible\">\n<div>\n<div>Nazwa IUPAC<\/div>\n<\/div>\n<ul class=\"mw-collapsible-content\">\n<li>\n<div>metyl (<i>S<\/i>)-3,3-dimethyl-2-(1-(pent-4-en-1-yl)-1<i>H<\/i>-indazolo-3-karboksyamido)butanianu<\/div>\n<\/li>\n<\/ul>\n<\/div>\n<\/td>\n<\/tr>\n<tr>\n<th class=\"infobox-label\" scope=\"row\">Numer CAS<\/th>\n<td class=\"infobox-data\">\n<div class=\"plainlist\">\n<ul>\n<li><span title=\"commonchemistry.cas.org\">2504100-70-1<\/span><sup>\u00a0<\/sup><\/li>\n<\/ul>\n<\/div>\n<\/td>\n<\/tr>\n<tr>\n<th class=\"infobox-label\" scope=\"row\">PubChem\u00a0<abbr title=\"Identyfikator zwi\u0105zku\">CID<\/abbr><\/th>\n<td class=\"infobox-data\">\n<div class=\"plainlist\">\n<p><span title=\"pubchem.ncbi.nlm.nih.gov\">155804661<\/span><\/p>\n<\/div>\n<\/td>\n<\/tr>\n<tr>\n<th class=\"infobox-label\" scope=\"row\">ChemSpider<\/th>\n<td class=\"infobox-data\">\n<div class=\"plainlist\">\n<p><span title=\"www.chemspider.com\">71117180<\/span><\/p>\n<\/div>\n<\/td>\n<\/tr>\n<tr>\n<th class=\"infobox-label\" scope=\"row\">UNII<\/th>\n<td class=\"infobox-data\">\n<div class=\"plainlist\">\n<p><span title=\"precision.fda.gov\">K2DZN2TDD6<\/span><\/p>\n<\/div>\n<\/td>\n<\/tr>\n<tr>\n<th class=\"infobox-label\" scope=\"row\">KEGG<\/th>\n<td class=\"infobox-data\">\n<div class=\"plainlist\">\n<p><span title=\"www.kegg.jp\">C22788<\/span><\/p>\n<\/div>\n<\/td>\n<\/tr>\n<\/tbody>\n<\/table>","protected":false},"featured_media":21272,"comment_status":"open","ping_status":"closed","template":"","meta":{"_joinchat":[]},"product_brand":[],"product_cat":[1724],"product_tag":[1739,1738,1737,1736,1692],"class_list":{"0":"post-21271","1":"product","2":"type-product","3":"status-publish","4":"has-post-thumbnail","6":"product_cat-research-chemicals","7":"product_tag-5-cl-adb-a","8":"product_tag-5-cl-adb-a-powder","9":"product_tag-5cl-abda-powder-for-sale","10":"product_tag-5cl-adb-a-for-sale","11":"product_tag-adb-fubinaca","13":"first","14":"instock","15":"shipping-taxable","16":"purchasable","17":"product-type-variable","18":"add-to-wishlist-after_add_to_cart"},"yoast_head":"<!-- This site is optimized with the Yoast SEO plugin v27.5 - https:\/\/yoast.com\/product\/yoast-seo-wordpress\/ -->\n<title>Buy 5cladb Online - 5cladb For Sale<\/title>\n<meta name=\"description\" content=\"Buy 5cladb Online, 5CL-ADB-A online from narcopowders with great ease. We are a recognised online 5cladb shop having years of experience. Order 5cladb now.\" \/>\n<meta name=\"robots\" content=\"index, follow, max-snippet:-1, max-image-preview:large, max-video-preview:-1\" \/>\n<link rel=\"canonical\" href=\"https:\/\/narcopowders.com\/pl\/produkt\/kup-5cladb-online\/\" \/>\n<meta property=\"og:locale\" content=\"pl_PL\" \/>\n<meta property=\"og:type\" content=\"article\" \/>\n<meta property=\"og:title\" content=\"Buy 5cladb Online - 5cladb For Sale\" \/>\n<meta property=\"og:description\" content=\"Buy 5cladb Online, 5CL-ADB-A online from narcopowders with great ease. We are a recognised online 5cladb shop having years of experience. Order 5cladb now.\" \/>\n<meta property=\"og:url\" content=\"https:\/\/narcopowders.com\/pl\/produkt\/kup-5cladb-online\/\" \/>\n<meta property=\"og:site_name\" content=\"Narco Powders\" \/>\n<meta property=\"article:modified_time\" content=\"2025-05-06T07:01:16+00:00\" \/>\n<meta property=\"og:image\" content=\"https:\/\/narcopowders.com\/wp-content\/uploads\/2024\/05\/5cl-adb.gif\" \/>\n\t<meta property=\"og:image:width\" content=\"600\" \/>\n\t<meta property=\"og:image:height\" content=\"600\" \/>\n\t<meta property=\"og:image:type\" content=\"image\/gif\" \/>\n<meta name=\"twitter:card\" content=\"summary_large_image\" \/>\n<meta name=\"twitter:label1\" content=\"Szacowany czas czytania\" \/>\n\t<meta name=\"twitter:data1\" content=\"3 minuty\" \/>\n<!-- \/ Yoast SEO plugin. -->","yoast_head_json":{"title":"Kup 5cladb online - 5cladb na sprzeda\u017c","description":"Kup 5cladb Online, 5CL-ADB-A online od narcopowders z wielk\u0105 \u0142atwo\u015bci\u0105. Jeste\u015bmy uznanym sklepem internetowym 5cladb z wieloletnim do\u015bwiadczeniem. Zam\u00f3w 5cladb teraz.","robots":{"index":"index","follow":"follow","max-snippet":"max-snippet:-1","max-image-preview":"max-image-preview:large","max-video-preview":"max-video-preview:-1"},"canonical":"https:\/\/narcopowders.com\/pl\/produkt\/kup-5cladb-online\/","og_locale":"pl_PL","og_type":"article","og_title":"Buy 5cladb Online - 5cladb For Sale","og_description":"Buy 5cladb Online, 5CL-ADB-A online from narcopowders with great ease. We are a recognised online 5cladb shop having years of experience. Order 5cladb now.","og_url":"https:\/\/narcopowders.com\/pl\/produkt\/kup-5cladb-online\/","og_site_name":"Narco Powders","article_modified_time":"2025-05-06T07:01:16+00:00","og_image":[{"width":600,"height":600,"url":"https:\/\/narcopowders.com\/wp-content\/uploads\/2024\/05\/5cl-adb.gif","type":"image\/gif"}],"twitter_card":"summary_large_image","twitter_misc":{"Szacowany czas czytania":"3 minuty"},"schema":{"@context":"https:\/\/schema.org","@graph":[{"@type":"WebPage","@id":"https:\/\/narcopowders.com\/product\/buy-5cladb-online\/","url":"https:\/\/narcopowders.com\/product\/buy-5cladb-online\/","name":"Kup 5cladb online - 5cladb na sprzeda\u017c","isPartOf":{"@id":"https:\/\/narcopowders.com\/#website"},"primaryImageOfPage":{"@id":"https:\/\/narcopowders.com\/product\/buy-5cladb-online\/#primaryimage"},"image":{"@id":"https:\/\/narcopowders.com\/product\/buy-5cladb-online\/#primaryimage"},"thumbnailUrl":"https:\/\/narcopowders.com\/wp-content\/uploads\/2024\/05\/5cl-adb.gif","datePublished":"2024-05-23T07:46:43+00:00","dateModified":"2025-05-06T07:01:16+00:00","description":"Kup 5cladb Online, 5CL-ADB-A online od narcopowders z wielk\u0105 \u0142atwo\u015bci\u0105. Jeste\u015bmy uznanym sklepem internetowym 5cladb z wieloletnim do\u015bwiadczeniem. Zam\u00f3w 5cladb teraz.","breadcrumb":{"@id":"https:\/\/narcopowders.com\/product\/buy-5cladb-online\/#breadcrumb"},"inLanguage":"pl-PL","potentialAction":[{"@type":"ReadAction","target":["https:\/\/narcopowders.com\/product\/buy-5cladb-online\/"]}]},{"@type":"ImageObject","inLanguage":"pl-PL","@id":"https:\/\/narcopowders.com\/product\/buy-5cladb-online\/#primaryimage","url":"https:\/\/narcopowders.com\/wp-content\/uploads\/2024\/05\/5cl-adb.gif","contentUrl":"https:\/\/narcopowders.com\/wp-content\/uploads\/2024\/05\/5cl-adb.gif","width":600,"height":600,"caption":"Buy 5cladb Online"},{"@type":"BreadcrumbList","@id":"https:\/\/narcopowders.com\/product\/buy-5cladb-online\/#breadcrumb","itemListElement":[{"@type":"ListItem","position":1,"name":"Home","item":"https:\/\/narcopowders.com\/"},{"@type":"ListItem","position":2,"name":"Shop Page","item":"https:\/\/narcopowders.com\/shop\/"},{"@type":"ListItem","position":3,"name":"Buy 5cladb Online"}]},{"@type":"WebSite","@id":"https:\/\/narcopowders.com\/#website","url":"https:\/\/narcopowders.com\/","name":"Proszki Narco","description":"M\u00f3j blog WordPress","potentialAction":[{"@type":"SearchAction","target":{"@type":"EntryPoint","urlTemplate":"https:\/\/narcopowders.com\/?s={search_term_string}"},"query-input":{"@type":"PropertyValueSpecification","valueRequired":true,"valueName":"search_term_string"}}],"inLanguage":"pl-PL"}]}},"_links":{"self":[{"href":"https:\/\/narcopowders.com\/pl\/wp-json\/wp\/v2\/product\/21271","targetHints":{"allow":["GET"]}}],"collection":[{"href":"https:\/\/narcopowders.com\/pl\/wp-json\/wp\/v2\/product"}],"about":[{"href":"https:\/\/narcopowders.com\/pl\/wp-json\/wp\/v2\/types\/product"}],"replies":[{"embeddable":true,"href":"https:\/\/narcopowders.com\/pl\/wp-json\/wp\/v2\/comments?post=21271"}],"wp:featuredmedia":[{"embeddable":true,"href":"https:\/\/narcopowders.com\/pl\/wp-json\/wp\/v2\/media\/21272"}],"wp:attachment":[{"href":"https:\/\/narcopowders.com\/pl\/wp-json\/wp\/v2\/media?parent=21271"}],"wp:term":[{"taxonomy":"product_brand","embeddable":true,"href":"https:\/\/narcopowders.com\/pl\/wp-json\/wp\/v2\/product_brand?post=21271"},{"taxonomy":"product_cat","embeddable":true,"href":"https:\/\/narcopowders.com\/pl\/wp-json\/wp\/v2\/product_cat?post=21271"},{"taxonomy":"product_tag","embeddable":true,"href":"https:\/\/narcopowders.com\/pl\/wp-json\/wp\/v2\/product_tag?post=21271"}],"curies":[{"name":"wp","href":"https:\/\/api.w.org\/{rel}","templated":true}]}}