{"id":21336,"date":"2024-05-23T10:44:15","date_gmt":"2024-05-23T10:44:15","guid":{"rendered":"https:\/\/narcopowders.com\/?post_type=product&#038;p=21336"},"modified":"2025-05-06T06:59:19","modified_gmt":"2025-05-06T06:59:19","slug":"buy-5cadb-b-online","status":"publish","type":"product","link":"https:\/\/narcopowders.com\/pl\/produkt\/buy-5cadb-b-online\/","title":{"rendered":"Kup online 5CADB-B"},"content":{"rendered":"<h2>Kup online 5CADB-B<\/h2>\n<p><a href=\"https:\/\/narcopowders.com\/pl\/produkt\/buy-5cadb-b-online\/\">Get 5CADB-B Powder online<\/a> with free international shipping. This synthetic <a href=\"https:\/\/narcopowders.com\/pl\/\">kannabinoid<\/a> belongs to the indazole-3-carboxamide class and is based on indazoles. Another name for <a href=\"https:\/\/en.wikipedia.org\/wiki\/Cannabinoid\">5CADB-B<\/a> is 5F-MDMB-PINACA. It has been a component of synthetic cannabis products that are offered for sale online as designer medications.<\/p>\n<h3>Pochodzenie 5CADB-B<\/h3>\n<p>Pierwszy dow\u00f3d na to znaleziono w pr\u00f3bkach pobranych po\u015bmiertnie od osoby, kt\u00f3ra za\u017cy\u0142a produkt zawieraj\u0105cy t\u0119 substancj\u0119 chemiczn\u0105, prawdopodobnie w listopadzie 2014 roku. Dziesi\u0119\u0107 kolejnych os\u00f3b, kt\u00f3rych \u015bmier\u0107 nie zosta\u0142a wyja\u015bniona, zosta\u0142o przebadanych i, co szokuj\u0105ce, wszystkie zmar\u0142y w wyniku za\u017cycia tej samej substancji chemicznej. Przyczyn\u0105 wszystkich tych zgon\u00f3w by\u0142o przedawkowanie. Chocia\u017c nie ma pewno\u015bci, czy <a href=\"https:\/\/www.bing.com\/search?q=Buy%205CADB-B%20Online&amp;qs=n&amp;form=QBRE&amp;sp=-1&amp;lq=0&amp;pq=buy%205cadb-b%20online&amp;sc=9-18&amp;sk=&amp;cvid=3CDDBECB84CD42198474134A50793E1E&amp;ghsh=0&amp;ghacc=0&amp;ghpl=\">5CADB-B<\/a> jest selektywny wobec receptora CB1 i jest silnym agonist\u0105 tego receptora. Uwa\u017ca si\u0119, \u017ce 5CADB-B jest niezwykle silny ze wzgl\u0119du na wyj\u0105tkowo nisk\u0105 wykrywalno\u015b\u0107 w tkankach organizmu i wydaje si\u0119 by\u0107 bardziej truj\u0105cy ni\u017c jakikolwiek inny wcze\u015bniej dost\u0119pny na rynku produkt konopny. <a href=\"https:\/\/duckduckgo.com\/?q=Buy+5CADB-B+Online&amp;t=h_&amp;ia=web\">Purchase 5CADB-B Powder Online<\/a> with Free <a href=\"https:\/\/www.google.com\/search?q=Buy+5CADB-B+Online&amp;sca_esv=2a2a93e8be91f013&amp;sxsrf=AHTn8zoTD7-BemMPdoGP6C3Dywefetpcig%3A1742973806011&amp;ei=bqvjZ4shraCx4w_Zrc25Ag&amp;ved=0ahUKEwiLkL20m6eMAxUtUGwGHdlWMycQ4dUDCA8&amp;uact=5&amp;oq=Buy+5CADB-B+Online&amp;gs_lp=Egxnd3Mtd2l6LXNlcnAiEkJ1eSA1Q0FEQi1CIE9ubGluZTIHECEYoAEYCkixZlCeDlieDnABeACQAQCYAckBoAHJAaoBAzItMbgBA8gBAPgBAfgBApgCAqAChAKoAhLCAgcQIxgnGOoCwgINEC4Y0QMYxwEYJxjqAsICFBAAGIAEGJECGLQCGIoFGOoC2AEBwgIUEAAYgAQY4wQYtAIY6QQY6gLYAQGYAybxBc_SHavyblhwugYGCAEQARgBkgcFMS4wLjGgB5YCsgcDMi0xuAfeAQ&amp;sclient=gws-wiz-serp\">Worldwide Shipping<\/a><\/p>\n<h3>Nielegalne u\u017cycie i dystrybucja internetowa 5CADB-B<\/h3>\n<p>There are currently no industrial or therapeutic applications for <a href=\"https:\/\/www.google.com\/search?q=Buy+5CADB-B+Online&amp;sca_esv=2a2a93e8be91f013&amp;sxsrf=AHTn8zoTD7-BemMPdoGP6C3Dywefetpcig%3A1742973806011&amp;ei=bqvjZ4shraCx4w_Zrc25Ag&amp;ved=0ahUKEwiLkL20m6eMAxUtUGwGHdlWMycQ4dUDCA8&amp;uact=5&amp;oq=Buy+5CADB-B+Online&amp;gs_lp=Egxnd3Mtd2l6LXNlcnAiEkJ1eSA1Q0FEQi1CIE9ubGluZTIHECEYoAEYCkixZlCeDlieDnABeACQAQCYAckBoAHJAaoBAzItMbgBA8gBAPgBAfgBApgCAqAChAKoAhLCAgcQIxgnGOoCwgINEC4Y0QMYxwEYJxjqAsICFBAAGIAEGJECGLQCGIoFGOoC2AEBwgIUEAAYgAQY4wQYtAIY6QQY6gLYAQGYAybxBc_SHavyblhwugYGCAEQARgBkgcFMS4wLjGgB5YCsgcDMi0xuAfeAQ&amp;sclient=gws-wiz-serp\">5f-adb<\/a>Zosta\u0142 on wykryty w kilku produktach na bazie syntetycznej konopi indyjskich, kt\u00f3re s\u0105 palone w celu wywo\u0142ania psychodelicznego haju. Dane na temat spo\u017cycia przez konsument\u00f3w w Stanach Zjednoczonych i innych krajach s\u0105 sk\u0105pe. Nadu\u017cywanie syntetycznych kannabinoid\u00f3w stanowi problem zdrowia publicznego i bezpiecze\u0144stwa, poniewa\u017c centra kontroli zatru\u0107 stale zg\u0142aszaj\u0105 negatywne skutki zdrowotne. W Japonii odnotowano wiele zgon\u00f3w z powodu przedawkowania mi\u0119dzy wrze\u015bniem a listopadem 2014 roku.\u00a0 <a href=\"https:\/\/www.bing.com\/search?q=Buy%205CADB-B%20Online&amp;qs=n&amp;form=QBRE&amp;sp=-1&amp;lq=0&amp;pq=buy%205cadb-b%20online&amp;sc=9-18&amp;sk=&amp;cvid=3CDDBECB84CD42198474134A50793E1E&amp;ghsh=0&amp;ghacc=0&amp;ghpl=\">Kup 5f-adb online<\/a>. Also, get good RC here.<\/p>\n<h3>5CADB-B Grupowanie i aspekty farmakologiczne<\/h3>\n<p>Ten lek nale\u017cy do grupy indazoli. Pozycje 1 i 3 uk\u0142adu pier\u015bcieni indazolowych s\u0142u\u017c\u0105 jako zamienniki w strukturze rdzenia indazolu, kt\u00f3ry stanowi podstaw\u0119 5F-ADB. Pozycja 1 w uk\u0142adzie pi\u0119ciu F-ADB jest zast\u0105piona liniowym \u0142a\u0144cuchem pi\u0119ciow\u0119glowym.<\/p>\n<p>zako\u0144czony atomem fluoru (F). W przypadku \u0142\u0105cznika amidowego pozycja 3 jest podstawiona, a atom azotu (N)<\/p>\n<p>Do tego \u0142\u0105cznika dodawane s\u0105 dodatkowe grupy 1-metoksy-3,3-dimetylo-1-oksobutan-2-ylowe. Dane z bada\u0144 przedklinicznych pokazuj\u0105, \u017ce 5F-ADB wi\u0105\u017ce si\u0119 z receptorem CB1 i dzia\u0142a tam jako agonista. <a href=\"https:\/\/duckduckgo.com\/?q=Buy+5CADB-B+Online&amp;t=h_&amp;ia=web\">5CADB-B<\/a> uog\u00f3lniony na delta9-tetrahydrokannabinol w badaniach nad rozr\u00f3\u017cnianiem lek\u00f3w na szczurach, wywo\u0142uj\u0105cy subiektywne reakcje podobne do THC.<\/p>","protected":false},"excerpt":{"rendered":"<p>Buy 5CADB-B Online Get 5CADB-B Powder online with free international shipping. This synthetic cannabinoid belongs to the indazole-3-carboxamide class and is based on indazoles. Another name for 5CADB-B is 5F-MDMB-PINACA. It has been a component of synthetic cannabis products that are offered for sale online as designer medications. The 5CADB-B origin The first evidence of [&hellip;]<\/p>","protected":false},"featured_media":21337,"comment_status":"open","ping_status":"closed","template":"","meta":{"_joinchat":[]},"product_brand":[],"product_cat":[1724],"product_tag":[],"class_list":{"0":"post-21336","1":"product","2":"type-product","3":"status-publish","4":"has-post-thumbnail","6":"product_cat-research-chemicals","8":"first","9":"instock","10":"shipping-taxable","11":"purchasable","12":"product-type-variable","13":"add-to-wishlist-after_add_to_cart"},"yoast_head":"<!-- This site is optimized with the Yoast SEO plugin v25.9 - https:\/\/yoast.com\/wordpress\/plugins\/seo\/ -->\n<title>Buy 5CADB-B Online - 5CADB-B for Sale | NarcoPowders<\/title>\n<meta name=\"description\" content=\"Find premium 5cadb-b powder for sale at our online store, providing a secure platform to buy 5cadb-b powder online with ease. Place order now!\" \/>\n<meta name=\"robots\" content=\"index, follow, max-snippet:-1, max-image-preview:large, max-video-preview:-1\" \/>\n<link rel=\"canonical\" href=\"https:\/\/narcopowders.com\/pl\/produkt\/buy-5cadb-b-online\/\" \/>\n<meta property=\"og:locale\" content=\"pl_PL\" \/>\n<meta property=\"og:type\" content=\"article\" \/>\n<meta property=\"og:title\" content=\"Buy 5CADB-B Online - 5CADB-B for Sale | NarcoPowders\" \/>\n<meta property=\"og:description\" content=\"Find premium 5cadb-b powder for sale at our online store, providing a secure platform to buy 5cadb-b powder online with ease. Place order now!\" \/>\n<meta property=\"og:url\" content=\"https:\/\/narcopowders.com\/pl\/produkt\/buy-5cadb-b-online\/\" \/>\n<meta property=\"og:site_name\" content=\"Narco Powders\" \/>\n<meta property=\"article:modified_time\" content=\"2025-05-06T06:59:19+00:00\" \/>\n<meta property=\"og:image\" content=\"https:\/\/narcopowders.com\/wp-content\/uploads\/2024\/05\/5cadb-b.gif\" \/>\n\t<meta property=\"og:image:width\" content=\"600\" \/>\n\t<meta property=\"og:image:height\" content=\"600\" \/>\n\t<meta property=\"og:image:type\" content=\"image\/gif\" \/>\n<meta name=\"twitter:card\" content=\"summary_large_image\" \/>\n<meta name=\"twitter:label1\" content=\"Szacowany czas czytania\" \/>\n\t<meta name=\"twitter:data1\" content=\"2 minuty\" \/>\n<!-- \/ Yoast SEO plugin. -->","yoast_head_json":{"title":"Buy 5CADB-B Online - 5CADB-B for Sale | NarcoPowders","description":"Find premium 5cadb-b powder for sale at our online store, providing a secure platform to buy 5cadb-b powder online with ease. Place order now!","robots":{"index":"index","follow":"follow","max-snippet":"max-snippet:-1","max-image-preview":"max-image-preview:large","max-video-preview":"max-video-preview:-1"},"canonical":"https:\/\/narcopowders.com\/pl\/produkt\/buy-5cadb-b-online\/","og_locale":"pl_PL","og_type":"article","og_title":"Buy 5CADB-B Online - 5CADB-B for Sale | NarcoPowders","og_description":"Find premium 5cadb-b powder for sale at our online store, providing a secure platform to buy 5cadb-b powder online with ease. Place order now!","og_url":"https:\/\/narcopowders.com\/pl\/produkt\/buy-5cadb-b-online\/","og_site_name":"Narco Powders","article_modified_time":"2025-05-06T06:59:19+00:00","og_image":[{"width":600,"height":600,"url":"https:\/\/narcopowders.com\/wp-content\/uploads\/2024\/05\/5cadb-b.gif","type":"image\/gif"}],"twitter_card":"summary_large_image","twitter_misc":{"Szacowany czas czytania":"2 minuty"},"schema":{"@context":"https:\/\/schema.org","@graph":[{"@type":"WebPage","@id":"https:\/\/narcopowders.com\/product\/buy-5cadb-b-online\/","url":"https:\/\/narcopowders.com\/product\/buy-5cadb-b-online\/","name":"Buy 5CADB-B Online - 5CADB-B for Sale | NarcoPowders","isPartOf":{"@id":"https:\/\/narcopowders.com\/#website"},"primaryImageOfPage":{"@id":"https:\/\/narcopowders.com\/product\/buy-5cadb-b-online\/#primaryimage"},"image":{"@id":"https:\/\/narcopowders.com\/product\/buy-5cadb-b-online\/#primaryimage"},"thumbnailUrl":"https:\/\/narcopowders.com\/wp-content\/uploads\/2024\/05\/5cadb-b.gif","datePublished":"2024-05-23T10:44:15+00:00","dateModified":"2025-05-06T06:59:19+00:00","description":"Find premium 5cadb-b powder for sale at our online store, providing a secure platform to buy 5cadb-b powder online with ease. Place order now!","breadcrumb":{"@id":"https:\/\/narcopowders.com\/product\/buy-5cadb-b-online\/#breadcrumb"},"inLanguage":"pl-PL","potentialAction":[{"@type":"ReadAction","target":["https:\/\/narcopowders.com\/product\/buy-5cadb-b-online\/"]}]},{"@type":"ImageObject","inLanguage":"pl-PL","@id":"https:\/\/narcopowders.com\/product\/buy-5cadb-b-online\/#primaryimage","url":"https:\/\/narcopowders.com\/wp-content\/uploads\/2024\/05\/5cadb-b.gif","contentUrl":"https:\/\/narcopowders.com\/wp-content\/uploads\/2024\/05\/5cadb-b.gif","width":600,"height":600,"caption":"Buy 5cadb-b Online"},{"@type":"BreadcrumbList","@id":"https:\/\/narcopowders.com\/product\/buy-5cadb-b-online\/#breadcrumb","itemListElement":[{"@type":"ListItem","position":1,"name":"Home","item":"https:\/\/narcopowders.com\/"},{"@type":"ListItem","position":2,"name":"Shop Page","item":"https:\/\/narcopowders.com\/shop\/"},{"@type":"ListItem","position":3,"name":"Buy 5CADB-B Online"}]},{"@type":"WebSite","@id":"https:\/\/narcopowders.com\/#website","url":"https:\/\/narcopowders.com\/","name":"Proszki Narco","description":"M\u00f3j blog WordPress","potentialAction":[{"@type":"SearchAction","target":{"@type":"EntryPoint","urlTemplate":"https:\/\/narcopowders.com\/?s={search_term_string}"},"query-input":{"@type":"PropertyValueSpecification","valueRequired":true,"valueName":"search_term_string"}}],"inLanguage":"pl-PL"}]}},"_links":{"self":[{"href":"https:\/\/narcopowders.com\/pl\/wp-json\/wp\/v2\/product\/21336","targetHints":{"allow":["GET"]}}],"collection":[{"href":"https:\/\/narcopowders.com\/pl\/wp-json\/wp\/v2\/product"}],"about":[{"href":"https:\/\/narcopowders.com\/pl\/wp-json\/wp\/v2\/types\/product"}],"replies":[{"embeddable":true,"href":"https:\/\/narcopowders.com\/pl\/wp-json\/wp\/v2\/comments?post=21336"}],"wp:featuredmedia":[{"embeddable":true,"href":"https:\/\/narcopowders.com\/pl\/wp-json\/wp\/v2\/media\/21337"}],"wp:attachment":[{"href":"https:\/\/narcopowders.com\/pl\/wp-json\/wp\/v2\/media?parent=21336"}],"wp:term":[{"taxonomy":"product_brand","embeddable":true,"href":"https:\/\/narcopowders.com\/pl\/wp-json\/wp\/v2\/product_brand?post=21336"},{"taxonomy":"product_cat","embeddable":true,"href":"https:\/\/narcopowders.com\/pl\/wp-json\/wp\/v2\/product_cat?post=21336"},{"taxonomy":"product_tag","embeddable":true,"href":"https:\/\/narcopowders.com\/pl\/wp-json\/wp\/v2\/product_tag?post=21336"}],"curies":[{"name":"wp","href":"https:\/\/api.w.org\/{rel}","templated":true}]}}