{"id":4182,"date":"2015-06-20T16:11:19","date_gmt":"2015-06-20T16:11:19","guid":{"rendered":"https:\/\/sophiechems.com\/?page_id=4182"},"modified":"2023-01-05T12:09:35","modified_gmt":"2023-01-05T12:09:35","slug":"about-us","status":"publish","type":"page","link":"https:\/\/narcopowders.com\/pt\/sobre-nos\/","title":{"rendered":"Sobre n\u00f3s"},"content":{"rendered":"<div data-elementor-type=\"wp-page\" data-elementor-id=\"4182\" class=\"elementor elementor-4182\">\n\t\t\t\t\t\t<section class=\"elementor-section elementor-top-section elementor-element elementor-element-56550d3 elementor-section-boxed elementor-section-height-default elementor-section-height-default\" data-id=\"56550d3\" data-element_type=\"section\">\n\t\t\t\t\t\t<div class=\"elementor-container elementor-column-gap-default\">\n\t\t\t\t\t<div class=\"elementor-column elementor-col-100 elementor-top-column elementor-element elementor-element-ccd29ae\" data-id=\"ccd29ae\" data-element_type=\"column\">\n\t\t\t<div class=\"elementor-widget-wrap elementor-element-populated\">\n\t\t\t\t\t\t<div class=\"elementor-element elementor-element-ef9364e elementor-widget-tablet__width-initial elementor-widget elementor-widget-text-editor\" data-id=\"ef9364e\" data-element_type=\"widget\" data-widget_type=\"text-editor.default\">\n\t\t\t\t<div class=\"elementor-widget-container\">\n\t\t\t<style>\/*! elementor - v3.23.0 - 05-08-2024 *\/\n.elementor-widget-text-editor.elementor-drop-cap-view-stacked .elementor-drop-cap{background-color:#69727d;color:#fff}.elementor-widget-text-editor.elementor-drop-cap-view-framed .elementor-drop-cap{color:#69727d;border:3px solid;background-color:transparent}.elementor-widget-text-editor:not(.elementor-drop-cap-view-default) .elementor-drop-cap{margin-top:8px}.elementor-widget-text-editor:not(.elementor-drop-cap-view-default) .elementor-drop-cap-letter{width:1em;height:1em}.elementor-widget-text-editor .elementor-drop-cap{float:left;text-align:center;line-height:1;font-size:50px}.elementor-widget-text-editor .elementor-drop-cap-letter{display:inline-block}<\/style>\t\t\t\t<h2 style=\"font-weight: bold; text-align: center;\">NarcoPowders \u00e9 <span style=\"color: #f50000;\">maior<\/span> Loja de coca\u00edna e hero\u00edna<\/h2><p style=\"text-align: center; max-width: 900px; margin: 0 auto;\">Se voc\u00ea est\u00e1 procurando comprar Coca\u00edna e Hero\u00edna e n\u00e3o sabe onde comprar. NarcoPowder \u00e9 um fornecedor confi\u00e1vel de coca\u00edna e hero\u00edna 100% pura e de alta qualidade nos Portugal, Turkey, Reino Unido e Europa.\u00a0<\/p>\t\t\t\t\t\t<\/div>\n\t\t\t\t<\/div>\n\t\t\t\t<div class=\"elementor-element elementor-element-595bf7e elementor-widget-tablet__width-initial elementor-widget elementor-widget-image\" data-id=\"595bf7e\" data-element_type=\"widget\" data-widget_type=\"image.default\">\n\t\t\t\t<div class=\"elementor-widget-container\">\n\t\t\t<style>\/*! elementor - v3.23.0 - 05-08-2024 *\/\n.elementor-widget-image{text-align:center}.elementor-widget-image a{display:inline-block}.elementor-widget-image a img[src$=\".svg\"]{width:48px}.elementor-widget-image img{vertical-align:middle;display:inline-block}<\/style>\t\t\t\t\t\t\t\t\t\t<img fetchpriority=\"high\" decoding=\"async\" width=\"1300\" height=\"460\" src=\"https:\/\/narcopowders.com\/wp-content\/uploads\/2023\/01\/about-us.jpg\" class=\"attachment-full size-full wp-image-19078\" alt=\"\" srcset=\"https:\/\/narcopowders.com\/wp-content\/uploads\/2023\/01\/about-us.jpg 1300w, https:\/\/narcopowders.com\/wp-content\/uploads\/2023\/01\/about-us-600x212.jpg 600w, https:\/\/narcopowders.com\/wp-content\/uploads\/2023\/01\/about-us-300x106.jpg 300w, https:\/\/narcopowders.com\/wp-content\/uploads\/2023\/01\/about-us-1024x362.jpg 1024w, https:\/\/narcopowders.com\/wp-content\/uploads\/2023\/01\/about-us-768x272.jpg 768w\" sizes=\"(max-width: 1300px) 100vw, 1300px\" \/>\t\t\t\t\t\t\t\t\t\t\t\t\t<\/div>\n\t\t\t\t<\/div>\n\t\t\t\t\t<\/div>\n\t\t<\/div>\n\t\t\t\t\t<\/div>\n\t\t<\/section>\n\t\t\t\t<section class=\"elementor-section elementor-top-section elementor-element elementor-element-818ccaf elementor-section-content-middle elementor-section-boxed elementor-section-height-default elementor-section-height-default\" data-id=\"818ccaf\" data-element_type=\"section\">\n\t\t\t\t\t\t<div class=\"elementor-container elementor-column-gap-no\">\n\t\t\t\t\t<div class=\"elementor-column elementor-col-50 elementor-top-column elementor-element elementor-element-0f669b6\" data-id=\"0f669b6\" data-element_type=\"column\">\n\t\t\t<div class=\"elementor-widget-wrap elementor-element-populated\">\n\t\t\t\t\t\t<div class=\"elementor-element elementor-element-fc721aa elementor-widget__width-initial elementor-widget-tablet__width-initial elementor-widget elementor-widget-text-editor\" data-id=\"fc721aa\" data-element_type=\"widget\" data-widget_type=\"text-editor.default\">\n\t\t\t\t<div class=\"elementor-widget-container\">\n\t\t\t\t\t\t\t<p><label class=\"label-info\">QUEM SOMOS N\u00d3S?<\/label><\/p><h3 style=\"font-weight: bold;\">PESQUISAR, SELECIONAR,<br \/>COMPRE ONLINE<\/h3><p>A Narco Powders \u00e9 um fornecedor internacional de uma grande variedade de drogas, incluindo coca\u00edna, hero\u00edna, etc. Localizado na Calif\u00f3rnia, EUA, fornecemos drogas em Portugal, Ucr\u00e2nia e muito mais. Nosso \u00fanico objetivo \u00e9 dar a voc\u00ea tudo o que voc\u00ea precisa para melhorar sua sa\u00fade f\u00edsica e mental.\u00a0<\/p>\t\t\t\t\t\t<\/div>\n\t\t\t\t<\/div>\n\t\t\t\t<div class=\"elementor-element elementor-element-b85c89d elementor-widget__width-initial elementor-widget-tablet__width-initial elementor-widget elementor-widget-text-editor\" data-id=\"b85c89d\" data-element_type=\"widget\" data-widget_type=\"text-editor.default\">\n\t\t\t\t<div class=\"elementor-widget-container\">\n\t\t\t\t\t\t\t<a class=\"button-text\" href=\"#\">Veja mais<\/a>\t\t\t\t\t\t<\/div>\n\t\t\t\t<\/div>\n\t\t\t\t\t<\/div>\n\t\t<\/div>\n\t\t\t\t<div class=\"elementor-column elementor-col-50 elementor-top-column elementor-element elementor-element-a5d50e5\" data-id=\"a5d50e5\" data-element_type=\"column\">\n\t\t\t<div class=\"elementor-widget-wrap elementor-element-populated\">\n\t\t\t\t\t\t<div class=\"elementor-element elementor-element-3f3ffcc elementor-widget elementor-widget-image\" data-id=\"3f3ffcc\" data-element_type=\"widget\" data-widget_type=\"image.default\">\n\t\t\t\t<div class=\"elementor-widget-container\">\n\t\t\t\t\t\t\t\t\t\t\t\t\t<img decoding=\"async\" width=\"600\" height=\"600\" src=\"https:\/\/narcopowders.com\/wp-content\/uploads\/2023\/01\/afghan-heroin.jpg\" class=\"attachment-full size-full wp-image-19243\" alt=\"Compre hero\u00edna afeg\u00e3 online\" srcset=\"https:\/\/narcopowders.com\/wp-content\/uploads\/2023\/01\/afghan-heroin.jpg 600w, https:\/\/narcopowders.com\/wp-content\/uploads\/2023\/01\/afghan-heroin-300x300.jpg 300w, https:\/\/narcopowders.com\/wp-content\/uploads\/2023\/01\/afghan-heroin-100x100.jpg 100w, https:\/\/narcopowders.com\/wp-content\/uploads\/2023\/01\/afghan-heroin-150x150.jpg 150w, https:\/\/narcopowders.com\/wp-content\/uploads\/2023\/01\/afghan-heroin-440x440.jpg 440w, https:\/\/narcopowders.com\/wp-content\/uploads\/2023\/01\/afghan-heroin-120x120.jpg 120w, https:\/\/narcopowders.com\/wp-content\/uploads\/2023\/01\/afghan-heroin-46x46.jpg 46w\" sizes=\"(max-width: 600px) 100vw, 600px\" \/>\t\t\t\t\t\t\t\t\t\t\t\t\t<\/div>\n\t\t\t\t<\/div>\n\t\t\t\t\t<\/div>\n\t\t<\/div>\n\t\t\t\t\t<\/div>\n\t\t<\/section>\n\t\t\t\t<section class=\"elementor-section elementor-top-section elementor-element elementor-element-91a89b3 elementor-section-boxed elementor-section-height-default elementor-section-height-default\" data-id=\"91a89b3\" data-element_type=\"section\">\n\t\t\t\t\t\t<div class=\"elementor-container elementor-column-gap-default\">\n\t\t\t\t\t<div class=\"elementor-column elementor-col-100 elementor-top-column elementor-element elementor-element-f9b13fb\" data-id=\"f9b13fb\" data-element_type=\"column\">\n\t\t\t<div class=\"elementor-widget-wrap elementor-element-populated\">\n\t\t\t\t\t\t<div class=\"elementor-element elementor-element-bb6c3b3 elementor-widget elementor-widget-text-editor\" data-id=\"bb6c3b3\" data-element_type=\"widget\" data-widget_type=\"text-editor.default\">\n\t\t\t\t<div class=\"elementor-widget-container\">\n\t\t\t\t\t\t\t<h2><strong>Compre Crack Cocaine Online na Narco Powders<\/strong><\/h2><p>Nossos medicamentos est\u00e3o dispon\u00edveis na forma de p\u00f3 97% puro e podem ser encomendados com um m\u00ednimo de 3 gramas. Voc\u00ea pode\u00a0<strong>encomendar crack online<\/strong>\u00a0a granel de nossa loja. O cloridrato foi eliminado e n\u00e3o h\u00e1 contaminantes na subst\u00e2ncia. Semelhante \u00e0 coca\u00edna em p\u00f3, o crack pode ser usado para cauterizar o nariz para parar o sangramento e inibir os sinais nervosos.<\/p><h3><strong>Garantimos a entrega segura e r\u00e1pida de medicamentos<\/strong><\/h3><p>Nossos prazos de entrega s\u00e3o r\u00e1pidos e eficientes, o que significa que voc\u00ea sempre pode contar conosco para entregar seus pedidos prontamente. E se houver mais alguma coisa que possamos fazer para ajud\u00e1-lo, nossa equipe de especialistas est\u00e1 dispon\u00edvel 24 horas por dia, 7 dias por semana para ajud\u00e1-lo. Entendemos que o atendimento ao cliente \u00e9 importante, por isso temos orgulho de nosso sistema de suporte abrangente.<\/p><p>Para garantir a m\u00e1xima seguran\u00e7a para todos os nossos clientes, realizamos avalia\u00e7\u00f5es e an\u00e1lises abrangentes do mercado externo antes de tomar qualquer decis\u00e3o sobre a expans\u00e3o para novos mercados. Isso nos ajuda a evitar quaisquer riscos potenciais e, ao mesmo tempo, oferecer \u00f3timos resultados aos nossos clientes.<\/p><p>Desde responder a perguntas sobre nossos produtos at\u00e9 solucionar problemas p\u00f3s-compra, estamos aqui para ajudar.<\/p><h2><strong>Por que escolher Narco Powders?<\/strong><\/h2><ul><li><strong>Medicamentos de alta qualidade:<\/strong>Com Narco Powders, voc\u00ea nunca ter\u00e1 que se preocupar em receber uma dosagem incorreta ou obter um medicamento que n\u00e3o esteja de acordo com seus padr\u00f5es.<\/li><li><strong>Privacidade completa garantida:\u00a0<\/strong>N\u00e3o h\u00e1 necessidade de se preocupar com registros financeiros ou dados pessoais compartilhados com terceiros. Tudo \u00e9 totalmente confidencial e seguro.<\/li><li><strong>Op\u00e7\u00f5es de pagamento facilitadas:<\/strong>A Narco Powders tamb\u00e9m aceita v\u00e1rias formas de moeda tradicional, como d\u00f3lares americanos e euros. Se voc\u00ea n\u00e3o se sentir confort\u00e1vel em usar criptomoedas ou pagamentos m\u00f3veis, sempre haver\u00e1 mais op\u00e7\u00f5es dispon\u00edveis para voc\u00ea.<\/li><li><strong>Equipe especializada de profissionais\u00a0<\/strong>Em nossa empresa, sabemos o que \u00e9 necess\u00e1rio para fornecer produtos e servi\u00e7os de qualidade que beneficiem voc\u00ea e seus clientes.<\/li><li><strong>Medicamentos de baixo custo\u00a0<\/strong>A Narco Powders visa fornecer apenas medicamentos seguros e de qualidade a um pre\u00e7o acess\u00edvel.<\/li><\/ul><p><strong>Entrega pontual em todo o mundo\u00a0<\/strong>Nossas redes de abastecimento s\u00e3o de alcance nacional e internacional, garantindo que possamos sempre fornecer os produtos de que voc\u00ea precisa no prazo.<\/p>\t\t\t\t\t\t<\/div>\n\t\t\t\t<\/div>\n\t\t\t\t\t<\/div>\n\t\t<\/div>\n\t\t\t\t\t<\/div>\n\t\t<\/section>\n\t\t\t\t<\/div>","protected":false},"excerpt":{"rendered":"<p>NarcoPowders is Largest Cocaine &amp; Heroin Store If you are searching to buy Cocaine and Heroin and don&#8217;t know from where you can order. NarcoPowder is a trustworthy supplier of 100% pure and high quality cocaine and heroin in USA, Canada, UK, Europe.\u00a0 WHO ARE WE? SEARCH, SELECT,BUY ONLINE Narco Powders is an international supplier [&hellip;]<\/p>","protected":false},"author":1,"featured_media":0,"parent":0,"menu_order":0,"comment_status":"closed","ping_status":"closed","template":"","meta":{"_joinchat":[],"footnotes":""},"class_list":["post-4182","page","type-page","status-publish","hentry"],"yoast_head":"<!-- This site is optimized with the Yoast SEO plugin v25.9 - https:\/\/yoast.com\/wordpress\/plugins\/seo\/ -->\n<title>About us - Narco Powders<\/title>\n<meta name=\"robots\" content=\"index, follow, max-snippet:-1, max-image-preview:large, max-video-preview:-1\" \/>\n<link rel=\"canonical\" href=\"https:\/\/narcopowders.com\/pt\/sobre-nos\/\" \/>\n<meta property=\"og:locale\" content=\"pt_PT\" \/>\n<meta property=\"og:type\" content=\"article\" \/>\n<meta property=\"og:title\" content=\"About us - Narco Powders\" \/>\n<meta property=\"og:description\" content=\"NarcoPowders is Largest Cocaine &amp; Heroin Store If you are searching to buy Cocaine and Heroin and don&#8217;t know from where you can order. NarcoPowder is a trustworthy supplier of 100% pure and high quality cocaine and heroin in USA, Canada, UK, Europe.\u00a0 WHO ARE WE? SEARCH, SELECT,BUY ONLINE Narco Powders is an international supplier [&hellip;]\" \/>\n<meta property=\"og:url\" content=\"https:\/\/narcopowders.com\/pt\/sobre-nos\/\" \/>\n<meta property=\"og:site_name\" content=\"Narco Powders\" \/>\n<meta property=\"article:modified_time\" content=\"2023-01-05T12:09:35+00:00\" \/>\n<meta property=\"og:image\" content=\"https:\/\/narcopowders.com\/wp-content\/uploads\/2023\/01\/about-us.jpg\" \/>\n<meta name=\"twitter:card\" content=\"summary_large_image\" \/>\n<meta name=\"twitter:label1\" content=\"Tempo estimado de leitura\" \/>\n\t<meta name=\"twitter:data1\" content=\"2 minutos\" \/>\n<!-- \/ Yoast SEO plugin. -->","yoast_head_json":{"title":"Sobre n\u00f3s - Narco Powders","robots":{"index":"index","follow":"follow","max-snippet":"max-snippet:-1","max-image-preview":"max-image-preview:large","max-video-preview":"max-video-preview:-1"},"canonical":"https:\/\/narcopowders.com\/pt\/sobre-nos\/","og_locale":"pt_PT","og_type":"article","og_title":"About us - Narco Powders","og_description":"NarcoPowders is Largest Cocaine &amp; Heroin Store If you are searching to buy Cocaine and Heroin and don&#8217;t know from where you can order. NarcoPowder is a trustworthy supplier of 100% pure and high quality cocaine and heroin in USA, Canada, UK, Europe.\u00a0 WHO ARE WE? SEARCH, SELECT,BUY ONLINE Narco Powders is an international supplier [&hellip;]","og_url":"https:\/\/narcopowders.com\/pt\/sobre-nos\/","og_site_name":"Narco Powders","article_modified_time":"2023-01-05T12:09:35+00:00","og_image":[{"url":"https:\/\/narcopowders.com\/wp-content\/uploads\/2023\/01\/about-us.jpg","type":"","width":"","height":""}],"twitter_card":"summary_large_image","twitter_misc":{"Tempo estimado de leitura":"2 minutos"},"schema":{"@context":"https:\/\/schema.org","@graph":[{"@type":"WebPage","@id":"https:\/\/narcopowders.com\/about-us\/","url":"https:\/\/narcopowders.com\/about-us\/","name":"Sobre n\u00f3s - Narco Powders","isPartOf":{"@id":"https:\/\/narcopowders.com\/#website"},"primaryImageOfPage":{"@id":"https:\/\/narcopowders.com\/about-us\/#primaryimage"},"image":{"@id":"https:\/\/narcopowders.com\/about-us\/#primaryimage"},"thumbnailUrl":"https:\/\/narcopowders.com\/wp-content\/uploads\/2023\/01\/about-us.jpg","datePublished":"2015-06-20T16:11:19+00:00","dateModified":"2023-01-05T12:09:35+00:00","breadcrumb":{"@id":"https:\/\/narcopowders.com\/about-us\/#breadcrumb"},"inLanguage":"pt-PT","potentialAction":[{"@type":"ReadAction","target":["https:\/\/narcopowders.com\/about-us\/"]}]},{"@type":"ImageObject","inLanguage":"pt-PT","@id":"https:\/\/narcopowders.com\/about-us\/#primaryimage","url":"https:\/\/narcopowders.com\/wp-content\/uploads\/2023\/01\/about-us.jpg","contentUrl":"https:\/\/narcopowders.com\/wp-content\/uploads\/2023\/01\/about-us.jpg"},{"@type":"BreadcrumbList","@id":"https:\/\/narcopowders.com\/about-us\/#breadcrumb","itemListElement":[{"@type":"ListItem","position":1,"name":"Home","item":"https:\/\/narcopowders.com\/"},{"@type":"ListItem","position":2,"name":"About us"}]},{"@type":"WebSite","@id":"https:\/\/narcopowders.com\/#website","url":"https:\/\/narcopowders.com\/","name":"P\u00f3s de narc\u00f3ticos","description":"O meu blogue WordPress","potentialAction":[{"@type":"SearchAction","target":{"@type":"EntryPoint","urlTemplate":"https:\/\/narcopowders.com\/?s={search_term_string}"},"query-input":{"@type":"PropertyValueSpecification","valueRequired":true,"valueName":"search_term_string"}}],"inLanguage":"pt-PT"}]}},"_links":{"self":[{"href":"https:\/\/narcopowders.com\/pt\/wp-json\/wp\/v2\/pages\/4182","targetHints":{"allow":["GET"]}}],"collection":[{"href":"https:\/\/narcopowders.com\/pt\/wp-json\/wp\/v2\/pages"}],"about":[{"href":"https:\/\/narcopowders.com\/pt\/wp-json\/wp\/v2\/types\/page"}],"author":[{"embeddable":true,"href":"https:\/\/narcopowders.com\/pt\/wp-json\/wp\/v2\/users\/1"}],"replies":[{"embeddable":true,"href":"https:\/\/narcopowders.com\/pt\/wp-json\/wp\/v2\/comments?post=4182"}],"version-history":[{"count":28,"href":"https:\/\/narcopowders.com\/pt\/wp-json\/wp\/v2\/pages\/4182\/revisions"}],"predecessor-version":[{"id":19275,"href":"https:\/\/narcopowders.com\/pt\/wp-json\/wp\/v2\/pages\/4182\/revisions\/19275"}],"wp:attachment":[{"href":"https:\/\/narcopowders.com\/pt\/wp-json\/wp\/v2\/media?parent=4182"}],"curies":[{"name":"wp","href":"https:\/\/api.w.org\/{rel}","templated":true}]}}