{"id":19056,"date":"2023-01-02T09:38:01","date_gmt":"2023-01-02T09:38:01","guid":{"rendered":"https:\/\/nembutalhouse.com\/narco\/?post_type=product&#038;p=19056"},"modified":"2025-03-25T12:35:29","modified_gmt":"2025-03-25T12:35:29","slug":"white-powder-heroin","status":"publish","type":"product","link":"https:\/\/narcopowders.com\/pt\/produto\/heroina-em-po-branco\/","title":{"rendered":"Compre hero\u00edna em p\u00f3 branco online"},"content":{"rendered":"<h2 style=\"text-align: justify;\">Compre hero\u00edna em p\u00f3 branco online<\/h2>\n<p style=\"text-align: justify;\"><a href=\"https:\/\/en.wikipedia.org\/wiki\/Heroin\">White powder heroin<\/a> A hero\u00edna em p\u00f3 branco \u00e9 uma das formas mais poderosas e recompensadoras da droga no mercado. Mas onde voc\u00ea deve compr\u00e1-lo? Narco Powders \u00e9 o melhor lugar para\u00a0<strong><a href=\"https:\/\/narcopowders.com\/pt\/produto\/heroina-em-po-branco\/\">compre hero\u00edna em p\u00f3 branco online<\/a>\u00a0<\/strong>at the best price. At <a href=\"https:\/\/narcopowders.com\/pt\/\">P\u00f3s de narc\u00f3ticos<\/a>ao melhor pre\u00e7o. Na Narco Powders, tornamos mais f\u00e1cil e seguro comprar\u00a0hero\u00edna em p\u00f3 branco a granel com uma variedade de op\u00e7\u00f5es de entrega e pagamento. Temos muito orgulho em oferecer aos nossos clientes uma experi\u00eancia de compra r\u00e1pida, discreta e segura, apoiada por nossa garantia de 100% de satisfa\u00e7\u00e3o.<\/p>\n<h3 style=\"text-align: justify;\">Os benef\u00edcios da hero\u00edna em p\u00f3 branco<\/h3>\n<p style=\"text-align: justify;\">A hero\u00edna em p\u00f3 branco \u00e9 frequentemente usada para fins recreativos ou m\u00e9dicos como um analg\u00e9sico opioide, mas tamb\u00e9m est\u00e1 ganhando popularidade entre as pessoas que procuram uma experi\u00eancia mais intensa. Gra\u00e7as aos esfor\u00e7os da Narco Powders, agora voc\u00ea pode\u00a0<strong><a href=\"https:\/\/www.bing.com\/search?q=Buy%20White%20Powder%20Heroin%20Online&amp;qs=n&amp;form=QBRE&amp;sp=-1&amp;lq=0&amp;pq=buy%20white%20powder%20heroin%20online&amp;sc=0-30&amp;sk=&amp;cvid=AADFBCBCD72B4038B6168FDA355BF6FA&amp;ghsh=0&amp;ghacc=0&amp;ghpl=\">encomendar hero\u00edna em p\u00f3 branco puro online<\/a>\u00a0<\/strong>e experimente seus poderosos efeitos em primeira m\u00e3o. Quando voc\u00ea compra hero\u00edna em p\u00f3 branco da Narco Powders, obt\u00e9m a forma mais pura da droga no mercado. Isso significa que sua dose ser\u00e1 mais forte e durar\u00e1 mais do que com outros tipos de hero\u00edna, tornando-a ideal para quem busca uma experi\u00eancia intensa. Al\u00e9m disso, os pre\u00e7os s\u00e3o competitivos e os prazos de entrega s\u00e3o r\u00e1pidos. Ent\u00e3o, o que voc\u00ea est\u00e1 esperando? Fa\u00e7a seu pedido para <strong><a href=\"https:\/\/www.bing.com\/search?q=Buy%20White%20Powder%20Heroin%20Online&amp;qs=n&amp;form=QBRE&amp;sp=-1&amp;lq=0&amp;pq=buy%20white%20powder%20heroin%20online&amp;sc=0-30&amp;sk=&amp;cvid=AADFBCBCD72B4038B6168FDA355BF6FA&amp;ghsh=0&amp;ghacc=0&amp;ghpl=\">hero\u00edna em p\u00f3 branco a granel<\/a>\u00a0<\/strong>hoje!<\/p>\n<h3 style=\"text-align: justify;\">Riscos envolvidos com o uso de hero\u00edna em p\u00f3 branco<\/h3>\n<p style=\"text-align: justify;\">Se voc\u00ea est\u00e1 planejando <a href=\"https:\/\/www.google.com\/search?q=Buy+White+Powder+Heroin+Online&amp;num=10&amp;sca_esv=1a2a07081c7891bb&amp;rlz=1C1RXQR_enIN1098IN1098&amp;sxsrf=AHTn8zpHIH0V4BOWSqealgZWV-gHTlBv8Q%3A1741686119562&amp;ei=ZwXQZ6WGIvSk1e8Pt8SJ-Aw&amp;ved=0ahUKEwjl1d2z3oGMAxV0UvUHHTdiAs8Q4dUDCBA&amp;uact=5&amp;oq=Buy+White+Powder+Heroin+Online&amp;gs_lp=Egxnd3Mtd2l6LXNlcnAiHkJ1eSBXaGl0ZSBQb3dkZXIgSGVyb2luIE9ubGluZUi0B1CQA1iQA3ACeACQAQCYAYUCoAGFAqoBAzItMbgBA8gBAPgBAvgBAZgCAKACAJgDAIgGAZIHAKAHUg&amp;sclient=gws-wiz-serp\">comprar hero\u00edna em p\u00f3 branco para venda online<\/a>Se voc\u00ea planeja comprar\u00a0hero\u00edna em p\u00f3 branco para venda\u00a0online, esteja ciente dos riscos envolvidos. A hero\u00edna em p\u00f3 branco \u00e9 uma droga altamente viciante, e us\u00e1-la regularmente pode levar \u00e0 depend\u00eancia psicol\u00f3gica e f\u00edsica. Se voc\u00ea parar de us\u00e1-lo abruptamente, poder\u00e1 sentir sintomas de abstin\u00eancia que podem ser intensos e dolorosos. Al\u00e9m disso, mesmo pequenas doses dessa poderosa subst\u00e2ncia podem ser mortais se ingeridas incorretamente ou em caso de overdose. Na verdade, a overdose \u00e9 uma das causas mais comuns de morte associada ao uso de hero\u00edna em p\u00f3 branco. Por \u00faltimo, mas n\u00e3o menos importante, o uso de hero\u00edna em p\u00f3 branco tem sido associado a v\u00e1rios resultados negativos de sa\u00fade mental, como ansiedade, paran\u00f3ia, depress\u00e3o, habilidades de pensamento prejudicadas e reca\u00edda de depend\u00eancia. <a href=\"https:\/\/www.google.com\/search?q=Buy+White+Powder+Heroin+Online&amp;num=10&amp;sca_esv=1a2a07081c7891bb&amp;rlz=1C1RXQR_enIN1098IN1098&amp;sxsrf=AHTn8zpHIH0V4BOWSqealgZWV-gHTlBv8Q%3A1741686119562&amp;ei=ZwXQZ6WGIvSk1e8Pt8SJ-Aw&amp;ved=0ahUKEwjl1d2z3oGMAxV0UvUHHTdiAs8Q4dUDCBA&amp;uact=5&amp;oq=Buy+White+Powder+Heroin+Online&amp;gs_lp=Egxnd3Mtd2l6LXNlcnAiHkJ1eSBXaGl0ZSBQb3dkZXIgSGVyb2luIE9ubGluZUi0B1CQA1iQA3ACeACQAQCYAYUCoAGFAqoBAzItMbgBA8gBAPgBAvgBAZgCAKACAJgDAIgGAZIHAKAHUg&amp;sclient=gws-wiz-serp\">hero\u00edna em p\u00f3 branco<\/a> uso. Por \u00faltimo, mas n\u00e3o menos importante, o consumo de hero\u00edna em p\u00f3 branco tem sido associado a diversos efeitos negativos para a sa\u00fade mental, como ansiedade, paran\u00f3ia, depress\u00e3o, comprometimento da capacidade de racioc\u00ednio e reca\u00edda na adi\u00e7\u00e3o.<\/p>\n<h3 style=\"text-align: justify;\">Qual \u00e9 a dosagem certa de hero\u00edna em p\u00f3 branco?<\/h3>\n<p style=\"text-align: justify;\">\u00c9 importante referir que n\u00e3o existe uma dose \u201csegura\u201d de <a href=\"https:\/\/duckduckgo.com\/?q=Buy+White+Powder+Heroin+Online&amp;t=h_&amp;ia=web\">hero\u00edna em p\u00f3 branco<\/a>\u00c9 importante observar que n\u00e3o existe uma dose \u201csegura\u201d de hero\u00edna em p\u00f3 branco, pois qualquer dose pode ser potencialmente fatal devido a rea\u00e7\u00f5es com alergias conhecidas ou desconhecidas de um indiv\u00edduo e outras condi\u00e7\u00f5es m\u00e9dicas. Como resultado, n\u00e3o importa o qu\u00e3o pouca hero\u00edna seja usada, isso s\u00f3 deve ser feito sob a estrita supervis\u00e3o de um m\u00e9dico especialista.<\/p>\n<h3 style=\"text-align: justify;\">Por que o Narco Powders \u00e9 o melhor lugar para comprar hero\u00edna em p\u00f3 branco online?<\/h3>\n<p style=\"text-align: justify;\">Se voc\u00ea est\u00e1 planejando <a href=\"https:\/\/duckduckgo.com\/?q=Buy+White+Powder+Heroin+Online&amp;t=h_&amp;ia=web\"><strong>compre hero\u00edna em p\u00f3 branco online<\/strong><\/a>, ele oferece uma gama de benef\u00edcios, desde sua conveni\u00eancia at\u00e9 sua acessibilidade. No entanto, \u00e9 importante estar ciente dos riscos associados ao uso deste medicamento e compr\u00e1-lo apenas de fontes confi\u00e1veis, como o Narco Powders. Com a ajuda de NarcoPowders.com, voc\u00ea pode aproveitar os muitos benef\u00edcios da\u00a0hero\u00edna em p\u00f3 branco por atacado online\u00a0com confian\u00e7a.<\/p>","protected":false},"excerpt":{"rendered":"<p>Buy White Powder Heroin Online White powder heroin is one of the most powerful and rewarding forms of the drug on the market. But where should you buy it from? Narco Powders is the best place to\u00a0buy white powder heroin online\u00a0at the best price. At Narco Powders, we make it easy and safe to purchase\u00a0white [&hellip;]<\/p>","protected":false},"featured_media":19073,"comment_status":"open","ping_status":"closed","template":"","meta":{"_joinchat":[]},"product_brand":[],"product_cat":[1168],"product_tag":[1314,1308,1317,1320,1321,1319,1311,1322,1315,1323,1312,1318,1313,1316,1310,1309],"class_list":{"0":"post-19056","1":"product","2":"type-product","3":"status-publish","4":"has-post-thumbnail","6":"product_cat-buy-heroin-online","7":"product_tag-benefits-of-white-powder-cocaine","8":"product_tag-best-place-to-order-white-powder-cocaine","9":"product_tag-buy-white-powder-cocaine-legally","10":"product_tag-buy-white-powder-cocaine-online-australia","11":"product_tag-buy-white-powder-cocaine-online-near-me","12":"product_tag-buy-white-powder-cocaine-online-usa","13":"product_tag-cheap-white-powder-cocaine","14":"product_tag-how-can-i-get-the-best-white-powder-cocaine","15":"product_tag-how-to-order-white-powder-cocaine","16":"product_tag-legit-white-powder-cocaine-online","17":"product_tag-what-is-white-powder-cocaine","18":"product_tag-where-can-i-buy-white-powder-cocaine","19":"product_tag-where-to-buy-white-powder-cocaine","20":"product_tag-white-powder-cocaine-for-sale","21":"product_tag-white-powder-cocaine-price","22":"product_tag-white-powder-cocaine-wholesale","24":"first","25":"instock","26":"shipping-taxable","27":"purchasable","28":"product-type-variable","29":"add-to-wishlist-after_add_to_cart"},"yoast_head":"<!-- This site is optimized with the Yoast SEO plugin v25.9 - https:\/\/yoast.com\/wordpress\/plugins\/seo\/ -->\n<title>White Powder Heroin for Sale - Buy White Powder Heroin Online<\/title>\n<meta name=\"description\" content=\"Buy white powder heroin online from our trusted store. Our white powder heroin for sale is of the highest purity and guaranteed to provide superior results.\" \/>\n<meta name=\"robots\" content=\"index, follow, max-snippet:-1, max-image-preview:large, max-video-preview:-1\" \/>\n<link rel=\"canonical\" href=\"https:\/\/narcopowders.com\/pt\/produto\/heroina-em-po-branco\/\" \/>\n<meta property=\"og:locale\" content=\"pt_PT\" \/>\n<meta property=\"og:type\" content=\"article\" \/>\n<meta property=\"og:title\" content=\"White Powder Heroin for Sale - Buy White Powder Heroin Online\" \/>\n<meta property=\"og:description\" content=\"Buy white powder heroin online from our trusted store. Our white powder heroin for sale is of the highest purity and guaranteed to provide superior results.\" \/>\n<meta property=\"og:url\" content=\"https:\/\/narcopowders.com\/pt\/produto\/heroina-em-po-branco\/\" \/>\n<meta property=\"og:site_name\" content=\"Narco Powders\" \/>\n<meta property=\"article:modified_time\" content=\"2025-03-25T12:35:29+00:00\" \/>\n<meta property=\"og:image\" content=\"https:\/\/narcopowders.com\/wp-content\/uploads\/2023\/01\/white-powder-heroin.jpg\" \/>\n\t<meta property=\"og:image:width\" content=\"600\" \/>\n\t<meta property=\"og:image:height\" content=\"600\" \/>\n\t<meta property=\"og:image:type\" content=\"image\/jpeg\" \/>\n<meta name=\"twitter:card\" content=\"summary_large_image\" \/>\n<meta name=\"twitter:label1\" content=\"Tempo estimado de leitura\" \/>\n\t<meta name=\"twitter:data1\" content=\"3 minutos\" \/>\n<!-- \/ Yoast SEO plugin. -->","yoast_head_json":{"title":"Hero\u00edna em p\u00f3 branco \u00e0 venda - Compre hero\u00edna em p\u00f3 branco online","description":"Compre hero\u00edna em p\u00f3 branco online em nossa loja confi\u00e1vel. Nossa hero\u00edna em p\u00f3 branco para venda \u00e9 da mais alta pureza e garante resultados superiores.","robots":{"index":"index","follow":"follow","max-snippet":"max-snippet:-1","max-image-preview":"max-image-preview:large","max-video-preview":"max-video-preview:-1"},"canonical":"https:\/\/narcopowders.com\/pt\/produto\/heroina-em-po-branco\/","og_locale":"pt_PT","og_type":"article","og_title":"White Powder Heroin for Sale - Buy White Powder Heroin Online","og_description":"Buy white powder heroin online from our trusted store. Our white powder heroin for sale is of the highest purity and guaranteed to provide superior results.","og_url":"https:\/\/narcopowders.com\/pt\/produto\/heroina-em-po-branco\/","og_site_name":"Narco Powders","article_modified_time":"2025-03-25T12:35:29+00:00","og_image":[{"width":600,"height":600,"url":"https:\/\/narcopowders.com\/wp-content\/uploads\/2023\/01\/white-powder-heroin.jpg","type":"image\/jpeg"}],"twitter_card":"summary_large_image","twitter_misc":{"Tempo estimado de leitura":"3 minutos"},"schema":{"@context":"https:\/\/schema.org","@graph":[{"@type":"WebPage","@id":"https:\/\/narcopowders.com\/product\/white-powder-heroin\/","url":"https:\/\/narcopowders.com\/product\/white-powder-heroin\/","name":"Hero\u00edna em p\u00f3 branco \u00e0 venda - Compre hero\u00edna em p\u00f3 branco online","isPartOf":{"@id":"https:\/\/narcopowders.com\/#website"},"primaryImageOfPage":{"@id":"https:\/\/narcopowders.com\/product\/white-powder-heroin\/#primaryimage"},"image":{"@id":"https:\/\/narcopowders.com\/product\/white-powder-heroin\/#primaryimage"},"thumbnailUrl":"https:\/\/narcopowders.com\/wp-content\/uploads\/2023\/01\/white-powder-heroin.jpg","datePublished":"2023-01-02T09:38:01+00:00","dateModified":"2025-03-25T12:35:29+00:00","description":"Compre hero\u00edna em p\u00f3 branco online em nossa loja confi\u00e1vel. Nossa hero\u00edna em p\u00f3 branco para venda \u00e9 da mais alta pureza e garante resultados superiores.","breadcrumb":{"@id":"https:\/\/narcopowders.com\/product\/white-powder-heroin\/#breadcrumb"},"inLanguage":"pt-PT","potentialAction":[{"@type":"ReadAction","target":["https:\/\/narcopowders.com\/product\/white-powder-heroin\/"]}]},{"@type":"ImageObject","inLanguage":"pt-PT","@id":"https:\/\/narcopowders.com\/product\/white-powder-heroin\/#primaryimage","url":"https:\/\/narcopowders.com\/wp-content\/uploads\/2023\/01\/white-powder-heroin.jpg","contentUrl":"https:\/\/narcopowders.com\/wp-content\/uploads\/2023\/01\/white-powder-heroin.jpg","width":600,"height":600,"caption":"White Powder Heroin for Sale"},{"@type":"BreadcrumbList","@id":"https:\/\/narcopowders.com\/product\/white-powder-heroin\/#breadcrumb","itemListElement":[{"@type":"ListItem","position":1,"name":"Home","item":"https:\/\/narcopowders.com\/"},{"@type":"ListItem","position":2,"name":"Shop Page","item":"https:\/\/narcopowders.com\/shop\/"},{"@type":"ListItem","position":3,"name":"Buy White Powder Heroin Online"}]},{"@type":"WebSite","@id":"https:\/\/narcopowders.com\/#website","url":"https:\/\/narcopowders.com\/","name":"P\u00f3s de narc\u00f3ticos","description":"O meu blogue WordPress","potentialAction":[{"@type":"SearchAction","target":{"@type":"EntryPoint","urlTemplate":"https:\/\/narcopowders.com\/?s={search_term_string}"},"query-input":{"@type":"PropertyValueSpecification","valueRequired":true,"valueName":"search_term_string"}}],"inLanguage":"pt-PT"}]}},"_links":{"self":[{"href":"https:\/\/narcopowders.com\/pt\/wp-json\/wp\/v2\/product\/19056","targetHints":{"allow":["GET"]}}],"collection":[{"href":"https:\/\/narcopowders.com\/pt\/wp-json\/wp\/v2\/product"}],"about":[{"href":"https:\/\/narcopowders.com\/pt\/wp-json\/wp\/v2\/types\/product"}],"replies":[{"embeddable":true,"href":"https:\/\/narcopowders.com\/pt\/wp-json\/wp\/v2\/comments?post=19056"}],"wp:featuredmedia":[{"embeddable":true,"href":"https:\/\/narcopowders.com\/pt\/wp-json\/wp\/v2\/media\/19073"}],"wp:attachment":[{"href":"https:\/\/narcopowders.com\/pt\/wp-json\/wp\/v2\/media?parent=19056"}],"wp:term":[{"taxonomy":"product_brand","embeddable":true,"href":"https:\/\/narcopowders.com\/pt\/wp-json\/wp\/v2\/product_brand?post=19056"},{"taxonomy":"product_cat","embeddable":true,"href":"https:\/\/narcopowders.com\/pt\/wp-json\/wp\/v2\/product_cat?post=19056"},{"taxonomy":"product_tag","embeddable":true,"href":"https:\/\/narcopowders.com\/pt\/wp-json\/wp\/v2\/product_tag?post=19056"}],"curies":[{"name":"wp","href":"https:\/\/api.w.org\/{rel}","templated":true}]}}