{"id":19057,"date":"2023-01-02T09:27:48","date_gmt":"2023-01-02T09:27:48","guid":{"rendered":"https:\/\/nembutalhouse.com\/narco\/?post_type=product&#038;p=19057"},"modified":"2025-03-25T12:31:48","modified_gmt":"2025-03-25T12:31:48","slug":"black-tar-heroin","status":"publish","type":"product","link":"https:\/\/narcopowders.com\/pt\/produto\/heroina-de-alcatrao-negro\/","title":{"rendered":"Compre hero\u00edna Black Tar online"},"content":{"rendered":"<h2 style=\"text-align: justify;\">Compre hero\u00edna Black Tar online<\/h2>\n<p style=\"text-align: justify;\"><a href=\"https:\/\/narcopowders.com\/pt\/produto\/heroina-de-alcatrao-negro\/\">Black tar heroin<\/a> \u00e9 uma forma da droga hero\u00edna conhecida pela sua consist\u00eancia preta, pegajosa e semelhante a alcatr\u00e3o. Embora seja considerada uma droga arriscada e <a href=\"https:\/\/en.wikipedia.org\/wiki\/Heroin\">powerful drug<\/a>, \u00e9 ainda muito procurado devido ao seu baixo custo e disponibilidade. Ent\u00e3o, se deseja\u00a0<strong>hero\u00edna de alcatr\u00e3o preto online<\/strong>\u00a0at the best price, <a href=\"https:\/\/narcopowders.com\/pt\/\">P\u00f3s de narc\u00f3ticos<\/a> is the best place.<\/p>\n<h3 style=\"text-align: justify;\">Como \u00e9 a apar\u00eancia e o odor da hero\u00edna Black Tar?<\/h3>\n<p style=\"text-align: justify;\">A hero\u00edna de alcatr\u00e3o negro \u00e9 feita a partir do res\u00edduo endurecido que sobra depois de a hero\u00edna ser fumada ou injectada. \u00c9 mais potente do que outras formas de hero\u00edna e tem um cheiro e um sabor mais fortes. Para\u00a0<a href=\"https:\/\/www.bing.com\/search?q=Buy%20Black%20Tar%20Heroin%20Online&amp;qs=n&amp;form=QBRE&amp;sp=-1&amp;lq=0&amp;pq=buy%20black%20tar%20heroin%20online&amp;sc=0-27&amp;sk=&amp;cvid=F01FA017FD0F4F3EABB14F7ED199BF75&amp;ghsh=0&amp;ghacc=0&amp;ghpl=\"><strong>encomendar hero\u00edna de alcatr\u00e3o negro online<\/strong><\/a>\u00a0em Narco Powders, basta clicar em \"Adicionar ao carrinho\" e inserir suas informa\u00e7\u00f5es no processo de finaliza\u00e7\u00e3o da compra. Voc\u00ea ent\u00e3o receber\u00e1 o seu\u00a0<strong><a href=\"https:\/\/www.google.com\/search?q=Buy+Black+Tar+Heroin+Online&amp;num=10&amp;sca_esv=1a2a07081c7891bb&amp;rlz=1C1RXQR_enIN1098IN1098&amp;sxsrf=AHTn8zquBUMCtTjZYnZwT6wlYjztzsC8Wg%3A1741762728195&amp;ei=qDDRZ4LPC83C4-EPh7vMqQk&amp;ved=0ahUKEwiCw8nl-4OMAxVN4TgGHYcdM5UQ4dUDCBA&amp;uact=5&amp;oq=Buy+Black+Tar+Heroin+Online&amp;gs_lp=Egxnd3Mtd2l6LXNlcnAiG0J1eSBCbGFjayBUYXIgSGVyb2luIE9ubGluZUjyBlC6A1i6A3ACeACQAQCYAdMBoAHTAaoBAzItMbgBA8gBAPgBAvgBAZgCAKACAJgDAIgGAZIHAKAHTw&amp;sclient=gws-wiz-serp\">hero\u00edna de alcatr\u00e3o preto a granel<\/a>\u00a0<\/strong>entregue \u00e0 sua porta<strong>.\u00a0<\/strong>No entanto, n\u00e3o se esque\u00e7a de guardar seus medicamentos longe de crian\u00e7as e animais de estima\u00e7\u00e3o e nunca compartilhe agulhas ou seringas com ningu\u00e9m.<\/p>\n<h3 style=\"text-align: justify;\">O Processo de Fabrica\u00e7\u00e3o e Tr\u00e1fico de Hero\u00edna de Alcatr\u00e3o Negro<\/h3>\n<p style=\"text-align: justify;\"><a href=\"https:\/\/www.bing.com\/search?q=Buy%20Black%20Tar%20Heroin%20Online&amp;qs=n&amp;form=QBRE&amp;sp=-1&amp;lq=0&amp;pq=buy%20black%20tar%20heroin%20online&amp;sc=0-27&amp;sk=&amp;cvid=F01FA017FD0F4F3EABB14F7ED199BF75&amp;ghsh=0&amp;ghacc=0&amp;ghpl=\">A hero\u00edna negra \u00e9 um tipo de hero\u00edna<\/a> A hero\u00edna de alcatr\u00e3o preto \u00e9 um tipo de hero\u00edna feita de \u00f3pio em p\u00f3. Esta subst\u00e2ncia \u00e9 ent\u00e3o misturada com outros produtos qu\u00edmicos e aquecida at\u00e9 se tornar uma subst\u00e2ncia preta pegajosa conhecida como \u201calcatr\u00e3o\u201d. O alcatr\u00e3o \u00e9 ent\u00e3o cortado em pequenos peda\u00e7os e vendido nas ruas como hero\u00edna.<\/p>\n<p style=\"text-align: justify;\">O processo de fabrica\u00e7\u00e3o e tr\u00e1fico de hero\u00edna de alcatr\u00e3o negro \u00e9 complexo. Os traficantes de hero\u00edna navegam no submundo do crime para colocar as m\u00e3os nas mat\u00e9rias-primas necess\u00e1rias para fabricar a droga e lidar com policiais que podem tentar det\u00ea-los. No entanto, a disponibilidade de\u00a0<strong><a href=\"https:\/\/duckduckgo.com\/?q=Buy+Black+Tar+Heroin+Online&amp;t=h_&amp;ia=web\">hero\u00edna alcatr\u00e3o preto para venda<\/a>\u00a0<\/strong>on-line em sites certificados como o Narco Powders torna esse processo ainda mais f\u00e1cil do que nunca.<\/p>\n<p style=\"text-align: justify;\">Ao comprar <a href=\"https:\/\/duckduckgo.com\/?q=Buy+Black+Tar+Heroin+Online&amp;t=h_&amp;ia=web\"><strong>hero\u00edna de alcatr\u00e3o preto online<\/strong><\/a>, esteja ciente dos riscos envolvidos. Voc\u00ea n\u00e3o apenas corre o risco de comprar drogas de origem desconhecida, mas tamb\u00e9m se exp\u00f5e a perigos adicionais, incluindo overdose e contrair HIV ou outras doen\u00e7as (DSTs). Portanto, compre esses medicamentos apenas de uma fonte confi\u00e1vel, como o Narco Powders.<\/p>\n<h3 style=\"text-align: justify;\">Efeitos negativos da hero\u00edna Black Tar<\/h3>\n<p style=\"text-align: justify;\">A hero\u00edna de alcatr\u00e3o preto \u00e9 uma forma potente e impura de hero\u00edna que tem v\u00e1rios efeitos colaterais graves. Por exemplo, a hero\u00edna de alcatr\u00e3o preto pode causar n\u00e1useas, v\u00f4mitos e dores de cabe\u00e7a. O uso a longo prazo tamb\u00e9m pode levar a sintomas de abstin\u00eancia, como depress\u00e3o, ansiedade e inquieta\u00e7\u00e3o. A hero\u00edna de alcatr\u00e3o preto tamb\u00e9m pode aumentar o risco de problemas card\u00edacos e pulmonares. Por favor, n\u00e3o tenha medo de pedir ajuda se voc\u00ea ou algu\u00e9m que voc\u00ea conhece estiver lutando contra o v\u00edcio em hero\u00edna de alcatr\u00e3o negro.<\/p>\n<h3 style=\"text-align: justify;\">Por que comprar hero\u00edna de alcatr\u00e3o preto online da Narco Powders?<\/h3>\n<p style=\"text-align: justify;\">Procurando uma fonte confi\u00e1vel e de alta qualidade para <a href=\"https:\/\/duckduckgo.com\/?q=Buy+Black+Tar+Heroin+Online&amp;t=h_&amp;ia=web\"><strong>hero\u00edna de alcatr\u00e3o preto online<\/strong><\/a>? N\u00e3o procure mais, Narco Powders. Aqui, voc\u00ea encontrar\u00e1 o melhor <strong>pre\u00e7o de hero\u00edna de alcatr\u00e3o preto\u00a0<\/strong>com qualidade garantida. Al\u00e9m disso, oferecemos os prazos de entrega mais r\u00e1pidos do mercado.<\/p>","protected":false},"excerpt":{"rendered":"<p>Buy Black Tar Heroin Online Black tar heroin is a form of the drug heroin known for its black, sticky, and tar-like consistency. While it is considered a risky and powerful drug, it is still in high demand due to its low cost and availability. So, if you wish to\u00a0buy black tar heroin online\u00a0at the [&hellip;]<\/p>","protected":false},"featured_media":19064,"comment_status":"open","ping_status":"closed","template":"","meta":{"_joinchat":[]},"product_brand":[],"product_cat":[1168],"product_tag":[1186,1180,1188,1182,1181,1189,1192,1193,1191,1183,1194,1187,1195,1184,1190,1185],"class_list":{"0":"post-19057","1":"product","2":"type-product","3":"status-publish","4":"has-post-thumbnail","6":"product_cat-buy-heroin-online","7":"product_tag-benefits-of-black-tar-heroin","8":"product_tag-best-place-to-order-black-tar-heroin","9":"product_tag-black-tar-heroin-for-sale","10":"product_tag-black-tar-heroin-price","11":"product_tag-black-tar-heroin-wholesale","12":"product_tag-buy-black-tar-heroin-legally","13":"product_tag-buy-black-tar-heroin-online-australia","14":"product_tag-buy-black-tar-heroin-online-near-me","15":"product_tag-buy-black-tar-heroin-online-usa","16":"product_tag-cheap-black-tar-heroin","17":"product_tag-how-can-i-get-the-best-black-tar-heroin","18":"product_tag-how-to-order-black-tar-heroin","19":"product_tag-legit-black-tar-heroin-online","20":"product_tag-what-is-black-tar-heroin","21":"product_tag-where-can-i-buy-black-tar-heroin","22":"product_tag-where-to-buy-black-tar-heroin","24":"first","25":"instock","26":"shipping-taxable","27":"purchasable","28":"product-type-variable","29":"add-to-wishlist-after_add_to_cart"},"yoast_head":"<!-- This site is optimized with the Yoast SEO plugin v27.5 - https:\/\/yoast.com\/product\/yoast-seo-wordpress\/ -->\n<title>Black Tar Heroin for Sale - Buy Black Tar Heroin Online<\/title>\n<meta name=\"description\" content=\"Looking for best place to buy black tar heroin online? We offer the best quality black tar heroin for sale and at the most affordable prices. Order Now!\" \/>\n<meta name=\"robots\" content=\"index, follow, max-snippet:-1, max-image-preview:large, max-video-preview:-1\" \/>\n<link rel=\"canonical\" href=\"https:\/\/narcopowders.com\/pt\/produto\/heroina-de-alcatrao-negro\/\" \/>\n<meta property=\"og:locale\" content=\"pt_PT\" \/>\n<meta property=\"og:type\" content=\"article\" \/>\n<meta property=\"og:title\" content=\"Black Tar Heroin for Sale - Buy Black Tar Heroin Online\" \/>\n<meta property=\"og:description\" content=\"Looking for best place to buy black tar heroin online? We offer the best quality black tar heroin for sale and at the most affordable prices. Order Now!\" \/>\n<meta property=\"og:url\" content=\"https:\/\/narcopowders.com\/pt\/produto\/heroina-de-alcatrao-negro\/\" \/>\n<meta property=\"og:site_name\" content=\"Narco Powders\" \/>\n<meta property=\"article:modified_time\" content=\"2025-03-25T12:31:48+00:00\" \/>\n<meta property=\"og:image\" content=\"https:\/\/narcopowders.com\/wp-content\/uploads\/2023\/01\/black-tar-heroin.jpg\" \/>\n\t<meta property=\"og:image:width\" content=\"600\" \/>\n\t<meta property=\"og:image:height\" content=\"600\" \/>\n\t<meta property=\"og:image:type\" content=\"image\/jpeg\" \/>\n<meta name=\"twitter:card\" content=\"summary_large_image\" \/>\n<meta name=\"twitter:label1\" content=\"Tempo estimado de leitura\" \/>\n\t<meta name=\"twitter:data1\" content=\"3 minutos\" \/>\n<!-- \/ Yoast SEO plugin. -->","yoast_head_json":{"title":"Venda de hero\u00edna de alcatr\u00e3o preto - Compre hero\u00edna de alcatr\u00e3o preto online","description":"Procurando o melhor lugar para comprar hero\u00edna de alcatr\u00e3o preto online? Oferecemos a melhor hero\u00edna de alcatr\u00e3o preto para venda e com os pre\u00e7os mais acess\u00edveis. Pe\u00e7a agora!","robots":{"index":"index","follow":"follow","max-snippet":"max-snippet:-1","max-image-preview":"max-image-preview:large","max-video-preview":"max-video-preview:-1"},"canonical":"https:\/\/narcopowders.com\/pt\/produto\/heroina-de-alcatrao-negro\/","og_locale":"pt_PT","og_type":"article","og_title":"Black Tar Heroin for Sale - Buy Black Tar Heroin Online","og_description":"Looking for best place to buy black tar heroin online? We offer the best quality black tar heroin for sale and at the most affordable prices. Order Now!","og_url":"https:\/\/narcopowders.com\/pt\/produto\/heroina-de-alcatrao-negro\/","og_site_name":"Narco Powders","article_modified_time":"2025-03-25T12:31:48+00:00","og_image":[{"width":600,"height":600,"url":"https:\/\/narcopowders.com\/wp-content\/uploads\/2023\/01\/black-tar-heroin.jpg","type":"image\/jpeg"}],"twitter_card":"summary_large_image","twitter_misc":{"Tempo estimado de leitura":"3 minutos"},"schema":{"@context":"https:\/\/schema.org","@graph":[{"@type":"WebPage","@id":"https:\/\/narcopowders.com\/product\/black-tar-heroin\/","url":"https:\/\/narcopowders.com\/product\/black-tar-heroin\/","name":"Venda de hero\u00edna de alcatr\u00e3o preto - Compre hero\u00edna de alcatr\u00e3o preto online","isPartOf":{"@id":"https:\/\/narcopowders.com\/#website"},"primaryImageOfPage":{"@id":"https:\/\/narcopowders.com\/product\/black-tar-heroin\/#primaryimage"},"image":{"@id":"https:\/\/narcopowders.com\/product\/black-tar-heroin\/#primaryimage"},"thumbnailUrl":"https:\/\/narcopowders.com\/wp-content\/uploads\/2023\/01\/black-tar-heroin.jpg","datePublished":"2023-01-02T09:27:48+00:00","dateModified":"2025-03-25T12:31:48+00:00","description":"Procurando o melhor lugar para comprar hero\u00edna de alcatr\u00e3o preto online? Oferecemos a melhor hero\u00edna de alcatr\u00e3o preto para venda e com os pre\u00e7os mais acess\u00edveis. Pe\u00e7a agora!","breadcrumb":{"@id":"https:\/\/narcopowders.com\/product\/black-tar-heroin\/#breadcrumb"},"inLanguage":"pt-PT","potentialAction":[{"@type":"ReadAction","target":["https:\/\/narcopowders.com\/product\/black-tar-heroin\/"]}]},{"@type":"ImageObject","inLanguage":"pt-PT","@id":"https:\/\/narcopowders.com\/product\/black-tar-heroin\/#primaryimage","url":"https:\/\/narcopowders.com\/wp-content\/uploads\/2023\/01\/black-tar-heroin.jpg","contentUrl":"https:\/\/narcopowders.com\/wp-content\/uploads\/2023\/01\/black-tar-heroin.jpg","width":600,"height":600,"caption":"Buy Black Tar Heroin Online"},{"@type":"BreadcrumbList","@id":"https:\/\/narcopowders.com\/product\/black-tar-heroin\/#breadcrumb","itemListElement":[{"@type":"ListItem","position":1,"name":"Home","item":"https:\/\/narcopowders.com\/"},{"@type":"ListItem","position":2,"name":"Shop Page","item":"https:\/\/narcopowders.com\/shop\/"},{"@type":"ListItem","position":3,"name":"Buy Black Tar Heroin Online"}]},{"@type":"WebSite","@id":"https:\/\/narcopowders.com\/#website","url":"https:\/\/narcopowders.com\/","name":"P\u00f3s de narc\u00f3ticos","description":"O meu blogue WordPress","potentialAction":[{"@type":"SearchAction","target":{"@type":"EntryPoint","urlTemplate":"https:\/\/narcopowders.com\/?s={search_term_string}"},"query-input":{"@type":"PropertyValueSpecification","valueRequired":true,"valueName":"search_term_string"}}],"inLanguage":"pt-PT"}]}},"_links":{"self":[{"href":"https:\/\/narcopowders.com\/pt\/wp-json\/wp\/v2\/product\/19057","targetHints":{"allow":["GET"]}}],"collection":[{"href":"https:\/\/narcopowders.com\/pt\/wp-json\/wp\/v2\/product"}],"about":[{"href":"https:\/\/narcopowders.com\/pt\/wp-json\/wp\/v2\/types\/product"}],"replies":[{"embeddable":true,"href":"https:\/\/narcopowders.com\/pt\/wp-json\/wp\/v2\/comments?post=19057"}],"wp:featuredmedia":[{"embeddable":true,"href":"https:\/\/narcopowders.com\/pt\/wp-json\/wp\/v2\/media\/19064"}],"wp:attachment":[{"href":"https:\/\/narcopowders.com\/pt\/wp-json\/wp\/v2\/media?parent=19057"}],"wp:term":[{"taxonomy":"product_brand","embeddable":true,"href":"https:\/\/narcopowders.com\/pt\/wp-json\/wp\/v2\/product_brand?post=19057"},{"taxonomy":"product_cat","embeddable":true,"href":"https:\/\/narcopowders.com\/pt\/wp-json\/wp\/v2\/product_cat?post=19057"},{"taxonomy":"product_tag","embeddable":true,"href":"https:\/\/narcopowders.com\/pt\/wp-json\/wp\/v2\/product_tag?post=19057"}],"curies":[{"name":"wp","href":"https:\/\/api.w.org\/{rel}","templated":true}]}}