{"id":19075,"date":"2023-01-02T09:51:26","date_gmt":"2023-01-02T09:51:26","guid":{"rendered":"https:\/\/nembutalhouse.com\/narco\/?post_type=product&#038;p=19075"},"modified":"2025-03-25T12:30:25","modified_gmt":"2025-03-25T12:30:25","slug":"brown-powder-heroin","status":"publish","type":"product","link":"https:\/\/narcopowders.com\/pt\/product\/brown-powder-heroin\/","title":{"rendered":"Hero\u00edna em P\u00f3 Marrom"},"content":{"rendered":"<h2 style=\"text-align: justify;\">Hero\u00edna em P\u00f3 Marrom<\/h2>\n<p style=\"text-align: justify;\"><a href=\"https:\/\/en.wikipedia.org\/wiki\/Heroin\">Hero\u00edna em P\u00f3 Marrom<\/a> Comprar Hero\u00edna em P\u00f3 Castanho Online A Hero\u00edna em P\u00f3 Castanho (BPH) est\u00e1 a tornar-se cada vez mais popular no mercado global. Embora a BPH j\u00e1 exista h\u00e1 anos, a sua popularidade est\u00e1 a aumentar devido aos seus efeitos \u00fanicos no corpo humano. Ent\u00e3o, se voc\u00ea est\u00e1 procurando comprar hero\u00edna em p\u00f3 marrom online, ent\u00e3o Narco Powders \u00e9\u00a0<a href=\"https:\/\/narcopowders.com\/pt\/produtos\/brown-pulver-heroina\/\"><strong>compre hero\u00edna em p\u00f3 marrom online<\/strong><\/a>, then <a href=\"https:\/\/narcopowders.com\/pt\/\">P\u00f3s de narc\u00f3ticos<\/a> is your best bet.<\/p>\n<h3 style=\"text-align: justify;\">Do que \u00e9 composta a hero\u00edna em p\u00f3 marrom?<\/h3>\n<p style=\"text-align: justify;\">A HBP \u00e9 uma forma de \u00f3pio que foi processada em p\u00f3. <a href=\"https:\/\/www.google.com\/search?q=Buy+Brown+Powder+Heroin+Online&amp;sca_esv=7d1b82273738a5db&amp;sxsrf=AHTn8zoru4nNVmuqppkIBsSuzm4eOnlOrg%3A1742905234477&amp;ei=kp_iZ4jnHNCsseMP_frH2QE&amp;ved=0ahUKEwiI-IL7m6WMAxVQVmwGHX39MRsQ4dUDCA8&amp;uact=5&amp;oq=Buy+Brown+Powder+Heroin+Online&amp;gs_lp=Egxnd3Mtd2l6LXNlcnAiHkJ1eSBCcm93biBQb3dkZXIgSGVyb2luIE9ubGluZUjEB1C9AVi9AXABeACQAQCYAc0BoAHNAaoBAzItMbgBA8gBAPgBAfgBApgCAaACJ6gCEsICBxAjGCcY6gLCAhcQABiABBiRAhi0AhjHAxiKBRjqAtgBAcICFBAAGIAEGJECGLQCGIoFGOoC2AEBwgIQEAAYAxi0AhjqAhiPAdgBAZgDJ_EFH0i-hSkUnOS6BgYIARABGAGSBwExoAdasgcAuAcA&amp;sclient=gws-wiz-serp\">Este p\u00f3 pode ser facilmente fumado ou injetado<\/a>BPH \u00e9 uma forma de \u00f3pio que foi processada em forma de p\u00f3. Este p\u00f3 pode ser facilmente fumado ou injetado, o que o torna mais poderoso e viciante do que outras formas de \u00f3pio. Al\u00e9m disso, a BPH tem um efeito mais duradouro do que outros tipos de \u00f3pio, o que a torna ideal para uso em atividades de alta intensidade, como atletismo ou sexo.<\/p>\n<h3 style=\"text-align: justify;\">Benef\u00edcios da hero\u00edna em p\u00f3 marrom<\/h3>\n<p style=\"text-align: justify;\">N\u00e3o h\u00e1 d\u00favida de que <a href=\"https:\/\/www.google.com\/search?q=Buy+Brown+Powder+Heroin+Online&amp;sca_esv=7d1b82273738a5db&amp;sxsrf=AHTn8zoru4nNVmuqppkIBsSuzm4eOnlOrg%3A1742905234477&amp;ei=kp_iZ4jnHNCsseMP_frH2QE&amp;ved=0ahUKEwiI-IL7m6WMAxVQVmwGHX39MRsQ4dUDCA8&amp;uact=5&amp;oq=Buy+Brown+Powder+Heroin+Online&amp;gs_lp=Egxnd3Mtd2l6LXNlcnAiHkJ1eSBCcm93biBQb3dkZXIgSGVyb2luIE9ubGluZUjEB1C9AVi9AXABeACQAQCYAc0BoAHNAaoBAzItMbgBA8gBAPgBAfgBApgCAaACJ6gCEsICBxAjGCcY6gLCAhcQABiABBiRAhi0AhjHAxiKBRjqAtgBAcICFBAAGIAEGJECGLQCGIoFGOoC2AEBwgIQEAAYAxi0AhjqAhiPAdgBAZgDJ_EFH0i-hSkUnOS6BgYIARABGAGSBwExoAdasgcAuAcA&amp;sclient=gws-wiz-serp\">Brown Powder Heroin (BPH)<\/a> N\u00e3o h\u00e1 d\u00favida de que a hero\u00edna em p\u00f3 marrom (BPH) \u00e9 uma das drogas mais populares no mercado atualmente. \u00c9 f\u00e1cil de colocar as m\u00e3os e d\u00e1 aos usu\u00e1rios uma alta r\u00e1pida e poderosa. A BPH tamb\u00e9m \u00e9 conhecida como \u201chero\u00edna marrom\u201d porque normalmente \u00e9 feita de a\u00e7\u00facar mascavo, caf\u00e9 e fermento em p\u00f3.<\/p>\n<p style=\"text-align: justify;\">BPH \u00e9 hero\u00edna de alta qualidade, o que significa que cont\u00e9m altos n\u00edveis de morfina e code\u00edna. Isso o torna uma \u00f3tima op\u00e7\u00e3o para quem busca uma dose intensa de al\u00edvio da dor. Al\u00e9m disso, o BPH oferece entrega r\u00e1pida para qualquer parte do mundo, tornando-o ideal para quem precisa do medicamento rapidamente. finalmente, o <a href=\"https:\/\/www.bing.com\/search?q=Buy%20Brown%20Powder%20Heroin%20Online&amp;qs=n&amp;form=QBRE&amp;sp=-1&amp;lq=0&amp;pq=buy%20brown%20powder%20heroin%20online&amp;sc=0-30&amp;sk=&amp;cvid=FF668C5C3A2C40499C5AF5B2F508E6FF&amp;ghsh=0&amp;ghacc=0&amp;ghpl=\"><strong>pre\u00e7o de hero\u00edna em p\u00f3 marrom<\/strong><\/a>\u00a0\u00e9 acess\u00edvel em compara\u00e7\u00e3o com outros fornecedores, tornando-se uma op\u00e7\u00e3o atraente para usu\u00e1rios que desejam medicamentos de qualidade sem gastar muito.<\/p>\n<h3 style=\"text-align: justify;\">Efeitos colaterais da hero\u00edna em p\u00f3 marrom<\/h3>\n<p style=\"text-align: justify;\">A hero\u00edna em p\u00f3 castanha \u00e9 uma droga altamente perigosa e viciante, frequentemente misturada com outras subst\u00e2ncias para aumentar a sua pot\u00eancia. \u00c9 normalmente vendida nas ruas sob os nomes de p\u00f3lvora castanha, preta ou p\u00f3lvora. <a href=\"https:\/\/duckduckgo.com\/?q=Buy+Brown+Powder+Heroin+Online&amp;t=h_&amp;ia=web\">Brown powder heroin<\/a> A hero\u00edna em p\u00f3 marrom \u00e9 uma droga altamente perigosa e viciante, frequentemente misturada com outras subst\u00e2ncias para aumentar sua pot\u00eancia. Normalmente \u00e9 vendido na rua sob os nomes marrom, preto ou p\u00f3lvora. A hero\u00edna em p\u00f3 marrom \u00e9 uma mistura de morfina e outros opi\u00e1ceos, o que a torna extremamente potente. Os efeitos de curto prazo do uso de hero\u00edna em p\u00f3 marrom incluem aumento da frequ\u00eancia card\u00edaca, sensa\u00e7\u00e3o intensa de calor, respira\u00e7\u00e3o r\u00e1pida e sensa\u00e7\u00e3o de euforia. Esses efeitos s\u00e3o rapidamente seguidos por sensa\u00e7\u00f5es de seda\u00e7\u00e3o e relaxamento. Com o tempo, o uso regular de hero\u00edna em p\u00f3 marrom pode levar ao v\u00edcio e \u00e0 depend\u00eancia da droga.<\/p>\n<h3 style=\"text-align: justify;\">Por que comprar hero\u00edna em p\u00f3 marrom da Narco Powders?<\/h3>\n<p style=\"text-align: justify;\">Quando planeia\u00a0<a href=\"https:\/\/www.bing.com\/search?q=Buy%20Brown%20Powder%20Heroin%20Online&amp;qs=n&amp;form=QBRE&amp;sp=-1&amp;lq=0&amp;pq=buy%20brown%20powder%20heroin%20online&amp;sc=0-30&amp;sk=&amp;cvid=FF668C5C3A2C40499C5AF5B2F508E6FF&amp;ghsh=0&amp;ghacc=0&amp;ghpl=\">Este p\u00f3 pode ser facilmente fumado ou injetado<\/a>Quando voc\u00ea planeja encomendar hero\u00edna em p\u00f3 marrom on-line, muitas op\u00e7\u00f5es est\u00e3o dispon\u00edveis. No entanto, nem todas essas op\u00e7\u00f5es s\u00e3o de boa qualidade ou seguras. \u00c9 a\u00ed que entra o Narco Powders. Oferecemos uma ampla variedade de formas, marcas e tipos de hero\u00edna em p\u00f3 marrom para venda online em que voc\u00ea pode confiar. Al\u00e9m disso, nossos prazos de entrega r\u00e1pidos significam que voc\u00ea pode obter seus medicamentos rapidamente e sem complica\u00e7\u00f5es. Queremos que todos que nos encomendam tenham uma experi\u00eancia positiva. Com um processo de pedido f\u00e1cil e m\u00e9todos de pagamento convenientes, o Narco Powders \u00e9 a melhor escolha para comprar\u00a0hero\u00edna em p\u00f3 marrom online. Portanto, n\u00e3o espere mais - pe\u00e7a em nossa loja hoje para obter as melhores ofertas em seus produtos favoritos! <a href=\"https:\/\/duckduckgo.com\/?q=Buy+Brown+Powder+Heroin+Online&amp;t=h_&amp;ia=web\">purchasing\u00a0brown powder heroin online<\/a>. Therefore, don&#8217;t wait any longer\u2014order at our store today to get the best deals on your favorite products!<\/p>","protected":false},"excerpt":{"rendered":"<p>Buy Brown Powder Heroin Online Brown Powder Heroin (BPH) is becoming more and more popular in the global market. Although BPH has been around for years, its popularity is on the rise due to its unique effects on the human body. So, if you are looking to\u00a0buy brown powder heroin online, then Narco Powders is [&hellip;]<\/p>\n","protected":false},"featured_media":19091,"comment_status":"open","ping_status":"closed","template":"","meta":{"_joinchat":[]},"product_brand":[],"product_cat":[1168],"product_tag":[1218,1212,1220,1214,1213,1221,1224,1225,1223,1215,1226,1219,1227,1216,1222,1217],"class_list":{"0":"post-19075","1":"product","2":"type-product","3":"status-publish","4":"has-post-thumbnail","6":"product_cat-buy-heroin-online","7":"product_tag-benefits-of-brown-powder-heroin","8":"product_tag-best-place-to-order-brown-powder-heroin","9":"product_tag-brown-powder-heroin-for-sale","10":"product_tag-brown-powder-heroin-price","11":"product_tag-brown-powder-heroin-wholesale","12":"product_tag-buy-brown-powder-heroin-legally","13":"product_tag-buy-brown-powder-heroin-online-australia","14":"product_tag-buy-brown-powder-heroin-online-near-me","15":"product_tag-buy-brown-powder-heroin-online-usa","16":"product_tag-cheap-brown-powder-heroin","17":"product_tag-how-can-i-get-the-best-brown-powder-heroin","18":"product_tag-how-to-order-brown-powder-heroin","19":"product_tag-legit-brown-powder-heroin-online","20":"product_tag-what-is-brown-powder-heroin","21":"product_tag-where-can-i-buy-brown-powder-heroin","22":"product_tag-where-to-buy-brown-powder-heroin","24":"first","25":"instock","26":"shipping-taxable","27":"purchasable","28":"product-type-variable","29":"add-to-wishlist-after_add_to_cart"},"yoast_head":"<!-- This site is optimized with the Yoast SEO plugin v27.5 - https:\/\/yoast.com\/product\/yoast-seo-wordpress\/ -->\n<title>Brown Powder Heroin for Sale - Buy Brown Powder Heroin Online<\/title>\n<meta name=\"description\" content=\"Looking to buy brown powder heroin online? Get the highest quality brown powder heroin for sale from our trusted source. Order Brown Heroin Online!\" \/>\n<meta name=\"robots\" content=\"index, follow, max-snippet:-1, max-image-preview:large, max-video-preview:-1\" \/>\n<link rel=\"canonical\" href=\"https:\/\/narcopowders.com\/pt\/produtos\/brown-pulver-heroina\/\" \/>\n<meta property=\"og:locale\" content=\"pt_PT\" \/>\n<meta property=\"og:type\" content=\"article\" \/>\n<meta property=\"og:title\" content=\"Brown Powder Heroin for Sale - Buy Brown Powder Heroin Online\" \/>\n<meta property=\"og:description\" content=\"Looking to buy brown powder heroin online? Get the highest quality brown powder heroin for sale from our trusted source. Order Brown Heroin Online!\" \/>\n<meta property=\"og:url\" content=\"https:\/\/narcopowders.com\/pt\/produtos\/brown-pulver-heroina\/\" \/>\n<meta property=\"og:site_name\" content=\"Narco Powders\" \/>\n<meta property=\"article:modified_time\" content=\"2025-03-25T12:30:25+00:00\" \/>\n<meta property=\"og:image\" content=\"https:\/\/narcopowders.com\/wp-content\/uploads\/2023\/01\/brown-powder-heroin.jpg\" \/>\n\t<meta property=\"og:image:width\" content=\"600\" \/>\n\t<meta property=\"og:image:height\" content=\"600\" \/>\n\t<meta property=\"og:image:type\" content=\"image\/jpeg\" \/>\n<meta name=\"twitter:card\" content=\"summary_large_image\" \/>\n<meta name=\"twitter:label1\" content=\"Tempo estimado de leitura\" \/>\n\t<meta name=\"twitter:data1\" content=\"3 minutos\" \/>\n<!-- \/ Yoast SEO plugin. -->","yoast_head_json":{"title":"Hero\u00edna em p\u00f3 marrom \u00e0 venda - Compre hero\u00edna em p\u00f3 marrom online","description":"Procurando comprar hero\u00edna em p\u00f3 marrom online? Obtenha a hero\u00edna em p\u00f3 marrom da mais alta qualidade para venda em nossa fonte confi\u00e1vel. Encomende hero\u00edna marrom online!","robots":{"index":"index","follow":"follow","max-snippet":"max-snippet:-1","max-image-preview":"max-image-preview:large","max-video-preview":"max-video-preview:-1"},"canonical":"https:\/\/narcopowders.com\/pt\/produtos\/brown-pulver-heroina\/","og_locale":"pt_PT","og_type":"article","og_title":"Brown Powder Heroin for Sale - Buy Brown Powder Heroin Online","og_description":"Looking to buy brown powder heroin online? Get the highest quality brown powder heroin for sale from our trusted source. Order Brown Heroin Online!","og_url":"https:\/\/narcopowders.com\/pt\/produtos\/brown-pulver-heroina\/","og_site_name":"Narco Powders","article_modified_time":"2025-03-25T12:30:25+00:00","og_image":[{"width":600,"height":600,"url":"https:\/\/narcopowders.com\/wp-content\/uploads\/2023\/01\/brown-powder-heroin.jpg","type":"image\/jpeg"}],"twitter_card":"summary_large_image","twitter_misc":{"Tempo estimado de leitura":"3 minutos"},"schema":{"@context":"https:\/\/schema.org","@graph":[{"@type":"WebPage","@id":"https:\/\/narcopowders.com\/product\/brown-powder-heroin\/","url":"https:\/\/narcopowders.com\/product\/brown-powder-heroin\/","name":"Hero\u00edna em p\u00f3 marrom \u00e0 venda - Compre hero\u00edna em p\u00f3 marrom online","isPartOf":{"@id":"https:\/\/narcopowders.com\/#website"},"primaryImageOfPage":{"@id":"https:\/\/narcopowders.com\/product\/brown-powder-heroin\/#primaryimage"},"image":{"@id":"https:\/\/narcopowders.com\/product\/brown-powder-heroin\/#primaryimage"},"thumbnailUrl":"https:\/\/narcopowders.com\/wp-content\/uploads\/2023\/01\/brown-powder-heroin.jpg","datePublished":"2023-01-02T09:51:26+00:00","dateModified":"2025-03-25T12:30:25+00:00","description":"Procurando comprar hero\u00edna em p\u00f3 marrom online? Obtenha a hero\u00edna em p\u00f3 marrom da mais alta qualidade para venda em nossa fonte confi\u00e1vel. Encomende hero\u00edna marrom online!","breadcrumb":{"@id":"https:\/\/narcopowders.com\/product\/brown-powder-heroin\/#breadcrumb"},"inLanguage":"pt-PT","potentialAction":[{"@type":"ReadAction","target":["https:\/\/narcopowders.com\/product\/brown-powder-heroin\/"]}]},{"@type":"ImageObject","inLanguage":"pt-PT","@id":"https:\/\/narcopowders.com\/product\/brown-powder-heroin\/#primaryimage","url":"https:\/\/narcopowders.com\/wp-content\/uploads\/2023\/01\/brown-powder-heroin.jpg","contentUrl":"https:\/\/narcopowders.com\/wp-content\/uploads\/2023\/01\/brown-powder-heroin.jpg","width":600,"height":600,"caption":"Brown Powder Heroin"},{"@type":"BreadcrumbList","@id":"https:\/\/narcopowders.com\/product\/brown-powder-heroin\/#breadcrumb","itemListElement":[{"@type":"ListItem","position":1,"name":"Home","item":"https:\/\/narcopowders.com\/"},{"@type":"ListItem","position":2,"name":"Shop Page","item":"https:\/\/narcopowders.com\/shop\/"},{"@type":"ListItem","position":3,"name":"Brown Powder Heroin"}]},{"@type":"WebSite","@id":"https:\/\/narcopowders.com\/#website","url":"https:\/\/narcopowders.com\/","name":"P\u00f3s de narc\u00f3ticos","description":"O meu blogue WordPress","potentialAction":[{"@type":"SearchAction","target":{"@type":"EntryPoint","urlTemplate":"https:\/\/narcopowders.com\/?s={search_term_string}"},"query-input":{"@type":"PropertyValueSpecification","valueRequired":true,"valueName":"search_term_string"}}],"inLanguage":"pt-PT"}]}},"_links":{"self":[{"href":"https:\/\/narcopowders.com\/pt\/wp-json\/wp\/v2\/product\/19075","targetHints":{"allow":["GET"]}}],"collection":[{"href":"https:\/\/narcopowders.com\/pt\/wp-json\/wp\/v2\/product"}],"about":[{"href":"https:\/\/narcopowders.com\/pt\/wp-json\/wp\/v2\/types\/product"}],"replies":[{"embeddable":true,"href":"https:\/\/narcopowders.com\/pt\/wp-json\/wp\/v2\/comments?post=19075"}],"wp:featuredmedia":[{"embeddable":true,"href":"https:\/\/narcopowders.com\/pt\/wp-json\/wp\/v2\/media\/19091"}],"wp:attachment":[{"href":"https:\/\/narcopowders.com\/pt\/wp-json\/wp\/v2\/media?parent=19075"}],"wp:term":[{"taxonomy":"product_brand","embeddable":true,"href":"https:\/\/narcopowders.com\/pt\/wp-json\/wp\/v2\/product_brand?post=19075"},{"taxonomy":"product_cat","embeddable":true,"href":"https:\/\/narcopowders.com\/pt\/wp-json\/wp\/v2\/product_cat?post=19075"},{"taxonomy":"product_tag","embeddable":true,"href":"https:\/\/narcopowders.com\/pt\/wp-json\/wp\/v2\/product_tag?post=19075"}],"curies":[{"name":"wp","href":"https:\/\/api.w.org\/{rel}","templated":true}]}}