{"id":19099,"date":"2023-01-02T10:01:34","date_gmt":"2023-01-02T10:01:34","guid":{"rendered":"https:\/\/nembutalhouse.com\/narco\/?post_type=product&#038;p=19099"},"modified":"2025-03-25T11:59:16","modified_gmt":"2025-03-25T11:59:16","slug":"crack-cocaine","status":"publish","type":"product","link":"https:\/\/narcopowders.com\/pt\/produto\/crack-cocaina\/","title":{"rendered":"Compre crack online"},"content":{"rendered":"<h2 style=\"text-align: justify;\">Compre crack online<\/h2>\n<p style=\"text-align: justify;\">Se voc\u00ea est\u00e1 procurando uma alta que lhe d\u00ea uma intensa explos\u00e3o de energia, o crack \u00e9 a droga para voc\u00ea. O crack \u00e9 um potente estimulante derivado da planta da coca. Produz efeitos intensos e de curto prazo, incluindo euforia e aumento de energia. Ent\u00e3o, voc\u00ea est\u00e1 procurando\u00a0<a href=\"https:\/\/narcopowders.com\/pt\/produto\/crack-cocaina\/\"><strong>comprar crack online<\/strong><\/a>? If so, <a href=\"https:\/\/narcopowders.com\/pt\/\">P\u00f3s de narc\u00f3ticos<\/a> ? Se assim for, Narco Powders \u00e9 o seu balc\u00e3o \u00fanico para todas as coisas relacionadas a\u00a0<a href=\"https:\/\/www.bing.com\/search?q=Buy%20Crack%20Cocaine%20Online&amp;qs=n&amp;form=QBRE&amp;sp=-1&amp;lq=0&amp;pq=buy%20crack%20cocaine%20online&amp;sc=0-24&amp;sk=&amp;cvid=5A9C510B114D4A079A7AC55020730BE4&amp;ghsh=0&amp;ghacc=0&amp;ghpl=\"><strong>crack na internet<\/strong><\/a>.<\/p>\n<h3 style=\"text-align: justify;\">Do que \u00e9 feita a coca\u00edna crack?<\/h3>\n<p style=\"text-align: justify;\"><a href=\"https:\/\/www.google.com\/search?q=Buy+Crack+Cocaine+Online&amp;num=10&amp;sca_esv=1a2a07081c7891bb&amp;rlz=1C1RXQR_enIN1098IN1098&amp;sxsrf=AHTn8zqSQPNqBnznlXjjKSal3EstteuNmw%3A1741685751392&amp;ei=9wPQZ7LZF47U1e8P8drDiQ0&amp;ved=0ahUKEwjysJaE3YGMAxUOavUHHXHtMNEQ4dUDCBA&amp;uact=5&amp;oq=Buy+Crack+Cocaine+Online&amp;gs_lp=Egxnd3Mtd2l6LXNlcnAiGEJ1eSBDcmFjayBDb2NhaW5lIE9ubGluZUjMB1DBA1jBA3ACeACQAQCYAc8BoAHPAaoBAzItMbgBA8gBAPgBAvgBAZgCAKACAJgDAIgGAZIHAKAHTA&amp;sclient=gws-wiz-serp\">Coca\u00edna<\/a> \u00e9 um tipo de estimulante extra\u00eddo das folhas do arbusto da coca. \u00c9 frequentemente vendido como \u201c<a href=\"https:\/\/en.wikipedia.org\/wiki\/Cocaine\">coca\u00edna crack<\/a>\u201d, que \u00e9 uma mistura de coca\u00edna e \u00e1gua. Com a sua vasta sele\u00e7\u00e3o de produtos de alta <a href=\"https:\/\/www.bing.com\/search?q=Buy%20Crack%20Cocaine%20Online&amp;qs=n&amp;form=QBRE&amp;sp=-1&amp;lq=0&amp;pq=buy%20crack%20cocaine%20online&amp;sc=0-24&amp;sk=&amp;cvid=5A9C510B114D4A079A7AC55020730BE4&amp;ghsh=0&amp;ghacc=0&amp;ghpl=\"><strong>crack a granel<\/strong><\/a>, m\u00e9todos de pagamento seguros e entrega discreta, o Narco Powders \u00e9 a melhor op\u00e7\u00e3o para quem deseja adquirir com seguran\u00e7a essa potente subst\u00e2ncia.<\/p>\n<h3 style=\"text-align: justify;\">Benef\u00edcios da Coca\u00edna Crack<\/h3>\n<p style=\"text-align: justify;\"><a href=\"https:\/\/www.google.com\/search?q=Buy+Crack+Cocaine+Online&amp;num=10&amp;sca_esv=1a2a07081c7891bb&amp;rlz=1C1RXQR_enIN1098IN1098&amp;sxsrf=AHTn8zqSQPNqBnznlXjjKSal3EstteuNmw%3A1741685751392&amp;ei=9wPQZ7LZF47U1e8P8drDiQ0&amp;ved=0ahUKEwjysJaE3YGMAxUOavUHHXHtMNEQ4dUDCBA&amp;uact=5&amp;oq=Buy+Crack+Cocaine+Online&amp;gs_lp=Egxnd3Mtd2l6LXNlcnAiGEJ1eSBDcmFjayBDb2NhaW5lIE9ubGluZUjMB1DBA1jBA3ACeACQAQCYAc8BoAHPAaoBAzItMbgBA8gBAPgBAvgBAZgCAKACAJgDAIgGAZIHAKAHTA&amp;sclient=gws-wiz-serp\">Crack cocaine<\/a> O crack \u00e9 uma das drogas mais populares do mercado, e por um bom motivo. \u00c9 uma maneira r\u00e1pida e f\u00e1cil de obter uma euforia intensa que dura mais do que outras drogas. Ao contr\u00e1rio de outras drogas, onde \u00e0s vezes pode levar horas para os efeitos come\u00e7arem, o crack produz uma rea\u00e7\u00e3o imediata. Voc\u00ea poder\u00e1 sentir os efeitos em minutos, o que significa que poder\u00e1 come\u00e7ar a aproveitar sua alta imediatamente. Al\u00e9m disso, quando comparado a outras drogas como maconha ou ecstasy, o crack \u00e9 conhecido por aumentar a criatividade e a intensidade dos sentimentos. <a href=\"https:\/\/duckduckgo.com\/?q=Buy+Crack+Cocaine+Online&amp;t=h_&amp;ia=web\">coca\u00edna crack<\/a> is known to increase creativity and intensity of feelings.<\/p>\n<p style=\"text-align: justify;\">Na Narco Powders, oferecemos produtos de alta qualidade\u00a0<strong><a href=\"https:\/\/duckduckgo.com\/?q=Buy+Crack+Cocaine+Online&amp;t=h_&amp;ia=web\">crack para venda<\/a>\u00a0<\/strong>online a baixo custo e acess\u00edvel a usu\u00e1rios em todos os pa\u00edses. Nosso crack \u00e9 feito com os mais altos padr\u00f5es de pureza poss\u00edveis, ent\u00e3o voc\u00ea pode confiar que est\u00e1 obtendo os melhores resultados poss\u00edveis.<\/p>\n<h3 style=\"text-align: justify;\">Efeitos colaterais do crack<\/h3>\n<p style=\"text-align: justify;\">O crack \u00e9 uma droga altamente viciante e perigosa que pode trazer s\u00e9rias consequ\u00eancias para a sa\u00fade. Os efeitos colaterais de curto e longo prazo do crack incluem depend\u00eancia, problemas de sa\u00fade mental e morte. O crack tamb\u00e9m pode causar efeitos f\u00edsicos de curto prazo, como aumento da frequ\u00eancia card\u00edaca, paran\u00f3ia e viol\u00eancia. Os efeitos colaterais de longo prazo podem n\u00e3o se tornar aparentes por anos depois de voc\u00ea come\u00e7ar a usar crack, por isso \u00e9 importante estar ciente dos riscos antes de tomar esta droga.<\/p>\n<h3 style=\"text-align: justify;\">Compre Crack Cocaine Online na Narco Powders<\/h3>\n<p style=\"text-align: justify;\">Procurando uma maneira de ficar chapado? Confira Narco Powders, o destino on-line para produtos com controle de qualidade <strong>crack por atacado<\/strong>. Oferecemos uma ampla variedade de produtos, incluindo crack em pequenas quantidades at\u00e9 quilos. Al\u00e9m disso, nosso\u00a0<strong>pre\u00e7o do crack<\/strong> \u00e9 imbat\u00edvel - voc\u00ea n\u00e3o encontrar\u00e1 um neg\u00f3cio melhor em nenhum outro lugar.<\/p>\n<p style=\"text-align: justify;\">Entendemos que a privacidade \u00e9 importante, por isso tomamos muito cuidado ao embalar nossos produtos para que cheguem com seguran\u00e7a e discri\u00e7\u00e3o. Esperamos que voc\u00ea considere usar o Narco Powders como sua fonte de refer\u00eancia para\u00a0<strong>encomendar crack online<\/strong>.<\/p>","protected":false},"excerpt":{"rendered":"<p>Buy Crack Cocaine Online If you&#8217;re looking for a high that will give you an intense burst of energy, crack cocaine is the drug for you. Crack cocaine is a potent stimulant that is derived from the coca plant. It produces intense, short-term effects, including euphoria and increased energy. So, are you looking to\u00a0buy crack [&hellip;]<\/p>","protected":false},"featured_media":19114,"comment_status":"open","ping_status":"closed","template":"","meta":{"_joinchat":[]},"product_brand":[],"product_cat":[1179],"product_tag":[1234,1228,1237,1240,1241,1239,1231,1236,1230,1229,1242,1235,1243,1232,1238,1233],"class_list":{"0":"post-19099","1":"product","2":"type-product","3":"status-publish","4":"has-post-thumbnail","6":"product_cat-buy-cocaine-online","7":"product_tag-benefits-of-crack-cocaine","8":"product_tag-best-place-to-order-crack-cocaine","9":"product_tag-buy-crack-cocaine-legally","10":"product_tag-buy-crack-cocaine-online-australia","11":"product_tag-buy-crack-cocaine-online-near-me","12":"product_tag-buy-crack-cocaine-online-usa","13":"product_tag-cheap-crack-cocaine","14":"product_tag-crack-cocaine-for-sale","15":"product_tag-crack-cocaine-price","16":"product_tag-crack-cocaine-wholesale","17":"product_tag-how-can-i-get-the-best-crack-cocaine","18":"product_tag-how-to-order-crack-cocaine","19":"product_tag-legit-crack-cocaine-online","20":"product_tag-what-is-crack-cocaine","21":"product_tag-where-can-i-buy-crack-cocaine","22":"product_tag-where-to-buy-crack-cocaine","24":"first","25":"instock","26":"shipping-taxable","27":"purchasable","28":"product-type-variable","29":"add-to-wishlist-after_add_to_cart"},"yoast_head":"<!-- This site is optimized with the Yoast SEO plugin v25.9 - https:\/\/yoast.com\/wordpress\/plugins\/seo\/ -->\n<title>Buy Crack Cocaine Online - Crack Cocaine for Sale Online<\/title>\n<meta name=\"description\" content=\"Looking for the best quality crack cocaine for sale in bulk quantity? At here, you can buy crack cocaine online with highest purity at the best price. Order Now!\" \/>\n<meta name=\"robots\" content=\"index, follow, max-snippet:-1, max-image-preview:large, max-video-preview:-1\" \/>\n<link rel=\"canonical\" href=\"https:\/\/narcopowders.com\/pt\/produto\/crack-cocaina\/\" \/>\n<meta property=\"og:locale\" content=\"pt_PT\" \/>\n<meta property=\"og:type\" content=\"article\" \/>\n<meta property=\"og:title\" content=\"Buy Crack Cocaine Online - Crack Cocaine for Sale Online\" \/>\n<meta property=\"og:description\" content=\"Looking for the best quality crack cocaine for sale in bulk quantity? At here, you can buy crack cocaine online with highest purity at the best price. Order Now!\" \/>\n<meta property=\"og:url\" content=\"https:\/\/narcopowders.com\/pt\/produto\/crack-cocaina\/\" \/>\n<meta property=\"og:site_name\" content=\"Narco Powders\" \/>\n<meta property=\"article:modified_time\" content=\"2025-03-25T11:59:16+00:00\" \/>\n<meta property=\"og:image\" content=\"https:\/\/narcopowders.com\/wp-content\/uploads\/2023\/01\/crack-cocaine.jpg\" \/>\n\t<meta property=\"og:image:width\" content=\"600\" \/>\n\t<meta property=\"og:image:height\" content=\"600\" \/>\n\t<meta property=\"og:image:type\" content=\"image\/jpeg\" \/>\n<meta name=\"twitter:card\" content=\"summary_large_image\" \/>\n<meta name=\"twitter:label1\" content=\"Tempo estimado de leitura\" \/>\n\t<meta name=\"twitter:data1\" content=\"3 minutos\" \/>\n<!-- \/ Yoast SEO plugin. -->","yoast_head_json":{"title":"Compre Crack Cocaine Online - Crack Cocaine for Sale Online","description":"Procurando a melhor qualidade de crack para venda em quantidade a granel? Aqui voc\u00ea pode comprar crack online com a maior pureza pelo melhor pre\u00e7o. Pe\u00e7a agora!","robots":{"index":"index","follow":"follow","max-snippet":"max-snippet:-1","max-image-preview":"max-image-preview:large","max-video-preview":"max-video-preview:-1"},"canonical":"https:\/\/narcopowders.com\/pt\/produto\/crack-cocaina\/","og_locale":"pt_PT","og_type":"article","og_title":"Buy Crack Cocaine Online - Crack Cocaine for Sale Online","og_description":"Looking for the best quality crack cocaine for sale in bulk quantity? At here, you can buy crack cocaine online with highest purity at the best price. Order Now!","og_url":"https:\/\/narcopowders.com\/pt\/produto\/crack-cocaina\/","og_site_name":"Narco Powders","article_modified_time":"2025-03-25T11:59:16+00:00","og_image":[{"width":600,"height":600,"url":"https:\/\/narcopowders.com\/wp-content\/uploads\/2023\/01\/crack-cocaine.jpg","type":"image\/jpeg"}],"twitter_card":"summary_large_image","twitter_misc":{"Tempo estimado de leitura":"3 minutos"},"schema":{"@context":"https:\/\/schema.org","@graph":[{"@type":"WebPage","@id":"https:\/\/narcopowders.com\/product\/crack-cocaine\/","url":"https:\/\/narcopowders.com\/product\/crack-cocaine\/","name":"Compre Crack Cocaine Online - Crack Cocaine for Sale Online","isPartOf":{"@id":"https:\/\/narcopowders.com\/#website"},"primaryImageOfPage":{"@id":"https:\/\/narcopowders.com\/product\/crack-cocaine\/#primaryimage"},"image":{"@id":"https:\/\/narcopowders.com\/product\/crack-cocaine\/#primaryimage"},"thumbnailUrl":"https:\/\/narcopowders.com\/wp-content\/uploads\/2023\/01\/crack-cocaine.jpg","datePublished":"2023-01-02T10:01:34+00:00","dateModified":"2025-03-25T11:59:16+00:00","description":"Procurando a melhor qualidade de crack para venda em quantidade a granel? Aqui voc\u00ea pode comprar crack online com a maior pureza pelo melhor pre\u00e7o. Pe\u00e7a agora!","breadcrumb":{"@id":"https:\/\/narcopowders.com\/product\/crack-cocaine\/#breadcrumb"},"inLanguage":"pt-PT","potentialAction":[{"@type":"ReadAction","target":["https:\/\/narcopowders.com\/product\/crack-cocaine\/"]}]},{"@type":"ImageObject","inLanguage":"pt-PT","@id":"https:\/\/narcopowders.com\/product\/crack-cocaine\/#primaryimage","url":"https:\/\/narcopowders.com\/wp-content\/uploads\/2023\/01\/crack-cocaine.jpg","contentUrl":"https:\/\/narcopowders.com\/wp-content\/uploads\/2023\/01\/crack-cocaine.jpg","width":600,"height":600,"caption":"Buy Crack Cocaine Online"},{"@type":"BreadcrumbList","@id":"https:\/\/narcopowders.com\/product\/crack-cocaine\/#breadcrumb","itemListElement":[{"@type":"ListItem","position":1,"name":"Home","item":"https:\/\/narcopowders.com\/"},{"@type":"ListItem","position":2,"name":"Shop Page","item":"https:\/\/narcopowders.com\/shop\/"},{"@type":"ListItem","position":3,"name":"Buy Crack Cocaine Online"}]},{"@type":"WebSite","@id":"https:\/\/narcopowders.com\/#website","url":"https:\/\/narcopowders.com\/","name":"P\u00f3s de narc\u00f3ticos","description":"O meu blogue WordPress","potentialAction":[{"@type":"SearchAction","target":{"@type":"EntryPoint","urlTemplate":"https:\/\/narcopowders.com\/?s={search_term_string}"},"query-input":{"@type":"PropertyValueSpecification","valueRequired":true,"valueName":"search_term_string"}}],"inLanguage":"pt-PT"}]}},"_links":{"self":[{"href":"https:\/\/narcopowders.com\/pt\/wp-json\/wp\/v2\/product\/19099","targetHints":{"allow":["GET"]}}],"collection":[{"href":"https:\/\/narcopowders.com\/pt\/wp-json\/wp\/v2\/product"}],"about":[{"href":"https:\/\/narcopowders.com\/pt\/wp-json\/wp\/v2\/types\/product"}],"replies":[{"embeddable":true,"href":"https:\/\/narcopowders.com\/pt\/wp-json\/wp\/v2\/comments?post=19099"}],"wp:featuredmedia":[{"embeddable":true,"href":"https:\/\/narcopowders.com\/pt\/wp-json\/wp\/v2\/media\/19114"}],"wp:attachment":[{"href":"https:\/\/narcopowders.com\/pt\/wp-json\/wp\/v2\/media?parent=19099"}],"wp:term":[{"taxonomy":"product_brand","embeddable":true,"href":"https:\/\/narcopowders.com\/pt\/wp-json\/wp\/v2\/product_brand?post=19099"},{"taxonomy":"product_cat","embeddable":true,"href":"https:\/\/narcopowders.com\/pt\/wp-json\/wp\/v2\/product_cat?post=19099"},{"taxonomy":"product_tag","embeddable":true,"href":"https:\/\/narcopowders.com\/pt\/wp-json\/wp\/v2\/product_tag?post=19099"}],"curies":[{"name":"wp","href":"https:\/\/api.w.org\/{rel}","templated":true}]}}