{"id":19100,"date":"2023-01-02T10:08:30","date_gmt":"2023-01-02T10:08:30","guid":{"rendered":"https:\/\/nembutalhouse.com\/narco\/?post_type=product&#038;p=19100"},"modified":"2025-03-25T11:39:49","modified_gmt":"2025-03-25T11:39:49","slug":"bolivia-cocaine","status":"publish","type":"product","link":"https:\/\/narcopowders.com\/pt\/produto\/bolivia-cocaina\/","title":{"rendered":"Bol\u00edvia Coca\u00edna"},"content":{"rendered":"<h2 style=\"text-align: justify;\">Compre Coca\u00edna Boliviana Online<\/h2>\n<p style=\"text-align: justify;\">A coca\u00edna \u00e9 uma das drogas mais populares do mundo, e a Bol\u00edvia \u00e9 um dos maiores produtores de coca do mundo. Voc\u00ea est\u00e1 procurando o melhor lugar para\u00a0<a href=\"https:\/\/narcopowders.com\/pt\/produto\/bolivia-cocaina\/\"><strong>acheter de la coca\u00efne bolivienne en ligne<\/strong><\/a>? N\u00e3o procure mais do que <a href=\"https:\/\/narcopowders.com\/pt\/\">P\u00f3s de narc\u00f3ticos<\/a>! Oferecemos a mais alta qualidade\u00a0<a href=\"https:\/\/en.wikipedia.org\/wiki\/Cocaine\"><strong>coca\u00edna boliviana online<\/strong><\/a>\u00a0aos pre\u00e7os mais competitivos.<\/p>\n<h3 style=\"text-align: justify;\">Como \u00e9 feita a coca\u00edna boliviana?<\/h3>\n<p style=\"text-align: justify;\">A coca\u00edna da Bol\u00edvia \u00e9 derivada da planta da coca e geralmente \u00e9 vendida no mercado negro. O processo de fazer\u00a0<strong><a href=\"https:\/\/www.google.com\/search?q=Buy+Bolivia+Cocaine+Online&amp;sca_esv=7d1b82273738a5db&amp;sxsrf=AHTn8zolrVeV-fQwrnIjqKaeJlc-zvbm8w%3A1742900876467&amp;ei=jI7iZ-KcHKimseMP3fXz-Ac&amp;ved=0ahUKEwjikvvci6WMAxUoU2wGHd36HH8Q4dUDCA8&amp;uact=5&amp;oq=Buy+Bolivia+Cocaine+Online&amp;gs_lp=Egxnd3Mtd2l6LXNlcnAiGkJ1eSBCb2xpdmlhIENvY2FpbmUgT25saW5lSKMUUKwBWKwBcAF4AZABAJgBzwGgAZsFqgEFMC4zLjG4AQPIAQD4AQL4AQGYAgGgAkfCAgoQABiwAxjWBBhHmAMAiAYBkAYIkgcBMaAHtAayBwC4BwA&amp;sclient=gws-wiz-serp\">Bol\u00edvia coca\u00edna para venda<\/a>\u00a0<\/strong>envolve uma s\u00e9rie de etapas, incluindo processamento qu\u00edmico e mistura. Para come\u00e7ar, as folhas de coca s\u00e3o esmagadas e secas. O p\u00f3 de coca\u00edna \u00e9 extra\u00eddo dessas folhas e frequentemente vendido no mercado negro. A coca\u00edna boliviana de lojas de renome como a Narco Powders pode ser aspirada ou injetada e geralmente \u00e9 regulamentada pelo governo boliviano.<\/p>\n<h3 style=\"text-align: justify;\">Benef\u00edcios da Coca\u00edna Boliviana<\/h3>\n<p style=\"text-align: justify;\">Se procura uma sensa\u00e7\u00e3o de euforia e energia, <a href=\"https:\/\/www.google.com\/search?q=Buy+Bolivia+Cocaine+Online&amp;sca_esv=7d1b82273738a5db&amp;sxsrf=AHTn8zolrVeV-fQwrnIjqKaeJlc-zvbm8w%3A1742900876467&amp;ei=jI7iZ-KcHKimseMP3fXz-Ac&amp;ved=0ahUKEwjikvvci6WMAxUoU2wGHd36HH8Q4dUDCA8&amp;uact=5&amp;oq=Buy+Bolivia+Cocaine+Online&amp;gs_lp=Egxnd3Mtd2l6LXNlcnAiGkJ1eSBCb2xpdmlhIENvY2FpbmUgT25saW5lSKMUUKwBWKwBcAF4AZABAJgBzwGgAZsFqgEFMC4zLjG4AQPIAQD4AQL4AQGYAgGgAkfCAgoQABiwAxjWBBhHmAMAiAYBkAYIkgcBMaAHtAayBwC4BwA&amp;sclient=gws-wiz-serp\">A coca\u00edna boliviana \u00e9 a sua melhor aposta<\/a>Se voc\u00ea est\u00e1 procurando um barato que lhe d\u00ea uma sensa\u00e7\u00e3o de euforia e energia, a coca\u00edna boliviana \u00e9 sua melhor aposta. A coca\u00edna da Bol\u00edvia pode ajudar a aliviar os sintomas de condi\u00e7\u00f5es como TDAH, dor cr\u00f4nica, ansiedade e depress\u00e3o, tornando-se uma op\u00e7\u00e3o de tratamento valiosa para muitas pessoas. Al\u00e9m de usar coca\u00edna cheirando, fumando ou injetando-a no corpo, voc\u00ea tamb\u00e9m pode us\u00e1-la de v\u00e1rias outras maneiras para experimentar seus efeitos. Por exemplo, misturar coca\u00edna com \u00e1lcool pode criar uma noite poderosa que n\u00e3o vai deixar voc\u00ea com sono no dia seguinte.<\/p>\n<p style=\"text-align: justify;\">Esta droga potente \u00e9 feita apenas na Bol\u00edvia e est\u00e1 dispon\u00edvel online em Narco Powders. N\u00e3o s\u00f3 \u00e9 puro e n\u00e3o adulterado, mas o\u00a0<strong><a href=\"https:\/\/www.bing.com\/search?q=Buy%20Bolivia%20Cocaine%20Online&amp;qs=n&amp;form=QBRE&amp;sp=-1&amp;lq=0&amp;pq=buy%20bolivia%20cocaine%20online&amp;sc=0-26&amp;sk=&amp;cvid=C257DDF1FD2944CFBD7F95C69A143FEA&amp;ghsh=0&amp;ghacc=0&amp;ghpl=\">Prix \u200b\u200bde la coca\u00efne en Bolivie<\/a>\u00a0<\/strong>\u00e9 acess\u00edvel - ainda mais baixo do que algumas drogas de rua. Al\u00e9m disso, op\u00e7\u00f5es de entrega em todo o mundo est\u00e3o dispon\u00edveis, para que voc\u00ea possa <strong><a href=\"https:\/\/duckduckgo.com\/?q=Buy+Bolivia+Cocaine+Online&amp;t=h_&amp;ia=web\">compre coca\u00edna boliviana online<\/a>\u00a0<\/strong>de qualquer lugar.<\/p>\n<h3 style=\"text-align: justify;\">Efeitos colaterais da coca\u00edna boliviana<\/h3>\n<p style=\"text-align: justify;\"><a href=\"https:\/\/www.bing.com\/search?q=Buy%20Bolivia%20Cocaine%20Online&amp;qs=n&amp;form=QBRE&amp;sp=-1&amp;lq=0&amp;pq=buy%20bolivia%20cocaine%20online&amp;sc=0-26&amp;sk=&amp;cvid=C257DDF1FD2944CFBD7F95C69A143FEA&amp;ghsh=0&amp;ghacc=0&amp;ghpl=\">A coca\u00edna boliviana pode ter v\u00e1rios efeitos secund\u00e1rios<\/a> A coca\u00edna da Bol\u00edvia pode ter v\u00e1rios efeitos colaterais nas fun\u00e7\u00f5es e sistemas do corpo. Esses efeitos podem variar de leve a risco de vida e podem ocorrer a qualquer momento durante o uso ou ap\u00f3s a interrup\u00e7\u00e3o. Alguns dos efeitos colaterais mais comuns do uso da coca\u00edna boliviana incluem aumento da ansiedade, ataques de p\u00e2nico, batimentos card\u00edacos acelerados, paran\u00f3ia, alucina\u00e7\u00f5es, convuls\u00f5es, risco de derrame, n\u00edveis elevados de press\u00e3o arterial e depend\u00eancia. Embora todas essas sejam consequ\u00eancias graves que n\u00e3o devem ser consideradas levianamente, elas n\u00e3o s\u00e3o os \u00fanicos riscos associados ao uso desse medicamento. A coca\u00edna boliviana tamb\u00e9m tem potencial para causar depend\u00eancia e comprometimento cognitivo e f\u00edsico de longo prazo, se usada regularmente ao longo do tempo.<\/p>\n<h3 style=\"text-align: justify;\">Onde comprar coca\u00edna boliviana online?<\/h3>\n<p style=\"text-align: justify;\">Quando voc\u00ea escolhe\u00a0<a href=\"https:\/\/duckduckgo.com\/?q=Buy+Bolivia+Cocaine+Online&amp;t=h_&amp;ia=web\"><strong>compre coca\u00edna boliviana online<\/strong><\/a>, h\u00e1 muitas vantagens em escolher Narco Powders como sua fonte. Estamos empenhados em fornecer produtos de coca\u00edna de qualidade a um pre\u00e7o acess\u00edvel. Todos os produtos em nosso site s\u00e3o entregues com seguran\u00e7a - ningu\u00e9m pode roubar seus medicamentos enquanto eles est\u00e3o em tr\u00e2nsito. Al\u00e9m disso, h\u00e1 uma variedade de outros produtos de coca\u00edna de qualidade dispon\u00edveis, incluindo crack, coca\u00edna em p\u00f3, coca\u00edna mexicana e assim por diante.<\/p>","protected":false},"excerpt":{"rendered":"<p>Buy Bolivia Cocaine Online Cocaine is one of the most popular drugs in the world, and Bolivia is one of the largest producers of coca in the world. Are you looking for the best place to\u00a0buy Bolivian cocaine online? Look no further than Narco Powders! We offer the highest quality\u00a0Bolivian cocaine online\u00a0at the most competitive [&hellip;]<\/p>","protected":false},"featured_media":19142,"comment_status":"open","ping_status":"closed","template":"","meta":{"_joinchat":[]},"product_brand":[],"product_cat":[1179],"product_tag":[1202,1196,1204,1198,1197,1205,1208,1209,1207,1199,1210,1203,1211,1200,1206,1201],"class_list":{"0":"post-19100","1":"product","2":"type-product","3":"status-publish","4":"has-post-thumbnail","6":"product_cat-buy-cocaine-online","7":"product_tag-benefits-of-bolivia-cocaine","8":"product_tag-best-place-to-order-bolivia-cocaine","9":"product_tag-bolivia-cocaine-for-sale","10":"product_tag-bolivia-cocaine-price","11":"product_tag-bolivia-cocaine-wholesale","12":"product_tag-buy-bolivia-cocaine-legally","13":"product_tag-buy-bolivia-cocaine-online-australia","14":"product_tag-buy-bolivia-cocaine-online-near-me","15":"product_tag-buy-bolivia-cocaine-online-usa","16":"product_tag-cheap-bolivia-cocaine","17":"product_tag-how-can-i-get-the-best-bolivia-cocaine","18":"product_tag-how-to-order-bolivia-cocaine","19":"product_tag-legit-bolivia-cocaine-online","20":"product_tag-what-is-bolivia-cocaine","21":"product_tag-where-can-i-buy-bolivia-cocaine","22":"product_tag-where-to-buy-bolivia-cocaine","24":"first","25":"instock","26":"shipping-taxable","27":"purchasable","28":"product-type-variable","29":"add-to-wishlist-after_add_to_cart"},"yoast_head":"<!-- This site is optimized with the Yoast SEO plugin v25.9 - https:\/\/yoast.com\/wordpress\/plugins\/seo\/ -->\n<title>Buy Bolivia Cocaine Online - Bolivia Cocaine for Sale | NarcoPowders<\/title>\n<meta name=\"description\" content=\"You can buy bolivia cocaine online from the leading supplier. We offer pure bolivia cocaine for sale with the highest quality and at reasonable prices. Order now!\" \/>\n<meta name=\"robots\" content=\"index, follow, max-snippet:-1, max-image-preview:large, max-video-preview:-1\" \/>\n<link rel=\"canonical\" href=\"https:\/\/narcopowders.com\/pt\/produto\/bolivia-cocaina\/\" \/>\n<meta property=\"og:locale\" content=\"pt_PT\" \/>\n<meta property=\"og:type\" content=\"article\" \/>\n<meta property=\"og:title\" content=\"Buy Bolivia Cocaine Online - Bolivia Cocaine for Sale | NarcoPowders\" \/>\n<meta property=\"og:description\" content=\"You can buy bolivia cocaine online from the leading supplier. We offer pure bolivia cocaine for sale with the highest quality and at reasonable prices. Order now!\" \/>\n<meta property=\"og:url\" content=\"https:\/\/narcopowders.com\/pt\/produto\/bolivia-cocaina\/\" \/>\n<meta property=\"og:site_name\" content=\"Narco Powders\" \/>\n<meta property=\"article:modified_time\" content=\"2025-03-25T11:39:49+00:00\" \/>\n<meta property=\"og:image\" content=\"https:\/\/narcopowders.com\/wp-content\/uploads\/2023\/01\/bolivia-cocaine.jpg\" \/>\n\t<meta property=\"og:image:width\" content=\"600\" \/>\n\t<meta property=\"og:image:height\" content=\"600\" \/>\n\t<meta property=\"og:image:type\" content=\"image\/jpeg\" \/>\n<meta name=\"twitter:card\" content=\"summary_large_image\" \/>\n<meta name=\"twitter:label1\" content=\"Tempo estimado de leitura\" \/>\n\t<meta name=\"twitter:data1\" content=\"3 minutos\" \/>\n<!-- \/ Yoast SEO plugin. -->","yoast_head_json":{"title":"Comprar Coca\u00edna Boliviana Online - Venda Coca\u00edna Boliviana | NarcoP\u00f3","description":"Voc\u00ea pode comprar coca\u00edna bol\u00edvia online do fornecedor l\u00edder. Oferecemos coca\u00edna pura da Bol\u00edvia para venda com a mais alta qualidade e pre\u00e7os razo\u00e1veis. Pe\u00e7a agora!","robots":{"index":"index","follow":"follow","max-snippet":"max-snippet:-1","max-image-preview":"max-image-preview:large","max-video-preview":"max-video-preview:-1"},"canonical":"https:\/\/narcopowders.com\/pt\/produto\/bolivia-cocaina\/","og_locale":"pt_PT","og_type":"article","og_title":"Buy Bolivia Cocaine Online - Bolivia Cocaine for Sale | NarcoPowders","og_description":"You can buy bolivia cocaine online from the leading supplier. We offer pure bolivia cocaine for sale with the highest quality and at reasonable prices. Order now!","og_url":"https:\/\/narcopowders.com\/pt\/produto\/bolivia-cocaina\/","og_site_name":"Narco Powders","article_modified_time":"2025-03-25T11:39:49+00:00","og_image":[{"width":600,"height":600,"url":"https:\/\/narcopowders.com\/wp-content\/uploads\/2023\/01\/bolivia-cocaine.jpg","type":"image\/jpeg"}],"twitter_card":"summary_large_image","twitter_misc":{"Tempo estimado de leitura":"3 minutos"},"schema":{"@context":"https:\/\/schema.org","@graph":[{"@type":"WebPage","@id":"https:\/\/narcopowders.com\/product\/bolivia-cocaine\/","url":"https:\/\/narcopowders.com\/product\/bolivia-cocaine\/","name":"Comprar Coca\u00edna Boliviana Online - Venda Coca\u00edna Boliviana | NarcoP\u00f3","isPartOf":{"@id":"https:\/\/narcopowders.com\/#website"},"primaryImageOfPage":{"@id":"https:\/\/narcopowders.com\/product\/bolivia-cocaine\/#primaryimage"},"image":{"@id":"https:\/\/narcopowders.com\/product\/bolivia-cocaine\/#primaryimage"},"thumbnailUrl":"https:\/\/narcopowders.com\/wp-content\/uploads\/2023\/01\/bolivia-cocaine.jpg","datePublished":"2023-01-02T10:08:30+00:00","dateModified":"2025-03-25T11:39:49+00:00","description":"Voc\u00ea pode comprar coca\u00edna bol\u00edvia online do fornecedor l\u00edder. Oferecemos coca\u00edna pura da Bol\u00edvia para venda com a mais alta qualidade e pre\u00e7os razo\u00e1veis. Pe\u00e7a agora!","breadcrumb":{"@id":"https:\/\/narcopowders.com\/product\/bolivia-cocaine\/#breadcrumb"},"inLanguage":"pt-PT","potentialAction":[{"@type":"ReadAction","target":["https:\/\/narcopowders.com\/product\/bolivia-cocaine\/"]}]},{"@type":"ImageObject","inLanguage":"pt-PT","@id":"https:\/\/narcopowders.com\/product\/bolivia-cocaine\/#primaryimage","url":"https:\/\/narcopowders.com\/wp-content\/uploads\/2023\/01\/bolivia-cocaine.jpg","contentUrl":"https:\/\/narcopowders.com\/wp-content\/uploads\/2023\/01\/bolivia-cocaine.jpg","width":600,"height":600,"caption":"Buy Bolivia Cocaine Online"},{"@type":"BreadcrumbList","@id":"https:\/\/narcopowders.com\/product\/bolivia-cocaine\/#breadcrumb","itemListElement":[{"@type":"ListItem","position":1,"name":"Home","item":"https:\/\/narcopowders.com\/"},{"@type":"ListItem","position":2,"name":"Shop Page","item":"https:\/\/narcopowders.com\/shop\/"},{"@type":"ListItem","position":3,"name":"Bolivia Cocaine"}]},{"@type":"WebSite","@id":"https:\/\/narcopowders.com\/#website","url":"https:\/\/narcopowders.com\/","name":"P\u00f3s de narc\u00f3ticos","description":"O meu blogue WordPress","potentialAction":[{"@type":"SearchAction","target":{"@type":"EntryPoint","urlTemplate":"https:\/\/narcopowders.com\/?s={search_term_string}"},"query-input":{"@type":"PropertyValueSpecification","valueRequired":true,"valueName":"search_term_string"}}],"inLanguage":"pt-PT"}]}},"_links":{"self":[{"href":"https:\/\/narcopowders.com\/pt\/wp-json\/wp\/v2\/product\/19100","targetHints":{"allow":["GET"]}}],"collection":[{"href":"https:\/\/narcopowders.com\/pt\/wp-json\/wp\/v2\/product"}],"about":[{"href":"https:\/\/narcopowders.com\/pt\/wp-json\/wp\/v2\/types\/product"}],"replies":[{"embeddable":true,"href":"https:\/\/narcopowders.com\/pt\/wp-json\/wp\/v2\/comments?post=19100"}],"wp:featuredmedia":[{"embeddable":true,"href":"https:\/\/narcopowders.com\/pt\/wp-json\/wp\/v2\/media\/19142"}],"wp:attachment":[{"href":"https:\/\/narcopowders.com\/pt\/wp-json\/wp\/v2\/media?parent=19100"}],"wp:term":[{"taxonomy":"product_brand","embeddable":true,"href":"https:\/\/narcopowders.com\/pt\/wp-json\/wp\/v2\/product_brand?post=19100"},{"taxonomy":"product_cat","embeddable":true,"href":"https:\/\/narcopowders.com\/pt\/wp-json\/wp\/v2\/product_cat?post=19100"},{"taxonomy":"product_tag","embeddable":true,"href":"https:\/\/narcopowders.com\/pt\/wp-json\/wp\/v2\/product_tag?post=19100"}],"curies":[{"name":"wp","href":"https:\/\/api.w.org\/{rel}","templated":true}]}}