{"id":19144,"date":"2023-01-02T10:31:30","date_gmt":"2023-01-02T10:31:30","guid":{"rendered":"https:\/\/nembutalhouse.com\/narco\/?post_type=product&#038;p=19144"},"modified":"2025-03-25T12:01:17","modified_gmt":"2025-03-25T12:01:17","slug":"fishscale-cocaine","status":"publish","type":"product","link":"https:\/\/narcopowders.com\/pt\/produto\/escama-de-peixe-cocaina\/","title":{"rendered":"Compre coca\u00edna Fishscale on-line"},"content":{"rendered":"<h2 style=\"text-align: justify;\">Compre coca\u00edna Fishscale on-line<\/h2>\n<p style=\"text-align: justify;\"><a href=\"https:\/\/en.wikipedia.org\/wiki\/Cocaine\">Fishscale cocaine<\/a> A coca\u00edna Fishscale \u00e9 uma das formas mais puras de coca\u00edna no mercado hoje e est\u00e1 se tornando cada vez mais popular entre os usu\u00e1rios que procuram um produto de alta qualidade. A coca\u00edna escama de peixe tem um efeito mais forte do que as formas tradicionais de coca\u00edna e \u00e9 freq\u00fcentemente usada em combina\u00e7\u00e3o com outras drogas para aumentar sua pot\u00eancia. Se voc\u00ea est\u00e1 procurando\u00a0<a href=\"https:\/\/narcopowders.com\/pt\/produto\/escama-de-peixe-cocaina\/\"><strong>comprar coca\u00edna escama de peixe online<\/strong><\/a>\u00a0pelo melhor pre\u00e7o, n\u00e3o procure mais, Narco Powders. <a href=\"https:\/\/narcopowders.com\/pt\/\">Narco Powders.<\/a><\/p>\n<h3 style=\"text-align: justify;\">Como \u00e9 feita a coca\u00edna Fishscale?<\/h3>\n<p style=\"text-align: justify;\">Se voc\u00ea est\u00e1 procurando uma nova maneira de ficar chapado, tente\u00a0<a href=\"https:\/\/www.bing.com\/search?q=Buy%20Fishscale%20Cocaine%20Online&amp;qs=n&amp;form=QBRE&amp;sp=-1&amp;lq=0&amp;pq=buy%20fishscale%20cocaine%20online&amp;sc=0-28&amp;sk=&amp;cvid=8FE7DAB42F414985AD75C408BEAB99B0&amp;ghsh=0&amp;ghacc=0&amp;ghpl=\"><strong>coca\u00edna escama de peixe para venda<\/strong><\/a>. \u00c9 uma coca\u00edna de alta intensidade de cor branca perolada. \u00c9 denominado \u201ccoca\u00edna escama de peixe\u201d devido \u00e0 sua apar\u00eancia \u00fanica. A coca\u00edna escama de peixe \u00e9 fabricada combinando p\u00f3 de coca\u00edna pura com bicarbonato de s\u00f3dio ou anestesia local ativa para formar uma base, aquecendo essa base at\u00e9 que se liquefa\u00e7a antes de ser coada, despejada em moldes e deixada para esfriar. Depois de resfriados, esses moldes produzem uma subst\u00e2ncia semelhante a massa de vidraceiro que \u00e9 quebrada em se\u00e7\u00f5es de \u201cescama de peixe\u201d de tamanho igual do produto \u00e0 base de coca\u00edna. Essas se\u00e7\u00f5es podem ent\u00e3o ser divididas em p\u00f3 ou vendidas como est\u00e3o, criando um grande mercado para aqueles que procuram us\u00e1-lo para fins recreativos.<a href=\"https:\/\/www.bing.com\/search?q=Buy%20Fishscale%20Cocaine%20Online&amp;qs=n&amp;form=QBRE&amp;sp=-1&amp;lq=0&amp;pq=buy%20fishscale%20cocaine%20online&amp;sc=0-28&amp;sk=&amp;cvid=8FE7DAB42F414985AD75C408BEAB99B0&amp;ghsh=0&amp;ghacc=0&amp;ghpl=\">fishscale<\/a>\u201d sec\u00e7\u00f5es do produto \u00e0 base de coca\u00edna. Estas sec\u00e7\u00f5es podem depois ser desintegradas em p\u00f3 ou vendidas tal como est\u00e3o, criando um grande mercado para quem procura utiliz\u00e1-las para fins recreativos.<\/p>\n<p style=\"text-align: justify;\"><a href=\"https:\/\/www.google.de\/search?q=Buy+Fishscale+Cocaine+Online&amp;sca_esv=1a2a07081c7891bb&amp;rlz=1C1RXQR_enIN1098IN1098&amp;ei=mbPOZ-GmPLTq1e8PlZ_wwAw&amp;ved=0ahUKEwih14GgnP-LAxU0dfUHHZUPHMgQ4dUDCBA&amp;uact=5&amp;oq=Buy+Fishscale+Cocaine+Online&amp;gs_lp=Egxnd3Mtd2l6LXNlcnAiHEJ1eSBGaXNoc2NhbGUgQ29jYWluZSBPbmxpbmVIggdQ4AJY4AJwAngAkAEAmAHNAaABzQGqAQMyLTG4AQPIAQD4AQL4AQGYAgCgAgCYAwCIBgGSBwCgB9MB&amp;sclient=gws-wiz-serp\"><strong>coca\u00edna escama de peixe online<\/strong><\/a>\u00a0est\u00e1 dispon\u00edvel em Narco Powders, onde voc\u00ea pode compr\u00e1-lo a granel ou por grama.<\/p>\n<h3 style=\"text-align: justify;\">Benef\u00edcios e efeitos colaterais da coca\u00edna Fishscale<\/h3>\n<p style=\"text-align: justify;\">Se procura uma forma poderosa e viciante de coca\u00edna, <a href=\"https:\/\/www.google.de\/search?q=Buy+Fishscale+Cocaine+Online&amp;sca_esv=1a2a07081c7891bb&amp;rlz=1C1RXQR_enIN1098IN1098&amp;ei=mbPOZ-GmPLTq1e8PlZ_wwAw&amp;ved=0ahUKEwih14GgnP-LAxU0dfUHHZUPHMgQ4dUDCBA&amp;uact=5&amp;oq=Buy+Fishscale+Cocaine+Online&amp;gs_lp=Egxnd3Mtd2l6LXNlcnAiHEJ1eSBGaXNoc2NhbGUgQ29jYWluZSBPbmxpbmVIggdQ4AJY4AJwAngAkAEAmAHNAaABzQGqAQMyLTG4AQPIAQD4AQL4AQGYAgCgAgCYAwCIBgGSBwCgB9MB&amp;sclient=gws-wiz-serp\">fishscale cocaine<\/a> is the best choice. <a href=\"https:\/\/www.google.de\/search?q=Buy+Fishscale+Cocaine+Online&amp;sca_esv=1a2a07081c7891bb&amp;rlz=1C1RXQR_enIN1098IN1098&amp;ei=mbPOZ-GmPLTq1e8PlZ_wwAw&amp;ved=0ahUKEwih14GgnP-LAxU0dfUHHZUPHMgQ4dUDCBA&amp;uact=5&amp;oq=Buy+Fishscale+Cocaine+Online&amp;gs_lp=Egxnd3Mtd2l6LXNlcnAiHEJ1eSBGaXNoc2NhbGUgQ29jYWluZSBPbmxpbmVIggdQ4AJY4AJwAngAkAEAmAHNAaABzQGqAQMyLTG4AQPIAQD4AQL4AQGYAgCgAgCYAwCIBgGSBwCgB9MB&amp;sclient=gws-wiz-serp\">Fishscale cocaine<\/a> tem v\u00e1rios benef\u00edcios que a diferenciam de outros tipos de coca\u00edna, incluindo a sua capacidade de produzir altos e baixos intensos.<\/p>\n<p style=\"text-align: justify;\">A coca\u00edna Fishscale tamb\u00e9m est\u00e1 dispon\u00edvel em alta qualidade, ent\u00e3o voc\u00ea pode ter certeza de que est\u00e1 obtendo a melhor experi\u00eancia poss\u00edvel. Dura cerca de duas horas quando usado, por isso \u00e9 perfeito para tomar em rajadas curtas ou quando voc\u00ea n\u00e3o tem tempo para uma dose completa. N\u00e3o h\u00e1 problemas legais ou de sa\u00fade associados ao uso de coca\u00edna escama de peixe \u2013 \u00e9 apenas outro tipo de droga que as pessoas gostam de usar. <a href=\"https:\/\/duckduckgo.com\/?q=Buy+Fishscale+Cocaine+Online&amp;t=h_&amp;ia=web\">fishscale cocaine<\/a>\u2014\u00e9 apenas mais um tipo de droga que as pessoas gostam de consumir.<\/p>\n<p style=\"text-align: justify;\">A coca\u00edna escama de peixe \u00e9 uma forma poderosa de coca\u00edna que se tornou cada vez mais popular nos \u00faltimos anos. Embora possa fornecer uma euforia intensa, tamb\u00e9m pode vir com efeitos colaterais potencialmente perigosos. \u00c9 importante entender como a droga \u00e9 produzida, seus poss\u00edveis benef\u00edcios e riscos e onde compr\u00e1-la com seguran\u00e7a antes de usar a coca\u00edna escama de peixe. Em \u00faltima an\u00e1lise, cabe aos indiv\u00edduos tomar decis\u00f5es informadas sobre sua pr\u00f3pria sa\u00fade e bem-estar quando optam por <a href=\"https:\/\/duckduckgo.com\/?q=Buy+Fishscale+Cocaine+Online&amp;t=h_&amp;ia=web\"><strong>encomendar coca\u00edna escama de peixe online<\/strong><\/a>\u00a0a granel ou em pequenas quantidades.<\/p>\n<h3 style=\"text-align: justify;\">Onde comprar coca\u00edna Fishscale online?<\/h3>\n<p style=\"text-align: justify;\">Manter as drogas com seguran\u00e7a \u00e9 o nosso principal objetivo na Narco Powders, e \u00e9 por isso que s\u00f3 fornecemos coca\u00edna escama de peixe de fornecedores confi\u00e1veis. Toda a nossa coca\u00edna escama de peixe passa por um rigoroso controle de qualidade e procedimentos de teste para garantir que voc\u00ea receba um produto de alta qualidade. Sempre embalamos e despachamos nossos\u00a0<strong>coca\u00edna escama de peixe para venda online\u00a0<\/strong>discretamente e tomar todas as medidas para garantir uma entrega segura. Fa\u00e7a seu pedido para\u00a0<strong>coca\u00edna escama de peixe por atacado\u00a0<\/strong>hoje!<\/p>","protected":false},"excerpt":{"rendered":"<p>Buy Fishscale Cocaine Online Fishscale cocaine is one of the purest forms of cocaine on the market today and is becoming increasingly popular with users looking for a high-quality product. Fishscale cocaine has a stronger effect than traditional forms of cocaine and is often used in combination with other drugs to increase its potency. If [&hellip;]<\/p>","protected":false},"featured_media":19196,"comment_status":"open","ping_status":"closed","template":"","meta":{"_joinchat":[]},"product_brand":[],"product_cat":[1179],"product_tag":[1266,1260,1269,1272,1273,1271,1263,1348,1268,1262,1261,1274,1267,1275,1264,1270,1265],"class_list":{"0":"post-19144","1":"product","2":"type-product","3":"status-publish","4":"has-post-thumbnail","6":"product_cat-buy-cocaine-online","7":"product_tag-benefits-of-fishscale-cocaine","8":"product_tag-best-place-to-order-fishscale-cocaine","9":"product_tag-buy-fishscale-cocaine-legally","10":"product_tag-buy-fishscale-cocaine-online-australia","11":"product_tag-buy-fishscale-cocaine-online-near-me","12":"product_tag-buy-fishscale-cocaine-online-usa","13":"product_tag-cheap-fishscale-cocaine","14":"product_tag-cocaine-fish-scale","15":"product_tag-fishscale-cocaine-for-sale","16":"product_tag-fishscale-cocaine-price","17":"product_tag-fishscale-cocaine-wholesale","18":"product_tag-how-can-i-get-the-best-fishscale-cocaine","19":"product_tag-how-to-order-fishscale-cocaine","20":"product_tag-legit-fishscale-cocaine-online","21":"product_tag-what-is-fishscale-cocaine","22":"product_tag-where-can-i-buy-fishscale-cocaine","23":"product_tag-where-to-buy-fishscale-cocaine","25":"first","26":"instock","27":"shipping-taxable","28":"purchasable","29":"product-type-variable","30":"add-to-wishlist-after_add_to_cart"},"yoast_head":"<!-- This site is optimized with the Yoast SEO plugin v25.9 - https:\/\/yoast.com\/wordpress\/plugins\/seo\/ -->\n<title>Fishscale Cocaine for Sale - Buy Fish scale Cocaine Online<\/title>\n<meta name=\"description\" content=\"Looking for high purity fishscale cocaine for sale in bulk quantity? At here, you can buy fishscale cocaine online, order fishscale cocaine online.\" \/>\n<meta name=\"robots\" content=\"index, follow, max-snippet:-1, max-image-preview:large, max-video-preview:-1\" \/>\n<link rel=\"canonical\" href=\"https:\/\/narcopowders.com\/pt\/produto\/escama-de-peixe-cocaina\/\" \/>\n<meta property=\"og:locale\" content=\"pt_PT\" \/>\n<meta property=\"og:type\" content=\"article\" \/>\n<meta property=\"og:title\" content=\"Fishscale Cocaine for Sale - Buy Fish scale Cocaine Online\" \/>\n<meta property=\"og:description\" content=\"Looking for high purity fishscale cocaine for sale in bulk quantity? At here, you can buy fishscale cocaine online, order fishscale cocaine online.\" \/>\n<meta property=\"og:url\" content=\"https:\/\/narcopowders.com\/pt\/produto\/escama-de-peixe-cocaina\/\" \/>\n<meta property=\"og:site_name\" content=\"Narco Powders\" \/>\n<meta property=\"article:modified_time\" content=\"2025-03-25T12:01:17+00:00\" \/>\n<meta property=\"og:image\" content=\"https:\/\/narcopowders.com\/wp-content\/uploads\/2023\/01\/fishscale-cocaine.jpg\" \/>\n\t<meta property=\"og:image:width\" content=\"600\" \/>\n\t<meta property=\"og:image:height\" content=\"600\" \/>\n\t<meta property=\"og:image:type\" content=\"image\/jpeg\" \/>\n<meta name=\"twitter:card\" content=\"summary_large_image\" \/>\n<meta name=\"twitter:label1\" content=\"Tempo estimado de leitura\" \/>\n\t<meta name=\"twitter:data1\" content=\"3 minutos\" \/>\n<!-- \/ Yoast SEO plugin. -->","yoast_head_json":{"title":"Coca\u00edna em escama de peixe para venda - Compre coca\u00edna em escama de peixe online","description":"Procurando por coca\u00edna escama de peixe de alta pureza para venda em grande quantidade? Aqui, voc\u00ea pode comprar coca\u00edna em escamas de peixe online, encomendar coca\u00edna em escamas de peixe online.","robots":{"index":"index","follow":"follow","max-snippet":"max-snippet:-1","max-image-preview":"max-image-preview:large","max-video-preview":"max-video-preview:-1"},"canonical":"https:\/\/narcopowders.com\/pt\/produto\/escama-de-peixe-cocaina\/","og_locale":"pt_PT","og_type":"article","og_title":"Fishscale Cocaine for Sale - Buy Fish scale Cocaine Online","og_description":"Looking for high purity fishscale cocaine for sale in bulk quantity? At here, you can buy fishscale cocaine online, order fishscale cocaine online.","og_url":"https:\/\/narcopowders.com\/pt\/produto\/escama-de-peixe-cocaina\/","og_site_name":"Narco Powders","article_modified_time":"2025-03-25T12:01:17+00:00","og_image":[{"width":600,"height":600,"url":"https:\/\/narcopowders.com\/wp-content\/uploads\/2023\/01\/fishscale-cocaine.jpg","type":"image\/jpeg"}],"twitter_card":"summary_large_image","twitter_misc":{"Tempo estimado de leitura":"3 minutos"},"schema":{"@context":"https:\/\/schema.org","@graph":[{"@type":"WebPage","@id":"https:\/\/narcopowders.com\/product\/fishscale-cocaine\/","url":"https:\/\/narcopowders.com\/product\/fishscale-cocaine\/","name":"Coca\u00edna em escama de peixe para venda - Compre coca\u00edna em escama de peixe online","isPartOf":{"@id":"https:\/\/narcopowders.com\/#website"},"primaryImageOfPage":{"@id":"https:\/\/narcopowders.com\/product\/fishscale-cocaine\/#primaryimage"},"image":{"@id":"https:\/\/narcopowders.com\/product\/fishscale-cocaine\/#primaryimage"},"thumbnailUrl":"https:\/\/narcopowders.com\/wp-content\/uploads\/2023\/01\/fishscale-cocaine.jpg","datePublished":"2023-01-02T10:31:30+00:00","dateModified":"2025-03-25T12:01:17+00:00","description":"Procurando por coca\u00edna escama de peixe de alta pureza para venda em grande quantidade? Aqui, voc\u00ea pode comprar coca\u00edna em escamas de peixe online, encomendar coca\u00edna em escamas de peixe online.","breadcrumb":{"@id":"https:\/\/narcopowders.com\/product\/fishscale-cocaine\/#breadcrumb"},"inLanguage":"pt-PT","potentialAction":[{"@type":"ReadAction","target":["https:\/\/narcopowders.com\/product\/fishscale-cocaine\/"]}]},{"@type":"ImageObject","inLanguage":"pt-PT","@id":"https:\/\/narcopowders.com\/product\/fishscale-cocaine\/#primaryimage","url":"https:\/\/narcopowders.com\/wp-content\/uploads\/2023\/01\/fishscale-cocaine.jpg","contentUrl":"https:\/\/narcopowders.com\/wp-content\/uploads\/2023\/01\/fishscale-cocaine.jpg","width":600,"height":600,"caption":"Fishscale Cocaine for Sale"},{"@type":"BreadcrumbList","@id":"https:\/\/narcopowders.com\/product\/fishscale-cocaine\/#breadcrumb","itemListElement":[{"@type":"ListItem","position":1,"name":"Home","item":"https:\/\/narcopowders.com\/"},{"@type":"ListItem","position":2,"name":"Shop Page","item":"https:\/\/narcopowders.com\/shop\/"},{"@type":"ListItem","position":3,"name":"Buy Fishscale Cocaine Online"}]},{"@type":"WebSite","@id":"https:\/\/narcopowders.com\/#website","url":"https:\/\/narcopowders.com\/","name":"P\u00f3s de narc\u00f3ticos","description":"O meu blogue WordPress","potentialAction":[{"@type":"SearchAction","target":{"@type":"EntryPoint","urlTemplate":"https:\/\/narcopowders.com\/?s={search_term_string}"},"query-input":{"@type":"PropertyValueSpecification","valueRequired":true,"valueName":"search_term_string"}}],"inLanguage":"pt-PT"}]}},"_links":{"self":[{"href":"https:\/\/narcopowders.com\/pt\/wp-json\/wp\/v2\/product\/19144","targetHints":{"allow":["GET"]}}],"collection":[{"href":"https:\/\/narcopowders.com\/pt\/wp-json\/wp\/v2\/product"}],"about":[{"href":"https:\/\/narcopowders.com\/pt\/wp-json\/wp\/v2\/types\/product"}],"replies":[{"embeddable":true,"href":"https:\/\/narcopowders.com\/pt\/wp-json\/wp\/v2\/comments?post=19144"}],"wp:featuredmedia":[{"embeddable":true,"href":"https:\/\/narcopowders.com\/pt\/wp-json\/wp\/v2\/media\/19196"}],"wp:attachment":[{"href":"https:\/\/narcopowders.com\/pt\/wp-json\/wp\/v2\/media?parent=19144"}],"wp:term":[{"taxonomy":"product_brand","embeddable":true,"href":"https:\/\/narcopowders.com\/pt\/wp-json\/wp\/v2\/product_brand?post=19144"},{"taxonomy":"product_cat","embeddable":true,"href":"https:\/\/narcopowders.com\/pt\/wp-json\/wp\/v2\/product_cat?post=19144"},{"taxonomy":"product_tag","embeddable":true,"href":"https:\/\/narcopowders.com\/pt\/wp-json\/wp\/v2\/product_tag?post=19144"}],"curies":[{"name":"wp","href":"https:\/\/api.w.org\/{rel}","templated":true}]}}