{"id":19217,"date":"2023-01-03T09:19:42","date_gmt":"2023-01-03T09:19:42","guid":{"rendered":"https:\/\/narcopowders.com\/?post_type=product&#038;p=19217"},"modified":"2025-03-25T12:27:06","modified_gmt":"2025-03-25T12:27:06","slug":"afghan-heroin","status":"publish","type":"product","link":"https:\/\/narcopowders.com\/pt\/produto\/heroina-afega\/","title":{"rendered":"hero\u00edna afeg\u00e3"},"content":{"rendered":"<h2 style=\"text-align: justify;\">Compre hero\u00edna afeg\u00e3 online<\/h2>\n<p style=\"text-align: justify;\">Harvesting <a href=\"https:\/\/en.wikipedia.org\/wiki\/Heroin\">Afghan heroin<\/a> A colheita de hero\u00edna afeg\u00e3 dos campos de papoula \u00e9 ilegal em muitos pa\u00edses, mas isso n\u00e3o impede que as pessoas obtenham essa droga. Na verdade, a hero\u00edna afeg\u00e3 est\u00e1 entre os tipos de hero\u00edna mais populares do mercado, em parte gra\u00e7as aos seus intensos efeitos euf\u00f3ricos. Se voc\u00ea est\u00e1 procurando o melhor <a href=\"https:\/\/narcopowders.com\/pt\/produto\/heroina-afega\/\"><strong>Hero\u00edna afeg\u00e3 \u00e0 venda online<\/strong><\/a>, then look no further than <a href=\"https:\/\/narcopowders.com\/pt\/\">P\u00f3s de narc\u00f3ticos<\/a>.<\/p>\n<h3 style=\"text-align: justify;\">Como \u00e9 feita a hero\u00edna afeg\u00e3?<\/h3>\n<p style=\"text-align: justify;\">A hero\u00edna afeg\u00e3 \u00e9 um tipo de opi\u00f3ide feito de \u00f3pio. O \u00f3pio prov\u00e9m da planta da papoila e \u00e9 uma <a href=\"https:\/\/www.google.com\/search?q=Buy+Afghan+Heroin+Online&amp;sca_esv=7d1b82273738a5db&amp;sxsrf=AHTn8zoNL9SAp7Ses5ieQ5J3StmSQ-ZOZA%3A1742904303459&amp;ei=75viZ4PlG4iZseMPpM2fyAk&amp;ved=0ahUKEwjDmIq_mKWMAxWITGwGHaTmB5kQ4dUDCA8&amp;uact=5&amp;oq=Buy+Afghan+Heroin+Online&amp;gs_lp=Egxnd3Mtd2l6LXNlcnAiGEJ1eSBBZmdoYW4gSGVyb2luIE9ubGluZUiRCFCqAViqAXABeACQAQCYAd0BoAHdAaoBAzItMbgBA8gBAPgBAfgBApgCAaACJ6gCEcICBxAjGCcY6gLCAhQQABiABBiRAhi0AhiKBRjqAtgBAcICFBAAGIAEGOMEGLQCGOkEGOoC2AEBwgIQEAAYAxi0AhjqAhiPAdgBAcICEBAuGAMYtAIY6gIYjwHYAQGYAyfxBXk66vEMk5S9ugYGCAEQARgBkgcBMaAHVLIHALgHAA&amp;sclient=gws-wiz-serp\">natural source of morphine and codeine<\/a>A hero\u00edna afeg\u00e3 \u00e9 um tipo de opioide feito de \u00f3pio. O \u00f3pio vem da planta da papoula e \u00e9 uma fonte natural de morfina e code\u00edna. O processo de transformar o \u00f3pio em hero\u00edna afeg\u00e3 envolve v\u00e1rias etapas, incluindo a fervura do \u00f3pio at\u00e9 que se transforme em um alcatr\u00e3o preto pegajoso e, em seguida, a filtragem em um pano de algod\u00e3o para remover as impurezas. Este alcatr\u00e3o preto \u00e9 ent\u00e3o seco e triturado em p\u00f3 antes de ser transformado em tijolos ou comprimidos.<\/p>\n<p style=\"text-align: justify;\">Existem v\u00e1rias formas diferentes de hero\u00edna afeg\u00e3, cada uma com as suas pr\u00f3prias qualidades e utiliza\u00e7\u00f5es \u00fanicas. <a href=\"https:\/\/duckduckgo.com\/?q=Buy+Afghan+Heroin+Online&amp;t=h_&amp;ia=web\">Hero\u00edna branca (tamb\u00e9m conhecida como \u201c\u00f3pio em bruto\u201d)<\/a> Existem v\u00e1rias formas diferentes de hero\u00edna afeg\u00e3, cada uma com suas pr\u00f3prias qualidades e usos. A hero\u00edna branca (tamb\u00e9m conhecida como \u201c\u00f3pio bruto\u201d) \u00e9 o tipo mais comum e geralmente tem uma qualidade inferior a outros tipos de hero\u00edna afeg\u00e3. A hero\u00edna marrom (feita de alcatr\u00e3o preto parcialmente seco) tem efeitos mais fortes e \u00e9 mais popular entre os usu\u00e1rios por causa de sua pot\u00eancia. A hero\u00edna marrom escura (feita de alcatr\u00e3o preto totalmente seco) tem os efeitos mais fortes de todos, mas tamb\u00e9m tem o maior potencial de abuso porque \u00e9 mais dif\u00edcil controlar os n\u00edveis de dosagem.<\/p>\n<h3 style=\"text-align: justify;\">Benef\u00edcios da hero\u00edna afeg\u00e3<\/h3>\n<p style=\"text-align: justify;\">Se voc\u00ea est\u00e1 procurando uma alta poderosa e euf\u00f3rica,\u00a0<a href=\"https:\/\/www.google.com\/search?q=Buy+Afghan+Heroin+Online&amp;sca_esv=7d1b82273738a5db&amp;sxsrf=AHTn8zoNL9SAp7Ses5ieQ5J3StmSQ-ZOZA%3A1742904303459&amp;ei=75viZ4PlG4iZseMPpM2fyAk&amp;ved=0ahUKEwjDmIq_mKWMAxWITGwGHaTmB5kQ4dUDCA8&amp;uact=5&amp;oq=Buy+Afghan+Heroin+Online&amp;gs_lp=Egxnd3Mtd2l6LXNlcnAiGEJ1eSBBZmdoYW4gSGVyb2luIE9ubGluZUiRCFCqAViqAXABeACQAQCYAd0BoAHdAaoBAzItMbgBA8gBAPgBAfgBApgCAaACJ6gCEcICBxAjGCcY6gLCAhQQABiABBiRAhi0AhiKBRjqAtgBAcICFBAAGIAEGOMEGLQCGOkEGOoC2AEBwgIQEAAYAxi0AhjqAhiPAdgBAcICEBAuGAMYtAIY6gIYjwHYAQGYAyfxBXk66vEMk5S9ugYGCAEQARgBkgcBMaAHVLIHALgHAA&amp;sclient=gws-wiz-serp\"><strong>hero\u00edna afeg\u00e3 online<\/strong><\/a>\u00a0\u00e9 a sua melhor aposta. Este tipo de hero\u00edna est\u00e1 entre as variedades mais puras e potentes dispon\u00edveis, e \u00e9 frequentemente procurada por seus efeitos intensos. Como resultado, a hero\u00edna afeg\u00e3 \u00e9 usada para tratar a dor cr\u00f4nica e o v\u00edcio em opioides \u2013 condi\u00e7\u00f5es muito comuns na sociedade atual.<\/p>\n<h3 style=\"text-align: justify;\">Efeitos colaterais da hero\u00edna afeg\u00e3<\/h3>\n<p style=\"text-align: justify;\"><a href=\"https:\/\/www.bing.com\/search?q=Buy%20Afghan%20Heroin%20Online&amp;qs=n&amp;form=QBRE&amp;sp=-1&amp;lq=0&amp;pq=buy%20afghan%20heroin%20online&amp;sc=0-24&amp;sk=&amp;cvid=6B58336F96224C11B4CFC291185C5A1E&amp;ghsh=0&amp;ghacc=0&amp;ghpl=\">Afghan heroin is a type of opioid<\/a> A hero\u00edna afeg\u00e3 \u00e9 um tipo de opioide derivado da papoula do \u00f3pio, por isso tamb\u00e9m apresenta alguns efeitos colaterais. Os efeitos colaterais de curto prazo associados ao uso de hero\u00edna afeg\u00e3 podem incluir aumento da frequ\u00eancia card\u00edaca, aumento da press\u00e3o arterial e sensa\u00e7\u00e3o de euforia (o barato que vem do uso de hero\u00edna). Problemas de sa\u00fade de longo prazo relacionados ao uso de hero\u00edna afeg\u00e3 podem incluir depend\u00eancia, infec\u00e7\u00e3o cr\u00f4nica por hepatite C (uma doen\u00e7a hep\u00e1tica potencialmente mortal), problemas de sa\u00fade mental, como ansiedade e depress\u00e3o, e morte por overdose.<\/p>\n<h3 style=\"text-align: justify;\">Onde comprar hero\u00edna afeg\u00e3 online?<\/h3>\n<p style=\"text-align: justify;\">voc\u00ea est\u00e1 olhando para\u00a0<a href=\"https:\/\/duckduckgo.com\/?q=Buy+Afghan+Heroin+Online&amp;t=h_&amp;ia=web\"><strong>encomendar hero\u00edna afeg\u00e3 online<\/strong><\/a> que \u00e9 seguro, protegido e discreto? Compre na Narco Powders. Temos anos de experi\u00eancia no setor e oferecemos uma ampla gama de produtos de qualidade. Voc\u00ea pode escolher entre uma variedade de produtos puros, org\u00e2nicos e testados em laborat\u00f3rio para encontrar a dosagem certa para voc\u00ea. Existem muitas op\u00e7\u00f5es de pagamento convenientes dispon\u00edveis, como cart\u00f5es de cr\u00e9dito, PayPal e Western Union, que tornam a compra\u00a0<a href=\"https:\/\/www.bing.com\/search?q=Buy%20Afghan%20Heroin%20Online&amp;qs=n&amp;form=QBRE&amp;sp=-1&amp;lq=0&amp;pq=buy%20afghan%20heroin%20online&amp;sc=0-24&amp;sk=&amp;cvid=6B58336F96224C11B4CFC291185C5A1E&amp;ghsh=0&amp;ghacc=0&amp;ghpl=\"><strong>hero\u00edna afeg\u00e3 por atacado online<\/strong><\/a>\u00a0f\u00e1cil e conveniente para todos. Ent\u00e3o, fa\u00e7a seu pedido da melhor hero\u00edna afeg\u00e3 hoje!<\/p>","protected":false},"excerpt":{"rendered":"<p>Buy Afghan Heroin Online Harvesting Afghan heroin from poppy fields is illegal in many countries, but this doesn&#8217;t stop people from getting this drug. In fact, Afghani heroin is among the most popular types of heroin on the market, thanks in part to its intense euphoric effects. If you are looking for the best Afghan [&hellip;]<\/p>","protected":false},"featured_media":19243,"comment_status":"open","ping_status":"closed","template":"","meta":{"_joinchat":[]},"product_brand":[],"product_cat":[1168],"product_tag":[],"class_list":{"0":"post-19217","1":"product","2":"type-product","3":"status-publish","4":"has-post-thumbnail","6":"product_cat-buy-heroin-online","8":"first","9":"instock","10":"shipping-taxable","11":"purchasable","12":"product-type-variable","13":"has-default-attributes","14":"add-to-wishlist-after_add_to_cart"},"yoast_head":"<!-- This site is optimized with the Yoast SEO plugin v25.9 - https:\/\/yoast.com\/wordpress\/plugins\/seo\/ -->\n<title>Buy Afghan Heroin Online - Afghan Heroin for Sale | NarcoPowders<\/title>\n<meta name=\"description\" content=\"Looking to buy afghan heroin online? Order afghan heroin powder for sale at an affordable prices. Get the highest-purity powder for you.\" \/>\n<meta name=\"robots\" content=\"index, follow, max-snippet:-1, max-image-preview:large, max-video-preview:-1\" \/>\n<link rel=\"canonical\" href=\"https:\/\/narcopowders.com\/pt\/produto\/heroina-afega\/\" \/>\n<meta property=\"og:locale\" content=\"pt_PT\" \/>\n<meta property=\"og:type\" content=\"article\" \/>\n<meta property=\"og:title\" content=\"Buy Afghan Heroin Online - Afghan Heroin for Sale | NarcoPowders\" \/>\n<meta property=\"og:description\" content=\"Looking to buy afghan heroin online? Order afghan heroin powder for sale at an affordable prices. Get the highest-purity powder for you.\" \/>\n<meta property=\"og:url\" content=\"https:\/\/narcopowders.com\/pt\/produto\/heroina-afega\/\" \/>\n<meta property=\"og:site_name\" content=\"Narco Powders\" \/>\n<meta property=\"article:modified_time\" content=\"2025-03-25T12:27:06+00:00\" \/>\n<meta property=\"og:image\" content=\"https:\/\/narcopowders.com\/wp-content\/uploads\/2023\/01\/afghan-heroin.jpg\" \/>\n\t<meta property=\"og:image:width\" content=\"600\" \/>\n\t<meta property=\"og:image:height\" content=\"600\" \/>\n\t<meta property=\"og:image:type\" content=\"image\/jpeg\" \/>\n<meta name=\"twitter:card\" content=\"summary_large_image\" \/>\n<meta name=\"twitter:label1\" content=\"Tempo estimado de leitura\" \/>\n\t<meta name=\"twitter:data1\" content=\"3 minutos\" \/>\n<!-- \/ Yoast SEO plugin. -->","yoast_head_json":{"title":"Comprar hero\u00edna afeg\u00e3 online - venda de hero\u00edna afeg\u00e3 | NarcoP\u00f3","description":"Quer comprar hero\u00edna afeg\u00e3 online? Encomende o p\u00f3 de hero\u00edna afeg\u00e3 para venda a pre\u00e7os acess\u00edveis. Obtenha o p\u00f3 de maior pureza para voc\u00ea.","robots":{"index":"index","follow":"follow","max-snippet":"max-snippet:-1","max-image-preview":"max-image-preview:large","max-video-preview":"max-video-preview:-1"},"canonical":"https:\/\/narcopowders.com\/pt\/produto\/heroina-afega\/","og_locale":"pt_PT","og_type":"article","og_title":"Buy Afghan Heroin Online - Afghan Heroin for Sale | NarcoPowders","og_description":"Looking to buy afghan heroin online? Order afghan heroin powder for sale at an affordable prices. Get the highest-purity powder for you.","og_url":"https:\/\/narcopowders.com\/pt\/produto\/heroina-afega\/","og_site_name":"Narco Powders","article_modified_time":"2025-03-25T12:27:06+00:00","og_image":[{"width":600,"height":600,"url":"https:\/\/narcopowders.com\/wp-content\/uploads\/2023\/01\/afghan-heroin.jpg","type":"image\/jpeg"}],"twitter_card":"summary_large_image","twitter_misc":{"Tempo estimado de leitura":"3 minutos"},"schema":{"@context":"https:\/\/schema.org","@graph":[{"@type":"WebPage","@id":"https:\/\/narcopowders.com\/product\/afghan-heroin\/","url":"https:\/\/narcopowders.com\/product\/afghan-heroin\/","name":"Comprar hero\u00edna afeg\u00e3 online - venda de hero\u00edna afeg\u00e3 | NarcoP\u00f3","isPartOf":{"@id":"https:\/\/narcopowders.com\/#website"},"primaryImageOfPage":{"@id":"https:\/\/narcopowders.com\/product\/afghan-heroin\/#primaryimage"},"image":{"@id":"https:\/\/narcopowders.com\/product\/afghan-heroin\/#primaryimage"},"thumbnailUrl":"https:\/\/narcopowders.com\/wp-content\/uploads\/2023\/01\/afghan-heroin.jpg","datePublished":"2023-01-03T09:19:42+00:00","dateModified":"2025-03-25T12:27:06+00:00","description":"Quer comprar hero\u00edna afeg\u00e3 online? Encomende o p\u00f3 de hero\u00edna afeg\u00e3 para venda a pre\u00e7os acess\u00edveis. Obtenha o p\u00f3 de maior pureza para voc\u00ea.","breadcrumb":{"@id":"https:\/\/narcopowders.com\/product\/afghan-heroin\/#breadcrumb"},"inLanguage":"pt-PT","potentialAction":[{"@type":"ReadAction","target":["https:\/\/narcopowders.com\/product\/afghan-heroin\/"]}]},{"@type":"ImageObject","inLanguage":"pt-PT","@id":"https:\/\/narcopowders.com\/product\/afghan-heroin\/#primaryimage","url":"https:\/\/narcopowders.com\/wp-content\/uploads\/2023\/01\/afghan-heroin.jpg","contentUrl":"https:\/\/narcopowders.com\/wp-content\/uploads\/2023\/01\/afghan-heroin.jpg","width":600,"height":600,"caption":"Buy Afghan Heroin Online"},{"@type":"BreadcrumbList","@id":"https:\/\/narcopowders.com\/product\/afghan-heroin\/#breadcrumb","itemListElement":[{"@type":"ListItem","position":1,"name":"Home","item":"https:\/\/narcopowders.com\/"},{"@type":"ListItem","position":2,"name":"Shop Page","item":"https:\/\/narcopowders.com\/shop\/"},{"@type":"ListItem","position":3,"name":"Afghan Heroin"}]},{"@type":"WebSite","@id":"https:\/\/narcopowders.com\/#website","url":"https:\/\/narcopowders.com\/","name":"P\u00f3s de narc\u00f3ticos","description":"O meu blogue WordPress","potentialAction":[{"@type":"SearchAction","target":{"@type":"EntryPoint","urlTemplate":"https:\/\/narcopowders.com\/?s={search_term_string}"},"query-input":{"@type":"PropertyValueSpecification","valueRequired":true,"valueName":"search_term_string"}}],"inLanguage":"pt-PT"}]}},"_links":{"self":[{"href":"https:\/\/narcopowders.com\/pt\/wp-json\/wp\/v2\/product\/19217","targetHints":{"allow":["GET"]}}],"collection":[{"href":"https:\/\/narcopowders.com\/pt\/wp-json\/wp\/v2\/product"}],"about":[{"href":"https:\/\/narcopowders.com\/pt\/wp-json\/wp\/v2\/types\/product"}],"replies":[{"embeddable":true,"href":"https:\/\/narcopowders.com\/pt\/wp-json\/wp\/v2\/comments?post=19217"}],"wp:featuredmedia":[{"embeddable":true,"href":"https:\/\/narcopowders.com\/pt\/wp-json\/wp\/v2\/media\/19243"}],"wp:attachment":[{"href":"https:\/\/narcopowders.com\/pt\/wp-json\/wp\/v2\/media?parent=19217"}],"wp:term":[{"taxonomy":"product_brand","embeddable":true,"href":"https:\/\/narcopowders.com\/pt\/wp-json\/wp\/v2\/product_brand?post=19217"},{"taxonomy":"product_cat","embeddable":true,"href":"https:\/\/narcopowders.com\/pt\/wp-json\/wp\/v2\/product_cat?post=19217"},{"taxonomy":"product_tag","embeddable":true,"href":"https:\/\/narcopowders.com\/pt\/wp-json\/wp\/v2\/product_tag?post=19217"}],"curies":[{"name":"wp","href":"https:\/\/api.w.org\/{rel}","templated":true}]}}