{"id":19218,"date":"2023-01-03T09:19:24","date_gmt":"2023-01-03T09:19:24","guid":{"rendered":"https:\/\/narcopowders.com\/?post_type=product&#038;p=19218"},"modified":"2025-03-25T12:33:41","modified_gmt":"2025-03-25T12:33:41","slug":"china-white-heroin","status":"publish","type":"product","link":"https:\/\/narcopowders.com\/pt\/produto\/heroina-branca-chinesa\/","title":{"rendered":"Compre hero\u00edna branca chinesa online"},"content":{"rendered":"<h2 style=\"text-align: justify;\">Compre hero\u00edna branca chinesa online<\/h2>\n<p style=\"text-align: justify;\">A epidemia de opi\u00e1ceos est\u00e1 a causar estragos em Portugal e no mundo. Em resposta, muitas pessoas est\u00e3o procurando maneiras de obter acesso a hero\u00edna pura e poderosa que n\u00e3o envolva lidar com traficantes de rua incompletos. Felizmente, existe uma \u00f3tima op\u00e7\u00e3o dispon\u00edvel na forma de hero\u00edna branca da China. Ent\u00e3o, se voc\u00ea tamb\u00e9m est\u00e1 planejando <a href=\"https:\/\/en.wikipedia.org\/wiki\/Heroin\">China white heroin<\/a>Se voc\u00ea est\u00e1 planejando\u00a0<a href=\"https:\/\/narcopowders.com\/pt\/produto\/heroina-branca-chinesa\/\"><strong>compre hero\u00edna branca chinesa online<\/strong><\/a>, fa\u00e7a-o direito <a href=\"https:\/\/narcopowders.com\/pt\/\">P\u00f3s de narc\u00f3ticos<\/a>.<\/p>\n<h3 style=\"text-align: justify;\">Como \u00e9 feita a hero\u00edna branca da China?<\/h3>\n<p style=\"text-align: justify;\"><a href=\"https:\/\/www.bing.com\/search?q=Buy%20China%20White%20Heroin%20Online&amp;qs=n&amp;form=QBRE&amp;sp=-1&amp;lq=0&amp;pq=buy%20china%20white%20heroin%20online&amp;sc=0-29&amp;sk=&amp;cvid=28E8386036E745749A9FBCADDC566C1F&amp;ghsh=0&amp;ghacc=0&amp;ghpl=\">China white heroin<\/a> A hero\u00edna branca da China \u00e9 tipicamente menos potente do que outros tipos de hero\u00edna e pode ser vendida a um pre\u00e7o mais baixo. O processo de produ\u00e7\u00e3o da hero\u00edna branca chinesa \u00e9 complexo e envolve v\u00e1rias etapas diferentes. <a href=\"https:\/\/www.google.com\/search?q=Buy+China+White+Heroin+Online&amp;num=10&amp;sca_esv=1a2a07081c7891bb&amp;rlz=1C1RXQR_enIN1098IN1098&amp;sxsrf=AHTn8zrgE7FrmNwSGqFsR_aJD8gWxreCYA%3A1741685668457&amp;ei=pAPQZ9fQG9WZvr0PmoCWiAk&amp;ved=0ahUKEwjXstDc3IGMAxXVjK8BHRqABZEQ4dUDCBA&amp;uact=5&amp;oq=Buy+China+White+Heroin+Online&amp;gs_lp=Egxnd3Mtd2l6LXNlcnAiHUJ1eSBDaGluYSBXaGl0ZSBIZXJvaW4gT25saW5lSIYIUNUDWNUDcAN4AJABAJgBtAGgAbQBqgEDMC4xuAEDyAEA-AEC-AEBmAIAoAIAmAMAiAYBkgcAoAdR&amp;sclient=gws-wiz-serp\">China white heroin<\/a> \u00e9 complexo e envolve v\u00e1rias etapas diferentes.<\/p>\n<p style=\"text-align: justify;\">Primeiro, as mat\u00e9rias-primas \u2013 geralmente \u00f3pio \u2013 s\u00e3o provenientes do Afeganist\u00e3o ou do Paquist\u00e3o. Em seguida, o \u00f3pio \u00e9 transformado em morfina usando t\u00e9cnicas de cozimento a frio ou a v\u00e1cuo. Esse processo torna a morfina muito mais dif\u00edcil de detectar e usar, o que a torna mais desej\u00e1vel para os traficantes de drogas.<\/p>\n<p style=\"text-align: justify;\">To\u00a0<a href=\"https:\/\/www.google.com\/search?q=Buy+China+White+Heroin+Online&amp;num=10&amp;sca_esv=1a2a07081c7891bb&amp;rlz=1C1RXQR_enIN1098IN1098&amp;sxsrf=AHTn8zrgE7FrmNwSGqFsR_aJD8gWxreCYA%3A1741685668457&amp;ei=pAPQZ9fQG9WZvr0PmoCWiAk&amp;ved=0ahUKEwjXstDc3IGMAxXVjK8BHRqABZEQ4dUDCBA&amp;uact=5&amp;oq=Buy+China+White+Heroin+Online&amp;gs_lp=Egxnd3Mtd2l6LXNlcnAiHUJ1eSBDaGluYSBXaGl0ZSBIZXJvaW4gT25saW5lSIYIUNUDWNUDcAN4AJABAJgBtAGgAbQBqgEDMC4xuAEDyAEA-AEC-AEBmAIAoAIAmAMAiAYBkgcAoAdR&amp;sclient=gws-wiz-serp\">encomendar hero\u00edna branca da China online<\/a> da Narco Powders, pode navegar pelos diferentes tipos de <a href=\"https:\/\/www.bing.com\/search?q=Buy%20China%20White%20Heroin%20Online&amp;qs=n&amp;form=QBRE&amp;sp=-1&amp;lq=0&amp;pq=buy%20china%20white%20heroin%20online&amp;sc=0-29&amp;sk=&amp;cvid=28E8386036E745749A9FBCADDC566C1F&amp;ghsh=0&amp;ghacc=0&amp;ghpl=\">China White heroin<\/a> Para\u00a0encomendar hero\u00edna branca da China online da Narco Powders, voc\u00ea pode navegar pelos diferentes tipos de hero\u00edna branca da China dispon\u00edveis no site e escolher a dose que deseja comprar. Certifique-se de ler as informa\u00e7\u00f5es de seguran\u00e7a antes de fazer sua compra para saber quais precau\u00e7\u00f5es tomar ao usar este medicamento.<\/p>\n<h3 style=\"text-align: justify;\">Benef\u00edcios da Hero\u00edna Branca Chinesa<\/h3>\n<p style=\"text-align: justify;\"><a href=\"https:\/\/duckduckgo.com\/?q=Buy+China+White+Heroin+Online&amp;t=h_&amp;ia=web\">China white heroin<\/a> A hero\u00edna branca da China \u00e9 uma forma de hero\u00edna altamente potente e de qualidade que est\u00e1 dispon\u00edvel exclusivamente online na Narco Powder. Ao contr\u00e1rio de outros tipos de hero\u00edna, que podem ser misturados com outras subst\u00e2ncias para aumentar a pot\u00eancia e criar v\u00e1rios tipos de drogas, a hero\u00edna branca da China \u00e9 pura e consistente de compra em compra. Isso significa que voc\u00ea obter\u00e1 os mesmos efeitos poderosos toda vez que tom\u00e1-lo, n\u00e3o importa o que mais esteja em seu sistema.<\/p>\n<p style=\"text-align: justify;\">A hero\u00edna branca da China \u00e9 uma \u00f3tima op\u00e7\u00e3o para quem busca uma sensa\u00e7\u00e3o poderosa sem efeitos colaterais desagrad\u00e1veis \u200b\u200bou riscos associados a outros opioides, como fentanil ou medicamentos \u00e0 base de morfina. \u00c9 f\u00e1cil encontrar e comprar <a href=\"https:\/\/duckduckgo.com\/?q=Buy+China+White+Heroin+Online&amp;t=h_&amp;ia=web\"><strong>buy<\/strong>\u00a0<\/a><strong><a href=\"https:\/\/duckduckgo.com\/?q=Buy+China+White+Heroin+Online&amp;t=h_&amp;ia=web\">Vendo hero\u00edna branca chinesa<\/a>\u00a0<\/strong>na Narco Powders, ent\u00e3o n\u00e3o espere mais.<\/p>\n<h3 style=\"text-align: justify;\">Efeitos colaterais da hero\u00edna branca da China<\/h3>\n<p style=\"text-align: justify;\">A hero\u00edna branca da China pode ter efeitos colaterais graves, por isso \u00e9 importante estar ciente dos perigos que ela representa antes de us\u00e1-la. Os efeitos colaterais comuns incluem n\u00e1usea, tontura, dores de cabe\u00e7a, confus\u00e3o, irritabilidade e ansiedade. Se tomada em excesso e por um per\u00edodo prolongado de tempo, a hero\u00edna branca da China pode ser altamente viciante e levar a outras consequ\u00eancias graves.<\/p>\n<h3 style=\"text-align: justify;\">Onde comprar hero\u00edna branca chinesa online?<\/h3>\n<p style=\"text-align: justify;\">A hero\u00edna branca da China \u00e9 uma subst\u00e2ncia poderosa e perigosa. Pode fornecer efeitos euf\u00f3ricos, bem como muitos riscos potenciais \u00e0 sa\u00fade. Os m\u00e9todos de produ\u00e7\u00e3o dessa droga podem variar de brutos a sofisticados, dependendo do fornecedor e de seus recursos. \u00c9 importante estar ciente dos riscos associados ao uso deste medicamento e compr\u00e1-lo apenas de uma fonte respeit\u00e1vel como o Narco Powders. Seguimos os protocolos de seguran\u00e7a e entregamos em sua casa no menor tempo poss\u00edvel.<\/p>","protected":false},"excerpt":{"rendered":"<p>Buy China White Heroin Online The opioid epidemic is causing havoc in the United States and around the world. In response, many people are looking for ways to get access to powerful, pure heroin that doesn&#8217;t involve dealing with sketchy street dealers. Fortunately, there&#8217;s a great option available in the form of China white heroin. [&hellip;]<\/p>","protected":false},"featured_media":19242,"comment_status":"open","ping_status":"closed","template":"","meta":{"_joinchat":[]},"product_brand":[],"product_cat":[1168],"product_tag":[],"class_list":{"0":"post-19218","1":"product","2":"type-product","3":"status-publish","4":"has-post-thumbnail","6":"product_cat-buy-heroin-online","8":"first","9":"instock","10":"shipping-taxable","11":"purchasable","12":"product-type-variable","13":"add-to-wishlist-after_add_to_cart"},"yoast_head":"<!-- This site is optimized with the Yoast SEO plugin v25.9 - https:\/\/yoast.com\/wordpress\/plugins\/seo\/ -->\n<title>Buy China White Heroin Online - China White Heroin for Sale<\/title>\n<meta name=\"description\" content=\"Buy china white heroin online from our reliable store narcopowders.com. We offer the china white heroin for sale with discreet shipping service.\" \/>\n<meta name=\"robots\" content=\"index, follow, max-snippet:-1, max-image-preview:large, max-video-preview:-1\" \/>\n<link rel=\"canonical\" href=\"https:\/\/narcopowders.com\/pt\/produto\/heroina-branca-chinesa\/\" \/>\n<meta property=\"og:locale\" content=\"pt_PT\" \/>\n<meta property=\"og:type\" content=\"article\" \/>\n<meta property=\"og:title\" content=\"Buy China White Heroin Online - China White Heroin for Sale\" \/>\n<meta property=\"og:description\" content=\"Buy china white heroin online from our reliable store narcopowders.com. We offer the china white heroin for sale with discreet shipping service.\" \/>\n<meta property=\"og:url\" content=\"https:\/\/narcopowders.com\/pt\/produto\/heroina-branca-chinesa\/\" \/>\n<meta property=\"og:site_name\" content=\"Narco Powders\" \/>\n<meta property=\"article:modified_time\" content=\"2025-03-25T12:33:41+00:00\" \/>\n<meta property=\"og:image\" content=\"https:\/\/narcopowders.com\/wp-content\/uploads\/2023\/01\/china-white-heroin.jpg\" \/>\n\t<meta property=\"og:image:width\" content=\"600\" \/>\n\t<meta property=\"og:image:height\" content=\"600\" \/>\n\t<meta property=\"og:image:type\" content=\"image\/jpeg\" \/>\n<meta name=\"twitter:card\" content=\"summary_large_image\" \/>\n<meta name=\"twitter:label1\" content=\"Tempo estimado de leitura\" \/>\n\t<meta name=\"twitter:data1\" content=\"3 minutos\" \/>\n<!-- \/ Yoast SEO plugin. -->","yoast_head_json":{"title":"Buy China White Heroin Online - China White Heroin for Sale","description":"Comprar hero\u00edna branca da China online na nossa loja de confian\u00e7a narcopowders.com. Oferecemos a hero\u00edna branca da China para venda com um servi\u00e7o de envio discreto.","robots":{"index":"index","follow":"follow","max-snippet":"max-snippet:-1","max-image-preview":"max-image-preview:large","max-video-preview":"max-video-preview:-1"},"canonical":"https:\/\/narcopowders.com\/pt\/produto\/heroina-branca-chinesa\/","og_locale":"pt_PT","og_type":"article","og_title":"Buy China White Heroin Online - China White Heroin for Sale","og_description":"Buy china white heroin online from our reliable store narcopowders.com. We offer the china white heroin for sale with discreet shipping service.","og_url":"https:\/\/narcopowders.com\/pt\/produto\/heroina-branca-chinesa\/","og_site_name":"Narco Powders","article_modified_time":"2025-03-25T12:33:41+00:00","og_image":[{"width":600,"height":600,"url":"https:\/\/narcopowders.com\/wp-content\/uploads\/2023\/01\/china-white-heroin.jpg","type":"image\/jpeg"}],"twitter_card":"summary_large_image","twitter_misc":{"Tempo estimado de leitura":"3 minutos"},"schema":{"@context":"https:\/\/schema.org","@graph":[{"@type":"WebPage","@id":"https:\/\/narcopowders.com\/product\/china-white-heroin\/","url":"https:\/\/narcopowders.com\/product\/china-white-heroin\/","name":"Buy China White Heroin Online - China White Heroin for Sale","isPartOf":{"@id":"https:\/\/narcopowders.com\/#website"},"primaryImageOfPage":{"@id":"https:\/\/narcopowders.com\/product\/china-white-heroin\/#primaryimage"},"image":{"@id":"https:\/\/narcopowders.com\/product\/china-white-heroin\/#primaryimage"},"thumbnailUrl":"https:\/\/narcopowders.com\/wp-content\/uploads\/2023\/01\/china-white-heroin.jpg","datePublished":"2023-01-03T09:19:24+00:00","dateModified":"2025-03-25T12:33:41+00:00","description":"Comprar hero\u00edna branca da China online na nossa loja de confian\u00e7a narcopowders.com. Oferecemos a hero\u00edna branca da China para venda com um servi\u00e7o de envio discreto.","breadcrumb":{"@id":"https:\/\/narcopowders.com\/product\/china-white-heroin\/#breadcrumb"},"inLanguage":"pt-PT","potentialAction":[{"@type":"ReadAction","target":["https:\/\/narcopowders.com\/product\/china-white-heroin\/"]}]},{"@type":"ImageObject","inLanguage":"pt-PT","@id":"https:\/\/narcopowders.com\/product\/china-white-heroin\/#primaryimage","url":"https:\/\/narcopowders.com\/wp-content\/uploads\/2023\/01\/china-white-heroin.jpg","contentUrl":"https:\/\/narcopowders.com\/wp-content\/uploads\/2023\/01\/china-white-heroin.jpg","width":600,"height":600,"caption":"Buy China White Heroin Online"},{"@type":"BreadcrumbList","@id":"https:\/\/narcopowders.com\/product\/china-white-heroin\/#breadcrumb","itemListElement":[{"@type":"ListItem","position":1,"name":"Home","item":"https:\/\/narcopowders.com\/"},{"@type":"ListItem","position":2,"name":"Shop Page","item":"https:\/\/narcopowders.com\/shop\/"},{"@type":"ListItem","position":3,"name":"Buy China White Heroin Online"}]},{"@type":"WebSite","@id":"https:\/\/narcopowders.com\/#website","url":"https:\/\/narcopowders.com\/","name":"P\u00f3s de narc\u00f3ticos","description":"O meu blogue WordPress","potentialAction":[{"@type":"SearchAction","target":{"@type":"EntryPoint","urlTemplate":"https:\/\/narcopowders.com\/?s={search_term_string}"},"query-input":{"@type":"PropertyValueSpecification","valueRequired":true,"valueName":"search_term_string"}}],"inLanguage":"pt-PT"}]}},"_links":{"self":[{"href":"https:\/\/narcopowders.com\/pt\/wp-json\/wp\/v2\/product\/19218","targetHints":{"allow":["GET"]}}],"collection":[{"href":"https:\/\/narcopowders.com\/pt\/wp-json\/wp\/v2\/product"}],"about":[{"href":"https:\/\/narcopowders.com\/pt\/wp-json\/wp\/v2\/types\/product"}],"replies":[{"embeddable":true,"href":"https:\/\/narcopowders.com\/pt\/wp-json\/wp\/v2\/comments?post=19218"}],"wp:featuredmedia":[{"embeddable":true,"href":"https:\/\/narcopowders.com\/pt\/wp-json\/wp\/v2\/media\/19242"}],"wp:attachment":[{"href":"https:\/\/narcopowders.com\/pt\/wp-json\/wp\/v2\/media?parent=19218"}],"wp:term":[{"taxonomy":"product_brand","embeddable":true,"href":"https:\/\/narcopowders.com\/pt\/wp-json\/wp\/v2\/product_brand?post=19218"},{"taxonomy":"product_cat","embeddable":true,"href":"https:\/\/narcopowders.com\/pt\/wp-json\/wp\/v2\/product_cat?post=19218"},{"taxonomy":"product_tag","embeddable":true,"href":"https:\/\/narcopowders.com\/pt\/wp-json\/wp\/v2\/product_tag?post=19218"}],"curies":[{"name":"wp","href":"https:\/\/api.w.org\/{rel}","templated":true}]}}