{"id":19219,"date":"2023-01-03T09:18:43","date_gmt":"2023-01-03T09:18:43","guid":{"rendered":"https:\/\/narcopowders.com\/?post_type=product&#038;p=19219"},"modified":"2025-03-25T12:37:48","modified_gmt":"2025-03-25T12:37:48","slug":"uncut-heroin","status":"publish","type":"product","link":"https:\/\/narcopowders.com\/pt\/produto\/sem-cortes-heroina\/","title":{"rendered":"Hero\u00edna n\u00e3o cortada"},"content":{"rendered":"<h2 style=\"text-align: justify;\">Compre hero\u00edna sem cortes on-line<\/h2>\n<p style=\"text-align: justify;\"><a href=\"https:\/\/en.wikipedia.org\/wiki\/Heroin\">Uncut heroin<\/a> A hero\u00edna n\u00e3o cortada pode ser comprada on-line de certos fornecedores, mas isso apresenta seus pr\u00f3prios riscos. Ent\u00e3o, se voc\u00ea est\u00e1 se perguntando onde comprar hero\u00edna n\u00e3o cortada online que seja aut\u00eantica e segura, Narco Powders \u00e9 a sua loja preferida. <a href=\"https:\/\/narcopowders.com\/pt\/produto\/sem-cortes-heroina\/\">buy uncut heroin online<\/a> que seja aut\u00eantico e seguro,\u00a0<a href=\"https:\/\/narcopowders.com\/pt\/\">P\u00f3s de narc\u00f3ticos<\/a> is your go-to store.<\/p>\n<h3 style=\"text-align: justify;\">Como \u00e9 feita a hero\u00edna n\u00e3o cortada?<\/h3>\n<p style=\"text-align: justify;\">A hero\u00edna n\u00e3o cortada \u00e9 feita a partir das vagens secas da planta da papoila do \u00f3pio. <a href=\"https:\/\/www.google.com\/search?q=Buy+Uncut+Heroin+Online&amp;sca_esv=7d1b82273738a5db&amp;sxsrf=AHTn8zqSop3OM4vkMObcHMIO6R9xb_KCdw%3A1742905711939&amp;ei=b6HiZ_v3OKmeseMP__7noQ0&amp;ved=0ahUKEwi769jenaWMAxUpT2wGHX__OdQQ4dUDCA8&amp;uact=5&amp;oq=Buy+Uncut+Heroin+Online&amp;gs_lp=Egxnd3Mtd2l6LXNlcnAiF0J1eSBVbmN1dCBIZXJvaW4gT25saW5lSLkNUIUCWIUCcAF4AJABAJgB2QGgAdkBqgEDMi0xuAEDyAEA-AEB-AECmAIBoAJbqAIQwgIHECMYJxjqAsICFxAAGIAEGJECGLQCGMcDGIoFGOoC2AEBwgIQEAAYAxi0AhjqAhiPAdgBAZgDW_EFrG91rDpW1GO6BgYIARABGAGSBwExoAdTsgcAuAcA&amp;sclient=gws-wiz-serp\">\u00c9 colhido e processado num branco<\/a>A hero\u00edna n\u00e3o cortada \u00e9 feita a partir das vagens secas da planta da papoula do \u00f3pio. \u00c9 colhido e processado em uma subst\u00e2ncia branca e pulverulenta. Cont\u00e9m altos n\u00edveis de opioides potentes e outras drogas, incluindo morfina e code\u00edna. O produto final \u00e9 um tipo de \u00f3pio n\u00e3o refinado e livre de aditivos adicionais e agentes de processamento. A pot\u00eancia da droga varia dependendo da quantidade de umidade e alcal\u00f3ides presentes.<\/p>\n<h3 style=\"text-align: justify;\">Benef\u00edcios da hero\u00edna n\u00e3o cortada<\/h3>\n<p style=\"text-align: justify;\">Se voc\u00ea est\u00e1 procurando uma alta que seja melhor do que o resto, a hero\u00edna n\u00e3o cortada deve ser sua escolha. A hero\u00edna n\u00e3o cortada tem uma pot\u00eancia e pureza mais altas do que outros tipos de hero\u00edna, o que resulta em altas e melhores resultados a longo prazo. Al\u00e9m disso, pode ser customizado de acordo com a necessidade do usu\u00e1rio, criando coquet\u00e9is que oferecem maior controle sobre a dosagem e a qualidade do medicamento.<\/p>\n<p style=\"text-align: justify;\"><a href=\"https:\/\/www.bing.com\/search?q=Buy%20Uncut%20Heroin%20Online&amp;qs=n&amp;form=QBRE&amp;sp=-1&amp;lq=0&amp;pq=buy%20uncut%20heroin%20online&amp;sc=0-23&amp;sk=&amp;cvid=C47FB2A3D0B84EA8801EC7F34ACFAE77&amp;ghsh=0&amp;ghacc=0&amp;ghpl=\"><strong>Hero\u00edna n\u00e3o cortada para venda<\/strong><\/a> online tamb\u00e9m \u00e9 mais seguro de usar em um ambiente controlado. Devido \u00e0 sua maior pot\u00eancia, h\u00e1 um risco reduzido de overdose. Al\u00e9m disso, a hero\u00edna n\u00e3o cortada oferece menos efeitos colaterais e menor risco de depend\u00eancia do que outras formas de hero\u00edna. Na verdade, os usu\u00e1rios at\u00e9 afirmaram que \u00e9 mais f\u00e1cil encontrar puro e potente\u00a0<strong><a href=\"https:\/\/www.google.com\/search?q=Buy+Uncut+Heroin+Online&amp;sca_esv=7d1b82273738a5db&amp;sxsrf=AHTn8zqSop3OM4vkMObcHMIO6R9xb_KCdw%3A1742905711939&amp;ei=b6HiZ_v3OKmeseMP__7noQ0&amp;ved=0ahUKEwi769jenaWMAxUpT2wGHX__OdQQ4dUDCA8&amp;uact=5&amp;oq=Buy+Uncut+Heroin+Online&amp;gs_lp=Egxnd3Mtd2l6LXNlcnAiF0J1eSBVbmN1dCBIZXJvaW4gT25saW5lSLkNUIUCWIUCcAF4AJABAJgB2QGgAdkBqgEDMi0xuAEDyAEA-AEB-AECmAIBoAJbqAIQwgIHECMYJxjqAsICFxAAGIAEGJECGLQCGMcDGIoFGOoC2AEBwgIQEAAYAxi0AhjqAhiPAdgBAZgDW_EFrG91rDpW1GO6BgYIARABGAGSBwExoAdTsgcAuAcA&amp;sclient=gws-wiz-serp\">hero\u00edna sem cortes on-line<\/a>\u00a0<\/strong>na Narco Powders.<\/p>\n<h3 style=\"text-align: justify;\">Efeitos colaterais da hero\u00edna n\u00e3o cortada<\/h3>\n<p style=\"text-align: justify;\">Os riscos para a sa\u00fade associados ao consumo de hero\u00edna sem cortes incluem um maior risco de depend\u00eancia e overdose, bem como taxas mais elevadas de VIH e outras infec\u00e7\u00f5es. <a href=\"https:\/\/duckduckgo.com\/?q=Buy+Uncut+Heroin+Online&amp;t=h_&amp;ia=web\">Uncut heroin<\/a> pode tamb\u00e9m causar efeitos f\u00edsicos, como n\u00e1useas, v\u00f3mitos, aumento da frequ\u00eancia card\u00edaca e aumento do risco de sobredosagem. Em alguns casos, pode levar \u00e0 morte.<\/p>\n<h3 style=\"text-align: justify;\">Onde comprar hero\u00edna sem cortes online?<\/h3>\n<p style=\"text-align: justify;\">ao pesquisar\u00a0<a href=\"https:\/\/www.bing.com\/search?q=Buy%20Uncut%20Heroin%20Online&amp;qs=n&amp;form=QBRE&amp;sp=-1&amp;lq=0&amp;pq=buy%20uncut%20heroin%20online&amp;sc=0-23&amp;sk=&amp;cvid=C47FB2A3D0B84EA8801EC7F34ACFAE77&amp;ghsh=0&amp;ghacc=0&amp;ghpl=\"><strong>granel de hero\u00edna sem cortes on-line<\/strong><\/a>, procure fontes como Narco Powders que foram verificadas por terceiros como sendo produtos de alta qualidade. Ao considerar os pre\u00e7os da hero\u00edna n\u00e3o cortada on-line, lembre-se de que os pre\u00e7os podem variar significativamente com base na localiza\u00e7\u00e3o (por exemplo, em cidades onde o valor da hero\u00edna nas ruas tende a ser mais alto), hora do dia (as cerim\u00f4nias de eutan\u00e1sia geralmente resultam em pre\u00e7os mais altos), m\u00e9todo de pagamento (cart\u00f5es de cr\u00e9dito tendem a cobrar taxas mais altas do que PayPal), etc. A aten\u00e7\u00e3o principalmente garante que os n\u00edveis de pureza e frescor sejam mantidos durante todo o processo de transporte e compra, e n\u00e3o apenas no est\u00e1gio do produto final.<\/p>\n<h3 style=\"text-align: justify;\">Compre hero\u00edna sem cortes on-line na Narco Powders<\/h3>\n<p style=\"text-align: justify;\">\u00c9 importante lembrar que o uso de hero\u00edna n\u00e3o cortada pode ter consequ\u00eancias graves se n\u00e3o for usado corretamente ou com responsabilidade. Ent\u00e3o, voc\u00ea s\u00f3 deve <a href=\"https:\/\/duckduckgo.com\/?q=Buy+Uncut+Heroin+Online&amp;t=h_&amp;ia=web\"><strong>encomendar hero\u00edna n\u00e3o cortada online<\/strong><\/a> de dispens\u00e1rios de renome como Narco Powders. Vendemos apenas hero\u00edna aut\u00eantica e sem cortes no atacado pelo melhor pre\u00e7o.<\/p>","protected":false},"excerpt":{"rendered":"<p>Buy Uncut Heroin Online Uncut heroin can be bought online from certain vendors, but this comes with its own risks. So, if you have been wondering where to buy uncut heroin online that is authentic and safe,\u00a0Narco Powders is your go-to store. How Is Uncut Heroin Made? Uncut heroin is made from the dried pods [&hellip;]<\/p>","protected":false},"featured_media":19241,"comment_status":"open","ping_status":"closed","template":"","meta":{"_joinchat":[]},"product_brand":[],"product_cat":[1168],"product_tag":[],"class_list":{"0":"post-19219","1":"product","2":"type-product","3":"status-publish","4":"has-post-thumbnail","6":"product_cat-buy-heroin-online","8":"first","9":"instock","10":"shipping-taxable","11":"purchasable","12":"product-type-variable","13":"add-to-wishlist-after_add_to_cart"},"yoast_head":"<!-- This site is optimized with the Yoast SEO plugin v25.9 - https:\/\/yoast.com\/wordpress\/plugins\/seo\/ -->\n<title>Buy Uncut Heroin Online - High Purity Uncut Heroin for Sale<\/title>\n<meta name=\"description\" content=\"if you are looking to buy uncut heroin online at best price, we are a reliable source where you can get high purity uncut heroin for sale. Order Now!\" \/>\n<meta name=\"robots\" content=\"index, follow, max-snippet:-1, max-image-preview:large, max-video-preview:-1\" \/>\n<link rel=\"canonical\" href=\"https:\/\/narcopowders.com\/pt\/produto\/sem-cortes-heroina\/\" \/>\n<meta property=\"og:locale\" content=\"pt_PT\" \/>\n<meta property=\"og:type\" content=\"article\" \/>\n<meta property=\"og:title\" content=\"Buy Uncut Heroin Online - High Purity Uncut Heroin for Sale\" \/>\n<meta property=\"og:description\" content=\"if you are looking to buy uncut heroin online at best price, we are a reliable source where you can get high purity uncut heroin for sale. Order Now!\" \/>\n<meta property=\"og:url\" content=\"https:\/\/narcopowders.com\/pt\/produto\/sem-cortes-heroina\/\" \/>\n<meta property=\"og:site_name\" content=\"Narco Powders\" \/>\n<meta property=\"article:modified_time\" content=\"2025-03-25T12:37:48+00:00\" \/>\n<meta property=\"og:image\" content=\"https:\/\/narcopowders.com\/wp-content\/uploads\/2023\/01\/uncut-heroin.jpg\" \/>\n\t<meta property=\"og:image:width\" content=\"600\" \/>\n\t<meta property=\"og:image:height\" content=\"600\" \/>\n\t<meta property=\"og:image:type\" content=\"image\/jpeg\" \/>\n<meta name=\"twitter:card\" content=\"summary_large_image\" \/>\n<meta name=\"twitter:label1\" content=\"Tempo estimado de leitura\" \/>\n\t<meta name=\"twitter:data1\" content=\"3 minutos\" \/>\n<!-- \/ Yoast SEO plugin. -->","yoast_head_json":{"title":"Compre hero\u00edna sem cortes on-line - venda de hero\u00edna sem cortes de alta pureza","description":"se voc\u00ea deseja comprar hero\u00edna n\u00e3o cortada on-line ao melhor pre\u00e7o, somos uma fonte confi\u00e1vel onde voc\u00ea pode obter hero\u00edna n\u00e3o cortada de alta pureza para venda. Pe\u00e7a agora!","robots":{"index":"index","follow":"follow","max-snippet":"max-snippet:-1","max-image-preview":"max-image-preview:large","max-video-preview":"max-video-preview:-1"},"canonical":"https:\/\/narcopowders.com\/pt\/produto\/sem-cortes-heroina\/","og_locale":"pt_PT","og_type":"article","og_title":"Buy Uncut Heroin Online - High Purity Uncut Heroin for Sale","og_description":"if you are looking to buy uncut heroin online at best price, we are a reliable source where you can get high purity uncut heroin for sale. Order Now!","og_url":"https:\/\/narcopowders.com\/pt\/produto\/sem-cortes-heroina\/","og_site_name":"Narco Powders","article_modified_time":"2025-03-25T12:37:48+00:00","og_image":[{"width":600,"height":600,"url":"https:\/\/narcopowders.com\/wp-content\/uploads\/2023\/01\/uncut-heroin.jpg","type":"image\/jpeg"}],"twitter_card":"summary_large_image","twitter_misc":{"Tempo estimado de leitura":"3 minutos"},"schema":{"@context":"https:\/\/schema.org","@graph":[{"@type":"WebPage","@id":"https:\/\/narcopowders.com\/product\/uncut-heroin\/","url":"https:\/\/narcopowders.com\/product\/uncut-heroin\/","name":"Compre hero\u00edna sem cortes on-line - venda de hero\u00edna sem cortes de alta pureza","isPartOf":{"@id":"https:\/\/narcopowders.com\/#website"},"primaryImageOfPage":{"@id":"https:\/\/narcopowders.com\/product\/uncut-heroin\/#primaryimage"},"image":{"@id":"https:\/\/narcopowders.com\/product\/uncut-heroin\/#primaryimage"},"thumbnailUrl":"https:\/\/narcopowders.com\/wp-content\/uploads\/2023\/01\/uncut-heroin.jpg","datePublished":"2023-01-03T09:18:43+00:00","dateModified":"2025-03-25T12:37:48+00:00","description":"se voc\u00ea deseja comprar hero\u00edna n\u00e3o cortada on-line ao melhor pre\u00e7o, somos uma fonte confi\u00e1vel onde voc\u00ea pode obter hero\u00edna n\u00e3o cortada de alta pureza para venda. Pe\u00e7a agora!","breadcrumb":{"@id":"https:\/\/narcopowders.com\/product\/uncut-heroin\/#breadcrumb"},"inLanguage":"pt-PT","potentialAction":[{"@type":"ReadAction","target":["https:\/\/narcopowders.com\/product\/uncut-heroin\/"]}]},{"@type":"ImageObject","inLanguage":"pt-PT","@id":"https:\/\/narcopowders.com\/product\/uncut-heroin\/#primaryimage","url":"https:\/\/narcopowders.com\/wp-content\/uploads\/2023\/01\/uncut-heroin.jpg","contentUrl":"https:\/\/narcopowders.com\/wp-content\/uploads\/2023\/01\/uncut-heroin.jpg","width":600,"height":600,"caption":"Buy Uncut Heroin Online"},{"@type":"BreadcrumbList","@id":"https:\/\/narcopowders.com\/product\/uncut-heroin\/#breadcrumb","itemListElement":[{"@type":"ListItem","position":1,"name":"Home","item":"https:\/\/narcopowders.com\/"},{"@type":"ListItem","position":2,"name":"Shop Page","item":"https:\/\/narcopowders.com\/shop\/"},{"@type":"ListItem","position":3,"name":"Uncut Heroin"}]},{"@type":"WebSite","@id":"https:\/\/narcopowders.com\/#website","url":"https:\/\/narcopowders.com\/","name":"P\u00f3s de narc\u00f3ticos","description":"O meu blogue WordPress","potentialAction":[{"@type":"SearchAction","target":{"@type":"EntryPoint","urlTemplate":"https:\/\/narcopowders.com\/?s={search_term_string}"},"query-input":{"@type":"PropertyValueSpecification","valueRequired":true,"valueName":"search_term_string"}}],"inLanguage":"pt-PT"}]}},"_links":{"self":[{"href":"https:\/\/narcopowders.com\/pt\/wp-json\/wp\/v2\/product\/19219","targetHints":{"allow":["GET"]}}],"collection":[{"href":"https:\/\/narcopowders.com\/pt\/wp-json\/wp\/v2\/product"}],"about":[{"href":"https:\/\/narcopowders.com\/pt\/wp-json\/wp\/v2\/types\/product"}],"replies":[{"embeddable":true,"href":"https:\/\/narcopowders.com\/pt\/wp-json\/wp\/v2\/comments?post=19219"}],"wp:featuredmedia":[{"embeddable":true,"href":"https:\/\/narcopowders.com\/pt\/wp-json\/wp\/v2\/media\/19241"}],"wp:attachment":[{"href":"https:\/\/narcopowders.com\/pt\/wp-json\/wp\/v2\/media?parent=19219"}],"wp:term":[{"taxonomy":"product_brand","embeddable":true,"href":"https:\/\/narcopowders.com\/pt\/wp-json\/wp\/v2\/product_brand?post=19219"},{"taxonomy":"product_cat","embeddable":true,"href":"https:\/\/narcopowders.com\/pt\/wp-json\/wp\/v2\/product_cat?post=19219"},{"taxonomy":"product_tag","embeddable":true,"href":"https:\/\/narcopowders.com\/pt\/wp-json\/wp\/v2\/product_tag?post=19219"}],"curies":[{"name":"wp","href":"https:\/\/api.w.org\/{rel}","templated":true}]}}