{"id":19431,"date":"2023-07-29T08:01:13","date_gmt":"2023-07-29T08:01:13","guid":{"rendered":"https:\/\/narcopowders.com\/?post_type=product&#038;p=19431"},"modified":"2025-09-25T07:47:15","modified_gmt":"2025-09-25T07:47:15","slug":"buy-anasket-1000mg-10ml","status":"publish","type":"product","link":"https:\/\/narcopowders.com\/pt\/produto\/comprar-anasket-1000mg-10ml\/","title":{"rendered":"Comprar Anasket 1000mg\/10ml"},"content":{"rendered":"<h2>Comprar Anasket 1000mg\/10ml<\/h2>\n<p><a href=\"https:\/\/narcopowders.com\/pt\/produto\/comprar-anasket-1000mg-10ml\/\">Comprar Anasket 1000mg\/10ml<\/a>, Comprar Anest\u00e9sico em promo\u00e7\u00e3o \u00c0 venda est\u00e1 o anesket puro 1000 mg\/10 ml.<\/p>\n<p>Somos o melhor e mais fi\u00e1vel fornecedor de cetamina pura 1000mg\/10ml. O site <a href=\"https:\/\/narcopowders.com\/pt\/\">NarcoPowders.com<\/a> oferece uma variedade de artigos, incluindo como <a href=\"https:\/\/en.wikipedia.org\/wiki\/Ketamine\">encomendar p\u00f3 de cetamina<\/a> e HCl l\u00edquido. Todos os nossos produtos s\u00e3o produzidos pela Narcopowders.<\/p>\n<p>O anasket \u00e9 um medicamento legal na maioria dos pa\u00edses e amplamente utilizado<a href=\"https:\/\/en.wikipedia.org\/w\/index.php?search=Anasket+1000mg&amp;title=Special:Search&amp;profile=advanced&amp;fulltext=1&amp;ns0=1\">.<\/a><\/p>\n<p>Os materiais que utilizamos s\u00e3o provenientes diretamente do fabricante. Fornecemos este material como controlo laboratorial sob a <a href=\"https:\/\/www.google.com\/search?q=Buy+Anasket+1000mg%2F10ml+Online&amp;sca_esv=7d1b82273738a5db&amp;sxsrf=AHTn8zoQ4iYviNvbX2DGKHfxQybv57lbGw%3A1742907080934&amp;ei=yKbiZ_XZOLmfnesPqsCw-Qc&amp;ved=0ahUKEwj13b3roqWMAxW5T2cHHSogLH8Q4dUDCA8&amp;uact=5&amp;oq=Buy+Anasket+1000mg%2F10ml+Online&amp;gs_lp=Egxnd3Mtd2l6LXNlcnAiHkJ1eSBBbmFza2V0IDEwMDBtZy8xMG1sIE9ubGluZTIHECEYoAEYCjIHECEYoAEYCjIHECEYoAEYCkjtMFDFA1jUH3AEeACQAQCYAYMCoAGYCqoBBTAuNS4yuAEDyAEA-AEBmAIKoALKCpgDAOIDBRIBMSBAiAYBkgcFMy41LjKgB9wgsgcFMC41LjK4B8AK&amp;sclient=gws-wiz-serp\">designa\u00e7\u00e3o comercial Anesket.<\/a>.<\/p>\n<h3>O que \u00e9 Pure Anesket<\/h3>\n<p><a href=\"https:\/\/www.google.com\/search?q=Buy+Anasket+1000mg%2F10ml+Online&amp;sca_esv=7d1b82273738a5db&amp;sxsrf=AHTn8zoQ4iYviNvbX2DGKHfxQybv57lbGw%3A1742907080934&amp;ei=yKbiZ_XZOLmfnesPqsCw-Qc&amp;ved=0ahUKEwj13b3roqWMAxW5T2cHHSogLH8Q4dUDCA8&amp;uact=5&amp;oq=Buy+Anasket+1000mg%2F10ml+Online&amp;gs_lp=Egxnd3Mtd2l6LXNlcnAiHkJ1eSBBbmFza2V0IDEwMDBtZy8xMG1sIE9ubGluZTIHECEYoAEYCjIHECEYoAEYCjIHECEYoAEYCkjtMFDFA1jUH3AEeACQAQCYAYMCoAGYCqoBBTAuNS4yuAEDyAEA-AEBmAIKoALKCpgDAOIDBRIBMSBAiAYBkgcFMy41LjKgB9wgsgcFMC41LjK4B8AK&amp;sclient=gws-wiz-serp\">Cont\u00e9m cloridrato de cetamina<\/a>. It is the medicine to beat, and doctors use it for a range of conditions all across the world. <a href=\"https:\/\/www.bing.com\/search?q=Buy%20Anasket%201000mg%2F10ml%20Online&amp;qs=n&amp;form=QBRE&amp;sp=-1&amp;lq=0&amp;pq=buy%20anasket%201000mg%2F10ml%20online&amp;sc=0-30&amp;sk=&amp;cvid=B0214D489ABC42E7AED31B90CF908A6C&amp;ghsh=0&amp;ghacc=0&amp;ghpl=\">1000 mg de anest\u00e9sico puro numa inje\u00e7\u00e3o de 10 ml<\/a>. The anaesthetic class includes the pharmaceutical class.<\/p>\n<h3>O que \u00e9 a Cetamina 1000 mg em Pure Anesket 1000mg\/ 10ml?<\/h3>\n<p>O uso deste medicamento crucial est\u00e1 generalizado. A maioria dos <a href=\"https:\/\/duckduckgo.com\/?q=Buy+Anasket+1000mg%2F10ml+Online&amp;t=h_&amp;ia=web\">surgical operations, general medical practise, painkillers<\/a>.<\/p>\n<h3>Quais s\u00e3o os seus efeitos?<\/h3>\n<p><strong>Efeitos negativos<\/strong><\/p>\n<p>\u00c9 claro que existem efeitos adversos \u00e0 medica\u00e7\u00e3o, e podem ser bastante graves. <a href=\"https:\/\/duckduckgo.com\/?q=Buy+Anasket+1000mg%2F10ml+Online&amp;t=h_&amp;ia=web\">As m\u00e1s alucina\u00e7\u00f5es est\u00e3o entre os efeitos adversos de curto prazo<\/a>\u00c9 claro que a medica\u00e7\u00e3o tem efeitos adversos, que podem ser bastante graves. Entre os efeitos adversos a curto prazo, contam-se as alucina\u00e7\u00f5es desagrad\u00e1veis. O car\u00e1cter agrad\u00e1vel da alucina\u00e7\u00e3o depende do estado mental do utilizador e, se este estiver a tentar escapar \u00e0 tristeza, \u00e9 prov\u00e1vel que as alucina\u00e7\u00f5es sejam desagrad\u00e1veis. Isto aplica-se a todos os medicamentos psicotr\u00f3picos <a href=\"https:\/\/www.bing.com\/search?q=Buy%20Anasket%201000mg%2F10ml%20Online&amp;qs=n&amp;form=QBRE&amp;sp=-1&amp;lq=0&amp;pq=buy%20anasket%201000mg%2F10ml%20online&amp;sc=0-30&amp;sk=&amp;cvid=B0214D489ABC42E7AED31B90CF908A6C&amp;ghsh=0&amp;ghacc=0&amp;ghpl=\">Comprar cetamina para venda online<\/a><a href=\"https:\/\/narcopowders.com\/pt\/\">.<\/a><\/p>","protected":false},"excerpt":{"rendered":"<p>Buy Anasket 1000mg\/10ml Buy Anasket 1000mg\/10ml, Buy Anaesthetic On Sale&#8217;s For sale is pure anesket 1000 mg\/10 ml. We are the top and most dependable purest ketamine 1000mg \/ 10ml provider. The website NarcoPowders.com offers a variety of items, including how to order ketamine powder and liquid hcl. All of our products are produced by [&hellip;]<\/p>","protected":false},"featured_media":19447,"comment_status":"open","ping_status":"closed","template":"","meta":{"_joinchat":[]},"product_brand":[],"product_cat":[1325],"product_tag":[],"class_list":{"0":"post-19431","1":"product","2":"type-product","3":"status-publish","4":"has-post-thumbnail","6":"product_cat-buy-ketamine-online","8":"first","9":"instock","10":"shipping-taxable","11":"purchasable","12":"product-type-variable","13":"add-to-wishlist-after_add_to_cart"},"yoast_head":"<!-- This site is optimized with the Yoast SEO plugin v25.9 - https:\/\/yoast.com\/wordpress\/plugins\/seo\/ -->\n<title>Buy Anasket 1000mg\/10ml - Narco Powders<\/title>\n<meta name=\"description\" content=\"Buy Anasket 1000mg\/10ml, Anesket 1000mg-10ml Solution | Anesket Injection, Non prescription | Buy Ketamine for Sale Online Near me discreetly.\" \/>\n<meta name=\"robots\" content=\"index, follow, max-snippet:-1, max-image-preview:large, max-video-preview:-1\" \/>\n<link rel=\"canonical\" href=\"https:\/\/narcopowders.com\/pt\/produto\/comprar-anasket-1000mg-10ml\/\" \/>\n<meta property=\"og:locale\" content=\"pt_PT\" \/>\n<meta property=\"og:type\" content=\"article\" \/>\n<meta property=\"og:title\" content=\"Buy Anasket 1000mg\/10ml - Narco Powders\" \/>\n<meta property=\"og:description\" content=\"Buy Anasket 1000mg\/10ml, Anesket 1000mg-10ml Solution | Anesket Injection, Non prescription | Buy Ketamine for Sale Online Near me discreetly.\" \/>\n<meta property=\"og:url\" content=\"https:\/\/narcopowders.com\/pt\/produto\/comprar-anasket-1000mg-10ml\/\" \/>\n<meta property=\"og:site_name\" content=\"Narco Powders\" \/>\n<meta property=\"article:modified_time\" content=\"2025-09-25T07:47:15+00:00\" \/>\n<meta property=\"og:image\" content=\"https:\/\/narcopowders.com\/wp-content\/uploads\/2023\/07\/Anasket.jpg\" \/>\n\t<meta property=\"og:image:width\" content=\"600\" \/>\n\t<meta property=\"og:image:height\" content=\"600\" \/>\n\t<meta property=\"og:image:type\" content=\"image\/jpeg\" \/>\n<meta name=\"twitter:card\" content=\"summary_large_image\" \/>\n<meta name=\"twitter:label1\" content=\"Tempo estimado de leitura\" \/>\n\t<meta name=\"twitter:data1\" content=\"2 minutos\" \/>\n<!-- \/ Yoast SEO plugin. -->","yoast_head_json":{"title":"Comprar Anasket 1000mg\/10ml - Narco Powders","description":"Comprar Anasket 1000mg\/10ml, Anesket 1000mg-10ml Solution | Anesket Injection, Non prescription | Buy Ketamine for Sale Online Near me discretamente.","robots":{"index":"index","follow":"follow","max-snippet":"max-snippet:-1","max-image-preview":"max-image-preview:large","max-video-preview":"max-video-preview:-1"},"canonical":"https:\/\/narcopowders.com\/pt\/produto\/comprar-anasket-1000mg-10ml\/","og_locale":"pt_PT","og_type":"article","og_title":"Buy Anasket 1000mg\/10ml - Narco Powders","og_description":"Buy Anasket 1000mg\/10ml, Anesket 1000mg-10ml Solution | Anesket Injection, Non prescription | Buy Ketamine for Sale Online Near me discreetly.","og_url":"https:\/\/narcopowders.com\/pt\/produto\/comprar-anasket-1000mg-10ml\/","og_site_name":"Narco Powders","article_modified_time":"2025-09-25T07:47:15+00:00","og_image":[{"width":600,"height":600,"url":"https:\/\/narcopowders.com\/wp-content\/uploads\/2023\/07\/Anasket.jpg","type":"image\/jpeg"}],"twitter_card":"summary_large_image","twitter_misc":{"Tempo estimado de leitura":"2 minutos"},"schema":{"@context":"https:\/\/schema.org","@graph":[{"@type":"WebPage","@id":"https:\/\/narcopowders.com\/product\/buy-anasket-1000mg-10ml\/","url":"https:\/\/narcopowders.com\/product\/buy-anasket-1000mg-10ml\/","name":"Comprar Anasket 1000mg\/10ml - Narco Powders","isPartOf":{"@id":"https:\/\/narcopowders.com\/#website"},"primaryImageOfPage":{"@id":"https:\/\/narcopowders.com\/product\/buy-anasket-1000mg-10ml\/#primaryimage"},"image":{"@id":"https:\/\/narcopowders.com\/product\/buy-anasket-1000mg-10ml\/#primaryimage"},"thumbnailUrl":"https:\/\/narcopowders.com\/wp-content\/uploads\/2023\/07\/Anasket.jpg","datePublished":"2023-07-29T08:01:13+00:00","dateModified":"2025-09-25T07:47:15+00:00","description":"Comprar Anasket 1000mg\/10ml, Anesket 1000mg-10ml Solution | Anesket Injection, Non prescription | Buy Ketamine for Sale Online Near me discretamente.","breadcrumb":{"@id":"https:\/\/narcopowders.com\/product\/buy-anasket-1000mg-10ml\/#breadcrumb"},"inLanguage":"pt-PT","potentialAction":[{"@type":"ReadAction","target":["https:\/\/narcopowders.com\/product\/buy-anasket-1000mg-10ml\/"]}]},{"@type":"ImageObject","inLanguage":"pt-PT","@id":"https:\/\/narcopowders.com\/product\/buy-anasket-1000mg-10ml\/#primaryimage","url":"https:\/\/narcopowders.com\/wp-content\/uploads\/2023\/07\/Anasket.jpg","contentUrl":"https:\/\/narcopowders.com\/wp-content\/uploads\/2023\/07\/Anasket.jpg","width":600,"height":600,"caption":"Anasket"},{"@type":"BreadcrumbList","@id":"https:\/\/narcopowders.com\/product\/buy-anasket-1000mg-10ml\/#breadcrumb","itemListElement":[{"@type":"ListItem","position":1,"name":"Home","item":"https:\/\/narcopowders.com\/"},{"@type":"ListItem","position":2,"name":"Shop Page","item":"https:\/\/narcopowders.com\/shop\/"},{"@type":"ListItem","position":3,"name":"Buy Anasket 1000mg\/10ml"}]},{"@type":"WebSite","@id":"https:\/\/narcopowders.com\/#website","url":"https:\/\/narcopowders.com\/","name":"P\u00f3s de narc\u00f3ticos","description":"O meu blogue WordPress","potentialAction":[{"@type":"SearchAction","target":{"@type":"EntryPoint","urlTemplate":"https:\/\/narcopowders.com\/?s={search_term_string}"},"query-input":{"@type":"PropertyValueSpecification","valueRequired":true,"valueName":"search_term_string"}}],"inLanguage":"pt-PT"}]}},"_links":{"self":[{"href":"https:\/\/narcopowders.com\/pt\/wp-json\/wp\/v2\/product\/19431","targetHints":{"allow":["GET"]}}],"collection":[{"href":"https:\/\/narcopowders.com\/pt\/wp-json\/wp\/v2\/product"}],"about":[{"href":"https:\/\/narcopowders.com\/pt\/wp-json\/wp\/v2\/types\/product"}],"replies":[{"embeddable":true,"href":"https:\/\/narcopowders.com\/pt\/wp-json\/wp\/v2\/comments?post=19431"}],"wp:featuredmedia":[{"embeddable":true,"href":"https:\/\/narcopowders.com\/pt\/wp-json\/wp\/v2\/media\/19447"}],"wp:attachment":[{"href":"https:\/\/narcopowders.com\/pt\/wp-json\/wp\/v2\/media?parent=19431"}],"wp:term":[{"taxonomy":"product_brand","embeddable":true,"href":"https:\/\/narcopowders.com\/pt\/wp-json\/wp\/v2\/product_brand?post=19431"},{"taxonomy":"product_cat","embeddable":true,"href":"https:\/\/narcopowders.com\/pt\/wp-json\/wp\/v2\/product_cat?post=19431"},{"taxonomy":"product_tag","embeddable":true,"href":"https:\/\/narcopowders.com\/pt\/wp-json\/wp\/v2\/product_tag?post=19431"}],"curies":[{"name":"wp","href":"https:\/\/api.w.org\/{rel}","templated":true}]}}