{"id":19450,"date":"2023-07-29T08:09:13","date_gmt":"2023-07-29T08:09:13","guid":{"rendered":"https:\/\/narcopowders.com\/?post_type=product&#038;p=19450"},"modified":"2025-09-25T08:07:37","modified_gmt":"2025-09-25T08:07:37","slug":"buy-ketamine-crystal","status":"publish","type":"product","link":"https:\/\/narcopowders.com\/pt\/produto\/buy-ketamine-crystal\/","title":{"rendered":"Compre Cristal de Cetamina Online"},"content":{"rendered":"<h2>Comprar Ketamine Crystal<\/h2>\n<p><a href=\"https:\/\/narcopowders.com\/pt\/produto\/buy-ketamine-crystal\/\">Comprar cristais de cetamina online<\/a><\/p>\n<p>Where to <a href=\"https:\/\/narcopowders.com\/pt\/\">Onde comprar Ketamina HCL em p\u00f3 cristalino<\/a><\/p>\n<p>Em primeiro lugar, a cetamina \u00e9 um anest\u00e9sico dissociativo utilizado na anestesia humana e na medicina veterin\u00e1ria.<\/p>\n<p>Os alucinog\u00e9nios incluem medicamentos dissociativos (comprar p\u00f3 de cristal de cetamina hcl)<a href=\"https:\/\/narcopowders.com\/pt\/product-category\/buy-heroin-online\/\">.<\/a><\/p>\n<p>Al\u00e9m disso, faz-nos sentir afastados da realidade. A maior parte da cetamina vendida na <a href=\"https:\/\/en.wikipedia.org\/wiki\/Ketamine\">ketamine<\/a> sold on the<\/p>\n<p>A rua que d\u00e1 acesso \u00e0s cl\u00ednicas veterin\u00e1rias foi alterada. Qu\u00edmica da cetamina <a href=\"https:\/\/duckduckgo.com\/?q=Buy+Ketamine+Crystal+Online&amp;t=h_&amp;ia=web\">Chemistry of ketamine<\/a><\/p>\n<p>Em terceiro lugar, tem uma estrutura e um modo de a\u00e7\u00e3o semelhantes aos do PCP.<\/p>\n<p>um anest\u00e9sico dissociativo e alucinog\u00e9nio de curta dura\u00e7\u00e3o de uso corrente<\/p>\n<p>A medicina de urg\u00eancia utiliza-o no quarto dia. \u00c9 um exemplo de dissociativo, e<\/p>\n<p>tamb\u00e9m \u00e9 frequentemente tomado recreativamente em doses subanest\u00e9sicas. Para ter um <a href=\"https:\/\/duckduckgo.com\/?q=Buy+Ketamine+Crystal+Online&amp;t=h_&amp;ia=web\">psychedelic experience<\/a>, tomar pequenas doses \u2014 este \u00e9 o \u201cK-Hole\u201d. A maioria dos dissociativos s\u00e3o antagonistas dos recetores NMDA.<\/p>\n<h3>Venda de cetamina para al\u00edvio da dor.<\/h3>\n<p>Para al\u00e9m disso, evite utilizar cetamina se for al\u00e9rgico a algum dos seus ingredientes. <a href=\"https:\/\/www.bing.com\/search?q=Buy%20Ketamine%20Crystal%20Online&amp;qs=n&amp;form=QBRE&amp;sp=-1&amp;lq=0&amp;pq=buy%20ketamine%20crystal%20online&amp;sc=0-27&amp;sk=&amp;cvid=B48FCD6A63BA41FEA8E70E332D5821C8&amp;ghsh=0&amp;ghacc=0&amp;ghpl=\">allergic to any of its ingredients<\/a>.<\/p>\n<p>Al\u00e9m disso, tem uma doen\u00e7a que tornaria perigoso um aumento significativo da tens\u00e3o arterial.<\/p>\n<p>Para al\u00e9m disso, a utiliza\u00e7\u00e3o de droxidopa pode ser perigosa. Fale com o seu m\u00e9dico ou outro profissional de sa\u00fade<\/p>\n<p>N\u00e3o s\u00f3 isso, mas se alguma destas situa\u00e7\u00f5es se aplicar a si, contacte o fornecedor de imediato. <a href=\"https:\/\/www.google.com\/search?q=Buy+Ketamine+Crystal+Online&amp;sca_esv=7d1b82273738a5db&amp;sxsrf=AHTn8zpP-mpLnmrRf2_jSzjg2BV0aqQ2Aw%3A1742907647616&amp;ei=_6jiZ5WrJeHgseMPxOPN-QQ&amp;ved=0ahUKEwjVptn5pKWMAxVhcGwGHcRxM08Q4dUDCA8&amp;uact=5&amp;oq=Buy+Ketamine+Crystal+Online&amp;gs_lp=Egxnd3Mtd2l6LXNlcnAiG0J1eSBLZXRhbWluZSBDcnlzdGFsIE9ubGluZUjACVCdA1idA3ABeACQAQCYAbkBoAG5AaoBAzAuMbgBA8gBAPgBAfgBApgCAaACGagCFMICBxAjGCcY6gLCAhAQABgDGLQCGOoCGI8B2AEBmAMZ8QUQhxj9l7gZCLoGBggBEAEYCpIHATGgB0-yBwC4BwA&amp;sclient=gws-wiz-serp\">ketamine powder purchase online<\/a><\/p>\n<p>No entanto, \u00e9 poss\u00edvel obter cetamina online na \u00cdndia, no Canad\u00e1 e nos Estados Unidos.<\/p>\n<p>In contrast to Chinese <a href=\"https:\/\/www.bing.com\/search?q=Buy%20Ketamine%20Crystal%20Online&amp;qs=n&amp;form=QBRE&amp;sp=-1&amp;lq=0&amp;pq=buy%20ketamine%20crystal%20online&amp;sc=0-27&amp;sk=&amp;cvid=B48FCD6A63BA41FEA8E70E332D5821C8&amp;ghsh=0&amp;ghacc=0&amp;ghpl=\">Fornecedores de cetamina e vendas online de cetamina<\/a>,<\/p>\n<p>Where can I buy ketamine, is it possible to <a href=\"https:\/\/www.google.com\/search?q=Buy+Ketamine+Crystal+Online&amp;sca_esv=7d1b82273738a5db&amp;sxsrf=AHTn8zpP-mpLnmrRf2_jSzjg2BV0aqQ2Aw%3A1742907647616&amp;ei=_6jiZ5WrJeHgseMPxOPN-QQ&amp;ved=0ahUKEwjVptn5pKWMAxVhcGwGHcRxM08Q4dUDCA8&amp;uact=5&amp;oq=Buy+Ketamine+Crystal+Online&amp;gs_lp=Egxnd3Mtd2l6LXNlcnAiG0J1eSBLZXRhbWluZSBDcnlzdGFsIE9ubGluZUjACVCdA1idA3ABeACQAQCYAbkBoAG5AaoBAzAuMbgBA8gBAPgBAfgBApgCAaACGagCFMICBxAjGCcY6gLCAhAQABgDGLQCGOoCGI8B2AEBmAMZ8QUQhxj9l7gZCLoGBggBEAEYCpIHATGgB0-yBwC4BwA&amp;sclient=gws-wiz-serp\">comprar ketamina online<\/a>, and where can I buy liquid ketamine online?<\/p>","protected":false},"excerpt":{"rendered":"<p>Buy Ketamine Crystal Buy Ketamine crystals online Where to Buy Ketamine HCL Crystal Powder Firstly Ketamine is a dissociative anesthetic used in human anesthesia and veterinary medicine. Hallucinogens include dissociative medications (buy ketamine hcl crystal powder). Additionally, it makes one feel removed from reality. The majority of ketamine sold on the The street leading to [&hellip;]<\/p>","protected":false},"featured_media":19465,"comment_status":"open","ping_status":"closed","template":"","meta":{"_joinchat":[]},"product_brand":[],"product_cat":[1325],"product_tag":[],"class_list":{"0":"post-19450","1":"product","2":"type-product","3":"status-publish","4":"has-post-thumbnail","6":"product_cat-buy-ketamine-online","8":"first","9":"instock","10":"shipping-taxable","11":"purchasable","12":"product-type-variable","13":"add-to-wishlist-after_add_to_cart"},"yoast_head":"<!-- This site is optimized with the Yoast SEO plugin v27.5 - https:\/\/yoast.com\/product\/yoast-seo-wordpress\/ -->\n<title>Buy Ketamine Crystal Online - Narco Powders<\/title>\n<meta name=\"description\" content=\"Buy Ketamine Crystal, Medical Grade Ketamine Liquid\/Powder\/Rock\/Sugar Online Ketamine is a white, crystalline powder or clear liquid. order Ketamine Crystal\" \/>\n<meta name=\"robots\" content=\"index, follow, max-snippet:-1, max-image-preview:large, max-video-preview:-1\" \/>\n<link rel=\"canonical\" href=\"https:\/\/narcopowders.com\/pt\/produto\/buy-ketamine-crystal\/\" \/>\n<meta property=\"og:locale\" content=\"pt_PT\" \/>\n<meta property=\"og:type\" content=\"article\" \/>\n<meta property=\"og:title\" content=\"Buy Ketamine Crystal Online - Narco Powders\" \/>\n<meta property=\"og:description\" content=\"Buy Ketamine Crystal, Medical Grade Ketamine Liquid\/Powder\/Rock\/Sugar Online Ketamine is a white, crystalline powder or clear liquid. order Ketamine Crystal\" \/>\n<meta property=\"og:url\" content=\"https:\/\/narcopowders.com\/pt\/produto\/buy-ketamine-crystal\/\" \/>\n<meta property=\"og:site_name\" content=\"Narco Powders\" \/>\n<meta property=\"article:modified_time\" content=\"2025-09-25T08:07:37+00:00\" \/>\n<meta property=\"og:image\" content=\"https:\/\/narcopowders.com\/wp-content\/uploads\/2023\/07\/Buy-Ketamine-Crystal.jpg\" \/>\n\t<meta property=\"og:image:width\" content=\"600\" \/>\n\t<meta property=\"og:image:height\" content=\"600\" \/>\n\t<meta property=\"og:image:type\" content=\"image\/jpeg\" \/>\n<meta name=\"twitter:card\" content=\"summary_large_image\" \/>\n<meta name=\"twitter:label1\" content=\"Tempo estimado de leitura\" \/>\n\t<meta name=\"twitter:data1\" content=\"2 minutos\" \/>\n<!-- \/ Yoast SEO plugin. -->","yoast_head_json":{"title":"Buy Ketamine Crystal Online - Narco Powders","description":"Comprar Ketamine Crystal, l\u00edquido\/p\u00f3\/pedra\/a\u00e7\u00facar de cetamina de grau m\u00e9dico online A cetamina \u00e9 um p\u00f3 branco cristalino ou um l\u00edquido transparente. encomendar Ketamine Crystal","robots":{"index":"index","follow":"follow","max-snippet":"max-snippet:-1","max-image-preview":"max-image-preview:large","max-video-preview":"max-video-preview:-1"},"canonical":"https:\/\/narcopowders.com\/pt\/produto\/buy-ketamine-crystal\/","og_locale":"pt_PT","og_type":"article","og_title":"Buy Ketamine Crystal Online - Narco Powders","og_description":"Buy Ketamine Crystal, Medical Grade Ketamine Liquid\/Powder\/Rock\/Sugar Online Ketamine is a white, crystalline powder or clear liquid. order Ketamine Crystal","og_url":"https:\/\/narcopowders.com\/pt\/produto\/buy-ketamine-crystal\/","og_site_name":"Narco Powders","article_modified_time":"2025-09-25T08:07:37+00:00","og_image":[{"width":600,"height":600,"url":"https:\/\/narcopowders.com\/wp-content\/uploads\/2023\/07\/Buy-Ketamine-Crystal.jpg","type":"image\/jpeg"}],"twitter_card":"summary_large_image","twitter_misc":{"Tempo estimado de leitura":"2 minutos"},"schema":{"@context":"https:\/\/schema.org","@graph":[{"@type":"WebPage","@id":"https:\/\/narcopowders.com\/product\/buy-ketamine-crystal\/","url":"https:\/\/narcopowders.com\/product\/buy-ketamine-crystal\/","name":"Buy Ketamine Crystal Online - Narco Powders","isPartOf":{"@id":"https:\/\/narcopowders.com\/#website"},"primaryImageOfPage":{"@id":"https:\/\/narcopowders.com\/product\/buy-ketamine-crystal\/#primaryimage"},"image":{"@id":"https:\/\/narcopowders.com\/product\/buy-ketamine-crystal\/#primaryimage"},"thumbnailUrl":"https:\/\/narcopowders.com\/wp-content\/uploads\/2023\/07\/Buy-Ketamine-Crystal.jpg","datePublished":"2023-07-29T08:09:13+00:00","dateModified":"2025-09-25T08:07:37+00:00","description":"Comprar Ketamine Crystal, l\u00edquido\/p\u00f3\/pedra\/a\u00e7\u00facar de cetamina de grau m\u00e9dico online A cetamina \u00e9 um p\u00f3 branco cristalino ou um l\u00edquido transparente. encomendar Ketamine Crystal","breadcrumb":{"@id":"https:\/\/narcopowders.com\/product\/buy-ketamine-crystal\/#breadcrumb"},"inLanguage":"pt-PT","potentialAction":[{"@type":"ReadAction","target":["https:\/\/narcopowders.com\/product\/buy-ketamine-crystal\/"]}]},{"@type":"ImageObject","inLanguage":"pt-PT","@id":"https:\/\/narcopowders.com\/product\/buy-ketamine-crystal\/#primaryimage","url":"https:\/\/narcopowders.com\/wp-content\/uploads\/2023\/07\/Buy-Ketamine-Crystal.jpg","contentUrl":"https:\/\/narcopowders.com\/wp-content\/uploads\/2023\/07\/Buy-Ketamine-Crystal.jpg","width":600,"height":600,"caption":"Buy-Ketamine-Crystal"},{"@type":"BreadcrumbList","@id":"https:\/\/narcopowders.com\/product\/buy-ketamine-crystal\/#breadcrumb","itemListElement":[{"@type":"ListItem","position":1,"name":"Home","item":"https:\/\/narcopowders.com\/"},{"@type":"ListItem","position":2,"name":"Shop Page","item":"https:\/\/narcopowders.com\/shop\/"},{"@type":"ListItem","position":3,"name":"Buy Ketamine Crystal Online"}]},{"@type":"WebSite","@id":"https:\/\/narcopowders.com\/#website","url":"https:\/\/narcopowders.com\/","name":"P\u00f3s de narc\u00f3ticos","description":"O meu blogue WordPress","potentialAction":[{"@type":"SearchAction","target":{"@type":"EntryPoint","urlTemplate":"https:\/\/narcopowders.com\/?s={search_term_string}"},"query-input":{"@type":"PropertyValueSpecification","valueRequired":true,"valueName":"search_term_string"}}],"inLanguage":"pt-PT"}]}},"_links":{"self":[{"href":"https:\/\/narcopowders.com\/pt\/wp-json\/wp\/v2\/product\/19450","targetHints":{"allow":["GET"]}}],"collection":[{"href":"https:\/\/narcopowders.com\/pt\/wp-json\/wp\/v2\/product"}],"about":[{"href":"https:\/\/narcopowders.com\/pt\/wp-json\/wp\/v2\/types\/product"}],"replies":[{"embeddable":true,"href":"https:\/\/narcopowders.com\/pt\/wp-json\/wp\/v2\/comments?post=19450"}],"wp:featuredmedia":[{"embeddable":true,"href":"https:\/\/narcopowders.com\/pt\/wp-json\/wp\/v2\/media\/19465"}],"wp:attachment":[{"href":"https:\/\/narcopowders.com\/pt\/wp-json\/wp\/v2\/media?parent=19450"}],"wp:term":[{"taxonomy":"product_brand","embeddable":true,"href":"https:\/\/narcopowders.com\/pt\/wp-json\/wp\/v2\/product_brand?post=19450"},{"taxonomy":"product_cat","embeddable":true,"href":"https:\/\/narcopowders.com\/pt\/wp-json\/wp\/v2\/product_cat?post=19450"},{"taxonomy":"product_tag","embeddable":true,"href":"https:\/\/narcopowders.com\/pt\/wp-json\/wp\/v2\/product_tag?post=19450"}],"curies":[{"name":"wp","href":"https:\/\/api.w.org\/{rel}","templated":true}]}}