{"id":19468,"date":"2023-07-29T08:57:44","date_gmt":"2023-07-29T08:57:44","guid":{"rendered":"https:\/\/narcopowders.com\/?post_type=product&#038;p=19468"},"modified":"2025-09-25T07:58:02","modified_gmt":"2025-09-25T07:58:02","slug":"buy-ketamine-crystal-rock","status":"publish","type":"product","link":"https:\/\/narcopowders.com\/pt\/produto\/buy-ketamine-crystal-rock\/","title":{"rendered":"Buy Ketamine Crystal Rock Online"},"content":{"rendered":"<h2>Comprar Ketamine Crystal Rock<\/h2>\n<p><a href=\"https:\/\/narcopowders.com\/pt\/produto\/buy-ketamine-crystal-rock\/\">Comprar Ketamine Crystal Rock online<\/a><\/p>\n<p><a href=\"https:\/\/en.wikipedia.org\/wiki\/Ketamine\">Comprar Ketamine Crystal Rock online<\/a> \u00e9 um medicamento usado principalmente em anestesia. Outras aplica\u00e7\u00f5es incluem dor cr\u00f3nica e seda\u00e7\u00e3o em cuidados intensivos.<\/p>\n<p>The abrupt high from <a href=\"https:\/\/narcopowders.com\/pt\/produto\/buy-ketamine-crystal-rock\/\">cloridrato de cetamina<\/a> O efeito r\u00e1pido que a cetamina provoca dura cerca de uma hora. Come\u00e7a 2 a 5 minutos depois de se fumar ou ingerir a dose. Quando se utiliza uma inje\u00e7\u00e3o, o efeito ocorre cerca de 30 segundos ap\u00f3s a inje\u00e7\u00e3o.<\/p>\n<p>A sensa\u00e7\u00e3o de relaxamento avassaladora que o utilizador experimenta como efeito inicial \u00e9 frequentemente referida como um zumbido de corpo inteiro. Alguns utilizadores dizem que se sentem como se estivessem a flutuar, e outros dizem mesmo que se sentem como se n\u00e3o estivessem no seu corpo. As alucina\u00e7\u00f5es s\u00e3o comuns e muitas vezes duram mais tempo do que os efeitos da anestesia.<a href=\"https:\/\/www.google.com\/search?q=Buy+Ketamine+Crystal+Rock+Online&amp;sca_esv=7d1b82273738a5db&amp;sxsrf=AHTn8zr3HBGVOAtLOqJfxtiPIVxAbwGqJg%3A1742907805129&amp;ei=naniZ-7SB6-VseMPltDB2QM&amp;ved=0ahUKEwiulefEpaWMAxWvSmwGHRZoMDsQ4dUDCA8&amp;uact=5&amp;oq=Buy+Ketamine+Crystal+Rock+Online&amp;gs_lp=Egxnd3Mtd2l6LXNlcnAiIEJ1eSBLZXRhbWluZSBDcnlzdGFsIFJvY2sgT25saW5lSL8SUABYAHAAeACQAQCYAbYCoAG2AqoBAzMtMbgBA8gBAPgBAvgBAZgCAKACAJgDAJIHAKAHVLIHALgHAA&amp;sclient=gws-wiz-serp\">Comprar cetamina de rocha cristalina<\/a><\/p>\n<p>Users have reported full and total dissociation from their bodies as a result of the <a href=\"https:\/\/www.bing.com\/search?q=Buy%20Ketamine%20Crystal%20Rock%20Online&amp;qs=n&amp;form=QBRE&amp;sp=-1&amp;lq=0&amp;pq=buy%20ketamine%20crystal%20rock%20online&amp;sc=0-32&amp;sk=&amp;cvid=6B9B6C1E7C4A4175B1918ED74CAB4531&amp;ghsh=0&amp;ghacc=0&amp;ghpl=\">more severe effects<\/a> Os utilizadores relataram uma dissocia\u00e7\u00e3o total e completa dos seus corpos como resultado dos efeitos mais graves que as doses mais elevadas podem induzir. Os efeitos assemelham-se aos que as pessoas que tiveram experi\u00eancias de quase-morte descreveram, e \u00e9 como estar no \"buraco K\"<\/p>\n<p>Recent advances in <a href=\"https:\/\/www.bing.com\/search?q=Buy%20Ketamine%20Crystal%20Rock%20Online&amp;qs=n&amp;form=QBRE&amp;sp=-1&amp;lq=0&amp;pq=buy%20ketamine%20crystal%20rock%20online&amp;sc=0-32&amp;sk=&amp;cvid=6B9B6C1E7C4A4175B1918ED74CAB4531&amp;ghsh=0&amp;ghacc=0&amp;ghpl=\">ketamine research emphasise the advantages<\/a> Os recentes avan\u00e7os na investiga\u00e7\u00e3o sobre a cetamina sublinham as vantagens que esta proporciona \u00e0s pessoas deprimidas. Sobretudo para quem j\u00e1 experimentou v\u00e1rios antidepressivos mas n\u00e3o conseguiu. Quando comparada com os SSRI, que s\u00e3o normalmente recomendados para tratar a depress\u00e3o, a cetamina funciona de forma diferente dentro do c\u00e9rebro. Uma vez controlada, a cetamina actua rapidamente.<\/p>\n<p>A cetamina tem um efeito estimulante distinto 40 minutos ap\u00f3s a administra\u00e7\u00e3o. Estudos recentes mostram \"uma enorme melhoria dos efeitos secund\u00e1rios onerosos em cerca de 24 horas ap\u00f3s a cetamina, em compara\u00e7\u00e3o com o tratamento falso\", de acordo com a publica\u00e7\u00e3o. <a href=\"https:\/\/duckduckgo.com\/?q=Buy+Ketamine+Crystal+Rock+Online&amp;t=h_&amp;ia=web\">ketamine compared with fake treatment<\/a>,&#8221; according to the publication.<\/p>\n<p>A cetamina inalada n\u00e3o revelou praticamente nenhum efeito psicotomim\u00e9tico ou dissociativo.<\/p>\n<p>With the right <a href=\"https:\/\/www.google.com\/search?q=Buy+Ketamine+Crystal+Rock+Online&amp;sca_esv=7d1b82273738a5db&amp;sxsrf=AHTn8zr3HBGVOAtLOqJfxtiPIVxAbwGqJg%3A1742907805129&amp;ei=naniZ-7SB6-VseMPltDB2QM&amp;ved=0ahUKEwiulefEpaWMAxWvSmwGHRZoMDsQ4dUDCA8&amp;uact=5&amp;oq=Buy+Ketamine+Crystal+Rock+Online&amp;gs_lp=Egxnd3Mtd2l6LXNlcnAiIEJ1eSBLZXRhbWluZSBDcnlzdGFsIFJvY2sgT25saW5lSL8SUABYAHAAeACQAQCYAbYCoAG2AqoBAzMtMbgBA8gBAPgBAvgBAZgCAKACAJgDAJIHAKAHVLIHALgHAA&amp;sclient=gws-wiz-serp\">ketamine administration technique<\/a>, this drug can help the brain promote new neuronal connections and <a href=\"https:\/\/duckduckgo.com\/?q=Buy+Ketamine+Crystal+Rock+Online&amp;t=h_&amp;ia=web\">provide long-term relief<\/a>.<\/p>","protected":false},"excerpt":{"rendered":"<p>Buy Ketamine Crystal Rock Buy Ketamine Crystal Rock online Buy Ketamine Crystal Rock online is a drug used primarily in anesthesia. Other applications include chronic pain and sedation in intensive care. The abrupt high from ketamine HCL lasts for roughly an hour. It begins 2 to 5 minutes after smoking or ingesting the dose. When [&hellip;]<\/p>","protected":false},"featured_media":19500,"comment_status":"open","ping_status":"closed","template":"","meta":{"_joinchat":[]},"product_brand":[],"product_cat":[1325],"product_tag":[],"class_list":{"0":"post-19468","1":"product","2":"type-product","3":"status-publish","4":"has-post-thumbnail","6":"product_cat-buy-ketamine-online","8":"first","9":"instock","10":"shipping-taxable","11":"purchasable","12":"product-type-variable","13":"has-default-attributes","14":"add-to-wishlist-after_add_to_cart"},"yoast_head":"<!-- This site is optimized with the Yoast SEO plugin v25.9 - https:\/\/yoast.com\/wordpress\/plugins\/seo\/ -->\n<title>Buy Ketamine Crystal Rock Online - Narco Powders<\/title>\n<meta name=\"robots\" content=\"index, follow, max-snippet:-1, max-image-preview:large, max-video-preview:-1\" \/>\n<link rel=\"canonical\" href=\"https:\/\/narcopowders.com\/pt\/produto\/buy-ketamine-crystal-rock\/\" \/>\n<meta property=\"og:locale\" content=\"pt_PT\" \/>\n<meta property=\"og:type\" content=\"article\" \/>\n<meta property=\"og:title\" content=\"Buy Ketamine Crystal Rock Online - Narco Powders\" \/>\n<meta property=\"og:description\" content=\"Buy Ketamine Crystal Rock Buy Ketamine Crystal Rock online Buy Ketamine Crystal Rock online is a drug used primarily in anesthesia. Other applications include chronic pain and sedation in intensive care. The abrupt high from ketamine HCL lasts for roughly an hour. It begins 2 to 5 minutes after smoking or ingesting the dose. When [&hellip;]\" \/>\n<meta property=\"og:url\" content=\"https:\/\/narcopowders.com\/pt\/produto\/buy-ketamine-crystal-rock\/\" \/>\n<meta property=\"og:site_name\" content=\"Narco Powders\" \/>\n<meta property=\"article:modified_time\" content=\"2025-09-25T07:58:02+00:00\" \/>\n<meta property=\"og:image\" content=\"https:\/\/narcopowders.com\/wp-content\/uploads\/2023\/07\/Buy-Ketamine-Crystal-Rock.jpg\" \/>\n\t<meta property=\"og:image:width\" content=\"600\" \/>\n\t<meta property=\"og:image:height\" content=\"600\" \/>\n\t<meta property=\"og:image:type\" content=\"image\/jpeg\" \/>\n<meta name=\"twitter:card\" content=\"summary_large_image\" \/>\n<meta name=\"twitter:label1\" content=\"Tempo estimado de leitura\" \/>\n\t<meta name=\"twitter:data1\" content=\"2 minutos\" \/>\n<!-- \/ Yoast SEO plugin. -->","yoast_head_json":{"title":"Buy Ketamine Crystal Rock Online - Narco Powders","robots":{"index":"index","follow":"follow","max-snippet":"max-snippet:-1","max-image-preview":"max-image-preview:large","max-video-preview":"max-video-preview:-1"},"canonical":"https:\/\/narcopowders.com\/pt\/produto\/buy-ketamine-crystal-rock\/","og_locale":"pt_PT","og_type":"article","og_title":"Buy Ketamine Crystal Rock Online - Narco Powders","og_description":"Buy Ketamine Crystal Rock Buy Ketamine Crystal Rock online Buy Ketamine Crystal Rock online is a drug used primarily in anesthesia. Other applications include chronic pain and sedation in intensive care. The abrupt high from ketamine HCL lasts for roughly an hour. It begins 2 to 5 minutes after smoking or ingesting the dose. When [&hellip;]","og_url":"https:\/\/narcopowders.com\/pt\/produto\/buy-ketamine-crystal-rock\/","og_site_name":"Narco Powders","article_modified_time":"2025-09-25T07:58:02+00:00","og_image":[{"width":600,"height":600,"url":"https:\/\/narcopowders.com\/wp-content\/uploads\/2023\/07\/Buy-Ketamine-Crystal-Rock.jpg","type":"image\/jpeg"}],"twitter_card":"summary_large_image","twitter_misc":{"Tempo estimado de leitura":"2 minutos"},"schema":{"@context":"https:\/\/schema.org","@graph":[{"@type":"WebPage","@id":"https:\/\/narcopowders.com\/product\/buy-ketamine-crystal-rock\/","url":"https:\/\/narcopowders.com\/product\/buy-ketamine-crystal-rock\/","name":"Buy Ketamine Crystal Rock Online - Narco Powders","isPartOf":{"@id":"https:\/\/narcopowders.com\/#website"},"primaryImageOfPage":{"@id":"https:\/\/narcopowders.com\/product\/buy-ketamine-crystal-rock\/#primaryimage"},"image":{"@id":"https:\/\/narcopowders.com\/product\/buy-ketamine-crystal-rock\/#primaryimage"},"thumbnailUrl":"https:\/\/narcopowders.com\/wp-content\/uploads\/2023\/07\/Buy-Ketamine-Crystal-Rock.jpg","datePublished":"2023-07-29T08:57:44+00:00","dateModified":"2025-09-25T07:58:02+00:00","breadcrumb":{"@id":"https:\/\/narcopowders.com\/product\/buy-ketamine-crystal-rock\/#breadcrumb"},"inLanguage":"pt-PT","potentialAction":[{"@type":"ReadAction","target":["https:\/\/narcopowders.com\/product\/buy-ketamine-crystal-rock\/"]}]},{"@type":"ImageObject","inLanguage":"pt-PT","@id":"https:\/\/narcopowders.com\/product\/buy-ketamine-crystal-rock\/#primaryimage","url":"https:\/\/narcopowders.com\/wp-content\/uploads\/2023\/07\/Buy-Ketamine-Crystal-Rock.jpg","contentUrl":"https:\/\/narcopowders.com\/wp-content\/uploads\/2023\/07\/Buy-Ketamine-Crystal-Rock.jpg","width":600,"height":600,"caption":"Buy-Ketamine-Crystal-Rock online"},{"@type":"BreadcrumbList","@id":"https:\/\/narcopowders.com\/product\/buy-ketamine-crystal-rock\/#breadcrumb","itemListElement":[{"@type":"ListItem","position":1,"name":"Home","item":"https:\/\/narcopowders.com\/"},{"@type":"ListItem","position":2,"name":"Shop Page","item":"https:\/\/narcopowders.com\/shop\/"},{"@type":"ListItem","position":3,"name":"Buy Ketamine Crystal Rock Online"}]},{"@type":"WebSite","@id":"https:\/\/narcopowders.com\/#website","url":"https:\/\/narcopowders.com\/","name":"P\u00f3s de narc\u00f3ticos","description":"O meu blogue WordPress","potentialAction":[{"@type":"SearchAction","target":{"@type":"EntryPoint","urlTemplate":"https:\/\/narcopowders.com\/?s={search_term_string}"},"query-input":{"@type":"PropertyValueSpecification","valueRequired":true,"valueName":"search_term_string"}}],"inLanguage":"pt-PT"}]}},"_links":{"self":[{"href":"https:\/\/narcopowders.com\/pt\/wp-json\/wp\/v2\/product\/19468","targetHints":{"allow":["GET"]}}],"collection":[{"href":"https:\/\/narcopowders.com\/pt\/wp-json\/wp\/v2\/product"}],"about":[{"href":"https:\/\/narcopowders.com\/pt\/wp-json\/wp\/v2\/types\/product"}],"replies":[{"embeddable":true,"href":"https:\/\/narcopowders.com\/pt\/wp-json\/wp\/v2\/comments?post=19468"}],"wp:featuredmedia":[{"embeddable":true,"href":"https:\/\/narcopowders.com\/pt\/wp-json\/wp\/v2\/media\/19500"}],"wp:attachment":[{"href":"https:\/\/narcopowders.com\/pt\/wp-json\/wp\/v2\/media?parent=19468"}],"wp:term":[{"taxonomy":"product_brand","embeddable":true,"href":"https:\/\/narcopowders.com\/pt\/wp-json\/wp\/v2\/product_brand?post=19468"},{"taxonomy":"product_cat","embeddable":true,"href":"https:\/\/narcopowders.com\/pt\/wp-json\/wp\/v2\/product_cat?post=19468"},{"taxonomy":"product_tag","embeddable":true,"href":"https:\/\/narcopowders.com\/pt\/wp-json\/wp\/v2\/product_tag?post=19468"}],"curies":[{"name":"wp","href":"https:\/\/api.w.org\/{rel}","templated":true}]}}