{"id":19471,"date":"2023-07-29T08:57:39","date_gmt":"2023-07-29T08:57:39","guid":{"rendered":"https:\/\/narcopowders.com\/?post_type=product&#038;p=19471"},"modified":"2025-09-25T07:59:44","modified_gmt":"2025-09-25T07:59:44","slug":"buy-ketamine-hcl","status":"publish","type":"product","link":"https:\/\/narcopowders.com\/pt\/produto\/buy-ketamine-hcl\/","title":{"rendered":"Comprar Ketamine HCL"},"content":{"rendered":"<h2>Comprar Ketamine HCL<\/h2>\n<p><strong>ANESTESIA \/ GEST\u00c3O DA DOR \/ DEPRESS\u00c3O<\/strong><\/p>\n<p><a href=\"https:\/\/narcopowders.com\/pt\/produto\/buy-ketamine-hcl\/\">Anaesthetic ketamine<\/a> is utilised for both surgical and <a href=\"https:\/\/narcopowders.com\/pt\/\">diagnostic treatments<\/a>. It ought to be given under the direction of <a href=\"https:\/\/duckduckgo.com\/?t=h_&amp;q=Buy+Ketamine+HCL+online&amp;ia=web\">qualified medical specialists<\/a>. While using this <a href=\"https:\/\/en.wikipedia.org\/wiki\/Ketamine\">medication<\/a>, \u00e9 necess\u00e1ria uma monitoriza\u00e7\u00e3o rigorosa da fun\u00e7\u00e3o card\u00edaca e pulmonar. Os doentes com uma doen\u00e7a conhecida <a href=\"https:\/\/www.bing.com\/search?q=Buy+Ketamine+HCL+online&amp;form=QBLH&amp;sp=-1&amp;lq=0&amp;pq=buy+ketamine+hcl+online&amp;sc=0-23&amp;qs=n&amp;sk=&amp;cvid=4F3EC29399624349B70E966AEAA1EC95&amp;ghsh=0&amp;ghacc=0&amp;ghpl=\">ketamine allergy<\/a> shouldn&#8217;t use this medication, according to the instructions.<br \/>\n<a href=\"https:\/\/www.google.com\/search?q=Buy+Ketamine+HCL+online&amp;sca_esv=2a2a93e8be91f013&amp;sxsrf=AHTn8zp8WJnyfBRbM0fws-WKVUq8_sttOg%3A1742968823043&amp;source=hp&amp;ei=9pfjZ7aqPKSQvr0Puq_zkQM&amp;iflsig=ACkRmUkAAAAAZ-OmB4SxRL4vPVEPCm_rNjxCKDs48jqs&amp;ved=0ahUKEwi2_bHsiKeMAxUkiK8BHbrXPDIQ4dUDCBo&amp;uact=5&amp;oq=Buy+Ketamine+HCL+online&amp;gs_lp=Egdnd3Mtd2l6IhdCdXkgS2V0YW1pbmUgSENMIG9ubGluZUjBBFAAWABwAHgAkAEAmAHYAaAB2AGqAQMyLTG4AQPIAQD4AQL4AQGYAgCgAgCYAwCSBwCgB0uyBwC4BwA&amp;sclient=gws-wiz\">Declara\u00e7\u00e3o de exonera\u00e7\u00e3o de responsabilidade<\/a><\/p>","protected":false},"excerpt":{"rendered":"<p>Buy Ketamine HCL ANESTHESIA \/ PAIN MANAGEMENT \/ DEPRESSION Anaesthetic ketamine is utilised for both surgical and diagnostic treatments. It ought to be given under the direction of qualified medical specialists. While using this medication, close monitoring of heart and lung function is required. Patients who have a known ketamine allergy shouldn&#8217;t use this medication, [&hellip;]<\/p>","protected":false},"featured_media":19501,"comment_status":"open","ping_status":"closed","template":"","meta":{"_joinchat":[]},"product_brand":[],"product_cat":[1325],"product_tag":[],"class_list":{"0":"post-19471","1":"product","2":"type-product","3":"status-publish","4":"has-post-thumbnail","6":"product_cat-buy-ketamine-online","8":"first","9":"instock","10":"shipping-taxable","11":"purchasable","12":"product-type-variable","13":"add-to-wishlist-after_add_to_cart"},"yoast_head":"<!-- This site is optimized with the Yoast SEO plugin v25.9 - https:\/\/yoast.com\/wordpress\/plugins\/seo\/ -->\n<title>Buy Ketamine HCL - Narco Powders<\/title>\n<meta name=\"robots\" content=\"index, follow, max-snippet:-1, max-image-preview:large, max-video-preview:-1\" \/>\n<link rel=\"canonical\" href=\"https:\/\/narcopowders.com\/pt\/produto\/buy-ketamine-hcl\/\" \/>\n<meta property=\"og:locale\" content=\"pt_PT\" \/>\n<meta property=\"og:type\" content=\"article\" \/>\n<meta property=\"og:title\" content=\"Buy Ketamine HCL - Narco Powders\" \/>\n<meta property=\"og:description\" content=\"Buy Ketamine HCL ANESTHESIA \/ PAIN MANAGEMENT \/ DEPRESSION Anaesthetic ketamine is utilised for both surgical and diagnostic treatments. It ought to be given under the direction of qualified medical specialists. While using this medication, close monitoring of heart and lung function is required. Patients who have a known ketamine allergy shouldn&#8217;t use this medication, [&hellip;]\" \/>\n<meta property=\"og:url\" content=\"https:\/\/narcopowders.com\/pt\/produto\/buy-ketamine-hcl\/\" \/>\n<meta property=\"og:site_name\" content=\"Narco Powders\" \/>\n<meta property=\"article:modified_time\" content=\"2025-09-25T07:59:44+00:00\" \/>\n<meta property=\"og:image\" content=\"https:\/\/narcopowders.com\/wp-content\/uploads\/2023\/07\/Buy-Ketamine-HCL.jpg\" \/>\n\t<meta property=\"og:image:width\" content=\"600\" \/>\n\t<meta property=\"og:image:height\" content=\"600\" \/>\n\t<meta property=\"og:image:type\" content=\"image\/jpeg\" \/>\n<meta name=\"twitter:card\" content=\"summary_large_image\" \/>\n<meta name=\"twitter:label1\" content=\"Tempo estimado de leitura\" \/>\n\t<meta name=\"twitter:data1\" content=\"1 minuto\" \/>\n<!-- \/ Yoast SEO plugin. -->","yoast_head_json":{"title":"Comprar Ketamine HCL - Narco Powders","robots":{"index":"index","follow":"follow","max-snippet":"max-snippet:-1","max-image-preview":"max-image-preview:large","max-video-preview":"max-video-preview:-1"},"canonical":"https:\/\/narcopowders.com\/pt\/produto\/buy-ketamine-hcl\/","og_locale":"pt_PT","og_type":"article","og_title":"Buy Ketamine HCL - Narco Powders","og_description":"Buy Ketamine HCL ANESTHESIA \/ PAIN MANAGEMENT \/ DEPRESSION Anaesthetic ketamine is utilised for both surgical and diagnostic treatments. It ought to be given under the direction of qualified medical specialists. While using this medication, close monitoring of heart and lung function is required. Patients who have a known ketamine allergy shouldn&#8217;t use this medication, [&hellip;]","og_url":"https:\/\/narcopowders.com\/pt\/produto\/buy-ketamine-hcl\/","og_site_name":"Narco Powders","article_modified_time":"2025-09-25T07:59:44+00:00","og_image":[{"width":600,"height":600,"url":"https:\/\/narcopowders.com\/wp-content\/uploads\/2023\/07\/Buy-Ketamine-HCL.jpg","type":"image\/jpeg"}],"twitter_card":"summary_large_image","twitter_misc":{"Tempo estimado de leitura":"1 minuto"},"schema":{"@context":"https:\/\/schema.org","@graph":[{"@type":"WebPage","@id":"https:\/\/narcopowders.com\/product\/buy-ketamine-hcl\/","url":"https:\/\/narcopowders.com\/product\/buy-ketamine-hcl\/","name":"Comprar Ketamine HCL - Narco Powders","isPartOf":{"@id":"https:\/\/narcopowders.com\/#website"},"primaryImageOfPage":{"@id":"https:\/\/narcopowders.com\/product\/buy-ketamine-hcl\/#primaryimage"},"image":{"@id":"https:\/\/narcopowders.com\/product\/buy-ketamine-hcl\/#primaryimage"},"thumbnailUrl":"https:\/\/narcopowders.com\/wp-content\/uploads\/2023\/07\/Buy-Ketamine-HCL.jpg","datePublished":"2023-07-29T08:57:39+00:00","dateModified":"2025-09-25T07:59:44+00:00","breadcrumb":{"@id":"https:\/\/narcopowders.com\/product\/buy-ketamine-hcl\/#breadcrumb"},"inLanguage":"pt-PT","potentialAction":[{"@type":"ReadAction","target":["https:\/\/narcopowders.com\/product\/buy-ketamine-hcl\/"]}]},{"@type":"ImageObject","inLanguage":"pt-PT","@id":"https:\/\/narcopowders.com\/product\/buy-ketamine-hcl\/#primaryimage","url":"https:\/\/narcopowders.com\/wp-content\/uploads\/2023\/07\/Buy-Ketamine-HCL.jpg","contentUrl":"https:\/\/narcopowders.com\/wp-content\/uploads\/2023\/07\/Buy-Ketamine-HCL.jpg","width":600,"height":600,"caption":"Buy-Ketamine-HCL online"},{"@type":"BreadcrumbList","@id":"https:\/\/narcopowders.com\/product\/buy-ketamine-hcl\/#breadcrumb","itemListElement":[{"@type":"ListItem","position":1,"name":"Home","item":"https:\/\/narcopowders.com\/"},{"@type":"ListItem","position":2,"name":"Shop Page","item":"https:\/\/narcopowders.com\/shop\/"},{"@type":"ListItem","position":3,"name":"Buy Ketamine HCL"}]},{"@type":"WebSite","@id":"https:\/\/narcopowders.com\/#website","url":"https:\/\/narcopowders.com\/","name":"P\u00f3s de narc\u00f3ticos","description":"O meu blogue WordPress","potentialAction":[{"@type":"SearchAction","target":{"@type":"EntryPoint","urlTemplate":"https:\/\/narcopowders.com\/?s={search_term_string}"},"query-input":{"@type":"PropertyValueSpecification","valueRequired":true,"valueName":"search_term_string"}}],"inLanguage":"pt-PT"}]}},"_links":{"self":[{"href":"https:\/\/narcopowders.com\/pt\/wp-json\/wp\/v2\/product\/19471","targetHints":{"allow":["GET"]}}],"collection":[{"href":"https:\/\/narcopowders.com\/pt\/wp-json\/wp\/v2\/product"}],"about":[{"href":"https:\/\/narcopowders.com\/pt\/wp-json\/wp\/v2\/types\/product"}],"replies":[{"embeddable":true,"href":"https:\/\/narcopowders.com\/pt\/wp-json\/wp\/v2\/comments?post=19471"}],"wp:featuredmedia":[{"embeddable":true,"href":"https:\/\/narcopowders.com\/pt\/wp-json\/wp\/v2\/media\/19501"}],"wp:attachment":[{"href":"https:\/\/narcopowders.com\/pt\/wp-json\/wp\/v2\/media?parent=19471"}],"wp:term":[{"taxonomy":"product_brand","embeddable":true,"href":"https:\/\/narcopowders.com\/pt\/wp-json\/wp\/v2\/product_brand?post=19471"},{"taxonomy":"product_cat","embeddable":true,"href":"https:\/\/narcopowders.com\/pt\/wp-json\/wp\/v2\/product_cat?post=19471"},{"taxonomy":"product_tag","embeddable":true,"href":"https:\/\/narcopowders.com\/pt\/wp-json\/wp\/v2\/product_tag?post=19471"}],"curies":[{"name":"wp","href":"https:\/\/api.w.org\/{rel}","templated":true}]}}