{"id":19504,"date":"2023-07-29T09:21:34","date_gmt":"2023-07-29T09:21:34","guid":{"rendered":"https:\/\/narcopowders.com\/?post_type=product&#038;p=19504"},"modified":"2025-09-25T08:16:45","modified_gmt":"2025-09-25T08:16:45","slug":"buy-ketamine-powder","status":"publish","type":"product","link":"https:\/\/narcopowders.com\/pt\/produto\/comprar-ketamina-em-po\/","title":{"rendered":"Comprar p\u00f3 de cetamina online"},"content":{"rendered":"<h2>Comprar p\u00f3 de cetamina online<\/h2>\n<h3>O que \u00e9 a cetamina?<\/h3>\n<p>Since the 1970s, <a href=\"https:\/\/www.bing.com\/search?q=Buy%20Ketamine%20Powder%20Online&amp;qs=n&amp;form=QBRE&amp;sp=-1&amp;lq=0&amp;pq=buy%20ketamine%20powder%20online&amp;sc=1-26&amp;sk=&amp;cvid=309B2C9F49BA448482453AD8D57E8491&amp;ghsh=0&amp;ghacc=0&amp;ghpl=\">ketamine<\/a> (nome comercial: Ketalar) est\u00e1 dispon\u00edvel mediante receita m\u00e9dica nos Estados Unidos, tanto para uso humano como veterin\u00e1rio. Trata-se de um anest\u00e9sico injet\u00e1vel dissociativo (bloqueia a perce\u00e7\u00e3o sensorial). <a href=\"https:\/\/www.bing.com\/search?q=Buy%20Ketamine%20Powder%20Online&amp;qs=n&amp;form=QBRE&amp;sp=-1&amp;lq=0&amp;pq=buy%20ketamine%20powder%20online&amp;sc=1-26&amp;sk=&amp;cvid=309B2C9F49BA448482453AD8D57E8491&amp;ghsh=0&amp;ghacc=0&amp;ghpl=\">Cetamina<\/a> on prescription can be purchased as a nasal spray, <a href=\"https:\/\/narcopowders.com\/pt\/\">clear liquid injection<\/a>, or off-white powder for intravenous use<a href=\"https:\/\/narcopowders.com\/pt\/product-category\/buy-cocaine-online\/\">.<\/a><\/p>\n<p>Because of its dissociative effects, <a href=\"https:\/\/en.wikipedia.org\/wiki\/Ketamine\">ketamine is frequently misused illegally<\/a>Devido aos seus efeitos dissociativos, a cetamina \u00e9 frequentemente utilizada ilegalmente de forma abusiva. As drogas que causam dissocia\u00e7\u00e3o podem distorcer o ambiente, o eu e o que nos rodeia. \u00c9 frequentemente \"snifada\" pelo nariz, injectada, adicionada a bebidas ou fumada juntamente com tabaco ou marijuana.<\/p>\n<p>Outros medicamentos dissociativos incluem o dextrometorfano (DXM), a s\u00e1lvia divinorum e a fenciclidina (PCP), como exemplos. O LSD, a psilocibina e a mescalina s\u00e3o todos considerados alucinog\u00e9nios.<\/p>\n<h3>Why is Ketamine Used Medically?<\/h3>\n<p><a href=\"https:\/\/www.google.com\/search?q=Buy+Ketamine+Powder+Online&amp;num=10&amp;sca_esv=1a2a07081c7891bb&amp;rlz=1C1RXQR_enIN1098IN1098&amp;sxsrf=AHTn8zrbbDy4EKTOM3nTtdr1qXlkXHUH2g%3A1741685832287&amp;ei=SATQZ6yiEYuR1e8Pr92a6Qo&amp;ved=0ahUKEwis5t-q3YGMAxWLSPUHHa-uJq0Q4dUDCBA&amp;uact=5&amp;oq=Buy+Ketamine+Powder+Online&amp;gs_lp=Egxnd3Mtd2l6LXNlcnAiGkJ1eSBLZXRhbWluZSBQb3dkZXIgT25saW5lSPgHUPkDWPkDcAJ4AJABAJgBhgKgAYYCqgEDMi0xuAEDyAEA-AEC-AEBmAIAoAIAmAMAiAYBkgcAoAdO&amp;sclient=gws-wiz-serp\">Cetamina<\/a> can reduce pain and cause temporary memory loss (such as amnesia from a medical procedure).<\/p>\n<p>\u00c9 utilizado como medica\u00e7\u00e3o de indu\u00e7\u00e3o e manuten\u00e7\u00e3o da anestesia geral durante a cirurgia.<\/p>\n<p>Al\u00e9m disso, tem sido utilizada para controlar a dor em crian\u00e7as que n\u00e3o podem utilizar outros anest\u00e9sicos devido a efeitos adversos ou alergias, na terapia de queimaduras e em casos de ferimentos de guerra.<br \/>\n<a href=\"https:\/\/www.google.com\/search?q=Buy+Ketamine+Powder+Online&amp;num=10&amp;sca_esv=1a2a07081c7891bb&amp;rlz=1C1RXQR_enIN1098IN1098&amp;sxsrf=AHTn8zrbbDy4EKTOM3nTtdr1qXlkXHUH2g%3A1741685832287&amp;ei=SATQZ6yiEYuR1e8Pr92a6Qo&amp;ved=0ahUKEwis5t-q3YGMAxWLSPUHHa-uJq0Q4dUDCBA&amp;uact=5&amp;oq=Buy+Ketamine+Powder+Online&amp;gs_lp=Egxnd3Mtd2l6LXNlcnAiGkJ1eSBLZXRhbWluZSBQb3dkZXIgT25saW5lSPgHUPkDWPkDcAJ4AJABAJgBhgKgAYYCqgEDMi0xuAEDyAEA-AEC-AEBmAIAoAIAmAMAiAYBkgcAoAdO&amp;sclient=gws-wiz-serp\">Cetamina<\/a> works quickly to alleviate acute suicidal ideation and depressive symptoms by inhibiting the N-methyl-D-aspartate (NMDA) site.<\/p>\n<p>It is frequently recommended as an <a href=\"https:\/\/duckduckgo.com\/?q=Buy+Ketamine+Powder+Online&amp;t=h_&amp;ia=web\">anaesthetic<\/a> in patients at risk of bronchospasm and respiratory depression when administered at regular doses.<\/p>\n<h3>Abuso de cetamina: Como \u00e9 que se faz?<\/h3>\n<p><a href=\"https:\/\/duckduckgo.com\/?q=Buy+Ketamine+Powder+Online&amp;t=h_&amp;ia=web\">Cetamina<\/a> A cetamina e os seus an\u00e1logos sint\u00e9ticos transformaram-se em drogas de abuso com efeitos psicad\u00e9licos, para al\u00e9m das suas utiliza\u00e7\u00f5es legais e m\u00e9dicas. Tamb\u00e9m tem sido utilizada como medicamento para \"viola\u00e7\u00e3o de encontros\".<\/p>\n<p>Quando utilizada de forma abusiva, \u00e9 frequentemente inalada (ou \"snifada\" pelo nariz) em p\u00fablico. Al\u00e9m disso, pode ser injectada, tomada por via oral como l\u00edquido (misturada em bebidas) ou fumada com tabaco ou marijuana. Em muitos casos, \u00e9 consumida em conjunto com outras drogas, como a coca\u00edna, o <a href=\"https:\/\/narcopowders.com\/pt\/produto\/comprar-ketamina-em-po\/\">MDMA<\/a>, ou anfetaminas. O uso de m\u00faltiplas drogas resultou em mortes.<\/p>","protected":false},"excerpt":{"rendered":"<p>Buy Ketamine Powder Online What is Ketamine? Since the 1970s, ketamine (brand name: Ketalar) has been accessible by prescription in the United States for both human and veterinary purposes. It is a dissociative injectable anaesthetic (blocks sensory perception). Ketamine on prescription can be purchased as a nasal spray, clear liquid injection, or off-white powder for [&hellip;]<\/p>","protected":false},"featured_media":19509,"comment_status":"open","ping_status":"closed","template":"","meta":{"_joinchat":[]},"product_brand":[],"product_cat":[1325],"product_tag":[],"class_list":{"0":"post-19504","1":"product","2":"type-product","3":"status-publish","4":"has-post-thumbnail","6":"product_cat-buy-ketamine-online","8":"first","9":"instock","10":"shipping-taxable","11":"purchasable","12":"product-type-variable","13":"add-to-wishlist-after_add_to_cart"},"yoast_head":"<!-- This site is optimized with the Yoast SEO plugin v25.9 - https:\/\/yoast.com\/wordpress\/plugins\/seo\/ -->\n<title>Buy Ketamine Powder Online - Narco Powders<\/title>\n<meta name=\"description\" content=\"Buy Ketamine Powder, Ketamine Powder For Sale | Where To Buy Ketamine Powder With Bitcoin. you can fine Quality powder Ketamine at narcopowders safely.\" \/>\n<meta name=\"robots\" content=\"index, follow, max-snippet:-1, max-image-preview:large, max-video-preview:-1\" \/>\n<link rel=\"canonical\" href=\"https:\/\/narcopowders.com\/pt\/produto\/comprar-ketamina-em-po\/\" \/>\n<meta property=\"og:locale\" content=\"pt_PT\" \/>\n<meta property=\"og:type\" content=\"article\" \/>\n<meta property=\"og:title\" content=\"Buy Ketamine Powder Online - Narco Powders\" \/>\n<meta property=\"og:description\" content=\"Buy Ketamine Powder, Ketamine Powder For Sale | Where To Buy Ketamine Powder With Bitcoin. you can fine Quality powder Ketamine at narcopowders safely.\" \/>\n<meta property=\"og:url\" content=\"https:\/\/narcopowders.com\/pt\/produto\/comprar-ketamina-em-po\/\" \/>\n<meta property=\"og:site_name\" content=\"Narco Powders\" \/>\n<meta property=\"article:modified_time\" content=\"2025-09-25T08:16:45+00:00\" \/>\n<meta property=\"og:image\" content=\"https:\/\/narcopowders.com\/wp-content\/uploads\/2023\/07\/Buy-Ketamine-Powde.jpg\" \/>\n\t<meta property=\"og:image:width\" content=\"600\" \/>\n\t<meta property=\"og:image:height\" content=\"600\" \/>\n\t<meta property=\"og:image:type\" content=\"image\/jpeg\" \/>\n<meta name=\"twitter:card\" content=\"summary_large_image\" \/>\n<meta name=\"twitter:label1\" content=\"Tempo estimado de leitura\" \/>\n\t<meta name=\"twitter:data1\" content=\"2 minutos\" \/>\n<!-- \/ Yoast SEO plugin. -->","yoast_head_json":{"title":"Buy Ketamine Powder Online - Narco Powders","description":"Comprar cetamina em p\u00f3, cetamina em p\u00f3 para venda | Onde comprar cetamina em p\u00f3 com Bitcoin. voc\u00ea pode comprar cetamina em p\u00f3 de qualidade fina em narcopowders com seguran\u00e7a.","robots":{"index":"index","follow":"follow","max-snippet":"max-snippet:-1","max-image-preview":"max-image-preview:large","max-video-preview":"max-video-preview:-1"},"canonical":"https:\/\/narcopowders.com\/pt\/produto\/comprar-ketamina-em-po\/","og_locale":"pt_PT","og_type":"article","og_title":"Buy Ketamine Powder Online - Narco Powders","og_description":"Buy Ketamine Powder, Ketamine Powder For Sale | Where To Buy Ketamine Powder With Bitcoin. you can fine Quality powder Ketamine at narcopowders safely.","og_url":"https:\/\/narcopowders.com\/pt\/produto\/comprar-ketamina-em-po\/","og_site_name":"Narco Powders","article_modified_time":"2025-09-25T08:16:45+00:00","og_image":[{"width":600,"height":600,"url":"https:\/\/narcopowders.com\/wp-content\/uploads\/2023\/07\/Buy-Ketamine-Powde.jpg","type":"image\/jpeg"}],"twitter_card":"summary_large_image","twitter_misc":{"Tempo estimado de leitura":"2 minutos"},"schema":{"@context":"https:\/\/schema.org","@graph":[{"@type":"WebPage","@id":"https:\/\/narcopowders.com\/product\/buy-ketamine-powder\/","url":"https:\/\/narcopowders.com\/product\/buy-ketamine-powder\/","name":"Buy Ketamine Powder Online - Narco Powders","isPartOf":{"@id":"https:\/\/narcopowders.com\/#website"},"primaryImageOfPage":{"@id":"https:\/\/narcopowders.com\/product\/buy-ketamine-powder\/#primaryimage"},"image":{"@id":"https:\/\/narcopowders.com\/product\/buy-ketamine-powder\/#primaryimage"},"thumbnailUrl":"https:\/\/narcopowders.com\/wp-content\/uploads\/2023\/07\/Buy-Ketamine-Powde.jpg","datePublished":"2023-07-29T09:21:34+00:00","dateModified":"2025-09-25T08:16:45+00:00","description":"Comprar cetamina em p\u00f3, cetamina em p\u00f3 para venda | Onde comprar cetamina em p\u00f3 com Bitcoin. voc\u00ea pode comprar cetamina em p\u00f3 de qualidade fina em narcopowders com seguran\u00e7a.","breadcrumb":{"@id":"https:\/\/narcopowders.com\/product\/buy-ketamine-powder\/#breadcrumb"},"inLanguage":"pt-PT","potentialAction":[{"@type":"ReadAction","target":["https:\/\/narcopowders.com\/product\/buy-ketamine-powder\/"]}]},{"@type":"ImageObject","inLanguage":"pt-PT","@id":"https:\/\/narcopowders.com\/product\/buy-ketamine-powder\/#primaryimage","url":"https:\/\/narcopowders.com\/wp-content\/uploads\/2023\/07\/Buy-Ketamine-Powde.jpg","contentUrl":"https:\/\/narcopowders.com\/wp-content\/uploads\/2023\/07\/Buy-Ketamine-Powde.jpg","width":600,"height":600,"caption":"Buy-Ketamine-Powder online"},{"@type":"BreadcrumbList","@id":"https:\/\/narcopowders.com\/product\/buy-ketamine-powder\/#breadcrumb","itemListElement":[{"@type":"ListItem","position":1,"name":"Home","item":"https:\/\/narcopowders.com\/"},{"@type":"ListItem","position":2,"name":"Shop Page","item":"https:\/\/narcopowders.com\/shop\/"},{"@type":"ListItem","position":3,"name":"Buy Ketamine Powder Online"}]},{"@type":"WebSite","@id":"https:\/\/narcopowders.com\/#website","url":"https:\/\/narcopowders.com\/","name":"P\u00f3s de narc\u00f3ticos","description":"O meu blogue WordPress","potentialAction":[{"@type":"SearchAction","target":{"@type":"EntryPoint","urlTemplate":"https:\/\/narcopowders.com\/?s={search_term_string}"},"query-input":{"@type":"PropertyValueSpecification","valueRequired":true,"valueName":"search_term_string"}}],"inLanguage":"pt-PT"}]}},"_links":{"self":[{"href":"https:\/\/narcopowders.com\/pt\/wp-json\/wp\/v2\/product\/19504","targetHints":{"allow":["GET"]}}],"collection":[{"href":"https:\/\/narcopowders.com\/pt\/wp-json\/wp\/v2\/product"}],"about":[{"href":"https:\/\/narcopowders.com\/pt\/wp-json\/wp\/v2\/types\/product"}],"replies":[{"embeddable":true,"href":"https:\/\/narcopowders.com\/pt\/wp-json\/wp\/v2\/comments?post=19504"}],"wp:featuredmedia":[{"embeddable":true,"href":"https:\/\/narcopowders.com\/pt\/wp-json\/wp\/v2\/media\/19509"}],"wp:attachment":[{"href":"https:\/\/narcopowders.com\/pt\/wp-json\/wp\/v2\/media?parent=19504"}],"wp:term":[{"taxonomy":"product_brand","embeddable":true,"href":"https:\/\/narcopowders.com\/pt\/wp-json\/wp\/v2\/product_brand?post=19504"},{"taxonomy":"product_cat","embeddable":true,"href":"https:\/\/narcopowders.com\/pt\/wp-json\/wp\/v2\/product_cat?post=19504"},{"taxonomy":"product_tag","embeddable":true,"href":"https:\/\/narcopowders.com\/pt\/wp-json\/wp\/v2\/product_tag?post=19504"}],"curies":[{"name":"wp","href":"https:\/\/api.w.org\/{rel}","templated":true}]}}