{"id":19507,"date":"2023-07-29T09:21:56","date_gmt":"2023-07-29T09:21:56","guid":{"rendered":"https:\/\/narcopowders.com\/?post_type=product&#038;p=19507"},"modified":"2025-09-25T08:20:55","modified_gmt":"2025-09-25T08:20:55","slug":"buy-ketamine-rotex-50mg-1ml","status":"publish","type":"product","link":"https:\/\/narcopowders.com\/pt\/produto\/comprar-ketamine-rotex-50mg-1ml\/","title":{"rendered":"Comprar Ketamine Rotex 50mg\/1ml"},"content":{"rendered":"<h2>Comprar Ketamine Rotex 50mg\/1ml<\/h2>\n<p><a href=\"https:\/\/narcopowders.com\/pt\/produto\/comprar-ketamine-rotex-50mg-1ml\/\">Comprar Ketamine Rotex Online<\/a><\/p>\n<p>O efeito r\u00e1pido que a cetamina provoca dura cerca de uma hora. Come\u00e7a 2 a 5 minutos depois de se fumar ou ingerir a dose. Quando se utiliza uma inje\u00e7\u00e3o, o efeito ocorre cerca de 30 segundos ap\u00f3s a inje\u00e7\u00e3o. <a href=\"https:\/\/narcopowders.com\/pt\/\">cetamina rotex online<\/a><\/p>\n<p>La <a href=\"https:\/\/www.bing.com\/search?q=Buy%20Ketamine%20Rotex%20Online&amp;qs=n&amp;form=QBRE&amp;sp=-1&amp;lq=0&amp;pq=buy%20ketamine%20rotex%20online&amp;sc=0-25&amp;sk=&amp;cvid=90D7C64D59B34FACBA43D679EB0165F5&amp;ghsh=0&amp;ghacc=0&amp;ghpl=\">A sensa\u00e7\u00e3o avassaladora de relaxamento que o<\/a> A sensa\u00e7\u00e3o de relaxamento avassaladora que o utilizador experimenta como efeito inicial \u00e9 frequentemente referida como um zumbido de corpo inteiro. Alguns utilizadores dizem que se sentem como se estivessem a flutuar, e outros at\u00e9 dizem que se sentem como se n\u00e3o estivessem no seu corpo.<\/p>\n<p>As alucina\u00e7\u00f5es s\u00e3o frequentes e duram frequentemente mais tempo do que os efeitos da anestesia.<a href=\"https:\/\/en.wikipedia.org\/wiki\/Ketamine\">Compras online de cetamina Rotex<\/a><\/p>\n<p><a href=\"https:\/\/www.google.com\/search?q=Buy+Ketamine+Rotex+Online&amp;sca_esv=2a2a93e8be91f013&amp;sxsrf=AHTn8zoVEDh58FZV0RrZSO-V2d31RQyAOA%3A1742969362343&amp;ei=EprjZ63aFNGNseMP84OF8Ao&amp;ved=0ahUKEwitq8ntiqeMAxXRRmwGHfNBAa4Q4dUDCA8&amp;uact=5&amp;oq=Buy+Ketamine+Rotex+Online&amp;gs_lp=Egxnd3Mtd2l6LXNlcnAiGUJ1eSBLZXRhbWluZSBSb3RleCBPbmxpbmVI1QlQ2gRY2gRwAngAkAEBmAGpAqAB5gOqAQUwLjEuMbgBA8gBAPgBAvgBAZgCAKACAJgDAIgGAZIHAKAHowGyBwC4BwA&amp;sclient=gws-wiz-serp\">Users report complete<\/a> Os utilizadores relatam uma dissocia\u00e7\u00e3o total e completa dos seus corpos em doses mais elevadas, o que pode ter efeitos mais graves.<\/p>\n<h3>Ketamine Rotex 50mg\/1ml barato pode ser comprado online.<\/h3>\n<p>Um estudo recente analisou a efic\u00e1cia de <a href=\"https:\/\/www.bing.com\/search?q=Buy%20Ketamine%20Rotex%20Online&amp;qs=n&amp;form=QBRE&amp;sp=-1&amp;lq=0&amp;pq=buy%20ketamine%20rotex%20online&amp;sc=0-25&amp;sk=&amp;cvid=90D7C64D59B34FACBA43D679EB0165F5&amp;ghsh=0&amp;ghacc=0&amp;ghpl=\">ketamine in reducing social tension<\/a>.<\/p>\n<p>18 adultos que tinham sido considerados<\/p>\n<p>A marca Rotex \u00e9 utilizada por uma empresa que fabrica a solu\u00e7\u00e3o de cetamina. <a href=\"https:\/\/duckduckgo.com\/?q=Buy+Ketamine+Rotex+Online&amp;t=h_&amp;ia=web\">manufactures ketamine solution<\/a>.<\/p>\n<p>\u00c9 um medicamento que inicia o processo de separa\u00e7\u00e3o da sua situa\u00e7\u00e3o atual.<\/p>\n<p>\u00c9 um sedativo dissociativo, por isso estabiliza-o, ajuda-o a esquecer, mas n\u00e3o o deixa completamente inconsciente.<\/p>\n<p>Depois de tomar um destes medicamentos, tem vontade de adormecer.<\/p>\n<p>It is an artificial <a href=\"https:\/\/www.google.com\/search?q=Buy+Ketamine+Rotex+Online&amp;sca_esv=2a2a93e8be91f013&amp;sxsrf=AHTn8zoVEDh58FZV0RrZSO-V2d31RQyAOA%3A1742969362343&amp;ei=EprjZ63aFNGNseMP84OF8Ao&amp;ved=0ahUKEwitq8ntiqeMAxXRRmwGHfNBAa4Q4dUDCA8&amp;uact=5&amp;oq=Buy+Ketamine+Rotex+Online&amp;gs_lp=Egxnd3Mtd2l6LXNlcnAiGUJ1eSBLZXRhbWluZSBSb3RleCBPbmxpbmVI1QlQ2gRY2gRwAngAkAEBmAGpAqAB5gOqAQUwLjEuMbgBA8gBAPgBAvgBAZgCAKACAJgDAIgGAZIHAKAHowGyBwC4BwA&amp;sclient=gws-wiz-serp\">NMDA<\/a> agonista do recetor. O N-metil-D-aspartato \u00e9 conhecido por NMDA. A teoria mais recente sugere que atua atrav\u00e9s de um metabolito ou degrada\u00e7\u00e3o <a href=\"https:\/\/duckduckgo.com\/?q=Buy+Ketamine+Rotex+Online&amp;t=h_&amp;ia=web\">product of ketamine<\/a>, embora o mecanismo exato de a\u00e7\u00e3o ainda n\u00e3o seja claro. Clique aqui para uma defini\u00e7\u00e3o mais aprofundada de cetamina.<\/p>\n<p>&nbsp;<\/p>","protected":false},"excerpt":{"rendered":"<p>Buy Ketamine Rotex 50mg\/1ml Buy Ketamine Rotex Online The rapid high that ketamine causes lasts for roughly one hour. It begins 2 to 5 minutes after smoking or ingesting the dose. When an injection is used, it occurs about 30 seconds after the injection. online rotex ketamine The overpowering sense of relaxation that the user [&hellip;]<\/p>","protected":false},"featured_media":19511,"comment_status":"open","ping_status":"closed","template":"","meta":{"_joinchat":[]},"product_brand":[],"product_cat":[1325],"product_tag":[],"class_list":{"0":"post-19507","1":"product","2":"type-product","3":"status-publish","4":"has-post-thumbnail","6":"product_cat-buy-ketamine-online","8":"first","9":"instock","10":"shipping-taxable","11":"purchasable","12":"product-type-variable","13":"add-to-wishlist-after_add_to_cart"},"yoast_head":"<!-- This site is optimized with the Yoast SEO plugin v25.9 - https:\/\/yoast.com\/wordpress\/plugins\/seo\/ -->\n<title>Buy Ketamine Rotex 50mg\/1ml - Narco Powders<\/title>\n<meta name=\"description\" content=\"Buy Ketamine Rotex Online, Narcopowders is Selling Good Grade Ketamine for Bulk Order Rotex Ketamine online, High-Quality Bulk Ketamine Supply.\" \/>\n<meta name=\"robots\" content=\"index, follow, max-snippet:-1, max-image-preview:large, max-video-preview:-1\" \/>\n<link rel=\"canonical\" href=\"https:\/\/narcopowders.com\/pt\/produto\/comprar-ketamine-rotex-50mg-1ml\/\" \/>\n<meta property=\"og:locale\" content=\"pt_PT\" \/>\n<meta property=\"og:type\" content=\"article\" \/>\n<meta property=\"og:title\" content=\"Buy Ketamine Rotex 50mg\/1ml - Narco Powders\" \/>\n<meta property=\"og:description\" content=\"Buy Ketamine Rotex Online, Narcopowders is Selling Good Grade Ketamine for Bulk Order Rotex Ketamine online, High-Quality Bulk Ketamine Supply.\" \/>\n<meta property=\"og:url\" content=\"https:\/\/narcopowders.com\/pt\/produto\/comprar-ketamine-rotex-50mg-1ml\/\" \/>\n<meta property=\"og:site_name\" content=\"Narco Powders\" \/>\n<meta property=\"article:modified_time\" content=\"2025-09-25T08:20:55+00:00\" \/>\n<meta property=\"og:image\" content=\"https:\/\/narcopowders.com\/wp-content\/uploads\/2023\/07\/Buy-Ketamine-Rotex.jpg\" \/>\n\t<meta property=\"og:image:width\" content=\"600\" \/>\n\t<meta property=\"og:image:height\" content=\"600\" \/>\n\t<meta property=\"og:image:type\" content=\"image\/jpeg\" \/>\n<meta name=\"twitter:card\" content=\"summary_large_image\" \/>\n<meta name=\"twitter:label1\" content=\"Tempo estimado de leitura\" \/>\n\t<meta name=\"twitter:data1\" content=\"2 minutos\" \/>\n<!-- \/ Yoast SEO plugin. -->","yoast_head_json":{"title":"Comprar Ketamine Rotex 50mg\/1ml - Narco Powders","description":"Buy Ketamine Rotex Online, Narcopowders is Selling Good Grade Ketamine for Bulk Order Rotex Ketamine online, High-Quality Bulk Ketamine Supply.","robots":{"index":"index","follow":"follow","max-snippet":"max-snippet:-1","max-image-preview":"max-image-preview:large","max-video-preview":"max-video-preview:-1"},"canonical":"https:\/\/narcopowders.com\/pt\/produto\/comprar-ketamine-rotex-50mg-1ml\/","og_locale":"pt_PT","og_type":"article","og_title":"Buy Ketamine Rotex 50mg\/1ml - Narco Powders","og_description":"Buy Ketamine Rotex Online, Narcopowders is Selling Good Grade Ketamine for Bulk Order Rotex Ketamine online, High-Quality Bulk Ketamine Supply.","og_url":"https:\/\/narcopowders.com\/pt\/produto\/comprar-ketamine-rotex-50mg-1ml\/","og_site_name":"Narco Powders","article_modified_time":"2025-09-25T08:20:55+00:00","og_image":[{"width":600,"height":600,"url":"https:\/\/narcopowders.com\/wp-content\/uploads\/2023\/07\/Buy-Ketamine-Rotex.jpg","type":"image\/jpeg"}],"twitter_card":"summary_large_image","twitter_misc":{"Tempo estimado de leitura":"2 minutos"},"schema":{"@context":"https:\/\/schema.org","@graph":[{"@type":"WebPage","@id":"https:\/\/narcopowders.com\/product\/buy-ketamine-rotex-50mg-1ml\/","url":"https:\/\/narcopowders.com\/product\/buy-ketamine-rotex-50mg-1ml\/","name":"Comprar Ketamine Rotex 50mg\/1ml - Narco Powders","isPartOf":{"@id":"https:\/\/narcopowders.com\/#website"},"primaryImageOfPage":{"@id":"https:\/\/narcopowders.com\/product\/buy-ketamine-rotex-50mg-1ml\/#primaryimage"},"image":{"@id":"https:\/\/narcopowders.com\/product\/buy-ketamine-rotex-50mg-1ml\/#primaryimage"},"thumbnailUrl":"https:\/\/narcopowders.com\/wp-content\/uploads\/2023\/07\/Buy-Ketamine-Rotex.jpg","datePublished":"2023-07-29T09:21:56+00:00","dateModified":"2025-09-25T08:20:55+00:00","description":"Buy Ketamine Rotex Online, Narcopowders is Selling Good Grade Ketamine for Bulk Order Rotex Ketamine online, High-Quality Bulk Ketamine Supply.","breadcrumb":{"@id":"https:\/\/narcopowders.com\/product\/buy-ketamine-rotex-50mg-1ml\/#breadcrumb"},"inLanguage":"pt-PT","potentialAction":[{"@type":"ReadAction","target":["https:\/\/narcopowders.com\/product\/buy-ketamine-rotex-50mg-1ml\/"]}]},{"@type":"ImageObject","inLanguage":"pt-PT","@id":"https:\/\/narcopowders.com\/product\/buy-ketamine-rotex-50mg-1ml\/#primaryimage","url":"https:\/\/narcopowders.com\/wp-content\/uploads\/2023\/07\/Buy-Ketamine-Rotex.jpg","contentUrl":"https:\/\/narcopowders.com\/wp-content\/uploads\/2023\/07\/Buy-Ketamine-Rotex.jpg","width":600,"height":600,"caption":"Buy-Ketamine-Rotex online"},{"@type":"BreadcrumbList","@id":"https:\/\/narcopowders.com\/product\/buy-ketamine-rotex-50mg-1ml\/#breadcrumb","itemListElement":[{"@type":"ListItem","position":1,"name":"Home","item":"https:\/\/narcopowders.com\/"},{"@type":"ListItem","position":2,"name":"Shop Page","item":"https:\/\/narcopowders.com\/shop\/"},{"@type":"ListItem","position":3,"name":"Buy Ketamine Rotex 50mg\/1ml"}]},{"@type":"WebSite","@id":"https:\/\/narcopowders.com\/#website","url":"https:\/\/narcopowders.com\/","name":"P\u00f3s de narc\u00f3ticos","description":"O meu blogue WordPress","potentialAction":[{"@type":"SearchAction","target":{"@type":"EntryPoint","urlTemplate":"https:\/\/narcopowders.com\/?s={search_term_string}"},"query-input":{"@type":"PropertyValueSpecification","valueRequired":true,"valueName":"search_term_string"}}],"inLanguage":"pt-PT"}]}},"_links":{"self":[{"href":"https:\/\/narcopowders.com\/pt\/wp-json\/wp\/v2\/product\/19507","targetHints":{"allow":["GET"]}}],"collection":[{"href":"https:\/\/narcopowders.com\/pt\/wp-json\/wp\/v2\/product"}],"about":[{"href":"https:\/\/narcopowders.com\/pt\/wp-json\/wp\/v2\/types\/product"}],"replies":[{"embeddable":true,"href":"https:\/\/narcopowders.com\/pt\/wp-json\/wp\/v2\/comments?post=19507"}],"wp:featuredmedia":[{"embeddable":true,"href":"https:\/\/narcopowders.com\/pt\/wp-json\/wp\/v2\/media\/19511"}],"wp:attachment":[{"href":"https:\/\/narcopowders.com\/pt\/wp-json\/wp\/v2\/media?parent=19507"}],"wp:term":[{"taxonomy":"product_brand","embeddable":true,"href":"https:\/\/narcopowders.com\/pt\/wp-json\/wp\/v2\/product_brand?post=19507"},{"taxonomy":"product_cat","embeddable":true,"href":"https:\/\/narcopowders.com\/pt\/wp-json\/wp\/v2\/product_cat?post=19507"},{"taxonomy":"product_tag","embeddable":true,"href":"https:\/\/narcopowders.com\/pt\/wp-json\/wp\/v2\/product_tag?post=19507"}],"curies":[{"name":"wp","href":"https:\/\/api.w.org\/{rel}","templated":true}]}}