{"id":19508,"date":"2023-07-29T09:21:40","date_gmt":"2023-07-29T09:21:40","guid":{"rendered":"https:\/\/narcopowders.com\/?post_type=product&#038;p=19508"},"modified":"2025-09-25T08:19:15","modified_gmt":"2025-09-25T08:19:15","slug":"buy-ketamine-rocks","status":"publish","type":"product","link":"https:\/\/narcopowders.com\/pt\/produto\/comprar-ketamine-rocks\/","title":{"rendered":"Buy Ketamine Rocks Online"},"content":{"rendered":"<h2>Comprar Ketamine Rocks<\/h2>\n<p><a href=\"https:\/\/narcopowders.com\/pt\/produto\/comprar-ketamine-rocks\/\">Comprar Ketamine Crystal Rock online<\/a><\/p>\n<p>A common application for the medication <a href=\"https:\/\/www.bing.com\/search?q=Buy%20Ketamine%20Rocks%20Online&amp;qs=n&amp;form=QBRE&amp;sp=-1&amp;lq=0&amp;pq=buy%20ketamine%20rocks%20online&amp;sc=0-25&amp;sk=&amp;cvid=DCF60421973A4EFCBD042ABC4E510649&amp;ghsh=0&amp;ghacc=0&amp;ghpl=\">Ketamine Crystal Rock<\/a> \u00e9 a anestesia. A dor cr\u00f3nica e a seda\u00e7\u00e3o em cuidados agudos s\u00e3o outras aplica\u00e7\u00f5es.<\/p>\n<p>The abrupt high from <a href=\"https:\/\/www.bing.com\/search?q=Buy%20Ketamine%20Rocks%20Online&amp;qs=n&amp;form=QBRE&amp;sp=-1&amp;lq=0&amp;pq=buy%20ketamine%20rocks%20online&amp;sc=0-25&amp;sk=&amp;cvid=DCF60421973A4EFCBD042ABC4E510649&amp;ghsh=0&amp;ghacc=0&amp;ghpl=\">cloridrato de cetamina<\/a> O efeito r\u00e1pido que a cetamina provoca dura cerca de uma hora. Come\u00e7a 2 a 5 minutos depois de se fumar ou ingerir a dose. Quando se utiliza uma inje\u00e7\u00e3o, o efeito ocorre cerca de 30 segundos ap\u00f3s a inje\u00e7\u00e3o.<\/p>\n<p>A sensa\u00e7\u00e3o de relaxamento avassaladora que o utilizador experimenta como efeito inicial \u00e9 frequentemente referida como um zumbido de corpo inteiro. Alguns utilizadores dizem que se sentem como se estivessem a flutuar, e outros dizem mesmo que se sentem como se n\u00e3o estivessem no seu corpo. As alucina\u00e7\u00f5es s\u00e3o comuns e muitas vezes duram mais tempo do que os efeitos da anestesia. <a href=\"https:\/\/www.google.com\/search?q=Buy+Ketamine+Rocks+Online&amp;num=10&amp;sca_esv=1a2a07081c7891bb&amp;rlz=1C1RXQR_enIN1098IN1098&amp;sxsrf=AHTn8zo3S-FVfUCUfoDtPkswaKPB3WdbUQ%3A1741762655339&amp;ei=XzDRZ4CyFKCXjuMPwKjDwAE&amp;ved=0ahUKEwjA3erC-4OMAxWgi2MGHUDUEBgQ4dUDCBA&amp;uact=5&amp;oq=Buy+Ketamine+Rocks+Online&amp;gs_lp=Egxnd3Mtd2l6LXNlcnAiGUJ1eSBLZXRhbWluZSBSb2NrcyBPbmxpbmVIkQdQpANYpANwAngAkAEAmAH3AaAB9wGqAQMyLTG4AQPIAQD4AQL4AQGYAgCgAgCYAwCIBgGSBwCgB00&amp;sclient=gws-wiz-serp\">Comprar cetamina de rocha cristalina<\/a><\/p>\n<p>Os utilizadores relataram uma dissocia\u00e7\u00e3o total e completa dos seus corpos em resultado dos efeitos mais graves que as doses mais elevadas podem induzir. As sensa\u00e7\u00f5es s\u00e3o referidas como estando no \"buraco K\" e s\u00e3o compar\u00e1veis \u00e0s que as pessoas que tiveram experi\u00eancias de quase-morte experimentaram.<a href=\"https:\/\/www.google.com\/search?q=Buy+Ketamine+Rocks+Online&amp;num=10&amp;sca_esv=1a2a07081c7891bb&amp;rlz=1C1RXQR_enIN1098IN1098&amp;sxsrf=AHTn8zo3S-FVfUCUfoDtPkswaKPB3WdbUQ%3A1741762655339&amp;ei=XzDRZ4CyFKCXjuMPwKjDwAE&amp;ved=0ahUKEwjA3erC-4OMAxWgi2MGHUDUEBgQ4dUDCBA&amp;uact=5&amp;oq=Buy+Ketamine+Rocks+Online&amp;gs_lp=Egxnd3Mtd2l6LXNlcnAiGUJ1eSBLZXRhbWluZSBSb2NrcyBPbmxpbmVIkQdQpANYpANwAngAkAEAmAH3AaAB9wGqAQMyLTG4AQPIAQD4AQL4AQGYAgCgAgCYAwCIBgGSBwCgB00&amp;sclient=gws-wiz-serp\">K-hole<\/a>e\u201d e s\u00e3o compar\u00e1veis \u200b\u200b\u00e0quelas vivenciadas por pessoas que tiveram experi\u00eancias de quase morte.<\/p>\n<p>Recent advances in <a href=\"https:\/\/duckduckgo.com\/?q=Buy+Ketamine+Rocks+Online&amp;t=h_&amp;ia=web\">ketamine research<\/a> Os recentes avan\u00e7os na investiga\u00e7\u00e3o sobre a cetamina sublinham as vantagens que esta proporciona \u00e0s pessoas deprimidas. Sobretudo para quem j\u00e1 experimentou v\u00e1rios antidepressivos mas n\u00e3o conseguiu. Quando comparada com os SSRI, que s\u00e3o normalmente recomendados para tratar a depress\u00e3o, a cetamina funciona de forma diferente dentro do c\u00e9rebro. Uma vez controlada, a cetamina actua rapidamente. <a href=\"https:\/\/en.wikipedia.org\/wiki\/Ketamine\">ketamine operates quickly<\/a>.<\/p>\n<p>A cetamina tem um efeito estimulante distinto 40 minutos ap\u00f3s a administra\u00e7\u00e3o. Estudos recentes mostram \"uma enorme melhoria dos efeitos secund\u00e1rios onerosos em cerca de 24 horas ap\u00f3s a cetamina, em compara\u00e7\u00e3o com o tratamento falso\", de acordo com a publica\u00e7\u00e3o.<a href=\"https:\/\/duckduckgo.com\/?q=Buy+Ketamine+Rocks+Online&amp;t=h_&amp;ia=web\"> ketamine<\/a> compared with fake treatment,&#8221; according to the publication.<\/p>\n<p><a href=\"https:\/\/narcopowders.com\/pt\/\">Cetamina<\/a> inhaled revealed hardly any psychotomimetic or dissociative effects.<\/p>\n<p>Com a t\u00e9cnica correcta de administra\u00e7\u00e3o da cetamina, este medicamento pode ajudar o c\u00e9rebro a promover novas liga\u00e7\u00f5es neuronais e proporcionar um al\u00edvio a longo prazo.<\/p>","protected":false},"excerpt":{"rendered":"<p>Comprar Ketamine Rocks Comprar Ketamine Crystal Rock online Uma aplica\u00e7\u00e3o comum para o medicamento Ketamine Crystal Rock \u00e9 a anestesia. A dor cr\u00f3nica e a seda\u00e7\u00e3o em cuidados agudos s\u00e3o outras aplica\u00e7\u00f5es. O efeito abrupto da cetamina HCL dura cerca de uma hora. Come\u00e7a 2 a 5 minutos depois de fumares ou ingerires a dose. Quando uma inje\u00e7\u00e3o [...]<\/p>","protected":false},"featured_media":19510,"comment_status":"open","ping_status":"closed","template":"","meta":{"_joinchat":[]},"product_brand":[],"product_cat":[1325],"product_tag":[],"class_list":{"0":"post-19508","1":"product","2":"type-product","3":"status-publish","4":"has-post-thumbnail","6":"product_cat-buy-ketamine-online","8":"first","9":"instock","10":"shipping-taxable","11":"purchasable","12":"product-type-variable","13":"add-to-wishlist-after_add_to_cart"},"yoast_head":"<!-- This site is optimized with the Yoast SEO plugin v25.9 - https:\/\/yoast.com\/wordpress\/plugins\/seo\/ -->\n<title>Buy Ketamine Rocks Online - Narco Powders<\/title>\n<meta name=\"robots\" content=\"index, follow, max-snippet:-1, max-image-preview:large, max-video-preview:-1\" \/>\n<link rel=\"canonical\" href=\"https:\/\/narcopowders.com\/pt\/produto\/comprar-ketamine-rocks\/\" \/>\n<meta property=\"og:locale\" content=\"pt_PT\" \/>\n<meta property=\"og:type\" content=\"article\" \/>\n<meta property=\"og:title\" content=\"Buy Ketamine Rocks Online - Narco Powders\" \/>\n<meta property=\"og:description\" content=\"Buy Ketamine Rocks Buy Ketamine Crystal Rock online A common application for the medication Ketamine Crystal Rock is anaesthesia. Chronic pain and sedation in acute care are further applications. The abrupt high from ketamine HCL lasts for roughly an hour. It begins 2 to 5 minutes after smoking or ingesting the dose. When an injection [&hellip;]\" \/>\n<meta property=\"og:url\" content=\"https:\/\/narcopowders.com\/pt\/produto\/comprar-ketamine-rocks\/\" \/>\n<meta property=\"og:site_name\" content=\"Narco Powders\" \/>\n<meta property=\"article:modified_time\" content=\"2025-09-25T08:19:15+00:00\" \/>\n<meta property=\"og:image\" content=\"https:\/\/narcopowders.com\/wp-content\/uploads\/2023\/07\/Buy-Ketamine-Rocks.jpg\" \/>\n\t<meta property=\"og:image:width\" content=\"600\" \/>\n\t<meta property=\"og:image:height\" content=\"600\" \/>\n\t<meta property=\"og:image:type\" content=\"image\/jpeg\" \/>\n<meta name=\"twitter:card\" content=\"summary_large_image\" \/>\n<meta name=\"twitter:label1\" content=\"Tempo estimado de leitura\" \/>\n\t<meta name=\"twitter:data1\" content=\"2 minutos\" \/>\n<!-- \/ Yoast SEO plugin. -->","yoast_head_json":{"title":"Buy Ketamine Rocks Online - Narco Powders","robots":{"index":"index","follow":"follow","max-snippet":"max-snippet:-1","max-image-preview":"max-image-preview:large","max-video-preview":"max-video-preview:-1"},"canonical":"https:\/\/narcopowders.com\/pt\/produto\/comprar-ketamine-rocks\/","og_locale":"pt_PT","og_type":"article","og_title":"Buy Ketamine Rocks Online - Narco Powders","og_description":"Buy Ketamine Rocks Buy Ketamine Crystal Rock online A common application for the medication Ketamine Crystal Rock is anaesthesia. Chronic pain and sedation in acute care are further applications. The abrupt high from ketamine HCL lasts for roughly an hour. It begins 2 to 5 minutes after smoking or ingesting the dose. When an injection [&hellip;]","og_url":"https:\/\/narcopowders.com\/pt\/produto\/comprar-ketamine-rocks\/","og_site_name":"Narco Powders","article_modified_time":"2025-09-25T08:19:15+00:00","og_image":[{"width":600,"height":600,"url":"https:\/\/narcopowders.com\/wp-content\/uploads\/2023\/07\/Buy-Ketamine-Rocks.jpg","type":"image\/jpeg"}],"twitter_card":"summary_large_image","twitter_misc":{"Tempo estimado de leitura":"2 minutos"},"schema":{"@context":"https:\/\/schema.org","@graph":[{"@type":"WebPage","@id":"https:\/\/narcopowders.com\/product\/buy-ketamine-rocks\/","url":"https:\/\/narcopowders.com\/product\/buy-ketamine-rocks\/","name":"Buy Ketamine Rocks Online - Narco Powders","isPartOf":{"@id":"https:\/\/narcopowders.com\/#website"},"primaryImageOfPage":{"@id":"https:\/\/narcopowders.com\/product\/buy-ketamine-rocks\/#primaryimage"},"image":{"@id":"https:\/\/narcopowders.com\/product\/buy-ketamine-rocks\/#primaryimage"},"thumbnailUrl":"https:\/\/narcopowders.com\/wp-content\/uploads\/2023\/07\/Buy-Ketamine-Rocks.jpg","datePublished":"2023-07-29T09:21:40+00:00","dateModified":"2025-09-25T08:19:15+00:00","breadcrumb":{"@id":"https:\/\/narcopowders.com\/product\/buy-ketamine-rocks\/#breadcrumb"},"inLanguage":"pt-PT","potentialAction":[{"@type":"ReadAction","target":["https:\/\/narcopowders.com\/product\/buy-ketamine-rocks\/"]}]},{"@type":"ImageObject","inLanguage":"pt-PT","@id":"https:\/\/narcopowders.com\/product\/buy-ketamine-rocks\/#primaryimage","url":"https:\/\/narcopowders.com\/wp-content\/uploads\/2023\/07\/Buy-Ketamine-Rocks.jpg","contentUrl":"https:\/\/narcopowders.com\/wp-content\/uploads\/2023\/07\/Buy-Ketamine-Rocks.jpg","width":600,"height":600,"caption":"Buy-Ketamine-Rocks online"},{"@type":"BreadcrumbList","@id":"https:\/\/narcopowders.com\/product\/buy-ketamine-rocks\/#breadcrumb","itemListElement":[{"@type":"ListItem","position":1,"name":"Home","item":"https:\/\/narcopowders.com\/"},{"@type":"ListItem","position":2,"name":"Shop Page","item":"https:\/\/narcopowders.com\/shop\/"},{"@type":"ListItem","position":3,"name":"Buy Ketamine Rocks Online"}]},{"@type":"WebSite","@id":"https:\/\/narcopowders.com\/#website","url":"https:\/\/narcopowders.com\/","name":"P\u00f3s de narc\u00f3ticos","description":"O meu blogue WordPress","potentialAction":[{"@type":"SearchAction","target":{"@type":"EntryPoint","urlTemplate":"https:\/\/narcopowders.com\/?s={search_term_string}"},"query-input":{"@type":"PropertyValueSpecification","valueRequired":true,"valueName":"search_term_string"}}],"inLanguage":"pt-PT"}]}},"_links":{"self":[{"href":"https:\/\/narcopowders.com\/pt\/wp-json\/wp\/v2\/product\/19508","targetHints":{"allow":["GET"]}}],"collection":[{"href":"https:\/\/narcopowders.com\/pt\/wp-json\/wp\/v2\/product"}],"about":[{"href":"https:\/\/narcopowders.com\/pt\/wp-json\/wp\/v2\/types\/product"}],"replies":[{"embeddable":true,"href":"https:\/\/narcopowders.com\/pt\/wp-json\/wp\/v2\/comments?post=19508"}],"wp:featuredmedia":[{"embeddable":true,"href":"https:\/\/narcopowders.com\/pt\/wp-json\/wp\/v2\/media\/19510"}],"wp:attachment":[{"href":"https:\/\/narcopowders.com\/pt\/wp-json\/wp\/v2\/media?parent=19508"}],"wp:term":[{"taxonomy":"product_brand","embeddable":true,"href":"https:\/\/narcopowders.com\/pt\/wp-json\/wp\/v2\/product_brand?post=19508"},{"taxonomy":"product_cat","embeddable":true,"href":"https:\/\/narcopowders.com\/pt\/wp-json\/wp\/v2\/product_cat?post=19508"},{"taxonomy":"product_tag","embeddable":true,"href":"https:\/\/narcopowders.com\/pt\/wp-json\/wp\/v2\/product_tag?post=19508"}],"curies":[{"name":"wp","href":"https:\/\/api.w.org\/{rel}","templated":true}]}}