{"id":20481,"date":"2024-05-23T06:14:06","date_gmt":"2024-05-23T06:14:06","guid":{"rendered":"https:\/\/narcopowders.com\/?post_type=product&#038;p=20481"},"modified":"2025-03-26T07:53:12","modified_gmt":"2025-03-26T07:53:12","slug":"buy-5f-mdp-online","status":"publish","type":"product","link":"https:\/\/narcopowders.com\/pt\/produto\/5f-mdp\/","title":{"rendered":"Comprar 5F-MDP online"},"content":{"rendered":"<h2>Comprar 5F-MDP online<\/h2>\n<p><a href=\"https:\/\/narcopowders.com\/pt\/produto\/5f-mdp\/\">Buy 5F-MDP<\/a>, O indazol sint\u00e9tico 5F-MDP est\u00e1 intimamente relacionado com o 5f-mdmb-2201. \u00c9 uma forma sint\u00e9tica de indazol-3-carboxamida amplamente utilizada. S\u00e3o agonistas CB1 altamente potentes. N\u00e3o \u00e9 reconhecida como uma subst\u00e2ncia reconhecida em qualquer parte do pa\u00eds ou jurisdi\u00e7\u00e3o. Acredita-se que estes sejam an\u00e1logos de 5F ou compostos relacionados. Por ser comercializado como um produto qu\u00edmico de investiga\u00e7\u00e3o, n\u00e3o \u00e9 adequado para consumo humano ou animal. S\u00f3 podem ser utilizados por especialistas forenses ou laboratoriais qualificados. Pode <a href=\"https:\/\/narcopowders.com\/pt\/\">purchase 5F-MDP online<\/a> at a reasonable price from <a href=\"https:\/\/en.wikipedia.org\/wiki\/5F-MDMB-PICA\">Narcop\u00f3lvora<\/a> .<\/p>\n<h3>O passado do 5F-MDP<\/h3>\n<p>5F-MDP crystals are also known as <a href=\"https:\/\/www.bing.com\/search?q=Buy%205F-MDP%20online&amp;qs=n&amp;form=QBRE&amp;sp=-1&amp;lq=0&amp;pq=buy%205f-mdp%20online&amp;sc=9-17&amp;sk=&amp;cvid=6901E34219794B65A3244E12C26E5706&amp;ghsh=0&amp;ghacc=0&amp;ghpl=\">5F-AMB-PICA<\/a>, 5F-MMB-PICA e I-AMB. Este canabin\u00f3ide artificial \u00e9 derivado da indole-3-carboxamida. \u00c9 comercializado como uma droga de design e \u00e9 considerado um ingrediente ativo em misturas sint\u00e9ticas de can\u00e1bis. Foi implantada na Bielorr\u00fassia e na R\u00fassia em janeiro de 2014. O an\u00e1logo \u00e9 um n\u00facleo de indol 5F-AMB. Os compostos canabin\u00f3ides sint\u00e9ticos mais recentes com um n\u00facleo de indol-3-carboxamida ou de indazol-3-carboxamida, incluindo um grupo N-1-metoxicarbonilo com um substituinte isopropilo ou t-butilo, foram considerados menos perigosos do que os compostos de can\u00e1bis sint\u00e9tica mais antigos<\/p>\n<h3>Porque \u00e9 que somos o melhor local para comprar 5F-MDP?<\/h3>\n<p>If you want to <a href=\"https:\/\/www.bing.com\/search?q=Buy%205F-MDP%20online&amp;qs=n&amp;form=QBRE&amp;sp=-1&amp;lq=0&amp;pq=buy%205f-mdp%20online&amp;sc=9-17&amp;sk=&amp;cvid=6901E34219794B65A3244E12C26E5706&amp;ghsh=0&amp;ghacc=0&amp;ghpl=\">compre um 5F-MDP online<\/a> Sem ter de mostrar a sua receita a ningu\u00e9m, veio ao s\u00edtio certo. Fornecemos uma vasta gama de produtos qu\u00edmicos a pre\u00e7os competitivos.<\/p>\n<p>O nosso objetivo \u00e9 oferecer o melhor servi\u00e7o de entrega poss\u00edvel para produtos de primeira qualidade no mais curto espa\u00e7o de tempo.<\/p>\n<p>Com uma massa molar de 376,5 g mol -1, a nossa loja online \u00e9 de cor castanha ou amarela. A f\u00f3rmula molecular da mol\u00e9cula \u00e9 C21H29FN203 e a sua pureza \u00e9 superior a 99,7%. O produto qu\u00edmico tamb\u00e9m pode ser transportado para os cantos mais remotos do mundo. Tamb\u00e9m prometemos que os produtos ser\u00e3o entregues em perfeitas condi\u00e7\u00f5es.<\/p>\n<p>Contact our online store to buy 5F-MDP. We will securely pack your entire order and deliver it to you. <a href=\"https:\/\/duckduckgo.com\/?q=Buy+5F-MDP+online&amp;t=h_&amp;ia=web\">Get 5F-MDP now<\/a>!<\/p>\n<h3>Encomendar 5F-MDP na Buy Nembutal hoje!<\/h3>\n<p>5F-MDMB-2201 for sale is a powerful <a href=\"https:\/\/www.google.com\/search?q=Buy+5F-MDP+online&amp;sca_esv=2a2a93e8be91f013&amp;sxsrf=AHTn8zrFZUv2vyzplVAmMnvJTgMv8Ix2Ag%3A1742975117935&amp;ei=jbDjZ8DhOI-hseMPieTPsQU&amp;ved=0ahUKEwiA3IamoKeMAxWPUGwGHQnyM1YQ4dUDCA8&amp;uact=5&amp;oq=Buy+5F-MDP+online&amp;gs_lp=Egxnd3Mtd2l6LXNlcnAiEUJ1eSA1Ri1NRFAgb25saW5lMgQQIxgnMgUQABjvBUjzBlDCAVjCAXABeACQAQCYAfoBoAH6AaoBAzItMbgBA8gBAPgBAfgBApgCAqACqAKoAhTCAgcQIxgnGOoCwgIUEAAYgAQYkQIYtAIYigUY6gLYAQHCAhQQABiABBjjBBi0AhjpBBjqAtgBAcICEBAAGAMYtAIY6gIYjwHYAQHCAhAQLhgDGLQCGOoCGI8B2AEBmAMk8QU8T4IcLrT-_boGBggBEAEYAZIHBTEuMC4xoAfXArIHAzItMbgHhAI&amp;sclient=gws-wiz-serp\">pesquisa qu\u00edmica<\/a> O 5F-MDMB-2201 para venda \u00e9 um poderoso produto qu\u00edmico de investiga\u00e7\u00e3o que est\u00e1 a tornar-se cada vez mais popular entre cientistas, investigadores e amadores. Este composto \u00e9 conhecido por seus v\u00e1rios benef\u00edcios m\u00e9dicos e tamb\u00e9m foi identificado como um potencial candidato a medicamento. No NarcoPowders, voc\u00ea pode comprar facilmente 5F-MDMB-2201 online a pre\u00e7os acess\u00edveis. <a href=\"https:\/\/duckduckgo.com\/?q=Buy+5F-MDP+online&amp;t=h_&amp;ia=web\">Narcop\u00f3lvora<\/a>, you can easily buy 5F-MDMB-2201 online at affordable prices.<\/p>\n<h3>Vantagens e utiliza\u00e7\u00e3o da 5F-MDP.<\/h3>\n<p><a href=\"https:\/\/www.google.com\/search?q=Buy+5F-MDP+online&amp;sca_esv=2a2a93e8be91f013&amp;sxsrf=AHTn8zrFZUv2vyzplVAmMnvJTgMv8Ix2Ag%3A1742975117935&amp;ei=jbDjZ8DhOI-hseMPieTPsQU&amp;ved=0ahUKEwiA3IamoKeMAxWPUGwGHQnyM1YQ4dUDCA8&amp;uact=5&amp;oq=Buy+5F-MDP+online&amp;gs_lp=Egxnd3Mtd2l6LXNlcnAiEUJ1eSA1Ri1NRFAgb25saW5lMgQQIxgnMgUQABjvBUjzBlDCAVjCAXABeACQAQCYAfoBoAH6AaoBAzItMbgBA8gBAPgBAfgBApgCAqACqAKoAhTCAgcQIxgnGOoCwgIUEAAYgAQYkQIYtAIYigUY6gLYAQHCAhQQABiABBjjBBi0AhjpBBjqAtgBAcICEBAAGAMYtAIY6gIYjwHYAQHCAhAQLhgDGLQCGOoCGI8B2AEBmAMk8QU8T4IcLrT-_boGBggBEAEYAZIHBTEuMC4xoAfXArIHAzItMbgHhAI&amp;sclient=gws-wiz-serp\">5f Mdmb 2201<\/a> O \u00e9 um canabin\u00f3ide sint\u00e9tico que se acredita ter muitos dos mesmos benef\u00edcios medicinais que o THC. Este composto est\u00e1 atualmente a ser investigado pelo seu potencial valor terap\u00eautico numa variedade de doen\u00e7as. Algumas das condi\u00e7\u00f5es em que o 5F MDMB 2201 online demonstrou ser eficaz contra a epilepsia e a ansiedade. Al\u00e9m disso, o 5f Mdmb 2201 demonstrou ser eficaz contra a doen\u00e7a de Alzheimer e outras formas de dem\u00eancia. Embora ainda existam algumas incertezas quanto \u00e0 gama completa de efeitos terap\u00eauticos do 5f Mdmb 2201, existe um grande potencial para que este composto se torne um ator importante no tratamento m\u00e9dico no futuro.<\/p>","protected":false},"excerpt":{"rendered":"<p>Buy 5F-MDP online Buy 5F-MDP, The synthetic indazole 5F-MDP is closely related to 5f-mdmb-2201. It is a synthetic form of indazole-3-carboxamide that is widely used. They are highly potent CB1 agonists. It is not recognized as a recognized substance in any part of the country or jurisdiction. These are believed to be analogues of 5F [&hellip;]<\/p>","protected":false},"featured_media":21302,"comment_status":"open","ping_status":"closed","template":"","meta":{"_joinchat":[]},"product_brand":[],"product_cat":[1724,1538],"product_tag":[],"class_list":{"0":"post-20481","1":"product","2":"type-product","3":"status-publish","4":"has-post-thumbnail","6":"product_cat-research-chemicals","7":"product_cat-cannabinoids","9":"first","10":"instock","11":"shipping-taxable","12":"purchasable","13":"product-type-variable","14":"add-to-wishlist-after_add_to_cart"},"yoast_head":"<!-- This site is optimized with the Yoast SEO plugin v25.9 - https:\/\/yoast.com\/wordpress\/plugins\/seo\/ -->\n<title>Buy 5F-MDP Online - 5F-MDP for Sale | NarcoPowders<\/title>\n<meta name=\"description\" content=\"Discover top-notch 5f-mdp for sale at our online store - buy 5f-mdp powder conveniently and securely to fuel your research. Explore and buy 5f-mdp online, advancing your scientific endeavors with ease. Order Now!\" \/>\n<meta name=\"robots\" content=\"index, follow, max-snippet:-1, max-image-preview:large, max-video-preview:-1\" \/>\n<link rel=\"canonical\" href=\"https:\/\/narcopowders.com\/pt\/produto\/5f-mdp\/\" \/>\n<meta property=\"og:locale\" content=\"pt_PT\" \/>\n<meta property=\"og:type\" content=\"article\" \/>\n<meta property=\"og:title\" content=\"Buy 5F-MDP Online - 5F-MDP for Sale | NarcoPowders\" \/>\n<meta property=\"og:description\" content=\"Discover top-notch 5f-mdp for sale at our online store - buy 5f-mdp powder conveniently and securely to fuel your research. Explore and buy 5f-mdp online, advancing your scientific endeavors with ease. Order Now!\" \/>\n<meta property=\"og:url\" content=\"https:\/\/narcopowders.com\/pt\/produto\/5f-mdp\/\" \/>\n<meta property=\"og:site_name\" content=\"Narco Powders\" \/>\n<meta property=\"article:modified_time\" content=\"2025-03-26T07:53:12+00:00\" \/>\n<meta property=\"og:image\" content=\"https:\/\/narcopowders.com\/wp-content\/uploads\/2024\/05\/5f-mdp.gif\" \/>\n\t<meta property=\"og:image:width\" content=\"600\" \/>\n\t<meta property=\"og:image:height\" content=\"600\" \/>\n\t<meta property=\"og:image:type\" content=\"image\/gif\" \/>\n<meta name=\"twitter:card\" content=\"summary_large_image\" \/>\n<meta name=\"twitter:label1\" content=\"Tempo estimado de leitura\" \/>\n\t<meta name=\"twitter:data1\" content=\"3 minutos\" \/>\n<!-- \/ Yoast SEO plugin. -->","yoast_head_json":{"title":"Comprar 5F-MDP Online - 5F-MDP para Venda | NarcoPowders","description":"Descubra o 5f-mdp de primeira qualidade para venda na nossa loja online - compre 5f-mdp em p\u00f3 de forma conveniente e segura para alimentar a sua investiga\u00e7\u00e3o. Explore e compre 5f-mdp online, avan\u00e7ando seus esfor\u00e7os cient\u00edficos com facilidade. Encomendar agora!","robots":{"index":"index","follow":"follow","max-snippet":"max-snippet:-1","max-image-preview":"max-image-preview:large","max-video-preview":"max-video-preview:-1"},"canonical":"https:\/\/narcopowders.com\/pt\/produto\/5f-mdp\/","og_locale":"pt_PT","og_type":"article","og_title":"Buy 5F-MDP Online - 5F-MDP for Sale | NarcoPowders","og_description":"Discover top-notch 5f-mdp for sale at our online store - buy 5f-mdp powder conveniently and securely to fuel your research. Explore and buy 5f-mdp online, advancing your scientific endeavors with ease. Order Now!","og_url":"https:\/\/narcopowders.com\/pt\/produto\/5f-mdp\/","og_site_name":"Narco Powders","article_modified_time":"2025-03-26T07:53:12+00:00","og_image":[{"width":600,"height":600,"url":"https:\/\/narcopowders.com\/wp-content\/uploads\/2024\/05\/5f-mdp.gif","type":"image\/gif"}],"twitter_card":"summary_large_image","twitter_misc":{"Tempo estimado de leitura":"3 minutos"},"schema":{"@context":"https:\/\/schema.org","@graph":[{"@type":"WebPage","@id":"https:\/\/narcopowders.com\/product\/buy-5f-mdp-online\/","url":"https:\/\/narcopowders.com\/product\/buy-5f-mdp-online\/","name":"Comprar 5F-MDP Online - 5F-MDP para Venda | NarcoPowders","isPartOf":{"@id":"https:\/\/narcopowders.com\/#website"},"primaryImageOfPage":{"@id":"https:\/\/narcopowders.com\/product\/buy-5f-mdp-online\/#primaryimage"},"image":{"@id":"https:\/\/narcopowders.com\/product\/buy-5f-mdp-online\/#primaryimage"},"thumbnailUrl":"https:\/\/narcopowders.com\/wp-content\/uploads\/2024\/05\/5f-mdp.gif","datePublished":"2024-05-23T06:14:06+00:00","dateModified":"2025-03-26T07:53:12+00:00","description":"Descubra o 5f-mdp de primeira qualidade para venda na nossa loja online - compre 5f-mdp em p\u00f3 de forma conveniente e segura para alimentar a sua investiga\u00e7\u00e3o. Explore e compre 5f-mdp online, avan\u00e7ando seus esfor\u00e7os cient\u00edficos com facilidade. Encomendar agora!","breadcrumb":{"@id":"https:\/\/narcopowders.com\/product\/buy-5f-mdp-online\/#breadcrumb"},"inLanguage":"pt-PT","potentialAction":[{"@type":"ReadAction","target":["https:\/\/narcopowders.com\/product\/buy-5f-mdp-online\/"]}]},{"@type":"ImageObject","inLanguage":"pt-PT","@id":"https:\/\/narcopowders.com\/product\/buy-5f-mdp-online\/#primaryimage","url":"https:\/\/narcopowders.com\/wp-content\/uploads\/2024\/05\/5f-mdp.gif","contentUrl":"https:\/\/narcopowders.com\/wp-content\/uploads\/2024\/05\/5f-mdp.gif","width":600,"height":600,"caption":"Buy 5f-mdp Online"},{"@type":"BreadcrumbList","@id":"https:\/\/narcopowders.com\/product\/buy-5f-mdp-online\/#breadcrumb","itemListElement":[{"@type":"ListItem","position":1,"name":"Home","item":"https:\/\/narcopowders.com\/"},{"@type":"ListItem","position":2,"name":"Shop Page","item":"https:\/\/narcopowders.com\/shop\/"},{"@type":"ListItem","position":3,"name":"Buy 5F-MDP Online"}]},{"@type":"WebSite","@id":"https:\/\/narcopowders.com\/#website","url":"https:\/\/narcopowders.com\/","name":"P\u00f3s de narc\u00f3ticos","description":"O meu blogue WordPress","potentialAction":[{"@type":"SearchAction","target":{"@type":"EntryPoint","urlTemplate":"https:\/\/narcopowders.com\/?s={search_term_string}"},"query-input":{"@type":"PropertyValueSpecification","valueRequired":true,"valueName":"search_term_string"}}],"inLanguage":"pt-PT"}]}},"_links":{"self":[{"href":"https:\/\/narcopowders.com\/pt\/wp-json\/wp\/v2\/product\/20481","targetHints":{"allow":["GET"]}}],"collection":[{"href":"https:\/\/narcopowders.com\/pt\/wp-json\/wp\/v2\/product"}],"about":[{"href":"https:\/\/narcopowders.com\/pt\/wp-json\/wp\/v2\/types\/product"}],"replies":[{"embeddable":true,"href":"https:\/\/narcopowders.com\/pt\/wp-json\/wp\/v2\/comments?post=20481"}],"wp:featuredmedia":[{"embeddable":true,"href":"https:\/\/narcopowders.com\/pt\/wp-json\/wp\/v2\/media\/21302"}],"wp:attachment":[{"href":"https:\/\/narcopowders.com\/pt\/wp-json\/wp\/v2\/media?parent=20481"}],"wp:term":[{"taxonomy":"product_brand","embeddable":true,"href":"https:\/\/narcopowders.com\/pt\/wp-json\/wp\/v2\/product_brand?post=20481"},{"taxonomy":"product_cat","embeddable":true,"href":"https:\/\/narcopowders.com\/pt\/wp-json\/wp\/v2\/product_cat?post=20481"},{"taxonomy":"product_tag","embeddable":true,"href":"https:\/\/narcopowders.com\/pt\/wp-json\/wp\/v2\/product_tag?post=20481"}],"curies":[{"name":"wp","href":"https:\/\/api.w.org\/{rel}","templated":true}]}}