{"id":20488,"date":"2024-05-23T06:14:11","date_gmt":"2024-05-23T06:14:11","guid":{"rendered":"https:\/\/narcopowders.com\/?post_type=product&#038;p=20488"},"modified":"2025-03-26T12:54:51","modified_gmt":"2025-03-26T12:54:51","slug":"buy-3f-pvp-online","status":"publish","type":"product","link":"https:\/\/narcopowders.com\/pt\/produto\/buy-3f-pvp-online\/","title":{"rendered":"\u00a0Comprar 3F-PVP Online"},"content":{"rendered":"<h2>Comprar 3F-PVP (3FPVP) CRISTALOS online nos EUA.<\/h2>\n<p><a href=\"https:\/\/narcopowders.com\/pt\/produto\/buy-3f-pvp-online\/\">Comprar 3F-PVP (3FPVP) CRISTALOS<\/a> at <a href=\"https:\/\/narcopowders.com\/pt\/\">Narcop\u00f3lvora<\/a> to meet all your chemical needs. The company<\/p>\n<p>esfor\u00e7a-se por prestar aos seus clientes o melhor servi\u00e7o poss\u00edvel, tendo conquistado a confian\u00e7a de muitas pessoas .<\/p>\n<h3>3F-PVP: O QUE \u00c9?<\/h3>\n<p><a href=\"https:\/\/en.wikipedia.org\/wiki\/3F-PVP\">3F-PVP online<\/a> O \u00e9 um NarcoPowders da classe das catinonas e tem as mesmas propriedades que o A-PHP. 3F-alfa-PVP \u00e9 o nome qu\u00edmico do 3F-PVP. A 3f-PVP tem um peso molecular de 249,32 e a f\u00f3rmula C15H20FNO .<\/p>\n<p>A dosagem de 3F-PVP produz uma sensa\u00e7\u00e3o de euforia moderada a intensa que permeia todo o corpo. Em segundo lugar, pode ser avassaladora em doses elevadas. Promove actividades recreativas como a dan\u00e7a, a escalada e a corrida.<\/p>\n<p>Por vezes, torna-se imposs\u00edvel. Os tremores graves das m\u00e3os e uma falta geral de controlo motor s\u00e3o causados pelo cerrar dos maxilares, tremores involunt\u00e1rios do corpo e vibra\u00e7\u00f5es, tornando dif\u00edcil ou muitas vezes imposs\u00edvel permanecer im\u00f3vel. Embora este medicamento tenha alguns efeitos negativos, tais como: No entanto, devido a certos sintomas, como a capacidade de uma pessoa mover os olhos para a frente e para tr\u00e1s de forma brusca, o que pode causar uma vis\u00e3o tempor\u00e1ria e desfocada, recomenda-se que fale sempre com o seu m\u00e9dico antes de o utilizar. Comprar 3F-PVP (3FPVP) CRYSTALS online em Portugal. <a href=\"https:\/\/www.bing.com\/search?q=%C2%A0Buy%203F-PVP%20Online&amp;qs=n&amp;form=QBRE&amp;sp=-1&amp;lq=0&amp;pq=%C2%A0buy%203f-pvp%20online&amp;sc=9-18&amp;sk=&amp;cvid=F12718026CAD4580A2F80BB8B3515159&amp;ghsh=0&amp;ghacc=0&amp;ghpl=\">Comprar 3F-PVP (3FPVP) CRISTALOS online nos EUA.<\/a>.<\/p>\n<h3>O S\u00cdTIO IDEAL PARA COMPRAR 3F-PVP ONLINE<\/h3>\n<p>Um dos retalhistas online de 3F-PVP com boa reputa\u00e7\u00e3o e confian\u00e7a \u00e9 a NarcoPowders. Os clientes fizeram muitos coment\u00e1rios positivos \u00e0 empresa, afirmando que recebem produtos da mais alta qualidade poss\u00edvel.<\/p>\n<p>Para comprar o 3F-PVP online \u00e9 necess\u00e1rio ter pelo menos dezoito anos de idade. Oferecemos encomendas online de 3F-PVP em quantidades que v\u00e3o desde alguns miligramas at\u00e9 25 quilogramas. A empresa oferece servi\u00e7os de envio para todo o mundo. Para garantir que ningu\u00e9m descobre o que est\u00e1 no pacote, cada pacote \u00e9 embalado individualmente. Todas as suas informa\u00e7\u00f5es s\u00e3o guardadas no nosso sistema. Por conseguinte, n\u00e3o h\u00e1 qualquer possibilidade de os seus dados serem comprometidos. As mercadorias ser\u00e3o entregues o mais rapidamente poss\u00edvel.<\/p>\n<h3>COMPRAR CRISTAIS DE 3F-PVP (3FPVP) ONLINE.<\/h3>\n<p><strong>Descri\u00e7\u00e3o<\/strong><\/p>\n<p>Would you like to <a href=\"https:\/\/duckduckgo.com\/?q=%C2%A0Buy+3F-PVP+Online&amp;t=h_&amp;ia=web\">comprar p\u00f3 3F-PVP<\/a>Gostaria de comprar 3F-PVP em p\u00f3, 3-fluoro-\u03b1-pirrolidinovalerofenona? Ent\u00e3o veio ao s\u00edtio certo! Todos os produtos qu\u00edmicos de investiga\u00e7\u00e3o na nossa loja virtual s\u00e3o testados em laborat\u00f3rio e da mais alta qualidade. As encomendas s\u00e3o embaladas de forma discreta e enviadas no prazo de 24 horas. Al\u00e9m disso, pode pagar de forma segura e r\u00e1pida com Bitcoin e criptomoedas.<\/p>\n<h3>Onde posso comprar 3F-PVP?<\/h3>\n<p>Na nossa loja online encontrar\u00e1 todos os seus produtos qu\u00edmicos de investiga\u00e7\u00e3o e aqui tamb\u00e9m pode encomendar 3F-PVP na melhor qualidade. <a href=\"https:\/\/www.google.com\/search?q=%C2%A0Buy+3F-PVP+Online&amp;sca_esv=2a2a93e8be91f013&amp;sxsrf=AHTn8zpPPsmwzj6zJPLCOE80jLMxwLxZgA%3A1742973216562&amp;ei=IKnjZ-eFIpO4seMP8OfD6A4&amp;ved=0ahUKEwjnlbSbmaeMAxUTXGwGHfDzEO0Q4dUDCA8&amp;uact=5&amp;oq=%C2%A0Buy+3F-PVP+Online&amp;gs_lp=Egxnd3Mtd2l6LXNlcnAiE8KgQnV5IDNGLVBWUCBPbmxpbmUyBBAjGCcyCBAAGIAEGKIEMgUQABjvBTIFEAAY7wUyBRAAGO8FSI4HUM4BWM4BcAF4AJABAJgBtwGgAbcBqgEDMC4xuAEDyAEA-AEB-AECmAICoALyAagCFMICBxAjGCcY6gLCAg0QLhjRAxjHARgnGOoCwgIUEAAYgAQYkQIYtAIYigUY6gLYAQHCAhQQLhiABBiRAhi0AhiKBRjqAtgBAcICEBAAGAMYtAIY6gIYjwHYAQGYAzDxBYUf81X8VCZnugYGCAEQARgBkgcDMS4xoAfeA7IHAzAuMbgHwgE&amp;sclient=gws-wiz-serp\">pe\u00e7a 3F-PVP na melhor qualidade<\/a>.<\/p>\n<p>Esta subst\u00e2ncia destina-se apenas a ser utilizada em laborat\u00f3rio.<\/p>\n<p>Certifique-se sempre de que toma as devidas precau\u00e7\u00f5es de seguran\u00e7a. Por exemplo, n\u00e3o se esque\u00e7a de cobrir a pele exposta e de usar \u00f3culos de prote\u00e7\u00e3o.<\/p>\n<p>Nota: Tal como outros produtos qu\u00edmicos de investiga\u00e7\u00e3o, o 3F-PVP destina-se apenas a fins de investiga\u00e7\u00e3o e n\u00e3o deve ser consumido por seres humanos, animais ou outros seres vivos.<\/p>\n<p>Conservar num local seco e fresco para garantir um prazo de validade m\u00e1ximo.<\/p>\n<p>N\u00e3o vendemos produtos qu\u00edmicos de investiga\u00e7\u00e3o a pessoas com menos de 18 anos.<\/p>","protected":false},"excerpt":{"rendered":"<p>Buy 3F-PVP (3FPVP) CRYSTALS online in USA. Buy 3F-PVP (3FPVP) CRYSTALS at NarcoPowders to meet all your chemical needs. The company strives to provide its customers with the greatest possible service as it has won the trust of many people . 3F-PVP: WHAT IS IT? 3F-PVP online is a cathinone class NarcoPowders and has the [&hellip;]<\/p>","protected":false},"featured_media":21283,"comment_status":"open","ping_status":"closed","template":"","meta":{"_joinchat":[]},"product_brand":[],"product_cat":[1539,1724],"product_tag":[1549,1550,1551,1552],"class_list":{"0":"post-20488","1":"product","2":"type-product","3":"status-publish","4":"has-post-thumbnail","6":"product_cat-cathinone","7":"product_cat-research-chemicals","8":"product_tag-3f-pihp","9":"product_tag-4cl-pvp","10":"product_tag-4f-php","11":"product_tag-4f-pvp","13":"first","14":"instock","15":"shipping-taxable","16":"purchasable","17":"product-type-variable","18":"add-to-wishlist-after_add_to_cart"},"yoast_head":"<!-- This site is optimized with the Yoast SEO plugin v25.9 - https:\/\/yoast.com\/wordpress\/plugins\/seo\/ -->\n<title>Buy 3F-PVP Online - 3F-PVP for Sale | NarcoPowders<\/title>\n<meta name=\"description\" content=\"Looking to further your research? Buy 3f-pvp conveniently and securely online, with a straightforward ordering process for 3f-pvp for sale.\" \/>\n<meta name=\"robots\" content=\"index, follow, max-snippet:-1, max-image-preview:large, max-video-preview:-1\" \/>\n<link rel=\"canonical\" href=\"https:\/\/narcopowders.com\/pt\/produto\/buy-3f-pvp-online\/\" \/>\n<meta property=\"og:locale\" content=\"pt_PT\" \/>\n<meta property=\"og:type\" content=\"article\" \/>\n<meta property=\"og:title\" content=\"Buy 3F-PVP Online - 3F-PVP for Sale | NarcoPowders\" \/>\n<meta property=\"og:description\" content=\"Looking to further your research? Buy 3f-pvp conveniently and securely online, with a straightforward ordering process for 3f-pvp for sale.\" \/>\n<meta property=\"og:url\" content=\"https:\/\/narcopowders.com\/pt\/produto\/buy-3f-pvp-online\/\" \/>\n<meta property=\"og:site_name\" content=\"Narco Powders\" \/>\n<meta property=\"article:modified_time\" content=\"2025-03-26T12:54:51+00:00\" \/>\n<meta property=\"og:image\" content=\"https:\/\/narcopowders.com\/wp-content\/uploads\/2024\/05\/3fpvp.gif\" \/>\n\t<meta property=\"og:image:width\" content=\"600\" \/>\n\t<meta property=\"og:image:height\" content=\"600\" \/>\n\t<meta property=\"og:image:type\" content=\"image\/gif\" \/>\n<meta name=\"twitter:card\" content=\"summary_large_image\" \/>\n<meta name=\"twitter:label1\" content=\"Tempo estimado de leitura\" \/>\n\t<meta name=\"twitter:data1\" content=\"3 minutos\" \/>\n<!-- \/ Yoast SEO plugin. -->","yoast_head_json":{"title":"Comprar 3F-PVP Online - 3F-PVP para Venda | NarcoPowders","description":"Quer aprofundar a sua investiga\u00e7\u00e3o? Compre 3f-pvp de forma conveniente e segura online, com um processo de encomenda simples para 3f-pvp para venda.","robots":{"index":"index","follow":"follow","max-snippet":"max-snippet:-1","max-image-preview":"max-image-preview:large","max-video-preview":"max-video-preview:-1"},"canonical":"https:\/\/narcopowders.com\/pt\/produto\/buy-3f-pvp-online\/","og_locale":"pt_PT","og_type":"article","og_title":"Buy 3F-PVP Online - 3F-PVP for Sale | NarcoPowders","og_description":"Looking to further your research? Buy 3f-pvp conveniently and securely online, with a straightforward ordering process for 3f-pvp for sale.","og_url":"https:\/\/narcopowders.com\/pt\/produto\/buy-3f-pvp-online\/","og_site_name":"Narco Powders","article_modified_time":"2025-03-26T12:54:51+00:00","og_image":[{"width":600,"height":600,"url":"https:\/\/narcopowders.com\/wp-content\/uploads\/2024\/05\/3fpvp.gif","type":"image\/gif"}],"twitter_card":"summary_large_image","twitter_misc":{"Tempo estimado de leitura":"3 minutos"},"schema":{"@context":"https:\/\/schema.org","@graph":[{"@type":"WebPage","@id":"https:\/\/narcopowders.com\/product\/buy-3f-pvp-online\/","url":"https:\/\/narcopowders.com\/product\/buy-3f-pvp-online\/","name":"Comprar 3F-PVP Online - 3F-PVP para Venda | NarcoPowders","isPartOf":{"@id":"https:\/\/narcopowders.com\/#website"},"primaryImageOfPage":{"@id":"https:\/\/narcopowders.com\/product\/buy-3f-pvp-online\/#primaryimage"},"image":{"@id":"https:\/\/narcopowders.com\/product\/buy-3f-pvp-online\/#primaryimage"},"thumbnailUrl":"https:\/\/narcopowders.com\/wp-content\/uploads\/2024\/05\/3fpvp.gif","datePublished":"2024-05-23T06:14:11+00:00","dateModified":"2025-03-26T12:54:51+00:00","description":"Quer aprofundar a sua investiga\u00e7\u00e3o? Compre 3f-pvp de forma conveniente e segura online, com um processo de encomenda simples para 3f-pvp para venda.","breadcrumb":{"@id":"https:\/\/narcopowders.com\/product\/buy-3f-pvp-online\/#breadcrumb"},"inLanguage":"pt-PT","potentialAction":[{"@type":"ReadAction","target":["https:\/\/narcopowders.com\/product\/buy-3f-pvp-online\/"]}]},{"@type":"ImageObject","inLanguage":"pt-PT","@id":"https:\/\/narcopowders.com\/product\/buy-3f-pvp-online\/#primaryimage","url":"https:\/\/narcopowders.com\/wp-content\/uploads\/2024\/05\/3fpvp.gif","contentUrl":"https:\/\/narcopowders.com\/wp-content\/uploads\/2024\/05\/3fpvp.gif","width":600,"height":600,"caption":"\u00a0Buy 3F-PVP Online"},{"@type":"BreadcrumbList","@id":"https:\/\/narcopowders.com\/product\/buy-3f-pvp-online\/#breadcrumb","itemListElement":[{"@type":"ListItem","position":1,"name":"Home","item":"https:\/\/narcopowders.com\/"},{"@type":"ListItem","position":2,"name":"Shop Page","item":"https:\/\/narcopowders.com\/shop\/"},{"@type":"ListItem","position":3,"name":"\u00a0Buy 3F-PVP Online"}]},{"@type":"WebSite","@id":"https:\/\/narcopowders.com\/#website","url":"https:\/\/narcopowders.com\/","name":"P\u00f3s de narc\u00f3ticos","description":"O meu blogue WordPress","potentialAction":[{"@type":"SearchAction","target":{"@type":"EntryPoint","urlTemplate":"https:\/\/narcopowders.com\/?s={search_term_string}"},"query-input":{"@type":"PropertyValueSpecification","valueRequired":true,"valueName":"search_term_string"}}],"inLanguage":"pt-PT"}]}},"_links":{"self":[{"href":"https:\/\/narcopowders.com\/pt\/wp-json\/wp\/v2\/product\/20488","targetHints":{"allow":["GET"]}}],"collection":[{"href":"https:\/\/narcopowders.com\/pt\/wp-json\/wp\/v2\/product"}],"about":[{"href":"https:\/\/narcopowders.com\/pt\/wp-json\/wp\/v2\/types\/product"}],"replies":[{"embeddable":true,"href":"https:\/\/narcopowders.com\/pt\/wp-json\/wp\/v2\/comments?post=20488"}],"wp:featuredmedia":[{"embeddable":true,"href":"https:\/\/narcopowders.com\/pt\/wp-json\/wp\/v2\/media\/21283"}],"wp:attachment":[{"href":"https:\/\/narcopowders.com\/pt\/wp-json\/wp\/v2\/media?parent=20488"}],"wp:term":[{"taxonomy":"product_brand","embeddable":true,"href":"https:\/\/narcopowders.com\/pt\/wp-json\/wp\/v2\/product_brand?post=20488"},{"taxonomy":"product_cat","embeddable":true,"href":"https:\/\/narcopowders.com\/pt\/wp-json\/wp\/v2\/product_cat?post=20488"},{"taxonomy":"product_tag","embeddable":true,"href":"https:\/\/narcopowders.com\/pt\/wp-json\/wp\/v2\/product_tag?post=20488"}],"curies":[{"name":"wp","href":"https:\/\/api.w.org\/{rel}","templated":true}]}}