{"id":20495,"date":"2024-05-23T06:14:12","date_gmt":"2024-05-23T06:14:12","guid":{"rendered":"https:\/\/narcopowders.com\/?post_type=product&#038;p=20495"},"modified":"2024-05-24T10:11:45","modified_gmt":"2024-05-24T10:11:45","slug":"buy-5faeb-online","status":"publish","type":"product","link":"https:\/\/narcopowders.com\/pt\/produto\/comprar-5faeb-online\/","title":{"rendered":"Comprar 5FAEB online"},"content":{"rendered":"<h2>Comprar 5FAEB online<\/h2>\n<p>Comprar 5F-AEB, Cannabin\u00f3ides s\u00e3o os qu\u00edmicos activos na marijuana medicinal. Como tal, s\u00e3o semelhantes aos qu\u00edmicos que o corpo produz e que est\u00e3o envolvidos no apetite, mem\u00f3ria, movimento e dor<a href=\"https:\/\/narcopowders.com\/pt\/produto\/comprar-5cladb-online\/\">.<\/a><\/p>\n<p>A investiga\u00e7\u00e3o sugere que os canabin\u00f3ides (5FAEB2201) podem<a href=\"https:\/\/en.wikipedia.org\/wiki\/5F-EMB-PINACA\">:<\/a><\/p>\n<p>Reduzir a ansiedade<\/p>\n<p>Reduzir a inflama\u00e7\u00e3o e aliviar a dor<\/p>\n<p>Controlar as n\u00e1useas e os v\u00f3mitos provocados pela quimioterapia<\/p>\n<p>Matar as c\u00e9lulas cancer\u00edgenas e retardar o crescimento do tumor<\/p>\n<p>Relaxar os m\u00fasculos tensos em pessoas com esclerose m\u00faltipla<\/p>\n<h3>Estimular o apetite e melhorar o aumento de peso em pessoas com cancro e SIDA 5FAEB2201<\/h3>\n<p>Da mesma forma, \u00e9 frequente ver pessoas afirmarem que existem dezenas, ou mesmo mais de 100 canabin\u00f3ides vegetais produzidos pela can\u00e1bis. Mas \u00e9 dif\u00edcil saber o n\u00famero exato. Por outro lado, a maioria dos 5FAEB2201 est\u00e1 presente em n\u00edveis muito baixos, especialmente nos produtos comerciais de can\u00e1bis. Assim, torna-se dif\u00edcil para os cientistas detect\u00e1-los com precis\u00e3o. No entanto, o ponto importante \u00e9 que existem muitas. Finalmente, vejamos mais de perto alguns dos principais canabin\u00f3ides que podem ser encontrados nos produtos de can\u00e1bis.<\/p>\n<p>Em suma, a can\u00e1bis n\u00e3o produz diretamente os canabin\u00f3ides mais famosos associados \u00e0 planta, o THC e o CBD. Em vez disso, sintetiza v\u00e1rios \u00e1cidos canabin\u00f3ides. Como tal, estes \u00e1cidos canabin\u00f3ides devem ser \"activados\" (descarboxilados), normalmente por calor, para produzir os compostos que a maioria dos consumidores procura (THC ou CBD). Acima de tudo, para al\u00e9m do THCA e do CBDA, h\u00e1 uma s\u00e9rie de \u00e1cidos canabin\u00f3ides relacionados que podem ser produzidos pela can\u00e1bis Buy 5FAEB Online.<\/p>\n<h3><span lang=\"EN-US\">porqu\u00ea comprar 5F-AEB-2201<\/span><span lang=\"EN-US\">\u00a0de LegitChemicals<\/span><\/h3>\n<p><span lang=\"EN-US\">\u00a0<\/span><span lang=\"EN-US\">Em vez de ficar confuso sobre\u00a0<strong>onde comprar 5F-AEB-2201,\u00a0<\/strong>\u00e9 bom escolher este NarcoPowders. \u00c9 mais confort\u00e1vel para os utilizadores encomend\u00e1-los atrav\u00e9s da plataforma online e obter o produto entregue em poucos dias ou mesmo no mesmo dia. A embalagem do produto ser\u00e1 perfeita, segura e segura de usar, pois os produtos s\u00e3o fabricados nesta ag\u00eancia com a f\u00f3rmula padr\u00e3o e legal. Os profissionais s\u00e3o sempre bons a fornecer o produto necess\u00e1rio e cobrar\u00e3o apenas um pre\u00e7o razo\u00e1vel de acordo com a quantidade de que necessita.\u00a0<\/span><\/p>\n<h4><strong><span lang=\"EN-US\">\u00a0<\/span><\/strong><span lang=\"EN-US\">Como utilizar o 5F-AEB-2201<\/span><\/h4>\n<p><span lang=\"EN-US\">\u00a0<\/span><span lang=\"EN-US\">Trata-se de um produto canabin\u00f3ide sint\u00e9tico que pode causar doen\u00e7as mentais e outros problemas se for tomado sem a dosagem e os conhecimentos adequados. Por conseguinte, \u00e9 melhor consultar um m\u00e9dico e obter o medicamento com a dosagem correcta. O produto ser\u00e1 \u00fatil para v\u00e1rios fins, mas \u00e9 melhor conhecer as instru\u00e7\u00f5es antes de o encomendar. Os medicamentos que est\u00e1 a receber ser\u00e3o puros, de boa qualidade, rent\u00e1veis e prontos a utilizar para fins de investiga\u00e7\u00e3o posterior. Esta empresa vender\u00e1 principalmente o produto apenas para fins de pesquisa, e tamb\u00e9m, seus produtos s\u00e3o legais e sob as regras e a regulamenta\u00e7\u00e3o do governo dos EUA, Compre 5F-AEB .\u00a0<\/span><\/p>","protected":false},"excerpt":{"rendered":"<p>Buy 5FAEB Online Buy 5F-AEB,\u00a0 Cannabinoids is the active chemicals in medical marijuana. As such, they are similar to chemicals the body makes that are involved in appetite, memory, movement, and pain. Research suggests cannabinoids (5FAEB2201) might: Reduce anxiety Reduce inflammation and relieve pain Control nausea and vomiting caused by chemotherapy Kill cancer cells and [&hellip;]<\/p>","protected":false},"featured_media":21282,"comment_status":"open","ping_status":"closed","template":"","meta":{"_joinchat":[]},"product_brand":[],"product_cat":[15],"product_tag":[],"class_list":{"0":"post-20495","1":"product","2":"type-product","3":"status-publish","4":"has-post-thumbnail","6":"product_cat-uncategorized","8":"first","9":"instock","10":"shipping-taxable","11":"purchasable","12":"product-type-variable","13":"add-to-wishlist-after_add_to_cart"},"yoast_head":"<!-- This site is optimized with the Yoast SEO plugin v25.9 - https:\/\/yoast.com\/wordpress\/plugins\/seo\/ -->\n<title>Buy 5FAEB Online - Order 5FAEB Powder<\/title>\n<meta name=\"description\" content=\"Buy 5FAEB Online, 5F-ADB-33 is a synthetic indazole-based cannabinoid that belongs to the indazole-3-carboxamide family. 5faeb available at our onlinestore.\" \/>\n<meta name=\"robots\" content=\"index, follow, max-snippet:-1, max-image-preview:large, max-video-preview:-1\" \/>\n<link rel=\"canonical\" href=\"https:\/\/narcopowders.com\/pt\/produto\/comprar-5faeb-online\/\" \/>\n<meta property=\"og:locale\" content=\"pt_PT\" \/>\n<meta property=\"og:type\" content=\"article\" \/>\n<meta property=\"og:title\" content=\"Buy 5FAEB Online - Order 5FAEB Powder\" \/>\n<meta property=\"og:description\" content=\"Buy 5FAEB Online, 5F-ADB-33 is a synthetic indazole-based cannabinoid that belongs to the indazole-3-carboxamide family. 5faeb available at our onlinestore.\" \/>\n<meta property=\"og:url\" content=\"https:\/\/narcopowders.com\/pt\/produto\/comprar-5faeb-online\/\" \/>\n<meta property=\"og:site_name\" content=\"Narco Powders\" \/>\n<meta property=\"article:modified_time\" content=\"2024-05-24T10:11:45+00:00\" \/>\n<meta property=\"og:image\" content=\"https:\/\/narcopowders.com\/wp-content\/uploads\/2024\/05\/5f-AEB.gif\" \/>\n\t<meta property=\"og:image:width\" content=\"600\" \/>\n\t<meta property=\"og:image:height\" content=\"600\" \/>\n\t<meta property=\"og:image:type\" content=\"image\/gif\" \/>\n<meta name=\"twitter:card\" content=\"summary_large_image\" \/>\n<meta name=\"twitter:label1\" content=\"Tempo estimado de leitura\" \/>\n\t<meta name=\"twitter:data1\" content=\"3 minutos\" \/>\n<!-- \/ Yoast SEO plugin. -->","yoast_head_json":{"title":"Comprar 5FAEB Online - Encomendar 5FAEB em p\u00f3","description":"Comprar 5FAEB Online, 5F-ADB-33 \u00e9 um canabin\u00f3ide sint\u00e9tico \u00e0 base de indazol que pertence \u00e0 fam\u00edlia do indazol-3-carboxamida. 5faeb dispon\u00edvel na nossa loja online.","robots":{"index":"index","follow":"follow","max-snippet":"max-snippet:-1","max-image-preview":"max-image-preview:large","max-video-preview":"max-video-preview:-1"},"canonical":"https:\/\/narcopowders.com\/pt\/produto\/comprar-5faeb-online\/","og_locale":"pt_PT","og_type":"article","og_title":"Buy 5FAEB Online - Order 5FAEB Powder","og_description":"Buy 5FAEB Online, 5F-ADB-33 is a synthetic indazole-based cannabinoid that belongs to the indazole-3-carboxamide family. 5faeb available at our onlinestore.","og_url":"https:\/\/narcopowders.com\/pt\/produto\/comprar-5faeb-online\/","og_site_name":"Narco Powders","article_modified_time":"2024-05-24T10:11:45+00:00","og_image":[{"width":600,"height":600,"url":"https:\/\/narcopowders.com\/wp-content\/uploads\/2024\/05\/5f-AEB.gif","type":"image\/gif"}],"twitter_card":"summary_large_image","twitter_misc":{"Tempo estimado de leitura":"3 minutos"},"schema":{"@context":"https:\/\/schema.org","@graph":[{"@type":"WebPage","@id":"https:\/\/narcopowders.com\/product\/buy-5faeb-online\/","url":"https:\/\/narcopowders.com\/product\/buy-5faeb-online\/","name":"Comprar 5FAEB Online - Encomendar 5FAEB em p\u00f3","isPartOf":{"@id":"https:\/\/narcopowders.com\/#website"},"primaryImageOfPage":{"@id":"https:\/\/narcopowders.com\/product\/buy-5faeb-online\/#primaryimage"},"image":{"@id":"https:\/\/narcopowders.com\/product\/buy-5faeb-online\/#primaryimage"},"thumbnailUrl":"https:\/\/narcopowders.com\/wp-content\/uploads\/2024\/05\/5f-AEB.gif","datePublished":"2024-05-23T06:14:12+00:00","dateModified":"2024-05-24T10:11:45+00:00","description":"Comprar 5FAEB Online, 5F-ADB-33 \u00e9 um canabin\u00f3ide sint\u00e9tico \u00e0 base de indazol que pertence \u00e0 fam\u00edlia do indazol-3-carboxamida. 5faeb dispon\u00edvel na nossa loja online.","breadcrumb":{"@id":"https:\/\/narcopowders.com\/product\/buy-5faeb-online\/#breadcrumb"},"inLanguage":"pt-PT","potentialAction":[{"@type":"ReadAction","target":["https:\/\/narcopowders.com\/product\/buy-5faeb-online\/"]}]},{"@type":"ImageObject","inLanguage":"pt-PT","@id":"https:\/\/narcopowders.com\/product\/buy-5faeb-online\/#primaryimage","url":"https:\/\/narcopowders.com\/wp-content\/uploads\/2024\/05\/5f-AEB.gif","contentUrl":"https:\/\/narcopowders.com\/wp-content\/uploads\/2024\/05\/5f-AEB.gif","width":600,"height":600,"caption":"Buy 5FAEB Online"},{"@type":"BreadcrumbList","@id":"https:\/\/narcopowders.com\/product\/buy-5faeb-online\/#breadcrumb","itemListElement":[{"@type":"ListItem","position":1,"name":"Home","item":"https:\/\/narcopowders.com\/"},{"@type":"ListItem","position":2,"name":"Shop Page","item":"https:\/\/narcopowders.com\/shop\/"},{"@type":"ListItem","position":3,"name":"Buy 5FAEB Online"}]},{"@type":"WebSite","@id":"https:\/\/narcopowders.com\/#website","url":"https:\/\/narcopowders.com\/","name":"P\u00f3s de narc\u00f3ticos","description":"O meu blogue WordPress","potentialAction":[{"@type":"SearchAction","target":{"@type":"EntryPoint","urlTemplate":"https:\/\/narcopowders.com\/?s={search_term_string}"},"query-input":{"@type":"PropertyValueSpecification","valueRequired":true,"valueName":"search_term_string"}}],"inLanguage":"pt-PT"}]}},"_links":{"self":[{"href":"https:\/\/narcopowders.com\/pt\/wp-json\/wp\/v2\/product\/20495","targetHints":{"allow":["GET"]}}],"collection":[{"href":"https:\/\/narcopowders.com\/pt\/wp-json\/wp\/v2\/product"}],"about":[{"href":"https:\/\/narcopowders.com\/pt\/wp-json\/wp\/v2\/types\/product"}],"replies":[{"embeddable":true,"href":"https:\/\/narcopowders.com\/pt\/wp-json\/wp\/v2\/comments?post=20495"}],"wp:featuredmedia":[{"embeddable":true,"href":"https:\/\/narcopowders.com\/pt\/wp-json\/wp\/v2\/media\/21282"}],"wp:attachment":[{"href":"https:\/\/narcopowders.com\/pt\/wp-json\/wp\/v2\/media?parent=20495"}],"wp:term":[{"taxonomy":"product_brand","embeddable":true,"href":"https:\/\/narcopowders.com\/pt\/wp-json\/wp\/v2\/product_brand?post=20495"},{"taxonomy":"product_cat","embeddable":true,"href":"https:\/\/narcopowders.com\/pt\/wp-json\/wp\/v2\/product_cat?post=20495"},{"taxonomy":"product_tag","embeddable":true,"href":"https:\/\/narcopowders.com\/pt\/wp-json\/wp\/v2\/product_tag?post=20495"}],"curies":[{"name":"wp","href":"https:\/\/api.w.org\/{rel}","templated":true}]}}