{"id":20502,"date":"2024-05-23T06:14:12","date_gmt":"2024-05-23T06:14:12","guid":{"rendered":"https:\/\/narcopowders.com\/?post_type=product&#038;p=20502"},"modified":"2024-05-24T07:20:11","modified_gmt":"2024-05-24T07:20:11","slug":"buy-4f%e2%80%90mdmb%e2%80%90binaca-online","status":"publish","type":"product","link":"https:\/\/narcopowders.com\/pt\/produto\/buy-4f\u2010mdmb\u2010binaca-online\/","title":{"rendered":"Comprar 4F-MDMB-BINACA Online"},"content":{"rendered":"<h2>Comprar 4f-mdmb-b Online<\/h2>\n<p>Comprar 4F-MDMB-B, Voc\u00ea pode comprar 4f-mdmb-b online no NarcoPowders por pre\u00e7os acess\u00edveis que n\u00e3o v\u00e3o quebrar o banco. Por muitos anos, lidamos apenas com 4f-mdmb-b que est\u00e1 \u00e0 venda. Monitorizamos todos os produtos para garantir que os nossos consumidores recebem apenas o melhor \u00e0 escala mundial. Os nossos funcion\u00e1rios trabalham incansavelmente para completar as encomendas relativas a 4f-mdmb-b online. Os nossos comerciantes e fornecedores online acabam de entregar 4f-mdmb-b em tempo \u00fatil<a href=\"https:\/\/narcopowders.com\/pt\/product\/buy-5f-akb48-online\/\">.<\/a><\/p>\n<p>Se nos est\u00e1 a encomendar 4f-mdmb-b, n\u00e3o se preocupe com nada. A equipa de embalagem embalar\u00e1 a sua encomenda de forma segura. Contacte-nos agora mesmo para discutir as suas necessidades e obter este produto o mais rapidamente poss\u00edvel.<\/p>\n<p>Obter 4f-mdmb-b online agora mesmo<a href=\"https:\/\/en.wikipedia.org\/wiki\/MDMB-FUBINACA\">!<\/a><\/p>\n<h3>4f-mdmb-b: o que \u00e9?<\/h3>\n<p>Um sint\u00e9tico \u00e0 base de indazol da fam\u00edlia do indazol-3-carboxamida \u00e9 denominado 4f-mdmb-b. N\u00e3o se sabe se \u00e9 seletivo para este alvo, mas tem sido utilizado como ingrediente ativo em produtos e comercializado como um nofollow external noopener noreferrer.<\/p>\n<h3>Quais os efeitos secund\u00e1rios do 4f-mdmb-b?<\/h3>\n<p>Os seguintes s\u00e3o efeitos secund\u00e1rios do 4f-mdmb-b:<\/p>\n<ul>\n<li>Del\u00edrios<\/li>\n<li>Vomitar confuso<\/li>\n<li>Dor no peito<\/li>\n<\/ul>\n<h3>Como posso encontrar 4f-mdmb-b para venda?<\/h3>\n<p>Desista de tentar descobrir onde obter 4f-mdmb-b. Este produto foi desenvolvido pela NarcoPowders a um pre\u00e7o razo\u00e1vel. Comprometemo-nos a fornecer o mesmo num curto espa\u00e7o de tempo. N\u00e3o ter\u00e1 de esperar muito tempo. Confie em n\u00f3s e entregaremos a sua encomenda rapidamente!<\/p>\n<p>Somos uma equipa de especialistas empenhados e diligentes que se esfor\u00e7am por garantir que todos possam utilizar os nossos servi\u00e7os e bens. Estamos cientes das suas necessidades e estamos aqui para ajud\u00e1-lo, fornecendo um balc\u00e3o \u00fanico para produtos de primeira linha a pre\u00e7os razo\u00e1veis, Compre 4F-MDMB-B.<\/p>\n<h2>Subst\u00e2ncias activas do MDMB-CHMINACA<\/h2>\n<p>Cont\u00e9m\u00a0<strong>um grama de MDMB-CHMINACA min 98%+ puro<\/strong>\u00a0por unidade de encomenda.<\/p>\n<h2>Dosagem de MDMB-CHMINACA<\/h2>\n<p>N\u00e3o existe uma dose recomendada, uma vez que\u00a0<strong>MDMB-CHMINACA<\/strong>\u00a0n\u00e3o se destina ao consumo humano, sendo vendido apenas como produto qu\u00edmico de investiga\u00e7\u00e3o para fins de investiga\u00e7\u00e3o.<\/p>\n<h2>Efeitos do MDMB-CHMINACA :<\/h2>\n<p>Os efeitos cl\u00ednicos da maioria dos novos\u00a0<strong>drogas sint\u00e9ticas<\/strong>\u00a0como\u00a0<strong>MDMB-CHMINACA<\/strong>\u00a0podem ser descritas como alucinog\u00e9nicas, estimulantes ou semelhantes a opi\u00e1ceos. Podem tamb\u00e9m ter uma combina\u00e7\u00e3o destes efeitos devido a substitui\u00e7\u00f5es de cadeias laterais projectadas.<\/p>\n<h2>Efeitos secund\u00e1rios de MDMB-CHMINACA<\/h2>\n<p>Tal como outras drogas sint\u00e9ticas, o consumo de\u00a0<strong>MDMB-CHMINACA<\/strong>\u00a0pode causar fortes efeitos secund\u00e1rios; a subst\u00e2ncia n\u00e3o foi clinicamente testada nem licenciada de forma alguma como produto para consumo! Por conseguinte, a MDMB-CHMINACA N\u00c3O SE DESTINA AO CONSUMO HUMANO, mas APENAS \u00c0 INVESTIGA\u00c7\u00c3O CIENT\u00cdFICA!<\/p>\n<h2>Como armazenar MDMB-CHMINACA<\/h2>\n<p>Manter o MDMB-CHMINACA a uma temperatura inferior a 30 graus Celsius. Conservar o MDMB-CHMINACA na embalagem original, protegido da luz solar direta e da humidade.<\/p>","protected":false},"excerpt":{"rendered":"<p>O 4F-MDMB-BINACA, frequentemente referido como MDMB-4F-BINACA, 4F-MDMB-BUTINACA ou 4F-ADB, \u00e9 um canabin\u00f3ide sint\u00e9tico derivado de indaz\u00f3is e membro da fam\u00edlia do indazol-3-carboxamida. Tem sido comercializado como medicamento de marca desde o final de 2018 e utilizado como componente ativo em produtos de can\u00e1bis sint\u00e9tica.<\/p>\n<div class=\"l_ecrd_vqfcts_row\">\n<div class=\"lc_expfact\">\n<div class=\"lc_expfact_default\">Estatuto jur\u00eddico Classe F2 (Psicotr\u00f3picos proibidos) - : Lista II - : Anlage II (Apenas com\u00e9rcio autorizado, n\u00e3o sujeito a receita m\u00e9dica) - Classe B - Psicotr\u00f3picos da lista II<\/div>\n<div class=\"lc_expfact_plus\" tabindex=\"0\"><\/div>\n<\/div>\n<\/div>\n<div class=\"l_ecrd_vqfcts_row l_ecrd_vqfcts_row_space\">\n<div class=\"lc_expfact\">\n<div class=\"lc_expfact_default\">N\u00famero CAS:2390036-46-9<\/div>\n<\/div>\n<\/div>\n<div class=\"l_ecrd_vqfcts_row l_ecrd_vqfcts_row_space\">\n<div class=\"lc_expfact\">\n<div class=\"lc_expfact_default\">PubChem CID:145707216<\/div>\n<\/div>\n<\/div>\n<div class=\"l_ecrd_vqfcts_row l_ecrd_vqfcts_row_space\">\n<div class=\"lc_expfact\">\n<div class=\"lc_expfact_default\">ChemSpider:71117201<\/div>\n<\/div>\n<\/div>\n<div id=\"wire0\" class=\"b_expandable_inline_container\" data-rinterval=\"-1\" data-errormessage=\"We can't find any more info about this page right now\">\n<div class=\"l_ecrd_vqfcts_row l_ecrd_vqfcts_row_space\">\n<div class=\"lc_expfact\">\n<div class=\"lc_expfact_default\">UNII:ZH38UTM145<\/div>\n<\/div>\n<\/div>\n<div class=\"l_ecrd_vqfcts_row l_ecrd_vqfcts_row_space\">\n<div class=\"lc_expfact\">\n<div class=\"lc_expfact_default\">KEGG:C22799<\/div>\n<\/div>\n<\/div>\n<div class=\"l_ecrd_vqfcts_row l_ecrd_vqfcts_row_space\">\n<div class=\"lc_expfact\">\n<div class=\"lc_expfact_default\">Painel de controlo CompTox (EPA) DTXSID001017266<\/div>\n<div class=\"lc_expfact_plus\" tabindex=\"0\"><\/div>\n<\/div>\n<\/div>\n<div class=\"l_ecrd_vqfcts_row l_ecrd_vqfcts_row_space\">\n<div class=\"lc_expfact\">\n<div class=\"lc_expfact_default\">F\u00f3rmula:C\u2081\u2089H\u2082\u2086FN\u2083O\u2083<\/div>\n<\/div>\n<\/div>\n<\/div>","protected":false},"featured_media":21261,"comment_status":"open","ping_status":"closed","template":"","meta":{"_joinchat":[]},"product_brand":[],"product_cat":[1538],"product_tag":[],"class_list":{"0":"post-20502","1":"product","2":"type-product","3":"status-publish","4":"has-post-thumbnail","6":"product_cat-cannabinoids","8":"first","9":"instock","10":"shipping-taxable","11":"purchasable","12":"product-type-variable","13":"add-to-wishlist-after_add_to_cart"},"yoast_head":"<!-- This site is optimized with the Yoast SEO plugin v27.5 - https:\/\/yoast.com\/product\/yoast-seo-wordpress\/ -->\n<title>Buy 4F-MDMB-B<\/title>\n<meta name=\"description\" content=\"Buy 4F-MDMB-B, 4F-MDMB-Binaca can be purchased at NarcoPowders. We sell the highest quality 4F-MDMB-Binaca available. Order Now.\" \/>\n<meta name=\"robots\" content=\"index, follow, max-snippet:-1, max-image-preview:large, max-video-preview:-1\" \/>\n<link rel=\"canonical\" href=\"https:\/\/narcopowders.com\/pt\/produto\/buy-4f\u2010mdmb\u2010binaca-online\/\" \/>\n<meta property=\"og:locale\" content=\"pt_PT\" \/>\n<meta property=\"og:type\" content=\"article\" \/>\n<meta property=\"og:title\" content=\"Buy 4F-MDMB-B\" \/>\n<meta property=\"og:description\" content=\"Buy 4F-MDMB-B, 4F-MDMB-Binaca can be purchased at NarcoPowders. We sell the highest quality 4F-MDMB-Binaca available. Order Now.\" \/>\n<meta property=\"og:url\" content=\"https:\/\/narcopowders.com\/pt\/produto\/buy-4f\u2010mdmb\u2010binaca-online\/\" \/>\n<meta property=\"og:site_name\" content=\"Narco Powders\" \/>\n<meta property=\"article:modified_time\" content=\"2024-05-24T07:20:11+00:00\" \/>\n<meta property=\"og:image\" content=\"https:\/\/narcopowders.com\/wp-content\/uploads\/2024\/05\/4f-mdmb2201.gif\" \/>\n\t<meta property=\"og:image:width\" content=\"600\" \/>\n\t<meta property=\"og:image:height\" content=\"600\" \/>\n\t<meta property=\"og:image:type\" content=\"image\/gif\" \/>\n<meta name=\"twitter:card\" content=\"summary_large_image\" \/>\n<meta name=\"twitter:label1\" content=\"Tempo estimado de leitura\" \/>\n\t<meta name=\"twitter:data1\" content=\"3 minutos\" \/>\n<!-- \/ Yoast SEO plugin. -->","yoast_head_json":{"title":"Comprar 4F-MDMB-B","description":"Comprar 4F-MDMB-B, 4F-MDMB-Binaca pode ser comprado no NarcoPowders. Vendemos o 4F-MDMB-Binaca da mais alta qualidade dispon\u00edvel. Encomendar agora.","robots":{"index":"index","follow":"follow","max-snippet":"max-snippet:-1","max-image-preview":"max-image-preview:large","max-video-preview":"max-video-preview:-1"},"canonical":"https:\/\/narcopowders.com\/pt\/produto\/buy-4f\u2010mdmb\u2010binaca-online\/","og_locale":"pt_PT","og_type":"article","og_title":"Buy 4F-MDMB-B","og_description":"Buy 4F-MDMB-B, 4F-MDMB-Binaca can be purchased at NarcoPowders. We sell the highest quality 4F-MDMB-Binaca available. Order Now.","og_url":"https:\/\/narcopowders.com\/pt\/produto\/buy-4f\u2010mdmb\u2010binaca-online\/","og_site_name":"Narco Powders","article_modified_time":"2024-05-24T07:20:11+00:00","og_image":[{"width":600,"height":600,"url":"https:\/\/narcopowders.com\/wp-content\/uploads\/2024\/05\/4f-mdmb2201.gif","type":"image\/gif"}],"twitter_card":"summary_large_image","twitter_misc":{"Tempo estimado de leitura":"3 minutos"},"schema":{"@context":"https:\/\/schema.org","@graph":[{"@type":"WebPage","@id":"https:\/\/narcopowders.com\/product\/buy-4f%e2%80%90mdmb%e2%80%90binaca-online\/","url":"https:\/\/narcopowders.com\/product\/buy-4f%e2%80%90mdmb%e2%80%90binaca-online\/","name":"Comprar 4F-MDMB-B","isPartOf":{"@id":"https:\/\/narcopowders.com\/#website"},"primaryImageOfPage":{"@id":"https:\/\/narcopowders.com\/product\/buy-4f%e2%80%90mdmb%e2%80%90binaca-online\/#primaryimage"},"image":{"@id":"https:\/\/narcopowders.com\/product\/buy-4f%e2%80%90mdmb%e2%80%90binaca-online\/#primaryimage"},"thumbnailUrl":"https:\/\/narcopowders.com\/wp-content\/uploads\/2024\/05\/4f-mdmb2201.gif","datePublished":"2024-05-23T06:14:12+00:00","dateModified":"2024-05-24T07:20:11+00:00","description":"Comprar 4F-MDMB-B, 4F-MDMB-Binaca pode ser comprado no NarcoPowders. Vendemos o 4F-MDMB-Binaca da mais alta qualidade dispon\u00edvel. Encomendar agora.","breadcrumb":{"@id":"https:\/\/narcopowders.com\/product\/buy-4f%e2%80%90mdmb%e2%80%90binaca-online\/#breadcrumb"},"inLanguage":"pt-PT","potentialAction":[{"@type":"ReadAction","target":["https:\/\/narcopowders.com\/product\/buy-4f%e2%80%90mdmb%e2%80%90binaca-online\/"]}]},{"@type":"ImageObject","inLanguage":"pt-PT","@id":"https:\/\/narcopowders.com\/product\/buy-4f%e2%80%90mdmb%e2%80%90binaca-online\/#primaryimage","url":"https:\/\/narcopowders.com\/wp-content\/uploads\/2024\/05\/4f-mdmb2201.gif","contentUrl":"https:\/\/narcopowders.com\/wp-content\/uploads\/2024\/05\/4f-mdmb2201.gif","width":600,"height":600,"caption":"Buy 4F-MDMB-B online"},{"@type":"BreadcrumbList","@id":"https:\/\/narcopowders.com\/product\/buy-4f%e2%80%90mdmb%e2%80%90binaca-online\/#breadcrumb","itemListElement":[{"@type":"ListItem","position":1,"name":"Home","item":"https:\/\/narcopowders.com\/"},{"@type":"ListItem","position":2,"name":"Shop Page","item":"https:\/\/narcopowders.com\/shop\/"},{"@type":"ListItem","position":3,"name":"Buy 4F\u2010MDMB\u2010BINACA Online"}]},{"@type":"WebSite","@id":"https:\/\/narcopowders.com\/#website","url":"https:\/\/narcopowders.com\/","name":"P\u00f3s de narc\u00f3ticos","description":"O meu blogue WordPress","potentialAction":[{"@type":"SearchAction","target":{"@type":"EntryPoint","urlTemplate":"https:\/\/narcopowders.com\/?s={search_term_string}"},"query-input":{"@type":"PropertyValueSpecification","valueRequired":true,"valueName":"search_term_string"}}],"inLanguage":"pt-PT"}]}},"_links":{"self":[{"href":"https:\/\/narcopowders.com\/pt\/wp-json\/wp\/v2\/product\/20502","targetHints":{"allow":["GET"]}}],"collection":[{"href":"https:\/\/narcopowders.com\/pt\/wp-json\/wp\/v2\/product"}],"about":[{"href":"https:\/\/narcopowders.com\/pt\/wp-json\/wp\/v2\/types\/product"}],"replies":[{"embeddable":true,"href":"https:\/\/narcopowders.com\/pt\/wp-json\/wp\/v2\/comments?post=20502"}],"wp:featuredmedia":[{"embeddable":true,"href":"https:\/\/narcopowders.com\/pt\/wp-json\/wp\/v2\/media\/21261"}],"wp:attachment":[{"href":"https:\/\/narcopowders.com\/pt\/wp-json\/wp\/v2\/media?parent=20502"}],"wp:term":[{"taxonomy":"product_brand","embeddable":true,"href":"https:\/\/narcopowders.com\/pt\/wp-json\/wp\/v2\/product_brand?post=20502"},{"taxonomy":"product_cat","embeddable":true,"href":"https:\/\/narcopowders.com\/pt\/wp-json\/wp\/v2\/product_cat?post=20502"},{"taxonomy":"product_tag","embeddable":true,"href":"https:\/\/narcopowders.com\/pt\/wp-json\/wp\/v2\/product_tag?post=20502"}],"curies":[{"name":"wp","href":"https:\/\/api.w.org\/{rel}","templated":true}]}}