{"id":20503,"date":"2024-05-23T06:14:12","date_gmt":"2024-05-23T06:14:12","guid":{"rendered":"https:\/\/narcopowders.com\/?post_type=product&#038;p=20503"},"modified":"2024-05-24T06:29:43","modified_gmt":"2024-05-24T06:29:43","slug":"buy-4f-akb-online","status":"publish","type":"product","link":"https:\/\/narcopowders.com\/pt\/product\/buy-4f-akb-online\/","title":{"rendered":"Comprar 4F-AKB online"},"content":{"rendered":"<h2><strong>Comprar 4F-AKB online em NarcoPowders.com<\/strong><\/h2>\n<p>O 4F-AKB \u00e9 um canabin\u00f3ide sint\u00e9tico baseado em indaz\u00f3is. Trata-se de um potente agonista dos receptores canabin\u00f3ides. Assemelha-se muito a outros canabin\u00f3ides sint\u00e9ticos, incluindo o 5F-ADB. Se quiser experimentar, n\u00e3o precisa de muita desta can\u00e1bis para obter efeitos vis\u00edveis. Isto deve-se \u00e0 extrema efic\u00e1cia do produto qu\u00edmico. Para evitar experi\u00eancias excessivas, certifique-se de que segue os protocolos de seguran\u00e7a adequados no laborat\u00f3rio. Os resultados das experi\u00eancias com a 4F-AKB incluem sensa\u00e7\u00f5es de leveza corporal, relaxamento, desinibi\u00e7\u00e3o e aumento da m\u00fasica <a href=\"https:\/\/narcopowders.com\/pt\/produtos\/\/\">.<\/a><\/p>\n<h3><strong>Autoriza\u00e7\u00e3o 4F-AKB<\/strong><\/h3>\n<p>Uma vez que o 4F-ADB j\u00e1 n\u00e3o \u00e9 prescrito na maioria dos pa\u00edses, \u00e9 permitido em muitos deles. No entanto, uma vez que pode ser considerado um an\u00e1logo do 5F-ADB, pode ser proibido em pa\u00edses como os Estados Unidos com legisla\u00e7\u00e3o rigorosa em mat\u00e9ria de an\u00e1logos.<\/p>\n<h3><strong>4F-AKB 4FADB p\u00f3 de armazenamento com o melhor efeito 4F-AKB p\u00f3 branco e potente<a href=\"https:\/\/en.wikipedia.org\/wiki\/4F-MDMB-BINACA\">.<\/a><\/strong><\/h3>\n<p>Um novo produto qu\u00edmico de investiga\u00e7\u00e3o para utiliza\u00e7\u00e3o em estudos cient\u00edficos \u00e9 o 4F-AKB! \u00c9 um an\u00e1logo do 5fadb; v\u00ea o 5fadb para mais pormenores! O mais recente e mais popular canabin\u00f3ide de excelente qualidade \u00e9 o 4F-AKB. Investigadores experientes que trabalharam anteriormente em canabin\u00f3ides sint\u00e9ticos poderosos e produtos qu\u00edmicos como o 5f-adb podem obter o 4F-AKB. O resultado \u00e9 compar\u00e1vel ao da 5f-adb.<\/p>\n<p><strong>A nossa compreens\u00e3o dos canabin\u00f3ides:<\/strong><\/p>\n<p>Dispomos de uma grande experi\u00eancia. Os nossos clientes recebem sempre os seus produtos de alta qualidade o mais rapidamente poss\u00edvel. Quer se trate de uma grande cidade ou de uma pequena aldeia, entregamos os artigos at\u00e9 nos locais mais remotos do mundo. Al\u00e9m disso, prometemos a entrega 100% das mercadorias.<\/p>\n<h3><strong>Pureza:<\/strong><\/h3>\n<p>(por vezes referido como 5F-MDMB-PINACA) \u00e9 um canabin\u00f3ide sint\u00e9tico baseado em indaz\u00f3is. \u00e9 um potente agonista do recetor CB1, mas n\u00e3o \u00e9 claro se \u00e9 espec\u00edfico para este alvo. Temos em stock a melhor qualidade que parece ser muito menos nociva do que os canabin\u00f3ides sint\u00e9ticos anteriores que estiveram no mercado. Devido \u00e0s quantidades extremamente pequenas encontradas em amostras de tecido, acredita-se que seja incrivelmente poderoso.<\/p>\n<h3><strong>O que \u00e9 o p\u00f3 4F-ADB?<\/strong><\/h3>\n<p>O 4F-ADB \u00e9 um canabin\u00f3ide sint\u00e9tico \u00e0 base de indazol. \u00c9 um potente agonista dos receptores canabin\u00f3ides. \u00c9 muito semelhante a outros canabin\u00f3ides sint\u00e9ticos, como o 5F-ADB. Se quiseres fazer experi\u00eancias com este canabin\u00f3ide, s\u00f3 precisas de pequenas quantidades para obteres resultados poderosos, compra 4F-AKB.<\/p>\n<p>Isto deve-se ao facto de este produto qu\u00edmico ser muito forte. Respeita cuidadosamente as regras de seguran\u00e7a para evitar experi\u00eancias excessivas.<\/p>\n<h3><strong>Comprar 4F-ADB<\/strong><\/h3>\n<p>A Chemical Planet vende o 4F-ADB da melhor qualidade. O 4F-ADB que oferecemos vem em forma de p\u00f3. Voc\u00ea deve ter pelo menos 18 anos de idade para compr\u00e1-lo de n\u00f3s 4F-ADB.<\/p>\n<p>O produto n\u00e3o se destina a uso humano ou animal. Destina-se apenas a fins experimentais. Al\u00e9m disso, a compra deve ser efectuada em total conformidade com a legisla\u00e7\u00e3o do seu pa\u00eds.<\/p>\n<h3><strong>O estatuto jur\u00eddico do 4F-ADB<\/strong><\/h3>\n<p>O 4F-ADB \u00e9 atualmente desconhecido em muitos pa\u00edses e, por conseguinte, legal em muitos locais. No entanto, pode ser considerado um an\u00e1logo do 5F-ADB, o que pode torn\u00e1-lo ilegal em pa\u00edses com leis rigorosas sobre an\u00e1logos, como os Estados Unidos. Para mais informa\u00e7\u00f5es, contacte-nos.<\/p>","protected":false},"excerpt":{"rendered":"<p>Buy 4F-AKB online at NarcoPowders.com 4F-AKB is a synthetic cannabinoid based on indazoles. It is a powerful cannabinoid receptor agonist. It closely resembles other synthetic cannabinoids, including 5F-ADB. If you want to experiment with it, you don&#8217;t need a lot of this cannabis to get noticeable effects. This is due to the extreme effectiveness of [&hellip;]<\/p>\n","protected":false},"featured_media":21264,"comment_status":"open","ping_status":"closed","template":"","meta":{"_joinchat":[]},"product_brand":[],"product_cat":[1538],"product_tag":[],"class_list":{"0":"post-20503","1":"product","2":"type-product","3":"status-publish","4":"has-post-thumbnail","6":"product_cat-cannabinoids","8":"first","9":"instock","10":"shipping-taxable","11":"purchasable","12":"product-type-variable","13":"add-to-wishlist-after_add_to_cart"},"yoast_head":"<!-- This site is optimized with the Yoast SEO plugin v27.5 - https:\/\/yoast.com\/product\/yoast-seo-wordpress\/ -->\n<title>Buy 4F-AKB Online<\/title>\n<meta name=\"description\" content=\"Buy 4F-AKB, buyembutal sells 4F-ADB in best quality. The 4F-AKB we offer is 4F-AKB-48, be the first to review this product. Order now at narcopowders.\" \/>\n<meta name=\"robots\" content=\"index, follow, max-snippet:-1, max-image-preview:large, max-video-preview:-1\" \/>\n<link rel=\"canonical\" href=\"https:\/\/narcopowders.com\/pt\/produtos\/\/\" \/>\n<meta property=\"og:locale\" content=\"pt_PT\" \/>\n<meta property=\"og:type\" content=\"article\" \/>\n<meta property=\"og:title\" content=\"Buy 4F-AKB Online\" \/>\n<meta property=\"og:description\" content=\"Buy 4F-AKB, buyembutal sells 4F-ADB in best quality. The 4F-AKB we offer is 4F-AKB-48, be the first to review this product. Order now at narcopowders.\" \/>\n<meta property=\"og:url\" content=\"https:\/\/narcopowders.com\/pt\/produtos\/\/\" \/>\n<meta property=\"og:site_name\" content=\"Narco Powders\" \/>\n<meta property=\"article:modified_time\" content=\"2024-05-24T06:29:43+00:00\" \/>\n<meta property=\"og:image\" content=\"https:\/\/narcopowders.com\/wp-content\/uploads\/2024\/05\/4f-akb.gif\" \/>\n\t<meta property=\"og:image:width\" content=\"600\" \/>\n\t<meta property=\"og:image:height\" content=\"600\" \/>\n\t<meta property=\"og:image:type\" content=\"image\/gif\" \/>\n<meta name=\"twitter:card\" content=\"summary_large_image\" \/>\n<meta name=\"twitter:label1\" content=\"Tempo estimado de leitura\" \/>\n\t<meta name=\"twitter:data1\" content=\"3 minutos\" \/>\n<!-- \/ Yoast SEO plugin. -->","yoast_head_json":{"title":"Comprar 4F-AKB online","description":"Comprar 4F-AKB, buyembutal vende 4F-ADB na melhor qualidade. O 4F-AKB que oferecemos \u00e9 o 4F-AKB-48, seja o primeiro a avaliar este produto. Encomendar agora em narcopowders.","robots":{"index":"index","follow":"follow","max-snippet":"max-snippet:-1","max-image-preview":"max-image-preview:large","max-video-preview":"max-video-preview:-1"},"canonical":"https:\/\/narcopowders.com\/pt\/produtos\/\/","og_locale":"pt_PT","og_type":"article","og_title":"Buy 4F-AKB Online","og_description":"Buy 4F-AKB, buyembutal sells 4F-ADB in best quality. The 4F-AKB we offer is 4F-AKB-48, be the first to review this product. Order now at narcopowders.","og_url":"https:\/\/narcopowders.com\/pt\/produtos\/\/","og_site_name":"Narco Powders","article_modified_time":"2024-05-24T06:29:43+00:00","og_image":[{"width":600,"height":600,"url":"https:\/\/narcopowders.com\/wp-content\/uploads\/2024\/05\/4f-akb.gif","type":"image\/gif"}],"twitter_card":"summary_large_image","twitter_misc":{"Tempo estimado de leitura":"3 minutos"},"schema":{"@context":"https:\/\/schema.org","@graph":[{"@type":"WebPage","@id":"https:\/\/narcopowders.com\/product\/buy-4f-akb-online\/","url":"https:\/\/narcopowders.com\/product\/buy-4f-akb-online\/","name":"Comprar 4F-AKB online","isPartOf":{"@id":"https:\/\/narcopowders.com\/#website"},"primaryImageOfPage":{"@id":"https:\/\/narcopowders.com\/product\/buy-4f-akb-online\/#primaryimage"},"image":{"@id":"https:\/\/narcopowders.com\/product\/buy-4f-akb-online\/#primaryimage"},"thumbnailUrl":"https:\/\/narcopowders.com\/wp-content\/uploads\/2024\/05\/4f-akb.gif","datePublished":"2024-05-23T06:14:12+00:00","dateModified":"2024-05-24T06:29:43+00:00","description":"Comprar 4F-AKB, buyembutal vende 4F-ADB na melhor qualidade. O 4F-AKB que oferecemos \u00e9 o 4F-AKB-48, seja o primeiro a avaliar este produto. Encomendar agora em narcopowders.","breadcrumb":{"@id":"https:\/\/narcopowders.com\/product\/buy-4f-akb-online\/#breadcrumb"},"inLanguage":"pt-PT","potentialAction":[{"@type":"ReadAction","target":["https:\/\/narcopowders.com\/product\/buy-4f-akb-online\/"]}]},{"@type":"ImageObject","inLanguage":"pt-PT","@id":"https:\/\/narcopowders.com\/product\/buy-4f-akb-online\/#primaryimage","url":"https:\/\/narcopowders.com\/wp-content\/uploads\/2024\/05\/4f-akb.gif","contentUrl":"https:\/\/narcopowders.com\/wp-content\/uploads\/2024\/05\/4f-akb.gif","width":600,"height":600,"caption":"Buy 4f-akb Online"},{"@type":"BreadcrumbList","@id":"https:\/\/narcopowders.com\/product\/buy-4f-akb-online\/#breadcrumb","itemListElement":[{"@type":"ListItem","position":1,"name":"Home","item":"https:\/\/narcopowders.com\/"},{"@type":"ListItem","position":2,"name":"Shop Page","item":"https:\/\/narcopowders.com\/shop\/"},{"@type":"ListItem","position":3,"name":"Buy 4F-AKB Online"}]},{"@type":"WebSite","@id":"https:\/\/narcopowders.com\/#website","url":"https:\/\/narcopowders.com\/","name":"P\u00f3s de narc\u00f3ticos","description":"O meu blogue WordPress","potentialAction":[{"@type":"SearchAction","target":{"@type":"EntryPoint","urlTemplate":"https:\/\/narcopowders.com\/?s={search_term_string}"},"query-input":{"@type":"PropertyValueSpecification","valueRequired":true,"valueName":"search_term_string"}}],"inLanguage":"pt-PT"}]}},"_links":{"self":[{"href":"https:\/\/narcopowders.com\/pt\/wp-json\/wp\/v2\/product\/20503","targetHints":{"allow":["GET"]}}],"collection":[{"href":"https:\/\/narcopowders.com\/pt\/wp-json\/wp\/v2\/product"}],"about":[{"href":"https:\/\/narcopowders.com\/pt\/wp-json\/wp\/v2\/types\/product"}],"replies":[{"embeddable":true,"href":"https:\/\/narcopowders.com\/pt\/wp-json\/wp\/v2\/comments?post=20503"}],"wp:featuredmedia":[{"embeddable":true,"href":"https:\/\/narcopowders.com\/pt\/wp-json\/wp\/v2\/media\/21264"}],"wp:attachment":[{"href":"https:\/\/narcopowders.com\/pt\/wp-json\/wp\/v2\/media?parent=20503"}],"wp:term":[{"taxonomy":"product_brand","embeddable":true,"href":"https:\/\/narcopowders.com\/pt\/wp-json\/wp\/v2\/product_brand?post=20503"},{"taxonomy":"product_cat","embeddable":true,"href":"https:\/\/narcopowders.com\/pt\/wp-json\/wp\/v2\/product_cat?post=20503"},{"taxonomy":"product_tag","embeddable":true,"href":"https:\/\/narcopowders.com\/pt\/wp-json\/wp\/v2\/product_tag?post=20503"}],"curies":[{"name":"wp","href":"https:\/\/api.w.org\/{rel}","templated":true}]}}