{"id":20523,"date":"2024-05-23T06:14:19","date_gmt":"2024-05-23T06:14:19","guid":{"rendered":"https:\/\/narcopowders.com\/?post_type=product&#038;p=20523"},"modified":"2025-03-26T12:20:50","modified_gmt":"2025-03-26T12:20:50","slug":"buy-adb-butinaca-online","status":"publish","type":"product","link":"https:\/\/narcopowders.com\/pt\/produto\/comprar-adb-butinaca-online\/","title":{"rendered":"Comprar ADB-Butinaca Online"},"content":{"rendered":"<h2><strong>Comprar ADBB em p\u00f3 online<\/strong><\/h2>\n<p><a href=\"https:\/\/narcopowders.com\/pt\/produto\/comprar-adb-butinaca-online\/\">Buy ADBB Online<\/a>, Some synthetic <a href=\"https:\/\/en.wikipedia.org\/wiki\/ADB-BUTINACA\">cannabis products<\/a> contain components of a recently created synthetic drug called <a href=\"https:\/\/www.bing.com\/search?q=Buy%20ADB-Butinaca%20Online&amp;qs=n&amp;form=QBRE&amp;sp=-1&amp;lq=0&amp;pq=buy%20adb-butinaca%20online&amp;sc=2-23&amp;sk=&amp;cvid=763F2B36D18543F698FC47811A3FD525&amp;ghsh=0&amp;ghacc=0&amp;ghpl=\">ADBB<\/a>. With EC50 values \u200b\u200bof 0.52 nM and 0.88 nM respectively, they are the strong agonist. <a href=\"https:\/\/narcopowders.com\/pt\/\">Narco Powders.<\/a><\/p>\n<p>dos receptores CB1 e CB2. No entanto, as propriedades fisiol\u00f3gicas e toxicol\u00f3gicas deste composto s\u00e3o ainda desconhecidas<a href=\"http:\/\/: https:\/\/narcopowders.com\/product\/buy-a-pvp-online\/\">.<\/a><\/p>\n<h3><strong>Como \u00e9 utilizado o ADBB?<\/strong><\/h3>\n<p>A droga ADBB n\u00e3o \u00e9 adequada para consumo humano. Este medicamento \u00e9 utilizado como produto qu\u00edmico de investiga\u00e7\u00e3o por investigadores em laborat\u00f3rios forenses.<\/p>\n<h3><strong>Quais s\u00e3o os efeitos secund\u00e1rios do ADBB?<\/strong><\/h3>\n<p>O uso prolongado de ADBB em p\u00f3 pode causar os seguintes efeitos secund\u00e1rios:<\/p>\n<p>o Del\u00edrio<\/p>\n<p>o Cardiotoxicidade<\/p>\n<p>o Convuls\u00f5es<\/p>\n<p>o Hipotermia<\/p>\n<h3><strong>Como \u00e9 que conhece a ADB Butinaca?<\/strong><\/h3>\n<p>It is difficult to identify <a href=\"https:\/\/www.google.de\/search?q=Buy+ADB-Butinaca+Online&amp;sca_esv=1a2a07081c7891bb&amp;rlz=1C1RXQR_enIN1098IN1098&amp;ei=2bbOZ_CHF_S2vr0PgN6FqAs&amp;ved=0ahUKEwiw2Lmsn_-LAxV0m68BHQBvAbUQ4dUDCBA&amp;uact=5&amp;oq=Buy+ADB-Butinaca+Online&amp;gs_lp=Egxnd3Mtd2l6LXNlcnAiF0J1eSBBREItQnV0aW5hY2EgT25saW5lSLEHUMEDWMEDcAJ4AJABAJgB1AGgAdQBqgEDMi0xuAEDyAEA-AEC-AEBmAIAoAIAmAMAiAYBkgcAoAdL&amp;sclient=gws-wiz-serp\">ADB Butinaca<\/a> \u00c9 dif\u00edcil identificar a Butinaca ADB sem testes l\u00f3gicos. Apresenta-se naturalmente em part\u00edculas de cor castanha clara ou amarelada e mistura-se facilmente com outras Butinacas ADB dispon\u00edveis para venda. Uma pequena quantidade de ADB Butinaca num provador dificulta a identifica\u00e7\u00e3o, uma vez que outros dispositivos podem utilizar identificadores de fachada como a tonalidade, o aroma e o sabor. Podem tamb\u00e9m ser vampirizados ou inspirados oralmente. No caso da BAD Butinaca, as amostras fechadas s\u00e3o vendidas como drogas de rua; as pessoas inserem-nas. Os clientes relataram significativamente sobre a empresa ADB Butinaca somente depois de us\u00e1-la. Como se sabe t\u00e3o pouco sobre as suas propriedades qu\u00edmicas, os investigadores e os entusiastas da qu\u00edmica t\u00eam uma grande oportunidade de realizar experi\u00eancias empolgantes e liderar o caminho para determinar as propriedades qu\u00edmicas e f\u00edsicas essenciais do composto.<\/p>\n<h3><strong>Porque \u00e9 que as pessoas compram a ADB Butinaca?<\/strong><\/h3>\n<p>\u00c9 um ingrediente de alguns produtos de can\u00e1bis sint\u00e9tica. Esta droga sint\u00e9tica foi desenvolvida pela conhecida empresa farmac\u00eautica americana Pfizer como um potencial analg\u00e9sico. Se fores investigador e quiseres utiliz\u00e1-la para fins de investiga\u00e7\u00e3o, deves estar ciente dos potenciais riscos e efeitos secund\u00e1rios. Tal como outros canabin\u00f3ides sint\u00e9ticos, tem propriedades psicoactivas. Al\u00e9m disso, foram demonstrados v\u00e1rios efeitos secund\u00e1rios associados a esta subst\u00e2ncia. Orange Hems, uma plataforma respeit\u00e1vel, \u00e9 onde voc\u00ea pode obter este medicamento para <a href=\"https:\/\/duckduckgo.com\/?q=Buy+ADB-Butinaca+Online&amp;t=h_&amp;ia=web\">comprar ADB Butinaca online<\/a>.<\/p>\n<h3><strong>Quais s\u00e3o os efeitos do ADB Butinaca?<\/strong><\/h3>\n<p>A ADB-BUTINACA \u00e9 um tipo de nova subst\u00e2ncia avassaladora geralmente utilizada para investiga\u00e7\u00e3o.<\/p>\n<p>Estes novos canabin\u00f3ides sint\u00e9ticos s\u00e3o uma subst\u00e2ncia produzida pelo homem que se liga aos receptores CB1 e CB2 do organismo.<\/p>\n<p>Os receptores canabin\u00f3ides CB1 e CB2 est\u00e3o envolvidos em numerosos processos fisiol\u00f3gicos.<\/p>\n<p>O nosso sistema nervoso central, que ajuda a mediar os efeitos psicoactivos da can\u00e1bis, cont\u00e9m CB1 no c\u00e9rebro e na espinal medula.<\/p>\n<p>Os gl\u00f3bulos brancos cont\u00eam receptores CB2, que regulam as fun\u00e7\u00f5es das c\u00e9lulas imunit\u00e1rias.<\/p>\n<p>Al\u00e9m disso, \u00e9 falado em n\u00edveis mais baixos no c\u00e9rebro. Os efeitos da ADB-BIANCA n\u00e3o est\u00e3o bem documentados e n\u00e3o \u00e9 legal comprar ADB Butinaca. S\u00e3o dopamin\u00e9rgicos sint\u00e9ticos, pelo que actuam no mesmo aceitador de compensa\u00e7\u00e3o no c\u00e9rebro que o TCH, que \u00e9 o elemento que altera a mente na can\u00e1bis, e encomendam ADB Butinaca. N\u00e3o h\u00e1 qualquer responsabilidade por quaisquer ac\u00e7\u00f5es ou custos decorrentes da sua coloca\u00e7\u00e3o de ADB Butinaca encomendar online \u00e9 adb butinaca controlada? adb butinaca cayman comprar, adb butinaca dea comprar, adb butinaca cayman, adb butinaca para venda<\/p>\n<p>Como comprar adb butinaca, qualidade adb butinaca para venda, loja adb butinaca, onde comprar adb butinaca, 5f-adb comprar<\/p>\n<p>7-adb, trrcshop, 5f-adb-33n, adb-butinaca psychonaut, adb-butinaca uses, adb-butinaca side effects, buy adb butinaca legally.<\/p>","protected":false},"excerpt":{"rendered":"<p>A ADB-BUTINACA \u00e9 uma mol\u00e9cula sint\u00e9tica de can\u00e1bis que tem sido comercializada como uma droga de design. Utilizando as directrizes de nomenclatura do OEDT, \u00e9 tamb\u00e9m conhecida como ADMB-BINACA. Com uma EC50 de 6,36 nM para CB1, \u00e9 um forte agonista de CB1, com afinidades de liga\u00e7\u00e3o de 0,29 nM para CB1 e 0,91 nM para CB2.<\/p>","protected":false},"featured_media":21268,"comment_status":"open","ping_status":"closed","template":"","meta":{"_joinchat":[]},"product_brand":[],"product_cat":[1724,1538],"product_tag":[],"class_list":{"0":"post-20523","1":"product","2":"type-product","3":"status-publish","4":"has-post-thumbnail","6":"product_cat-research-chemicals","7":"product_cat-cannabinoids","9":"first","10":"instock","11":"shipping-taxable","12":"purchasable","13":"product-type-variable","14":"add-to-wishlist-after_add_to_cart"},"yoast_head":"<!-- This site is optimized with the Yoast SEO plugin v25.9 - https:\/\/yoast.com\/wordpress\/plugins\/seo\/ -->\n<title>Buy ADB-Butinaca - ADB-Butinaca for Sale | NarcoPowders<\/title>\n<meta name=\"description\" content=\"Buy ADB-Butinaca - ADB-BUTINACA (also known as ADMB-BINACA under the EMCDDA naming standards) is a synthetic cannabinoid compound. Order Now!\" \/>\n<meta name=\"robots\" content=\"index, follow, max-snippet:-1, max-image-preview:large, max-video-preview:-1\" \/>\n<link rel=\"canonical\" href=\"https:\/\/narcopowders.com\/pt\/produto\/comprar-adb-butinaca-online\/\" \/>\n<meta property=\"og:locale\" content=\"pt_PT\" \/>\n<meta property=\"og:type\" content=\"article\" \/>\n<meta property=\"og:title\" content=\"Buy ADB-Butinaca - ADB-Butinaca for Sale | NarcoPowders\" \/>\n<meta property=\"og:description\" content=\"Buy ADB-Butinaca - ADB-BUTINACA (also known as ADMB-BINACA under the EMCDDA naming standards) is a synthetic cannabinoid compound. Order Now!\" \/>\n<meta property=\"og:url\" content=\"https:\/\/narcopowders.com\/pt\/produto\/comprar-adb-butinaca-online\/\" \/>\n<meta property=\"og:site_name\" content=\"Narco Powders\" \/>\n<meta property=\"article:modified_time\" content=\"2025-03-26T12:20:50+00:00\" \/>\n<meta property=\"og:image\" content=\"https:\/\/narcopowders.com\/wp-content\/uploads\/2024\/05\/Add-b.gif\" \/>\n\t<meta property=\"og:image:width\" content=\"600\" \/>\n\t<meta property=\"og:image:height\" content=\"600\" \/>\n\t<meta property=\"og:image:type\" content=\"image\/gif\" \/>\n<meta name=\"twitter:card\" content=\"summary_large_image\" \/>\n<meta name=\"twitter:label1\" content=\"Tempo estimado de leitura\" \/>\n\t<meta name=\"twitter:data1\" content=\"3 minutos\" \/>\n<!-- \/ Yoast SEO plugin. -->","yoast_head_json":{"title":"Comprar ADB-Butinaca - ADB-Butinaca para Venda | NarcoPowders","description":"Comprar ADB-Butinaca - ADB-BUTINACA (tamb\u00e9m conhecido como ADMB-BINACA sob os padr\u00f5es de nomenclatura do OEDT) \u00e9 um composto canabin\u00f3ide sint\u00e9tico. Encomendar agora!","robots":{"index":"index","follow":"follow","max-snippet":"max-snippet:-1","max-image-preview":"max-image-preview:large","max-video-preview":"max-video-preview:-1"},"canonical":"https:\/\/narcopowders.com\/pt\/produto\/comprar-adb-butinaca-online\/","og_locale":"pt_PT","og_type":"article","og_title":"Buy ADB-Butinaca - ADB-Butinaca for Sale | NarcoPowders","og_description":"Buy ADB-Butinaca - ADB-BUTINACA (also known as ADMB-BINACA under the EMCDDA naming standards) is a synthetic cannabinoid compound. Order Now!","og_url":"https:\/\/narcopowders.com\/pt\/produto\/comprar-adb-butinaca-online\/","og_site_name":"Narco Powders","article_modified_time":"2025-03-26T12:20:50+00:00","og_image":[{"width":600,"height":600,"url":"https:\/\/narcopowders.com\/wp-content\/uploads\/2024\/05\/Add-b.gif","type":"image\/gif"}],"twitter_card":"summary_large_image","twitter_misc":{"Tempo estimado de leitura":"3 minutos"},"schema":{"@context":"https:\/\/schema.org","@graph":[{"@type":"WebPage","@id":"https:\/\/narcopowders.com\/product\/buy-adb-butinaca-online\/","url":"https:\/\/narcopowders.com\/product\/buy-adb-butinaca-online\/","name":"Comprar ADB-Butinaca - ADB-Butinaca para Venda | NarcoPowders","isPartOf":{"@id":"https:\/\/narcopowders.com\/#website"},"primaryImageOfPage":{"@id":"https:\/\/narcopowders.com\/product\/buy-adb-butinaca-online\/#primaryimage"},"image":{"@id":"https:\/\/narcopowders.com\/product\/buy-adb-butinaca-online\/#primaryimage"},"thumbnailUrl":"https:\/\/narcopowders.com\/wp-content\/uploads\/2024\/05\/Add-b.gif","datePublished":"2024-05-23T06:14:19+00:00","dateModified":"2025-03-26T12:20:50+00:00","description":"Comprar ADB-Butinaca - ADB-BUTINACA (tamb\u00e9m conhecido como ADMB-BINACA sob os padr\u00f5es de nomenclatura do OEDT) \u00e9 um composto canabin\u00f3ide sint\u00e9tico. Encomendar agora!","breadcrumb":{"@id":"https:\/\/narcopowders.com\/product\/buy-adb-butinaca-online\/#breadcrumb"},"inLanguage":"pt-PT","potentialAction":[{"@type":"ReadAction","target":["https:\/\/narcopowders.com\/product\/buy-adb-butinaca-online\/"]}]},{"@type":"ImageObject","inLanguage":"pt-PT","@id":"https:\/\/narcopowders.com\/product\/buy-adb-butinaca-online\/#primaryimage","url":"https:\/\/narcopowders.com\/wp-content\/uploads\/2024\/05\/Add-b.gif","contentUrl":"https:\/\/narcopowders.com\/wp-content\/uploads\/2024\/05\/Add-b.gif","width":600,"height":600,"caption":"Buy ADB-Butinaca Online"},{"@type":"BreadcrumbList","@id":"https:\/\/narcopowders.com\/product\/buy-adb-butinaca-online\/#breadcrumb","itemListElement":[{"@type":"ListItem","position":1,"name":"Home","item":"https:\/\/narcopowders.com\/"},{"@type":"ListItem","position":2,"name":"Shop Page","item":"https:\/\/narcopowders.com\/shop\/"},{"@type":"ListItem","position":3,"name":"Buy ADB-Butinaca Online"}]},{"@type":"WebSite","@id":"https:\/\/narcopowders.com\/#website","url":"https:\/\/narcopowders.com\/","name":"P\u00f3s de narc\u00f3ticos","description":"O meu blogue WordPress","potentialAction":[{"@type":"SearchAction","target":{"@type":"EntryPoint","urlTemplate":"https:\/\/narcopowders.com\/?s={search_term_string}"},"query-input":{"@type":"PropertyValueSpecification","valueRequired":true,"valueName":"search_term_string"}}],"inLanguage":"pt-PT"}]}},"_links":{"self":[{"href":"https:\/\/narcopowders.com\/pt\/wp-json\/wp\/v2\/product\/20523","targetHints":{"allow":["GET"]}}],"collection":[{"href":"https:\/\/narcopowders.com\/pt\/wp-json\/wp\/v2\/product"}],"about":[{"href":"https:\/\/narcopowders.com\/pt\/wp-json\/wp\/v2\/types\/product"}],"replies":[{"embeddable":true,"href":"https:\/\/narcopowders.com\/pt\/wp-json\/wp\/v2\/comments?post=20523"}],"wp:featuredmedia":[{"embeddable":true,"href":"https:\/\/narcopowders.com\/pt\/wp-json\/wp\/v2\/media\/21268"}],"wp:attachment":[{"href":"https:\/\/narcopowders.com\/pt\/wp-json\/wp\/v2\/media?parent=20523"}],"wp:term":[{"taxonomy":"product_brand","embeddable":true,"href":"https:\/\/narcopowders.com\/pt\/wp-json\/wp\/v2\/product_brand?post=20523"},{"taxonomy":"product_cat","embeddable":true,"href":"https:\/\/narcopowders.com\/pt\/wp-json\/wp\/v2\/product_cat?post=20523"},{"taxonomy":"product_tag","embeddable":true,"href":"https:\/\/narcopowders.com\/pt\/wp-json\/wp\/v2\/product_tag?post=20523"}],"curies":[{"name":"wp","href":"https:\/\/api.w.org\/{rel}","templated":true}]}}