{"id":20526,"date":"2024-05-23T06:14:19","date_gmt":"2024-05-23T06:14:19","guid":{"rendered":"https:\/\/narcopowders.com\/?post_type=product&#038;p=20526"},"modified":"2025-03-26T12:51:13","modified_gmt":"2025-03-26T12:51:13","slug":"buy-sgt-263-online","status":"publish","type":"product","link":"https:\/\/narcopowders.com\/pt\/produto\/comprar-sgt-263-online\/","title":{"rendered":"Comprar Sgt -263 Online"},"content":{"rendered":"<h2>Comprar SGT-263 online<\/h2>\n<p><a href=\"https:\/\/narcopowders.com\/pt\/\">Comprar SGT-263<\/a>, The use of the cannabinoid <a href=\"https:\/\/en.wikipedia.org\/wiki\/Sgt._Frog\">SGT-263<\/a> \u00e9 legal no nosso pa\u00eds de origem. \u00c9 da sua responsabilidade conhecer e cumprir a legisla\u00e7\u00e3o local, estatal, federal, provincial e local. Se decidir fazer uma encomenda, n\u00e3o seremos respons\u00e1veis por quaisquer ac\u00e7\u00f5es ou resultados.<\/p>\n<h3>Por que raz\u00e3o deve comprar-nos o canabin\u00f3ide SGT-263?<\/h3>\n<p>We have been supplying <a href=\"https:\/\/narcopowders.com\/pt\/produto\/comprar-sgt-263-online\/\">produtos qu\u00edmicos de investiga\u00e7\u00e3o<\/a> for a long time and are a reliable source.<\/p>\n<p>O chat em direto est\u00e1 dispon\u00edvel 24 horas por dia, 7 dias por semana. Se tiver alguma d\u00favida, n\u00e3o hesite em perguntar.<\/p>\n<p>V\u00e1rios m\u00e9todos de pagamento para satisfazer as suas necessidades<\/p>\n<p>Enviamos no mesmo dia, desde que a sua encomenda seja recebida at\u00e9 \u00e0s 16:00 CET .<\/p>\n<p>Os testemunhos honestos dos nossos clientes d\u00e3o-lhe a oportunidade de comprar com confian\u00e7a.<\/p>\n<p><a href=\"https:\/\/duckduckgo.com\/?q=Buy+Sgt+-263+Online&amp;t=h_&amp;ia=web\">NarcoPowders.com<\/a> \u00e9 um l\u00edder global na distribui\u00e7\u00e3o de produtos qu\u00edmicos para pesquisa e fabricante global de produtos qu\u00edmicos para pesquisa, fundado em 2008. N\u00f3s trabalhamos. Todos os produtos s\u00e3o enviados a partir dos nossos armaz\u00e9ns em Hong Kong, China, UE e Ucr\u00e2nia. Somos r\u00e1pidos e fi\u00e1veis e a nossa extensa rede de distribui\u00e7\u00e3o garante que cada produto que encomendar chega a tempo, \u00e9 entregue nos locais de recolha da sua escolha e chega ao seu destino a tempo.<\/p>\n<p>O nosso principal objetivo \u00e9 a satisfa\u00e7\u00e3o do cliente, e \u00e9 por isso que nos esfor\u00e7amos por fornecer um excelente servi\u00e7o ao cliente. Quando faz uma encomenda na Top Cannabinoids Shop, pode ter a certeza de que esta ser\u00e1 entregue prontamente no endere\u00e7o que indicar. Al\u00e9m disso, oferecemos uma s\u00e9rie de op\u00e7\u00f5es de envio que nos permitem entregar mercadorias aos nossos clientes em v\u00e1rios mercados e locais em todo o mundo. Todos os artigos deste s\u00edtio web<\/p>\n<p>\u00e9 colocado \u00e0 venda apenas para apoiar a investiga\u00e7\u00e3o e a educa\u00e7\u00e3o. N\u00e3o vendemos nenhum dos nossos artigos para uso ou consumo ilegal por seres humanos ou animais.<\/p>\n<p>A 1-(5-fluoropentil) ou SGT-263(2-fenilpropan-2-il)-N-Semelhante \u00e0 MMB-CHMINACA, -7-azaindole-3-carboxamida \u00e9 um composto altamente potente. Vendido como droga de marca, o SGT-263 \u00e9 um canabin\u00f3ide sint\u00e9tico baseado na pirrolopiridina-3-carboxamida.<\/p>\n<h3>SGT-263 \u00e9 patenteado por uma empresa l\u00edder mundial.<\/h3>\n<p>O SGT-263, um canabin\u00f3ide \u00fanico e recente no mercado, est\u00e1 aprovado em praticamente todos os pa\u00edses, incluindo a Alemanha.<\/p>\n<p>Al\u00e9m disso, o SGT-263 est\u00e1 dispon\u00edvel sob a denomina\u00e7\u00e3o ipac 1-(5-fluoropentil).(2-fenilpropan-2-il)-N-3-carboxamida de -1H-pirrolo[2,3-b]piridina <a href=\"https:\/\/www.bing.com\/search?q=Buy%20Sgt%20-263%20Online&amp;qs=n&amp;form=QBRE&amp;sp=-1&amp;lq=0&amp;pq=buy%20sgt%20-263%20online&amp;sc=12-19&amp;sk=&amp;cvid=F24FE2F21C0348B9B9F359F348D4BA91&amp;ghsh=0&amp;ghacc=0&amp;ghpl=\">SGT- 263<\/a> .<\/p>\n<p>O SGT-25 est\u00e1 estreitamente relacionado com a 1-(5-fluoropentil)-N-(2-fenilpropan-2-il)-7-azaindole-3-carboxamida, um canabin\u00f3ide. Al\u00e9m disso, o p\u00f3 de RC \u00e9 atualmente legal em todos os pa\u00edses europeus. SGT-263 \u00e9 a abreviatura de Street Names: SGT-25 \u00e9 uma subst\u00e2ncia ocasionalmente utilizada para fins recreativos e est\u00e1 contida no \"C-Liquid\", um aditivo para l\u00edquidos de cigarros electr\u00f3nicos.<\/p>\n<p>Farmacologia: 1. (Fluoropentil-5-)(2-fenilpropan-2-il)-N-Depois de uma a\u00e7\u00e3o farmacol\u00f3gica complicada, a -7-azaindole-3-carboxamida \u00e9 um canabin\u00f3ide sint\u00e9tico pertencente \u00e0 fam\u00edlia dos indaz\u00f3is-3-carboxamidas. Prev\u00ea-se que a seletividade para o recetor CB1 seja aproximadamente quatro vezes superior \u00e0 do 5F-CUMYL-PINACA.<\/p>\n<p>Itens compar\u00e1veis: MMB-CHMINACA; CUMYL PICA; 5F-SDB-006<\/p>\n<ul>\n<li>SDB-006; CUMYL PINACA; CUMYL-THPINACA<\/li>\n<\/ul>\n<p>Antes de efetuar uma encomenda, certifique-se de que o seu espa\u00e7o de trabalho \u00e9 bem ventilado e que est\u00e1 devidamente preparado para manusear produtos qu\u00edmicos de investiga\u00e7\u00e3o.<\/p>\n<h3>O que \u00e9 o SGT-263?<\/h3>\n<p>O SGT-263 \u00e9 um novo canabin\u00f3ide sint\u00e9tico que s\u00f3 existe desde 2016. Este produto qu\u00edmico de investiga\u00e7\u00e3o \u00e9 um poderoso agonista dos receptores CB1 e CB2. O SGT-263 foi descrito por investigadores qu\u00edmicos como produzindo resultados semelhantes ao ADB-FUBINACA, outro canabin\u00f3ide sint\u00e9tico popular. Os resultados experimentais com o SGT-263 mostram geralmente resultados semelhantes aos de muitos outros canabin\u00f3ides sint\u00e9ticos. Por isso, se gostas de fazer experi\u00eancias com outros canabin\u00f3ides sint\u00e9ticos, provavelmente vais gostar de ter o SGT-263 no teu laborat\u00f3rio.<\/p>\n<h3>Onde posso comprar o SGT-263?<\/h3>\n<p>O SGT-263 pode ser comprado no site Buy NarcoPowders. O nosso SGT-263 vem normalmente em forma de p\u00f3. No entanto, se preferir outras formas deste qu\u00edmico, n\u00e3o hesite em contactar-nos para ver se temos outra forma dispon\u00edvel. Muitas vezes temos v\u00e1rias formas dispon\u00edveis. Deve ter pelo menos 18 anos de idade para nos <a href=\"https:\/\/www.google.com\/search?q=Buy+Sgt+-263+Online&amp;sca_esv=16def464f60f9903&amp;sxsrf=AHTn8zoPPZu82pwiT2LkmFR2ChE5PQ1veQ%3A1742993009664&amp;ei=cfbjZ_OhKNmS0PEP6OHzoQk&amp;ved=0ahUKEwiznr_54qeMAxVZCTQIHejwPJQQ4dUDCBA&amp;uact=5&amp;oq=Buy+Sgt+-263+Online&amp;gs_lp=Egxnd3Mtd2l6LXNlcnAiE0J1eSBTZ3QgLTI2MyBPbmxpbmVIjghQoARYoARwAXgAkAEAmAHNAqABzQKqAQMzLTG4AQPIAQD4AQL4AQGYAgCgAgCYAwCIBgGSBwCgB0SyBwC4BwA&amp;sclient=gws-wiz-serp\">purchase SGT-263<\/a> de n\u00f3s e cumprir as leis de produtos qu\u00edmicos de investiga\u00e7\u00e3o do seu pa\u00eds. O nosso SGT-263 n\u00e3o se destina a ser utilizado em humanos ou animais, mas apenas para fins de investiga\u00e7\u00e3o.<\/p>\n<h3>SGT-263 Legalidade<\/h3>\n<p>Como o SGT-263 \u00e9 t\u00e3o novo, n\u00e3o est\u00e1 atualmente aprovado na maioria dos pa\u00edses, o que o torna legal. No entanto, alguns pa\u00edses, como os Estados Unidos, t\u00eam leis rigorosas de analogia que podem potencialmente tornar este produto qu\u00edmico ilegal.<\/p>","protected":false},"excerpt":{"rendered":"<p>Buy SGT-263 online Buy SGT-263, The use of the cannabinoid SGT-263 is legal in our country of origin. It is your responsibility to know and comply with local, state, federal, provincial and local laws. Should you decide to place an order, we will not be liable for any actions or results . Why should you [&hellip;]<\/p>","protected":false},"featured_media":21249,"comment_status":"open","ping_status":"closed","template":"","meta":{"_joinchat":[]},"product_brand":[],"product_cat":[1724,1538],"product_tag":[],"class_list":{"0":"post-20526","1":"product","2":"type-product","3":"status-publish","4":"has-post-thumbnail","6":"product_cat-research-chemicals","7":"product_cat-cannabinoids","9":"first","10":"instock","11":"shipping-taxable","12":"purchasable","13":"product-type-variable","14":"add-to-wishlist-after_add_to_cart"},"yoast_head":"<!-- This site is optimized with the Yoast SEO plugin v27.5 - https:\/\/yoast.com\/product\/yoast-seo-wordpress\/ -->\n<title>Buy SGT-263 Online - SGT-263 for sale | NarcoPowders<\/title>\n<meta name=\"description\" content=\"NarcoPowders is one of the leading chemical stores where you can get high-quality Sgt-263 powder for sale. Order Sgt-263, buy Sgt-263 online!\" \/>\n<meta name=\"robots\" content=\"index, follow, max-snippet:-1, max-image-preview:large, max-video-preview:-1\" \/>\n<link rel=\"canonical\" href=\"https:\/\/narcopowders.com\/pt\/produto\/comprar-sgt-263-online\/\" \/>\n<meta property=\"og:locale\" content=\"pt_PT\" \/>\n<meta property=\"og:type\" content=\"article\" \/>\n<meta property=\"og:title\" content=\"Buy SGT-263 Online - SGT-263 for sale | NarcoPowders\" \/>\n<meta property=\"og:description\" content=\"NarcoPowders is one of the leading chemical stores where you can get high-quality Sgt-263 powder for sale. Order Sgt-263, buy Sgt-263 online!\" \/>\n<meta property=\"og:url\" content=\"https:\/\/narcopowders.com\/pt\/produto\/comprar-sgt-263-online\/\" \/>\n<meta property=\"og:site_name\" content=\"Narco Powders\" \/>\n<meta property=\"article:modified_time\" content=\"2025-03-26T12:51:13+00:00\" \/>\n<meta property=\"og:image\" content=\"https:\/\/narcopowders.com\/wp-content\/uploads\/2024\/05\/Sgt-263.gif\" \/>\n\t<meta property=\"og:image:width\" content=\"600\" \/>\n\t<meta property=\"og:image:height\" content=\"600\" \/>\n\t<meta property=\"og:image:type\" content=\"image\/gif\" \/>\n<meta name=\"twitter:card\" content=\"summary_large_image\" \/>\n<meta name=\"twitter:label1\" content=\"Tempo estimado de leitura\" \/>\n\t<meta name=\"twitter:data1\" content=\"4 minutos\" \/>\n<!-- \/ Yoast SEO plugin. -->","yoast_head_json":{"title":"Comprar SGT-263 Online - SGT-263 para venda | NarcoPowders","description":"NarcoPowders \u00e9 uma das principais lojas de produtos qu\u00edmicos onde voc\u00ea pode obter p\u00f3 Sgt-263 de alta qualidade para venda. Encomende Sgt-263, compre Sgt-263 online!","robots":{"index":"index","follow":"follow","max-snippet":"max-snippet:-1","max-image-preview":"max-image-preview:large","max-video-preview":"max-video-preview:-1"},"canonical":"https:\/\/narcopowders.com\/pt\/produto\/comprar-sgt-263-online\/","og_locale":"pt_PT","og_type":"article","og_title":"Buy SGT-263 Online - SGT-263 for sale | NarcoPowders","og_description":"NarcoPowders is one of the leading chemical stores where you can get high-quality Sgt-263 powder for sale. Order Sgt-263, buy Sgt-263 online!","og_url":"https:\/\/narcopowders.com\/pt\/produto\/comprar-sgt-263-online\/","og_site_name":"Narco Powders","article_modified_time":"2025-03-26T12:51:13+00:00","og_image":[{"width":600,"height":600,"url":"https:\/\/narcopowders.com\/wp-content\/uploads\/2024\/05\/Sgt-263.gif","type":"image\/gif"}],"twitter_card":"summary_large_image","twitter_misc":{"Tempo estimado de leitura":"4 minutos"},"schema":{"@context":"https:\/\/schema.org","@graph":[{"@type":"WebPage","@id":"https:\/\/narcopowders.com\/product\/buy-sgt-263-online\/","url":"https:\/\/narcopowders.com\/product\/buy-sgt-263-online\/","name":"Comprar SGT-263 Online - SGT-263 para venda | NarcoPowders","isPartOf":{"@id":"https:\/\/narcopowders.com\/#website"},"primaryImageOfPage":{"@id":"https:\/\/narcopowders.com\/product\/buy-sgt-263-online\/#primaryimage"},"image":{"@id":"https:\/\/narcopowders.com\/product\/buy-sgt-263-online\/#primaryimage"},"thumbnailUrl":"https:\/\/narcopowders.com\/wp-content\/uploads\/2024\/05\/Sgt-263.gif","datePublished":"2024-05-23T06:14:19+00:00","dateModified":"2025-03-26T12:51:13+00:00","description":"NarcoPowders \u00e9 uma das principais lojas de produtos qu\u00edmicos onde voc\u00ea pode obter p\u00f3 Sgt-263 de alta qualidade para venda. Encomende Sgt-263, compre Sgt-263 online!","breadcrumb":{"@id":"https:\/\/narcopowders.com\/product\/buy-sgt-263-online\/#breadcrumb"},"inLanguage":"pt-PT","potentialAction":[{"@type":"ReadAction","target":["https:\/\/narcopowders.com\/product\/buy-sgt-263-online\/"]}]},{"@type":"ImageObject","inLanguage":"pt-PT","@id":"https:\/\/narcopowders.com\/product\/buy-sgt-263-online\/#primaryimage","url":"https:\/\/narcopowders.com\/wp-content\/uploads\/2024\/05\/Sgt-263.gif","contentUrl":"https:\/\/narcopowders.com\/wp-content\/uploads\/2024\/05\/Sgt-263.gif","width":600,"height":600,"caption":"Buy Sgt -263 Online"},{"@type":"BreadcrumbList","@id":"https:\/\/narcopowders.com\/product\/buy-sgt-263-online\/#breadcrumb","itemListElement":[{"@type":"ListItem","position":1,"name":"Home","item":"https:\/\/narcopowders.com\/"},{"@type":"ListItem","position":2,"name":"Shop Page","item":"https:\/\/narcopowders.com\/shop\/"},{"@type":"ListItem","position":3,"name":"Buy Sgt -263 Online"}]},{"@type":"WebSite","@id":"https:\/\/narcopowders.com\/#website","url":"https:\/\/narcopowders.com\/","name":"P\u00f3s de narc\u00f3ticos","description":"O meu blogue WordPress","potentialAction":[{"@type":"SearchAction","target":{"@type":"EntryPoint","urlTemplate":"https:\/\/narcopowders.com\/?s={search_term_string}"},"query-input":{"@type":"PropertyValueSpecification","valueRequired":true,"valueName":"search_term_string"}}],"inLanguage":"pt-PT"}]}},"_links":{"self":[{"href":"https:\/\/narcopowders.com\/pt\/wp-json\/wp\/v2\/product\/20526","targetHints":{"allow":["GET"]}}],"collection":[{"href":"https:\/\/narcopowders.com\/pt\/wp-json\/wp\/v2\/product"}],"about":[{"href":"https:\/\/narcopowders.com\/pt\/wp-json\/wp\/v2\/types\/product"}],"replies":[{"embeddable":true,"href":"https:\/\/narcopowders.com\/pt\/wp-json\/wp\/v2\/comments?post=20526"}],"wp:featuredmedia":[{"embeddable":true,"href":"https:\/\/narcopowders.com\/pt\/wp-json\/wp\/v2\/media\/21249"}],"wp:attachment":[{"href":"https:\/\/narcopowders.com\/pt\/wp-json\/wp\/v2\/media?parent=20526"}],"wp:term":[{"taxonomy":"product_brand","embeddable":true,"href":"https:\/\/narcopowders.com\/pt\/wp-json\/wp\/v2\/product_brand?post=20526"},{"taxonomy":"product_cat","embeddable":true,"href":"https:\/\/narcopowders.com\/pt\/wp-json\/wp\/v2\/product_cat?post=20526"},{"taxonomy":"product_tag","embeddable":true,"href":"https:\/\/narcopowders.com\/pt\/wp-json\/wp\/v2\/product_tag?post=20526"}],"curies":[{"name":"wp","href":"https:\/\/api.w.org\/{rel}","templated":true}]}}