{"id":20527,"date":"2024-05-23T06:14:19","date_gmt":"2024-05-23T06:14:19","guid":{"rendered":"https:\/\/narcopowders.com\/?post_type=product&#038;p=20527"},"modified":"2025-03-26T13:06:04","modified_gmt":"2025-03-26T13:06:04","slug":"buy-sgt-78-online","status":"publish","type":"product","link":"https:\/\/narcopowders.com\/pt\/produto\/comprar-sgt-78-online\/","title":{"rendered":"Comprar Sgt-78 Online"},"content":{"rendered":"<h2>Sinopse<\/h2>\n<p><a href=\"https:\/\/narcopowders.com\/pt\/produto\/comprar-sgt-78-online\/\">Comprar Sgt-78 Online<\/a>, Pode aceder \u00e0 nossa loja qu\u00edmica online, <a href=\"https:\/\/narcopowders.com\/pt\/\">Narcop\u00f3lvora<\/a>Comprar Sgt-78 Online, Pode aceder \u00e0 nossa loja online de produtos qu\u00edmicos, Narco Powders, a qualquer hora do dia e em qualquer parte do mundo. Para quem deseja comprar SGT-78 online, \u00e9 a melhor op\u00e7\u00e3o dispon\u00edvel. Estamos oferecendo SGT-78 aqui a um custo razo\u00e1vel. Como resultado, voc\u00ea n\u00e3o deve se preocupar com o custo do SGT-78. Al\u00e9m disso, lidamos com o SGT-78 para venda. Se optar por encomendar o SGT-78, fa\u00e7a-o sem demora. O nosso objetivo \u00e9 satisfazer todas as suas necessidades.<\/p>\n<h3>O que \u00e9 que se passa?<\/h3>\n<p>S\u00e3o medicamentos sint\u00e9ticos que tendem a produzir os efeitos fisiol\u00f3gicos e psicol\u00f3gicos da f\u00f3rmula molecular C22H24N4O. O peso da f\u00f3rmula \u00e9 de 360,5 g\/mol. <a href=\"https:\/\/en.wikipedia.org\/wiki\/CUMYL-4CN-BINACA\">Order Sgt 78<\/a>Ningu\u00e9m conhece as suas caracter\u00edsticas fisiol\u00f3gicas e toxicol\u00f3gicas online. \u00c9 poss\u00edvel que os canabin\u00f3ides sint\u00e9ticos tenham uma forte afinidade pelos recetores perif\u00e9ricos CB1 e CB2.<\/p>\n<h3>Quais s\u00e3o os efeitos secund\u00e1rios do SGT-78?<\/h3>\n<p>A seguir \u00e9 apresentada uma lista de <a href=\"https:\/\/duckduckgo.com\/?q=Buy+Sgt-78+Online&amp;t=h_&amp;ia=web\">P\u00f3lvora SGT-78<\/a> efeitos adversos:<\/p>\n<p>Depress\u00e3o<\/p>\n<ul>\n<li>Sonol\u00eancia<\/li>\n<li>Dor de cabe\u00e7a<\/li>\n<li>boca seca<\/li>\n<\/ul>\n<h3>Porque \u00e9 que a NarcoPowders \u00e9 a melhor loja online para comprar SGT-78?<\/h3>\n<p>Lidamos com SGT-78 a pre\u00e7os razo\u00e1veis e somos o principal fornecedor e revendedor no mercado online. Pode tamb\u00e9m comunicar-nos as suas necessidades, e n\u00f3s faremos tudo o que precisar rapidamente. N\u00f3s entregaremos toda a encomenda no endere\u00e7o que nos forneceu. Comprar SGT-78 agora mesmo! <a href=\"https:\/\/www.bing.com\/search?q=Buy%20Sgt-78%20Online&amp;qs=n&amp;form=QBRE&amp;sp=-1&amp;lq=0&amp;pq=buy%20neh%20online&amp;sc=7-14&amp;sk=&amp;cvid=AA859630B0114247B2DF53E77D653BA2&amp;ghsh=0&amp;ghacc=0&amp;ghpl=\">Compre o SGT-78 agora mesmo<\/a>!<\/p>\n<p>A nossa rede altamente dedicada garante que todos os produtos s\u00e3o enviados e entregues ao cliente dentro do prazo. Somos um grupo fi\u00e1vel. O nosso objetivo final \u00e9 a felicidade do cliente, e somos membros de uma equipa fi\u00e1vel. Ao fazer a sua encomenda connosco, pode decidir sabiamente. Garantimos que estaremos \u00e0 altura dos seus elevados padr\u00f5es, tanto em termos de n\u00famero como de qualidade.<\/p>\n<p>Para al\u00e9m disso, esperamos constantemente fazer crescer a nossa empresa em todo o pa\u00eds, raz\u00e3o pela qual adicionamos constantemente novos produtos ao nosso invent\u00e1rio. Temos produtos da mais alta qualidade e ajudamo-lo a encontr\u00e1-los quando precisar deles. <a href=\"https:\/\/www.google.com\/search?q=Buy+Sgt-78+Online&amp;sca_esv=16def464f60f9903&amp;sxsrf=AHTn8zqcEjgHqzzUp5erXdlsYGwuPLdbZg%3A1742994101295&amp;ei=tfrjZ4TlEaus0PEP0L7GsQE&amp;ved=0ahUKEwjEk4OC56eMAxUrFjQIHVCfMRYQ4dUDCBA&amp;uact=5&amp;oq=Buy+Sgt-78+Online&amp;gs_lp=Egxnd3Mtd2l6LXNlcnAiEUJ1eSBTZ3QtNzggT25saW5lMgUQIRigATIFECEYoAEyBRAhGKABMgUQIRigATIFECEYoAFI5ANQAFgAcAB4AZABAJgB_gKgAf4CqgEDMy0xuAEDyAEA-AEC-AEBmAIBoAKIA5gDAJIHAzMtMaAHhASyBwMzLTG4B4gD&amp;sclient=gws-wiz-serp\">Comprar Sgt-78 Online<\/a>.<\/p>","protected":false},"excerpt":{"rendered":"<p>Synopsis Buy Sgt-78 Online, You can reach our online chemical store, NarcoPowders, at any time of day from anywhere in the world. For those looking to purchase SGT-78 online, it is the best option available. We are offering SGT-78 here at a reasonable cost. As a result, you shouldn&#8217;t be concerned about the cost of [&hellip;]<\/p>","protected":false},"featured_media":21252,"comment_status":"open","ping_status":"closed","template":"","meta":{"_joinchat":[]},"product_brand":[],"product_cat":[1599,1538],"product_tag":[],"class_list":{"0":"post-20527","1":"product","2":"type-product","3":"status-publish","4":"has-post-thumbnail","6":"product_cat-stimulants","7":"product_cat-cannabinoids","9":"first","10":"instock","11":"shipping-taxable","12":"purchasable","13":"product-type-variable","14":"add-to-wishlist-after_add_to_cart"},"yoast_head":"<!-- This site is optimized with the Yoast SEO plugin v25.9 - https:\/\/yoast.com\/wordpress\/plugins\/seo\/ -->\n<title>Buy Sgt-78 Online - Sgt-78 Powder for sale - Order Sgt-78 online<\/title>\n<meta name=\"description\" content=\"Get best quality Sgt-78 for sale from a leading powder store Narcopowders.com. Buy Sgt-78 online legally, Order Sgt-78 online.\" \/>\n<meta name=\"robots\" content=\"index, follow, max-snippet:-1, max-image-preview:large, max-video-preview:-1\" \/>\n<link rel=\"canonical\" href=\"https:\/\/narcopowders.com\/pt\/produto\/comprar-sgt-78-online\/\" \/>\n<meta property=\"og:locale\" content=\"pt_PT\" \/>\n<meta property=\"og:type\" content=\"article\" \/>\n<meta property=\"og:title\" content=\"Buy Sgt-78 Online - Sgt-78 Powder for sale - Order Sgt-78 online\" \/>\n<meta property=\"og:description\" content=\"Get best quality Sgt-78 for sale from a leading powder store Narcopowders.com. Buy Sgt-78 online legally, Order Sgt-78 online.\" \/>\n<meta property=\"og:url\" content=\"https:\/\/narcopowders.com\/pt\/produto\/comprar-sgt-78-online\/\" \/>\n<meta property=\"og:site_name\" content=\"Narco Powders\" \/>\n<meta property=\"article:modified_time\" content=\"2025-03-26T13:06:04+00:00\" \/>\n<meta property=\"og:image\" content=\"https:\/\/narcopowders.com\/wp-content\/uploads\/2024\/05\/Sgt-78.gif\" \/>\n\t<meta property=\"og:image:width\" content=\"600\" \/>\n\t<meta property=\"og:image:height\" content=\"600\" \/>\n\t<meta property=\"og:image:type\" content=\"image\/gif\" \/>\n<meta name=\"twitter:card\" content=\"summary_large_image\" \/>\n<meta name=\"twitter:label1\" content=\"Tempo estimado de leitura\" \/>\n\t<meta name=\"twitter:data1\" content=\"2 minutos\" \/>\n<!-- \/ Yoast SEO plugin. -->","yoast_head_json":{"title":"Comprar Sgt-78 Online - Sgt-78 P\u00f3 para venda - Encomendar Sgt-78 online","description":"Obter melhor qualidade Sgt-78 para venda a partir de uma loja de p\u00f3 l\u00edder Narcopowders.com. Comprar Sgt-78 online legalmente, Encomendar Sgt-78 online.","robots":{"index":"index","follow":"follow","max-snippet":"max-snippet:-1","max-image-preview":"max-image-preview:large","max-video-preview":"max-video-preview:-1"},"canonical":"https:\/\/narcopowders.com\/pt\/produto\/comprar-sgt-78-online\/","og_locale":"pt_PT","og_type":"article","og_title":"Buy Sgt-78 Online - Sgt-78 Powder for sale - Order Sgt-78 online","og_description":"Get best quality Sgt-78 for sale from a leading powder store Narcopowders.com. Buy Sgt-78 online legally, Order Sgt-78 online.","og_url":"https:\/\/narcopowders.com\/pt\/produto\/comprar-sgt-78-online\/","og_site_name":"Narco Powders","article_modified_time":"2025-03-26T13:06:04+00:00","og_image":[{"width":600,"height":600,"url":"https:\/\/narcopowders.com\/wp-content\/uploads\/2024\/05\/Sgt-78.gif","type":"image\/gif"}],"twitter_card":"summary_large_image","twitter_misc":{"Tempo estimado de leitura":"2 minutos"},"schema":{"@context":"https:\/\/schema.org","@graph":[{"@type":"WebPage","@id":"https:\/\/narcopowders.com\/product\/buy-sgt-78-online\/","url":"https:\/\/narcopowders.com\/product\/buy-sgt-78-online\/","name":"Comprar Sgt-78 Online - Sgt-78 P\u00f3 para venda - Encomendar Sgt-78 online","isPartOf":{"@id":"https:\/\/narcopowders.com\/#website"},"primaryImageOfPage":{"@id":"https:\/\/narcopowders.com\/product\/buy-sgt-78-online\/#primaryimage"},"image":{"@id":"https:\/\/narcopowders.com\/product\/buy-sgt-78-online\/#primaryimage"},"thumbnailUrl":"https:\/\/narcopowders.com\/wp-content\/uploads\/2024\/05\/Sgt-78.gif","datePublished":"2024-05-23T06:14:19+00:00","dateModified":"2025-03-26T13:06:04+00:00","description":"Obter melhor qualidade Sgt-78 para venda a partir de uma loja de p\u00f3 l\u00edder Narcopowders.com. Comprar Sgt-78 online legalmente, Encomendar Sgt-78 online.","breadcrumb":{"@id":"https:\/\/narcopowders.com\/product\/buy-sgt-78-online\/#breadcrumb"},"inLanguage":"pt-PT","potentialAction":[{"@type":"ReadAction","target":["https:\/\/narcopowders.com\/product\/buy-sgt-78-online\/"]}]},{"@type":"ImageObject","inLanguage":"pt-PT","@id":"https:\/\/narcopowders.com\/product\/buy-sgt-78-online\/#primaryimage","url":"https:\/\/narcopowders.com\/wp-content\/uploads\/2024\/05\/Sgt-78.gif","contentUrl":"https:\/\/narcopowders.com\/wp-content\/uploads\/2024\/05\/Sgt-78.gif","width":600,"height":600,"caption":"Buy Sgt-78 Online"},{"@type":"BreadcrumbList","@id":"https:\/\/narcopowders.com\/product\/buy-sgt-78-online\/#breadcrumb","itemListElement":[{"@type":"ListItem","position":1,"name":"Home","item":"https:\/\/narcopowders.com\/"},{"@type":"ListItem","position":2,"name":"Shop Page","item":"https:\/\/narcopowders.com\/shop\/"},{"@type":"ListItem","position":3,"name":"Buy Sgt-78 Online"}]},{"@type":"WebSite","@id":"https:\/\/narcopowders.com\/#website","url":"https:\/\/narcopowders.com\/","name":"P\u00f3s de narc\u00f3ticos","description":"O meu blogue WordPress","potentialAction":[{"@type":"SearchAction","target":{"@type":"EntryPoint","urlTemplate":"https:\/\/narcopowders.com\/?s={search_term_string}"},"query-input":{"@type":"PropertyValueSpecification","valueRequired":true,"valueName":"search_term_string"}}],"inLanguage":"pt-PT"}]}},"_links":{"self":[{"href":"https:\/\/narcopowders.com\/pt\/wp-json\/wp\/v2\/product\/20527","targetHints":{"allow":["GET"]}}],"collection":[{"href":"https:\/\/narcopowders.com\/pt\/wp-json\/wp\/v2\/product"}],"about":[{"href":"https:\/\/narcopowders.com\/pt\/wp-json\/wp\/v2\/types\/product"}],"replies":[{"embeddable":true,"href":"https:\/\/narcopowders.com\/pt\/wp-json\/wp\/v2\/comments?post=20527"}],"wp:featuredmedia":[{"embeddable":true,"href":"https:\/\/narcopowders.com\/pt\/wp-json\/wp\/v2\/media\/21252"}],"wp:attachment":[{"href":"https:\/\/narcopowders.com\/pt\/wp-json\/wp\/v2\/media?parent=20527"}],"wp:term":[{"taxonomy":"product_brand","embeddable":true,"href":"https:\/\/narcopowders.com\/pt\/wp-json\/wp\/v2\/product_brand?post=20527"},{"taxonomy":"product_cat","embeddable":true,"href":"https:\/\/narcopowders.com\/pt\/wp-json\/wp\/v2\/product_cat?post=20527"},{"taxonomy":"product_tag","embeddable":true,"href":"https:\/\/narcopowders.com\/pt\/wp-json\/wp\/v2\/product_tag?post=20527"}],"curies":[{"name":"wp","href":"https:\/\/api.w.org\/{rel}","templated":true}]}}