{"id":20559,"date":"2024-05-23T06:14:29","date_gmt":"2024-05-23T06:14:29","guid":{"rendered":"https:\/\/narcopowders.com\/?post_type=product&#038;p=20559"},"modified":"2025-03-26T12:48:20","modified_gmt":"2025-03-26T12:48:20","slug":"buy-mdpop-online","status":"publish","type":"product","link":"https:\/\/narcopowders.com\/pt\/produto\/buy-mdpop-online\/","title":{"rendered":"Comprar Mdpop Online"},"content":{"rendered":"<h2>Comprar mdpop online<\/h2>\n<p><a href=\"https:\/\/narcopowders.com\/pt\/produto\/buy-mdpop-online\/\">MDPOP Comprar Online<\/a>, O Conselho Consultivo para o Uso Indevido de Drogas do Reino Unido anunciou, a 2 de abril de 2010, que iria introduzir um boicote abrangente e baseado na estrutura de toda esta classe de misturas de drogas. O objetivo era divulgar amplamente as vendas no mercado negro e o uso recreativo da <a href=\"https:\/\/narcopowders.com\/pt\/\">mephedrone<\/a>, um membro comum da fam\u00edlia. Este boicote aplica-se a misturas que possuam a estrutura geral descrita anteriormente; Est\u00e3o identificadas 28 misturas espec\u00edficas.<\/p>\n<h3>Mais informa\u00e7\u00f5es sobre o mdpop<\/h3>\n<p>(I) por substitui\u00e7\u00e3o de substituintes alquilo, alcoxi, alquilenodioxi, haloalquilo ou halogeneto no anel fen\u00edlico em qualquer grau, mesmo que pelo menos um outro substituinte monovalente esteja tamb\u00e9m substitu\u00eddo no anel fen\u00edlico;<\/p>\n<p>(ii) por substitui\u00e7\u00e3o de um substituinte alqu\u00edlico na posi\u00e7\u00e3o tr\u00eas; Perfil m\u00e9dico da can\u00e1bis legal.<\/p>\n<p>(iii) por incorpora\u00e7\u00e3o do \u00e1tomo de azoto numa estrutura c\u00edclica ou por substitui\u00e7\u00e3o de grupos alquilo ou dialquilo na part\u00edcula de azoto.<\/p>\n<p>Um pouco de hist\u00f3ria da <a href=\"https:\/\/en.wikipedia.org\/wiki\/Bestgore.com\">mdpop<\/a><\/p>\n<p>Em 16 de abril de 2010, este material foi acrescentado \u00e0 Lei sobre o Uso Indevido de Drogas de 1971, entrando em vigor. Note-se que, aquando da publica\u00e7\u00e3o do relat\u00f3rio do ACMD, quatro das misturas acima referidas - catinona, metcatinona, dietilpropiona e pirovalerona - eram ilegais no Reino Unido. Duas misturas foram especificamente exclu\u00eddas do boicote: a bupropiona, devido \u00e0 sua utiliza\u00e7\u00e3o m\u00e9dica generalizada e ao seu baixo potencial de abuso, e a nafirona, porque a sua estrutura n\u00e3o se enquadra na defini\u00e7\u00e3o n\u00e3o exclusiva e n\u00e3o existem atualmente provas que justifiquem um boicote \u00e0 sua utiliza\u00e7\u00e3o; Internet purchase mdpop <a href=\"https:\/\/duckduckgo.com\/?q=Buy+Mdpop+Online&amp;t=h_&amp;ia=web\">comprar mdpop<\/a><\/p>\n<p>Como resultado, os an\u00e1logos da nafirona foram proibidos em julho de 2010, ap\u00f3s uma <a href=\"https:\/\/www.bing.com\/search?q=Buy%20Mdpop%20Online&amp;qs=n&amp;form=QBRE&amp;sp=-1&amp;lq=0&amp;pq=buy%20mdpop%20online&amp;sc=7-16&amp;sk=&amp;cvid=39381BC406B44470A62F975F64C4C48E&amp;ghsh=0&amp;ghacc=0&amp;ghpl=\">ACMD<\/a> investiga\u00e7\u00e3o e um boicote estrutural muito mais vasto do que o anterior.<\/p>\n<p>Finalmente: \"Qualquer composto derivado principalmente da 2-aminopropan-1-ona por substitui\u00e7\u00e3o de um esqueleto de anel monoc\u00edclico ou polic\u00edclico misto (n\u00e3o um anel fen\u00edlico ou um esqueleto de anel alquilenodioxifen\u00edlico) na posi\u00e7\u00e3o 1, independentemente de se tratar de uma subst\u00e2ncia<\/p>\n<p>Por outras palavras: mais adaptada de uma das formas adequadas. Perfil de drogas da can\u00e1bis legal.<\/p>\n<p>(I) por substitui\u00e7\u00e3o de substituintes alquilo, alcoxi, haloalquilo ou halogeneto na estrutura do anel em qualquer extens\u00e3o, independentemente de serem ainda substitu\u00eddos na estrutura do anel por pelo menos um substituinte monovalente adicional MDPOP Buy Online. <a href=\"https:\/\/www.google.com\/search?q=Buy+Mdpop+Online&amp;sca_esv=16def464f60f9903&amp;sxsrf=AHTn8zr0vho_kgZZLgPu0ej4mI0Ui52Faw%3A1742992891574&amp;ei=-_XjZ4LoIpOy0PEPgenGMQ&amp;ved=0ahUKEwjC0ZfB4qeMAxUTGTQIHYG0MQYQ4dUDCBA&amp;uact=5&amp;oq=Buy+Mdpop+Online&amp;gs_lp=Egxnd3Mtd2l6LXNlcnAiEEJ1eSBNZHBvcCBPbmxpbmVItwhQ-wNY-wNwAXgAkAEAmAGAA6ABgAOqAQMzLTG4AQPIAQD4AQL4AQGYAgCgAgCYAwCIBgGSBwCgB0SyBwC4BwA&amp;sclient=gws-wiz-serp\">MDPOP Comprar Online<\/a>.<\/p>","protected":false},"excerpt":{"rendered":"<p>Buy mdpop online MDPOP Buy Online, The UK Advisory Council on the Misuse of Drugs announced on April 2, 2010 that it would introduce a comprehensive, structure-based boycott of this entire class of drug mixtures. The goal was to widely publicize the black market sales and recreational use of mephedrone, a common family member. This [&hellip;]<\/p>","protected":false},"featured_media":21257,"comment_status":"open","ping_status":"closed","template":"","meta":{"_joinchat":[]},"product_brand":[],"product_cat":[1539,1724],"product_tag":[],"class_list":{"0":"post-20559","1":"product","2":"type-product","3":"status-publish","4":"has-post-thumbnail","6":"product_cat-cathinone","7":"product_cat-research-chemicals","9":"first","10":"instock","11":"shipping-taxable","12":"purchasable","13":"product-type-variable","14":"add-to-wishlist-after_add_to_cart"},"yoast_head":"<!-- This site is optimized with the Yoast SEO plugin v25.9 - https:\/\/yoast.com\/wordpress\/plugins\/seo\/ -->\n<title>Buy Mdpop Online - Mdpop for sale - Order mdpop | NarcoPowders<\/title>\n<meta name=\"description\" content=\"NarcoPowders is a leading chemical powder store whre you can buy Mdpop online, order mdpop online legally, Mdpop for sale online. Shop Now!\" \/>\n<meta name=\"robots\" content=\"index, follow, max-snippet:-1, max-image-preview:large, max-video-preview:-1\" \/>\n<link rel=\"canonical\" href=\"https:\/\/narcopowders.com\/pt\/produto\/buy-mdpop-online\/\" \/>\n<meta property=\"og:locale\" content=\"pt_PT\" \/>\n<meta property=\"og:type\" content=\"article\" \/>\n<meta property=\"og:title\" content=\"Buy Mdpop Online - Mdpop for sale - Order mdpop | NarcoPowders\" \/>\n<meta property=\"og:description\" content=\"NarcoPowders is a leading chemical powder store whre you can buy Mdpop online, order mdpop online legally, Mdpop for sale online. Shop Now!\" \/>\n<meta property=\"og:url\" content=\"https:\/\/narcopowders.com\/pt\/produto\/buy-mdpop-online\/\" \/>\n<meta property=\"og:site_name\" content=\"Narco Powders\" \/>\n<meta property=\"article:modified_time\" content=\"2025-03-26T12:48:20+00:00\" \/>\n<meta property=\"og:image\" content=\"https:\/\/narcopowders.com\/wp-content\/uploads\/2024\/05\/Mdpop.gif\" \/>\n\t<meta property=\"og:image:width\" content=\"600\" \/>\n\t<meta property=\"og:image:height\" content=\"600\" \/>\n\t<meta property=\"og:image:type\" content=\"image\/gif\" \/>\n<meta name=\"twitter:card\" content=\"summary_large_image\" \/>\n<meta name=\"twitter:label1\" content=\"Tempo estimado de leitura\" \/>\n\t<meta name=\"twitter:data1\" content=\"2 minutos\" \/>\n<!-- \/ Yoast SEO plugin. -->","yoast_head_json":{"title":"Comprar Mdpop Online - Mdpop para venda - Encomendar mdpop | NarcoPowders","description":"NarcoPowders \u00e9 uma loja l\u00edder em p\u00f3 qu\u00edmico onde voc\u00ea pode comprar Mdpop online, encomendar mdpop online legalmente, Mdpop para venda online. Compre agora!","robots":{"index":"index","follow":"follow","max-snippet":"max-snippet:-1","max-image-preview":"max-image-preview:large","max-video-preview":"max-video-preview:-1"},"canonical":"https:\/\/narcopowders.com\/pt\/produto\/buy-mdpop-online\/","og_locale":"pt_PT","og_type":"article","og_title":"Buy Mdpop Online - Mdpop for sale - Order mdpop | NarcoPowders","og_description":"NarcoPowders is a leading chemical powder store whre you can buy Mdpop online, order mdpop online legally, Mdpop for sale online. Shop Now!","og_url":"https:\/\/narcopowders.com\/pt\/produto\/buy-mdpop-online\/","og_site_name":"Narco Powders","article_modified_time":"2025-03-26T12:48:20+00:00","og_image":[{"width":600,"height":600,"url":"https:\/\/narcopowders.com\/wp-content\/uploads\/2024\/05\/Mdpop.gif","type":"image\/gif"}],"twitter_card":"summary_large_image","twitter_misc":{"Tempo estimado de leitura":"2 minutos"},"schema":{"@context":"https:\/\/schema.org","@graph":[{"@type":"WebPage","@id":"https:\/\/narcopowders.com\/product\/buy-mdpop-online\/","url":"https:\/\/narcopowders.com\/product\/buy-mdpop-online\/","name":"Comprar Mdpop Online - Mdpop para venda - Encomendar mdpop | NarcoPowders","isPartOf":{"@id":"https:\/\/narcopowders.com\/#website"},"primaryImageOfPage":{"@id":"https:\/\/narcopowders.com\/product\/buy-mdpop-online\/#primaryimage"},"image":{"@id":"https:\/\/narcopowders.com\/product\/buy-mdpop-online\/#primaryimage"},"thumbnailUrl":"https:\/\/narcopowders.com\/wp-content\/uploads\/2024\/05\/Mdpop.gif","datePublished":"2024-05-23T06:14:29+00:00","dateModified":"2025-03-26T12:48:20+00:00","description":"NarcoPowders \u00e9 uma loja l\u00edder em p\u00f3 qu\u00edmico onde voc\u00ea pode comprar Mdpop online, encomendar mdpop online legalmente, Mdpop para venda online. Compre agora!","breadcrumb":{"@id":"https:\/\/narcopowders.com\/product\/buy-mdpop-online\/#breadcrumb"},"inLanguage":"pt-PT","potentialAction":[{"@type":"ReadAction","target":["https:\/\/narcopowders.com\/product\/buy-mdpop-online\/"]}]},{"@type":"ImageObject","inLanguage":"pt-PT","@id":"https:\/\/narcopowders.com\/product\/buy-mdpop-online\/#primaryimage","url":"https:\/\/narcopowders.com\/wp-content\/uploads\/2024\/05\/Mdpop.gif","contentUrl":"https:\/\/narcopowders.com\/wp-content\/uploads\/2024\/05\/Mdpop.gif","width":600,"height":600,"caption":"Buy Mdpop Online"},{"@type":"BreadcrumbList","@id":"https:\/\/narcopowders.com\/product\/buy-mdpop-online\/#breadcrumb","itemListElement":[{"@type":"ListItem","position":1,"name":"Home","item":"https:\/\/narcopowders.com\/"},{"@type":"ListItem","position":2,"name":"Shop Page","item":"https:\/\/narcopowders.com\/shop\/"},{"@type":"ListItem","position":3,"name":"Buy Mdpop Online"}]},{"@type":"WebSite","@id":"https:\/\/narcopowders.com\/#website","url":"https:\/\/narcopowders.com\/","name":"P\u00f3s de narc\u00f3ticos","description":"O meu blogue WordPress","potentialAction":[{"@type":"SearchAction","target":{"@type":"EntryPoint","urlTemplate":"https:\/\/narcopowders.com\/?s={search_term_string}"},"query-input":{"@type":"PropertyValueSpecification","valueRequired":true,"valueName":"search_term_string"}}],"inLanguage":"pt-PT"}]}},"_links":{"self":[{"href":"https:\/\/narcopowders.com\/pt\/wp-json\/wp\/v2\/product\/20559","targetHints":{"allow":["GET"]}}],"collection":[{"href":"https:\/\/narcopowders.com\/pt\/wp-json\/wp\/v2\/product"}],"about":[{"href":"https:\/\/narcopowders.com\/pt\/wp-json\/wp\/v2\/types\/product"}],"replies":[{"embeddable":true,"href":"https:\/\/narcopowders.com\/pt\/wp-json\/wp\/v2\/comments?post=20559"}],"wp:featuredmedia":[{"embeddable":true,"href":"https:\/\/narcopowders.com\/pt\/wp-json\/wp\/v2\/media\/21257"}],"wp:attachment":[{"href":"https:\/\/narcopowders.com\/pt\/wp-json\/wp\/v2\/media?parent=20559"}],"wp:term":[{"taxonomy":"product_brand","embeddable":true,"href":"https:\/\/narcopowders.com\/pt\/wp-json\/wp\/v2\/product_brand?post=20559"},{"taxonomy":"product_cat","embeddable":true,"href":"https:\/\/narcopowders.com\/pt\/wp-json\/wp\/v2\/product_cat?post=20559"},{"taxonomy":"product_tag","embeddable":true,"href":"https:\/\/narcopowders.com\/pt\/wp-json\/wp\/v2\/product_tag?post=20559"}],"curies":[{"name":"wp","href":"https:\/\/api.w.org\/{rel}","templated":true}]}}