{"id":20560,"date":"2024-05-23T06:14:29","date_gmt":"2024-05-23T06:14:29","guid":{"rendered":"https:\/\/narcopowders.com\/?post_type=product&#038;p=20560"},"modified":"2025-05-06T07:06:10","modified_gmt":"2025-05-06T07:06:10","slug":"buy-mcpep-online","status":"publish","type":"product","link":"https:\/\/narcopowders.com\/pt\/produto\/comprar-mcpep-online\/","title":{"rendered":"Comprar MCPEP Online"},"content":{"rendered":"<h2>Comprar MCPEP ONLINE<\/h2>\n<p><a href=\"https:\/\/narcopowders.com\/pt\/produto\/comprar-mcpep-online\/\">MCPEP Comprar Online<\/a>, MCPEP does not carry <a href=\"https:\/\/en.wikipedia.org\/wiki\/Meta-Chlorophenylpiperazine\">Narcop\u00f3lvora<\/a> que \u00e9 o \u00fanico s\u00edtio onde se pode obter uma variedade de pl\u00e1sticos sob o mesmo teto. MCPEP atrav\u00e9s da Internet. Flakka, tamb\u00e9m chamada de Rock, \u00e9 uma droga estimulante da classe das catinonas desenvolvida na d\u00e9cada de 1960.<\/p>\n<p>O MCPEP \u00e9 um energizante sint\u00e9tico das classes pirovalerona e catinona, dispon\u00edvel online. \u00c9 sinteticamente semelhante a outras misturas de pirovaleronas, p. <a href=\"https:\/\/narcopowders.com\/pt\/\">MDPV<\/a> e misturas de catinona. Est\u00e1 geralmente dispon\u00edvel sob a forma de grandes e belos fragmentos de pedra ou como um p\u00f3 v\u00edtreo que os utilizadores podem engolir para obter efeitos semelhantes aos da anfetamina.<\/p>\n<p><a href=\"https:\/\/duckduckgo.com\/?q=Buy+MCPEP+Online&amp;t=h_&amp;ia=web\">Comprar MCPEP online<\/a> \u00e9 a cetona simples do prolintan, que \u00e9 artificialmente identificada com a pirovalerona e \u00e9 frequentemente utilizada como droga recreativa .<\/p>\n<p>A pirovalerona impede a rece\u00e7\u00e3o de sinapses monoamin\u00e9rgicas espec\u00edficas, como as da dopamina e da norepinefrina, inibindo os seus transportadores. A \u00fanica diferen\u00e7a entre a 1,2-\u03b1-pirrolidinopentiofenona (cloridrato) e a pirovalerona \u00e9 a aus\u00eancia do grupo metilo no res\u00edduo fen\u00edlico da pirovalerona. Pensa-se que esta subst\u00e2ncia \u00e9 um estimulante psicotr\u00f3pico semelhante \u00e0 pirovalerona. Este artigo \u00e9 utilizado em contextos jur\u00eddicos.<\/p>\n<h3>PORQUE \u00c9 QUE A NARCOPOWDERS \u00c9 O MELHOR S\u00cdTIO WEB PARA COMPRAS ONLINE DE MCPEP?<\/h3>\n<p>Como fornecedor autorizado, a NarcoPowders negoceia por grosso e a retalho com p\u00f3s aut\u00eanticos como o Mcpep. A nossa empresa garante n\u00e3o s\u00f3 a melhor qualidade MCPEP, mas tamb\u00e9m uma embalagem \u00fanica e um transporte seguro em todo o mundo.<\/p>\n<p>A sequ\u00eancia cr\u00edtica que ocorre ap\u00f3s o consumo de MCPEP. Alguns clientes alegaram que o uso <a href=\"https:\/\/www.bing.com\/search?q=Buy%20MCPEP%20Online&amp;qs=n&amp;form=QBRE&amp;sp=-1&amp;lq=0&amp;pq=buy%20mcpep%20online&amp;sc=0-16&amp;sk=&amp;cvid=B141403045F84ECD9428F67F84CA2247&amp;ghsh=0&amp;ghacc=0&amp;ghpl=\">MCPEP<\/a> era muito superior ao fumo de cigarros em geral porque n\u00e3o provocava a desintegra\u00e7\u00e3o do nariz.<\/p>\n<p>Apenas fornecemos produtos de alta qualidade para fins de investiga\u00e7\u00e3o. Na nossa loja online pode encontrar o MCPEP mais puro e carater\u00edstico. Interagimos com os nossos clientes e esfor\u00e7amo-nos por lhes prestar servi\u00e7os de qualidade.<\/p>\n<p><a href=\"https:\/\/www.google.com\/search?q=Buy+MCPEP+Online&amp;sca_esv=16def464f60f9903&amp;sxsrf=AHTn8zrl9GcjlIKOa8J63qa_B-tqGoFA5w%3A1742992516792&amp;ei=hPTjZ76JMK2Nm9cPiIPx0Ac&amp;ved=0ahUKEwi-27yO4aeMAxWtxuYEHYhBHHoQ4dUDCBA&amp;uact=5&amp;oq=Buy+MCPEP+Online&amp;gs_lp=Egxnd3Mtd2l6LXNlcnAiEEJ1eSBNQ1BFUCBPbmxpbmVI8gdQ9wNY9wNwAXgAkAEAmAEAoAEAqgEAuAEDyAEA-AEC-AEBmAIAoAIAmAMAiAYBkgcAoAcAsgcAuAcA&amp;sclient=gws-wiz-serp\">Comprar MCPEP online<\/a> \u00e9 artificialmente identificado com a pirovalerona e \u00e9 a cetona simples do prolintano, sendo regularmente utilizado como droga recreativa.<\/p>\n<h3>Encomendar MCPEP em p\u00f3<\/h3>\n<p>Esta pirovalerona \u00e9 um inibidor dos transmissores de certas sinapses monoamin\u00e9rgicas, incluindo a dopamina e a norepinefrina, impedindo a sua absor\u00e7\u00e3o.1,2 A \u03b1-pirrolidinopentiofenona (cloridrato) \u00e9 uma pirovalerona simples que carece apenas do feixe de metilo que se encontra na por\u00e7\u00e3o fenil da pirovalerona. Tal como a pirovalerona, este composto tamb\u00e9m \u00e9 considerado um energ\u00e9tico psicoativo. Este artigo \u00e9 utilizado em aplica\u00e7\u00f5es legais.<\/p>\n<h3>PORQUE raz\u00e3o NarcoPowders \u00e9 o melhor s\u00edtio para comprar MCPEP online?<\/h3>\n<p>NarcoPowders \u00e9 um revendedor oficial e negociamos com desconto e troca de varejo de p\u00f3s leg\u00edtimos como Mcpep. Nossa organiza\u00e7\u00e3o n\u00e3o apenas garante o mais alto calibre de MCPEP ao lado de pacotes exclusivos e transporte seguro em todo o mundo MCPEP Buy Online.<\/p>\n<p>&nbsp;<\/p>","protected":false},"excerpt":{"rendered":"<p>Buy MCPEP ONLINE MCPEP Buy Online, MCPEP does not carry NarcoPowders which is the only place to get a variety of plastics under one roof. MCPEP via the Internet. Flakka, also called Rock, is a cathinone-class stimulant drug developed in the 1960s. MCPEP is a synthetic energizer of the pyrovalerone and cathinone classes that can [&hellip;]<\/p>","protected":false},"featured_media":21258,"comment_status":"open","ping_status":"closed","template":"","meta":{"_joinchat":[]},"product_brand":[],"product_cat":[1539,1724],"product_tag":[],"class_list":{"0":"post-20560","1":"product","2":"type-product","3":"status-publish","4":"has-post-thumbnail","6":"product_cat-cathinone","7":"product_cat-research-chemicals","9":"first","10":"instock","11":"shipping-taxable","12":"purchasable","13":"product-type-variable","14":"add-to-wishlist-after_add_to_cart"},"yoast_head":"<!-- This site is optimized with the Yoast SEO plugin v25.9 - https:\/\/yoast.com\/wordpress\/plugins\/seo\/ -->\n<title>Buy MCPEP Online - MCPEP Powder for Sale - NarcoPowders<\/title>\n<meta name=\"description\" content=\"Are you looking to buy MCPEP online without prescription? NarcoPowders is the best place to buy MCPEP online legally, MCPEP powder for sale. Order Now!\" \/>\n<meta name=\"robots\" content=\"index, follow, max-snippet:-1, max-image-preview:large, max-video-preview:-1\" \/>\n<link rel=\"canonical\" href=\"https:\/\/narcopowders.com\/pt\/produto\/comprar-mcpep-online\/\" \/>\n<meta property=\"og:locale\" content=\"pt_PT\" \/>\n<meta property=\"og:type\" content=\"article\" \/>\n<meta property=\"og:title\" content=\"Buy MCPEP Online - MCPEP Powder for Sale - NarcoPowders\" \/>\n<meta property=\"og:description\" content=\"Are you looking to buy MCPEP online without prescription? NarcoPowders is the best place to buy MCPEP online legally, MCPEP powder for sale. Order Now!\" \/>\n<meta property=\"og:url\" content=\"https:\/\/narcopowders.com\/pt\/produto\/comprar-mcpep-online\/\" \/>\n<meta property=\"og:site_name\" content=\"Narco Powders\" \/>\n<meta property=\"article:modified_time\" content=\"2025-05-06T07:06:10+00:00\" \/>\n<meta property=\"og:image\" content=\"https:\/\/narcopowders.com\/wp-content\/uploads\/2024\/05\/Mcpep.gif\" \/>\n\t<meta property=\"og:image:width\" content=\"600\" \/>\n\t<meta property=\"og:image:height\" content=\"600\" \/>\n\t<meta property=\"og:image:type\" content=\"image\/gif\" \/>\n<meta name=\"twitter:card\" content=\"summary_large_image\" \/>\n<meta name=\"twitter:label1\" content=\"Tempo estimado de leitura\" \/>\n\t<meta name=\"twitter:data1\" content=\"3 minutos\" \/>\n<!-- \/ Yoast SEO plugin. -->","yoast_head_json":{"title":"Comprar MCPEP Online - MCPEP em p\u00f3 para venda - NarcoPowders","description":"Voc\u00ea est\u00e1 procurando comprar MCPEP online sem receita? NarcoPowders \u00e9 o melhor lugar para comprar MCPEP online legalmente, MCPEP em p\u00f3 para venda. Encomendar agora!","robots":{"index":"index","follow":"follow","max-snippet":"max-snippet:-1","max-image-preview":"max-image-preview:large","max-video-preview":"max-video-preview:-1"},"canonical":"https:\/\/narcopowders.com\/pt\/produto\/comprar-mcpep-online\/","og_locale":"pt_PT","og_type":"article","og_title":"Buy MCPEP Online - MCPEP Powder for Sale - NarcoPowders","og_description":"Are you looking to buy MCPEP online without prescription? NarcoPowders is the best place to buy MCPEP online legally, MCPEP powder for sale. Order Now!","og_url":"https:\/\/narcopowders.com\/pt\/produto\/comprar-mcpep-online\/","og_site_name":"Narco Powders","article_modified_time":"2025-05-06T07:06:10+00:00","og_image":[{"width":600,"height":600,"url":"https:\/\/narcopowders.com\/wp-content\/uploads\/2024\/05\/Mcpep.gif","type":"image\/gif"}],"twitter_card":"summary_large_image","twitter_misc":{"Tempo estimado de leitura":"3 minutos"},"schema":{"@context":"https:\/\/schema.org","@graph":[{"@type":"WebPage","@id":"https:\/\/narcopowders.com\/product\/buy-mcpep-online\/","url":"https:\/\/narcopowders.com\/product\/buy-mcpep-online\/","name":"Comprar MCPEP Online - MCPEP em p\u00f3 para venda - NarcoPowders","isPartOf":{"@id":"https:\/\/narcopowders.com\/#website"},"primaryImageOfPage":{"@id":"https:\/\/narcopowders.com\/product\/buy-mcpep-online\/#primaryimage"},"image":{"@id":"https:\/\/narcopowders.com\/product\/buy-mcpep-online\/#primaryimage"},"thumbnailUrl":"https:\/\/narcopowders.com\/wp-content\/uploads\/2024\/05\/Mcpep.gif","datePublished":"2024-05-23T06:14:29+00:00","dateModified":"2025-05-06T07:06:10+00:00","description":"Voc\u00ea est\u00e1 procurando comprar MCPEP online sem receita? NarcoPowders \u00e9 o melhor lugar para comprar MCPEP online legalmente, MCPEP em p\u00f3 para venda. Encomendar agora!","breadcrumb":{"@id":"https:\/\/narcopowders.com\/product\/buy-mcpep-online\/#breadcrumb"},"inLanguage":"pt-PT","potentialAction":[{"@type":"ReadAction","target":["https:\/\/narcopowders.com\/product\/buy-mcpep-online\/"]}]},{"@type":"ImageObject","inLanguage":"pt-PT","@id":"https:\/\/narcopowders.com\/product\/buy-mcpep-online\/#primaryimage","url":"https:\/\/narcopowders.com\/wp-content\/uploads\/2024\/05\/Mcpep.gif","contentUrl":"https:\/\/narcopowders.com\/wp-content\/uploads\/2024\/05\/Mcpep.gif","width":600,"height":600,"caption":"Buy MCPEP Online"},{"@type":"BreadcrumbList","@id":"https:\/\/narcopowders.com\/product\/buy-mcpep-online\/#breadcrumb","itemListElement":[{"@type":"ListItem","position":1,"name":"Home","item":"https:\/\/narcopowders.com\/"},{"@type":"ListItem","position":2,"name":"Shop Page","item":"https:\/\/narcopowders.com\/shop\/"},{"@type":"ListItem","position":3,"name":"Buy MCPEP Online"}]},{"@type":"WebSite","@id":"https:\/\/narcopowders.com\/#website","url":"https:\/\/narcopowders.com\/","name":"P\u00f3s de narc\u00f3ticos","description":"O meu blogue WordPress","potentialAction":[{"@type":"SearchAction","target":{"@type":"EntryPoint","urlTemplate":"https:\/\/narcopowders.com\/?s={search_term_string}"},"query-input":{"@type":"PropertyValueSpecification","valueRequired":true,"valueName":"search_term_string"}}],"inLanguage":"pt-PT"}]}},"_links":{"self":[{"href":"https:\/\/narcopowders.com\/pt\/wp-json\/wp\/v2\/product\/20560","targetHints":{"allow":["GET"]}}],"collection":[{"href":"https:\/\/narcopowders.com\/pt\/wp-json\/wp\/v2\/product"}],"about":[{"href":"https:\/\/narcopowders.com\/pt\/wp-json\/wp\/v2\/types\/product"}],"replies":[{"embeddable":true,"href":"https:\/\/narcopowders.com\/pt\/wp-json\/wp\/v2\/comments?post=20560"}],"wp:featuredmedia":[{"embeddable":true,"href":"https:\/\/narcopowders.com\/pt\/wp-json\/wp\/v2\/media\/21258"}],"wp:attachment":[{"href":"https:\/\/narcopowders.com\/pt\/wp-json\/wp\/v2\/media?parent=20560"}],"wp:term":[{"taxonomy":"product_brand","embeddable":true,"href":"https:\/\/narcopowders.com\/pt\/wp-json\/wp\/v2\/product_brand?post=20560"},{"taxonomy":"product_cat","embeddable":true,"href":"https:\/\/narcopowders.com\/pt\/wp-json\/wp\/v2\/product_cat?post=20560"},{"taxonomy":"product_tag","embeddable":true,"href":"https:\/\/narcopowders.com\/pt\/wp-json\/wp\/v2\/product_tag?post=20560"}],"curies":[{"name":"wp","href":"https:\/\/api.w.org\/{rel}","templated":true}]}}