{"id":20562,"date":"2024-05-23T06:14:29","date_gmt":"2024-05-23T06:14:29","guid":{"rendered":"https:\/\/narcopowders.com\/?post_type=product&#038;p=20562"},"modified":"2025-05-06T07:05:50","modified_gmt":"2025-05-06T07:05:50","slug":"buy-isotonitazene-online","status":"publish","type":"product","link":"https:\/\/narcopowders.com\/pt\/produto\/buy-isotonitazene-online\/","title":{"rendered":"Comprar Isotonitazene Online"},"content":{"rendered":"<h2>Comprar Isopropilfenidato em p\u00f3<\/h2>\n<p><a href=\"https:\/\/narcopowders.com\/pt\/produto\/buy-isotonitazene-online\/\">Comprar Isopropilfenidato, Isopropilfenidato<\/a> (tamb\u00e9m conhecido por IPH e IPPD) \u00e9 um estimulante da classe das piperidinas. O isopropilfenidato produz um efeito motivador e estimulante que tamb\u00e9m promove a concentra\u00e7\u00e3o. \u00c9 um an\u00e1logo estrutural do comummente prescrito <a href=\"https:\/\/www.bing.com\/search?q=Buy%20Isotonitazene%20Online&amp;qs=n&amp;form=QBRE&amp;sp=-1&amp;lq=0&amp;pq=buy%20isotonitazene%20online&amp;sc=0-24&amp;sk=&amp;cvid=C13213C671EB4FA6BE3F236B93414129&amp;ghsh=0&amp;ghacc=0&amp;ghpl=\">ADHD<\/a> medicamento metilfenidato e diz-se que produz efeitos cognitivos e f\u00edsicos quase id\u00eanticos, mas com menos componente euf\u00f3rico e uma dura\u00e7\u00e3o de a\u00e7\u00e3o mais prolongada.<\/p>\n<h3>O que \u00e9 o isopropilfenidato (IPH)?<\/h3>\n<p><a href=\"https:\/\/narcopowders.com\/pt\/produto\/buy-isotonitazene-online\/\">IPH<\/a> \u00e9 uma subst\u00e2ncia qu\u00edmica de investiga\u00e7\u00e3o que pertence \u00e0 classe das piperdinas. Trata-se de um estimulante sint\u00e9tico. A IPH \u00e9 muito semelhante \u00e0 subst\u00e2ncia qu\u00edmica metilfenidato e produz resultados de investiga\u00e7\u00e3o quase id\u00eanticos. Utiliza sempre os procedimentos de seguran\u00e7a laboratorial adequados, uma vez que doses mais elevadas podem ser muito mais eficazes.<\/p>\n<p><strong>Isopropilfenidato - Legalidade<\/strong><\/p>\n<p><a href=\"https:\/\/www.google.com\/search?q=Buy+Isotonitazene+Online&amp;num=10&amp;sca_esv=1a2a07081c7891bb&amp;rlz=1C1RXQR_enIN1098IN1098&amp;sxsrf=AHTn8zqQPHas8JyshcunHpWRxD6b4X8gUg%3A1741762913457&amp;ei=YTHRZ9DDG8mS4-EP--yscA&amp;ved=0ahUKEwiQ-PS9_IOMAxVJyTgGHXs2Cw4Q4dUDCBA&amp;uact=5&amp;oq=Buy+Isotonitazene+Online&amp;gs_lp=Egxnd3Mtd2l6LXNlcnAiGEJ1eSBJc290b25pdGF6ZW5lIE9ubGluZUjuBlCyA1iyA3ADeACQAQCYAdABoAHQAaoBAzItMbgBA8gBAPgBAvgBAZgCAKACAJgDAIgGAZIHAKAHTA&amp;sclient=gws-wiz-serp\">IPH<\/a> \u00e9 ilegal nos Pa\u00edses Baixos, na Alemanha e no Reino Unido. No entanto, n\u00e3o est\u00e1 aprovado em muitos outros pa\u00edses, pelo que \u00e9 legal em muitos locais. No entanto, em pa\u00edses com leis an\u00e1logas rigorosas, como os Estados Unidos, pode ser potencialmente ilegal comprar isopropilfenidato.<\/p>\n<p><strong>Efeitos do isopropilfenidato<\/strong><\/p>\n<p><a href=\"https:\/\/duckduckgo.com\/?q=Buy+Isotonitazene+Online&amp;t=h_&amp;ia=web\">Isopropylphenidate<\/a>, tamb\u00e9m conhecido como IPH ou IPPD, \u00e9 um medicamento estimulante da classe das piperidinas. Tem um efeito energ\u00e9tico e motivador e pode tamb\u00e9m melhorar a concentra\u00e7\u00e3o. \u00c9 estruturalmente semelhante ao metilfenidato, medicamento para a PHDA, e acredita-se que tenha efeitos cognitivos e f\u00edsicos semelhantes. Tem uma dura\u00e7\u00e3o de a\u00e7\u00e3o mais curta e uma componente menos euf\u00f3rica.<\/p>\n<p>O isopropilfenidato s\u00f3 recentemente foi utilizado como droga recreativa em seres humanos e ainda n\u00e3o \u00e9 vendido na rua.<\/p>\n<h3>Onde posso comprar IPH?<\/h3>\n<p>At <a href=\"https:\/\/en.wikipedia.org\/wiki\/Isotonitazene\">Narcopowders<\/a>, you can purchase research chemicals containing <a href=\"https:\/\/narcopowders.com\/pt\/\">isopropilfenidato<\/a> no nosso site. Todos os nossos produtos qu\u00edmicos de investiga\u00e7\u00e3o s\u00e3o testados e analisados antes de serem lan\u00e7ados para venda. S\u00f3 assim podemos garantir a elevada qualidade dos nossos <a href=\"https:\/\/www.bing.com\/search?q=Buy%20Isotonitazene%20Online&amp;qs=n&amp;form=QBRE&amp;sp=-1&amp;lq=0&amp;pq=buy%20isotonitazene%20online&amp;sc=0-24&amp;sk=&amp;cvid=C13213C671EB4FA6BE3F236B93414129&amp;ghsh=0&amp;ghacc=0&amp;ghpl=\">isopropilfenidato<\/a> produtos. Teremos todo o prazer em responder \u00e0s suas perguntas ou fornecer informa\u00e7\u00f5es adicionais.<\/p>\n<p>Este produto destina-se apenas a fins educativos. A Achemic n\u00e3o vende IPH exceto para fins cient\u00edficos e educacionais. N\u00c3O se destina a consumo humano ou uso veterin\u00e1rio. Enviamos para todo o mundo, incluindo para os EUA.<\/p>","protected":false},"excerpt":{"rendered":"<p>Buy Isopropylphenidate Powder Isopropylphenidate Buy, Isopropylphenidate (also known as IPH and IPPD) is a stimulant drug of the piperidine class. Isopropylphenidate produces a motivating, stimulating effect that also promotes concentration. It is a structural analogue of the commonly prescribed ADHD medication methylphenidate and is said to produce nearly identical cognitive and physical effects, but with [&hellip;]<\/p>","protected":false},"featured_media":21300,"comment_status":"open","ping_status":"closed","template":"","meta":{"_joinchat":[]},"product_brand":[],"product_cat":[1724],"product_tag":[],"class_list":{"0":"post-20562","1":"product","2":"type-product","3":"status-publish","4":"has-post-thumbnail","6":"product_cat-research-chemicals","8":"first","9":"instock","10":"shipping-taxable","11":"purchasable","12":"product-type-variable","13":"add-to-wishlist-after_add_to_cart"},"yoast_head":"<!-- This site is optimized with the Yoast SEO plugin v27.5 - https:\/\/yoast.com\/product\/yoast-seo-wordpress\/ -->\n<title>Buy Isotonitazene Online - Isotonitazene for Sale Online Shop<\/title>\n<meta name=\"description\" content=\"You can buy Isotonitazene online from #1 chemical powder store NarcoPowders. We have high-quality Isotonitazene powder for sale online, Order Now!\" \/>\n<meta name=\"robots\" content=\"index, follow, max-snippet:-1, max-image-preview:large, max-video-preview:-1\" \/>\n<link rel=\"canonical\" href=\"https:\/\/narcopowders.com\/pt\/produto\/buy-isotonitazene-online\/\" \/>\n<meta property=\"og:locale\" content=\"pt_PT\" \/>\n<meta property=\"og:type\" content=\"article\" \/>\n<meta property=\"og:title\" content=\"Buy Isotonitazene Online - Isotonitazene for Sale Online Shop\" \/>\n<meta property=\"og:description\" content=\"You can buy Isotonitazene online from #1 chemical powder store NarcoPowders. We have high-quality Isotonitazene powder for sale online, Order Now!\" \/>\n<meta property=\"og:url\" content=\"https:\/\/narcopowders.com\/pt\/produto\/buy-isotonitazene-online\/\" \/>\n<meta property=\"og:site_name\" content=\"Narco Powders\" \/>\n<meta property=\"article:modified_time\" content=\"2025-05-06T07:05:50+00:00\" \/>\n<meta property=\"og:image\" content=\"https:\/\/narcopowders.com\/wp-content\/uploads\/2024\/05\/Isotonitazene.gif\" \/>\n\t<meta property=\"og:image:width\" content=\"600\" \/>\n\t<meta property=\"og:image:height\" content=\"600\" \/>\n\t<meta property=\"og:image:type\" content=\"image\/gif\" \/>\n<meta name=\"twitter:card\" content=\"summary_large_image\" \/>\n<meta name=\"twitter:label1\" content=\"Tempo estimado de leitura\" \/>\n\t<meta name=\"twitter:data1\" content=\"2 minutos\" \/>\n<!-- \/ Yoast SEO plugin. -->","yoast_head_json":{"title":"Comprar Isotonitazene Online - Isotonitazene para Venda Loja Online","description":"Voc\u00ea pode comprar Isotonitazene online na loja de p\u00f3 qu\u00edmico #1 NarcoPowders. Temos p\u00f3 de isotonitazeno de alta qualidade para venda online, encomende agora!","robots":{"index":"index","follow":"follow","max-snippet":"max-snippet:-1","max-image-preview":"max-image-preview:large","max-video-preview":"max-video-preview:-1"},"canonical":"https:\/\/narcopowders.com\/pt\/produto\/buy-isotonitazene-online\/","og_locale":"pt_PT","og_type":"article","og_title":"Buy Isotonitazene Online - Isotonitazene for Sale Online Shop","og_description":"You can buy Isotonitazene online from #1 chemical powder store NarcoPowders. We have high-quality Isotonitazene powder for sale online, Order Now!","og_url":"https:\/\/narcopowders.com\/pt\/produto\/buy-isotonitazene-online\/","og_site_name":"Narco Powders","article_modified_time":"2025-05-06T07:05:50+00:00","og_image":[{"width":600,"height":600,"url":"https:\/\/narcopowders.com\/wp-content\/uploads\/2024\/05\/Isotonitazene.gif","type":"image\/gif"}],"twitter_card":"summary_large_image","twitter_misc":{"Tempo estimado de leitura":"2 minutos"},"schema":{"@context":"https:\/\/schema.org","@graph":[{"@type":"WebPage","@id":"https:\/\/narcopowders.com\/product\/buy-isotonitazene-online\/","url":"https:\/\/narcopowders.com\/product\/buy-isotonitazene-online\/","name":"Comprar Isotonitazene Online - Isotonitazene para Venda Loja Online","isPartOf":{"@id":"https:\/\/narcopowders.com\/#website"},"primaryImageOfPage":{"@id":"https:\/\/narcopowders.com\/product\/buy-isotonitazene-online\/#primaryimage"},"image":{"@id":"https:\/\/narcopowders.com\/product\/buy-isotonitazene-online\/#primaryimage"},"thumbnailUrl":"https:\/\/narcopowders.com\/wp-content\/uploads\/2024\/05\/Isotonitazene.gif","datePublished":"2024-05-23T06:14:29+00:00","dateModified":"2025-05-06T07:05:50+00:00","description":"Voc\u00ea pode comprar Isotonitazene online na loja de p\u00f3 qu\u00edmico #1 NarcoPowders. Temos p\u00f3 de isotonitazeno de alta qualidade para venda online, encomende agora!","breadcrumb":{"@id":"https:\/\/narcopowders.com\/product\/buy-isotonitazene-online\/#breadcrumb"},"inLanguage":"pt-PT","potentialAction":[{"@type":"ReadAction","target":["https:\/\/narcopowders.com\/product\/buy-isotonitazene-online\/"]}]},{"@type":"ImageObject","inLanguage":"pt-PT","@id":"https:\/\/narcopowders.com\/product\/buy-isotonitazene-online\/#primaryimage","url":"https:\/\/narcopowders.com\/wp-content\/uploads\/2024\/05\/Isotonitazene.gif","contentUrl":"https:\/\/narcopowders.com\/wp-content\/uploads\/2024\/05\/Isotonitazene.gif","width":600,"height":600,"caption":"Buy Isotonitazene Online"},{"@type":"BreadcrumbList","@id":"https:\/\/narcopowders.com\/product\/buy-isotonitazene-online\/#breadcrumb","itemListElement":[{"@type":"ListItem","position":1,"name":"Home","item":"https:\/\/narcopowders.com\/"},{"@type":"ListItem","position":2,"name":"Shop Page","item":"https:\/\/narcopowders.com\/shop\/"},{"@type":"ListItem","position":3,"name":"Buy Isotonitazene Online"}]},{"@type":"WebSite","@id":"https:\/\/narcopowders.com\/#website","url":"https:\/\/narcopowders.com\/","name":"P\u00f3s de narc\u00f3ticos","description":"O meu blogue WordPress","potentialAction":[{"@type":"SearchAction","target":{"@type":"EntryPoint","urlTemplate":"https:\/\/narcopowders.com\/?s={search_term_string}"},"query-input":{"@type":"PropertyValueSpecification","valueRequired":true,"valueName":"search_term_string"}}],"inLanguage":"pt-PT"}]}},"_links":{"self":[{"href":"https:\/\/narcopowders.com\/pt\/wp-json\/wp\/v2\/product\/20562","targetHints":{"allow":["GET"]}}],"collection":[{"href":"https:\/\/narcopowders.com\/pt\/wp-json\/wp\/v2\/product"}],"about":[{"href":"https:\/\/narcopowders.com\/pt\/wp-json\/wp\/v2\/types\/product"}],"replies":[{"embeddable":true,"href":"https:\/\/narcopowders.com\/pt\/wp-json\/wp\/v2\/comments?post=20562"}],"wp:featuredmedia":[{"embeddable":true,"href":"https:\/\/narcopowders.com\/pt\/wp-json\/wp\/v2\/media\/21300"}],"wp:attachment":[{"href":"https:\/\/narcopowders.com\/pt\/wp-json\/wp\/v2\/media?parent=20562"}],"wp:term":[{"taxonomy":"product_brand","embeddable":true,"href":"https:\/\/narcopowders.com\/pt\/wp-json\/wp\/v2\/product_brand?post=20562"},{"taxonomy":"product_cat","embeddable":true,"href":"https:\/\/narcopowders.com\/pt\/wp-json\/wp\/v2\/product_cat?post=20562"},{"taxonomy":"product_tag","embeddable":true,"href":"https:\/\/narcopowders.com\/pt\/wp-json\/wp\/v2\/product_tag?post=20562"}],"curies":[{"name":"wp","href":"https:\/\/api.w.org\/{rel}","templated":true}]}}