{"id":20595,"date":"2024-05-23T06:14:38","date_gmt":"2024-05-23T06:14:38","guid":{"rendered":"https:\/\/narcopowders.com\/?post_type=product&#038;p=20595"},"modified":"2025-03-26T12:09:41","modified_gmt":"2025-03-26T12:09:41","slug":"buy-ebk-online","status":"publish","type":"product","link":"https:\/\/narcopowders.com\/pt\/produto\/buy-ebk-online\/","title":{"rendered":"Comprar EBK online"},"content":{"rendered":"<h2>Comprar EBK online,<\/h2>\n<p><a href=\"https:\/\/narcopowders.com\/pt\/produto\/buy-ebk-online\/\">Get EBK Crystal Online<\/a>. <a href=\"https:\/\/narcopowders.com\/pt\/\">NarcoPowders.com<\/a> \u00e9 um conhecido retalhista online de qu\u00edmicos de investiga\u00e7\u00e3o onde qualquer pessoa com mais de 18 anos pode obter EBK, que \u00e9 considerado o mais recente qu\u00edmico estimulante. Pode ser comprado como substituto da N-etilpentilona e est\u00e1 em forma de cristal grande. Tamb\u00e9m \u00e9 conhecida pelos nomes Ephylone e bk-EBDP .<\/p>\n<h3>Onde \u00e9 utilizado o produto qu\u00edmico EBK?<\/h3>\n<p>Since <a href=\"https:\/\/www.bing.com\/search?q=Buy%20EBK%20Online&amp;qs=n&amp;form=QBRE&amp;sp=-1&amp;lq=0&amp;pq=buy%20ebk%20online&amp;sc=12-14&amp;sk=&amp;cvid=BBEE1990BAEF473A91C90965DD288E7A&amp;ghsh=0&amp;ghacc=0&amp;ghpl=\">EBC crystal<\/a> Uma vez que o cristal EBC \u00e9 legal na maior parte do pa\u00eds, n\u00e3o deve ser dif\u00edcil encomend\u00e1-lo online. A venda destina-se apenas a fins de investiga\u00e7\u00e3o e n\u00e3o ser\u00e1 utilizada para qualquer outro fim. A sua aplica\u00e7\u00e3o n\u00e3o se limita a diagn\u00f3sticos in vivo, refei\u00e7\u00f5es, medicamentos, dispositivos m\u00e9dicos, cosm\u00e9ticos ou produtos farmac\u00eauticos. Antes de preencher o formul\u00e1rio de encomenda online de produtos qu\u00edmicos EBK, certifique-se de que existe ventila\u00e7\u00e3o adequada na sua vizinhan\u00e7a. <a href=\"https:\/\/duckduckgo.com\/?q=Buy+EBK+Online&amp;t=h_&amp;ia=web\">EBK<\/a> formul\u00e1rio de encomenda de produtos qu\u00edmicos, certifique-se de que existe ventila\u00e7\u00e3o adequada na sua vizinhan\u00e7a.<\/p>\n<p>Temos uma longa hist\u00f3ria como uma fonte fi\u00e1vel e respeit\u00e1vel de produtos qu\u00edmicos para investiga\u00e7\u00e3o. As opini\u00f5es de clientes reais deixadas nos nossos s\u00edtios Web por clientes novos e antigos inspiram os potenciais clientes a fazerem uma encomenda connosco.<\/p>\n<p>The leading and most reliable supplier of EBK chemicals at a reasonable price is <a href=\"https:\/\/www.google.com\/search?q=Buy+EBK+Online&amp;sca_esv=ae1c882eac2a8cbb&amp;sxsrf=AHTn8zpjQYfyM8PU2BR4giICyNEfDZXYRg%3A1742987778688&amp;ei=AuLjZ9vKKfihseMPjMHM8A4&amp;ved=0ahUKEwjb05W7z6eMAxX4UGwGHYwgE-4Q4dUDCA8&amp;uact=5&amp;oq=Buy+EBK+Online&amp;gs_lp=Egxnd3Mtd2l6LXNlcnAiDkJ1eSBFQksgT25saW5lMgcQABiABBgNMggQABgIGA0YHjIKEAAYCBgKGA0YHjILEAAYgAQYhgMYigUyCxAAGIAEGIYDGIoFMggQABiABBiiBDIIEAAYgAQYogQyCBAAGIAEGKIEMggQABiABBiiBEjhCFDsA1jsA3ACeACQAQCYAakBoAGpAaoBAzAuMbgBA8gBAPgBAvgBAZgCAaACsQGYAwCIBgGSBwMwLjGgB-YGsgcDMC4xuAexAQ&amp;sclient=gws-wiz-serp\">Narcop\u00f3lvora<\/a>Oferecemos cristais EBK de primeira qualidade para venda e fornecemos produtos qu\u00edmicos eBK para todos os pa\u00edses, incluindo EUA, Europa, Austr\u00e1lia e Canad\u00e1. Devido \u00e0 qualidade excecional dos nossos produtos, somos insuper\u00e1veis na produ\u00e7\u00e3o e distribui\u00e7\u00e3o de produtos qu\u00edmicos para investiga\u00e7\u00e3o.<\/p>\n<p>Damos grande import\u00e2ncia \u00e0 prote\u00e7\u00e3o da privacidade dos nossos clientes e n\u00e3o comprometemos este aspeto. Utilizamos as mais recentes tecnologias de seguran\u00e7a em todas as transac\u00e7\u00f5es. A satisfa\u00e7\u00e3o dos nossos clientes \u00e9 crucial para o sucesso da nossa empresa. A EBK Chemicals \u00e9 uma empresa que efectua estudos e an\u00e1lises exaustivos antes de colocar um produto no mercado. A pureza e a qualidade do produto s\u00e3o os factores mais importantes que n\u00e3o descuramos.<\/p>\n<p>Por favor, utilize a nossa interface de servi\u00e7o ao cliente para nos contactar se tiver quaisquer quest\u00f5es ou preocupa\u00e7\u00f5es. Garantimos que trataremos da sua quest\u00e3o o mais rapidamente poss\u00edvel, <a href=\"https:\/\/en.wikipedia.org\/wiki\/EBK\">Comprar EBK online<\/a>.<\/p>\n<p>A nossa marca \u00e9 aquela que as pessoas escolhem por v\u00e1rias raz\u00f5es, incluindo embalagem especializada, servi\u00e7os de entrega atempada e disponibilidade do produto em todas as quantidades. Assim que o seu pagamento for recebido, a sua encomenda ser\u00e1 aprovada.<\/p>","protected":false},"excerpt":{"rendered":"<p>Buy EBK Online, Get EBK Crystal Online. NarcoPowders.com is a well-known online retailer of research chemicals where anyone over the age of 18 can get EBK, which is considered the latest stimulant chemical. It can be purchased as a replacement for N-ethylpentylone and is in large crystal form. It is also known by the names [&hellip;]<\/p>","protected":false},"featured_media":21295,"comment_status":"open","ping_status":"closed","template":"","meta":{"_joinchat":[]},"product_brand":[],"product_cat":[1724,1538],"product_tag":[],"class_list":{"0":"post-20595","1":"product","2":"type-product","3":"status-publish","4":"has-post-thumbnail","6":"product_cat-research-chemicals","7":"product_cat-cannabinoids","9":"first","10":"instock","11":"shipping-taxable","12":"purchasable","13":"product-type-variable","14":"add-to-wishlist-after_add_to_cart"},"yoast_head":"<!-- This site is optimized with the Yoast SEO plugin v25.9 - https:\/\/yoast.com\/wordpress\/plugins\/seo\/ -->\n<title>Buy EBK Online - EBK for Sale - Order EBK | NarcoPowders<\/title>\n<meta name=\"description\" content=\"Looking for high-quality EBK for sale online from a leading chemical store? NarcoPowders is the best place to buy EBK online. Order EBK Now!\" \/>\n<meta name=\"robots\" content=\"index, follow, max-snippet:-1, max-image-preview:large, max-video-preview:-1\" \/>\n<link rel=\"canonical\" href=\"https:\/\/narcopowders.com\/pt\/produto\/buy-ebk-online\/\" \/>\n<meta property=\"og:locale\" content=\"pt_PT\" \/>\n<meta property=\"og:type\" content=\"article\" \/>\n<meta property=\"og:title\" content=\"Buy EBK Online - EBK for Sale - Order EBK | NarcoPowders\" \/>\n<meta property=\"og:description\" content=\"Looking for high-quality EBK for sale online from a leading chemical store? NarcoPowders is the best place to buy EBK online. Order EBK Now!\" \/>\n<meta property=\"og:url\" content=\"https:\/\/narcopowders.com\/pt\/produto\/buy-ebk-online\/\" \/>\n<meta property=\"og:site_name\" content=\"Narco Powders\" \/>\n<meta property=\"article:modified_time\" content=\"2025-03-26T12:09:41+00:00\" \/>\n<meta property=\"og:image\" content=\"https:\/\/narcopowders.com\/wp-content\/uploads\/2024\/05\/EB-BK.gif\" \/>\n\t<meta property=\"og:image:width\" content=\"600\" \/>\n\t<meta property=\"og:image:height\" content=\"600\" \/>\n\t<meta property=\"og:image:type\" content=\"image\/gif\" \/>\n<meta name=\"twitter:card\" content=\"summary_large_image\" \/>\n<meta name=\"twitter:label1\" content=\"Tempo estimado de leitura\" \/>\n\t<meta name=\"twitter:data1\" content=\"2 minutos\" \/>\n<!-- \/ Yoast SEO plugin. -->","yoast_head_json":{"title":"Comprar EBK Online - EBK para Venda - Encomendar EBK | NarcoPowders","description":"Procurando por EBK de alta qualidade para venda online em uma loja l\u00edder de produtos qu\u00edmicos? NarcoPowders \u00e9 o melhor lugar para comprar EBK online. Encomende EBK agora!","robots":{"index":"index","follow":"follow","max-snippet":"max-snippet:-1","max-image-preview":"max-image-preview:large","max-video-preview":"max-video-preview:-1"},"canonical":"https:\/\/narcopowders.com\/pt\/produto\/buy-ebk-online\/","og_locale":"pt_PT","og_type":"article","og_title":"Buy EBK Online - EBK for Sale - Order EBK | NarcoPowders","og_description":"Looking for high-quality EBK for sale online from a leading chemical store? NarcoPowders is the best place to buy EBK online. Order EBK Now!","og_url":"https:\/\/narcopowders.com\/pt\/produto\/buy-ebk-online\/","og_site_name":"Narco Powders","article_modified_time":"2025-03-26T12:09:41+00:00","og_image":[{"width":600,"height":600,"url":"https:\/\/narcopowders.com\/wp-content\/uploads\/2024\/05\/EB-BK.gif","type":"image\/gif"}],"twitter_card":"summary_large_image","twitter_misc":{"Tempo estimado de leitura":"2 minutos"},"schema":{"@context":"https:\/\/schema.org","@graph":[{"@type":"WebPage","@id":"https:\/\/narcopowders.com\/product\/buy-ebk-online\/","url":"https:\/\/narcopowders.com\/product\/buy-ebk-online\/","name":"Comprar EBK Online - EBK para Venda - Encomendar EBK | NarcoPowders","isPartOf":{"@id":"https:\/\/narcopowders.com\/#website"},"primaryImageOfPage":{"@id":"https:\/\/narcopowders.com\/product\/buy-ebk-online\/#primaryimage"},"image":{"@id":"https:\/\/narcopowders.com\/product\/buy-ebk-online\/#primaryimage"},"thumbnailUrl":"https:\/\/narcopowders.com\/wp-content\/uploads\/2024\/05\/EB-BK.gif","datePublished":"2024-05-23T06:14:38+00:00","dateModified":"2025-03-26T12:09:41+00:00","description":"Procurando por EBK de alta qualidade para venda online em uma loja l\u00edder de produtos qu\u00edmicos? NarcoPowders \u00e9 o melhor lugar para comprar EBK online. Encomende EBK agora!","breadcrumb":{"@id":"https:\/\/narcopowders.com\/product\/buy-ebk-online\/#breadcrumb"},"inLanguage":"pt-PT","potentialAction":[{"@type":"ReadAction","target":["https:\/\/narcopowders.com\/product\/buy-ebk-online\/"]}]},{"@type":"ImageObject","inLanguage":"pt-PT","@id":"https:\/\/narcopowders.com\/product\/buy-ebk-online\/#primaryimage","url":"https:\/\/narcopowders.com\/wp-content\/uploads\/2024\/05\/EB-BK.gif","contentUrl":"https:\/\/narcopowders.com\/wp-content\/uploads\/2024\/05\/EB-BK.gif","width":600,"height":600,"caption":"Buy EBK Online"},{"@type":"BreadcrumbList","@id":"https:\/\/narcopowders.com\/product\/buy-ebk-online\/#breadcrumb","itemListElement":[{"@type":"ListItem","position":1,"name":"Home","item":"https:\/\/narcopowders.com\/"},{"@type":"ListItem","position":2,"name":"Shop Page","item":"https:\/\/narcopowders.com\/shop\/"},{"@type":"ListItem","position":3,"name":"Buy EBK Online"}]},{"@type":"WebSite","@id":"https:\/\/narcopowders.com\/#website","url":"https:\/\/narcopowders.com\/","name":"P\u00f3s de narc\u00f3ticos","description":"O meu blogue WordPress","potentialAction":[{"@type":"SearchAction","target":{"@type":"EntryPoint","urlTemplate":"https:\/\/narcopowders.com\/?s={search_term_string}"},"query-input":{"@type":"PropertyValueSpecification","valueRequired":true,"valueName":"search_term_string"}}],"inLanguage":"pt-PT"}]}},"_links":{"self":[{"href":"https:\/\/narcopowders.com\/pt\/wp-json\/wp\/v2\/product\/20595","targetHints":{"allow":["GET"]}}],"collection":[{"href":"https:\/\/narcopowders.com\/pt\/wp-json\/wp\/v2\/product"}],"about":[{"href":"https:\/\/narcopowders.com\/pt\/wp-json\/wp\/v2\/types\/product"}],"replies":[{"embeddable":true,"href":"https:\/\/narcopowders.com\/pt\/wp-json\/wp\/v2\/comments?post=20595"}],"wp:featuredmedia":[{"embeddable":true,"href":"https:\/\/narcopowders.com\/pt\/wp-json\/wp\/v2\/media\/21295"}],"wp:attachment":[{"href":"https:\/\/narcopowders.com\/pt\/wp-json\/wp\/v2\/media?parent=20595"}],"wp:term":[{"taxonomy":"product_brand","embeddable":true,"href":"https:\/\/narcopowders.com\/pt\/wp-json\/wp\/v2\/product_brand?post=20595"},{"taxonomy":"product_cat","embeddable":true,"href":"https:\/\/narcopowders.com\/pt\/wp-json\/wp\/v2\/product_cat?post=20595"},{"taxonomy":"product_tag","embeddable":true,"href":"https:\/\/narcopowders.com\/pt\/wp-json\/wp\/v2\/product_tag?post=20595"}],"curies":[{"name":"wp","href":"https:\/\/api.w.org\/{rel}","templated":true}]}}