{"id":20598,"date":"2024-05-23T06:14:38","date_gmt":"2024-05-23T06:14:38","guid":{"rendered":"https:\/\/narcopowders.com\/?post_type=product&#038;p=20598"},"modified":"2025-03-26T13:01:23","modified_gmt":"2025-03-26T13:01:23","slug":"buy-hep-powder-online","status":"publish","type":"product","link":"https:\/\/narcopowders.com\/pt\/produto\/buy-hep-powder-online\/","title":{"rendered":"Comprar HEP Powder Online"},"content":{"rendered":"<h2>Comprar HEP Powder Online<\/h2>\n<p><a href=\"https:\/\/en.wikipedia.org\/wiki\/HEP\">Buy HEP Online<\/a>, Um derivado e alternativa \u00e0 pirovalerona \u00e9 <a href=\"https:\/\/narcopowders.com\/pt\/\">Comprar HEP Powder Online<\/a>Compre p\u00f3 HEP a granel ao fabricante. Excelente produto a um pre\u00e7o acess\u00edvel, enviado para qualquer parte do mundo.<\/p>\n<p>O p\u00f3 de HEP \u00e9 um derivado da pirovalerona e uma catinona substitu\u00edda. O p\u00f3 de HEP est\u00e1 atualmente a atrair o mesmo interesse na comunidade cient\u00edfica internacional que a pirovalerona e o MDPV e partilha muitas das mesmas propriedades qu\u00edmicas.<\/p>\n<p>O p\u00f3 de HEP, um valioso substituto de investiga\u00e7\u00e3o para as pirrolidinas muito procuradas, mas geralmente ilegais, como o MDPV ou os derivados da fam\u00edlia das piperidinas, como o metilfenidato, est\u00e1 agora dispon\u00edvel para compra gra\u00e7as a um desenvolvimento recente da NarcoPowders.<\/p>\n<p>Tem a oportunidade incr\u00edvel de obter p\u00f3 HEP numa forma de p\u00f3 muito puro de <a href=\"https:\/\/narcopowders.com\/pt\/produto\/buy-hep-powder-online\/\">Narcop\u00f3lvora<\/a>, a<\/p>\n<p>fornecedor reputado e fi\u00e1vel que lhe permite efetuar estudos cient\u00edficos com os melhores produtos qu\u00edmicos do mercado.<\/p>\n<h3>Comprar HEP Powder Online<\/h3>\n<p>Os efeitos da <a href=\"https:\/\/www.bing.com\/search?q=Buy%20HEP%20Powder%20Online&amp;qs=n&amp;form=QBRE&amp;sp=-1&amp;ghc=1&amp;lq=0&amp;pq=buy%20hep%20powder%20online&amp;sc=12-21&amp;sk=&amp;cvid=1C5DD8DC75EA4E6F95B0B7F85F1A9860&amp;ghsh=0&amp;ghacc=0&amp;ghpl=\">HEP powder<\/a> Os efeitos do p\u00f3 de HEP podem ser muito compar\u00e1veis aos do 2C-B e do 2C-I, os dois compostos de investiga\u00e7\u00e3o de fenetilamina substitu\u00edda conhecidos, referidos no PiHKAL de Alexander Shulgin, de acordo com a f\u00f3rmula qu\u00edmica desta subst\u00e2ncia.<\/p>\n<p>Uma forte liga\u00e7\u00e3o entre a sua toxicidade e o recetor 5-HT2A pode ajudar a prevenir as cefaleias em salvas, ou a subst\u00e2ncia qu\u00edmica HEP em p\u00f3 pode ser capaz de aliviar a dor psicol\u00f3gica associada ao cancro terminal.<\/p>\n<p>Tenha em aten\u00e7\u00e3o que a investiga\u00e7\u00e3o sobre o p\u00f3 de HEP s\u00f3 pode ser efectuada em ambientes laboratoriais verificados e que s\u00e3o proibidos estudos in vivo com organismos vivos. O p\u00f3 de HEP \u00e9 seguro para armazenar \u00e0 temperatura ambiente at\u00e9 2 anos. Antes de efetuar uma encomenda connosco, verifique a legisla\u00e7\u00e3o do seu pa\u00eds relativamente ao estatuto legal do p\u00f3 de HEP.<\/p>\n<p><a href=\"https:\/\/duckduckgo.com\/?q=Buy+HEP+Powder+Online&amp;t=h_&amp;ia=web\">HEP Powder Online<\/a> O HEP Powder Online \u00e9 um derivado da pirovalerona e uma catinona substitu\u00edda. Comprar HEP Powder a granel ao fabricante. Excelente produto a um pre\u00e7o razo\u00e1vel, enviado para qualquer parte do mundo, Buy HEP Online. <a href=\"https:\/\/www.google.com\/search?q=Buy+HEP+Powder+Online&amp;sca_esv=16def464f60f9903&amp;sxsrf=AHTn8zo5UArdsJI2UQiFduUMk2FJLwZ6Gg%3A1742993888386&amp;ei=4PnjZ4apF6KB0PEPl7278AU&amp;ved=0ahUKEwiGmcCc5qeMAxWiADQIHZfeDl4Q4dUDCBA&amp;uact=5&amp;oq=Buy+HEP+Powder+Online&amp;gs_lp=Egxnd3Mtd2l6LXNlcnAiFUJ1eSBIRVAgUG93ZGVyIE9ubGluZTIIEAAYCBgNGB4yCxAAGIAEGIYDGIoFMgsQABiABBiGAxiKBTIFEAAY7wUyBRAAGO8FMggQABiABBiiBDIFEAAY7wVIsAhQ3wNY3wNwAXgAkAEAmAH6AqAB-gKqAQMzLTG4AQPIAQD4AQL4AQGYAgKgAosDwgILEAAYgAQYsAMYogSYAwCIBgGQBgKSBwUxLjMtMaAH0AWyBwMzLTG4B4MD&amp;sclient=gws-wiz-serp\">Buy HEP Online<\/a>.<\/p>","protected":false},"excerpt":{"rendered":"<p>Buy HEP Powder Online Buy HEP Online, A derivative and alternative to Pyrovalerone is Buy HEP Powder Online. Buy HEP Powder in bulk from the manufacturer. Excellent product at a reasonable price, shipped anywhere in the world . HEP powder is a pyrovalerone derivative and a substituted cathinone. HEP powder is currently attracting the same [&hellip;]<\/p>","protected":false},"featured_media":21286,"comment_status":"open","ping_status":"closed","template":"","meta":{"_joinchat":[]},"product_brand":[],"product_cat":[1599],"product_tag":[],"class_list":{"0":"post-20598","1":"product","2":"type-product","3":"status-publish","4":"has-post-thumbnail","6":"product_cat-stimulants","8":"first","9":"instock","10":"shipping-taxable","11":"purchasable","12":"product-type-variable","13":"add-to-wishlist-after_add_to_cart"},"yoast_head":"<!-- This site is optimized with the Yoast SEO plugin v27.5 - https:\/\/yoast.com\/product\/yoast-seo-wordpress\/ -->\n<title>Buy HEP Powder Online - HEP Powder for Sale - Order HEP<\/title>\n<meta name=\"description\" content=\"If you are looking for best place to buy HEP powder online at low price, narcopowders is a leading online powder shop for HEP powder for sale. Order Now!\" \/>\n<meta name=\"robots\" content=\"index, follow, max-snippet:-1, max-image-preview:large, max-video-preview:-1\" \/>\n<link rel=\"canonical\" href=\"https:\/\/narcopowders.com\/pt\/produto\/buy-hep-powder-online\/\" \/>\n<meta property=\"og:locale\" content=\"pt_PT\" \/>\n<meta property=\"og:type\" content=\"article\" \/>\n<meta property=\"og:title\" content=\"Buy HEP Powder Online - HEP Powder for Sale - Order HEP\" \/>\n<meta property=\"og:description\" content=\"If you are looking for best place to buy HEP powder online at low price, narcopowders is a leading online powder shop for HEP powder for sale. Order Now!\" \/>\n<meta property=\"og:url\" content=\"https:\/\/narcopowders.com\/pt\/produto\/buy-hep-powder-online\/\" \/>\n<meta property=\"og:site_name\" content=\"Narco Powders\" \/>\n<meta property=\"article:modified_time\" content=\"2025-03-26T13:01:23+00:00\" \/>\n<meta property=\"og:image\" content=\"https:\/\/narcopowders.com\/wp-content\/uploads\/2024\/05\/Hep.gif\" \/>\n\t<meta property=\"og:image:width\" content=\"600\" \/>\n\t<meta property=\"og:image:height\" content=\"600\" \/>\n\t<meta property=\"og:image:type\" content=\"image\/gif\" \/>\n<meta name=\"twitter:card\" content=\"summary_large_image\" \/>\n<meta name=\"twitter:label1\" content=\"Tempo estimado de leitura\" \/>\n\t<meta name=\"twitter:data1\" content=\"2 minutos\" \/>\n<!-- \/ Yoast SEO plugin. -->","yoast_head_json":{"title":"Comprar HEP Powder Online - HEP Powder para venda - Encomendar HEP","description":"Se est\u00e1 \u00e0 procura do melhor lugar para comprar p\u00f3 HEP online a baixo pre\u00e7o, a narcopowders \u00e9 uma loja l\u00edder de p\u00f3 online para p\u00f3 HEP para venda. Encomendar agora!","robots":{"index":"index","follow":"follow","max-snippet":"max-snippet:-1","max-image-preview":"max-image-preview:large","max-video-preview":"max-video-preview:-1"},"canonical":"https:\/\/narcopowders.com\/pt\/produto\/buy-hep-powder-online\/","og_locale":"pt_PT","og_type":"article","og_title":"Buy HEP Powder Online - HEP Powder for Sale - Order HEP","og_description":"If you are looking for best place to buy HEP powder online at low price, narcopowders is a leading online powder shop for HEP powder for sale. Order Now!","og_url":"https:\/\/narcopowders.com\/pt\/produto\/buy-hep-powder-online\/","og_site_name":"Narco Powders","article_modified_time":"2025-03-26T13:01:23+00:00","og_image":[{"width":600,"height":600,"url":"https:\/\/narcopowders.com\/wp-content\/uploads\/2024\/05\/Hep.gif","type":"image\/gif"}],"twitter_card":"summary_large_image","twitter_misc":{"Tempo estimado de leitura":"2 minutos"},"schema":{"@context":"https:\/\/schema.org","@graph":[{"@type":"WebPage","@id":"https:\/\/narcopowders.com\/product\/buy-hep-powder-online\/","url":"https:\/\/narcopowders.com\/product\/buy-hep-powder-online\/","name":"Comprar HEP Powder Online - HEP Powder para venda - Encomendar HEP","isPartOf":{"@id":"https:\/\/narcopowders.com\/#website"},"primaryImageOfPage":{"@id":"https:\/\/narcopowders.com\/product\/buy-hep-powder-online\/#primaryimage"},"image":{"@id":"https:\/\/narcopowders.com\/product\/buy-hep-powder-online\/#primaryimage"},"thumbnailUrl":"https:\/\/narcopowders.com\/wp-content\/uploads\/2024\/05\/Hep.gif","datePublished":"2024-05-23T06:14:38+00:00","dateModified":"2025-03-26T13:01:23+00:00","description":"Se est\u00e1 \u00e0 procura do melhor lugar para comprar p\u00f3 HEP online a baixo pre\u00e7o, a narcopowders \u00e9 uma loja l\u00edder de p\u00f3 online para p\u00f3 HEP para venda. Encomendar agora!","breadcrumb":{"@id":"https:\/\/narcopowders.com\/product\/buy-hep-powder-online\/#breadcrumb"},"inLanguage":"pt-PT","potentialAction":[{"@type":"ReadAction","target":["https:\/\/narcopowders.com\/product\/buy-hep-powder-online\/"]}]},{"@type":"ImageObject","inLanguage":"pt-PT","@id":"https:\/\/narcopowders.com\/product\/buy-hep-powder-online\/#primaryimage","url":"https:\/\/narcopowders.com\/wp-content\/uploads\/2024\/05\/Hep.gif","contentUrl":"https:\/\/narcopowders.com\/wp-content\/uploads\/2024\/05\/Hep.gif","width":600,"height":600,"caption":"Buy HEP Powder Online"},{"@type":"BreadcrumbList","@id":"https:\/\/narcopowders.com\/product\/buy-hep-powder-online\/#breadcrumb","itemListElement":[{"@type":"ListItem","position":1,"name":"Home","item":"https:\/\/narcopowders.com\/"},{"@type":"ListItem","position":2,"name":"Shop Page","item":"https:\/\/narcopowders.com\/shop\/"},{"@type":"ListItem","position":3,"name":"Buy HEP Powder Online"}]},{"@type":"WebSite","@id":"https:\/\/narcopowders.com\/#website","url":"https:\/\/narcopowders.com\/","name":"P\u00f3s de narc\u00f3ticos","description":"O meu blogue WordPress","potentialAction":[{"@type":"SearchAction","target":{"@type":"EntryPoint","urlTemplate":"https:\/\/narcopowders.com\/?s={search_term_string}"},"query-input":{"@type":"PropertyValueSpecification","valueRequired":true,"valueName":"search_term_string"}}],"inLanguage":"pt-PT"}]}},"_links":{"self":[{"href":"https:\/\/narcopowders.com\/pt\/wp-json\/wp\/v2\/product\/20598","targetHints":{"allow":["GET"]}}],"collection":[{"href":"https:\/\/narcopowders.com\/pt\/wp-json\/wp\/v2\/product"}],"about":[{"href":"https:\/\/narcopowders.com\/pt\/wp-json\/wp\/v2\/types\/product"}],"replies":[{"embeddable":true,"href":"https:\/\/narcopowders.com\/pt\/wp-json\/wp\/v2\/comments?post=20598"}],"wp:featuredmedia":[{"embeddable":true,"href":"https:\/\/narcopowders.com\/pt\/wp-json\/wp\/v2\/media\/21286"}],"wp:attachment":[{"href":"https:\/\/narcopowders.com\/pt\/wp-json\/wp\/v2\/media?parent=20598"}],"wp:term":[{"taxonomy":"product_brand","embeddable":true,"href":"https:\/\/narcopowders.com\/pt\/wp-json\/wp\/v2\/product_brand?post=20598"},{"taxonomy":"product_cat","embeddable":true,"href":"https:\/\/narcopowders.com\/pt\/wp-json\/wp\/v2\/product_cat?post=20598"},{"taxonomy":"product_tag","embeddable":true,"href":"https:\/\/narcopowders.com\/pt\/wp-json\/wp\/v2\/product_tag?post=20598"}],"curies":[{"name":"wp","href":"https:\/\/api.w.org\/{rel}","templated":true}]}}