{"id":20810,"date":"2024-05-23T06:15:37","date_gmt":"2024-05-23T06:15:37","guid":{"rendered":"https:\/\/narcopowders.com\/?post_type=product&#038;p=20810"},"modified":"2025-03-26T13:03:50","modified_gmt":"2025-03-26T13:03:50","slug":"buy-neh-online","status":"publish","type":"product","link":"https:\/\/narcopowders.com\/pt\/produto\/buy-neh-online\/","title":{"rendered":"Comprar NEH online"},"content":{"rendered":"<h2>Comprar p\u00f3 de NEH online<\/h2>\n<p><a href=\"https:\/\/narcopowders.com\/pt\/produto\/buy-neh-online\/\">Comprar NEH em p\u00f3<\/a> Comprar NEH Powder \u00e9 um produto qu\u00edmico de pesquisa premium que pode ser comprado online. O p\u00f3 NDH pode ser comprado online a um pre\u00e7o com desconto de um fornecedor confi\u00e1vel NarcoPowders.com <a href=\"https:\/\/duckduckgo.com\/?q=Buy+NEH+Online&amp;t=h_&amp;ia=web\">NarcoPowders.com<\/a>.<\/p>\n<p>N\u00f3s, no NarcoPowders, temos o prazer de apresentar o p\u00f3 NEH que \u00e9 fornecido apenas para uso em investiga\u00e7\u00e3o e n\u00e3o deve ser utilizado para qualquer outro fim, incluindo, mas n\u00e3o se limitando a, diagn\u00f3sticos in vivo, refei\u00e7\u00f5es, medicamentos, dispositivos m\u00e9dicos ou cosm\u00e9ticos para humanos ou animais <a href=\"https:\/\/kaufennembutal.com\/product\/kaufen-meth-online\/\">.<\/a><\/p>\n<p>Certifique-se de que tem as ferramentas necess\u00e1rias para manusear <a href=\"https:\/\/narcopowders.com\/pt\/\">produtos qu\u00edmicos de investiga\u00e7\u00e3o<\/a> Certifique-se de que possui as ferramentas necess\u00e1rias para manusear produtos qu\u00edmicos de investiga\u00e7\u00e3o e que o seu local de trabalho \u00e9 adequadamente ventilado antes de nos comprar este produto.<\/p>\n<p>A idade m\u00ednima para encomendar este produto \u00e9 de dezoito anos.<br \/>\n<a href=\"https:\/\/www.google.com\/search?q=Buy+NEH+Online&amp;sca_esv=16def464f60f9903&amp;sxsrf=AHTn8zprhLXQkmjX4zWLFlAUfnIDxqmXxQ%3A1742993998974&amp;ei=TvrjZ7uXO4i_0PEPkamV6QM&amp;ved=0ahUKEwi79p3R5qeMAxWIHzQIHZFUJT0Q4dUDCBA&amp;uact=5&amp;oq=Buy+NEH+Online&amp;gs_lp=Egxnd3Mtd2l6LXNlcnAiDkJ1eSBORUggT25saW5lMgYQABgNGB4yCBAAGAgYDRgeMggQABgIGA0YHjIIEAAYCBgNGB4yCBAAGAgYDRgeMggQABgIGA0YHjIIEAAYCBgNGB4yCBAAGAgYDRgeMggQABgIGA0YHjIIEAAYCBgNGB5ItQdQ6QNY6QNwAXgBkAEAmAH_AqAB_wKqAQMzLTG4AQPIAQD4AQL4AQGYAgKgApMDwgIKEAAYsAMY1gQYR5gDAIgGAZAGCJIHBTEuMy0xoAeMB7IHAzMtMbgHhQM&amp;sclient=gws-wiz-serp\">NEH powder<\/a> O p\u00f3 da NEH \u00e9 legal no pa\u00eds de onde somos origin\u00e1rios. \u00c9 seu dever conhecer e cumprir o sistema jur\u00eddico do seu pa\u00eds. Renunciamos a qualquer responsabilidade por quaisquer ac\u00e7\u00f5es ou resultados decorrentes da sua decis\u00e3o de encomendar ou utilizar este produto.<\/p>\n<h3>Hist\u00f3ria e cultura<\/h3>\n<p><a href=\"https:\/\/en.wikipedia.org\/wiki\/N-Ethylhexedrone\">N-ethylhexedrone<\/a> foi identificado pela primeira vez numa amostra do laborat\u00f3rio aduaneiro belga recebida pelo JRC em novembro de 2015. Em janeiro de 2016, foi identificado no JRC numa amostra fornecida pela alf\u00e2ndega francesa. Posteriormente, em fevereiro de 2016, o OEDT recebeu relat\u00f3rios de identifica\u00e7\u00e3o desta subst\u00e2ncia de outros pa\u00edses, como a Su\u00e9cia, Holanda, Fran\u00e7a, B\u00e9lgica e Eslov\u00e9nia.<\/p>\n<p><strong>Qu\u00edmica<\/strong><\/p>\n<p><a href=\"https:\/\/www.bing.com\/search?q=Buy%20NEH%20Online&amp;qs=n&amp;form=QBRE&amp;sp=-1&amp;lq=0&amp;pq=buy%20neh%20online&amp;sc=6-14&amp;sk=&amp;cvid=776E2B25F4C04B25AD64839FD87D4C95&amp;ghsh=0&amp;ghacc=0&amp;ghpl=\">n-Ethylhexedrone<\/a> A n-etil-hexedrona \u00e9 uma mol\u00e9cula da classe qu\u00edmica das catinonas. O termo \"catinona substitu\u00edda\" refere-se a uma vasta gama de subst\u00e2ncias baseadas na catinona, o principal componente ativo da planta do khat. A catinona \u00e9 constitu\u00edda essencialmente por um n\u00facleo de anfetamina (um n\u00facleo de fenetilamina com um grupo alquilo ligado ao \u00e1tomo de carbono alfa) e um grupo de oxig\u00e9nio ligado ao \u00e1tomo de carbono beta. As catinonas s\u00e3o tamb\u00e9m conhecidas como an\u00e1logos da beta-cetona (\u03b2k) (oxig\u00e9nio com liga\u00e7\u00e3o dupla no \u00e1tomo de carbono \u03b2) das anfetaminas.<\/p>\n<p>Em particular, a estrutura da catinona pode ser modificada em tr\u00eas locais diferentes, criando centenas de compostos poss\u00edveis, incluindo substituintes como os<br \/>\nno anel arom\u00e1tico, no carbono alfa ou no grupo amina.<\/p>\n<p><strong>farmacologia<\/strong><\/p>\n<p>Existem muito poucos dados dispon\u00edveis sobre a farmacocin\u00e9tica e a farmacodin\u00e2mica da n-etil-hexedrona e de outras catinonas substitu\u00eddas no ser humano. Tal como as anfetaminas, as catinonas sint\u00e9ticas exercem os seus efeitos estimulantes e simpaticomim\u00e9ticos atrav\u00e9s do aumento das concentra\u00e7\u00f5es sin\u00e1pticas de catecolaminas, como a dopamina, a serotonina e a norepinefrina. Estas mol\u00e9culas s\u00e3o capazes de inibir os transportadores de recapta\u00e7\u00e3o de monoaminas, resultando numa redu\u00e7\u00e3o da depura\u00e7\u00e3o dos neurotransmissores da sinapse. Podem tamb\u00e9m provocar a liberta\u00e7\u00e3o de aminas biog\u00e9nicas das reservas intracelulares.<\/p>\n<p>As catinonas sint\u00e9ticas s\u00e3o geralmente menos capazes de atravessar a barreira hemato-encef\u00e1lica do que as anfetaminas, porque o grupo beta-ceto provoca um aumento da polaridade. Ao contr\u00e1rio de outras catinonas sint\u00e9ticas, os derivados da pirrolidina t\u00eam uma maior capacidade de atravessar a barreira hemato-encef\u00e1lica porque o anel pirrolidina confere a estas mol\u00e9culas uma baixa polaridade. Estudos sobre o metabolismo das catinonas sint\u00e9ticas mostraram que estas s\u00e3o n-desmetiladas, o grupo ceto \u00e9 reduzido a hidroxilo e os grupos alquilo do anel s\u00e3o oxidados.<\/p>","protected":false},"excerpt":{"rendered":"<p>Buy NEH powder online Buy NEH Powder is a premium research chemical that can be purchased online. NDH powder can be purchased online at a discounted price from reliable supplier NarcoPowders.com. We at NarcoPowders are pleased to introduce NEH powder which is supplied for research use only and is not to be used for any [&hellip;]<\/p>","protected":false},"featured_media":21285,"comment_status":"open","ping_status":"closed","template":"","meta":{"_joinchat":[]},"product_brand":[],"product_cat":[1599],"product_tag":[],"class_list":{"0":"post-20810","1":"product","2":"type-product","3":"status-publish","4":"has-post-thumbnail","6":"product_cat-stimulants","8":"first","9":"instock","10":"shipping-taxable","11":"purchasable","12":"product-type-variable","13":"add-to-wishlist-after_add_to_cart"},"yoast_head":"<!-- This site is optimized with the Yoast SEO plugin v25.9 - https:\/\/yoast.com\/wordpress\/plugins\/seo\/ -->\n<title>Buy NEH Online - NEH Powder for Sale - Order NEH Online<\/title>\n<meta name=\"description\" content=\"Buy NEH Online ~ Looking for the best place where to buy NEH powder online legally? NarcoPowders is 365 days available to get best NEH for sale.\" \/>\n<meta name=\"robots\" content=\"index, follow, max-snippet:-1, max-image-preview:large, max-video-preview:-1\" \/>\n<link rel=\"canonical\" href=\"https:\/\/narcopowders.com\/pt\/produto\/buy-neh-online\/\" \/>\n<meta property=\"og:locale\" content=\"pt_PT\" \/>\n<meta property=\"og:type\" content=\"article\" \/>\n<meta property=\"og:title\" content=\"Buy NEH Online - NEH Powder for Sale - Order NEH Online\" \/>\n<meta property=\"og:description\" content=\"Buy NEH Online ~ Looking for the best place where to buy NEH powder online legally? NarcoPowders is 365 days available to get best NEH for sale.\" \/>\n<meta property=\"og:url\" content=\"https:\/\/narcopowders.com\/pt\/produto\/buy-neh-online\/\" \/>\n<meta property=\"og:site_name\" content=\"Narco Powders\" \/>\n<meta property=\"article:modified_time\" content=\"2025-03-26T13:03:50+00:00\" \/>\n<meta property=\"og:image\" content=\"https:\/\/narcopowders.com\/wp-content\/uploads\/2024\/05\/NEH.gif\" \/>\n\t<meta property=\"og:image:width\" content=\"600\" \/>\n\t<meta property=\"og:image:height\" content=\"600\" \/>\n\t<meta property=\"og:image:type\" content=\"image\/gif\" \/>\n<meta name=\"twitter:card\" content=\"summary_large_image\" \/>\n<meta name=\"twitter:label1\" content=\"Tempo estimado de leitura\" \/>\n\t<meta name=\"twitter:data1\" content=\"3 minutos\" \/>\n<!-- \/ Yoast SEO plugin. -->","yoast_head_json":{"title":"Comprar NEH Online - NEH em p\u00f3 para venda - Encomendar NEH Online","description":"Compre NEH Online ~ Procurando o melhor lugar para comprar p\u00f3 NEH online legalmente? NarcoPowders est\u00e1 365 dias dispon\u00edvel para obter o melhor NEH para venda.","robots":{"index":"index","follow":"follow","max-snippet":"max-snippet:-1","max-image-preview":"max-image-preview:large","max-video-preview":"max-video-preview:-1"},"canonical":"https:\/\/narcopowders.com\/pt\/produto\/buy-neh-online\/","og_locale":"pt_PT","og_type":"article","og_title":"Buy NEH Online - NEH Powder for Sale - Order NEH Online","og_description":"Buy NEH Online ~ Looking for the best place where to buy NEH powder online legally? NarcoPowders is 365 days available to get best NEH for sale.","og_url":"https:\/\/narcopowders.com\/pt\/produto\/buy-neh-online\/","og_site_name":"Narco Powders","article_modified_time":"2025-03-26T13:03:50+00:00","og_image":[{"width":600,"height":600,"url":"https:\/\/narcopowders.com\/wp-content\/uploads\/2024\/05\/NEH.gif","type":"image\/gif"}],"twitter_card":"summary_large_image","twitter_misc":{"Tempo estimado de leitura":"3 minutos"},"schema":{"@context":"https:\/\/schema.org","@graph":[{"@type":"WebPage","@id":"https:\/\/narcopowders.com\/product\/buy-neh-online\/","url":"https:\/\/narcopowders.com\/product\/buy-neh-online\/","name":"Comprar NEH Online - NEH em p\u00f3 para venda - Encomendar NEH Online","isPartOf":{"@id":"https:\/\/narcopowders.com\/#website"},"primaryImageOfPage":{"@id":"https:\/\/narcopowders.com\/product\/buy-neh-online\/#primaryimage"},"image":{"@id":"https:\/\/narcopowders.com\/product\/buy-neh-online\/#primaryimage"},"thumbnailUrl":"https:\/\/narcopowders.com\/wp-content\/uploads\/2024\/05\/NEH.gif","datePublished":"2024-05-23T06:15:37+00:00","dateModified":"2025-03-26T13:03:50+00:00","description":"Compre NEH Online ~ Procurando o melhor lugar para comprar p\u00f3 NEH online legalmente? NarcoPowders est\u00e1 365 dias dispon\u00edvel para obter o melhor NEH para venda.","breadcrumb":{"@id":"https:\/\/narcopowders.com\/product\/buy-neh-online\/#breadcrumb"},"inLanguage":"pt-PT","potentialAction":[{"@type":"ReadAction","target":["https:\/\/narcopowders.com\/product\/buy-neh-online\/"]}]},{"@type":"ImageObject","inLanguage":"pt-PT","@id":"https:\/\/narcopowders.com\/product\/buy-neh-online\/#primaryimage","url":"https:\/\/narcopowders.com\/wp-content\/uploads\/2024\/05\/NEH.gif","contentUrl":"https:\/\/narcopowders.com\/wp-content\/uploads\/2024\/05\/NEH.gif","width":600,"height":600,"caption":"Buy NEH Online"},{"@type":"BreadcrumbList","@id":"https:\/\/narcopowders.com\/product\/buy-neh-online\/#breadcrumb","itemListElement":[{"@type":"ListItem","position":1,"name":"Home","item":"https:\/\/narcopowders.com\/"},{"@type":"ListItem","position":2,"name":"Shop Page","item":"https:\/\/narcopowders.com\/shop\/"},{"@type":"ListItem","position":3,"name":"Buy NEH Online"}]},{"@type":"WebSite","@id":"https:\/\/narcopowders.com\/#website","url":"https:\/\/narcopowders.com\/","name":"P\u00f3s de narc\u00f3ticos","description":"O meu blogue WordPress","potentialAction":[{"@type":"SearchAction","target":{"@type":"EntryPoint","urlTemplate":"https:\/\/narcopowders.com\/?s={search_term_string}"},"query-input":{"@type":"PropertyValueSpecification","valueRequired":true,"valueName":"search_term_string"}}],"inLanguage":"pt-PT"}]}},"_links":{"self":[{"href":"https:\/\/narcopowders.com\/pt\/wp-json\/wp\/v2\/product\/20810","targetHints":{"allow":["GET"]}}],"collection":[{"href":"https:\/\/narcopowders.com\/pt\/wp-json\/wp\/v2\/product"}],"about":[{"href":"https:\/\/narcopowders.com\/pt\/wp-json\/wp\/v2\/types\/product"}],"replies":[{"embeddable":true,"href":"https:\/\/narcopowders.com\/pt\/wp-json\/wp\/v2\/comments?post=20810"}],"wp:featuredmedia":[{"embeddable":true,"href":"https:\/\/narcopowders.com\/pt\/wp-json\/wp\/v2\/media\/21285"}],"wp:attachment":[{"href":"https:\/\/narcopowders.com\/pt\/wp-json\/wp\/v2\/media?parent=20810"}],"wp:term":[{"taxonomy":"product_brand","embeddable":true,"href":"https:\/\/narcopowders.com\/pt\/wp-json\/wp\/v2\/product_brand?post=20810"},{"taxonomy":"product_cat","embeddable":true,"href":"https:\/\/narcopowders.com\/pt\/wp-json\/wp\/v2\/product_cat?post=20810"},{"taxonomy":"product_tag","embeddable":true,"href":"https:\/\/narcopowders.com\/pt\/wp-json\/wp\/v2\/product_tag?post=20810"}],"curies":[{"name":"wp","href":"https:\/\/api.w.org\/{rel}","templated":true}]}}