{"id":20812,"date":"2024-05-23T06:15:37","date_gmt":"2024-05-23T06:15:37","guid":{"rendered":"https:\/\/narcopowders.com\/?post_type=product&#038;p=20812"},"modified":"2025-03-26T12:41:03","modified_gmt":"2025-03-26T12:41:03","slug":"buy-mdma-online","status":"publish","type":"product","link":"https:\/\/narcopowders.com\/pt\/produto\/buy-mdma-online\/","title":{"rendered":"Comprar MDMA online"},"content":{"rendered":"<h2>Comprar MDMA: O que \u00e9?<\/h2>\n<p>Chemically speaking, <a href=\"https:\/\/narcopowders.com\/pt\/produto\/buy-mdma-online\/\">bk-MDMA<\/a> \u00e9 uma subst\u00e2ncia sint\u00e9tica semelhante ao MDMA. \u00c9 comummente comercializada como um p\u00f3 injet\u00e1vel, inal\u00e1vel ou oral, de cor branca ou quase branca. Embora seja frequentemente promovida como uma \u201c<a href=\"https:\/\/en.wikipedia.org\/wiki\/MDMA\">legal high<\/a>\u201d or an alternative to <a href=\"https:\/\/www.bing.com\/search?q=Buy%20MDMA%20Online&amp;qs=n&amp;form=QBRE&amp;sp=-1&amp;lq=0&amp;pq=buy%20mdma%20online&amp;sc=0-15&amp;sk=&amp;cvid=C093DEB07D394A5092E3D792F4460CE4&amp;ghsh=0&amp;ghacc=0&amp;ghpl=\">MDMA<\/a>Es fundamental recordar que todav\u00eda es ilegal en muchos pa\u00edses.<\/p>\n<h3>O impacto dos cristais de bk-MDMA<\/h3>\n<p><a href=\"https:\/\/www.google.com\/search?q=Buy+MDMA+Online&amp;num=10&amp;sca_esv=1a2a07081c7891bb&amp;rlz=1C1RXQR_enIN1098IN1098&amp;sxsrf=AHTn8zrzxshgJalzibnjHAANoPdPlPO_tg%3A1741686227372&amp;ei=0wXQZ-y2Fs6jvr0PkaTH0Ao&amp;ved=0ahUKEwis7JHn3oGMAxXOka8BHRHSEaoQ4dUDCBA&amp;uact=5&amp;oq=Buy+MDMA+Online&amp;gs_lp=Egxnd3Mtd2l6LXNlcnAiD0J1eSBNRE1BIE9ubGluZUirB1CwA1iwA3ACeACQAQCYAd8BoAHfAaoBAzItMbgBA8gBAPgBAvgBAZgCAKACAJgDAIgGAZIHAKAHQw&amp;sclient=gws-wiz-serp\">Bk-MDMA crystals<\/a> proporcionam os mesmos efeitos de euforia e empatia que o MDMA. Uma maior sensa\u00e7\u00e3o de bem-estar, maior sociabilidade e um sentido mais forte de comunidade s\u00e3o poss\u00edveis efeitos secund\u00e1rios para os utilizadores. Isto deve-se ao facto de a medica\u00e7\u00e3o aumentar os n\u00edveis de norepinefrina, dopamina e serotonina no c\u00e9rebro.<\/p>\n<p>Aumento da vitalidade e da vigil\u00e2ncia<\/p>\n<p>Como os cristais de bk-MDMA s\u00e3o estimulantes, podem tamb\u00e9m aumentar os n\u00edveis de alerta e de energia. Isto pode resultar numa menor necessidade de sono e numa maior atividade f\u00edsica. Tamb\u00e9m \u00e9 poss\u00edvel que os utilizadores percam o apetite. <a href=\"https:\/\/narcopowders.com\/pt\/\">Purchase MDMA USA<\/a><\/p>\n<p>A common side effect of <a href=\"https:\/\/duckduckgo.com\/?q=Buy+MDMA+Online&amp;t=h_&amp;ia=web\">bk-MDMA crystals<\/a> \u00e9 uma no\u00e7\u00e3o distorcida da realidade, do espa\u00e7o e do tempo. Os utilizadores podem notar melhorias nas cores e nos sons, bem como altera\u00e7\u00f5es na perce\u00e7\u00e3o da realidade, dificultando a distin\u00e7\u00e3o entre o real e o falso.<\/p>\n<h3>Repercuss\u00f5es adversas<\/h3>\n<p>Embora a utiliza\u00e7\u00e3o de cristais bk-MDMA possa ter vantagens, os utilizadores devem estar cientes de que tamb\u00e9m pode haver inconvenientes. Estes podem consistir em:<\/p>\n<ul>\n<li>Aumento do ritmo card\u00edaco e da press\u00e3o arterial<\/li>\n<li>N\u00e1useas e v\u00f3mitos<\/li>\n<li>Tens\u00e3o muscular e cerramento do maxilar<\/li>\n<li>Ansiedade e ataques de p\u00e2nico<\/li>\n<li>Ins\u00f3nia<\/li>\n<li>Desidrata\u00e7\u00e3o<\/li>\n<li>Dores de cabe\u00e7a<\/li>\n<li>Perda de apetite<\/li>\n<li>Dificuldade de concentra\u00e7\u00e3o<\/li>\n<li>Problemas de mem\u00f3ria<\/li>\n<\/ul>","protected":false},"excerpt":{"rendered":"<p>Buy MDMA: What is it? Chemically speaking, bk-MDMA is a synthetic substance that resembles MDMA. It is commonly marketed as an injectable, inhaled, or oral powder that is white or off-white in color. Although it is frequently promoted as a \u201clegal high\u201d or an alternative to MDMA, it is crucial to remember that it is [&hellip;]<\/p>","protected":false},"featured_media":21294,"comment_status":"open","ping_status":"closed","template":"","meta":{"_joinchat":[]},"product_brand":[],"product_cat":[1724],"product_tag":[],"class_list":{"0":"post-20812","1":"product","2":"type-product","3":"status-publish","4":"has-post-thumbnail","6":"product_cat-research-chemicals","8":"first","9":"instock","10":"shipping-taxable","11":"purchasable","12":"product-type-variable","13":"add-to-wishlist-after_add_to_cart"},"yoast_head":"<!-- This site is optimized with the Yoast SEO plugin v25.9 - https:\/\/yoast.com\/wordpress\/plugins\/seo\/ -->\n<title>Buy MDMA Online - MDMA for Sale Online | NarcoPowders<\/title>\n<meta name=\"description\" content=\"Do you want to buy MDMA online from a trustable chemical store? NarcoPowders is the best place to order MDMA online, MDMA for sale online legally.\" \/>\n<meta name=\"robots\" content=\"index, follow, max-snippet:-1, max-image-preview:large, max-video-preview:-1\" \/>\n<link rel=\"canonical\" href=\"https:\/\/narcopowders.com\/pt\/produto\/buy-mdma-online\/\" \/>\n<meta property=\"og:locale\" content=\"pt_PT\" \/>\n<meta property=\"og:type\" content=\"article\" \/>\n<meta property=\"og:title\" content=\"Buy MDMA Online - MDMA for Sale Online | NarcoPowders\" \/>\n<meta property=\"og:description\" content=\"Do you want to buy MDMA online from a trustable chemical store? NarcoPowders is the best place to order MDMA online, MDMA for sale online legally.\" \/>\n<meta property=\"og:url\" content=\"https:\/\/narcopowders.com\/pt\/produto\/buy-mdma-online\/\" \/>\n<meta property=\"og:site_name\" content=\"Narco Powders\" \/>\n<meta property=\"article:modified_time\" content=\"2025-03-26T12:41:03+00:00\" \/>\n<meta property=\"og:image\" content=\"https:\/\/narcopowders.com\/wp-content\/uploads\/2024\/05\/MDMA.gif\" \/>\n\t<meta property=\"og:image:width\" content=\"600\" \/>\n\t<meta property=\"og:image:height\" content=\"600\" \/>\n\t<meta property=\"og:image:type\" content=\"image\/gif\" \/>\n<meta name=\"twitter:card\" content=\"summary_large_image\" \/>\n<meta name=\"twitter:label1\" content=\"Tempo estimado de leitura\" \/>\n\t<meta name=\"twitter:data1\" content=\"2 minutos\" \/>\n<!-- \/ Yoast SEO plugin. -->","yoast_head_json":{"title":"Comprar MDMA Online - MDMA para venda online | NarcoPowders","description":"Quer comprar MDMA online numa loja de produtos qu\u00edmicos de confian\u00e7a? NarcoPowders \u00e9 o melhor s\u00edtio para encomendar MDMA online, MDMA para venda online legalmente.","robots":{"index":"index","follow":"follow","max-snippet":"max-snippet:-1","max-image-preview":"max-image-preview:large","max-video-preview":"max-video-preview:-1"},"canonical":"https:\/\/narcopowders.com\/pt\/produto\/buy-mdma-online\/","og_locale":"pt_PT","og_type":"article","og_title":"Buy MDMA Online - MDMA for Sale Online | NarcoPowders","og_description":"Do you want to buy MDMA online from a trustable chemical store? NarcoPowders is the best place to order MDMA online, MDMA for sale online legally.","og_url":"https:\/\/narcopowders.com\/pt\/produto\/buy-mdma-online\/","og_site_name":"Narco Powders","article_modified_time":"2025-03-26T12:41:03+00:00","og_image":[{"width":600,"height":600,"url":"https:\/\/narcopowders.com\/wp-content\/uploads\/2024\/05\/MDMA.gif","type":"image\/gif"}],"twitter_card":"summary_large_image","twitter_misc":{"Tempo estimado de leitura":"2 minutos"},"schema":{"@context":"https:\/\/schema.org","@graph":[{"@type":"WebPage","@id":"https:\/\/narcopowders.com\/product\/buy-mdma-online\/","url":"https:\/\/narcopowders.com\/product\/buy-mdma-online\/","name":"Comprar MDMA Online - MDMA para venda online | NarcoPowders","isPartOf":{"@id":"https:\/\/narcopowders.com\/#website"},"primaryImageOfPage":{"@id":"https:\/\/narcopowders.com\/product\/buy-mdma-online\/#primaryimage"},"image":{"@id":"https:\/\/narcopowders.com\/product\/buy-mdma-online\/#primaryimage"},"thumbnailUrl":"https:\/\/narcopowders.com\/wp-content\/uploads\/2024\/05\/MDMA.gif","datePublished":"2024-05-23T06:15:37+00:00","dateModified":"2025-03-26T12:41:03+00:00","description":"Quer comprar MDMA online numa loja de produtos qu\u00edmicos de confian\u00e7a? NarcoPowders \u00e9 o melhor s\u00edtio para encomendar MDMA online, MDMA para venda online legalmente.","breadcrumb":{"@id":"https:\/\/narcopowders.com\/product\/buy-mdma-online\/#breadcrumb"},"inLanguage":"pt-PT","potentialAction":[{"@type":"ReadAction","target":["https:\/\/narcopowders.com\/product\/buy-mdma-online\/"]}]},{"@type":"ImageObject","inLanguage":"pt-PT","@id":"https:\/\/narcopowders.com\/product\/buy-mdma-online\/#primaryimage","url":"https:\/\/narcopowders.com\/wp-content\/uploads\/2024\/05\/MDMA.gif","contentUrl":"https:\/\/narcopowders.com\/wp-content\/uploads\/2024\/05\/MDMA.gif","width":600,"height":600,"caption":"Buy MDMA Online"},{"@type":"BreadcrumbList","@id":"https:\/\/narcopowders.com\/product\/buy-mdma-online\/#breadcrumb","itemListElement":[{"@type":"ListItem","position":1,"name":"Home","item":"https:\/\/narcopowders.com\/"},{"@type":"ListItem","position":2,"name":"Shop Page","item":"https:\/\/narcopowders.com\/shop\/"},{"@type":"ListItem","position":3,"name":"Buy MDMA Online"}]},{"@type":"WebSite","@id":"https:\/\/narcopowders.com\/#website","url":"https:\/\/narcopowders.com\/","name":"P\u00f3s de narc\u00f3ticos","description":"O meu blogue WordPress","potentialAction":[{"@type":"SearchAction","target":{"@type":"EntryPoint","urlTemplate":"https:\/\/narcopowders.com\/?s={search_term_string}"},"query-input":{"@type":"PropertyValueSpecification","valueRequired":true,"valueName":"search_term_string"}}],"inLanguage":"pt-PT"}]}},"_links":{"self":[{"href":"https:\/\/narcopowders.com\/pt\/wp-json\/wp\/v2\/product\/20812","targetHints":{"allow":["GET"]}}],"collection":[{"href":"https:\/\/narcopowders.com\/pt\/wp-json\/wp\/v2\/product"}],"about":[{"href":"https:\/\/narcopowders.com\/pt\/wp-json\/wp\/v2\/types\/product"}],"replies":[{"embeddable":true,"href":"https:\/\/narcopowders.com\/pt\/wp-json\/wp\/v2\/comments?post=20812"}],"wp:featuredmedia":[{"embeddable":true,"href":"https:\/\/narcopowders.com\/pt\/wp-json\/wp\/v2\/media\/21294"}],"wp:attachment":[{"href":"https:\/\/narcopowders.com\/pt\/wp-json\/wp\/v2\/media?parent=20812"}],"wp:term":[{"taxonomy":"product_brand","embeddable":true,"href":"https:\/\/narcopowders.com\/pt\/wp-json\/wp\/v2\/product_brand?post=20812"},{"taxonomy":"product_cat","embeddable":true,"href":"https:\/\/narcopowders.com\/pt\/wp-json\/wp\/v2\/product_cat?post=20812"},{"taxonomy":"product_tag","embeddable":true,"href":"https:\/\/narcopowders.com\/pt\/wp-json\/wp\/v2\/product_tag?post=20812"}],"curies":[{"name":"wp","href":"https:\/\/api.w.org\/{rel}","templated":true}]}}