{"id":20923,"date":"2024-05-23T06:16:11","date_gmt":"2024-05-23T06:16:11","guid":{"rendered":"https:\/\/narcopowders.com\/?post_type=product&#038;p=20923"},"modified":"2024-05-24T05:50:28","modified_gmt":"2024-05-24T05:50:28","slug":"buy-2fdck-online","status":"publish","type":"product","link":"https:\/\/narcopowders.com\/pt\/produto\/comprar-2fdck-online\/","title":{"rendered":"Comprar 2FDCK Online"},"content":{"rendered":"<h2>Comprar 2-FDCK da NarcoPowders Online<\/h2>\n<p>Compre 2-FDCK online, o anest\u00e9sico dissociativo 2-Fl-2\u2032-Oxo-PCM tamb\u00e9m \u00e9 conhecido como 2-FDCK, Fluorocetamina e 2-Fl-2\u2032-Oxo-PCM. \u00c9 o equivalente \u00e0 base de fl\u00faor da cetamina sem o grupo cloro. Comprar 2-FDCK online<\/p>\n<p>O novo medicamento dissociativo da classe das arilciclohexilaminas 2-Fl-2\u2032-Oxo-PCM \u00e9 tamb\u00e9m conhecido como 2-Fluorodesclorocetamina, 2-FDCK, e erradamente como 2-Flurocetamina, Fluorocetamina e 2-FDCK<a href=\"https:\/\/narcopowders.com\/pt\/product\/5f-mdp\/\">.<\/a><\/p>\n<p>Do ponto de vista qu\u00edmico, a cetamina e a desclorocetamina est\u00e3o relacionadas (DCK). Apesar da escassez de estudos, pensa-se que funciona como um antagonista dos receptores NMDA. A estrutura das arilciclohexilaminas, como o 2-FDCK, baseia-se na liga\u00e7\u00e3o de um grupo amina e de um anel arom\u00e1tico a um anel ciclo-hexano.<\/p>\n<p>NarcoPowders \u00e9 a melhor op\u00e7\u00e3o se deseja comprar 2-FDCK online!<\/p>\n<h3>Como \u00e9 que se compra o 2fdck?<\/h3>\n<p>A nossa interface de utilizador \u00e9 incrivelmente r\u00e1pida, f\u00e1cil de utilizar e eficaz. Como oferecemos entregas em todos os pa\u00edses, qualquer pessoa pode comprar o produto em qualquer lugar. Temos anos de experi\u00eancia no sector qu\u00edmico e somos o fornecedor leg\u00edtimo e fi\u00e1vel da 2FDCK. Basta iniciar sess\u00e3o no nosso s\u00edtio Web, procurar o artigo, adicion\u00e1-lo ao seu cesto de compras e finalizar a compra. Tudo o que voc\u00ea precisa fazer \u00e9 nos fornecer algumas informa\u00e7\u00f5es, como seu endere\u00e7o ou o local onde deseja que seja entregue, e n\u00f3s o transportaremos com seguran\u00e7a para l\u00e1 enquanto conclu\u00edmos a transa\u00e7\u00e3o necess\u00e1ria. Comprar 2fdck nos EUA.<\/p>\n<h3>Qual \u00e9 a idade ideal para efetuar compras online de 2fdck?<\/h3>\n<p>Para comprar 2fdck online, tem de ter pelo menos 18 anos de idade. Estamos acess\u00edveis para o servi\u00e7o ao cliente. 24\/7 e um ano inteiro para o ajudar e responder \u00e0s suas perguntas. Compre 2fdck com desconto.<\/p>\n<h3>Que vantagens oferece o 2fdck?<\/h3>\n<ul>\n<li>pode ser \u00fatil para reduzir momentaneamente a ansiedade, a tens\u00e3o e a tristeza.<\/li>\n<li>Ajuda a prevenir o suic\u00eddio, uma vez que actua instantaneamente.<\/li>\n<li>ben\u00e9fico para refor\u00e7ar a neuroplasticidade<\/li>\n<\/ul>\n<h3>Que consequ\u00eancias tem o 2fdck?<\/h3>\n<ul>\n<li>pode provocar neurotoxicidade se for tomado com frequ\u00eancia.<\/li>\n<li>podem prejudicar a sua mem\u00f3ria se forem utilizados com mais frequ\u00eancia ou regularmente.<\/li>\n<li>pode prejudicar os rins.<\/li>\n<\/ul>\n<p>Cuidar do seu 2-FDCK<\/p>\n<p>Sugerimos vivamente a utiliza\u00e7\u00e3o de precau\u00e7\u00f5es adicionais ao manusear o cloridrato de 2-FDCK, tais como a utiliza\u00e7\u00e3o de luvas ou de uma m\u00e1scara FFP-2.<\/p>\n<h3>Onde \u00e9 que \u00e9 legal comprar 2-FDCK online?<\/h3>\n<p>NarcoPowders \u00e9 um site onde vendemos produtos qu\u00edmicos de investiga\u00e7\u00e3o como o 2-FDCK. Cada uma das nossas subst\u00e2ncias de investiga\u00e7\u00e3o \u00e9 examinada e avaliada antes de ser posta \u00e0 venda. Este \u00e9 o \u00fanico m\u00e9todo para garantir a melhor qualidade poss\u00edvel para o nosso 2-FDCK.<\/p>\n<p>N\u00e3o hesite em contactar-nos se precisar dos resultados ou de qualquer outra ajuda. 2. A \u00fanica variedade de FDCK que vendemos \u00e9 em p\u00f3, embora tenhamos vers\u00f5es em blotter e pellets de v\u00e1rios outros compostos de investiga\u00e7\u00e3o.<\/p>\n<p>Temos uma vasta escolha de produtos altamente eficazes para satisfazer as suas necessidades de produtos qu\u00edmicos para investiga\u00e7\u00e3o. A nossa empresa \u00e9 uma das maiores fornecedoras de produtos qu\u00edmicos para investiga\u00e7\u00e3o do mundo. Encomende 2-FDCK online e receba a sua encomenda o mais rapidamente poss\u00edvel, Comprar 2-FDCK Online.<\/p>","protected":false},"excerpt":{"rendered":"<p>A 2-fluorodesclorocetamina (tamb\u00e9m conhecida por 2\u2032-Fl-2-Oxo-PCM, fluorocetamina e 2-FDCK) \u00e9 um anest\u00e9sico dissociativo semelhante \u00e0 cetamina. A sua venda e utiliza\u00e7\u00e3o como droga de marca foi documentada em v\u00e1rios pa\u00edses.<\/p>\n<p>O metabolismo do 2-FDCK \u00e9 semelhante ao da cetamina: as enzimas CYP2B6 e CYP3A4, esta \u00faltima em menor grau, convertem o 2-FDCK em Nor-2FDCK atrav\u00e9s da N-desmetila\u00e7\u00e3o. Este \u00e9 subsequentemente metabolizado em desidronor-2FDCK pelo CYP2B6 ou em hidroxinor-2FDCK pelo CYP2A6 e CYP2B6.<\/p>","protected":false},"featured_media":21242,"comment_status":"open","ping_status":"closed","template":"","meta":{"_joinchat":[]},"product_brand":[],"product_cat":[1538],"product_tag":[],"class_list":{"0":"post-20923","1":"product","2":"type-product","3":"status-publish","4":"has-post-thumbnail","6":"product_cat-cannabinoids","8":"first","9":"instock","10":"shipping-taxable","11":"purchasable","12":"product-type-variable","13":"add-to-wishlist-after_add_to_cart"},"yoast_head":"<!-- This site is optimized with the Yoast SEO plugin v25.9 - https:\/\/yoast.com\/wordpress\/plugins\/seo\/ -->\n<title>Buy 2-FDCK Online - Narco Powders<\/title>\n<meta name=\"description\" content=\"Buy 2-FDCK Online, Looking to Order 2fdck ? Look no further than narcopowders.! As a trusted supplier of research chemicals, we offer premium-grade 2fdck.\" \/>\n<meta name=\"robots\" content=\"index, follow, max-snippet:-1, max-image-preview:large, max-video-preview:-1\" \/>\n<link rel=\"canonical\" href=\"https:\/\/narcopowders.com\/pt\/produto\/comprar-2fdck-online\/\" \/>\n<meta property=\"og:locale\" content=\"pt_PT\" \/>\n<meta property=\"og:type\" content=\"article\" \/>\n<meta property=\"og:title\" content=\"Buy 2-FDCK Online - Narco Powders\" \/>\n<meta property=\"og:description\" content=\"Buy 2-FDCK Online, Looking to Order 2fdck ? Look no further than narcopowders.! As a trusted supplier of research chemicals, we offer premium-grade 2fdck.\" \/>\n<meta property=\"og:url\" content=\"https:\/\/narcopowders.com\/pt\/produto\/comprar-2fdck-online\/\" \/>\n<meta property=\"og:site_name\" content=\"Narco Powders\" \/>\n<meta property=\"article:modified_time\" content=\"2024-05-24T05:50:28+00:00\" \/>\n<meta property=\"og:image\" content=\"https:\/\/narcopowders.com\/wp-content\/uploads\/2024\/05\/2fdck.gif\" \/>\n\t<meta property=\"og:image:width\" content=\"600\" \/>\n\t<meta property=\"og:image:height\" content=\"600\" \/>\n\t<meta property=\"og:image:type\" content=\"image\/gif\" \/>\n<meta name=\"twitter:card\" content=\"summary_large_image\" \/>\n<meta name=\"twitter:label1\" content=\"Tempo estimado de leitura\" \/>\n\t<meta name=\"twitter:data1\" content=\"3 minutos\" \/>\n<!-- \/ Yoast SEO plugin. -->","yoast_head_json":{"title":"Comprar 2-FDCK Online - Narco Powders","description":"Comprar 2-FDCK Online, quer encomendar 2fdck? N\u00e3o procure mais do que narcopowders! Como um fornecedor de confian\u00e7a de qu\u00edmicos de investiga\u00e7\u00e3o, oferecemos 2fdck de qualidade superior.","robots":{"index":"index","follow":"follow","max-snippet":"max-snippet:-1","max-image-preview":"max-image-preview:large","max-video-preview":"max-video-preview:-1"},"canonical":"https:\/\/narcopowders.com\/pt\/produto\/comprar-2fdck-online\/","og_locale":"pt_PT","og_type":"article","og_title":"Buy 2-FDCK Online - Narco Powders","og_description":"Buy 2-FDCK Online, Looking to Order 2fdck ? Look no further than narcopowders.! As a trusted supplier of research chemicals, we offer premium-grade 2fdck.","og_url":"https:\/\/narcopowders.com\/pt\/produto\/comprar-2fdck-online\/","og_site_name":"Narco Powders","article_modified_time":"2024-05-24T05:50:28+00:00","og_image":[{"width":600,"height":600,"url":"https:\/\/narcopowders.com\/wp-content\/uploads\/2024\/05\/2fdck.gif","type":"image\/gif"}],"twitter_card":"summary_large_image","twitter_misc":{"Tempo estimado de leitura":"3 minutos"},"schema":{"@context":"https:\/\/schema.org","@graph":[{"@type":"WebPage","@id":"https:\/\/narcopowders.com\/product\/buy-2fdck-online\/","url":"https:\/\/narcopowders.com\/product\/buy-2fdck-online\/","name":"Comprar 2-FDCK Online - Narco Powders","isPartOf":{"@id":"https:\/\/narcopowders.com\/#website"},"primaryImageOfPage":{"@id":"https:\/\/narcopowders.com\/product\/buy-2fdck-online\/#primaryimage"},"image":{"@id":"https:\/\/narcopowders.com\/product\/buy-2fdck-online\/#primaryimage"},"thumbnailUrl":"https:\/\/narcopowders.com\/wp-content\/uploads\/2024\/05\/2fdck.gif","datePublished":"2024-05-23T06:16:11+00:00","dateModified":"2024-05-24T05:50:28+00:00","description":"Comprar 2-FDCK Online, quer encomendar 2fdck? N\u00e3o procure mais do que narcopowders! Como um fornecedor de confian\u00e7a de qu\u00edmicos de investiga\u00e7\u00e3o, oferecemos 2fdck de qualidade superior.","breadcrumb":{"@id":"https:\/\/narcopowders.com\/product\/buy-2fdck-online\/#breadcrumb"},"inLanguage":"pt-PT","potentialAction":[{"@type":"ReadAction","target":["https:\/\/narcopowders.com\/product\/buy-2fdck-online\/"]}]},{"@type":"ImageObject","inLanguage":"pt-PT","@id":"https:\/\/narcopowders.com\/product\/buy-2fdck-online\/#primaryimage","url":"https:\/\/narcopowders.com\/wp-content\/uploads\/2024\/05\/2fdck.gif","contentUrl":"https:\/\/narcopowders.com\/wp-content\/uploads\/2024\/05\/2fdck.gif","width":600,"height":600,"caption":"Buy 2fdck Online"},{"@type":"BreadcrumbList","@id":"https:\/\/narcopowders.com\/product\/buy-2fdck-online\/#breadcrumb","itemListElement":[{"@type":"ListItem","position":1,"name":"Home","item":"https:\/\/narcopowders.com\/"},{"@type":"ListItem","position":2,"name":"Shop Page","item":"https:\/\/narcopowders.com\/shop\/"},{"@type":"ListItem","position":3,"name":"Buy 2FDCK Online"}]},{"@type":"WebSite","@id":"https:\/\/narcopowders.com\/#website","url":"https:\/\/narcopowders.com\/","name":"P\u00f3s de narc\u00f3ticos","description":"O meu blogue WordPress","potentialAction":[{"@type":"SearchAction","target":{"@type":"EntryPoint","urlTemplate":"https:\/\/narcopowders.com\/?s={search_term_string}"},"query-input":{"@type":"PropertyValueSpecification","valueRequired":true,"valueName":"search_term_string"}}],"inLanguage":"pt-PT"}]}},"_links":{"self":[{"href":"https:\/\/narcopowders.com\/pt\/wp-json\/wp\/v2\/product\/20923","targetHints":{"allow":["GET"]}}],"collection":[{"href":"https:\/\/narcopowders.com\/pt\/wp-json\/wp\/v2\/product"}],"about":[{"href":"https:\/\/narcopowders.com\/pt\/wp-json\/wp\/v2\/types\/product"}],"replies":[{"embeddable":true,"href":"https:\/\/narcopowders.com\/pt\/wp-json\/wp\/v2\/comments?post=20923"}],"wp:featuredmedia":[{"embeddable":true,"href":"https:\/\/narcopowders.com\/pt\/wp-json\/wp\/v2\/media\/21242"}],"wp:attachment":[{"href":"https:\/\/narcopowders.com\/pt\/wp-json\/wp\/v2\/media?parent=20923"}],"wp:term":[{"taxonomy":"product_brand","embeddable":true,"href":"https:\/\/narcopowders.com\/pt\/wp-json\/wp\/v2\/product_brand?post=20923"},{"taxonomy":"product_cat","embeddable":true,"href":"https:\/\/narcopowders.com\/pt\/wp-json\/wp\/v2\/product_cat?post=20923"},{"taxonomy":"product_tag","embeddable":true,"href":"https:\/\/narcopowders.com\/pt\/wp-json\/wp\/v2\/product_tag?post=20923"}],"curies":[{"name":"wp","href":"https:\/\/api.w.org\/{rel}","templated":true}]}}