{"id":21031,"date":"2024-05-23T06:16:45","date_gmt":"2024-05-23T06:16:45","guid":{"rendered":"https:\/\/narcopowders.com\/?post_type=product&#038;p=21031"},"modified":"2024-05-24T09:48:18","modified_gmt":"2024-05-24T09:48:18","slug":"buy-5cakb-48-online","status":"publish","type":"product","link":"https:\/\/narcopowders.com\/pt\/produto\/buy-5cakb-48-online\/","title":{"rendered":"Comprar 5CAKB-48 online"},"content":{"rendered":"<h2><strong>Comprar 5CAKB-48 online<\/strong><\/h2>\n<p>Comprar 5CAKB-48, uma vers\u00e3o mais forte do AKB-48 que interage com os receptores canabin\u00f3ides e \u00e9 um ingrediente principal em muitas misturas artificiais de can\u00e1bis. Por ter um grupo indazol substitu\u00eddo, o 5F-AKB48, tamb\u00e9m conhecido como N-(adamantan-1-il)-1-(5-fluoropentil)-1H-indazol-3-carboxamida, \u00e9 um canabin\u00f3ide indazol sint\u00e9tico<a href=\"https:\/\/narcopowders.com\/pt\/product-category\/cannabinoids\/\">.<\/a><\/p>\n<p>\u00c0 semelhan\u00e7a do 5F-PB-22, esta fra\u00e7\u00e3o de indazol \u00e9 substitu\u00edda em R1 por uma cadeia de fluoropentilo. Um grupo carboxamida \u00e9 tamb\u00e9m adicionado ao indazol na posi\u00e7\u00e3o R3. Este grupo carboxamida tem um grupo adamantano N-substitu\u00eddo no seu grupo amina terminal. Este grupo tem uma estrutura especial conhecida como diamond\u00f3ide, que \u00e9 constitu\u00edda por quatro an\u00e9is de ciclo-hexano fundidos. Uma base de indazol \u00e9 utilizada no 5F-AKB48, um hom\u00f3logo do STS-135, para substituir a estrutura principal do indol.<\/p>\n<p>Comprar online 5CAKB-48 Com base na investiga\u00e7\u00e3o estrutural, presume-se que o 5F-AKB48 partilha muitas das caracter\u00edsticas in vivo do \u03949-THC e tem um perfil de liga\u00e7\u00e3o semelhante ao de outros canabin\u00f3ides, embora n\u00e3o tenha sido totalmente examinado. Mas ainda n\u00e3o se sabe ao certo o que estas interac\u00e7\u00f5es incluem e como contribuem para a sensa\u00e7\u00e3o de estar pedrado com a can\u00e1bis<a href=\"https:\/\/en.wikipedia.org\/wiki\/Synthetic_cannabinoids#Synthetic_cannabinoid_products\">.<\/a><\/p>\n<p>Comprar online 5F-AKB48 Os efeitos listados abaixo s\u00e3o derivados das experi\u00eancias dos pr\u00f3prios autores e do \u00edndice de efeitos subjectivos no PsychonautWiki. \u00c9 importante notar que n\u00e3o \u00e9 garantido que os efeitos indicados ocorram todos de uma vez e devem ser considerados com cautela. No entanto, dosagens mais elevadas aumentam a probabilidade e aumentam a probabilidade de experimentar toda a gama de sintomas.<\/p>\n<p>O 5C-AKB48 \u00e9 adequado para investiga\u00e7\u00f5es semelhantes sobre o modo como os agonistas proibidos afectam os receptores CB2. O 5C-AKB48 \u00e9 fornecido pela BAC apenas para fins de investiga\u00e7\u00e3o. N\u00e3o se destina ao consumo humano ou a utiliza\u00e7\u00e3o recreativa. Este s\u00edtio Web destina-se exclusivamente a utilizadores adultos. \u00c9 necess\u00e1rio que os visitantes deste s\u00edtio Web tenham pelo menos 18 anos de idade. Ningu\u00e9m com idade inferior a dezoito anos pode comprar qualquer um dos nossos produtos.<\/p>\n<p>Comprar 5F-AKB48 Online Garantimos a mais elevada qualidade em todas as encomendas, entregues em qualquer parte do mundo, gra\u00e7as \u00e0 nossa equipa de investiga\u00e7\u00e3o e desenvolvimento e aos nossos rigorosos procedimentos de controlo de qualidade. Em primeiro lugar e acima de tudo, clientes e reputa\u00e7\u00e3o em todos os momentos. Com a nossa qualidade superior, mas tamb\u00e9m para a credibilidade, ap\u00f3s o que podemos efetivamente estabelecer uma conex\u00e3o mutuamente ben\u00e9fica a longo prazo.<\/p>\n<p>Comprar 5F-AKB48 Online Nosso objetivo \u00e9 fornecer a mais ampla gama de produtos qu\u00edmicos de pesquisa de alta qualidade, CANNABINOID, CANNABIS-MARIJUANA e Sais, com foco em sua grande qualidade, valor not\u00e1vel e nosso excecional servi\u00e7o ao cliente. Trabalhamos arduamente para ajudar os nossos clientes de todas as formas que pudermos, porque realmente pensamos que a sua satisfa\u00e7\u00e3o \u00e9 essencial para o sucesso do nosso neg\u00f3cio. excelente qualidade e s\u00f3lida reputa\u00e7\u00e3o, ganhamos o mercado, Buy 5CAKB-48.<br \/>\nOs nossos clientes compram-nos bens por mais do que apenas pre\u00e7os justos.<\/p>","protected":false},"excerpt":{"rendered":"<p>Purchase 5CAKB-48 Online Buy 5CAKB-48, a stronger version of AKB-48 that interacts with cannabinoid receptors and is a main ingredient in a lot of artificial cannabis mixes. Because it has a substituted indazole group, 5F-AKB48, also known as N-(adamantan-1-yl)-1-(5-fluoropentyl)-1H-indazole-3-carboxamide, is a synthetic indazole cannabinoid. Similar to 5F-PB-22, this indazole moiety is replaced at R1 with [&hellip;]<\/p>","protected":false},"featured_media":21270,"comment_status":"open","ping_status":"closed","template":"","meta":{"_joinchat":[]},"product_brand":[],"product_cat":[1538],"product_tag":[],"class_list":{"0":"post-21031","1":"product","2":"type-product","3":"status-publish","4":"has-post-thumbnail","6":"product_cat-cannabinoids","8":"first","9":"instock","10":"shipping-taxable","11":"purchasable","12":"product-type-variable","13":"add-to-wishlist-after_add_to_cart"},"yoast_head":"<!-- This site is optimized with the Yoast SEO plugin v25.9 - https:\/\/yoast.com\/wordpress\/plugins\/seo\/ -->\n<title>Buy 5CAKB-48<\/title>\n<meta name=\"description\" content=\"Buy 5CAKB-48, If you are looking for 5F-AKB48 powder, 5F-APINACA or AKB-48F then you have come to the right place! 5C-AKB48 is a synthetic cannabinoid.\" \/>\n<meta name=\"robots\" content=\"index, follow, max-snippet:-1, max-image-preview:large, max-video-preview:-1\" \/>\n<link rel=\"canonical\" href=\"https:\/\/narcopowders.com\/pt\/produto\/buy-5cakb-48-online\/\" \/>\n<meta property=\"og:locale\" content=\"pt_PT\" \/>\n<meta property=\"og:type\" content=\"article\" \/>\n<meta property=\"og:title\" content=\"Buy 5CAKB-48\" \/>\n<meta property=\"og:description\" content=\"Buy 5CAKB-48, If you are looking for 5F-AKB48 powder, 5F-APINACA or AKB-48F then you have come to the right place! 5C-AKB48 is a synthetic cannabinoid.\" \/>\n<meta property=\"og:url\" content=\"https:\/\/narcopowders.com\/pt\/produto\/buy-5cakb-48-online\/\" \/>\n<meta property=\"og:site_name\" content=\"Narco Powders\" \/>\n<meta property=\"article:modified_time\" content=\"2024-05-24T09:48:18+00:00\" \/>\n<meta property=\"og:image\" content=\"https:\/\/narcopowders.com\/wp-content\/uploads\/2024\/05\/5cakb48.gif\" \/>\n\t<meta property=\"og:image:width\" content=\"600\" \/>\n\t<meta property=\"og:image:height\" content=\"600\" \/>\n\t<meta property=\"og:image:type\" content=\"image\/gif\" \/>\n<meta name=\"twitter:card\" content=\"summary_large_image\" \/>\n<meta name=\"twitter:label1\" content=\"Tempo estimado de leitura\" \/>\n\t<meta name=\"twitter:data1\" content=\"3 minutos\" \/>\n<!-- \/ Yoast SEO plugin. -->","yoast_head_json":{"title":"Comprar 5CAKB-48","description":"Comprar 5CAKB-48, Se est\u00e1 \u00e0 procura de p\u00f3 5F-AKB48, 5F-APINACA ou AKB-48F ent\u00e3o veio ao s\u00edtio certo! O 5C-AKB48 \u00e9 um canabin\u00f3ide sint\u00e9tico.","robots":{"index":"index","follow":"follow","max-snippet":"max-snippet:-1","max-image-preview":"max-image-preview:large","max-video-preview":"max-video-preview:-1"},"canonical":"https:\/\/narcopowders.com\/pt\/produto\/buy-5cakb-48-online\/","og_locale":"pt_PT","og_type":"article","og_title":"Buy 5CAKB-48","og_description":"Buy 5CAKB-48, If you are looking for 5F-AKB48 powder, 5F-APINACA or AKB-48F then you have come to the right place! 5C-AKB48 is a synthetic cannabinoid.","og_url":"https:\/\/narcopowders.com\/pt\/produto\/buy-5cakb-48-online\/","og_site_name":"Narco Powders","article_modified_time":"2024-05-24T09:48:18+00:00","og_image":[{"width":600,"height":600,"url":"https:\/\/narcopowders.com\/wp-content\/uploads\/2024\/05\/5cakb48.gif","type":"image\/gif"}],"twitter_card":"summary_large_image","twitter_misc":{"Tempo estimado de leitura":"3 minutos"},"schema":{"@context":"https:\/\/schema.org","@graph":[{"@type":"WebPage","@id":"https:\/\/narcopowders.com\/product\/buy-5cakb-48-online\/","url":"https:\/\/narcopowders.com\/product\/buy-5cakb-48-online\/","name":"Comprar 5CAKB-48","isPartOf":{"@id":"https:\/\/narcopowders.com\/#website"},"primaryImageOfPage":{"@id":"https:\/\/narcopowders.com\/product\/buy-5cakb-48-online\/#primaryimage"},"image":{"@id":"https:\/\/narcopowders.com\/product\/buy-5cakb-48-online\/#primaryimage"},"thumbnailUrl":"https:\/\/narcopowders.com\/wp-content\/uploads\/2024\/05\/5cakb48.gif","datePublished":"2024-05-23T06:16:45+00:00","dateModified":"2024-05-24T09:48:18+00:00","description":"Comprar 5CAKB-48, Se est\u00e1 \u00e0 procura de p\u00f3 5F-AKB48, 5F-APINACA ou AKB-48F ent\u00e3o veio ao s\u00edtio certo! O 5C-AKB48 \u00e9 um canabin\u00f3ide sint\u00e9tico.","breadcrumb":{"@id":"https:\/\/narcopowders.com\/product\/buy-5cakb-48-online\/#breadcrumb"},"inLanguage":"pt-PT","potentialAction":[{"@type":"ReadAction","target":["https:\/\/narcopowders.com\/product\/buy-5cakb-48-online\/"]}]},{"@type":"ImageObject","inLanguage":"pt-PT","@id":"https:\/\/narcopowders.com\/product\/buy-5cakb-48-online\/#primaryimage","url":"https:\/\/narcopowders.com\/wp-content\/uploads\/2024\/05\/5cakb48.gif","contentUrl":"https:\/\/narcopowders.com\/wp-content\/uploads\/2024\/05\/5cakb48.gif","width":600,"height":600,"caption":"Buy 5CAKB-48 online"},{"@type":"BreadcrumbList","@id":"https:\/\/narcopowders.com\/product\/buy-5cakb-48-online\/#breadcrumb","itemListElement":[{"@type":"ListItem","position":1,"name":"Home","item":"https:\/\/narcopowders.com\/"},{"@type":"ListItem","position":2,"name":"Shop Page","item":"https:\/\/narcopowders.com\/shop\/"},{"@type":"ListItem","position":3,"name":"Buy 5CAKB-48 Online"}]},{"@type":"WebSite","@id":"https:\/\/narcopowders.com\/#website","url":"https:\/\/narcopowders.com\/","name":"P\u00f3s de narc\u00f3ticos","description":"O meu blogue WordPress","potentialAction":[{"@type":"SearchAction","target":{"@type":"EntryPoint","urlTemplate":"https:\/\/narcopowders.com\/?s={search_term_string}"},"query-input":{"@type":"PropertyValueSpecification","valueRequired":true,"valueName":"search_term_string"}}],"inLanguage":"pt-PT"}]}},"_links":{"self":[{"href":"https:\/\/narcopowders.com\/pt\/wp-json\/wp\/v2\/product\/21031","targetHints":{"allow":["GET"]}}],"collection":[{"href":"https:\/\/narcopowders.com\/pt\/wp-json\/wp\/v2\/product"}],"about":[{"href":"https:\/\/narcopowders.com\/pt\/wp-json\/wp\/v2\/types\/product"}],"replies":[{"embeddable":true,"href":"https:\/\/narcopowders.com\/pt\/wp-json\/wp\/v2\/comments?post=21031"}],"wp:featuredmedia":[{"embeddable":true,"href":"https:\/\/narcopowders.com\/pt\/wp-json\/wp\/v2\/media\/21270"}],"wp:attachment":[{"href":"https:\/\/narcopowders.com\/pt\/wp-json\/wp\/v2\/media?parent=21031"}],"wp:term":[{"taxonomy":"product_brand","embeddable":true,"href":"https:\/\/narcopowders.com\/pt\/wp-json\/wp\/v2\/product_brand?post=21031"},{"taxonomy":"product_cat","embeddable":true,"href":"https:\/\/narcopowders.com\/pt\/wp-json\/wp\/v2\/product_cat?post=21031"},{"taxonomy":"product_tag","embeddable":true,"href":"https:\/\/narcopowders.com\/pt\/wp-json\/wp\/v2\/product_tag?post=21031"}],"curies":[{"name":"wp","href":"https:\/\/api.w.org\/{rel}","templated":true}]}}