{"id":21168,"date":"2024-05-23T06:17:24","date_gmt":"2024-05-23T06:17:24","guid":{"rendered":"https:\/\/narcopowders.com\/?post_type=product&#038;p=21168"},"modified":"2025-03-25T11:53:53","modified_gmt":"2025-03-25T11:53:53","slug":"buy-cocaine-online","status":"publish","type":"product","link":"https:\/\/narcopowders.com\/pt\/produto\/kaufen-cocaine-online\/","title":{"rendered":"Compre Coca\u00edna Online"},"content":{"rendered":"<h2><strong>Comprar coca\u00edna em p\u00f3 online<\/strong><\/h2>\n<p><a href=\"https:\/\/narcopowders.com\/pt\/product\/kaufen-cocaine-online\/\">Comprar COCA\u00cdNA Online<\/a>A forma mais popular de <a href=\"https:\/\/narcopowders.com\/pt\/\">Comprar Nembutal \u00e9 coca\u00edna em p\u00f3<\/a>. Por esse motivo, tamb\u00e9m \u00e9 chamada de droga de rua. As plantas de coca, encontradas principalmente nos pa\u00edses do sul, s\u00e3o utilizadas para fazer este p\u00f3.<\/p>\n<p>\u00c9 um estimulante poderoso que actua diretamente no c\u00e9rebro central, curando uma variedade de doen\u00e7as. As subst\u00e2ncias qu\u00edmicas espec\u00edficas do c\u00e9rebro s\u00e3o refor\u00e7adas por este estimulante, permitindo que o sistema de \u00f3rg\u00e3os humanos responda conforme necess\u00e1rio. Devido aos seus in\u00fameros benef\u00edcios, \u00e9 o tipo de coca\u00edna mais utilizado em todo o mundo. <a href=\"https:\/\/en.wikipedia.org\/wiki\/Cocaine\">coca\u00edna<\/a> worldwide .<\/p>\n<h3><strong>Em compara\u00e7\u00e3o com outro tipo de coca\u00edna, a coca\u00edna em p\u00f3. Como utilizar a coca\u00edna em p\u00f3<\/strong><\/h3>\n<p>A coca\u00edna em p\u00f3 tamb\u00e9m tem benef\u00edcios fora do corpo humano. No entanto, a principal raz\u00e3o da sua popularidade \u00e9 o facto de ser menos perigosa para a sa\u00fade. Para ser utilizada, \u00e9 frequentemente combinada com outros medicamentos profissionais, como o talco, o fentanil, etc. No entanto, se for combinado com fentanil sem supervis\u00e3o, pode ser perigoso para a sa\u00fade. <a href=\"https:\/\/www.google.com\/search?q=Buy+cocaine+powder+online&amp;sca_esv=7d1b82273738a5db&amp;sxsrf=AHTn8zrpCV8se75n1P5zO_BMxsJNg31gNg%3A1742902621086&amp;ei=XZXiZ7r8BIuQseMPh-T8gAk&amp;ved=0ahUKEwj6nu6ckqWMAxULSGwGHQcyH5AQ4dUDCA8&amp;uact=5&amp;oq=Buy+cocaine+powder+online&amp;gs_lp=Egxnd3Mtd2l6LXNlcnAiGUJ1eSBjb2NhaW5lIHBvd2RlciBvbmxpbmVI1QpQ2ANY2ANwAXgAkAEAmAG9AaABvQGqAQMwLjG4AQPIAQD4AQH4AQKYAgGgAjmoAhTCAgcQIxgnGOoCwgIQEAAYAxi0AhjqAhiPAdgBAZgDOfEFP9FMYW7Zscm6BgYIARABGAqSBwExoAdNsgcAuAcA&amp;sclient=gws-wiz-serp\">pode ser perigoso para a sua sa\u00fade<\/a>.<\/p>\n<p>Por conseguinte, antes de utilizar um pr\u00f3-medicamento t\u00e3o eficaz, este deve ser controlado. As pessoas utilizam esta subst\u00e2ncia em p\u00f3 de v\u00e1rias formas, como inject\u00e1-la diretamente numa veia ou fum\u00e1-la como um cigarro. A melhor t\u00e9cnica a utilizar depende das circunst\u00e2ncias f\u00edsicas e mentais \u00fanicas de cada indiv\u00edduo.<\/p>\n<p>Embora seja extremamente arriscado, algumas pessoas tamb\u00e9m utilizaram este p\u00f3 misturando-o com refrigerantes.<\/p>\n<h3><strong>Coca\u00edna em p\u00f3 para fins medicinais<\/strong><\/h3>\n<p>Ao adicionar mais subst\u00e2ncias qu\u00edmicas ao c\u00e9rebro, <a href=\"https:\/\/www.google.com\/search?q=Buy+cocaine+powder+online&amp;sca_esv=7d1b82273738a5db&amp;sxsrf=AHTn8zrpCV8se75n1P5zO_BMxsJNg31gNg%3A1742902621086&amp;ei=XZXiZ7r8BIuQseMPh-T8gAk&amp;ved=0ahUKEwj6nu6ckqWMAxULSGwGHQcyH5AQ4dUDCA8&amp;uact=5&amp;oq=Buy+cocaine+powder+online&amp;gs_lp=Egxnd3Mtd2l6LXNlcnAiGUJ1eSBjb2NhaW5lIHBvd2RlciBvbmxpbmVI1QpQ2ANY2ANwAXgAkAEAmAG9AaABvQGqAQMwLjG4AQPIAQD4AQH4AQKYAgGgAjmoAhTCAgcQIxgnGOoCwgIQEAAYAxi0AhjqAhiPAdgBAZgDOfEFP9FMYW7Zscm6BgYIARABGAqSBwExoAdNsgcAuAcA&amp;sclient=gws-wiz-serp\">o p\u00f3 de coca\u00edna tamb\u00e9m fortalece o seu sistema de resposta<\/a>. No tratamento de doentes que sofrem de apatia no seu comportamento e movimentos, os m\u00e9dicos prescrevem este medicamento.<\/p>\n<h3><strong>Para venda: Cloridrato de coca\u00edna<\/strong><\/h3>\n<p>Os m\u00e9dicos tamb\u00e9m a utilizam para aliviar o desconforto durante muitos procedimentos cir\u00fargicos. Uma vez que d\u00e1 uma sensa\u00e7\u00e3o de alegria e vitalidade \u00e0 mente, a sua curta dura\u00e7\u00e3o \u00e9 extremamente ben\u00e9fica para os seres humanos. Devido a estas propriedades, \u00e9 popular entre muitas pessoas em todo o mundo.<\/p>\n<p>Toda a gente tem acesso f\u00e1cil \u00e0 disponibilidade de coca\u00edna em p\u00f3 no mercado da Internet. Al\u00e9m disso, a nossa loja online oferece este p\u00f3 excecional a pre\u00e7os incrivelmente acess\u00edveis. Al\u00e9m disso, oferecemos a entrega mais r\u00e1pida poss\u00edvel do produto diretamente \u00e0 sua porta.<\/p>\n<h3><strong>Comprar coca\u00edna online: Como funciona o processo de encomenda discreta<\/strong><\/h3>\n<p>Connosco pode <a href=\"https:\/\/www.bing.com\/search?q=Buy%20cocaine%20powder%20online&amp;qs=n&amp;form=QBRE&amp;sp=-1&amp;lq=0&amp;pq=buy%20cocaine%20powder%20online&amp;sc=0-25&amp;sk=&amp;cvid=052784CD6D47407798C456B3F3F56911&amp;ghsh=0&amp;ghacc=0&amp;ghpl=\">encomendar coca\u00edna online de forma f\u00e1cil e conveniente<\/a>Connosco, pode encomendar coca\u00edna online de forma f\u00e1cil e c\u00f3moda. A nossa loja foi concebida de forma muito clara para que possa encontrar rapidamente o produto certo. Pode escolher entre diferentes quantidades e qualidades e obter sempre a melhor rela\u00e7\u00e3o pre\u00e7o-desempenho. Al\u00e9m disso, oferecemos regularmente ofertas especiais e descontos para que possa comprar coca\u00edna ainda mais barata.<\/p>\n<h3><strong>Encomendar coca\u00edna online: Beneficie da nossa vasta gama de produtos de coca\u00edna<\/strong><\/h3>\n<p><a href=\"https:\/\/www.bing.com\/search?q=Buy%20cocaine%20powder%20online&amp;qs=n&amp;form=QBRE&amp;sp=-1&amp;lq=0&amp;pq=buy%20cocaine%20powder%20online&amp;sc=0-25&amp;sk=&amp;cvid=052784CD6D47407798C456B3F3F56911&amp;ghsh=0&amp;ghacc=0&amp;ghpl=\">O nosso processamento de pagamentos \u00e9 muito seguro e f\u00e1cil<\/a>O nosso processamento de pagamentos \u00e9 muito seguro e f\u00e1cil. S\u00f3 aceitamos pagamentos em Bitcoin para garantir que todas as transac\u00e7\u00f5es s\u00e3o an\u00f3nimas e seguras. Se decidir comprar coca\u00edna connosco, n\u00e3o tem de se preocupar em ser apanhado, pois tomamos todas as precau\u00e7\u00f5es necess\u00e1rias para proteger a sua privacidade.<\/p>\n<p>O nosso objetivo \u00e9 garantir que pode comprar o <a href=\"https:\/\/duckduckgo.com\/?q=Buy+cocaine+powder+online&amp;t=h_&amp;ia=web\">best cocaine online<\/a>O nosso objetivo \u00e9 garantir que pode comprar a melhor coca\u00edna online. Trabalhamos apenas com os melhores fabricantes e verificamos todos os produtos antes de os colocarmos na nossa loja. Temos a certeza de que ficar\u00e1s surpreendido com a qualidade da nossa coca\u00edna.<\/p>\n<h3><strong>Coca\u00edna Premium online: A nossa loja de coca\u00edna oferece-lhe a melhor coca\u00edna a um pre\u00e7o justo<\/strong><\/h3>\n<p>Estamos sempre prontos para o ajudar com quaisquer quest\u00f5es ou problemas. Se necessitar de mais informa\u00e7\u00f5es, n\u00e3o hesite em contactar-nos. Teremos todo o gosto em ajud\u00e1-lo com qualquer quest\u00e3o ou pedido.<\/p>\n<p>Em geral, comprar coca\u00edna connosco \u00e9 f\u00e1cil e seguro. Oferecemos uma vasta gama de produtos de qualidade superior e dispon\u00edveis a um pre\u00e7o acess\u00edvel. Se quer comprar a melhor coca\u00edna online, ent\u00e3o veio ao s\u00edtio certo. Estamos ansiosos por o ajudar a comprar a sua pr\u00f3xima coca\u00edna. Encomenda hoje e tem a melhor experi\u00eancia de coca\u00edna que alguma vez ter\u00e1s!<\/p>\n<h3><strong>O melhor s\u00edtio para comprar coca\u00edna online: Confie na nossa loja profissional de coca\u00edna<\/strong><\/h3>\n<p><a href=\"https:\/\/duckduckgo.com\/?q=Buy+cocaine+powder+online&amp;t=h_&amp;ia=web\">Comprar COCA\u00cdNA Online<\/a>, Por favor, n\u00e3o conduza se tiver tomado coca\u00edna ou outras drogas. Na nossa loja n\u00e3o pode apenas encomendar coca\u00edna. Tamb\u00e9m pode comprar facilmente outras drogas online. Aqui pode, por exemplo<\/p>","protected":false},"excerpt":{"rendered":"<p>Buy cocaine powder online Buy COCAINE Online, The most popular form of Buy Nembutal is powder cocaine. For this reason it is also called a street drug. The coca plants, which are mainly found in southern countries, are used to make this powder . It is a powerful stimulant that acts directly on the central [&hellip;]<\/p>","protected":false},"featured_media":21238,"comment_status":"open","ping_status":"closed","template":"","meta":{"_joinchat":[]},"product_brand":[],"product_cat":[1179],"product_tag":[],"class_list":{"0":"post-21168","1":"product","2":"type-product","3":"status-publish","4":"has-post-thumbnail","6":"product_cat-buy-cocaine-online","8":"first","9":"instock","10":"shipping-taxable","11":"purchasable","12":"product-type-variable","13":"has-default-attributes","14":"add-to-wishlist-after_add_to_cart"},"yoast_head":"<!-- This site is optimized with the Yoast SEO plugin v25.9 - https:\/\/yoast.com\/wordpress\/plugins\/seo\/ -->\n<title>Buy Cocaine Online - Narco Powders<\/title>\n<meta name=\"description\" content=\"Kaufen COCAINE Online, kaufen ( cocain kaufen ) \u2013 schnell, einfach und diskret mit Bank\u00fcberweisung und Bitcoin heute. cocain bestllen.\" \/>\n<meta name=\"robots\" content=\"index, follow, max-snippet:-1, max-image-preview:large, max-video-preview:-1\" \/>\n<link rel=\"canonical\" href=\"https:\/\/narcopowders.com\/pt\/produto\/kaufen-cocaine-online\/\" \/>\n<meta property=\"og:locale\" content=\"pt_PT\" \/>\n<meta property=\"og:type\" content=\"article\" \/>\n<meta property=\"og:title\" content=\"Buy Cocaine Online - Narco Powders\" \/>\n<meta property=\"og:description\" content=\"Kaufen COCAINE Online, kaufen ( cocain kaufen ) \u2013 schnell, einfach und diskret mit Bank\u00fcberweisung und Bitcoin heute. cocain bestllen.\" \/>\n<meta property=\"og:url\" content=\"https:\/\/narcopowders.com\/pt\/produto\/kaufen-cocaine-online\/\" \/>\n<meta property=\"og:site_name\" content=\"Narco Powders\" \/>\n<meta property=\"article:modified_time\" content=\"2025-03-25T11:53:53+00:00\" \/>\n<meta property=\"og:image\" content=\"https:\/\/narcopowders.com\/wp-content\/uploads\/2024\/05\/Cocaine.gif\" \/>\n\t<meta property=\"og:image:width\" content=\"600\" \/>\n\t<meta property=\"og:image:height\" content=\"600\" \/>\n\t<meta property=\"og:image:type\" content=\"image\/gif\" \/>\n<meta name=\"twitter:card\" content=\"summary_large_image\" \/>\n<meta name=\"twitter:label1\" content=\"Tempo estimado de leitura\" \/>\n\t<meta name=\"twitter:data1\" content=\"4 minutos\" \/>\n<!-- \/ Yoast SEO plugin. -->","yoast_head_json":{"title":"Comprar Coca\u00edna Online - Narco Powders","description":"Kaufen COCAINE Online, kaufen ( cocain kaufen ) - schnell, einfach und diskret mit Bank\u00fcberweisung und Bitcoin heute. cocain bestllen.","robots":{"index":"index","follow":"follow","max-snippet":"max-snippet:-1","max-image-preview":"max-image-preview:large","max-video-preview":"max-video-preview:-1"},"canonical":"https:\/\/narcopowders.com\/pt\/produto\/kaufen-cocaine-online\/","og_locale":"pt_PT","og_type":"article","og_title":"Buy Cocaine Online - Narco Powders","og_description":"Kaufen COCAINE Online, kaufen ( cocain kaufen ) \u2013 schnell, einfach und diskret mit Bank\u00fcberweisung und Bitcoin heute. cocain bestllen.","og_url":"https:\/\/narcopowders.com\/pt\/produto\/kaufen-cocaine-online\/","og_site_name":"Narco Powders","article_modified_time":"2025-03-25T11:53:53+00:00","og_image":[{"width":600,"height":600,"url":"https:\/\/narcopowders.com\/wp-content\/uploads\/2024\/05\/Cocaine.gif","type":"image\/gif"}],"twitter_card":"summary_large_image","twitter_misc":{"Tempo estimado de leitura":"4 minutos"},"schema":{"@context":"https:\/\/schema.org","@graph":[{"@type":"WebPage","@id":"https:\/\/narcopowders.com\/product\/buy-cocaine-online\/","url":"https:\/\/narcopowders.com\/product\/buy-cocaine-online\/","name":"Comprar Coca\u00edna Online - Narco Powders","isPartOf":{"@id":"https:\/\/narcopowders.com\/#website"},"primaryImageOfPage":{"@id":"https:\/\/narcopowders.com\/product\/buy-cocaine-online\/#primaryimage"},"image":{"@id":"https:\/\/narcopowders.com\/product\/buy-cocaine-online\/#primaryimage"},"thumbnailUrl":"https:\/\/narcopowders.com\/wp-content\/uploads\/2024\/05\/Cocaine.gif","datePublished":"2024-05-23T06:17:24+00:00","dateModified":"2025-03-25T11:53:53+00:00","description":"Kaufen COCAINE Online, kaufen ( cocain kaufen ) - schnell, einfach und diskret mit Bank\u00fcberweisung und Bitcoin heute. cocain bestllen.","breadcrumb":{"@id":"https:\/\/narcopowders.com\/product\/buy-cocaine-online\/#breadcrumb"},"inLanguage":"pt-PT","potentialAction":[{"@type":"ReadAction","target":["https:\/\/narcopowders.com\/product\/buy-cocaine-online\/"]}]},{"@type":"ImageObject","inLanguage":"pt-PT","@id":"https:\/\/narcopowders.com\/product\/buy-cocaine-online\/#primaryimage","url":"https:\/\/narcopowders.com\/wp-content\/uploads\/2024\/05\/Cocaine.gif","contentUrl":"https:\/\/narcopowders.com\/wp-content\/uploads\/2024\/05\/Cocaine.gif","width":600,"height":600,"caption":"Buy Cocaine online"},{"@type":"BreadcrumbList","@id":"https:\/\/narcopowders.com\/product\/buy-cocaine-online\/#breadcrumb","itemListElement":[{"@type":"ListItem","position":1,"name":"Home","item":"https:\/\/narcopowders.com\/"},{"@type":"ListItem","position":2,"name":"Shop Page","item":"https:\/\/narcopowders.com\/shop\/"},{"@type":"ListItem","position":3,"name":"Buy Cocaine Online"}]},{"@type":"WebSite","@id":"https:\/\/narcopowders.com\/#website","url":"https:\/\/narcopowders.com\/","name":"P\u00f3s de narc\u00f3ticos","description":"O meu blogue WordPress","potentialAction":[{"@type":"SearchAction","target":{"@type":"EntryPoint","urlTemplate":"https:\/\/narcopowders.com\/?s={search_term_string}"},"query-input":{"@type":"PropertyValueSpecification","valueRequired":true,"valueName":"search_term_string"}}],"inLanguage":"pt-PT"}]}},"_links":{"self":[{"href":"https:\/\/narcopowders.com\/pt\/wp-json\/wp\/v2\/product\/21168","targetHints":{"allow":["GET"]}}],"collection":[{"href":"https:\/\/narcopowders.com\/pt\/wp-json\/wp\/v2\/product"}],"about":[{"href":"https:\/\/narcopowders.com\/pt\/wp-json\/wp\/v2\/types\/product"}],"replies":[{"embeddable":true,"href":"https:\/\/narcopowders.com\/pt\/wp-json\/wp\/v2\/comments?post=21168"}],"wp:featuredmedia":[{"embeddable":true,"href":"https:\/\/narcopowders.com\/pt\/wp-json\/wp\/v2\/media\/21238"}],"wp:attachment":[{"href":"https:\/\/narcopowders.com\/pt\/wp-json\/wp\/v2\/media?parent=21168"}],"wp:term":[{"taxonomy":"product_brand","embeddable":true,"href":"https:\/\/narcopowders.com\/pt\/wp-json\/wp\/v2\/product_brand?post=21168"},{"taxonomy":"product_cat","embeddable":true,"href":"https:\/\/narcopowders.com\/pt\/wp-json\/wp\/v2\/product_cat?post=21168"},{"taxonomy":"product_tag","embeddable":true,"href":"https:\/\/narcopowders.com\/pt\/wp-json\/wp\/v2\/product_tag?post=21168"}],"curies":[{"name":"wp","href":"https:\/\/api.w.org\/{rel}","templated":true}]}}