{"id":21239,"date":"2024-05-23T06:34:00","date_gmt":"2024-05-23T06:34:00","guid":{"rendered":"https:\/\/narcopowders.com\/?post_type=product&#038;p=21239"},"modified":"2025-03-26T12:29:14","modified_gmt":"2025-03-26T12:29:14","slug":"buy-etizolam-powder-online","status":"publish","type":"product","link":"https:\/\/narcopowders.com\/pt\/produto\/buy-etizolam-powder-online\/","title":{"rendered":"Comprar Etizolam em p\u00f3"},"content":{"rendered":"<h2>Obter Etizolam Powder Online ao mais baixo custo<\/h2>\n<p><a href=\"https:\/\/narcopowders.com\/pt\/produto\/buy-etizolam-powder-online\/\">Comprar Etizolam em p\u00f3<\/a>O etizolam funciona como uma benzodiazepina ligando-se ao recetor benzodiazep\u00ednico, que \u00e9 um derivado tienodiazep\u00ednico. Fornecedores de etizolam, comprar p\u00f3 de etizolam, fornecedores de p\u00f3 de etizolam, etizolam \u00e0 venda e p\u00f3 de etizolam por grosso da China.<\/p>\n<p>\u00c9 vendido por <a href=\"https:\/\/narcopowders.com\/pt\/\">Narcopowders<\/a> para fins de investiga\u00e7\u00e3o online. O Etizolam n\u00e3o recebeu aprova\u00e7\u00e3o da FDA para ser utilizado como medicamento. No entanto, pode obter facilmente o Etizolam online com a ajuda da nossa loja online. Al\u00e9m disso, apenas algumas na\u00e7\u00f5es t\u00eam acesso ao etizolam como medicamento.<\/p>\n<h3>Etizolam em p\u00f3: O que \u00e9?<\/h3>\n<p>Pode curar a sua perturba\u00e7\u00e3o de ansiedade generalizada juntamente com depress\u00e3o, ins\u00f3nias e perturba\u00e7\u00e3o de p\u00e2nico usando o p\u00f3 de etizolam que vendemos online. <a href=\"https:\/\/www.bing.com\/search?q=Buy+Etizolam+Powder+Online&amp;form=QBLH&amp;sp=-1&amp;lq=0&amp;pq=buy+etizolam+powder+online&amp;sc=1-26&amp;qs=n&amp;sk=&amp;cvid=78A682E5124B459C9E52C7988D6F2866&amp;ghsh=0&amp;ghacc=0&amp;ghpl=\">etizolam powder<\/a> that we sell online.<\/p>\n<h3>Onde \u00e9 que o Etizolam pode ser utilizado?<\/h3>\n<p><a href=\"https:\/\/en.wikipedia.org\/wiki\/Etizolam\">Etizolam functions<\/a> como um agonista completo dos receptores GABA-A para aumentar a transmiss\u00e3o GABA\u00e9rgica e melhorar as correntes Cl induzidas pelo GABA. O local de liga\u00e7\u00e3o da benzodiazepina, que se situa ao longo do recetor alfa<\/p>\n<p>A interface da subunidade gama \u00e9 considerada o local de liga\u00e7\u00e3o. Foi registado que apenas os receptores com as subunidades gama 2 e alfa 1\/2\/3\/5 podem ligar-se \u00e0s benzodiazepinas.<\/p>\n<p>Os receptores alfa-1 medeiam os efeitos sedativos do etizolam, enquanto os receptores contendo subunidades alfa-2 e alfa-3 medeiam a a\u00e7\u00e3o ansiol\u00edtica. O etizolam possui uma elevada afinidade e efic\u00e1cia para o recetor GABA-A quando combinado com a combina\u00e7\u00e3o de subunidades alfa 1 beta 2 gama 2S.<\/p>\n<p>Ao ligar-se \u00e0 \u00e1rea reguladora do recetor, o etizolam facilita a abertura dos canais de cloreto induzidos pelo GABA, aumentando assim a transmiss\u00e3o GABA. Um antagonista particular do PAFR \u00e9 o etizolam. O etizolam \u00e9 um antagonista do PAFR. <a href=\"https:\/\/duckduckgo.com\/?t=h_&amp;q=Buy+Etizolam+Powder+Online&amp;ia=web\">Etizolam Powder<\/a> is Narcopowders?<\/p>\n<p>O etizolam \u00e9 um sedativo-hipn\u00f3tico, anticonvulsivo, ansiol\u00edtico e relaxante muscular que tamb\u00e9m deprime o sistema nervoso central. Liga-se \u00e0 regi\u00e3o benzodiazep\u00ednica do recetor GABA-A, aumentando a transmiss\u00e3o inibit\u00f3ria GABA\u00e9rgica em todo o sistema nervoso central como agonista. Estudos sugerem que o etizolam \u00e9 seis a dez vezes mais potente do que o diazepam na media\u00e7\u00e3o dos seus efeitos farmacol\u00f3gicos.<\/p>\n<h3>A farmacodin\u00e2mica<\/h3>\n<p>A entrega de etizolam \u00e9 segura e protegida para todos com Narcopowders. N\u00e3o perca esta oportunidade de encomendar legalmente o Etizolam online se estiver disposto a pagar um pre\u00e7o modesto pelo p\u00f3. Fa\u00e7a seu pedido de p\u00f3 de <a href=\"https:\/\/www.google.com\/search?q=Buy+Etizolam+Powder+Online&amp;sca_esv=16def464f60f9903&amp;sxsrf=AHTn8zo_Lfpu_UvBnQ8OihW9wiv71k0MNA%3A1742991797535&amp;ei=tfHjZ6q3IJLR0PEPssDFuQw&amp;ved=0ahUKEwjq5cC33qeMAxWSKDQIHTJgMccQ4dUDCBA&amp;uact=5&amp;oq=Buy+Etizolam+Powder+Online&amp;gs_lp=Egxnd3Mtd2l6LXNlcnAiGkJ1eSBFdGl6b2xhbSBQb3dkZXIgT25saW5lSKgEUABYAHAAeACQAQCYAYYDoAGGA6oBAzMtMbgBA8gBAPgBAvgBAZgCAKACAJgDAJIHAKAHTrIHALgHAA&amp;sclient=gws-wiz-serp\">Etizolam powder<\/a> order right away!<\/p>","protected":false},"excerpt":{"rendered":"<p>Get Etizolam Powder Online at the Lowest Cost Buy Etizolam Powder, Etizolam functions as a benzodiazepine by binding to the benzodiazepine receptor, which is a thienodiazepine derivative. Etizolam suppliers, buy etizolam powder, suppliers of etizolam powder, etizolam for sale, and wholesale etizolam powder from China. It is sold by Narcopowders for online research purposes. Etizolam [&hellip;]<\/p>","protected":false},"featured_media":21240,"comment_status":"open","ping_status":"closed","template":"","meta":{"_joinchat":[]},"product_brand":[],"product_cat":[1724],"product_tag":[],"class_list":{"0":"post-21239","1":"product","2":"type-product","3":"status-publish","4":"has-post-thumbnail","6":"product_cat-research-chemicals","8":"first","9":"instock","10":"shipping-taxable","11":"purchasable","12":"product-type-variable","13":"add-to-wishlist-after_add_to_cart"},"yoast_head":"<!-- This site is optimized with the Yoast SEO plugin v25.9 - https:\/\/yoast.com\/wordpress\/plugins\/seo\/ -->\n<title>Buy Etizolam Powder - Etizolam<\/title>\n<meta name=\"description\" content=\"Buy Etizolam Powder, We sells high-quality Etizolam powder that aids with sleep and insomnia. Click here to Order Etizolam powder at a discount\" \/>\n<meta name=\"robots\" content=\"index, follow, max-snippet:-1, max-image-preview:large, max-video-preview:-1\" \/>\n<link rel=\"canonical\" href=\"https:\/\/narcopowders.com\/pt\/produto\/buy-etizolam-powder-online\/\" \/>\n<meta property=\"og:locale\" content=\"pt_PT\" \/>\n<meta property=\"og:type\" content=\"article\" \/>\n<meta property=\"og:title\" content=\"Buy Etizolam Powder - Etizolam\" \/>\n<meta property=\"og:description\" content=\"Buy Etizolam Powder, We sells high-quality Etizolam powder that aids with sleep and insomnia. Click here to Order Etizolam powder at a discount\" \/>\n<meta property=\"og:url\" content=\"https:\/\/narcopowders.com\/pt\/produto\/buy-etizolam-powder-online\/\" \/>\n<meta property=\"og:site_name\" content=\"Narco Powders\" \/>\n<meta property=\"article:modified_time\" content=\"2025-03-26T12:29:14+00:00\" \/>\n<meta property=\"og:image\" content=\"https:\/\/narcopowders.com\/wp-content\/uploads\/2024\/05\/Etizolam.gif\" \/>\n\t<meta property=\"og:image:width\" content=\"600\" \/>\n\t<meta property=\"og:image:height\" content=\"600\" \/>\n\t<meta property=\"og:image:type\" content=\"image\/gif\" \/>\n<meta name=\"twitter:card\" content=\"summary_large_image\" \/>\n<meta name=\"twitter:label1\" content=\"Tempo estimado de leitura\" \/>\n\t<meta name=\"twitter:data1\" content=\"2 minutos\" \/>\n<!-- \/ Yoast SEO plugin. -->","yoast_head_json":{"title":"Comprar Etizolam em p\u00f3 - Etizolam","description":"Compre Etizolam Powder, vendemos p\u00f3 de Etizolam de alta qualidade que ajuda no sono e na ins\u00f4nia. Clique aqui para encomendar Etizolam em p\u00f3 com desconto","robots":{"index":"index","follow":"follow","max-snippet":"max-snippet:-1","max-image-preview":"max-image-preview:large","max-video-preview":"max-video-preview:-1"},"canonical":"https:\/\/narcopowders.com\/pt\/produto\/buy-etizolam-powder-online\/","og_locale":"pt_PT","og_type":"article","og_title":"Buy Etizolam Powder - Etizolam","og_description":"Buy Etizolam Powder, We sells high-quality Etizolam powder that aids with sleep and insomnia. Click here to Order Etizolam powder at a discount","og_url":"https:\/\/narcopowders.com\/pt\/produto\/buy-etizolam-powder-online\/","og_site_name":"Narco Powders","article_modified_time":"2025-03-26T12:29:14+00:00","og_image":[{"width":600,"height":600,"url":"https:\/\/narcopowders.com\/wp-content\/uploads\/2024\/05\/Etizolam.gif","type":"image\/gif"}],"twitter_card":"summary_large_image","twitter_misc":{"Tempo estimado de leitura":"2 minutos"},"schema":{"@context":"https:\/\/schema.org","@graph":[{"@type":"WebPage","@id":"https:\/\/narcopowders.com\/product\/buy-etizolam-powder-online\/","url":"https:\/\/narcopowders.com\/product\/buy-etizolam-powder-online\/","name":"Comprar Etizolam em p\u00f3 - Etizolam","isPartOf":{"@id":"https:\/\/narcopowders.com\/#website"},"primaryImageOfPage":{"@id":"https:\/\/narcopowders.com\/product\/buy-etizolam-powder-online\/#primaryimage"},"image":{"@id":"https:\/\/narcopowders.com\/product\/buy-etizolam-powder-online\/#primaryimage"},"thumbnailUrl":"https:\/\/narcopowders.com\/wp-content\/uploads\/2024\/05\/Etizolam.gif","datePublished":"2024-05-23T06:34:00+00:00","dateModified":"2025-03-26T12:29:14+00:00","description":"Compre Etizolam Powder, vendemos p\u00f3 de Etizolam de alta qualidade que ajuda no sono e na ins\u00f4nia. Clique aqui para encomendar Etizolam em p\u00f3 com desconto","breadcrumb":{"@id":"https:\/\/narcopowders.com\/product\/buy-etizolam-powder-online\/#breadcrumb"},"inLanguage":"pt-PT","potentialAction":[{"@type":"ReadAction","target":["https:\/\/narcopowders.com\/product\/buy-etizolam-powder-online\/"]}]},{"@type":"ImageObject","inLanguage":"pt-PT","@id":"https:\/\/narcopowders.com\/product\/buy-etizolam-powder-online\/#primaryimage","url":"https:\/\/narcopowders.com\/wp-content\/uploads\/2024\/05\/Etizolam.gif","contentUrl":"https:\/\/narcopowders.com\/wp-content\/uploads\/2024\/05\/Etizolam.gif","width":600,"height":600,"caption":"Buy Etizolam Online"},{"@type":"BreadcrumbList","@id":"https:\/\/narcopowders.com\/product\/buy-etizolam-powder-online\/#breadcrumb","itemListElement":[{"@type":"ListItem","position":1,"name":"Home","item":"https:\/\/narcopowders.com\/"},{"@type":"ListItem","position":2,"name":"Shop Page","item":"https:\/\/narcopowders.com\/shop\/"},{"@type":"ListItem","position":3,"name":"Buy Etizolam Powder"}]},{"@type":"WebSite","@id":"https:\/\/narcopowders.com\/#website","url":"https:\/\/narcopowders.com\/","name":"P\u00f3s de narc\u00f3ticos","description":"O meu blogue WordPress","potentialAction":[{"@type":"SearchAction","target":{"@type":"EntryPoint","urlTemplate":"https:\/\/narcopowders.com\/?s={search_term_string}"},"query-input":{"@type":"PropertyValueSpecification","valueRequired":true,"valueName":"search_term_string"}}],"inLanguage":"pt-PT"}]}},"_links":{"self":[{"href":"https:\/\/narcopowders.com\/pt\/wp-json\/wp\/v2\/product\/21239","targetHints":{"allow":["GET"]}}],"collection":[{"href":"https:\/\/narcopowders.com\/pt\/wp-json\/wp\/v2\/product"}],"about":[{"href":"https:\/\/narcopowders.com\/pt\/wp-json\/wp\/v2\/types\/product"}],"replies":[{"embeddable":true,"href":"https:\/\/narcopowders.com\/pt\/wp-json\/wp\/v2\/comments?post=21239"}],"wp:featuredmedia":[{"embeddable":true,"href":"https:\/\/narcopowders.com\/pt\/wp-json\/wp\/v2\/media\/21240"}],"wp:attachment":[{"href":"https:\/\/narcopowders.com\/pt\/wp-json\/wp\/v2\/media?parent=21239"}],"wp:term":[{"taxonomy":"product_brand","embeddable":true,"href":"https:\/\/narcopowders.com\/pt\/wp-json\/wp\/v2\/product_brand?post=21239"},{"taxonomy":"product_cat","embeddable":true,"href":"https:\/\/narcopowders.com\/pt\/wp-json\/wp\/v2\/product_cat?post=21239"},{"taxonomy":"product_tag","embeddable":true,"href":"https:\/\/narcopowders.com\/pt\/wp-json\/wp\/v2\/product_tag?post=21239"}],"curies":[{"name":"wp","href":"https:\/\/api.w.org\/{rel}","templated":true}]}}